{"id":3786,"date":"2025-04-15T09:02:31","date_gmt":"2025-04-15T09:02:31","guid":{"rendered":"https:\/\/xenonkungen.com\/product\/nightshift-beacon-blixtljus-class-1\/"},"modified":"2026-05-04T10:51:00","modified_gmt":"2026-05-04T09:51:00","slug":"luxtar-blitzlicht-der-klasse-1","status":"publish","type":"product","link":"https:\/\/xenonkungen.com\/de\/produkt\/luxtar-blitzlicht-der-klasse-1\/","title":{"rendered":"Luxtar\u00ae Warnleuchte (Klasse 1)"},"content":{"rendered":"<div class=\"container\">\n<div class=\"feature\">\n<h1 class=\"title\">LED-Warnleuchte von Luxtar mit 10 Blinkmustern und 20 Dioden<\/h1>\n<p class=\"description\">Ausgestattet mit 20 leistungsstarken Dioden und 10 verschiedenen Blinkmustern, darunter ein R65-zugelassenes Muster, wurde diese LED-Warnleuchte entwickelt, um die Sichtbarkeit und Sicherheit f\u00fcr alle Fahrzeugtypen zu maximieren.<\/p>\n<\/div>\n<div class=\"feature\">\n<h2 class=\"subtitle\">Funktionen und Merkmale:<\/h2>\n<ul class=\"list\">\n<li>10 vielseitige Blitzmuster f\u00fcr individuelle Anwendungen.<\/li>\n<li>20 Hochleistungsdioden f\u00fcr au\u00dfergew\u00f6hnliche Sichtbarkeit.<\/li>\n<li>Optimale Sichtbarkeit in allen Umgebungen.<\/li>\n<li>Auslaufsichere Elektronik f\u00fcr zuverl\u00e4ssige Leistung.<\/li>\n<li>Einfache und sichere Montage dank des mitgelieferten Zubeh\u00f6rs.<\/li>\n<\/ul>\n<\/div>\n<div class=\"usage\">\n<h2 class=\"subtitle\">Einsatzgebiete:<\/h2>\n<p class=\"usage-text\">Ideal f\u00fcr Arbeitsfahrzeuge, Einsatzfahrzeuge, Nutzfahrzeuge und Privatfahrzeuge, die erh\u00f6hte Sichtbarkeit und Sicherheit erfordern.<\/p>\n<\/div>\n<div class=\"installation\">\n<h2 class=\"subtitle\">Einbau:<\/h2>\n<p class=\"installation-text\">Das mitgelieferte Montagematerial vereinfacht die Installation an der Fahrzeugoberfl\u00e4che. Beachten Sie die Anweisungen des Herstellers f\u00fcr optimale Funktion und Sicherheit.<\/p>\n<\/div>\n<\/div>\n<h2><strong>Spezifikationen:<\/strong><\/h2>\n<p><strong>Multivolt:<\/strong> 10-30v<br \/>\n<strong>Blitzmuster:<\/strong> 10 St\u00fcck<br \/>\n<strong>Anzahl der Dioden:<\/strong> 20 St\u00fcck<br \/>\n<strong>Lichtquelle:<\/strong> LED<br \/>\n<strong>Lichtfarbe\/Farbtemperatur: <\/strong>Amber<br \/>\n<strong>Leistung (Watt):<\/strong> 20 W<br \/>\n<strong>Stromaufnahme (Ampere):<\/strong><br \/>\n\u2013 2,3 bei 12 V<br \/>\n\u2013 1,1 bei 24 V<br \/>\n<strong>Arbeitsumfeld:<\/strong> -40\u00b0C bis +65\u00b0C<br \/>\n<strong>Zugelassen unter:<\/strong> ECE R10, ECE R65 Klasse 1, SAE J845<br \/>\n<strong>Gr\u00f6\u00dfe:<\/strong> 165 x 80 mm (L x H)<\/p>","protected":false},"excerpt":{"rendered":"<p>LEDs | 10 Blinkmuster | SAE J845 | D165mm<\/p>","protected":false},"featured_media":3787,"comment_status":"closed","ping_status":"closed","template":"","meta":{"_acf_changed":false,"_smort_price_nok":"849","_smort_price_dkk":"539","_smort_price_eur":"72.27","_smort_sale_price_nok":"","_smort_sale_price_dkk":"","_smort_sale_price_eur":"","smort_restorder":"","shipmondo_restorder":"","_kad_blocks_custom_css":"","_kad_blocks_head_custom_js":"","_kad_blocks_body_custom_js":"","_kad_blocks_footer_custom_js":"","smort_custom_pricelist_1":"508.8","smort_custom_pricelist_2":"445.2","smort_custom_pricelist_3":"422.94","smort_custom_pricelist_4":"636","smort_custom_pricelist_5":"445.2"},"anvandningsomrade":[166,238,2816],"bilmarken":[],"product_brand":[103],"product_cat":[2579,1061],"product_tag":[],"class_list":{"0":"post-3786","1":"product","2":"type-product","3":"status-publish","4":"has-post-thumbnail","6":"anvandningsomrade-lastbil","7":"anvandningsomrade-slap","8":"anvandningsomrade-trailer","9":"product_brand-luxtar","10":"product_cat-blixtljus-varningsljus","11":"product_cat-varningsljus","12":"pa_faktisk-effekts-forbrukning-527","13":"pa_godkannande-ece-r10-ece-r65-klass-1-sae-j845","14":"pa_storlek-mm-1238","15":"pa_stromforbrukning-11a24v","16":"pa_stromforbrukning-23a12v","17":"pa_volt-v-12-24","19":"first","20":"outofstock","21":"taxable","22":"shipping-taxable","23":"purchasable","24":"product-type-simple"},"bundled_by":[],"bundle_stock_status":"outofstock","bundle_stock_quantity":0,"bundle_virtual":false,"bundle_layout":"","bundle_add_to_cart_form_location":"","bundle_editable_in_cart":false,"bundle_sold_individually_context":"","bundle_item_grouping":"","bundle_min_size":"","bundle_max_size":"","bundle_price":[],"bundled_items":[],"bundle_sell_ids":[],"acf":[],"yoast_head":"<!-- This site is optimized with the Yoast SEO plugin v27.0 - https:\/\/yoast.com\/product\/yoast-seo-wordpress\/ -->\n<title>Luxtar\u00ae Beacon Blixtljus (Class 1) - Xenonkungen<\/title>\n<meta name=\"robots\" content=\"index, follow, max-snippet:-1, max-image-preview:large, max-video-preview:-1\" \/>\n<link rel=\"canonical\" href=\"https:\/\/xenonkungen.com\/de\/produkt\/luxtar-blitzlicht-der-klasse-1\/\" \/>\n<meta property=\"og:locale\" content=\"de_DE\" \/>\n<meta property=\"og:type\" content=\"article\" \/>\n<meta property=\"og:title\" content=\"Luxtar\u00ae Beacon Blixtljus (Class 1) - Xenonkungen\" \/>\n<meta property=\"og:description\" content=\"LED | 10 flashm\u00f6nster | SAE J845 | D165mm\" \/>\n<meta property=\"og:url\" content=\"https:\/\/xenonkungen.com\/de\/produkt\/luxtar-blitzlicht-der-klasse-1\/\" \/>\n<meta property=\"og:site_name\" content=\"Xenonkungen\" \/>\n<meta property=\"article:modified_time\" content=\"2026-05-04T09:51:00+00:00\" \/>\n<meta property=\"og:image\" content=\"https:\/\/xenonkungen.com\/wp-content\/uploads\/2025\/04\/167768911-origpic-0b0cee.png\" \/>\n\t<meta property=\"og:image:width\" content=\"1000\" \/>\n\t<meta property=\"og:image:height\" content=\"1000\" \/>\n\t<meta property=\"og:image:type\" content=\"image\/png\" \/>\n<meta name=\"twitter:card\" content=\"summary_large_image\" \/>\n<meta name=\"twitter:label1\" content=\"Gesch\u00e4tzte Lesezeit\" \/>\n\t<meta name=\"twitter:data1\" content=\"1\u00a0Minute\" \/>\n<script type=\"application\/ld+json\" class=\"yoast-schema-graph\">{\"@context\":\"https:\/\/schema.org\",\"@graph\":[{\"@type\":\"WebPage\",\"@id\":\"https:\/\/xenonkungen.com\/produkt\/luxtar-beacon-blixtljus-class-1\/\",\"url\":\"https:\/\/xenonkungen.com\/produkt\/luxtar-beacon-blixtljus-class-1\/\",\"name\":\"Luxtar\u00ae Beacon Blixtljus (Class 1) - Xenonkungen\",\"isPartOf\":{\"@id\":\"https:\/\/xenonkungen.com\/#website\"},\"primaryImageOfPage\":{\"@id\":\"https:\/\/xenonkungen.com\/produkt\/luxtar-beacon-blixtljus-class-1\/#primaryimage\"},\"image\":{\"@id\":\"https:\/\/xenonkungen.com\/produkt\/luxtar-beacon-blixtljus-class-1\/#primaryimage\"},\"thumbnailUrl\":\"https:\/\/xenonkungen.com\/wp-content\/uploads\/2025\/04\/167768911-origpic-0b0cee.png\",\"datePublished\":\"2025-04-15T09:02:31+00:00\",\"dateModified\":\"2026-05-04T09:51:00+00:00\",\"breadcrumb\":{\"@id\":\"https:\/\/xenonkungen.com\/produkt\/luxtar-beacon-blixtljus-class-1\/#breadcrumb\"},\"inLanguage\":\"de\",\"potentialAction\":[{\"@type\":\"ReadAction\",\"target\":[\"https:\/\/xenonkungen.com\/produkt\/luxtar-beacon-blixtljus-class-1\/\"]}]},{\"@type\":\"ImageObject\",\"inLanguage\":\"de\",\"@id\":\"https:\/\/xenonkungen.com\/produkt\/luxtar-beacon-blixtljus-class-1\/#primaryimage\",\"url\":\"https:\/\/xenonkungen.com\/wp-content\/uploads\/2025\/04\/167768911-origpic-0b0cee.png\",\"contentUrl\":\"https:\/\/xenonkungen.com\/wp-content\/uploads\/2025\/04\/167768911-origpic-0b0cee.png\",\"width\":1000,\"height\":1000},{\"@type\":\"BreadcrumbList\",\"@id\":\"https:\/\/xenonkungen.com\/produkt\/luxtar-beacon-blixtljus-class-1\/#breadcrumb\",\"itemListElement\":[{\"@type\":\"ListItem\",\"position\":1,\"name\":\"Hem\",\"item\":\"https:\/\/xenonkungen.com\/\"},{\"@type\":\"ListItem\",\"position\":2,\"name\":\"Shop\",\"item\":\"https:\/\/xenonkungen.com\/shop\/\"},{\"@type\":\"ListItem\",\"position\":3,\"name\":\"Luxtar\u00ae Beacon Blixtljus (Class 1)\"}]},{\"@type\":\"WebSite\",\"@id\":\"https:\/\/xenonkungen.com\/#website\",\"url\":\"https:\/\/xenonkungen.com\/\",\"name\":\"Xenonkungen\",\"description\":\"\",\"potentialAction\":[{\"@type\":\"SearchAction\",\"target\":{\"@type\":\"EntryPoint\",\"urlTemplate\":\"https:\/\/xenonkungen.com\/?s={search_term_string}\"},\"query-input\":{\"@type\":\"PropertyValueSpecification\",\"valueRequired\":true,\"valueName\":\"search_term_string\"}}],\"inLanguage\":\"de\"}]}<\/script>\n<!-- \/ Yoast SEO plugin. -->","yoast_head_json":{"title":"Luxtar\u00ae Warnleuchte (Klasse 1) - Xenonkungen","robots":{"index":"index","follow":"follow","max-snippet":"max-snippet:-1","max-image-preview":"max-image-preview:large","max-video-preview":"max-video-preview:-1"},"canonical":"https:\/\/xenonkungen.com\/de\/produkt\/luxtar-blitzlicht-der-klasse-1\/","og_locale":"de_DE","og_type":"article","og_title":"Luxtar\u00ae Beacon Blixtljus (Class 1) - Xenonkungen","og_description":"LED | 10 flashm\u00f6nster | SAE J845 | D165mm","og_url":"https:\/\/xenonkungen.com\/de\/produkt\/luxtar-blitzlicht-der-klasse-1\/","og_site_name":"Xenonkungen","article_modified_time":"2026-05-04T09:51:00+00:00","og_image":[{"width":1000,"height":1000,"url":"https:\/\/xenonkungen.com\/wp-content\/uploads\/2025\/04\/167768911-origpic-0b0cee.png","type":"image\/png"}],"twitter_card":"summary_large_image","twitter_misc":{"Gesch\u00e4tzte Lesezeit":"1\u00a0Minute"},"schema":{"@context":"https:\/\/schema.org","@graph":[{"@type":"WebPage","@id":"https:\/\/xenonkungen.com\/produkt\/luxtar-beacon-blixtljus-class-1\/","url":"https:\/\/xenonkungen.com\/produkt\/luxtar-beacon-blixtljus-class-1\/","name":"Luxtar\u00ae Warnleuchte (Klasse 1) - Xenonkungen","isPartOf":{"@id":"https:\/\/xenonkungen.com\/#website"},"primaryImageOfPage":{"@id":"https:\/\/xenonkungen.com\/produkt\/luxtar-beacon-blixtljus-class-1\/#primaryimage"},"image":{"@id":"https:\/\/xenonkungen.com\/produkt\/luxtar-beacon-blixtljus-class-1\/#primaryimage"},"thumbnailUrl":"https:\/\/xenonkungen.com\/wp-content\/uploads\/2025\/04\/167768911-origpic-0b0cee.png","datePublished":"2025-04-15T09:02:31+00:00","dateModified":"2026-05-04T09:51:00+00:00","breadcrumb":{"@id":"https:\/\/xenonkungen.com\/produkt\/luxtar-beacon-blixtljus-class-1\/#breadcrumb"},"inLanguage":"de","potentialAction":[{"@type":"ReadAction","target":["https:\/\/xenonkungen.com\/produkt\/luxtar-beacon-blixtljus-class-1\/"]}]},{"@type":"ImageObject","inLanguage":"de","@id":"https:\/\/xenonkungen.com\/produkt\/luxtar-beacon-blixtljus-class-1\/#primaryimage","url":"https:\/\/xenonkungen.com\/wp-content\/uploads\/2025\/04\/167768911-origpic-0b0cee.png","contentUrl":"https:\/\/xenonkungen.com\/wp-content\/uploads\/2025\/04\/167768911-origpic-0b0cee.png","width":1000,"height":1000},{"@type":"BreadcrumbList","@id":"https:\/\/xenonkungen.com\/produkt\/luxtar-beacon-blixtljus-class-1\/#breadcrumb","itemListElement":[{"@type":"ListItem","position":1,"name":"Hem","item":"https:\/\/xenonkungen.com\/"},{"@type":"ListItem","position":2,"name":"Shop","item":"https:\/\/xenonkungen.com\/shop\/"},{"@type":"ListItem","position":3,"name":"Luxtar\u00ae Beacon Blixtljus (Class 1)"}]},{"@type":"WebSite","@id":"https:\/\/xenonkungen.com\/#website","url":"https:\/\/xenonkungen.com\/","name":"Xenonkungen","description":"","potentialAction":[{"@type":"SearchAction","target":{"@type":"EntryPoint","urlTemplate":"https:\/\/xenonkungen.com\/?s={search_term_string}"},"query-input":{"@type":"PropertyValueSpecification","valueRequired":true,"valueName":"search_term_string"}}],"inLanguage":"de"}]}},"taxonomy_info":{"anvandningsomrade":[{"value":166,"label":"Lastbil"},{"value":238,"label":"SL\u00c4P"},{"value":2816,"label":"TRAILER"}],"product_brand":[{"value":103,"label":"LUXTAR"}],"product_cat":[{"value":2579,"label":"Blixtljus\/Varningsljus"},{"value":1061,"label":"Varningsljus"}],"pa_faktisk-effekts-forbrukning":[{"value":527,"label":"20"}],"pa_godkannande":[{"value":1240,"label":"ECE R10, ECE R65 klass 1, SAE J845"}],"pa_storlek-mm":[{"value":1238,"label":"165"}],"pa_stromforbrukning":[{"value":1239,"label":"1,1A@24V"},{"value":534,"label":"2,3A@12V"}],"pa_volt-v":[{"value":348,"label":"12, 24"}]},"featured_image_src_large":["https:\/\/xenonkungen.com\/wp-content\/uploads\/2025\/04\/167768911-origpic-0b0cee.png",1000,1000,false],"author_info":[],"comment_info":0,"_links":{"self":[{"href":"https:\/\/xenonkungen.com\/de\/wp-json\/wp\/v2\/product\/3786","targetHints":{"allow":["GET"]}}],"collection":[{"href":"https:\/\/xenonkungen.com\/de\/wp-json\/wp\/v2\/product"}],"about":[{"href":"https:\/\/xenonkungen.com\/de\/wp-json\/wp\/v2\/types\/product"}],"replies":[{"embeddable":true,"href":"https:\/\/xenonkungen.com\/de\/wp-json\/wp\/v2\/comments?post=3786"}],"wp:featuredmedia":[{"embeddable":true,"href":"https:\/\/xenonkungen.com\/de\/wp-json\/wp\/v2\/media\/3787"}],"wp:attachment":[{"href":"https:\/\/xenonkungen.com\/de\/wp-json\/wp\/v2\/media?parent=3786"}],"wp:term":[{"taxonomy":"anvandningsomrade","embeddable":true,"href":"https:\/\/xenonkungen.com\/de\/wp-json\/wp\/v2\/anvandningsomrade?post=3786"},{"taxonomy":"bilmarken","embeddable":true,"href":"https:\/\/xenonkungen.com\/de\/wp-json\/wp\/v2\/bilmarken?post=3786"},{"taxonomy":"product_brand","embeddable":true,"href":"https:\/\/xenonkungen.com\/de\/wp-json\/wp\/v2\/product_brand?post=3786"},{"taxonomy":"product_cat","embeddable":true,"href":"https:\/\/xenonkungen.com\/de\/wp-json\/wp\/v2\/product_cat?post=3786"},{"taxonomy":"product_tag","embeddable":true,"href":"https:\/\/xenonkungen.com\/de\/wp-json\/wp\/v2\/product_tag?post=3786"}],"curies":[{"name":"wp","href":"https:\/\/api.w.org\/{rel}","templated":true}]}}