{"id":3960,"date":"2025-04-15T09:04:12","date_gmt":"2025-04-15T09:04:12","guid":{"rendered":"https:\/\/xenonkungen.com\/product\/halsbuff\/"},"modified":"2026-04-11T00:25:51","modified_gmt":"2026-04-10T23:25:51","slug":"schlauchschal","status":"publish","type":"product","link":"https:\/\/xenonkungen.com\/de\/produkt\/schlauchschal\/","title":{"rendered":"Xenon Kings Schlauchschal"},"content":{"rendered":"<p><strong>Xenon Kings Schlauchschal \u2013 Maximaler Komfort, minimaler Aufwand<\/strong><\/p>\n<p>Entdecken Sie <strong>Der ganz pers\u00f6nliche Schlauchschal des Xenon-K\u00f6nigs<\/strong>Eine elegante und stilvolle Alternative zum traditionellen Schal. <strong>Halsw\u00e4rmer<\/strong> wurde f\u00fcr diejenigen entwickelt, die ihren Nacken und Kopf sch\u00fctzen m\u00f6chten, ohne dabei auf Bewegungsfreiheit oder Komfort zu verzichten.<\/p>\n<p>Unser <strong>Schlauchschal<\/strong> ist eines der vielseitigsten Accessoires f\u00fcr Alltag und Sport. Ob als Halsw\u00e4rmer, M\u00fctze, Stirnband, Sturmhaube, Schwei\u00dfband oder Gesichtsschutz \u2013 Ihrer Fantasie sind keine Grenzen gesetzt. Perfekt f\u00fcr den Alltag und Outdoor-Aktivit\u00e4ten wie Laufen, Klettern, Reiten, Skifahren oder Motorradfahren.<\/p>\n<p>Das <strong>Halsw\u00e4rmer<\/strong> besteht aus 95% Polyester und 5% Elastan in <strong>Ultra Stretch Material<\/strong> Dadurch l\u00e4sst es sich leicht \u00fcber den Kopf ziehen und ist \u00e4u\u00dferst angenehm zu tragen. Das schnelltrocknende, schwei\u00dfableitende Material h\u00e4lt Sie trocken und sorgt daf\u00fcr, dass Ihre K\u00f6rpertemperatur unabh\u00e4ngig von Aktivit\u00e4t und Jahreszeit stabil bleibt.<\/p>\n<p>Unser <strong>Schlauchschal<\/strong> ist zudem v\u00f6llig nahtlos \u2013 keine scheuernden Kanten, nur purer Komfort.<\/p>\n<p><strong>Vorteile in K\u00fcrze<\/strong><\/p>\n<ul>\n<li>Ultra Stretch \u2013 optimale Passform und hohe Flexibilit\u00e4t<\/li>\n<li>Nahtloses Design f\u00fcr maximalen Komfort<\/li>\n<li>Schwei\u00dfableitendes und schnelltrocknendes Material<\/li>\n<li>Sch\u00fctzt vor Wind, K\u00e4lte und Staub<\/li>\n<li>Kann auf \u00fcber 10 verschiedene Arten getragen werden \u2013 das ganze Jahr \u00fcber.<\/li>\n<\/ul>\n<p><strong>Inhalt der Lieferung<\/strong><\/p>\n<p>1 wirklich genial <strong>Schlauchschal<\/strong> von Xenon King<\/p>","protected":false},"excerpt":{"rendered":"<p><strong>Xenon Kings Schlauchschal \u2013 Maximaler Komfort, minimaler Aufwand<\/strong><\/p>","protected":false},"featured_media":3961,"comment_status":"closed","ping_status":"closed","template":"","meta":{"_acf_changed":false,"_smort_price_nok":"20","_smort_price_dkk":"13","_smort_price_eur":"1.73","_smort_sale_price_nok":"","_smort_sale_price_dkk":"","_smort_sale_price_eur":"1.18","smort_restorder":"","shipmondo_restorder":"","_kad_blocks_custom_css":"","_kad_blocks_head_custom_js":"","_kad_blocks_body_custom_js":"","_kad_blocks_footer_custom_js":"","smort_custom_pricelist_1":"12.16","smort_custom_pricelist_2":"12.16","smort_custom_pricelist_3":"11.55","smort_custom_pricelist_4":"15.2","smort_custom_pricelist_5":"12.16"},"anvandningsomrade":[],"bilmarken":[],"product_brand":[2793],"product_cat":[376],"product_tag":[],"class_list":{"0":"post-3960","1":"product","2":"type-product","3":"status-publish","4":"has-post-thumbnail","6":"product_brand-ovrigt","7":"product_cat-merchandise","9":"first","10":"instock","11":"taxable","12":"shipping-taxable","13":"purchasable","14":"product-type-simple"},"bundled_by":[],"bundle_stock_status":"instock","bundle_stock_quantity":510,"bundle_virtual":false,"bundle_layout":"","bundle_add_to_cart_form_location":"","bundle_editable_in_cart":false,"bundle_sold_individually_context":"","bundle_item_grouping":"","bundle_min_size":"","bundle_max_size":"","bundle_price":[],"bundled_items":[],"bundle_sell_ids":[],"acf":[],"yoast_head":"<!-- This site is optimized with the Yoast SEO plugin v27.0 - https:\/\/yoast.com\/product\/yoast-seo-wordpress\/ -->\n<title>Xenonkungens Tube Scarf - Xenonkungen<\/title>\n<meta name=\"robots\" content=\"index, follow, max-snippet:-1, max-image-preview:large, max-video-preview:-1\" \/>\n<link rel=\"canonical\" href=\"https:\/\/xenonkungen.com\/de\/produkt\/schlauchschal\/\" \/>\n<meta property=\"og:locale\" content=\"de_DE\" \/>\n<meta property=\"og:type\" content=\"article\" \/>\n<meta property=\"og:title\" content=\"Xenonkungens Tube Scarf - Xenonkungen\" \/>\n<meta property=\"og:description\" content=\"Xenonkungens Tube Scarf \u2013 Maximal komfort, minimal anstr\u00e4ngning\" \/>\n<meta property=\"og:url\" content=\"https:\/\/xenonkungen.com\/de\/produkt\/schlauchschal\/\" \/>\n<meta property=\"og:site_name\" content=\"Xenonkungen\" \/>\n<meta property=\"article:modified_time\" content=\"2026-04-10T23:25:51+00:00\" \/>\n<meta property=\"og:image\" content=\"https:\/\/xenonkungen.com\/wp-content\/uploads\/2025\/04\/195736349-origpic-13cccb.png\" \/>\n\t<meta property=\"og:image:width\" content=\"1000\" \/>\n\t<meta property=\"og:image:height\" content=\"1000\" \/>\n\t<meta property=\"og:image:type\" content=\"image\/png\" \/>\n<meta name=\"twitter:card\" content=\"summary_large_image\" \/>\n<meta name=\"twitter:label1\" content=\"Gesch\u00e4tzte Lesezeit\" \/>\n\t<meta name=\"twitter:data1\" content=\"2\u00a0Minuten\" \/>\n<script type=\"application\/ld+json\" class=\"yoast-schema-graph\">{\"@context\":\"https:\/\/schema.org\",\"@graph\":[{\"@type\":\"WebPage\",\"@id\":\"https:\/\/xenonkungen.com\/nl\/product\/tubescarf\/\",\"url\":\"https:\/\/xenonkungen.com\/nl\/product\/tubescarf\/\",\"name\":\"Xenonkungens Tube Scarf - Xenonkungen\",\"isPartOf\":{\"@id\":\"https:\/\/xenonkungen.com\/#website\"},\"primaryImageOfPage\":{\"@id\":\"https:\/\/xenonkungen.com\/nl\/product\/tubescarf\/#primaryimage\"},\"image\":{\"@id\":\"https:\/\/xenonkungen.com\/nl\/product\/tubescarf\/#primaryimage\"},\"thumbnailUrl\":\"https:\/\/xenonkungen.com\/wp-content\/uploads\/2025\/04\/195736349-origpic-13cccb.png\",\"datePublished\":\"2025-04-15T09:04:12+00:00\",\"dateModified\":\"2026-04-10T23:25:51+00:00\",\"breadcrumb\":{\"@id\":\"https:\/\/xenonkungen.com\/nl\/product\/tubescarf\/#breadcrumb\"},\"inLanguage\":\"de\",\"potentialAction\":[{\"@type\":\"ReadAction\",\"target\":[\"https:\/\/xenonkungen.com\/nl\/product\/tubescarf\/\"]}]},{\"@type\":\"ImageObject\",\"inLanguage\":\"de\",\"@id\":\"https:\/\/xenonkungen.com\/nl\/product\/tubescarf\/#primaryimage\",\"url\":\"https:\/\/xenonkungen.com\/wp-content\/uploads\/2025\/04\/195736349-origpic-13cccb.png\",\"contentUrl\":\"https:\/\/xenonkungen.com\/wp-content\/uploads\/2025\/04\/195736349-origpic-13cccb.png\",\"width\":1000,\"height\":1000},{\"@type\":\"BreadcrumbList\",\"@id\":\"https:\/\/xenonkungen.com\/nl\/product\/tubescarf\/#breadcrumb\",\"itemListElement\":[{\"@type\":\"ListItem\",\"position\":1,\"name\":\"Hem\",\"item\":\"https:\/\/xenonkungen.com\/\"},{\"@type\":\"ListItem\",\"position\":2,\"name\":\"Shop\",\"item\":\"https:\/\/xenonkungen.com\/shop\/\"},{\"@type\":\"ListItem\",\"position\":3,\"name\":\"Xenonkungens Tube Scarf\"}]},{\"@type\":\"WebSite\",\"@id\":\"https:\/\/xenonkungen.com\/#website\",\"url\":\"https:\/\/xenonkungen.com\/\",\"name\":\"Xenonkungen\",\"description\":\"\",\"potentialAction\":[{\"@type\":\"SearchAction\",\"target\":{\"@type\":\"EntryPoint\",\"urlTemplate\":\"https:\/\/xenonkungen.com\/?s={search_term_string}\"},\"query-input\":{\"@type\":\"PropertyValueSpecification\",\"valueRequired\":true,\"valueName\":\"search_term_string\"}}],\"inLanguage\":\"de\"}]}<\/script>\n<!-- \/ Yoast SEO plugin. -->","yoast_head_json":{"title":"Der Schlauchschal des Xenon-K\u00f6nigs - Der Xenon-K\u00f6nig","robots":{"index":"index","follow":"follow","max-snippet":"max-snippet:-1","max-image-preview":"max-image-preview:large","max-video-preview":"max-video-preview:-1"},"canonical":"https:\/\/xenonkungen.com\/de\/produkt\/schlauchschal\/","og_locale":"de_DE","og_type":"article","og_title":"Xenonkungens Tube Scarf - Xenonkungen","og_description":"Xenonkungens Tube Scarf \u2013 Maximal komfort, minimal anstr\u00e4ngning","og_url":"https:\/\/xenonkungen.com\/de\/produkt\/schlauchschal\/","og_site_name":"Xenonkungen","article_modified_time":"2026-04-10T23:25:51+00:00","og_image":[{"width":1000,"height":1000,"url":"https:\/\/xenonkungen.com\/wp-content\/uploads\/2025\/04\/195736349-origpic-13cccb.png","type":"image\/png"}],"twitter_card":"summary_large_image","twitter_misc":{"Gesch\u00e4tzte Lesezeit":"2\u00a0Minuten"},"schema":{"@context":"https:\/\/schema.org","@graph":[{"@type":"WebPage","@id":"https:\/\/xenonkungen.com\/nl\/product\/tubescarf\/","url":"https:\/\/xenonkungen.com\/nl\/product\/tubescarf\/","name":"Der Schlauchschal des Xenon-K\u00f6nigs - Der Xenon-K\u00f6nig","isPartOf":{"@id":"https:\/\/xenonkungen.com\/#website"},"primaryImageOfPage":{"@id":"https:\/\/xenonkungen.com\/nl\/product\/tubescarf\/#primaryimage"},"image":{"@id":"https:\/\/xenonkungen.com\/nl\/product\/tubescarf\/#primaryimage"},"thumbnailUrl":"https:\/\/xenonkungen.com\/wp-content\/uploads\/2025\/04\/195736349-origpic-13cccb.png","datePublished":"2025-04-15T09:04:12+00:00","dateModified":"2026-04-10T23:25:51+00:00","breadcrumb":{"@id":"https:\/\/xenonkungen.com\/nl\/product\/tubescarf\/#breadcrumb"},"inLanguage":"de","potentialAction":[{"@type":"ReadAction","target":["https:\/\/xenonkungen.com\/nl\/product\/tubescarf\/"]}]},{"@type":"ImageObject","inLanguage":"de","@id":"https:\/\/xenonkungen.com\/nl\/product\/tubescarf\/#primaryimage","url":"https:\/\/xenonkungen.com\/wp-content\/uploads\/2025\/04\/195736349-origpic-13cccb.png","contentUrl":"https:\/\/xenonkungen.com\/wp-content\/uploads\/2025\/04\/195736349-origpic-13cccb.png","width":1000,"height":1000},{"@type":"BreadcrumbList","@id":"https:\/\/xenonkungen.com\/nl\/product\/tubescarf\/#breadcrumb","itemListElement":[{"@type":"ListItem","position":1,"name":"Hem","item":"https:\/\/xenonkungen.com\/"},{"@type":"ListItem","position":2,"name":"Shop","item":"https:\/\/xenonkungen.com\/shop\/"},{"@type":"ListItem","position":3,"name":"Xenonkungens Tube Scarf"}]},{"@type":"WebSite","@id":"https:\/\/xenonkungen.com\/#website","url":"https:\/\/xenonkungen.com\/","name":"Xenonkungen","description":"","potentialAction":[{"@type":"SearchAction","target":{"@type":"EntryPoint","urlTemplate":"https:\/\/xenonkungen.com\/?s={search_term_string}"},"query-input":{"@type":"PropertyValueSpecification","valueRequired":true,"valueName":"search_term_string"}}],"inLanguage":"de"}]}},"taxonomy_info":{"product_brand":[{"value":2793,"label":"\u00d6VRIGT"}],"product_cat":[{"value":376,"label":"Merchandise"}]},"featured_image_src_large":["https:\/\/xenonkungen.com\/wp-content\/uploads\/2025\/04\/195736349-origpic-13cccb.png",1000,1000,false],"author_info":[],"comment_info":1,"_links":{"self":[{"href":"https:\/\/xenonkungen.com\/de\/wp-json\/wp\/v2\/product\/3960","targetHints":{"allow":["GET"]}}],"collection":[{"href":"https:\/\/xenonkungen.com\/de\/wp-json\/wp\/v2\/product"}],"about":[{"href":"https:\/\/xenonkungen.com\/de\/wp-json\/wp\/v2\/types\/product"}],"replies":[{"embeddable":true,"href":"https:\/\/xenonkungen.com\/de\/wp-json\/wp\/v2\/comments?post=3960"}],"wp:featuredmedia":[{"embeddable":true,"href":"https:\/\/xenonkungen.com\/de\/wp-json\/wp\/v2\/media\/3961"}],"wp:attachment":[{"href":"https:\/\/xenonkungen.com\/de\/wp-json\/wp\/v2\/media?parent=3960"}],"wp:term":[{"taxonomy":"anvandningsomrade","embeddable":true,"href":"https:\/\/xenonkungen.com\/de\/wp-json\/wp\/v2\/anvandningsomrade?post=3960"},{"taxonomy":"bilmarken","embeddable":true,"href":"https:\/\/xenonkungen.com\/de\/wp-json\/wp\/v2\/bilmarken?post=3960"},{"taxonomy":"product_brand","embeddable":true,"href":"https:\/\/xenonkungen.com\/de\/wp-json\/wp\/v2\/product_brand?post=3960"},{"taxonomy":"product_cat","embeddable":true,"href":"https:\/\/xenonkungen.com\/de\/wp-json\/wp\/v2\/product_cat?post=3960"},{"taxonomy":"product_tag","embeddable":true,"href":"https:\/\/xenonkungen.com\/de\/wp-json\/wp\/v2\/product_tag?post=3960"}],"curies":[{"name":"wp","href":"https:\/\/api.w.org\/{rel}","templated":true}]}}