{"id":3967,"date":"2025-04-15T09:04:12","date_gmt":"2025-04-15T09:04:12","guid":{"rendered":"https:\/\/xenonkungen.com\/product\/poppy-grace-mate-doftfigur-bubbelgum\/"},"modified":"2026-03-27T09:53:23","modified_gmt":"2026-03-27T08:53:23","slug":"poppy-grace-mate-duftfigur-kaugummi","status":"publish","type":"product","link":"https:\/\/xenonkungen.com\/de\/produkt\/poppy-grace-mate-duftfigur-kaugummi\/","title":{"rendered":"POPPY Grace Mate Duftfigur | Bubbelgum"},"content":{"rendered":"<h1>Grace Mate's Mohnpapier-Duft: Bubblegum-Duft<\/h1>\n<p>Revitalisieren Sie Ihr Fahrverhalten mit <strong>Grace Mate's Mohnpapier-Duft<\/strong>ein herrliches Dufterlebnis, das keine Schn\u00fcre oder Lichter ben\u00f6tigt. Dieses einzigartige Produkt gibt Ihnen die volle Kontrolle \u00fcber die Intensit\u00e4t des Dufts, die Sie ganz einfach einstellen k\u00f6nnen, indem Sie die Figur sanft aus ihrem Beutel ziehen.<\/p>\n<p>Poppy Paper Fragrance eignet sich perfekt zum Aufh\u00e4ngen in den R\u00fcckspiegeln oder unter dem Lenkrad und verwandelt Ihr Auto in eine Oase der Frische. Dieser aufregende neue Bubblegum-Duft bereichert nicht nur die Autofahrt, sondern sorgt auch f\u00fcr eine verspielte und erfrischende Atmosph\u00e4re in Ihrem Fahrzeug. Erleben Sie eine Autofahrt wie nie zuvor mit diesem au\u00dfergew\u00f6hnlichen Bubblegum-Duft!<\/p>","protected":false},"excerpt":{"rendered":"<p>POPPY Grace Mate Kaugummi!<\/p>","protected":false},"featured_media":3968,"comment_status":"closed","ping_status":"closed","template":"","meta":{"_acf_changed":false,"_smort_price_nok":"8","_smort_price_dkk":"20","_smort_price_eur":"2.64","_smort_sale_price_nok":"8","_smort_sale_price_dkk":"","_smort_sale_price_eur":"","smort_restorder":"","shipmondo_restorder":"","_kad_blocks_custom_css":"","_kad_blocks_head_custom_js":"","_kad_blocks_body_custom_js":"","_kad_blocks_footer_custom_js":"","smort_custom_pricelist_1":"18.56","smort_custom_pricelist_2":"16.24","smort_custom_pricelist_3":"15.08","smort_custom_pricelist_4":"23.2","smort_custom_pricelist_5":"16.24"},"anvandningsomrade":[],"bilmarken":[],"product_brand":[110],"product_cat":[2447,378],"product_tag":[],"class_list":{"0":"post-3967","1":"product","2":"type-product","3":"status-publish","4":"has-post-thumbnail","6":"product_brand-poppy","7":"product_cat-doft","8":"product_cat-bilvard","10":"first","11":"instock","12":"taxable","13":"shipping-taxable","14":"purchasable","15":"product-type-simple"},"bundled_by":[],"bundle_stock_status":"instock","bundle_stock_quantity":34,"bundle_virtual":false,"bundle_layout":"","bundle_add_to_cart_form_location":"","bundle_editable_in_cart":false,"bundle_sold_individually_context":"","bundle_item_grouping":"","bundle_min_size":"","bundle_max_size":"","bundle_price":[],"bundled_items":[],"bundle_sell_ids":[],"acf":[],"yoast_head":"<!-- This site is optimized with the Yoast SEO plugin v27.0 - https:\/\/yoast.com\/product\/yoast-seo-wordpress\/ -->\n<title>POPPY Grace Mate Doftfigur | Bubbelgum - Xenonkungen<\/title>\n<meta name=\"robots\" content=\"index, follow, max-snippet:-1, max-image-preview:large, max-video-preview:-1\" \/>\n<link rel=\"canonical\" href=\"https:\/\/xenonkungen.com\/de\/produkt\/poppy-grace-mate-duftfigur-kaugummi\/\" \/>\n<meta property=\"og:locale\" content=\"de_DE\" \/>\n<meta property=\"og:type\" content=\"article\" \/>\n<meta property=\"og:title\" content=\"POPPY Grace Mate Doftfigur | Bubbelgum - Xenonkungen\" \/>\n<meta property=\"og:description\" content=\"POPPY Grace Mate Bubbelgum!\" \/>\n<meta property=\"og:url\" content=\"https:\/\/xenonkungen.com\/de\/produkt\/poppy-grace-mate-duftfigur-kaugummi\/\" \/>\n<meta property=\"og:site_name\" content=\"Xenonkungen\" \/>\n<meta property=\"article:modified_time\" content=\"2026-03-27T08:53:23+00:00\" \/>\n<meta property=\"og:image\" content=\"https:\/\/xenonkungen.com\/wp-content\/uploads\/2025\/04\/207501637-origpic-edfdd5.jpg\" \/>\n\t<meta property=\"og:image:width\" content=\"2048\" \/>\n\t<meta property=\"og:image:height\" content=\"1536\" \/>\n\t<meta property=\"og:image:type\" content=\"image\/jpeg\" \/>\n<meta name=\"twitter:card\" content=\"summary_large_image\" \/>\n<meta name=\"twitter:label1\" content=\"Gesch\u00e4tzte Lesezeit\" \/>\n\t<meta name=\"twitter:data1\" content=\"1\u00a0Minute\" \/>\n<script type=\"application\/ld+json\" class=\"yoast-schema-graph\">{\"@context\":\"https:\/\/schema.org\",\"@graph\":[{\"@type\":\"WebPage\",\"@id\":\"https:\/\/xenonkungen.com\/produkt\/poppy-grace-mate-doftfigur-bubbelgum\/\",\"url\":\"https:\/\/xenonkungen.com\/produkt\/poppy-grace-mate-doftfigur-bubbelgum\/\",\"name\":\"POPPY Grace Mate Doftfigur | Bubbelgum - Xenonkungen\",\"isPartOf\":{\"@id\":\"https:\/\/xenonkungen.com\/#website\"},\"primaryImageOfPage\":{\"@id\":\"https:\/\/xenonkungen.com\/produkt\/poppy-grace-mate-doftfigur-bubbelgum\/#primaryimage\"},\"image\":{\"@id\":\"https:\/\/xenonkungen.com\/produkt\/poppy-grace-mate-doftfigur-bubbelgum\/#primaryimage\"},\"thumbnailUrl\":\"https:\/\/xenonkungen.com\/wp-content\/uploads\/2025\/04\/207501637-origpic-edfdd5.jpg\",\"datePublished\":\"2025-04-15T09:04:12+00:00\",\"dateModified\":\"2026-03-27T08:53:23+00:00\",\"breadcrumb\":{\"@id\":\"https:\/\/xenonkungen.com\/produkt\/poppy-grace-mate-doftfigur-bubbelgum\/#breadcrumb\"},\"inLanguage\":\"de\",\"potentialAction\":[{\"@type\":\"ReadAction\",\"target\":[\"https:\/\/xenonkungen.com\/produkt\/poppy-grace-mate-doftfigur-bubbelgum\/\"]}]},{\"@type\":\"ImageObject\",\"inLanguage\":\"de\",\"@id\":\"https:\/\/xenonkungen.com\/produkt\/poppy-grace-mate-doftfigur-bubbelgum\/#primaryimage\",\"url\":\"https:\/\/xenonkungen.com\/wp-content\/uploads\/2025\/04\/207501637-origpic-edfdd5.jpg\",\"contentUrl\":\"https:\/\/xenonkungen.com\/wp-content\/uploads\/2025\/04\/207501637-origpic-edfdd5.jpg\",\"width\":2048,\"height\":1536},{\"@type\":\"BreadcrumbList\",\"@id\":\"https:\/\/xenonkungen.com\/produkt\/poppy-grace-mate-doftfigur-bubbelgum\/#breadcrumb\",\"itemListElement\":[{\"@type\":\"ListItem\",\"position\":1,\"name\":\"Hem\",\"item\":\"https:\/\/xenonkungen.com\/\"},{\"@type\":\"ListItem\",\"position\":2,\"name\":\"Shop\",\"item\":\"https:\/\/xenonkungen.com\/shop\/\"},{\"@type\":\"ListItem\",\"position\":3,\"name\":\"POPPY Grace Mate Doftfigur | Bubbelgum\"}]},{\"@type\":\"WebSite\",\"@id\":\"https:\/\/xenonkungen.com\/#website\",\"url\":\"https:\/\/xenonkungen.com\/\",\"name\":\"Xenonkungen\",\"description\":\"\",\"potentialAction\":[{\"@type\":\"SearchAction\",\"target\":{\"@type\":\"EntryPoint\",\"urlTemplate\":\"https:\/\/xenonkungen.com\/?s={search_term_string}\"},\"query-input\":{\"@type\":\"PropertyValueSpecification\",\"valueRequired\":true,\"valueName\":\"search_term_string\"}}],\"inLanguage\":\"de\"}]}<\/script>\n<!-- \/ Yoast SEO plugin. -->","yoast_head_json":{"title":"POPPY Grace Mate Duftfigur | Bubblegum - Der Xenon-K\u00f6nig","robots":{"index":"index","follow":"follow","max-snippet":"max-snippet:-1","max-image-preview":"max-image-preview:large","max-video-preview":"max-video-preview:-1"},"canonical":"https:\/\/xenonkungen.com\/de\/produkt\/poppy-grace-mate-duftfigur-kaugummi\/","og_locale":"de_DE","og_type":"article","og_title":"POPPY Grace Mate Doftfigur | Bubbelgum - Xenonkungen","og_description":"POPPY Grace Mate Bubbelgum!","og_url":"https:\/\/xenonkungen.com\/de\/produkt\/poppy-grace-mate-duftfigur-kaugummi\/","og_site_name":"Xenonkungen","article_modified_time":"2026-03-27T08:53:23+00:00","og_image":[{"width":2048,"height":1536,"url":"https:\/\/xenonkungen.com\/wp-content\/uploads\/2025\/04\/207501637-origpic-edfdd5.jpg","type":"image\/jpeg"}],"twitter_card":"summary_large_image","twitter_misc":{"Gesch\u00e4tzte Lesezeit":"1\u00a0Minute"},"schema":{"@context":"https:\/\/schema.org","@graph":[{"@type":"WebPage","@id":"https:\/\/xenonkungen.com\/produkt\/poppy-grace-mate-doftfigur-bubbelgum\/","url":"https:\/\/xenonkungen.com\/produkt\/poppy-grace-mate-doftfigur-bubbelgum\/","name":"POPPY Grace Mate Duftfigur | Bubblegum - Der Xenon-K\u00f6nig","isPartOf":{"@id":"https:\/\/xenonkungen.com\/#website"},"primaryImageOfPage":{"@id":"https:\/\/xenonkungen.com\/produkt\/poppy-grace-mate-doftfigur-bubbelgum\/#primaryimage"},"image":{"@id":"https:\/\/xenonkungen.com\/produkt\/poppy-grace-mate-doftfigur-bubbelgum\/#primaryimage"},"thumbnailUrl":"https:\/\/xenonkungen.com\/wp-content\/uploads\/2025\/04\/207501637-origpic-edfdd5.jpg","datePublished":"2025-04-15T09:04:12+00:00","dateModified":"2026-03-27T08:53:23+00:00","breadcrumb":{"@id":"https:\/\/xenonkungen.com\/produkt\/poppy-grace-mate-doftfigur-bubbelgum\/#breadcrumb"},"inLanguage":"de","potentialAction":[{"@type":"ReadAction","target":["https:\/\/xenonkungen.com\/produkt\/poppy-grace-mate-doftfigur-bubbelgum\/"]}]},{"@type":"ImageObject","inLanguage":"de","@id":"https:\/\/xenonkungen.com\/produkt\/poppy-grace-mate-doftfigur-bubbelgum\/#primaryimage","url":"https:\/\/xenonkungen.com\/wp-content\/uploads\/2025\/04\/207501637-origpic-edfdd5.jpg","contentUrl":"https:\/\/xenonkungen.com\/wp-content\/uploads\/2025\/04\/207501637-origpic-edfdd5.jpg","width":2048,"height":1536},{"@type":"BreadcrumbList","@id":"https:\/\/xenonkungen.com\/produkt\/poppy-grace-mate-doftfigur-bubbelgum\/#breadcrumb","itemListElement":[{"@type":"ListItem","position":1,"name":"Hem","item":"https:\/\/xenonkungen.com\/"},{"@type":"ListItem","position":2,"name":"Shop","item":"https:\/\/xenonkungen.com\/shop\/"},{"@type":"ListItem","position":3,"name":"POPPY Grace Mate Doftfigur | Bubbelgum"}]},{"@type":"WebSite","@id":"https:\/\/xenonkungen.com\/#website","url":"https:\/\/xenonkungen.com\/","name":"Xenonkungen","description":"","potentialAction":[{"@type":"SearchAction","target":{"@type":"EntryPoint","urlTemplate":"https:\/\/xenonkungen.com\/?s={search_term_string}"},"query-input":{"@type":"PropertyValueSpecification","valueRequired":true,"valueName":"search_term_string"}}],"inLanguage":"de"}]}},"taxonomy_info":{"product_brand":[{"value":110,"label":"Poppy"}],"product_cat":[{"value":2447,"label":"Doft"},{"value":378,"label":"Bilv\u00e5rd"}]},"featured_image_src_large":["https:\/\/xenonkungen.com\/wp-content\/uploads\/2025\/04\/207501637-origpic-edfdd5-1024x768.jpg",1024,768,true],"author_info":[],"comment_info":0,"_links":{"self":[{"href":"https:\/\/xenonkungen.com\/de\/wp-json\/wp\/v2\/product\/3967","targetHints":{"allow":["GET"]}}],"collection":[{"href":"https:\/\/xenonkungen.com\/de\/wp-json\/wp\/v2\/product"}],"about":[{"href":"https:\/\/xenonkungen.com\/de\/wp-json\/wp\/v2\/types\/product"}],"replies":[{"embeddable":true,"href":"https:\/\/xenonkungen.com\/de\/wp-json\/wp\/v2\/comments?post=3967"}],"wp:featuredmedia":[{"embeddable":true,"href":"https:\/\/xenonkungen.com\/de\/wp-json\/wp\/v2\/media\/3968"}],"wp:attachment":[{"href":"https:\/\/xenonkungen.com\/de\/wp-json\/wp\/v2\/media?parent=3967"}],"wp:term":[{"taxonomy":"anvandningsomrade","embeddable":true,"href":"https:\/\/xenonkungen.com\/de\/wp-json\/wp\/v2\/anvandningsomrade?post=3967"},{"taxonomy":"bilmarken","embeddable":true,"href":"https:\/\/xenonkungen.com\/de\/wp-json\/wp\/v2\/bilmarken?post=3967"},{"taxonomy":"product_brand","embeddable":true,"href":"https:\/\/xenonkungen.com\/de\/wp-json\/wp\/v2\/product_brand?post=3967"},{"taxonomy":"product_cat","embeddable":true,"href":"https:\/\/xenonkungen.com\/de\/wp-json\/wp\/v2\/product_cat?post=3967"},{"taxonomy":"product_tag","embeddable":true,"href":"https:\/\/xenonkungen.com\/de\/wp-json\/wp\/v2\/product_tag?post=3967"}],"curies":[{"name":"wp","href":"https:\/\/api.w.org\/{rel}","templated":true}]}}