{"id":3976,"date":"2025-04-15T09:04:25","date_gmt":"2025-04-15T09:04:25","guid":{"rendered":"https:\/\/xenonkungen.com\/product\/blixtljus-eq-4led-r65\/"},"modified":"2026-04-24T17:04:38","modified_gmt":"2026-04-24T16:04:38","slug":"taschenlampe-eq-4led-r65","status":"publish","type":"product","link":"https:\/\/xenonkungen.com\/de\/produkt\/taschenlampe-eq-4led-r65\/","title":{"rendered":"Blinkleuchte EQ 4LED | R65"},"content":{"rendered":"<div class=\"container\">\n<h1>Richtbare Hochleistungs-Taschenlampe mit 4 LEDs \u2013 Gelb<\/h1>\n<p>Diese gerichtete, hochintensive Blitzleuchte ist mit vier tiefgelben LEDs ausgestattet und bietet 23 verschiedene Lichtmuster f\u00fcr vielseitige Einsatzm\u00f6glichkeiten. Die Linse besteht aus robustem Polycarbonat (PC) und ist von einem ABS-Kunststoffrahmen umgeben. Die Leuchte ist auf einem flexiblen Gummifu\u00df montiert, der eine einfache Anbringung an verschiedenen Oberfl\u00e4chen und Fahrzeugen erm\u00f6glicht.<\/p>\n<div class=\"features\">\n<h2>Hauptmerkmale:<\/h2>\n<ul>\n<li><span class=\"highlight\">4 bernsteinfarbene LEDs:<\/span> Erzeugt ein starkes und deutliches Warnsignal, das schon von weitem sichtbar ist.<\/li>\n<li><span class=\"highlight\">23 Folien:<\/span> Eine breite Palette von Mustern, um die Benachrichtigung an verschiedene Situationen anzupassen.<\/li>\n<li><span class=\"highlight\">Hochbelastbare PC-Linse:<\/span> Bietet ausgezeichnete Haltbarkeit und Sto\u00dffestigkeit.<\/li>\n<li><span class=\"highlight\">ABS-Rahmen auf Gummiplatte:<\/span> Bietet Flexibilit\u00e4t bei der Montage und gew\u00e4hrleistet eine stabile Installation.<\/li>\n<li><span class=\"highlight\">Wetterfest:<\/span> Die Leuchte ist so konstruiert, dass sie rauen Wetterbedingungen standh\u00e4lt und sich daher f\u00fcr den Einsatz in allen Umgebungen eignet.<\/li>\n<\/ul>\n<\/div>\n<p>Dank seiner beeindruckenden Leistung und Vielseitigkeit ist dieses gerichtete, hochintensive, bernsteinfarbene LED-Blitzlicht eine ideale L\u00f6sung f\u00fcr eine Reihe von Sicherheits- und Warnanforderungen.<\/p>\n<\/div>\n<p><strong>B\u00fcrgschaft:<\/strong> 3 Jahre<\/p>","protected":false},"excerpt":{"rendered":"<p>Riktat H\u00f6gintensivt Blixtljus med 4 LED &#8211; Amber Detta riktade, h\u00f6gintensiva blixtljus \u00e4r utrustat med 4 LED-dioder i en djup amberf\u00e4rg, och erbjuder 23 olika ljusbilder f\u00f6r en m\u00e5ngsidig anv\u00e4ndning. Linsen \u00e4r tillverkad av h\u00e5llbar PC (polycarbonat) och omges av en sarg i ABS-plast, monterad p\u00e5 en flexibel gummiplatta f\u00f6r enkel installation p\u00e5 olika ytor [&hellip;]<\/p>","protected":false},"featured_media":3977,"comment_status":"closed","ping_status":"open","template":"","meta":{"_acf_changed":false,"_smort_price_nok":"1324","_smort_price_dkk":"841","_smort_price_eur":"112.72","_smort_sale_price_nok":"","_smort_sale_price_dkk":"","_smort_sale_price_eur":"","smort_restorder":"","shipmondo_restorder":"","_kad_blocks_custom_css":"","_kad_blocks_head_custom_js":"","_kad_blocks_body_custom_js":"","_kad_blocks_footer_custom_js":"","smort_custom_pricelist_1":"694.4","smort_custom_pricelist_2":"694.4","smort_custom_pricelist_3":"659.68","smort_custom_pricelist_4":"992","smort_custom_pricelist_5":"694.4"},"anvandningsomrade":[],"bilmarken":[],"product_brand":[],"product_cat":[3038,3041,2553,1061],"product_tag":[],"class_list":{"0":"post-3976","1":"product","2":"type-product","3":"status-publish","4":"has-post-thumbnail","6":"product_cat-4led-blixtljus","7":"product_cat-r65-blixtljus","8":"product_cat-blixtljus-riktat-varningsljus","9":"product_cat-varningsljus","10":"pa_fuktskydd-varde-ipxx-ip67","11":"pa_godkannande-ece-r65-r10-emc","12":"pa_ljusbild-blixljus","13":"pa_storlek-mm-122x41x29","14":"pa_volt-v-12-24","16":"first","17":"instock","18":"taxable","19":"shipping-taxable","20":"purchasable","21":"product-type-simple"},"bundled_by":[],"bundle_stock_status":"instock","bundle_stock_quantity":1,"bundle_virtual":false,"bundle_layout":"","bundle_add_to_cart_form_location":"","bundle_editable_in_cart":false,"bundle_sold_individually_context":"","bundle_item_grouping":"","bundle_min_size":"","bundle_max_size":"","bundle_price":[],"bundled_items":[],"bundle_sell_ids":[],"acf":[],"yoast_head":"<!-- This site is optimized with the Yoast SEO plugin v27.0 - https:\/\/yoast.com\/product\/yoast-seo-wordpress\/ -->\n<title>Blixtljus EQ 4LED | R65 - Xenonkungen<\/title>\n<meta name=\"robots\" content=\"index, follow, max-snippet:-1, max-image-preview:large, max-video-preview:-1\" \/>\n<link rel=\"canonical\" href=\"https:\/\/xenonkungen.com\/de\/produkt\/taschenlampe-eq-4led-r65\/\" \/>\n<meta property=\"og:locale\" content=\"de_DE\" \/>\n<meta property=\"og:type\" content=\"article\" \/>\n<meta property=\"og:title\" content=\"Blixtljus EQ 4LED | R65 - Xenonkungen\" \/>\n<meta property=\"og:description\" content=\"Riktat H\u00f6gintensivt Blixtljus med 4 LED &#8211; Amber Detta riktade, h\u00f6gintensiva blixtljus \u00e4r utrustat med 4 LED-dioder i en djup amberf\u00e4rg, och erbjuder 23 olika ljusbilder f\u00f6r en m\u00e5ngsidig anv\u00e4ndning. Linsen \u00e4r tillverkad av h\u00e5llbar PC (polycarbonat) och omges av en sarg i ABS-plast, monterad p\u00e5 en flexibel gummiplatta f\u00f6r enkel installation p\u00e5 olika ytor [&hellip;]\" \/>\n<meta property=\"og:url\" content=\"https:\/\/xenonkungen.com\/de\/produkt\/taschenlampe-eq-4led-r65\/\" \/>\n<meta property=\"og:site_name\" content=\"Xenonkungen\" \/>\n<meta property=\"article:modified_time\" content=\"2026-04-24T16:04:38+00:00\" \/>\n<meta property=\"og:image\" content=\"https:\/\/xenonkungen.com\/wp-content\/uploads\/2025\/04\/23431588-origpic-817c9f.jpg\" \/>\n\t<meta property=\"og:image:width\" content=\"600\" \/>\n\t<meta property=\"og:image:height\" content=\"600\" \/>\n\t<meta property=\"og:image:type\" content=\"image\/jpeg\" \/>\n<meta name=\"twitter:card\" content=\"summary_large_image\" \/>\n<meta name=\"twitter:label1\" content=\"Gesch\u00e4tzte Lesezeit\" \/>\n\t<meta name=\"twitter:data1\" content=\"1\u00a0Minute\" \/>\n<script type=\"application\/ld+json\" class=\"yoast-schema-graph\">{\"@context\":\"https:\/\/schema.org\",\"@graph\":[{\"@type\":\"WebPage\",\"@id\":\"https:\/\/xenonkungen.com\/produkt\/blixtljus-eq-4led-r65\/\",\"url\":\"https:\/\/xenonkungen.com\/produkt\/blixtljus-eq-4led-r65\/\",\"name\":\"Blixtljus EQ 4LED | R65 - Xenonkungen\",\"isPartOf\":{\"@id\":\"https:\/\/xenonkungen.com\/#website\"},\"primaryImageOfPage\":{\"@id\":\"https:\/\/xenonkungen.com\/produkt\/blixtljus-eq-4led-r65\/#primaryimage\"},\"image\":{\"@id\":\"https:\/\/xenonkungen.com\/produkt\/blixtljus-eq-4led-r65\/#primaryimage\"},\"thumbnailUrl\":\"https:\/\/xenonkungen.com\/wp-content\/uploads\/2025\/04\/23431588-origpic-817c9f.jpg\",\"datePublished\":\"2025-04-15T09:04:25+00:00\",\"dateModified\":\"2026-04-24T16:04:38+00:00\",\"breadcrumb\":{\"@id\":\"https:\/\/xenonkungen.com\/produkt\/blixtljus-eq-4led-r65\/#breadcrumb\"},\"inLanguage\":\"de\",\"potentialAction\":[{\"@type\":\"ReadAction\",\"target\":[\"https:\/\/xenonkungen.com\/produkt\/blixtljus-eq-4led-r65\/\"]}]},{\"@type\":\"ImageObject\",\"inLanguage\":\"de\",\"@id\":\"https:\/\/xenonkungen.com\/produkt\/blixtljus-eq-4led-r65\/#primaryimage\",\"url\":\"https:\/\/xenonkungen.com\/wp-content\/uploads\/2025\/04\/23431588-origpic-817c9f.jpg\",\"contentUrl\":\"https:\/\/xenonkungen.com\/wp-content\/uploads\/2025\/04\/23431588-origpic-817c9f.jpg\",\"width\":600,\"height\":600},{\"@type\":\"BreadcrumbList\",\"@id\":\"https:\/\/xenonkungen.com\/produkt\/blixtljus-eq-4led-r65\/#breadcrumb\",\"itemListElement\":[{\"@type\":\"ListItem\",\"position\":1,\"name\":\"Hem\",\"item\":\"https:\/\/xenonkungen.com\/\"},{\"@type\":\"ListItem\",\"position\":2,\"name\":\"Shop\",\"item\":\"https:\/\/xenonkungen.com\/shop\/\"},{\"@type\":\"ListItem\",\"position\":3,\"name\":\"Blixtljus EQ 4LED | R65\"}]},{\"@type\":\"WebSite\",\"@id\":\"https:\/\/xenonkungen.com\/#website\",\"url\":\"https:\/\/xenonkungen.com\/\",\"name\":\"Xenonkungen\",\"description\":\"\",\"potentialAction\":[{\"@type\":\"SearchAction\",\"target\":{\"@type\":\"EntryPoint\",\"urlTemplate\":\"https:\/\/xenonkungen.com\/?s={search_term_string}\"},\"query-input\":{\"@type\":\"PropertyValueSpecification\",\"valueRequired\":true,\"valueName\":\"search_term_string\"}}],\"inLanguage\":\"de\"}]}<\/script>\n<!-- \/ Yoast SEO plugin. -->","yoast_head_json":{"title":"Taschenlampe EQ 4LED | R65 - Xenonkungen","robots":{"index":"index","follow":"follow","max-snippet":"max-snippet:-1","max-image-preview":"max-image-preview:large","max-video-preview":"max-video-preview:-1"},"canonical":"https:\/\/xenonkungen.com\/de\/produkt\/taschenlampe-eq-4led-r65\/","og_locale":"de_DE","og_type":"article","og_title":"Blixtljus EQ 4LED | R65 - Xenonkungen","og_description":"Riktat H\u00f6gintensivt Blixtljus med 4 LED &#8211; Amber Detta riktade, h\u00f6gintensiva blixtljus \u00e4r utrustat med 4 LED-dioder i en djup amberf\u00e4rg, och erbjuder 23 olika ljusbilder f\u00f6r en m\u00e5ngsidig anv\u00e4ndning. Linsen \u00e4r tillverkad av h\u00e5llbar PC (polycarbonat) och omges av en sarg i ABS-plast, monterad p\u00e5 en flexibel gummiplatta f\u00f6r enkel installation p\u00e5 olika ytor [&hellip;]","og_url":"https:\/\/xenonkungen.com\/de\/produkt\/taschenlampe-eq-4led-r65\/","og_site_name":"Xenonkungen","article_modified_time":"2026-04-24T16:04:38+00:00","og_image":[{"width":600,"height":600,"url":"https:\/\/xenonkungen.com\/wp-content\/uploads\/2025\/04\/23431588-origpic-817c9f.jpg","type":"image\/jpeg"}],"twitter_card":"summary_large_image","twitter_misc":{"Gesch\u00e4tzte Lesezeit":"1\u00a0Minute"},"schema":{"@context":"https:\/\/schema.org","@graph":[{"@type":"WebPage","@id":"https:\/\/xenonkungen.com\/produkt\/blixtljus-eq-4led-r65\/","url":"https:\/\/xenonkungen.com\/produkt\/blixtljus-eq-4led-r65\/","name":"Taschenlampe EQ 4LED | R65 - Xenonkungen","isPartOf":{"@id":"https:\/\/xenonkungen.com\/#website"},"primaryImageOfPage":{"@id":"https:\/\/xenonkungen.com\/produkt\/blixtljus-eq-4led-r65\/#primaryimage"},"image":{"@id":"https:\/\/xenonkungen.com\/produkt\/blixtljus-eq-4led-r65\/#primaryimage"},"thumbnailUrl":"https:\/\/xenonkungen.com\/wp-content\/uploads\/2025\/04\/23431588-origpic-817c9f.jpg","datePublished":"2025-04-15T09:04:25+00:00","dateModified":"2026-04-24T16:04:38+00:00","breadcrumb":{"@id":"https:\/\/xenonkungen.com\/produkt\/blixtljus-eq-4led-r65\/#breadcrumb"},"inLanguage":"de","potentialAction":[{"@type":"ReadAction","target":["https:\/\/xenonkungen.com\/produkt\/blixtljus-eq-4led-r65\/"]}]},{"@type":"ImageObject","inLanguage":"de","@id":"https:\/\/xenonkungen.com\/produkt\/blixtljus-eq-4led-r65\/#primaryimage","url":"https:\/\/xenonkungen.com\/wp-content\/uploads\/2025\/04\/23431588-origpic-817c9f.jpg","contentUrl":"https:\/\/xenonkungen.com\/wp-content\/uploads\/2025\/04\/23431588-origpic-817c9f.jpg","width":600,"height":600},{"@type":"BreadcrumbList","@id":"https:\/\/xenonkungen.com\/produkt\/blixtljus-eq-4led-r65\/#breadcrumb","itemListElement":[{"@type":"ListItem","position":1,"name":"Hem","item":"https:\/\/xenonkungen.com\/"},{"@type":"ListItem","position":2,"name":"Shop","item":"https:\/\/xenonkungen.com\/shop\/"},{"@type":"ListItem","position":3,"name":"Blixtljus EQ 4LED | R65"}]},{"@type":"WebSite","@id":"https:\/\/xenonkungen.com\/#website","url":"https:\/\/xenonkungen.com\/","name":"Xenonkungen","description":"","potentialAction":[{"@type":"SearchAction","target":{"@type":"EntryPoint","urlTemplate":"https:\/\/xenonkungen.com\/?s={search_term_string}"},"query-input":{"@type":"PropertyValueSpecification","valueRequired":true,"valueName":"search_term_string"}}],"inLanguage":"de"}]}},"taxonomy_info":{"product_cat":[{"value":3038,"label":"4LED"},{"value":3041,"label":"R65"},{"value":2553,"label":"Blixtljus - Riktat varningsljus"},{"value":1061,"label":"Varningsljus"}],"pa_fuktskydd-varde-ipxx":[{"value":333,"label":"IP67"}],"pa_godkannande":[{"value":1284,"label":"ECE R65, R10 (EMC)"}],"pa_ljusbild":[{"value":1279,"label":"Blixljus"}],"pa_storlek-mm":[{"value":1283,"label":"122x41x29"}],"pa_volt-v":[{"value":348,"label":"12, 24"}]},"featured_image_src_large":["https:\/\/xenonkungen.com\/wp-content\/uploads\/2025\/04\/23431588-origpic-817c9f.jpg",600,600,false],"author_info":[],"comment_info":0,"_links":{"self":[{"href":"https:\/\/xenonkungen.com\/de\/wp-json\/wp\/v2\/product\/3976","targetHints":{"allow":["GET"]}}],"collection":[{"href":"https:\/\/xenonkungen.com\/de\/wp-json\/wp\/v2\/product"}],"about":[{"href":"https:\/\/xenonkungen.com\/de\/wp-json\/wp\/v2\/types\/product"}],"replies":[{"embeddable":true,"href":"https:\/\/xenonkungen.com\/de\/wp-json\/wp\/v2\/comments?post=3976"}],"wp:featuredmedia":[{"embeddable":true,"href":"https:\/\/xenonkungen.com\/de\/wp-json\/wp\/v2\/media\/3977"}],"wp:attachment":[{"href":"https:\/\/xenonkungen.com\/de\/wp-json\/wp\/v2\/media?parent=3976"}],"wp:term":[{"taxonomy":"anvandningsomrade","embeddable":true,"href":"https:\/\/xenonkungen.com\/de\/wp-json\/wp\/v2\/anvandningsomrade?post=3976"},{"taxonomy":"bilmarken","embeddable":true,"href":"https:\/\/xenonkungen.com\/de\/wp-json\/wp\/v2\/bilmarken?post=3976"},{"taxonomy":"product_brand","embeddable":true,"href":"https:\/\/xenonkungen.com\/de\/wp-json\/wp\/v2\/product_brand?post=3976"},{"taxonomy":"product_cat","embeddable":true,"href":"https:\/\/xenonkungen.com\/de\/wp-json\/wp\/v2\/product_cat?post=3976"},{"taxonomy":"product_tag","embeddable":true,"href":"https:\/\/xenonkungen.com\/de\/wp-json\/wp\/v2\/product_tag?post=3976"}],"curies":[{"name":"wp","href":"https:\/\/api.w.org\/{rel}","templated":true}]}}