{"id":3992,"date":"2025-04-15T09:04:34","date_gmt":"2025-04-15T09:04:34","guid":{"rendered":"https:\/\/xenonkungen.com\/product\/blixtljusramp-amber-electraquip-eq-bt862r65a\/"},"modified":"2026-04-28T12:42:09","modified_gmt":"2026-04-28T11:42:09","slug":"gelbe-electraquip-eq-bt862r65a-taschenlampe","status":"publish","type":"product","link":"https:\/\/xenonkungen.com\/de\/produkt\/gelbe-electraquip-eq-bt862r65a-taschenlampe\/","title":{"rendered":"Bernsteinfarbene ElectraQuip EQ-BT1586R65A-Blinkleuchte"},"content":{"rendered":"<h1>Bernsteinfarbene ElectraQuip EQ-BT1586R65A-Blinkleuchte<\/h1>\n<p><strong>Leistungsstarke und zuverl\u00e4ssige Warnleuchten<\/strong><\/p>\n<p>Der ElectraQuip EQ-BT1586R65A ist ein leistungsstarker und zuverl\u00e4ssiger Blitzlichtbalken f\u00fcr professionelle Fahrzeuge, die maximale Sichtbarkeit und Sicherheit erfordern. Mit der <strong>ECE R65 Klasse II Zulassung<\/strong> und <strong>Schutzart IP67<\/strong> Es ist f\u00fcr raue Umgebungen und extreme Wetterbedingungen geeignet.<\/p>\n<p>Diese Taschenlampenrampe bietet <strong>10 verschiedene Blinkmuster<\/strong>einschlie\u00dflich Rotary, Single- und Quad-Flash (R65) und Quint, die Flexibilit\u00e4t f\u00fcr verschiedene Anwendungen bieten. Mit dem <strong>115W Leistung<\/strong> und <strong>Zulassung der Klasse 2<\/strong> Sie sorgt f\u00fcr eine starke Warnbeleuchtung auf den Stra\u00dfen.<\/p>\n<p>Dank an <strong>10-30VDC doppelte Spannung<\/strong> es ist kompatibel mit beiden <strong>12V und 24V Fahrzeuge<\/strong>und ist damit ideal f\u00fcr Lastkraftwagen, Arbeitsfahrzeuge und Rettungsdienste. <strong>2 Jahre Garantie<\/strong> gibt Ihnen Sicherheit und Nachhaltigkeit auf lange Sicht.<\/p>\n<h2>Merkmale<\/h2>\n<ul>\n<li>ECE R65 Klasse II zugelassen<\/li>\n<li>IP67 - staubdicht und wasserfest<\/li>\n<li>Vielseitige Blinkmuster f\u00fcr bessere Sichtbarkeit<\/li>\n<li>Robuste und langlebige Konstruktion<\/li>\n<\/ul>\n<p><strong>Perfekt f\u00fcr Nutzfahrzeuge, die einen leistungsstarken und sicheren Warnlichtbalken ben\u00f6tigen! <\/strong><\/p>","protected":false},"excerpt":{"rendered":"<p>Bernstein - 1586mm R65 Zugelassen 12\/24V<\/p>","protected":false},"featured_media":3993,"comment_status":"closed","ping_status":"closed","template":"","meta":{"_acf_changed":false,"_smort_price_nok":"12794","_smort_price_dkk":"8128","_smort_price_eur":"1088.86","_smort_sale_price_nok":"","_smort_sale_price_dkk":"","_smort_sale_price_eur":"","smort_restorder":"","shipmondo_restorder":"","_kad_blocks_custom_css":"","_kad_blocks_head_custom_js":"","_kad_blocks_body_custom_js":"","_kad_blocks_footer_custom_js":"","smort_custom_pricelist_1":"7665.92","smort_custom_pricelist_2":"6707.68","smort_custom_pricelist_3":"6228.56","smort_custom_pricelist_4":"9582.4","smort_custom_pricelist_5":"6707.68"},"anvandningsomrade":[],"bilmarken":[],"product_brand":[],"product_cat":[2580,1061],"product_tag":[],"class_list":{"0":"post-3992","1":"product","2":"type-product","3":"status-publish","4":"has-post-thumbnail","6":"product_cat-blixtljusramp-varningsljus","7":"product_cat-varningsljus","8":"pa_fuktskydd-varde-ipxx-ip67","9":"pa_godkannande-ece-r65","10":"pa_ljusbild-blixljus","11":"pa_volt-v-12-24","13":"first","14":"onbackorder","15":"taxable","16":"shipping-taxable","17":"purchasable","18":"product-type-simple"},"bundled_by":[],"bundle_stock_status":"onbackorder","bundle_stock_quantity":0,"bundle_virtual":false,"bundle_layout":"","bundle_add_to_cart_form_location":"","bundle_editable_in_cart":false,"bundle_sold_individually_context":"","bundle_item_grouping":"","bundle_min_size":"","bundle_max_size":"","bundle_price":[],"bundled_items":[],"bundle_sell_ids":[],"acf":[],"yoast_head":"<!-- This site is optimized with the Yoast SEO plugin v27.0 - https:\/\/yoast.com\/product\/yoast-seo-wordpress\/ -->\n<title>Blixtljusramp Amber ElectraQuip EQ-BT1586R65A - Xenonkungen<\/title>\n<meta name=\"robots\" content=\"index, follow, max-snippet:-1, max-image-preview:large, max-video-preview:-1\" \/>\n<link rel=\"canonical\" href=\"https:\/\/xenonkungen.com\/de\/produkt\/gelbe-electraquip-eq-bt862r65a-taschenlampe\/\" \/>\n<meta property=\"og:locale\" content=\"de_DE\" \/>\n<meta property=\"og:type\" content=\"article\" \/>\n<meta property=\"og:title\" content=\"Blixtljusramp Amber ElectraQuip EQ-BT1586R65A - Xenonkungen\" \/>\n<meta property=\"og:description\" content=\"Amber - 1586mm R65 Godk\u00e4nd 12\/24V\" \/>\n<meta property=\"og:url\" content=\"https:\/\/xenonkungen.com\/de\/produkt\/gelbe-electraquip-eq-bt862r65a-taschenlampe\/\" \/>\n<meta property=\"og:site_name\" content=\"Xenonkungen\" \/>\n<meta property=\"article:modified_time\" content=\"2026-04-28T11:42:09+00:00\" \/>\n<meta property=\"og:image\" content=\"https:\/\/xenonkungen.com\/wp-content\/uploads\/2025\/04\/218154085-origpic-c6a8bf.jpg\" \/>\n\t<meta property=\"og:image:width\" content=\"800\" \/>\n\t<meta property=\"og:image:height\" content=\"800\" \/>\n\t<meta property=\"og:image:type\" content=\"image\/jpeg\" \/>\n<meta name=\"twitter:card\" content=\"summary_large_image\" \/>\n<meta name=\"twitter:label1\" content=\"Gesch\u00e4tzte Lesezeit\" \/>\n\t<meta name=\"twitter:data1\" content=\"1\u00a0Minute\" \/>\n<script type=\"application\/ld+json\" class=\"yoast-schema-graph\">{\"@context\":\"https:\/\/schema.org\",\"@graph\":[{\"@type\":\"WebPage\",\"@id\":\"https:\/\/xenonkungen.com\/produkt\/blixtljusramp-amber-electraquip-eq-bt862r65a\/\",\"url\":\"https:\/\/xenonkungen.com\/produkt\/blixtljusramp-amber-electraquip-eq-bt862r65a\/\",\"name\":\"Blixtljusramp Amber ElectraQuip EQ-BT1586R65A - Xenonkungen\",\"isPartOf\":{\"@id\":\"https:\/\/xenonkungen.com\/#website\"},\"primaryImageOfPage\":{\"@id\":\"https:\/\/xenonkungen.com\/produkt\/blixtljusramp-amber-electraquip-eq-bt862r65a\/#primaryimage\"},\"image\":{\"@id\":\"https:\/\/xenonkungen.com\/produkt\/blixtljusramp-amber-electraquip-eq-bt862r65a\/#primaryimage\"},\"thumbnailUrl\":\"https:\/\/xenonkungen.com\/wp-content\/uploads\/2025\/04\/218154085-origpic-c6a8bf.jpg\",\"datePublished\":\"2025-04-15T09:04:34+00:00\",\"dateModified\":\"2026-04-28T11:42:09+00:00\",\"breadcrumb\":{\"@id\":\"https:\/\/xenonkungen.com\/produkt\/blixtljusramp-amber-electraquip-eq-bt862r65a\/#breadcrumb\"},\"inLanguage\":\"de\",\"potentialAction\":[{\"@type\":\"ReadAction\",\"target\":[\"https:\/\/xenonkungen.com\/produkt\/blixtljusramp-amber-electraquip-eq-bt862r65a\/\"]}]},{\"@type\":\"ImageObject\",\"inLanguage\":\"de\",\"@id\":\"https:\/\/xenonkungen.com\/produkt\/blixtljusramp-amber-electraquip-eq-bt862r65a\/#primaryimage\",\"url\":\"https:\/\/xenonkungen.com\/wp-content\/uploads\/2025\/04\/218154085-origpic-c6a8bf.jpg\",\"contentUrl\":\"https:\/\/xenonkungen.com\/wp-content\/uploads\/2025\/04\/218154085-origpic-c6a8bf.jpg\",\"width\":800,\"height\":800},{\"@type\":\"BreadcrumbList\",\"@id\":\"https:\/\/xenonkungen.com\/produkt\/blixtljusramp-amber-electraquip-eq-bt862r65a\/#breadcrumb\",\"itemListElement\":[{\"@type\":\"ListItem\",\"position\":1,\"name\":\"Hem\",\"item\":\"https:\/\/xenonkungen.com\/\"},{\"@type\":\"ListItem\",\"position\":2,\"name\":\"Shop\",\"item\":\"https:\/\/xenonkungen.com\/shop\/\"},{\"@type\":\"ListItem\",\"position\":3,\"name\":\"Blixtljusramp Amber ElectraQuip EQ-BT1586R65A\"}]},{\"@type\":\"WebSite\",\"@id\":\"https:\/\/xenonkungen.com\/#website\",\"url\":\"https:\/\/xenonkungen.com\/\",\"name\":\"Xenonkungen\",\"description\":\"\",\"potentialAction\":[{\"@type\":\"SearchAction\",\"target\":{\"@type\":\"EntryPoint\",\"urlTemplate\":\"https:\/\/xenonkungen.com\/?s={search_term_string}\"},\"query-input\":{\"@type\":\"PropertyValueSpecification\",\"valueRequired\":true,\"valueName\":\"search_term_string\"}}],\"inLanguage\":\"de\"}]}<\/script>\n<!-- \/ Yoast SEO plugin. -->","yoast_head_json":{"title":"Blixtljusramp Amber ElectraQuip EQ-BT1586R65A - Xenonkungen","robots":{"index":"index","follow":"follow","max-snippet":"max-snippet:-1","max-image-preview":"max-image-preview:large","max-video-preview":"max-video-preview:-1"},"canonical":"https:\/\/xenonkungen.com\/de\/produkt\/gelbe-electraquip-eq-bt862r65a-taschenlampe\/","og_locale":"de_DE","og_type":"article","og_title":"Blixtljusramp Amber ElectraQuip EQ-BT1586R65A - Xenonkungen","og_description":"Amber - 1586mm R65 Godk\u00e4nd 12\/24V","og_url":"https:\/\/xenonkungen.com\/de\/produkt\/gelbe-electraquip-eq-bt862r65a-taschenlampe\/","og_site_name":"Xenonkungen","article_modified_time":"2026-04-28T11:42:09+00:00","og_image":[{"width":800,"height":800,"url":"https:\/\/xenonkungen.com\/wp-content\/uploads\/2025\/04\/218154085-origpic-c6a8bf.jpg","type":"image\/jpeg"}],"twitter_card":"summary_large_image","twitter_misc":{"Gesch\u00e4tzte Lesezeit":"1\u00a0Minute"},"schema":{"@context":"https:\/\/schema.org","@graph":[{"@type":"WebPage","@id":"https:\/\/xenonkungen.com\/produkt\/blixtljusramp-amber-electraquip-eq-bt862r65a\/","url":"https:\/\/xenonkungen.com\/produkt\/blixtljusramp-amber-electraquip-eq-bt862r65a\/","name":"Blixtljusramp Amber ElectraQuip EQ-BT1586R65A - Xenonkungen","isPartOf":{"@id":"https:\/\/xenonkungen.com\/#website"},"primaryImageOfPage":{"@id":"https:\/\/xenonkungen.com\/produkt\/blixtljusramp-amber-electraquip-eq-bt862r65a\/#primaryimage"},"image":{"@id":"https:\/\/xenonkungen.com\/produkt\/blixtljusramp-amber-electraquip-eq-bt862r65a\/#primaryimage"},"thumbnailUrl":"https:\/\/xenonkungen.com\/wp-content\/uploads\/2025\/04\/218154085-origpic-c6a8bf.jpg","datePublished":"2025-04-15T09:04:34+00:00","dateModified":"2026-04-28T11:42:09+00:00","breadcrumb":{"@id":"https:\/\/xenonkungen.com\/produkt\/blixtljusramp-amber-electraquip-eq-bt862r65a\/#breadcrumb"},"inLanguage":"de","potentialAction":[{"@type":"ReadAction","target":["https:\/\/xenonkungen.com\/produkt\/blixtljusramp-amber-electraquip-eq-bt862r65a\/"]}]},{"@type":"ImageObject","inLanguage":"de","@id":"https:\/\/xenonkungen.com\/produkt\/blixtljusramp-amber-electraquip-eq-bt862r65a\/#primaryimage","url":"https:\/\/xenonkungen.com\/wp-content\/uploads\/2025\/04\/218154085-origpic-c6a8bf.jpg","contentUrl":"https:\/\/xenonkungen.com\/wp-content\/uploads\/2025\/04\/218154085-origpic-c6a8bf.jpg","width":800,"height":800},{"@type":"BreadcrumbList","@id":"https:\/\/xenonkungen.com\/produkt\/blixtljusramp-amber-electraquip-eq-bt862r65a\/#breadcrumb","itemListElement":[{"@type":"ListItem","position":1,"name":"Hem","item":"https:\/\/xenonkungen.com\/"},{"@type":"ListItem","position":2,"name":"Shop","item":"https:\/\/xenonkungen.com\/shop\/"},{"@type":"ListItem","position":3,"name":"Blixtljusramp Amber ElectraQuip EQ-BT1586R65A"}]},{"@type":"WebSite","@id":"https:\/\/xenonkungen.com\/#website","url":"https:\/\/xenonkungen.com\/","name":"Xenonkungen","description":"","potentialAction":[{"@type":"SearchAction","target":{"@type":"EntryPoint","urlTemplate":"https:\/\/xenonkungen.com\/?s={search_term_string}"},"query-input":{"@type":"PropertyValueSpecification","valueRequired":true,"valueName":"search_term_string"}}],"inLanguage":"de"}]}},"taxonomy_info":{"product_cat":[{"value":2580,"label":"Blixtljusramp"},{"value":1061,"label":"Varningsljus"}],"pa_fuktskydd-varde-ipxx":[{"value":333,"label":"IP67"}],"pa_godkannande":[{"value":1297,"label":"ECE R65"}],"pa_ljusbild":[{"value":1279,"label":"Blixljus"}],"pa_volt-v":[{"value":348,"label":"12, 24"}]},"featured_image_src_large":["https:\/\/xenonkungen.com\/wp-content\/uploads\/2025\/04\/218154085-origpic-c6a8bf.jpg",800,800,false],"author_info":[],"comment_info":0,"_links":{"self":[{"href":"https:\/\/xenonkungen.com\/de\/wp-json\/wp\/v2\/product\/3992","targetHints":{"allow":["GET"]}}],"collection":[{"href":"https:\/\/xenonkungen.com\/de\/wp-json\/wp\/v2\/product"}],"about":[{"href":"https:\/\/xenonkungen.com\/de\/wp-json\/wp\/v2\/types\/product"}],"replies":[{"embeddable":true,"href":"https:\/\/xenonkungen.com\/de\/wp-json\/wp\/v2\/comments?post=3992"}],"wp:featuredmedia":[{"embeddable":true,"href":"https:\/\/xenonkungen.com\/de\/wp-json\/wp\/v2\/media\/3993"}],"wp:attachment":[{"href":"https:\/\/xenonkungen.com\/de\/wp-json\/wp\/v2\/media?parent=3992"}],"wp:term":[{"taxonomy":"anvandningsomrade","embeddable":true,"href":"https:\/\/xenonkungen.com\/de\/wp-json\/wp\/v2\/anvandningsomrade?post=3992"},{"taxonomy":"bilmarken","embeddable":true,"href":"https:\/\/xenonkungen.com\/de\/wp-json\/wp\/v2\/bilmarken?post=3992"},{"taxonomy":"product_brand","embeddable":true,"href":"https:\/\/xenonkungen.com\/de\/wp-json\/wp\/v2\/product_brand?post=3992"},{"taxonomy":"product_cat","embeddable":true,"href":"https:\/\/xenonkungen.com\/de\/wp-json\/wp\/v2\/product_cat?post=3992"},{"taxonomy":"product_tag","embeddable":true,"href":"https:\/\/xenonkungen.com\/de\/wp-json\/wp\/v2\/product_tag?post=3992"}],"curies":[{"name":"wp","href":"https:\/\/api.w.org\/{rel}","templated":true}]}}