{"id":4093,"date":"2025-04-15T09:05:16","date_gmt":"2025-04-15T09:05:16","guid":{"rendered":"https:\/\/xenonkungen.com\/product\/mc-dynamisk-bakmarkering-rod-bromsljus\/"},"modified":"2026-03-17T09:55:26","modified_gmt":"2026-03-17T08:55:26","slug":"mc-dynamic-bremsleuchte-hinten","status":"publish","type":"product","link":"https:\/\/xenonkungen.com\/de\/produkt\/mc-dynamic-bremsleuchte-hinten\/","title":{"rendered":"MC Dynamische R\u00fcckleuchte | Rotes\/Bremslicht"},"content":{"rendered":"<p>Verleihen Sie Ihrem Motorrad jetzt einen einzigartigen und eindrucksvollen Look und verbessern Sie gleichzeitig Ihre Sichtbarkeit und Sicherheit mit unserem dynamischen R\u00fccklicht mit rotem Positionslicht. Dieses Produkt kombiniert eine dynamische Blinkerfunktion mit einer roten R\u00fcckmarkierung und sorgt so f\u00fcr hervorragende Sichtbarkeit und erh\u00f6hte Aufmerksamkeit von anderen Verkehrsteilnehmern.<\/p>\n<p>Die dynamische Blinkerfunktion sorgt beim Abbiegen oder Spurwechsel f\u00fcr einen eindrucksvollen Effekt. Das Licht pulsiert und variiert in der Intensit\u00e4t, um gut sichtbar zu sein und Aufmerksamkeit zu erregen. Sie werden nicht nur gesehen, sondern hinterlassen auch Eindruck im Stra\u00dfenverkehr.<\/p>\n<p>Mit roten Markierungen am Heck werden Sie im Stra\u00dfenverkehr besser sichtbar.<\/p>\n<p>Die Installation ist einfach und passt f\u00fcr die meisten Motorr\u00e4der. Sie ben\u00f6tigen keine Fachkenntnisse, um Ihr Motorrad mit diesem Produkt aufzur\u00fcsten. Die dynamische R\u00fcckleuchte mit roter Bremslichtfunktion ist aus hochwertigen Materialien gefertigt und garantiert so Langlebigkeit und Zuverl\u00e4ssigkeit.<\/p>\n<p>Verbessern Sie Ihre Sichtbarkeit und Sicherheit im Stra\u00dfenverkehr mit unserem dynamischen R\u00fccklicht MC mit roter Positionsleuchte. Bestellen Sie noch heute und optimieren Sie die Sichtbarkeit Ihres Motorrads. Fahren Sie souver\u00e4n und heben Sie sich von der Masse ab!<\/p>","protected":false},"excerpt":{"rendered":"<p>Verleihen Sie Ihrem Motorrad mit unserer dynamischen MC-Heckmarkierung in Rot einen sportlichen und sicheren Look. Diese Markierung sorgt f\u00fcr erh\u00f6hte Sichtbarkeit und signalisiert anderen Verkehrsteilnehmern direkt Ihre Fahrweise. Einfache Montage, passend f\u00fcr alle Motorr\u00e4der. Bestellen Sie Ihre dynamische MC-Heckmarkierung noch heute und heben Sie Sicherheit und Stil auf ein neues Level!<\/p>","protected":false},"featured_media":4094,"comment_status":"closed","ping_status":"closed","template":"","meta":{"_acf_changed":false,"_smort_price_nok":"134","_smort_price_dkk":"121","_smort_price_eur":"16.27","_smort_sale_price_nok":"134","_smort_sale_price_dkk":"","_smort_sale_price_eur":"11.36","smort_restorder":"","shipmondo_restorder":"","_kad_blocks_custom_css":"","_kad_blocks_head_custom_js":"","_kad_blocks_body_custom_js":"","_kad_blocks_footer_custom_js":"","smort_custom_pricelist_1":"114.56","smort_custom_pricelist_2":"100.24","smort_custom_pricelist_3":"95.23","smort_custom_pricelist_4":"143.2","smort_custom_pricelist_5":"100.24"},"anvandningsomrade":[165,2709,234],"bilmarken":[],"product_brand":[],"product_cat":[2811,2552,2477,2812,2478,1064,1833],"product_tag":[],"class_list":{"0":"post-4093","1":"product","2":"type-product","3":"status-publish","4":"has-post-thumbnail","6":"anvandningsomrade-atv","7":"anvandningsomrade-atv-snoskoter","8":"anvandningsomrade-mc","9":"product_cat-bak","10":"product_cat-bakljus-slap","11":"product_cat-blinkers","12":"product_cat-kombo","13":"product_cat-positionsljus-slap","14":"product_cat-baklampor","15":"product_cat-bakmarkering","17":"first","18":"instock","19":"sale","20":"taxable","21":"shipping-taxable","22":"purchasable","23":"product-type-simple"},"bundled_by":[],"bundle_stock_status":"instock","bundle_stock_quantity":24,"bundle_virtual":false,"bundle_layout":"","bundle_add_to_cart_form_location":"","bundle_editable_in_cart":false,"bundle_sold_individually_context":"","bundle_item_grouping":"","bundle_min_size":"","bundle_max_size":"","bundle_price":[],"bundled_items":[],"bundle_sell_ids":[],"acf":[],"yoast_head":"<!-- This site is optimized with the Yoast SEO plugin v27.0 - https:\/\/yoast.com\/product\/yoast-seo-wordpress\/ -->\n<title>MC Dynamisk Bakmarkering | R\u00f6d\/Bromsljus - Xenonkungen<\/title>\n<meta name=\"robots\" content=\"index, follow, max-snippet:-1, max-image-preview:large, max-video-preview:-1\" \/>\n<link rel=\"canonical\" href=\"https:\/\/xenonkungen.com\/de\/produkt\/mc-dynamic-bremsleuchte-hinten\/\" \/>\n<meta property=\"og:locale\" content=\"de_DE\" \/>\n<meta property=\"og:type\" content=\"article\" \/>\n<meta property=\"og:title\" content=\"MC Dynamisk Bakmarkering | R\u00f6d\/Bromsljus - Xenonkungen\" \/>\n<meta property=\"og:description\" content=\"Ge din motorcykel ett sportigt och s\u00e4kert utseende med v\u00e5r MC Dynamisk Bakmarkering i r\u00f6tt. Denna dynamiska markering ger dig \u00f6kad synlighet och signalerar direkt till andra trafikanter. Enkel installation och passar alla motorcyklar. Best\u00e4ll din MC Dynamisk Bakmarkering redan idag och ta din s\u00e4kerhet och stil till n\u00e4sta niv\u00e5!\" \/>\n<meta property=\"og:url\" content=\"https:\/\/xenonkungen.com\/de\/produkt\/mc-dynamic-bremsleuchte-hinten\/\" \/>\n<meta property=\"og:site_name\" content=\"Xenonkungen\" \/>\n<meta property=\"article:modified_time\" content=\"2026-03-17T08:55:26+00:00\" \/>\n<meta property=\"og:image\" content=\"https:\/\/xenonkungen.com\/wp-content\/uploads\/2025\/04\/XAR_L2ag-1-scaled.png\" \/>\n\t<meta property=\"og:image:width\" content=\"2560\" \/>\n\t<meta property=\"og:image:height\" content=\"2560\" \/>\n\t<meta property=\"og:image:type\" content=\"image\/png\" \/>\n<meta name=\"twitter:card\" content=\"summary_large_image\" \/>\n<meta name=\"twitter:label1\" content=\"Gesch\u00e4tzte Lesezeit\" \/>\n\t<meta name=\"twitter:data1\" content=\"2\u00a0Minuten\" \/>\n<script type=\"application\/ld+json\" class=\"yoast-schema-graph\">{\"@context\":\"https:\/\/schema.org\",\"@graph\":[{\"@type\":\"WebPage\",\"@id\":\"https:\/\/xenonkungen.com\/produkt\/mc-dynamisk-bakmarkering-rod-bromsljus\/\",\"url\":\"https:\/\/xenonkungen.com\/produkt\/mc-dynamisk-bakmarkering-rod-bromsljus\/\",\"name\":\"MC Dynamisk Bakmarkering | R\u00f6d\/Bromsljus - Xenonkungen\",\"isPartOf\":{\"@id\":\"https:\/\/xenonkungen.com\/#website\"},\"primaryImageOfPage\":{\"@id\":\"https:\/\/xenonkungen.com\/produkt\/mc-dynamisk-bakmarkering-rod-bromsljus\/#primaryimage\"},\"image\":{\"@id\":\"https:\/\/xenonkungen.com\/produkt\/mc-dynamisk-bakmarkering-rod-bromsljus\/#primaryimage\"},\"thumbnailUrl\":\"https:\/\/xenonkungen.com\/wp-content\/uploads\/2025\/04\/XAR_L2ag-1-scaled.png\",\"datePublished\":\"2025-04-15T09:05:16+00:00\",\"dateModified\":\"2026-03-17T08:55:26+00:00\",\"breadcrumb\":{\"@id\":\"https:\/\/xenonkungen.com\/produkt\/mc-dynamisk-bakmarkering-rod-bromsljus\/#breadcrumb\"},\"inLanguage\":\"de\",\"potentialAction\":[{\"@type\":\"ReadAction\",\"target\":[\"https:\/\/xenonkungen.com\/produkt\/mc-dynamisk-bakmarkering-rod-bromsljus\/\"]}]},{\"@type\":\"ImageObject\",\"inLanguage\":\"de\",\"@id\":\"https:\/\/xenonkungen.com\/produkt\/mc-dynamisk-bakmarkering-rod-bromsljus\/#primaryimage\",\"url\":\"https:\/\/xenonkungen.com\/wp-content\/uploads\/2025\/04\/XAR_L2ag-1-scaled.png\",\"contentUrl\":\"https:\/\/xenonkungen.com\/wp-content\/uploads\/2025\/04\/XAR_L2ag-1-scaled.png\",\"width\":2560,\"height\":2560},{\"@type\":\"BreadcrumbList\",\"@id\":\"https:\/\/xenonkungen.com\/produkt\/mc-dynamisk-bakmarkering-rod-bromsljus\/#breadcrumb\",\"itemListElement\":[{\"@type\":\"ListItem\",\"position\":1,\"name\":\"Hem\",\"item\":\"https:\/\/xenonkungen.com\/\"},{\"@type\":\"ListItem\",\"position\":2,\"name\":\"Shop\",\"item\":\"https:\/\/xenonkungen.com\/shop\/\"},{\"@type\":\"ListItem\",\"position\":3,\"name\":\"MC Dynamisk Bakmarkering | R\u00f6d\/Bromsljus\"}]},{\"@type\":\"WebSite\",\"@id\":\"https:\/\/xenonkungen.com\/#website\",\"url\":\"https:\/\/xenonkungen.com\/\",\"name\":\"Xenonkungen\",\"description\":\"\",\"potentialAction\":[{\"@type\":\"SearchAction\",\"target\":{\"@type\":\"EntryPoint\",\"urlTemplate\":\"https:\/\/xenonkungen.com\/?s={search_term_string}\"},\"query-input\":{\"@type\":\"PropertyValueSpecification\",\"valueRequired\":true,\"valueName\":\"search_term_string\"}}],\"inLanguage\":\"de\"}]}<\/script>\n<!-- \/ Yoast SEO plugin. -->","yoast_head_json":{"title":"MC Dynamische R\u00fcckleuchte | Rot\/Bremslicht - Xenonkungen","robots":{"index":"index","follow":"follow","max-snippet":"max-snippet:-1","max-image-preview":"max-image-preview:large","max-video-preview":"max-video-preview:-1"},"canonical":"https:\/\/xenonkungen.com\/de\/produkt\/mc-dynamic-bremsleuchte-hinten\/","og_locale":"de_DE","og_type":"article","og_title":"MC Dynamisk Bakmarkering | R\u00f6d\/Bromsljus - Xenonkungen","og_description":"Ge din motorcykel ett sportigt och s\u00e4kert utseende med v\u00e5r MC Dynamisk Bakmarkering i r\u00f6tt. Denna dynamiska markering ger dig \u00f6kad synlighet och signalerar direkt till andra trafikanter. Enkel installation och passar alla motorcyklar. Best\u00e4ll din MC Dynamisk Bakmarkering redan idag och ta din s\u00e4kerhet och stil till n\u00e4sta niv\u00e5!","og_url":"https:\/\/xenonkungen.com\/de\/produkt\/mc-dynamic-bremsleuchte-hinten\/","og_site_name":"Xenonkungen","article_modified_time":"2026-03-17T08:55:26+00:00","og_image":[{"width":2560,"height":2560,"url":"https:\/\/xenonkungen.com\/wp-content\/uploads\/2025\/04\/XAR_L2ag-1-scaled.png","type":"image\/png"}],"twitter_card":"summary_large_image","twitter_misc":{"Gesch\u00e4tzte Lesezeit":"2\u00a0Minuten"},"schema":{"@context":"https:\/\/schema.org","@graph":[{"@type":"WebPage","@id":"https:\/\/xenonkungen.com\/produkt\/mc-dynamisk-bakmarkering-rod-bromsljus\/","url":"https:\/\/xenonkungen.com\/produkt\/mc-dynamisk-bakmarkering-rod-bromsljus\/","name":"MC Dynamische R\u00fcckleuchte | Rot\/Bremslicht - Xenonkungen","isPartOf":{"@id":"https:\/\/xenonkungen.com\/#website"},"primaryImageOfPage":{"@id":"https:\/\/xenonkungen.com\/produkt\/mc-dynamisk-bakmarkering-rod-bromsljus\/#primaryimage"},"image":{"@id":"https:\/\/xenonkungen.com\/produkt\/mc-dynamisk-bakmarkering-rod-bromsljus\/#primaryimage"},"thumbnailUrl":"https:\/\/xenonkungen.com\/wp-content\/uploads\/2025\/04\/XAR_L2ag-1-scaled.png","datePublished":"2025-04-15T09:05:16+00:00","dateModified":"2026-03-17T08:55:26+00:00","breadcrumb":{"@id":"https:\/\/xenonkungen.com\/produkt\/mc-dynamisk-bakmarkering-rod-bromsljus\/#breadcrumb"},"inLanguage":"de","potentialAction":[{"@type":"ReadAction","target":["https:\/\/xenonkungen.com\/produkt\/mc-dynamisk-bakmarkering-rod-bromsljus\/"]}]},{"@type":"ImageObject","inLanguage":"de","@id":"https:\/\/xenonkungen.com\/produkt\/mc-dynamisk-bakmarkering-rod-bromsljus\/#primaryimage","url":"https:\/\/xenonkungen.com\/wp-content\/uploads\/2025\/04\/XAR_L2ag-1-scaled.png","contentUrl":"https:\/\/xenonkungen.com\/wp-content\/uploads\/2025\/04\/XAR_L2ag-1-scaled.png","width":2560,"height":2560},{"@type":"BreadcrumbList","@id":"https:\/\/xenonkungen.com\/produkt\/mc-dynamisk-bakmarkering-rod-bromsljus\/#breadcrumb","itemListElement":[{"@type":"ListItem","position":1,"name":"Hem","item":"https:\/\/xenonkungen.com\/"},{"@type":"ListItem","position":2,"name":"Shop","item":"https:\/\/xenonkungen.com\/shop\/"},{"@type":"ListItem","position":3,"name":"MC Dynamisk Bakmarkering | R\u00f6d\/Bromsljus"}]},{"@type":"WebSite","@id":"https:\/\/xenonkungen.com\/#website","url":"https:\/\/xenonkungen.com\/","name":"Xenonkungen","description":"","potentialAction":[{"@type":"SearchAction","target":{"@type":"EntryPoint","urlTemplate":"https:\/\/xenonkungen.com\/?s={search_term_string}"},"query-input":{"@type":"PropertyValueSpecification","valueRequired":true,"valueName":"search_term_string"}}],"inLanguage":"de"}]}},"taxonomy_info":{"anvandningsomrade":[{"value":165,"label":"ATV"},{"value":2709,"label":"ATV \/ Sn\u00f6skoter"},{"value":234,"label":"MC"}],"product_cat":[{"value":2811,"label":"Bak"},{"value":2552,"label":"Bakljus"},{"value":2477,"label":"Blinkers"},{"value":2812,"label":"Kombo"},{"value":2478,"label":"Positionsljus"},{"value":1064,"label":"Baklampor"},{"value":1833,"label":"Bakmarkering"}]},"featured_image_src_large":["https:\/\/xenonkungen.com\/wp-content\/uploads\/2025\/04\/XAR_L2ag-1-1024x1024.png",1024,1024,true],"author_info":[],"comment_info":0,"_links":{"self":[{"href":"https:\/\/xenonkungen.com\/de\/wp-json\/wp\/v2\/product\/4093","targetHints":{"allow":["GET"]}}],"collection":[{"href":"https:\/\/xenonkungen.com\/de\/wp-json\/wp\/v2\/product"}],"about":[{"href":"https:\/\/xenonkungen.com\/de\/wp-json\/wp\/v2\/types\/product"}],"replies":[{"embeddable":true,"href":"https:\/\/xenonkungen.com\/de\/wp-json\/wp\/v2\/comments?post=4093"}],"wp:featuredmedia":[{"embeddable":true,"href":"https:\/\/xenonkungen.com\/de\/wp-json\/wp\/v2\/media\/4094"}],"wp:attachment":[{"href":"https:\/\/xenonkungen.com\/de\/wp-json\/wp\/v2\/media?parent=4093"}],"wp:term":[{"taxonomy":"anvandningsomrade","embeddable":true,"href":"https:\/\/xenonkungen.com\/de\/wp-json\/wp\/v2\/anvandningsomrade?post=4093"},{"taxonomy":"bilmarken","embeddable":true,"href":"https:\/\/xenonkungen.com\/de\/wp-json\/wp\/v2\/bilmarken?post=4093"},{"taxonomy":"product_brand","embeddable":true,"href":"https:\/\/xenonkungen.com\/de\/wp-json\/wp\/v2\/product_brand?post=4093"},{"taxonomy":"product_cat","embeddable":true,"href":"https:\/\/xenonkungen.com\/de\/wp-json\/wp\/v2\/product_cat?post=4093"},{"taxonomy":"product_tag","embeddable":true,"href":"https:\/\/xenonkungen.com\/de\/wp-json\/wp\/v2\/product_tag?post=4093"}],"curies":[{"name":"wp","href":"https:\/\/api.w.org\/{rel}","templated":true}]}}