{"id":4227,"date":"2025-04-15T09:08:12","date_gmt":"2025-04-15T09:08:12","guid":{"rendered":"https:\/\/xenonkungen.com\/product\/pt-lazer-linear-18-elite-pos-med-faste-och-canbus\/"},"modified":"2026-04-24T17:24:08","modified_gmt":"2026-04-24T16:24:08","slug":"pt-lazer-linear-18-elite-pos-mit-festanschluss-und-can-bus","status":"publish","type":"product","link":"https:\/\/xenonkungen.com\/de\/produkt\/pt-lazer-linear-18-elite-pos-mit-festanschluss-und-can-bus\/","title":{"rendered":"PT Lazer Linear 18 Elite pos mit Halterung und Canbus"},"content":{"rendered":"<h1>Lazers Linear Serie - Hochwertige Zusatzscheinwerfer f\u00fcr den t\u00e4glichen Gebrauch<\/h1>\n<h2>Hervorragende Leistung und aerodynamisches Design<\/h2>\n<p>Die Lazers Linear-Serie ist die ultimative Wahl f\u00fcr alle, die nach hochwertigen Zusatzscheinwerfern f\u00fcr den t\u00e4glichen Gebrauch suchen. Die Serie ist sowohl in der Standard- als auch in der Elite-Version erh\u00e4ltlich und kombiniert au\u00dfergew\u00f6hnliche Lichtleistung mit einem schlanken und aerodynamischen Design. Diese Rampen lassen sich mit den mitgelieferten Edelstahlhalterungen leicht installieren und sorgen f\u00fcr eine hervorragende Beleuchtung auf der Stra\u00dfe. Die in sechs verschiedenen L\u00e4ngen von 232 mm bis 1282 mm erh\u00e4ltliche Linear Standard hat eine H\u00f6he von nur 40 mm und eine Tiefe von 62 mm und eignet sich damit ideal f\u00fcr die Installation auch bei beengten Platzverh\u00e4ltnissen. Jede Rampe ist mit einer Reihe hochwertiger 3W-LEDs hinter einer unzerbrechlichen Polycarbonatlinse ausgestattet. Die Linse ist beschichtet, um Schnee und Schmutz, die die Lichtausbeute beeintr\u00e4chtigen k\u00f6nnten, abzuwehren. Das leichte Aluminiumgeh\u00e4use und die schlanken Abmessungen halten das Gewicht der Rampe auf einem Minimum, w\u00e4hrend das aerodynamische Design daf\u00fcr sorgt, dass sie sich perfekt einf\u00fcgt, ganz gleich, ob Sie sich f\u00fcr eine Montage an der Front oder auf dem Dach des Autos entscheiden. Die Linear Standard ist eine Rampe, die Ihnen lange Zeit Freude bereiten wird!<\/p>\n<p>Erleben Sie die Premium-Qualit\u00e4t der Lazers Linear-Reihe und erhalten Sie eine 5-Jahres-Funktionsgarantie! Kontaktieren Sie uns noch heute f\u00fcr weitere Informationen.<\/p>","protected":false},"excerpt":{"rendered":"<p>Lazers Linear-serien &#8211; H\u00f6gklassiga extraljusramper f\u00f6r vardagsbruk Enast\u00e5ende prestanda och aerodynamisk design Lazers Linear-serien \u00e4r det ultimata valet f\u00f6r dig som s\u00f6ker h\u00f6gkvalitativa extraljusramper f\u00f6r daglig anv\u00e4ndning. Serien finns i b\u00e5de Standard och Elite-utf\u00f6rande och kombinerar exceptionell ljusprestanda med en slimmad och aerodynamisk design. Dessa ramper \u00e4r l\u00e4tta att montera med de medf\u00f6ljande rostfria f\u00e4stena [&hellip;]<\/p>","protected":false},"featured_media":4228,"comment_status":"closed","ping_status":"open","template":"","meta":{"_acf_changed":false,"_smort_price_nok":"11295","_smort_price_dkk":"7176","_smort_price_eur":"961.32","_smort_sale_price_nok":"","_smort_sale_price_dkk":"","_smort_sale_price_eur":"","smort_restorder":"","shipmondo_restorder":"","_kad_blocks_custom_css":"","_kad_blocks_head_custom_js":"","_kad_blocks_body_custom_js":"","_kad_blocks_footer_custom_js":"","smort_custom_pricelist_1":"7564.8","smort_custom_pricelist_2":"7564.8","smort_custom_pricelist_3":"7564.8","smort_custom_pricelist_4":"9456","smort_custom_pricelist_5":"7564.8"},"anvandningsomrade":[],"bilmarken":[],"product_brand":[1124],"product_cat":[2539,2596],"product_tag":[2735],"class_list":{"0":"post-4227","1":"product","2":"type-product","3":"status-publish","4":"has-post-thumbnail","6":"product_brand-lazer","7":"product_cat-ledramper","8":"product_cat-paket","9":"product_tag-lazer","10":"pa_fargtemperatur-5000k","11":"pa_godkannande-ece-r112","12":"pa_led-chips-effekt-w-1336","13":"pa_storlek-mm-532x62x40","14":"pa_stromforbrukning-44a144v","15":"pa_volt-v-multivolt-10-12-16-18-24-28-30-32","17":"first","18":"onbackorder","19":"taxable","20":"shipping-taxable","21":"purchasable","22":"product-type-simple"},"bundled_by":[],"bundle_stock_status":"onbackorder","bundle_stock_quantity":0,"bundle_virtual":false,"bundle_layout":"","bundle_add_to_cart_form_location":"","bundle_editable_in_cart":false,"bundle_sold_individually_context":"","bundle_item_grouping":"","bundle_min_size":"","bundle_max_size":"","bundle_price":[],"bundled_items":[],"bundle_sell_ids":[],"acf":[],"yoast_head":"<!-- This site is optimized with the Yoast SEO plugin v27.0 - https:\/\/yoast.com\/product\/yoast-seo-wordpress\/ -->\n<title>PT Lazer Linear 18 Elite pos med f\u00e4ste och Canbus - Xenonkungen<\/title>\n<meta name=\"robots\" content=\"index, follow, max-snippet:-1, max-image-preview:large, max-video-preview:-1\" \/>\n<link rel=\"canonical\" href=\"https:\/\/xenonkungen.com\/de\/produkt\/pt-lazer-linear-18-elite-pos-mit-festanschluss-und-can-bus\/\" \/>\n<meta property=\"og:locale\" content=\"de_DE\" \/>\n<meta property=\"og:type\" content=\"article\" \/>\n<meta property=\"og:title\" content=\"PT Lazer Linear 18 Elite pos med f\u00e4ste och Canbus - Xenonkungen\" \/>\n<meta property=\"og:description\" content=\"Lazers Linear-serien &#8211; H\u00f6gklassiga extraljusramper f\u00f6r vardagsbruk Enast\u00e5ende prestanda och aerodynamisk design Lazers Linear-serien \u00e4r det ultimata valet f\u00f6r dig som s\u00f6ker h\u00f6gkvalitativa extraljusramper f\u00f6r daglig anv\u00e4ndning. Serien finns i b\u00e5de Standard och Elite-utf\u00f6rande och kombinerar exceptionell ljusprestanda med en slimmad och aerodynamisk design. Dessa ramper \u00e4r l\u00e4tta att montera med de medf\u00f6ljande rostfria f\u00e4stena [&hellip;]\" \/>\n<meta property=\"og:url\" content=\"https:\/\/xenonkungen.com\/de\/produkt\/pt-lazer-linear-18-elite-pos-mit-festanschluss-und-can-bus\/\" \/>\n<meta property=\"og:site_name\" content=\"Xenonkungen\" \/>\n<meta property=\"article:modified_time\" content=\"2026-04-24T16:24:08+00:00\" \/>\n<meta property=\"og:image\" content=\"https:\/\/xenonkungen.com\/wp-content\/uploads\/2025\/04\/1592071_itemimage_mainfront.jpg\" \/>\n\t<meta property=\"og:image:width\" content=\"2048\" \/>\n\t<meta property=\"og:image:height\" content=\"1536\" \/>\n\t<meta property=\"og:image:type\" content=\"image\/jpeg\" \/>\n<meta name=\"twitter:card\" content=\"summary_large_image\" \/>\n<meta name=\"twitter:label1\" content=\"Gesch\u00e4tzte Lesezeit\" \/>\n\t<meta name=\"twitter:data1\" content=\"1\u00a0Minute\" \/>\n<script type=\"application\/ld+json\" class=\"yoast-schema-graph\">{\"@context\":\"https:\/\/schema.org\",\"@graph\":[{\"@type\":\"WebPage\",\"@id\":\"https:\/\/xenonkungen.com\/produkt\/pt-lazer-linear-18-elite-pos-med-faste-och-canbus\/\",\"url\":\"https:\/\/xenonkungen.com\/produkt\/pt-lazer-linear-18-elite-pos-med-faste-och-canbus\/\",\"name\":\"PT Lazer Linear 18 Elite pos med f\u00e4ste och Canbus - Xenonkungen\",\"isPartOf\":{\"@id\":\"https:\/\/xenonkungen.com\/#website\"},\"primaryImageOfPage\":{\"@id\":\"https:\/\/xenonkungen.com\/produkt\/pt-lazer-linear-18-elite-pos-med-faste-och-canbus\/#primaryimage\"},\"image\":{\"@id\":\"https:\/\/xenonkungen.com\/produkt\/pt-lazer-linear-18-elite-pos-med-faste-och-canbus\/#primaryimage\"},\"thumbnailUrl\":\"https:\/\/xenonkungen.com\/wp-content\/uploads\/2025\/04\/1592071_itemimage_mainfront.jpg\",\"datePublished\":\"2025-04-15T09:08:12+00:00\",\"dateModified\":\"2026-04-24T16:24:08+00:00\",\"breadcrumb\":{\"@id\":\"https:\/\/xenonkungen.com\/produkt\/pt-lazer-linear-18-elite-pos-med-faste-och-canbus\/#breadcrumb\"},\"inLanguage\":\"de\",\"potentialAction\":[{\"@type\":\"ReadAction\",\"target\":[\"https:\/\/xenonkungen.com\/produkt\/pt-lazer-linear-18-elite-pos-med-faste-och-canbus\/\"]}]},{\"@type\":\"ImageObject\",\"inLanguage\":\"de\",\"@id\":\"https:\/\/xenonkungen.com\/produkt\/pt-lazer-linear-18-elite-pos-med-faste-och-canbus\/#primaryimage\",\"url\":\"https:\/\/xenonkungen.com\/wp-content\/uploads\/2025\/04\/1592071_itemimage_mainfront.jpg\",\"contentUrl\":\"https:\/\/xenonkungen.com\/wp-content\/uploads\/2025\/04\/1592071_itemimage_mainfront.jpg\",\"width\":2048,\"height\":1536},{\"@type\":\"BreadcrumbList\",\"@id\":\"https:\/\/xenonkungen.com\/produkt\/pt-lazer-linear-18-elite-pos-med-faste-och-canbus\/#breadcrumb\",\"itemListElement\":[{\"@type\":\"ListItem\",\"position\":1,\"name\":\"Hem\",\"item\":\"https:\/\/xenonkungen.com\/\"},{\"@type\":\"ListItem\",\"position\":2,\"name\":\"Shop\",\"item\":\"https:\/\/xenonkungen.com\/shop\/\"},{\"@type\":\"ListItem\",\"position\":3,\"name\":\"PT Lazer Linear 18 Elite pos med f\u00e4ste och Canbus\"}]},{\"@type\":\"WebSite\",\"@id\":\"https:\/\/xenonkungen.com\/#website\",\"url\":\"https:\/\/xenonkungen.com\/\",\"name\":\"Xenonkungen\",\"description\":\"\",\"potentialAction\":[{\"@type\":\"SearchAction\",\"target\":{\"@type\":\"EntryPoint\",\"urlTemplate\":\"https:\/\/xenonkungen.com\/?s={search_term_string}\"},\"query-input\":{\"@type\":\"PropertyValueSpecification\",\"valueRequired\":true,\"valueName\":\"search_term_string\"}}],\"inLanguage\":\"de\"}]}<\/script>\n<!-- \/ Yoast SEO plugin. -->","yoast_head_json":{"title":"PT Lazer Linear 18 Elite pos mit Halterung und Canbus - Xenonkungen","robots":{"index":"index","follow":"follow","max-snippet":"max-snippet:-1","max-image-preview":"max-image-preview:large","max-video-preview":"max-video-preview:-1"},"canonical":"https:\/\/xenonkungen.com\/de\/produkt\/pt-lazer-linear-18-elite-pos-mit-festanschluss-und-can-bus\/","og_locale":"de_DE","og_type":"article","og_title":"PT Lazer Linear 18 Elite pos med f\u00e4ste och Canbus - Xenonkungen","og_description":"Lazers Linear-serien &#8211; H\u00f6gklassiga extraljusramper f\u00f6r vardagsbruk Enast\u00e5ende prestanda och aerodynamisk design Lazers Linear-serien \u00e4r det ultimata valet f\u00f6r dig som s\u00f6ker h\u00f6gkvalitativa extraljusramper f\u00f6r daglig anv\u00e4ndning. Serien finns i b\u00e5de Standard och Elite-utf\u00f6rande och kombinerar exceptionell ljusprestanda med en slimmad och aerodynamisk design. Dessa ramper \u00e4r l\u00e4tta att montera med de medf\u00f6ljande rostfria f\u00e4stena [&hellip;]","og_url":"https:\/\/xenonkungen.com\/de\/produkt\/pt-lazer-linear-18-elite-pos-mit-festanschluss-und-can-bus\/","og_site_name":"Xenonkungen","article_modified_time":"2026-04-24T16:24:08+00:00","og_image":[{"width":2048,"height":1536,"url":"https:\/\/xenonkungen.com\/wp-content\/uploads\/2025\/04\/1592071_itemimage_mainfront.jpg","type":"image\/jpeg"}],"twitter_card":"summary_large_image","twitter_misc":{"Gesch\u00e4tzte Lesezeit":"1\u00a0Minute"},"schema":{"@context":"https:\/\/schema.org","@graph":[{"@type":"WebPage","@id":"https:\/\/xenonkungen.com\/produkt\/pt-lazer-linear-18-elite-pos-med-faste-och-canbus\/","url":"https:\/\/xenonkungen.com\/produkt\/pt-lazer-linear-18-elite-pos-med-faste-och-canbus\/","name":"PT Lazer Linear 18 Elite pos mit Halterung und Canbus - Xenonkungen","isPartOf":{"@id":"https:\/\/xenonkungen.com\/#website"},"primaryImageOfPage":{"@id":"https:\/\/xenonkungen.com\/produkt\/pt-lazer-linear-18-elite-pos-med-faste-och-canbus\/#primaryimage"},"image":{"@id":"https:\/\/xenonkungen.com\/produkt\/pt-lazer-linear-18-elite-pos-med-faste-och-canbus\/#primaryimage"},"thumbnailUrl":"https:\/\/xenonkungen.com\/wp-content\/uploads\/2025\/04\/1592071_itemimage_mainfront.jpg","datePublished":"2025-04-15T09:08:12+00:00","dateModified":"2026-04-24T16:24:08+00:00","breadcrumb":{"@id":"https:\/\/xenonkungen.com\/produkt\/pt-lazer-linear-18-elite-pos-med-faste-och-canbus\/#breadcrumb"},"inLanguage":"de","potentialAction":[{"@type":"ReadAction","target":["https:\/\/xenonkungen.com\/produkt\/pt-lazer-linear-18-elite-pos-med-faste-och-canbus\/"]}]},{"@type":"ImageObject","inLanguage":"de","@id":"https:\/\/xenonkungen.com\/produkt\/pt-lazer-linear-18-elite-pos-med-faste-och-canbus\/#primaryimage","url":"https:\/\/xenonkungen.com\/wp-content\/uploads\/2025\/04\/1592071_itemimage_mainfront.jpg","contentUrl":"https:\/\/xenonkungen.com\/wp-content\/uploads\/2025\/04\/1592071_itemimage_mainfront.jpg","width":2048,"height":1536},{"@type":"BreadcrumbList","@id":"https:\/\/xenonkungen.com\/produkt\/pt-lazer-linear-18-elite-pos-med-faste-och-canbus\/#breadcrumb","itemListElement":[{"@type":"ListItem","position":1,"name":"Hem","item":"https:\/\/xenonkungen.com\/"},{"@type":"ListItem","position":2,"name":"Shop","item":"https:\/\/xenonkungen.com\/shop\/"},{"@type":"ListItem","position":3,"name":"PT Lazer Linear 18 Elite pos med f\u00e4ste och Canbus"}]},{"@type":"WebSite","@id":"https:\/\/xenonkungen.com\/#website","url":"https:\/\/xenonkungen.com\/","name":"Xenonkungen","description":"","potentialAction":[{"@type":"SearchAction","target":{"@type":"EntryPoint","urlTemplate":"https:\/\/xenonkungen.com\/?s={search_term_string}"},"query-input":{"@type":"PropertyValueSpecification","valueRequired":true,"valueName":"search_term_string"}}],"inLanguage":"de"}]}},"taxonomy_info":{"product_brand":[{"value":1124,"label":"Lazer"}],"product_cat":[{"value":2539,"label":"LEDRAMPER"},{"value":2596,"label":"Paket"}],"product_tag":[{"value":2735,"label":"Lazer"}],"pa_fargtemperatur":[{"value":154,"label":"5000K"}],"pa_godkannande":[{"value":1123,"label":"ECE, R112"}],"pa_led-chips-effekt-w":[{"value":1336,"label":"63"}],"pa_storlek-mm":[{"value":1132,"label":"532x62x40"}],"pa_stromforbrukning":[{"value":1337,"label":"4,4A@14,4V"}],"pa_volt-v":[{"value":1084,"label":"Multivolt, 10, 12, 16, 18, 24, 28, 30, 32"}]},"featured_image_src_large":["https:\/\/xenonkungen.com\/wp-content\/uploads\/2025\/04\/1592071_itemimage_mainfront-1024x768.jpg",1024,768,true],"author_info":[],"comment_info":0,"_links":{"self":[{"href":"https:\/\/xenonkungen.com\/de\/wp-json\/wp\/v2\/product\/4227","targetHints":{"allow":["GET"]}}],"collection":[{"href":"https:\/\/xenonkungen.com\/de\/wp-json\/wp\/v2\/product"}],"about":[{"href":"https:\/\/xenonkungen.com\/de\/wp-json\/wp\/v2\/types\/product"}],"replies":[{"embeddable":true,"href":"https:\/\/xenonkungen.com\/de\/wp-json\/wp\/v2\/comments?post=4227"}],"wp:featuredmedia":[{"embeddable":true,"href":"https:\/\/xenonkungen.com\/de\/wp-json\/wp\/v2\/media\/4228"}],"wp:attachment":[{"href":"https:\/\/xenonkungen.com\/de\/wp-json\/wp\/v2\/media?parent=4227"}],"wp:term":[{"taxonomy":"anvandningsomrade","embeddable":true,"href":"https:\/\/xenonkungen.com\/de\/wp-json\/wp\/v2\/anvandningsomrade?post=4227"},{"taxonomy":"bilmarken","embeddable":true,"href":"https:\/\/xenonkungen.com\/de\/wp-json\/wp\/v2\/bilmarken?post=4227"},{"taxonomy":"product_brand","embeddable":true,"href":"https:\/\/xenonkungen.com\/de\/wp-json\/wp\/v2\/product_brand?post=4227"},{"taxonomy":"product_cat","embeddable":true,"href":"https:\/\/xenonkungen.com\/de\/wp-json\/wp\/v2\/product_cat?post=4227"},{"taxonomy":"product_tag","embeddable":true,"href":"https:\/\/xenonkungen.com\/de\/wp-json\/wp\/v2\/product_tag?post=4227"}],"curies":[{"name":"wp","href":"https:\/\/api.w.org\/{rel}","templated":true}]}}