{"id":4239,"date":"2025-04-15T09:08:32","date_gmt":"2025-04-15T09:08:32","guid":{"rendered":"https:\/\/xenonkungen.com\/product\/lazer-triple-r-850-extraljusramp-127-322-mm-pos-ljus\/"},"modified":"2026-04-24T17:24:16","modified_gmt":"2026-04-24T16:24:16","slug":"lazer-triple-r-850-extra-light-bar-127-322-mm-pos-light","status":"publish","type":"product","link":"https:\/\/xenonkungen.com\/de\/produkt\/lazer-triple-r-850-extra-light-bar-127-322-mm-pos-light\/","title":{"rendered":"Lazer Triple-R 850 Zusatzscheinwerferleiste 12,7\u2033 (322 mm) Positionsleuchte"},"content":{"rendered":"<h2>Lazer Triple-R \u2013 Rohe Kraft und Pr\u00e4zision im kompakten Format<\/h2>\n<p><strong>Lazer Triple-R-Serie<\/strong> Entwickelt f\u00fcr die hohen Anforderungen im professionellen Rallye- und Motorsport, bietet es jetzt dieselbe Leistung auch f\u00fcr Ihr Auto, Ihren Pickup oder Ihren Lkw. Ob auf der Autobahn, im Gel\u00e4nde oder auf der Rennstrecke \u2013 Sie erleben erstklassige Lichteffekte.<\/p>\n<h3>Standard &amp; Elite \u2013 W\u00e4hlen Sie die gew\u00fcnschte Stufe.<\/h3>\n<p>Die Serie ist in beiden Formaten erh\u00e4ltlich. <strong>Standard<\/strong>- Und <strong>Elite<\/strong>-Design. Mit modernster LED-Technologie und optimierter Reflektoroptik bietet die Triple-R eine <strong>extremer Bereich<\/strong> und \u2013 in der Elite-Version \u2013 ein <strong>leistungsstarke seitliche Lichtverteilung<\/strong>, perfekt, um sich einen \u00dcberblick \u00fcber Stra\u00dfenr\u00e4nder oder Waldgebiete zu verschaffen.<\/p>\n<h3>Ideal f\u00fcr die Dachmontage<\/h3>\n<p>Triple-R&#039;s <strong>geringe vertikale Lichtstreuung<\/strong> Dadurch eignet es sich ideal f\u00fcr die Montage auf D\u00e4chern, ohne st\u00f6rende Reflexionen von der Motorhaube zu verursachen.<\/p>\n<h3>Flexibles Design in vier Gr\u00f6\u00dfen<\/h3>\n<p>Triple-R Standard ist in vier L\u00e4ngen erh\u00e4ltlich (<strong>230\u2013590 mm<\/strong>) und hat ein kompaktes Profil von nur 73 mm H\u00f6he und 105 mm Tiefe \u2013 l\u00e4sst sich problemlos in jedes Fahrzeug integrieren.<\/p>\n<h3>Positionsleuchten in Wei\u00df oder Orange<\/h3>\n<p>F\u00fcr alle, die auch bei Tageslicht auffallen m\u00f6chten, gibt es die M\u00f6glichkeit, dies zu aktivieren. <strong>integriertes Positionslicht<\/strong> In Wei\u00df oder Orange \u2013 ein stilvolles Detail, das Aufmerksamkeit erregt.<\/p>\n<h3>E-Boost \u2013 Maximale Helligkeit in einer Sekunde<\/h3>\n<p>Die Modelle <strong>Triple-R 1000<\/strong> und <strong>1250<\/strong> sind ausgestattet mit <strong>E-Boost-Funktion<\/strong> was das Ganze ergibt <strong>9240 und 13.860 Lumen<\/strong> \u2013 perfekt f\u00fcr Offroad-Fahrten und Rallyes. Bei Fahrten auf \u00f6ffentlichen Stra\u00dfen k\u00f6nnen Sie problemlos in einen anderen Modus wechseln. <strong>E-gepr\u00fcfter Modus<\/strong> was immer noch eine beeindruckende Helligkeit bietet.<\/p>\n<h3>Zus\u00e4tzliche Sicherheit durch Warnleuchten<\/h3>\n<p>Triple-R 1000 ist auch erh\u00e4ltlich mit <strong>integriertes blinkendes Warnlicht<\/strong> \u2013 perfekt f\u00fcr Einsatzfahrzeuge, Servicefahrzeuge oder Arbeitspl\u00e4tze mit hohen Sicherheitsanforderungen.<\/p>\n<h3>Sicherheit inklusive<\/h3>\n<p>Alle Lampen der Triple-R-Serie sind abgedeckt durch <strong>5 Jahre Funktionsgarantie<\/strong>Sie investieren nicht nur in leistungsstarkes Licht \u2013 Sie investieren in zuverl\u00e4ssige Leistung Jahr f\u00fcr Jahr.<\/p>\n<p><strong>Triple-R von Lazer \u2013 f\u00fcr alle, die nur das Beste wollen, egal ob auf der Stra\u00dfe oder bei jedem Wetter.<\/strong><\/p>","protected":false},"excerpt":{"rendered":"<p>Lazer Triple-R \u2013 R\u00e5styrka och precision i ett kompakt format Lazer Triple-R-serien \u00e4r skapad f\u00f6r att m\u00f6ta de h\u00f6gt st\u00e4llda kraven fr\u00e5n professionell rally- och motorsport \u2013 och levererar nu samma prestanda till din personbil, pickup eller tunga lastbil. Oavsett om du k\u00f6r p\u00e5 landsv\u00e4g, i skogen eller p\u00e5 t\u00e4vlingsbana f\u00e5r du en ljusupplevelse i [&hellip;]<\/p>","protected":false},"featured_media":4240,"comment_status":"closed","ping_status":"open","template":"","meta":{"_acf_changed":false,"_smort_price_nok":"5474","_smort_price_dkk":"3478","_smort_price_eur":"465.89","_smort_sale_price_nok":"","_smort_sale_price_dkk":"","_smort_sale_price_eur":"","smort_restorder":"","shipmondo_restorder":"","_kad_blocks_custom_css":"","_kad_blocks_head_custom_js":"","_kad_blocks_body_custom_js":"","_kad_blocks_footer_custom_js":"","smort_custom_pricelist_1":"3280","smort_custom_pricelist_2":"3280","smort_custom_pricelist_3":"3280","smort_custom_pricelist_4":"4100","smort_custom_pricelist_5":"3280"},"anvandningsomrade":[],"bilmarken":[],"product_brand":[1124],"product_cat":[2561,2966,2539],"product_tag":[2735],"class_list":{"0":"post-4239","1":"product","2":"type-product","3":"status-publish","4":"has-post-thumbnail","6":"product_brand-lazer","7":"product_cat-lazer","8":"product_cat-ledramp-rak","9":"product_cat-ledramper","10":"product_tag-lazer","11":"pa_fargtemperatur-5000k","12":"pa_fuktskydd-varde-ipxx-ip67","13":"pa_godkannande-ece-r112","14":"pa_led-chips-effekt-w-1319","15":"pa_storlek-mm-322x73x105","16":"pa_stromforbrukning-46a144v","17":"pa_volt-v-multivolt-10-12-16-18-24-28-30-32","19":"first","20":"onbackorder","21":"taxable","22":"shipping-taxable","23":"purchasable","24":"product-type-simple"},"bundled_by":[],"bundle_stock_status":"onbackorder","bundle_stock_quantity":0,"bundle_virtual":false,"bundle_layout":"","bundle_add_to_cart_form_location":"","bundle_editable_in_cart":false,"bundle_sold_individually_context":"","bundle_item_grouping":"","bundle_min_size":"","bundle_max_size":"","bundle_price":[],"bundled_items":[],"bundle_sell_ids":[],"acf":[],"yoast_head":"<!-- This site is optimized with the Yoast SEO plugin v27.0 - https:\/\/yoast.com\/product\/yoast-seo-wordpress\/ -->\n<title>Lazer Triple-R 850 extraljusramp 12,7&quot; (322 mm) pos.ljus - Xenonkungen<\/title>\n<meta name=\"robots\" content=\"index, follow, max-snippet:-1, max-image-preview:large, max-video-preview:-1\" \/>\n<link rel=\"canonical\" href=\"https:\/\/xenonkungen.com\/de\/produkt\/lazer-triple-r-850-extra-light-bar-127-322-mm-pos-light\/\" \/>\n<meta property=\"og:locale\" content=\"de_DE\" \/>\n<meta property=\"og:type\" content=\"article\" \/>\n<meta property=\"og:title\" content=\"Lazer Triple-R 850 extraljusramp 12,7&quot; (322 mm) pos.ljus - Xenonkungen\" \/>\n<meta property=\"og:description\" content=\"Lazer Triple-R \u2013 R\u00e5styrka och precision i ett kompakt format Lazer Triple-R-serien \u00e4r skapad f\u00f6r att m\u00f6ta de h\u00f6gt st\u00e4llda kraven fr\u00e5n professionell rally- och motorsport \u2013 och levererar nu samma prestanda till din personbil, pickup eller tunga lastbil. Oavsett om du k\u00f6r p\u00e5 landsv\u00e4g, i skogen eller p\u00e5 t\u00e4vlingsbana f\u00e5r du en ljusupplevelse i [&hellip;]\" \/>\n<meta property=\"og:url\" content=\"https:\/\/xenonkungen.com\/de\/produkt\/lazer-triple-r-850-extra-light-bar-127-322-mm-pos-light\/\" \/>\n<meta property=\"og:site_name\" content=\"Xenonkungen\" \/>\n<meta property=\"article:modified_time\" content=\"2026-04-24T16:24:16+00:00\" \/>\n<meta property=\"og:image\" content=\"https:\/\/xenonkungen.com\/wp-content\/uploads\/2025\/04\/159232_itemimage_mainfront.jpg\" \/>\n\t<meta property=\"og:image:width\" content=\"2048\" \/>\n\t<meta property=\"og:image:height\" content=\"1536\" \/>\n\t<meta property=\"og:image:type\" content=\"image\/jpeg\" \/>\n<meta name=\"twitter:card\" content=\"summary_large_image\" \/>\n<meta name=\"twitter:label1\" content=\"Gesch\u00e4tzte Lesezeit\" \/>\n\t<meta name=\"twitter:data1\" content=\"2\u00a0Minuten\" \/>\n<script type=\"application\/ld+json\" class=\"yoast-schema-graph\">{\"@context\":\"https:\/\/schema.org\",\"@graph\":[{\"@type\":\"WebPage\",\"@id\":\"https:\/\/xenonkungen.com\/produkt\/lazer-triple-r-850-extraljusramp-127-322-mm-pos-ljus\/\",\"url\":\"https:\/\/xenonkungen.com\/produkt\/lazer-triple-r-850-extraljusramp-127-322-mm-pos-ljus\/\",\"name\":\"Lazer Triple-R 850 extraljusramp 12,7\\\" (322 mm) pos.ljus - Xenonkungen\",\"isPartOf\":{\"@id\":\"https:\/\/xenonkungen.com\/#website\"},\"primaryImageOfPage\":{\"@id\":\"https:\/\/xenonkungen.com\/produkt\/lazer-triple-r-850-extraljusramp-127-322-mm-pos-ljus\/#primaryimage\"},\"image\":{\"@id\":\"https:\/\/xenonkungen.com\/produkt\/lazer-triple-r-850-extraljusramp-127-322-mm-pos-ljus\/#primaryimage\"},\"thumbnailUrl\":\"https:\/\/xenonkungen.com\/wp-content\/uploads\/2025\/04\/159232_itemimage_mainfront.jpg\",\"datePublished\":\"2025-04-15T09:08:32+00:00\",\"dateModified\":\"2026-04-24T16:24:16+00:00\",\"breadcrumb\":{\"@id\":\"https:\/\/xenonkungen.com\/produkt\/lazer-triple-r-850-extraljusramp-127-322-mm-pos-ljus\/#breadcrumb\"},\"inLanguage\":\"de\",\"potentialAction\":[{\"@type\":\"ReadAction\",\"target\":[\"https:\/\/xenonkungen.com\/produkt\/lazer-triple-r-850-extraljusramp-127-322-mm-pos-ljus\/\"]}]},{\"@type\":\"ImageObject\",\"inLanguage\":\"de\",\"@id\":\"https:\/\/xenonkungen.com\/produkt\/lazer-triple-r-850-extraljusramp-127-322-mm-pos-ljus\/#primaryimage\",\"url\":\"https:\/\/xenonkungen.com\/wp-content\/uploads\/2025\/04\/159232_itemimage_mainfront.jpg\",\"contentUrl\":\"https:\/\/xenonkungen.com\/wp-content\/uploads\/2025\/04\/159232_itemimage_mainfront.jpg\",\"width\":2048,\"height\":1536},{\"@type\":\"BreadcrumbList\",\"@id\":\"https:\/\/xenonkungen.com\/produkt\/lazer-triple-r-850-extraljusramp-127-322-mm-pos-ljus\/#breadcrumb\",\"itemListElement\":[{\"@type\":\"ListItem\",\"position\":1,\"name\":\"Hem\",\"item\":\"https:\/\/xenonkungen.com\/\"},{\"@type\":\"ListItem\",\"position\":2,\"name\":\"Shop\",\"item\":\"https:\/\/xenonkungen.com\/shop\/\"},{\"@type\":\"ListItem\",\"position\":3,\"name\":\"Lazer Triple-R 850 extraljusramp 12,7&#8243; (322 mm) pos.ljus\"}]},{\"@type\":\"WebSite\",\"@id\":\"https:\/\/xenonkungen.com\/#website\",\"url\":\"https:\/\/xenonkungen.com\/\",\"name\":\"Xenonkungen\",\"description\":\"\",\"potentialAction\":[{\"@type\":\"SearchAction\",\"target\":{\"@type\":\"EntryPoint\",\"urlTemplate\":\"https:\/\/xenonkungen.com\/?s={search_term_string}\"},\"query-input\":{\"@type\":\"PropertyValueSpecification\",\"valueRequired\":true,\"valueName\":\"search_term_string\"}}],\"inLanguage\":\"de\"}]}<\/script>\n<!-- \/ Yoast SEO plugin. -->","yoast_head_json":{"title":"Lazer Triple-R 850 Zusatzscheinwerferleiste 12,7&quot; (322 mm) Positionslicht - Xenonkungen","robots":{"index":"index","follow":"follow","max-snippet":"max-snippet:-1","max-image-preview":"max-image-preview:large","max-video-preview":"max-video-preview:-1"},"canonical":"https:\/\/xenonkungen.com\/de\/produkt\/lazer-triple-r-850-extra-light-bar-127-322-mm-pos-light\/","og_locale":"de_DE","og_type":"article","og_title":"Lazer Triple-R 850 extraljusramp 12,7\" (322 mm) pos.ljus - Xenonkungen","og_description":"Lazer Triple-R \u2013 R\u00e5styrka och precision i ett kompakt format Lazer Triple-R-serien \u00e4r skapad f\u00f6r att m\u00f6ta de h\u00f6gt st\u00e4llda kraven fr\u00e5n professionell rally- och motorsport \u2013 och levererar nu samma prestanda till din personbil, pickup eller tunga lastbil. Oavsett om du k\u00f6r p\u00e5 landsv\u00e4g, i skogen eller p\u00e5 t\u00e4vlingsbana f\u00e5r du en ljusupplevelse i [&hellip;]","og_url":"https:\/\/xenonkungen.com\/de\/produkt\/lazer-triple-r-850-extra-light-bar-127-322-mm-pos-light\/","og_site_name":"Xenonkungen","article_modified_time":"2026-04-24T16:24:16+00:00","og_image":[{"width":2048,"height":1536,"url":"https:\/\/xenonkungen.com\/wp-content\/uploads\/2025\/04\/159232_itemimage_mainfront.jpg","type":"image\/jpeg"}],"twitter_card":"summary_large_image","twitter_misc":{"Gesch\u00e4tzte Lesezeit":"2\u00a0Minuten"},"schema":{"@context":"https:\/\/schema.org","@graph":[{"@type":"WebPage","@id":"https:\/\/xenonkungen.com\/produkt\/lazer-triple-r-850-extraljusramp-127-322-mm-pos-ljus\/","url":"https:\/\/xenonkungen.com\/produkt\/lazer-triple-r-850-extraljusramp-127-322-mm-pos-ljus\/","name":"Lazer Triple-R 850 Zusatzscheinwerferleiste 12,7&quot; (322 mm) Positionslicht - Xenonkungen","isPartOf":{"@id":"https:\/\/xenonkungen.com\/#website"},"primaryImageOfPage":{"@id":"https:\/\/xenonkungen.com\/produkt\/lazer-triple-r-850-extraljusramp-127-322-mm-pos-ljus\/#primaryimage"},"image":{"@id":"https:\/\/xenonkungen.com\/produkt\/lazer-triple-r-850-extraljusramp-127-322-mm-pos-ljus\/#primaryimage"},"thumbnailUrl":"https:\/\/xenonkungen.com\/wp-content\/uploads\/2025\/04\/159232_itemimage_mainfront.jpg","datePublished":"2025-04-15T09:08:32+00:00","dateModified":"2026-04-24T16:24:16+00:00","breadcrumb":{"@id":"https:\/\/xenonkungen.com\/produkt\/lazer-triple-r-850-extraljusramp-127-322-mm-pos-ljus\/#breadcrumb"},"inLanguage":"de","potentialAction":[{"@type":"ReadAction","target":["https:\/\/xenonkungen.com\/produkt\/lazer-triple-r-850-extraljusramp-127-322-mm-pos-ljus\/"]}]},{"@type":"ImageObject","inLanguage":"de","@id":"https:\/\/xenonkungen.com\/produkt\/lazer-triple-r-850-extraljusramp-127-322-mm-pos-ljus\/#primaryimage","url":"https:\/\/xenonkungen.com\/wp-content\/uploads\/2025\/04\/159232_itemimage_mainfront.jpg","contentUrl":"https:\/\/xenonkungen.com\/wp-content\/uploads\/2025\/04\/159232_itemimage_mainfront.jpg","width":2048,"height":1536},{"@type":"BreadcrumbList","@id":"https:\/\/xenonkungen.com\/produkt\/lazer-triple-r-850-extraljusramp-127-322-mm-pos-ljus\/#breadcrumb","itemListElement":[{"@type":"ListItem","position":1,"name":"Hem","item":"https:\/\/xenonkungen.com\/"},{"@type":"ListItem","position":2,"name":"Shop","item":"https:\/\/xenonkungen.com\/shop\/"},{"@type":"ListItem","position":3,"name":"Lazer Triple-R 850 extraljusramp 12,7&#8243; (322 mm) pos.ljus"}]},{"@type":"WebSite","@id":"https:\/\/xenonkungen.com\/#website","url":"https:\/\/xenonkungen.com\/","name":"Xenonkungen","description":"","potentialAction":[{"@type":"SearchAction","target":{"@type":"EntryPoint","urlTemplate":"https:\/\/xenonkungen.com\/?s={search_term_string}"},"query-input":{"@type":"PropertyValueSpecification","valueRequired":true,"valueName":"search_term_string"}}],"inLanguage":"de"}]}},"taxonomy_info":{"product_brand":[{"value":1124,"label":"Lazer"}],"product_cat":[{"value":2561,"label":"Lazer"},{"value":2966,"label":"Ledramp Rak"},{"value":2539,"label":"LEDRAMPER"}],"product_tag":[{"value":2735,"label":"Lazer"}],"pa_fargtemperatur":[{"value":154,"label":"5000K"}],"pa_fuktskydd-varde-ipxx":[{"value":333,"label":"IP67"}],"pa_godkannande":[{"value":1123,"label":"ECE, R112"}],"pa_led-chips-effekt-w":[{"value":1319,"label":"66"}],"pa_storlek-mm":[{"value":1341,"label":"322x73x105"}],"pa_stromforbrukning":[{"value":1342,"label":"4,6A@14,4V"}],"pa_volt-v":[{"value":1084,"label":"Multivolt, 10, 12, 16, 18, 24, 28, 30, 32"}]},"featured_image_src_large":["https:\/\/xenonkungen.com\/wp-content\/uploads\/2025\/04\/159232_itemimage_mainfront-1024x768.jpg",1024,768,true],"author_info":[],"comment_info":0,"_links":{"self":[{"href":"https:\/\/xenonkungen.com\/de\/wp-json\/wp\/v2\/product\/4239","targetHints":{"allow":["GET"]}}],"collection":[{"href":"https:\/\/xenonkungen.com\/de\/wp-json\/wp\/v2\/product"}],"about":[{"href":"https:\/\/xenonkungen.com\/de\/wp-json\/wp\/v2\/types\/product"}],"replies":[{"embeddable":true,"href":"https:\/\/xenonkungen.com\/de\/wp-json\/wp\/v2\/comments?post=4239"}],"wp:featuredmedia":[{"embeddable":true,"href":"https:\/\/xenonkungen.com\/de\/wp-json\/wp\/v2\/media\/4240"}],"wp:attachment":[{"href":"https:\/\/xenonkungen.com\/de\/wp-json\/wp\/v2\/media?parent=4239"}],"wp:term":[{"taxonomy":"anvandningsomrade","embeddable":true,"href":"https:\/\/xenonkungen.com\/de\/wp-json\/wp\/v2\/anvandningsomrade?post=4239"},{"taxonomy":"bilmarken","embeddable":true,"href":"https:\/\/xenonkungen.com\/de\/wp-json\/wp\/v2\/bilmarken?post=4239"},{"taxonomy":"product_brand","embeddable":true,"href":"https:\/\/xenonkungen.com\/de\/wp-json\/wp\/v2\/product_brand?post=4239"},{"taxonomy":"product_cat","embeddable":true,"href":"https:\/\/xenonkungen.com\/de\/wp-json\/wp\/v2\/product_cat?post=4239"},{"taxonomy":"product_tag","embeddable":true,"href":"https:\/\/xenonkungen.com\/de\/wp-json\/wp\/v2\/product_tag?post=4239"}],"curies":[{"name":"wp","href":"https:\/\/api.w.org\/{rel}","templated":true}]}}