{"id":4258,"date":"2025-04-15T09:09:11","date_gmt":"2025-04-15T09:09:11","guid":{"rendered":"https:\/\/xenonkungen.com\/product\/lazer-triple-r-1000std-vit-e-ljusramp-157-410-mmpos-lj\/"},"modified":"2026-04-24T17:24:20","modified_gmt":"2026-04-24T16:24:20","slug":"lazer-triple-r-1000std-white-e-light-ramp-157-410-mmpos-lj","status":"publish","type":"product","link":"https:\/\/xenonkungen.com\/de\/produkt\/lazer-triple-r-1000std-white-e-light-ramp-157-410-mmpos-lj\/","title":{"rendered":"Lazer Triple-R 1000Std wei\u00df e.lightbar 15,7\u2033 (410 mm)pos.lj"},"content":{"rendered":"<h1>Linear von Lazers: Exklusive Zusatzlichtleisten f\u00fcr den t\u00e4glichen Gebrauch<\/h1>\n<p>Erleben Sie die Premium-Serie Linear von Lazer \u2013 eine Kombination aus leistungsstarken Leuchten und elegantem, aerodynamischem Design. Die Zusatzscheinwerfer sind in den Ausf\u00fchrungen Standard und Elite erh\u00e4ltlich, einfach zu bedienen und bieten eine hervorragende Ausleuchtung f\u00fcr sicheres und komfortables Fahren bei Nacht.<\/p>\n<h2>Optimierte Konstruktion und Montage<\/h2>\n<p>Lineare Standardrampen sind in sechs verschiedenen L\u00e4ngen von 232 bis 1282 mm erh\u00e4ltlich, mit einer H\u00f6he von nur 40 mm und einer Tiefe von 62 mm. Dank ihrer kompakten Abmessungen eignen sie sich perfekt auch f\u00fcr beengte Einbaur\u00e4ume.<\/p>\n<h2>Hervorragende Lichtleistung und Langlebigkeit<\/h2>\n<p>Jede Rampe ist mit hochwertigen 3-W-LEDs hinter einer bruchsicheren Polycarbonatlinse ausgestattet. Die Oberfl\u00e4che der Linse ist schnee- und schmutzabweisend behandelt und gew\u00e4hrleistet eine konstante Lichtleistung. Das leichte Aluminiumgeh\u00e4use und die schlanken Abmessungen minimieren das Gewicht und tragen zur aerodynamischen Form bei.<\/p>\n<p>Linear Standard bietet 5 Jahre Funktionsgarantie. Eine zuverl\u00e4ssige L\u00f6sung f\u00fcr Ihre Beleuchtungsbed\u00fcrfnisse \u2013 und das \u00fcber lange Zeit!<\/p>","protected":false},"excerpt":{"rendered":"<p>Linear fr\u00e5n Lazers: Exklusiva Extraljusramper f\u00f6r Dagligt Bruk Upplev Lazers h\u00f6gklassiga Linear-serie, en kombination av topprestanda ljus och slank, aerodynamisk design. Dessa extraljusramper, tillg\u00e4ngliga i b\u00e5de Standard och Elite, \u00e4r l\u00e4ttanv\u00e4nda och erbjuder spektakul\u00e4r belysning f\u00f6r s\u00e4kert och bekv\u00e4mt nattk\u00f6rning. Optimerad Design och Montering Linear Standard ramper \u00e4r tillg\u00e4ngliga i sex olika l\u00e4ngder, fr\u00e5n 232 [&hellip;]<\/p>","protected":false},"featured_media":4259,"comment_status":"closed","ping_status":"open","template":"","meta":{"_acf_changed":false,"_smort_price_nok":"6345","_smort_price_dkk":"4031","_smort_price_eur":"539.98","_smort_sale_price_nok":"","_smort_sale_price_dkk":"","_smort_sale_price_eur":"","smort_restorder":"","shipmondo_restorder":"","_kad_blocks_custom_css":"","_kad_blocks_head_custom_js":"","_kad_blocks_body_custom_js":"","_kad_blocks_footer_custom_js":"","smort_custom_pricelist_1":"4000","smort_custom_pricelist_2":"4000","smort_custom_pricelist_3":"4000","smort_custom_pricelist_4":"5000","smort_custom_pricelist_5":"4000"},"anvandningsomrade":[],"bilmarken":[],"product_brand":[1124],"product_cat":[2561,2966,2539],"product_tag":[2735],"class_list":{"0":"post-4258","1":"product","2":"type-product","3":"status-publish","4":"has-post-thumbnail","6":"product_brand-lazer","7":"product_cat-lazer","8":"product_cat-ledramp-rak","9":"product_cat-ledramper","10":"product_tag-lazer","11":"pa_fargtemperatur-5000k","12":"pa_fuktskydd-varde-ipxx-ip67","13":"pa_godkannande-ece-r7","14":"pa_lampsockel-kontakt-superseal","15":"pa_led-chips-effekt-w-1338","16":"pa_storlek-mm-532x62x40","17":"pa_stromforbrukning-88a144v","18":"pa_volt-v-multivolt-10-12-16-18-24-28-30-32","20":"first","21":"onbackorder","22":"taxable","23":"shipping-taxable","24":"purchasable","25":"product-type-simple"},"bundled_by":[],"bundle_stock_status":"onbackorder","bundle_stock_quantity":0,"bundle_virtual":false,"bundle_layout":"","bundle_add_to_cart_form_location":"","bundle_editable_in_cart":false,"bundle_sold_individually_context":"","bundle_item_grouping":"","bundle_min_size":"","bundle_max_size":"","bundle_price":[],"bundled_items":[],"bundle_sell_ids":[],"acf":[],"yoast_head":"<!-- This site is optimized with the Yoast SEO plugin v27.0 - https:\/\/yoast.com\/product\/yoast-seo-wordpress\/ -->\n<title>Lazer Triple-R 1000Std vit e.ljusramp 15,7&quot; (410 mm)pos.lj - Xenonkungen<\/title>\n<meta name=\"robots\" content=\"index, follow, max-snippet:-1, max-image-preview:large, max-video-preview:-1\" \/>\n<link rel=\"canonical\" href=\"https:\/\/xenonkungen.com\/de\/produkt\/lazer-triple-r-1000std-white-e-light-ramp-157-410-mmpos-lj\/\" \/>\n<meta property=\"og:locale\" content=\"de_DE\" \/>\n<meta property=\"og:type\" content=\"article\" \/>\n<meta property=\"og:title\" content=\"Lazer Triple-R 1000Std vit e.ljusramp 15,7&quot; (410 mm)pos.lj - Xenonkungen\" \/>\n<meta property=\"og:description\" content=\"Linear fr\u00e5n Lazers: Exklusiva Extraljusramper f\u00f6r Dagligt Bruk Upplev Lazers h\u00f6gklassiga Linear-serie, en kombination av topprestanda ljus och slank, aerodynamisk design. Dessa extraljusramper, tillg\u00e4ngliga i b\u00e5de Standard och Elite, \u00e4r l\u00e4ttanv\u00e4nda och erbjuder spektakul\u00e4r belysning f\u00f6r s\u00e4kert och bekv\u00e4mt nattk\u00f6rning. Optimerad Design och Montering Linear Standard ramper \u00e4r tillg\u00e4ngliga i sex olika l\u00e4ngder, fr\u00e5n 232 [&hellip;]\" \/>\n<meta property=\"og:url\" content=\"https:\/\/xenonkungen.com\/de\/produkt\/lazer-triple-r-1000std-white-e-light-ramp-157-410-mmpos-lj\/\" \/>\n<meta property=\"og:site_name\" content=\"Xenonkungen\" \/>\n<meta property=\"article:modified_time\" content=\"2026-04-24T16:24:20+00:00\" \/>\n<meta property=\"og:image\" content=\"https:\/\/xenonkungen.com\/wp-content\/uploads\/2025\/04\/159235_itemimage_mainfront.jpg\" \/>\n\t<meta property=\"og:image:width\" content=\"2048\" \/>\n\t<meta property=\"og:image:height\" content=\"1536\" \/>\n\t<meta property=\"og:image:type\" content=\"image\/jpeg\" \/>\n<meta name=\"twitter:card\" content=\"summary_large_image\" \/>\n<meta name=\"twitter:label1\" content=\"Gesch\u00e4tzte Lesezeit\" \/>\n\t<meta name=\"twitter:data1\" content=\"1\u00a0Minute\" \/>\n<script type=\"application\/ld+json\" class=\"yoast-schema-graph\">{\"@context\":\"https:\/\/schema.org\",\"@graph\":[{\"@type\":\"WebPage\",\"@id\":\"https:\/\/xenonkungen.com\/no\/produkt\/lazer-triple-r-1000std-hvit-e-lysrampe-157-410-mmpos-lj\/\",\"url\":\"https:\/\/xenonkungen.com\/no\/produkt\/lazer-triple-r-1000std-hvit-e-lysrampe-157-410-mmpos-lj\/\",\"name\":\"Lazer Triple-R 1000Std vit e.ljusramp 15,7\\\" (410 mm)pos.lj - Xenonkungen\",\"isPartOf\":{\"@id\":\"https:\/\/xenonkungen.com\/#website\"},\"primaryImageOfPage\":{\"@id\":\"https:\/\/xenonkungen.com\/no\/produkt\/lazer-triple-r-1000std-hvit-e-lysrampe-157-410-mmpos-lj\/#primaryimage\"},\"image\":{\"@id\":\"https:\/\/xenonkungen.com\/no\/produkt\/lazer-triple-r-1000std-hvit-e-lysrampe-157-410-mmpos-lj\/#primaryimage\"},\"thumbnailUrl\":\"https:\/\/xenonkungen.com\/wp-content\/uploads\/2025\/04\/159235_itemimage_mainfront.jpg\",\"datePublished\":\"2025-04-15T09:09:11+00:00\",\"dateModified\":\"2026-04-24T16:24:20+00:00\",\"breadcrumb\":{\"@id\":\"https:\/\/xenonkungen.com\/no\/produkt\/lazer-triple-r-1000std-hvit-e-lysrampe-157-410-mmpos-lj\/#breadcrumb\"},\"inLanguage\":\"de\",\"potentialAction\":[{\"@type\":\"ReadAction\",\"target\":[\"https:\/\/xenonkungen.com\/no\/produkt\/lazer-triple-r-1000std-hvit-e-lysrampe-157-410-mmpos-lj\/\"]}]},{\"@type\":\"ImageObject\",\"inLanguage\":\"de\",\"@id\":\"https:\/\/xenonkungen.com\/no\/produkt\/lazer-triple-r-1000std-hvit-e-lysrampe-157-410-mmpos-lj\/#primaryimage\",\"url\":\"https:\/\/xenonkungen.com\/wp-content\/uploads\/2025\/04\/159235_itemimage_mainfront.jpg\",\"contentUrl\":\"https:\/\/xenonkungen.com\/wp-content\/uploads\/2025\/04\/159235_itemimage_mainfront.jpg\",\"width\":2048,\"height\":1536},{\"@type\":\"BreadcrumbList\",\"@id\":\"https:\/\/xenonkungen.com\/no\/produkt\/lazer-triple-r-1000std-hvit-e-lysrampe-157-410-mmpos-lj\/#breadcrumb\",\"itemListElement\":[{\"@type\":\"ListItem\",\"position\":1,\"name\":\"Hem\",\"item\":\"https:\/\/xenonkungen.com\/\"},{\"@type\":\"ListItem\",\"position\":2,\"name\":\"Shop\",\"item\":\"https:\/\/xenonkungen.com\/shop\/\"},{\"@type\":\"ListItem\",\"position\":3,\"name\":\"Lazer Triple-R 1000Std vit e.ljusramp 15,7&#8243; (410 mm)pos.lj\"}]},{\"@type\":\"WebSite\",\"@id\":\"https:\/\/xenonkungen.com\/#website\",\"url\":\"https:\/\/xenonkungen.com\/\",\"name\":\"Xenonkungen\",\"description\":\"\",\"potentialAction\":[{\"@type\":\"SearchAction\",\"target\":{\"@type\":\"EntryPoint\",\"urlTemplate\":\"https:\/\/xenonkungen.com\/?s={search_term_string}\"},\"query-input\":{\"@type\":\"PropertyValueSpecification\",\"valueRequired\":true,\"valueName\":\"search_term_string\"}}],\"inLanguage\":\"de\"}]}<\/script>\n<!-- \/ Yoast SEO plugin. -->","yoast_head_json":{"title":"Lazer Triple-R 1000Std wei\u00dfes e.light Rampe 15,7&quot; (410 mm)pos.lj - Xenonkungen","robots":{"index":"index","follow":"follow","max-snippet":"max-snippet:-1","max-image-preview":"max-image-preview:large","max-video-preview":"max-video-preview:-1"},"canonical":"https:\/\/xenonkungen.com\/de\/produkt\/lazer-triple-r-1000std-white-e-light-ramp-157-410-mmpos-lj\/","og_locale":"de_DE","og_type":"article","og_title":"Lazer Triple-R 1000Std vit e.ljusramp 15,7\" (410 mm)pos.lj - Xenonkungen","og_description":"Linear fr\u00e5n Lazers: Exklusiva Extraljusramper f\u00f6r Dagligt Bruk Upplev Lazers h\u00f6gklassiga Linear-serie, en kombination av topprestanda ljus och slank, aerodynamisk design. Dessa extraljusramper, tillg\u00e4ngliga i b\u00e5de Standard och Elite, \u00e4r l\u00e4ttanv\u00e4nda och erbjuder spektakul\u00e4r belysning f\u00f6r s\u00e4kert och bekv\u00e4mt nattk\u00f6rning. Optimerad Design och Montering Linear Standard ramper \u00e4r tillg\u00e4ngliga i sex olika l\u00e4ngder, fr\u00e5n 232 [&hellip;]","og_url":"https:\/\/xenonkungen.com\/de\/produkt\/lazer-triple-r-1000std-white-e-light-ramp-157-410-mmpos-lj\/","og_site_name":"Xenonkungen","article_modified_time":"2026-04-24T16:24:20+00:00","og_image":[{"width":2048,"height":1536,"url":"https:\/\/xenonkungen.com\/wp-content\/uploads\/2025\/04\/159235_itemimage_mainfront.jpg","type":"image\/jpeg"}],"twitter_card":"summary_large_image","twitter_misc":{"Gesch\u00e4tzte Lesezeit":"1\u00a0Minute"},"schema":{"@context":"https:\/\/schema.org","@graph":[{"@type":"WebPage","@id":"https:\/\/xenonkungen.com\/no\/produkt\/lazer-triple-r-1000std-hvit-e-lysrampe-157-410-mmpos-lj\/","url":"https:\/\/xenonkungen.com\/no\/produkt\/lazer-triple-r-1000std-hvit-e-lysrampe-157-410-mmpos-lj\/","name":"Lazer Triple-R 1000Std wei\u00dfes e.light Rampe 15,7&quot; (410 mm)pos.lj - Xenonkungen","isPartOf":{"@id":"https:\/\/xenonkungen.com\/#website"},"primaryImageOfPage":{"@id":"https:\/\/xenonkungen.com\/no\/produkt\/lazer-triple-r-1000std-hvit-e-lysrampe-157-410-mmpos-lj\/#primaryimage"},"image":{"@id":"https:\/\/xenonkungen.com\/no\/produkt\/lazer-triple-r-1000std-hvit-e-lysrampe-157-410-mmpos-lj\/#primaryimage"},"thumbnailUrl":"https:\/\/xenonkungen.com\/wp-content\/uploads\/2025\/04\/159235_itemimage_mainfront.jpg","datePublished":"2025-04-15T09:09:11+00:00","dateModified":"2026-04-24T16:24:20+00:00","breadcrumb":{"@id":"https:\/\/xenonkungen.com\/no\/produkt\/lazer-triple-r-1000std-hvit-e-lysrampe-157-410-mmpos-lj\/#breadcrumb"},"inLanguage":"de","potentialAction":[{"@type":"ReadAction","target":["https:\/\/xenonkungen.com\/no\/produkt\/lazer-triple-r-1000std-hvit-e-lysrampe-157-410-mmpos-lj\/"]}]},{"@type":"ImageObject","inLanguage":"de","@id":"https:\/\/xenonkungen.com\/no\/produkt\/lazer-triple-r-1000std-hvit-e-lysrampe-157-410-mmpos-lj\/#primaryimage","url":"https:\/\/xenonkungen.com\/wp-content\/uploads\/2025\/04\/159235_itemimage_mainfront.jpg","contentUrl":"https:\/\/xenonkungen.com\/wp-content\/uploads\/2025\/04\/159235_itemimage_mainfront.jpg","width":2048,"height":1536},{"@type":"BreadcrumbList","@id":"https:\/\/xenonkungen.com\/no\/produkt\/lazer-triple-r-1000std-hvit-e-lysrampe-157-410-mmpos-lj\/#breadcrumb","itemListElement":[{"@type":"ListItem","position":1,"name":"Hem","item":"https:\/\/xenonkungen.com\/"},{"@type":"ListItem","position":2,"name":"Shop","item":"https:\/\/xenonkungen.com\/shop\/"},{"@type":"ListItem","position":3,"name":"Lazer Triple-R 1000Std vit e.ljusramp 15,7&#8243; (410 mm)pos.lj"}]},{"@type":"WebSite","@id":"https:\/\/xenonkungen.com\/#website","url":"https:\/\/xenonkungen.com\/","name":"Xenonkungen","description":"","potentialAction":[{"@type":"SearchAction","target":{"@type":"EntryPoint","urlTemplate":"https:\/\/xenonkungen.com\/?s={search_term_string}"},"query-input":{"@type":"PropertyValueSpecification","valueRequired":true,"valueName":"search_term_string"}}],"inLanguage":"de"}]}},"taxonomy_info":{"product_brand":[{"value":1124,"label":"Lazer"}],"product_cat":[{"value":2561,"label":"Lazer"},{"value":2966,"label":"Ledramp Rak"},{"value":2539,"label":"LEDRAMPER"}],"product_tag":[{"value":2735,"label":"Lazer"}],"pa_fargtemperatur":[{"value":154,"label":"5000K"}],"pa_fuktskydd-varde-ipxx":[{"value":333,"label":"IP67"}],"pa_godkannande":[{"value":1347,"label":"ECE, R7"}],"pa_lampsockel-kontakt":[{"value":1122,"label":"Superseal"}],"pa_led-chips-effekt-w":[{"value":1338,"label":"126"}],"pa_storlek-mm":[{"value":1132,"label":"532x62x40"}],"pa_stromforbrukning":[{"value":1339,"label":"8,8A@14,4V"}],"pa_volt-v":[{"value":1084,"label":"Multivolt, 10, 12, 16, 18, 24, 28, 30, 32"}]},"featured_image_src_large":["https:\/\/xenonkungen.com\/wp-content\/uploads\/2025\/04\/159235_itemimage_mainfront-1024x768.jpg",1024,768,true],"author_info":[],"comment_info":0,"_links":{"self":[{"href":"https:\/\/xenonkungen.com\/de\/wp-json\/wp\/v2\/product\/4258","targetHints":{"allow":["GET"]}}],"collection":[{"href":"https:\/\/xenonkungen.com\/de\/wp-json\/wp\/v2\/product"}],"about":[{"href":"https:\/\/xenonkungen.com\/de\/wp-json\/wp\/v2\/types\/product"}],"replies":[{"embeddable":true,"href":"https:\/\/xenonkungen.com\/de\/wp-json\/wp\/v2\/comments?post=4258"}],"wp:featuredmedia":[{"embeddable":true,"href":"https:\/\/xenonkungen.com\/de\/wp-json\/wp\/v2\/media\/4259"}],"wp:attachment":[{"href":"https:\/\/xenonkungen.com\/de\/wp-json\/wp\/v2\/media?parent=4258"}],"wp:term":[{"taxonomy":"anvandningsomrade","embeddable":true,"href":"https:\/\/xenonkungen.com\/de\/wp-json\/wp\/v2\/anvandningsomrade?post=4258"},{"taxonomy":"bilmarken","embeddable":true,"href":"https:\/\/xenonkungen.com\/de\/wp-json\/wp\/v2\/bilmarken?post=4258"},{"taxonomy":"product_brand","embeddable":true,"href":"https:\/\/xenonkungen.com\/de\/wp-json\/wp\/v2\/product_brand?post=4258"},{"taxonomy":"product_cat","embeddable":true,"href":"https:\/\/xenonkungen.com\/de\/wp-json\/wp\/v2\/product_cat?post=4258"},{"taxonomy":"product_tag","embeddable":true,"href":"https:\/\/xenonkungen.com\/de\/wp-json\/wp\/v2\/product_tag?post=4258"}],"curies":[{"name":"wp","href":"https:\/\/api.w.org\/{rel}","templated":true}]}}