{"id":4293,"date":"2025-04-15T09:09:53","date_gmt":"2025-04-15T09:09:53","guid":{"rendered":"https:\/\/xenonkungen.com\/product\/lazer-kontrollenehet-till-triple-r-smartview\/"},"modified":"2026-03-11T09:49:20","modified_gmt":"2026-03-11T08:49:20","slug":"lasersteuereinheit-fur-triple-r-smartview","status":"publish","type":"product","link":"https:\/\/xenonkungen.com\/de\/produkt\/lasersteuereinheit-fur-triple-r-smartview\/","title":{"rendered":"Lazer-Steuerger\u00e4t f\u00fcr Triple-R Smartview"},"content":{"rendered":"<h3>Intelligente Steuerung \u2013 Einfache Bedienung direkt vom Fahrersitz aus<\/h3>\n<p>Kontrolliere deine <strong>Triple-R 1250 Smartview<\/strong> Mit intuitiver Bedienung! Die separate Steuereinheit l\u00e4sst sich mit dem mitgelieferten Befestigungsmaterial einfach am Armaturenbrett anbringen. <strong>doppelseitige Montageplatten<\/strong> \u2013 Kein Bohren, kein Aufwand.<\/p>\n<p>Sobald Sie die Z\u00fcndung einschalten <strong>Das Bedienfeld erwacht zum Leben<\/strong>und sie ganz klar <strong>beleuchtete Symbole<\/strong> Es zeigt genau an, welchen Lichtmodus Sie verwenden. Das bietet Ihnen \u2013 auch im Dunkeln oder bei schwierigen Wetterbedingungen.<\/p>\n<p><em>Elegant, stilvoll und smart \u2013 genau so, wie Sie es sich w\u00fcnschen.<\/em><\/p>","protected":false},"excerpt":{"rendered":"<p>Smart kontroll \u2013 Enkel hantering direkt fr\u00e5n f\u00f6rars\u00e4tet Styr din Triple-R 1250 Smartview med fingertoppsk\u00e4nsla! Den dedikerade kontrollenheten (s\u00e4ljs separat) f\u00e4sts enkelt p\u00e5 instrumentpanelen med de medf\u00f6ljande dubbelsidiga monteringskuddarna \u2013 ingen borrning, inget kr\u00e5ngel. S\u00e5 fort du sl\u00e5r p\u00e5 t\u00e4ndningen vaknar panelen till liv, och de tydligt upplysta symbolerna visar exakt vilket ljusl\u00e4ge du anv\u00e4nder. [&hellip;]<\/p>","protected":false},"featured_media":4294,"comment_status":"closed","ping_status":"open","template":"","meta":{"_acf_changed":false,"_smort_price_nok":"1602","_smort_price_dkk":"1018","_smort_price_eur":"136.36","_smort_sale_price_nok":"","_smort_sale_price_dkk":"","_smort_sale_price_eur":"","smort_restorder":"","shipmondo_restorder":"","_kad_blocks_custom_css":"","_kad_blocks_head_custom_js":"","_kad_blocks_body_custom_js":"","_kad_blocks_footer_custom_js":"","smort_custom_pricelist_1":"1001.6","smort_custom_pricelist_2":"1001.6","smort_custom_pricelist_3":"1001.6","smort_custom_pricelist_4":"1252","smort_custom_pricelist_5":"1001.6"},"anvandningsomrade":[],"bilmarken":[],"product_brand":[1124],"product_cat":[2828,2464,390],"product_tag":[2735],"class_list":{"0":"post-4293","1":"product","2":"type-product","3":"status-publish","4":"has-post-thumbnail","6":"product_brand-lazer","7":"product_cat-installation-led-ramper","8":"product_cat-styrenhet-installation","9":"product_cat-installation","10":"product_tag-lazer","12":"first","13":"onbackorder","14":"taxable","15":"shipping-taxable","16":"purchasable","17":"product-type-simple"},"bundled_by":[],"bundle_stock_status":"onbackorder","bundle_stock_quantity":0,"bundle_virtual":false,"bundle_layout":"","bundle_add_to_cart_form_location":"","bundle_editable_in_cart":false,"bundle_sold_individually_context":"","bundle_item_grouping":"","bundle_min_size":"","bundle_max_size":"","bundle_price":[],"bundled_items":[],"bundle_sell_ids":[],"acf":[],"yoast_head":"<!-- This site is optimized with the Yoast SEO plugin v27.0 - https:\/\/yoast.com\/product\/yoast-seo-wordpress\/ -->\n<title>Lazer kontrollenehet till Triple-R Smartview - Xenonkungen<\/title>\n<meta name=\"robots\" content=\"index, follow, max-snippet:-1, max-image-preview:large, max-video-preview:-1\" \/>\n<link rel=\"canonical\" href=\"https:\/\/xenonkungen.com\/de\/produkt\/lasersteuereinheit-fur-triple-r-smartview\/\" \/>\n<meta property=\"og:locale\" content=\"de_DE\" \/>\n<meta property=\"og:type\" content=\"article\" \/>\n<meta property=\"og:title\" content=\"Lazer kontrollenehet till Triple-R Smartview - Xenonkungen\" \/>\n<meta property=\"og:description\" content=\"Smart kontroll \u2013 Enkel hantering direkt fr\u00e5n f\u00f6rars\u00e4tet Styr din Triple-R 1250 Smartview med fingertoppsk\u00e4nsla! Den dedikerade kontrollenheten (s\u00e4ljs separat) f\u00e4sts enkelt p\u00e5 instrumentpanelen med de medf\u00f6ljande dubbelsidiga monteringskuddarna \u2013 ingen borrning, inget kr\u00e5ngel. S\u00e5 fort du sl\u00e5r p\u00e5 t\u00e4ndningen vaknar panelen till liv, och de tydligt upplysta symbolerna visar exakt vilket ljusl\u00e4ge du anv\u00e4nder. [&hellip;]\" \/>\n<meta property=\"og:url\" content=\"https:\/\/xenonkungen.com\/de\/produkt\/lasersteuereinheit-fur-triple-r-smartview\/\" \/>\n<meta property=\"og:site_name\" content=\"Xenonkungen\" \/>\n<meta property=\"article:modified_time\" content=\"2026-03-11T08:49:20+00:00\" \/>\n<meta property=\"og:image\" content=\"https:\/\/xenonkungen.com\/wp-content\/uploads\/2025\/04\/159243_itemimage_mainfront.jpg\" \/>\n\t<meta property=\"og:image:width\" content=\"2048\" \/>\n\t<meta property=\"og:image:height\" content=\"1536\" \/>\n\t<meta property=\"og:image:type\" content=\"image\/jpeg\" \/>\n<meta name=\"twitter:card\" content=\"summary_large_image\" \/>\n<script type=\"application\/ld+json\" class=\"yoast-schema-graph\">{\"@context\":\"https:\/\/schema.org\",\"@graph\":[{\"@type\":\"WebPage\",\"@id\":\"https:\/\/xenonkungen.com\/nl\/product\/laserbesturingseenheid-voor-triple-r-smartview\/\",\"url\":\"https:\/\/xenonkungen.com\/nl\/product\/laserbesturingseenheid-voor-triple-r-smartview\/\",\"name\":\"Lazer kontrollenehet till Triple-R Smartview - Xenonkungen\",\"isPartOf\":{\"@id\":\"https:\/\/xenonkungen.com\/#website\"},\"primaryImageOfPage\":{\"@id\":\"https:\/\/xenonkungen.com\/nl\/product\/laserbesturingseenheid-voor-triple-r-smartview\/#primaryimage\"},\"image\":{\"@id\":\"https:\/\/xenonkungen.com\/nl\/product\/laserbesturingseenheid-voor-triple-r-smartview\/#primaryimage\"},\"thumbnailUrl\":\"https:\/\/xenonkungen.com\/wp-content\/uploads\/2025\/04\/159243_itemimage_mainfront.jpg\",\"datePublished\":\"2025-04-15T09:09:53+00:00\",\"dateModified\":\"2026-03-11T08:49:20+00:00\",\"breadcrumb\":{\"@id\":\"https:\/\/xenonkungen.com\/nl\/product\/laserbesturingseenheid-voor-triple-r-smartview\/#breadcrumb\"},\"inLanguage\":\"de\",\"potentialAction\":[{\"@type\":\"ReadAction\",\"target\":[\"https:\/\/xenonkungen.com\/nl\/product\/laserbesturingseenheid-voor-triple-r-smartview\/\"]}]},{\"@type\":\"ImageObject\",\"inLanguage\":\"de\",\"@id\":\"https:\/\/xenonkungen.com\/nl\/product\/laserbesturingseenheid-voor-triple-r-smartview\/#primaryimage\",\"url\":\"https:\/\/xenonkungen.com\/wp-content\/uploads\/2025\/04\/159243_itemimage_mainfront.jpg\",\"contentUrl\":\"https:\/\/xenonkungen.com\/wp-content\/uploads\/2025\/04\/159243_itemimage_mainfront.jpg\",\"width\":2048,\"height\":1536},{\"@type\":\"BreadcrumbList\",\"@id\":\"https:\/\/xenonkungen.com\/nl\/product\/laserbesturingseenheid-voor-triple-r-smartview\/#breadcrumb\",\"itemListElement\":[{\"@type\":\"ListItem\",\"position\":1,\"name\":\"Hem\",\"item\":\"https:\/\/xenonkungen.com\/\"},{\"@type\":\"ListItem\",\"position\":2,\"name\":\"Shop\",\"item\":\"https:\/\/xenonkungen.com\/shop\/\"},{\"@type\":\"ListItem\",\"position\":3,\"name\":\"Lazer kontrollenehet till Triple-R Smartview\"}]},{\"@type\":\"WebSite\",\"@id\":\"https:\/\/xenonkungen.com\/#website\",\"url\":\"https:\/\/xenonkungen.com\/\",\"name\":\"Xenonkungen\",\"description\":\"\",\"potentialAction\":[{\"@type\":\"SearchAction\",\"target\":{\"@type\":\"EntryPoint\",\"urlTemplate\":\"https:\/\/xenonkungen.com\/?s={search_term_string}\"},\"query-input\":{\"@type\":\"PropertyValueSpecification\",\"valueRequired\":true,\"valueName\":\"search_term_string\"}}],\"inLanguage\":\"de\"}]}<\/script>\n<!-- \/ Yoast SEO plugin. -->","yoast_head_json":{"title":"Lasersteuerger\u00e4t f\u00fcr Triple-R Smartview - Xenonkungen","robots":{"index":"index","follow":"follow","max-snippet":"max-snippet:-1","max-image-preview":"max-image-preview:large","max-video-preview":"max-video-preview:-1"},"canonical":"https:\/\/xenonkungen.com\/de\/produkt\/lasersteuereinheit-fur-triple-r-smartview\/","og_locale":"de_DE","og_type":"article","og_title":"Lazer kontrollenehet till Triple-R Smartview - Xenonkungen","og_description":"Smart kontroll \u2013 Enkel hantering direkt fr\u00e5n f\u00f6rars\u00e4tet Styr din Triple-R 1250 Smartview med fingertoppsk\u00e4nsla! Den dedikerade kontrollenheten (s\u00e4ljs separat) f\u00e4sts enkelt p\u00e5 instrumentpanelen med de medf\u00f6ljande dubbelsidiga monteringskuddarna \u2013 ingen borrning, inget kr\u00e5ngel. S\u00e5 fort du sl\u00e5r p\u00e5 t\u00e4ndningen vaknar panelen till liv, och de tydligt upplysta symbolerna visar exakt vilket ljusl\u00e4ge du anv\u00e4nder. [&hellip;]","og_url":"https:\/\/xenonkungen.com\/de\/produkt\/lasersteuereinheit-fur-triple-r-smartview\/","og_site_name":"Xenonkungen","article_modified_time":"2026-03-11T08:49:20+00:00","og_image":[{"width":2048,"height":1536,"url":"https:\/\/xenonkungen.com\/wp-content\/uploads\/2025\/04\/159243_itemimage_mainfront.jpg","type":"image\/jpeg"}],"twitter_card":"summary_large_image","schema":{"@context":"https:\/\/schema.org","@graph":[{"@type":"WebPage","@id":"https:\/\/xenonkungen.com\/nl\/product\/laserbesturingseenheid-voor-triple-r-smartview\/","url":"https:\/\/xenonkungen.com\/nl\/product\/laserbesturingseenheid-voor-triple-r-smartview\/","name":"Lasersteuerger\u00e4t f\u00fcr Triple-R Smartview - Xenonkungen","isPartOf":{"@id":"https:\/\/xenonkungen.com\/#website"},"primaryImageOfPage":{"@id":"https:\/\/xenonkungen.com\/nl\/product\/laserbesturingseenheid-voor-triple-r-smartview\/#primaryimage"},"image":{"@id":"https:\/\/xenonkungen.com\/nl\/product\/laserbesturingseenheid-voor-triple-r-smartview\/#primaryimage"},"thumbnailUrl":"https:\/\/xenonkungen.com\/wp-content\/uploads\/2025\/04\/159243_itemimage_mainfront.jpg","datePublished":"2025-04-15T09:09:53+00:00","dateModified":"2026-03-11T08:49:20+00:00","breadcrumb":{"@id":"https:\/\/xenonkungen.com\/nl\/product\/laserbesturingseenheid-voor-triple-r-smartview\/#breadcrumb"},"inLanguage":"de","potentialAction":[{"@type":"ReadAction","target":["https:\/\/xenonkungen.com\/nl\/product\/laserbesturingseenheid-voor-triple-r-smartview\/"]}]},{"@type":"ImageObject","inLanguage":"de","@id":"https:\/\/xenonkungen.com\/nl\/product\/laserbesturingseenheid-voor-triple-r-smartview\/#primaryimage","url":"https:\/\/xenonkungen.com\/wp-content\/uploads\/2025\/04\/159243_itemimage_mainfront.jpg","contentUrl":"https:\/\/xenonkungen.com\/wp-content\/uploads\/2025\/04\/159243_itemimage_mainfront.jpg","width":2048,"height":1536},{"@type":"BreadcrumbList","@id":"https:\/\/xenonkungen.com\/nl\/product\/laserbesturingseenheid-voor-triple-r-smartview\/#breadcrumb","itemListElement":[{"@type":"ListItem","position":1,"name":"Hem","item":"https:\/\/xenonkungen.com\/"},{"@type":"ListItem","position":2,"name":"Shop","item":"https:\/\/xenonkungen.com\/shop\/"},{"@type":"ListItem","position":3,"name":"Lazer kontrollenehet till Triple-R Smartview"}]},{"@type":"WebSite","@id":"https:\/\/xenonkungen.com\/#website","url":"https:\/\/xenonkungen.com\/","name":"Xenonkungen","description":"","potentialAction":[{"@type":"SearchAction","target":{"@type":"EntryPoint","urlTemplate":"https:\/\/xenonkungen.com\/?s={search_term_string}"},"query-input":{"@type":"PropertyValueSpecification","valueRequired":true,"valueName":"search_term_string"}}],"inLanguage":"de"}]}},"taxonomy_info":{"product_brand":[{"value":1124,"label":"Lazer"}],"product_cat":[{"value":2828,"label":"Installation LED-ramper"},{"value":2464,"label":"Styrenhet"},{"value":390,"label":"Installation"}],"product_tag":[{"value":2735,"label":"Lazer"}]},"featured_image_src_large":["https:\/\/xenonkungen.com\/wp-content\/uploads\/2025\/04\/159243_itemimage_mainfront-1024x768.jpg",1024,768,true],"author_info":[],"comment_info":0,"_links":{"self":[{"href":"https:\/\/xenonkungen.com\/de\/wp-json\/wp\/v2\/product\/4293","targetHints":{"allow":["GET"]}}],"collection":[{"href":"https:\/\/xenonkungen.com\/de\/wp-json\/wp\/v2\/product"}],"about":[{"href":"https:\/\/xenonkungen.com\/de\/wp-json\/wp\/v2\/types\/product"}],"replies":[{"embeddable":true,"href":"https:\/\/xenonkungen.com\/de\/wp-json\/wp\/v2\/comments?post=4293"}],"wp:featuredmedia":[{"embeddable":true,"href":"https:\/\/xenonkungen.com\/de\/wp-json\/wp\/v2\/media\/4294"}],"wp:attachment":[{"href":"https:\/\/xenonkungen.com\/de\/wp-json\/wp\/v2\/media?parent=4293"}],"wp:term":[{"taxonomy":"anvandningsomrade","embeddable":true,"href":"https:\/\/xenonkungen.com\/de\/wp-json\/wp\/v2\/anvandningsomrade?post=4293"},{"taxonomy":"bilmarken","embeddable":true,"href":"https:\/\/xenonkungen.com\/de\/wp-json\/wp\/v2\/bilmarken?post=4293"},{"taxonomy":"product_brand","embeddable":true,"href":"https:\/\/xenonkungen.com\/de\/wp-json\/wp\/v2\/product_brand?post=4293"},{"taxonomy":"product_cat","embeddable":true,"href":"https:\/\/xenonkungen.com\/de\/wp-json\/wp\/v2\/product_cat?post=4293"},{"taxonomy":"product_tag","embeddable":true,"href":"https:\/\/xenonkungen.com\/de\/wp-json\/wp\/v2\/product_tag?post=4293"}],"curies":[{"name":"wp","href":"https:\/\/api.w.org\/{rel}","templated":true}]}}