{"id":4348,"date":"2025-04-15T09:11:19","date_gmt":"2025-04-15T09:11:19","guid":{"rendered":"https:\/\/xenonkungen.com\/product\/lazer-vanster-extraljusbox-rally-1x-linear-6-elite-fiesta-r5\/"},"modified":"2026-03-11T09:49:58","modified_gmt":"2026-03-11T08:49:58","slug":"lazer-links-extra-lichtbox-rallye-1x-linear-6-elite-fiesta-r5","status":"publish","type":"product","link":"https:\/\/xenonkungen.com\/de\/produkt\/lazer-links-extra-lichtbox-rallye-1x-linear-6-elite-fiesta-r5\/","title":{"rendered":"Lazer Left Extra Lichtkasten Rally 1x Linear-6 Elite Fiesta R5"},"content":{"rendered":"<h1>Lazer Lamps Kurvenlichtkapseln f\u00fcr Rallye-Scheinwerfer f\u00fcr Fiesta R5 MKII, linke Seite<\/h1>\n<p>Die speziell f\u00fcr Ford Fiesta R5 MKI\/MKII Rallye-Fahrzeuge entwickelten Eckblenden erg\u00e4nzen die Motorhaubenblenden von Lazer f\u00fcr zwei oder vier zus\u00e4tzliche LED-Lichtleisten perfekt. Die Blenden sind mit einer Linear 6-Elite-Leuchte in einer aerodynamischen und ultraleichten Carbonfaser-Blende vormontiert, die sich optimal an die Linienf\u00fchrung des Fahrzeugs anpasst. Jede Blende wiegt maximal 0,85 kg und ist damit deutlich leichter als herk\u00f6mmliche L\u00f6sungen.<\/p>\n<p>\u201eUnzerbrechliche\u201c Polycarbonatlinse<\/p>\n<p>Elektronisches W\u00e4rmemanagement<\/p>","protected":false},"excerpt":{"rendered":"<p>Lazer Lamps kurvljuskapslar f\u00f6r rallylampor till Fiesta R5 MKII V\u00e4nstersida Anpassade f\u00f6r Ford Fiesta R5 MKI \/ MKII rallybilar \u00e4r h\u00f6rnpanelerna ett perfekt komplement till Lazers motorhuvspaneler f\u00f6r 2 eller 4 extraljusramper. H\u00f6rnpanelerna \u00e4r f\u00f6rmonterade med en Linear 6-Elite-lampa i en aerodynamisk och ultral\u00e4tt panel i kolfiber som \u00e4r anpassade att passa bilens linjer. Varje [&hellip;]<\/p>","protected":false},"featured_media":4349,"comment_status":"closed","ping_status":"closed","template":"","meta":{"_acf_changed":false,"_smort_price_nok":"11418","_smort_price_dkk":"7254","_smort_price_eur":"971.77","_smort_sale_price_nok":"","_smort_sale_price_dkk":"","_smort_sale_price_eur":"","smort_restorder":"","shipmondo_restorder":"","_kad_blocks_custom_css":"","_kad_blocks_head_custom_js":"","_kad_blocks_body_custom_js":"","_kad_blocks_footer_custom_js":"","smort_custom_pricelist_1":"9040","smort_custom_pricelist_2":"9040","smort_custom_pricelist_3":"9040","smort_custom_pricelist_4":"11300","smort_custom_pricelist_5":"9040"},"anvandningsomrade":[1376],"bilmarken":[],"product_brand":[1124],"product_cat":[16],"product_tag":[2735],"class_list":{"0":"post-4348","1":"product","2":"type-product","3":"status-publish","4":"has-post-thumbnail","6":"anvandningsomrade-rally","7":"product_brand-lazer","8":"product_cat-uncategorized","9":"product_tag-lazer","10":"pa_fargtemperatur-5000k","11":"pa_fuktskydd-varde-ipxx-ip68","12":"pa_godkannande-ece-r112","13":"pa_lampsockel-kontakt-dt4","14":"pa_led-chips-effekt-w-1092","15":"pa_storlek-mm-232x62x40","16":"pa_stromforbrukning-29a144v","17":"pa_volt-v-multivolt-10-12-16-18-24-28-30-32","19":"first","20":"onbackorder","21":"taxable","22":"shipping-taxable","23":"purchasable","24":"product-type-simple"},"bundled_by":[],"bundle_stock_status":"onbackorder","bundle_stock_quantity":0,"bundle_virtual":false,"bundle_layout":"","bundle_add_to_cart_form_location":"","bundle_editable_in_cart":false,"bundle_sold_individually_context":"","bundle_item_grouping":"","bundle_min_size":"","bundle_max_size":"","bundle_price":[],"bundled_items":[],"bundle_sell_ids":[],"acf":[],"yoast_head":"<!-- This site is optimized with the Yoast SEO plugin v27.0 - https:\/\/yoast.com\/product\/yoast-seo-wordpress\/ -->\n<title>Lazer V\u00e4nster Extraljusbox Rally 1x Linear-6 Elite Fiesta R5 - Xenonkungen<\/title>\n<meta name=\"robots\" content=\"index, follow, max-snippet:-1, max-image-preview:large, max-video-preview:-1\" \/>\n<link rel=\"canonical\" href=\"https:\/\/xenonkungen.com\/de\/produkt\/lazer-links-extra-lichtbox-rallye-1x-linear-6-elite-fiesta-r5\/\" \/>\n<meta property=\"og:locale\" content=\"de_DE\" \/>\n<meta property=\"og:type\" content=\"article\" \/>\n<meta property=\"og:title\" content=\"Lazer V\u00e4nster Extraljusbox Rally 1x Linear-6 Elite Fiesta R5 - Xenonkungen\" \/>\n<meta property=\"og:description\" content=\"Lazer Lamps kurvljuskapslar f\u00f6r rallylampor till Fiesta R5 MKII V\u00e4nstersida Anpassade f\u00f6r Ford Fiesta R5 MKI \/ MKII rallybilar \u00e4r h\u00f6rnpanelerna ett perfekt komplement till Lazers motorhuvspaneler f\u00f6r 2 eller 4 extraljusramper. H\u00f6rnpanelerna \u00e4r f\u00f6rmonterade med en Linear 6-Elite-lampa i en aerodynamisk och ultral\u00e4tt panel i kolfiber som \u00e4r anpassade att passa bilens linjer. Varje [&hellip;]\" \/>\n<meta property=\"og:url\" content=\"https:\/\/xenonkungen.com\/de\/produkt\/lazer-links-extra-lichtbox-rallye-1x-linear-6-elite-fiesta-r5\/\" \/>\n<meta property=\"og:site_name\" content=\"Xenonkungen\" \/>\n<meta property=\"article:modified_time\" content=\"2026-03-11T08:49:58+00:00\" \/>\n<meta property=\"og:image\" content=\"https:\/\/xenonkungen.com\/wp-content\/uploads\/2025\/04\/159325_itemimage_mainfront.jpg\" \/>\n\t<meta property=\"og:image:width\" content=\"2048\" \/>\n\t<meta property=\"og:image:height\" content=\"1536\" \/>\n\t<meta property=\"og:image:type\" content=\"image\/jpeg\" \/>\n<meta name=\"twitter:card\" content=\"summary_large_image\" \/>\n<meta name=\"twitter:label1\" content=\"Gesch\u00e4tzte Lesezeit\" \/>\n\t<meta name=\"twitter:data1\" content=\"1\u00a0Minute\" \/>\n<script type=\"application\/ld+json\" class=\"yoast-schema-graph\">{\"@context\":\"https:\/\/schema.org\",\"@graph\":[{\"@type\":\"WebPage\",\"@id\":\"https:\/\/xenonkungen.com\/produkt\/lazer-vanster-extraljusbox-rally-1x-linear-6-elite-fiesta-r5\/\",\"url\":\"https:\/\/xenonkungen.com\/produkt\/lazer-vanster-extraljusbox-rally-1x-linear-6-elite-fiesta-r5\/\",\"name\":\"Lazer V\u00e4nster Extraljusbox Rally 1x Linear-6 Elite Fiesta R5 - Xenonkungen\",\"isPartOf\":{\"@id\":\"https:\/\/xenonkungen.com\/#website\"},\"primaryImageOfPage\":{\"@id\":\"https:\/\/xenonkungen.com\/produkt\/lazer-vanster-extraljusbox-rally-1x-linear-6-elite-fiesta-r5\/#primaryimage\"},\"image\":{\"@id\":\"https:\/\/xenonkungen.com\/produkt\/lazer-vanster-extraljusbox-rally-1x-linear-6-elite-fiesta-r5\/#primaryimage\"},\"thumbnailUrl\":\"https:\/\/xenonkungen.com\/wp-content\/uploads\/2025\/04\/159325_itemimage_mainfront.jpg\",\"datePublished\":\"2025-04-15T09:11:19+00:00\",\"dateModified\":\"2026-03-11T08:49:58+00:00\",\"breadcrumb\":{\"@id\":\"https:\/\/xenonkungen.com\/produkt\/lazer-vanster-extraljusbox-rally-1x-linear-6-elite-fiesta-r5\/#breadcrumb\"},\"inLanguage\":\"de\",\"potentialAction\":[{\"@type\":\"ReadAction\",\"target\":[\"https:\/\/xenonkungen.com\/produkt\/lazer-vanster-extraljusbox-rally-1x-linear-6-elite-fiesta-r5\/\"]}]},{\"@type\":\"ImageObject\",\"inLanguage\":\"de\",\"@id\":\"https:\/\/xenonkungen.com\/produkt\/lazer-vanster-extraljusbox-rally-1x-linear-6-elite-fiesta-r5\/#primaryimage\",\"url\":\"https:\/\/xenonkungen.com\/wp-content\/uploads\/2025\/04\/159325_itemimage_mainfront.jpg\",\"contentUrl\":\"https:\/\/xenonkungen.com\/wp-content\/uploads\/2025\/04\/159325_itemimage_mainfront.jpg\",\"width\":2048,\"height\":1536},{\"@type\":\"BreadcrumbList\",\"@id\":\"https:\/\/xenonkungen.com\/produkt\/lazer-vanster-extraljusbox-rally-1x-linear-6-elite-fiesta-r5\/#breadcrumb\",\"itemListElement\":[{\"@type\":\"ListItem\",\"position\":1,\"name\":\"Hem\",\"item\":\"https:\/\/xenonkungen.com\/\"},{\"@type\":\"ListItem\",\"position\":2,\"name\":\"Shop\",\"item\":\"https:\/\/xenonkungen.com\/shop\/\"},{\"@type\":\"ListItem\",\"position\":3,\"name\":\"Lazer V\u00e4nster Extraljusbox Rally 1x Linear-6 Elite Fiesta R5\"}]},{\"@type\":\"WebSite\",\"@id\":\"https:\/\/xenonkungen.com\/#website\",\"url\":\"https:\/\/xenonkungen.com\/\",\"name\":\"Xenonkungen\",\"description\":\"\",\"potentialAction\":[{\"@type\":\"SearchAction\",\"target\":{\"@type\":\"EntryPoint\",\"urlTemplate\":\"https:\/\/xenonkungen.com\/?s={search_term_string}\"},\"query-input\":{\"@type\":\"PropertyValueSpecification\",\"valueRequired\":true,\"valueName\":\"search_term_string\"}}],\"inLanguage\":\"de\"}]}<\/script>\n<!-- \/ Yoast SEO plugin. -->","yoast_head_json":{"title":"Lazer Linke Zusatzleuchte Rally 1x Linear-6 Elite Fiesta R5 - Xenonkungen","robots":{"index":"index","follow":"follow","max-snippet":"max-snippet:-1","max-image-preview":"max-image-preview:large","max-video-preview":"max-video-preview:-1"},"canonical":"https:\/\/xenonkungen.com\/de\/produkt\/lazer-links-extra-lichtbox-rallye-1x-linear-6-elite-fiesta-r5\/","og_locale":"de_DE","og_type":"article","og_title":"Lazer V\u00e4nster Extraljusbox Rally 1x Linear-6 Elite Fiesta R5 - Xenonkungen","og_description":"Lazer Lamps kurvljuskapslar f\u00f6r rallylampor till Fiesta R5 MKII V\u00e4nstersida Anpassade f\u00f6r Ford Fiesta R5 MKI \/ MKII rallybilar \u00e4r h\u00f6rnpanelerna ett perfekt komplement till Lazers motorhuvspaneler f\u00f6r 2 eller 4 extraljusramper. H\u00f6rnpanelerna \u00e4r f\u00f6rmonterade med en Linear 6-Elite-lampa i en aerodynamisk och ultral\u00e4tt panel i kolfiber som \u00e4r anpassade att passa bilens linjer. Varje [&hellip;]","og_url":"https:\/\/xenonkungen.com\/de\/produkt\/lazer-links-extra-lichtbox-rallye-1x-linear-6-elite-fiesta-r5\/","og_site_name":"Xenonkungen","article_modified_time":"2026-03-11T08:49:58+00:00","og_image":[{"width":2048,"height":1536,"url":"https:\/\/xenonkungen.com\/wp-content\/uploads\/2025\/04\/159325_itemimage_mainfront.jpg","type":"image\/jpeg"}],"twitter_card":"summary_large_image","twitter_misc":{"Gesch\u00e4tzte Lesezeit":"1\u00a0Minute"},"schema":{"@context":"https:\/\/schema.org","@graph":[{"@type":"WebPage","@id":"https:\/\/xenonkungen.com\/produkt\/lazer-vanster-extraljusbox-rally-1x-linear-6-elite-fiesta-r5\/","url":"https:\/\/xenonkungen.com\/produkt\/lazer-vanster-extraljusbox-rally-1x-linear-6-elite-fiesta-r5\/","name":"Lazer Linke Zusatzleuchte Rally 1x Linear-6 Elite Fiesta R5 - Xenonkungen","isPartOf":{"@id":"https:\/\/xenonkungen.com\/#website"},"primaryImageOfPage":{"@id":"https:\/\/xenonkungen.com\/produkt\/lazer-vanster-extraljusbox-rally-1x-linear-6-elite-fiesta-r5\/#primaryimage"},"image":{"@id":"https:\/\/xenonkungen.com\/produkt\/lazer-vanster-extraljusbox-rally-1x-linear-6-elite-fiesta-r5\/#primaryimage"},"thumbnailUrl":"https:\/\/xenonkungen.com\/wp-content\/uploads\/2025\/04\/159325_itemimage_mainfront.jpg","datePublished":"2025-04-15T09:11:19+00:00","dateModified":"2026-03-11T08:49:58+00:00","breadcrumb":{"@id":"https:\/\/xenonkungen.com\/produkt\/lazer-vanster-extraljusbox-rally-1x-linear-6-elite-fiesta-r5\/#breadcrumb"},"inLanguage":"de","potentialAction":[{"@type":"ReadAction","target":["https:\/\/xenonkungen.com\/produkt\/lazer-vanster-extraljusbox-rally-1x-linear-6-elite-fiesta-r5\/"]}]},{"@type":"ImageObject","inLanguage":"de","@id":"https:\/\/xenonkungen.com\/produkt\/lazer-vanster-extraljusbox-rally-1x-linear-6-elite-fiesta-r5\/#primaryimage","url":"https:\/\/xenonkungen.com\/wp-content\/uploads\/2025\/04\/159325_itemimage_mainfront.jpg","contentUrl":"https:\/\/xenonkungen.com\/wp-content\/uploads\/2025\/04\/159325_itemimage_mainfront.jpg","width":2048,"height":1536},{"@type":"BreadcrumbList","@id":"https:\/\/xenonkungen.com\/produkt\/lazer-vanster-extraljusbox-rally-1x-linear-6-elite-fiesta-r5\/#breadcrumb","itemListElement":[{"@type":"ListItem","position":1,"name":"Hem","item":"https:\/\/xenonkungen.com\/"},{"@type":"ListItem","position":2,"name":"Shop","item":"https:\/\/xenonkungen.com\/shop\/"},{"@type":"ListItem","position":3,"name":"Lazer V\u00e4nster Extraljusbox Rally 1x Linear-6 Elite Fiesta R5"}]},{"@type":"WebSite","@id":"https:\/\/xenonkungen.com\/#website","url":"https:\/\/xenonkungen.com\/","name":"Xenonkungen","description":"","potentialAction":[{"@type":"SearchAction","target":{"@type":"EntryPoint","urlTemplate":"https:\/\/xenonkungen.com\/?s={search_term_string}"},"query-input":{"@type":"PropertyValueSpecification","valueRequired":true,"valueName":"search_term_string"}}],"inLanguage":"de"}]}},"taxonomy_info":{"anvandningsomrade":[{"value":1376,"label":"Rally"}],"product_brand":[{"value":1124,"label":"Lazer"}],"product_cat":[{"value":16,"label":"Uncategorized"}],"product_tag":[{"value":2735,"label":"Lazer"}],"pa_fargtemperatur":[{"value":154,"label":"5000K"}],"pa_fuktskydd-varde-ipxx":[{"value":177,"label":"IP68"}],"pa_godkannande":[{"value":1123,"label":"ECE, R112"}],"pa_lampsockel-kontakt":[{"value":404,"label":"DT4"}],"pa_led-chips-effekt-w":[{"value":1092,"label":"42"}],"pa_storlek-mm":[{"value":1129,"label":"232x62x40"}],"pa_stromforbrukning":[{"value":1333,"label":"2,9A@14,4V"}],"pa_volt-v":[{"value":1084,"label":"Multivolt, 10, 12, 16, 18, 24, 28, 30, 32"}]},"featured_image_src_large":["https:\/\/xenonkungen.com\/wp-content\/uploads\/2025\/04\/159325_itemimage_mainfront-1024x768.jpg",1024,768,true],"author_info":[],"comment_info":0,"_links":{"self":[{"href":"https:\/\/xenonkungen.com\/de\/wp-json\/wp\/v2\/product\/4348","targetHints":{"allow":["GET"]}}],"collection":[{"href":"https:\/\/xenonkungen.com\/de\/wp-json\/wp\/v2\/product"}],"about":[{"href":"https:\/\/xenonkungen.com\/de\/wp-json\/wp\/v2\/types\/product"}],"replies":[{"embeddable":true,"href":"https:\/\/xenonkungen.com\/de\/wp-json\/wp\/v2\/comments?post=4348"}],"wp:featuredmedia":[{"embeddable":true,"href":"https:\/\/xenonkungen.com\/de\/wp-json\/wp\/v2\/media\/4349"}],"wp:attachment":[{"href":"https:\/\/xenonkungen.com\/de\/wp-json\/wp\/v2\/media?parent=4348"}],"wp:term":[{"taxonomy":"anvandningsomrade","embeddable":true,"href":"https:\/\/xenonkungen.com\/de\/wp-json\/wp\/v2\/anvandningsomrade?post=4348"},{"taxonomy":"bilmarken","embeddable":true,"href":"https:\/\/xenonkungen.com\/de\/wp-json\/wp\/v2\/bilmarken?post=4348"},{"taxonomy":"product_brand","embeddable":true,"href":"https:\/\/xenonkungen.com\/de\/wp-json\/wp\/v2\/product_brand?post=4348"},{"taxonomy":"product_cat","embeddable":true,"href":"https:\/\/xenonkungen.com\/de\/wp-json\/wp\/v2\/product_cat?post=4348"},{"taxonomy":"product_tag","embeddable":true,"href":"https:\/\/xenonkungen.com\/de\/wp-json\/wp\/v2\/product_tag?post=4348"}],"curies":[{"name":"wp","href":"https:\/\/api.w.org\/{rel}","templated":true}]}}