{"id":4359,"date":"2025-04-15T09:11:30","date_gmt":"2025-04-15T09:11:30","guid":{"rendered":"https:\/\/xenonkungen.com\/product\/lazer-extraljusbox-rally-for-citroen-c3\/"},"modified":"2025-12-10T14:45:10","modified_gmt":"2025-12-10T13:45:10","slug":"lazer-extra-light-box-rally-fur-citroen-c3","status":"publish","type":"product","link":"https:\/\/xenonkungen.com\/de\/produkt\/lazer-extra-light-box-rally-fur-citroen-c3\/","title":{"rendered":"Lazer Extra Leuchtkasten Rally f\u00fcr Citroen C3"},"content":{"rendered":"<h1><span>Die 4-Wege-Rallye-Lampenkapsel von Lazer Lamps<\/span><\/h1>\n<p><span>Lazer setzt neue Ma\u00dfst\u00e4be f\u00fcr Rallye-Beleuchtungsl\u00f6sungen. Diese Zusatzscheinwerfer sind vormontiert auf ultraleichten Zusatzscheinwerferk\u00e4sten aus Kohlefaser, die speziell f\u00fcr den Ford Fiesta R5 MKI, den Skoda R5 und den Citro\u00ebn C3 angepasst sind. F\u00fcr den Skoda R5 und den Ford Fiesta R5 MKI gibt es einen Kasten f\u00fcr rechts oder links mit einem Carbon-6-Scheinwerfer, f\u00fcr den Citro\u00ebn C3 einen Kasten mit vier Carbon-6-Scheinwerfern.<br \/><\/span><\/p>\n<p>Ultraleichte Motorhaubenrampe aus Kohlefaser mit Glasfaserlaminat<br \/>Optimiert f\u00fcr Citroen C3<\/p>\n<p>F\u00fcr den Stra\u00dfenverkehr zugelassen gem\u00e4\u00df FIA-Regularien<br \/>Niedriges Profil f\u00fcr verbesserte aerodynamische Leistung<\/p>\n<p>Winkelverstellmechanismus mit Feineinstellung bei einigen Modellen<br \/>Motorhaubenhalterungen nicht im Lieferumfang enthalten<\/p>\n<h2>Packungsinhalt:<\/h2>\n<ul>\n<li>2x Carbon-6 SPOT (separat von Pod erh\u00e4ltlich)<\/li>\n<li>2x Carbon-6 DRIVE (separat von Pod erh\u00e4ltlich)<\/li>\n<li>1x Citroen C3 4-Lampen-Rallyekapseln<\/li>\n<li>1x Neopren-Sto\u00dfschutz<\/li>\n<li>Installationsanleitung\n<p>5 Jahre Garantie<\/li>","protected":false},"excerpt":{"rendered":"<p>4-v\u00e4gs rallylampkapseln fr\u00e5n Lazer Lamps Lazer tar belysningsl\u00f6sningar f\u00f6r rallyk\u00f6rning till en helt ny niv\u00e5. Dessa extraljus kommer f\u00f6rmonterade p\u00e5 ultral\u00e4tta extraljusboxar i kolfiber annpassade till Ford Fiesta R5 MKI, Skoda R5 och Citroen C3. Till Skoda R5 och Ford Fiesta R5 MKI finns en box h\u00f6ger eller v\u00e4nster med en Carbon-6 och till Citroen [&hellip;]<\/p>","protected":false},"featured_media":4360,"comment_status":"closed","ping_status":"open","template":"","meta":{"_acf_changed":false,"_smort_price_nok":"34180","_smort_price_dkk":"21714","_smort_price_eur":"2908.96","_smort_sale_price_nok":"","_smort_sale_price_dkk":"","_smort_sale_price_eur":"","smort_restorder":"","shipmondo_restorder":"","_kad_blocks_custom_css":"","_kad_blocks_head_custom_js":"","_kad_blocks_body_custom_js":"","_kad_blocks_footer_custom_js":"","smort_custom_pricelist_1":"20480","smort_custom_pricelist_2":"20480","smort_custom_pricelist_3":"20480","smort_custom_pricelist_4":"25600","smort_custom_pricelist_5":"20480"},"anvandningsomrade":[1376],"bilmarken":[],"product_brand":[1124],"product_cat":[16],"product_tag":[2735],"class_list":{"0":"post-4359","1":"product","2":"type-product","3":"status-publish","4":"has-post-thumbnail","6":"anvandningsomrade-rally","7":"product_brand-lazer","8":"product_cat-uncategorized","9":"product_tag-lazer","10":"pa_fargtemperatur-5000k","11":"pa_godkannande-ece-r112","12":"pa_led-chips-effekt-w-1379","13":"pa_stromforbrukning-24a144v","14":"pa_volt-v-multivolt-10-12-16-18-24-28-30-32","16":"first","17":"onbackorder","18":"taxable","19":"shipping-taxable","20":"purchasable","21":"product-type-simple"},"bundled_by":[],"bundle_stock_status":"onbackorder","bundle_stock_quantity":0,"bundle_virtual":false,"bundle_layout":"","bundle_add_to_cart_form_location":"","bundle_editable_in_cart":false,"bundle_sold_individually_context":"","bundle_item_grouping":"","bundle_min_size":"","bundle_max_size":"","bundle_price":[],"bundled_items":[],"bundle_sell_ids":[],"acf":[],"yoast_head":"<!-- This site is optimized with the Yoast SEO plugin v27.0 - https:\/\/yoast.com\/product\/yoast-seo-wordpress\/ -->\n<title>Lazer Extraljusbox Rally f\u00f6r Citroen C3 - Xenonkungen<\/title>\n<meta name=\"robots\" content=\"index, follow, max-snippet:-1, max-image-preview:large, max-video-preview:-1\" \/>\n<link rel=\"canonical\" href=\"https:\/\/xenonkungen.com\/de\/produkt\/lazer-extra-light-box-rally-fur-citroen-c3\/\" \/>\n<meta property=\"og:locale\" content=\"de_DE\" \/>\n<meta property=\"og:type\" content=\"article\" \/>\n<meta property=\"og:title\" content=\"Lazer Extraljusbox Rally f\u00f6r Citroen C3 - Xenonkungen\" \/>\n<meta property=\"og:description\" content=\"4-v\u00e4gs rallylampkapseln fr\u00e5n Lazer Lamps Lazer tar belysningsl\u00f6sningar f\u00f6r rallyk\u00f6rning till en helt ny niv\u00e5. Dessa extraljus kommer f\u00f6rmonterade p\u00e5 ultral\u00e4tta extraljusboxar i kolfiber annpassade till Ford Fiesta R5 MKI, Skoda R5 och Citroen C3. Till Skoda R5 och Ford Fiesta R5 MKI finns en box h\u00f6ger eller v\u00e4nster med en Carbon-6 och till Citroen [&hellip;]\" \/>\n<meta property=\"og:url\" content=\"https:\/\/xenonkungen.com\/de\/produkt\/lazer-extra-light-box-rally-fur-citroen-c3\/\" \/>\n<meta property=\"og:site_name\" content=\"Xenonkungen\" \/>\n<meta property=\"article:modified_time\" content=\"2025-12-10T13:45:10+00:00\" \/>\n<meta property=\"og:image\" content=\"https:\/\/xenonkungen.com\/wp-content\/uploads\/2025\/04\/159336_itemimage_mainfront.jpg\" \/>\n\t<meta property=\"og:image:width\" content=\"2048\" \/>\n\t<meta property=\"og:image:height\" content=\"1536\" \/>\n\t<meta property=\"og:image:type\" content=\"image\/jpeg\" \/>\n<meta name=\"twitter:card\" content=\"summary_large_image\" \/>\n<meta name=\"twitter:label1\" content=\"Gesch\u00e4tzte Lesezeit\" \/>\n\t<meta name=\"twitter:data1\" content=\"1\u00a0Minute\" \/>\n<script type=\"application\/ld+json\" class=\"yoast-schema-graph\">{\"@context\":\"https:\/\/schema.org\",\"@graph\":[{\"@type\":\"WebPage\",\"@id\":\"https:\/\/xenonkungen.com\/de\/produkt\/lazer-extra-light-box-rally-fur-citroen-c3\/\",\"url\":\"https:\/\/xenonkungen.com\/de\/produkt\/lazer-extra-light-box-rally-fur-citroen-c3\/\",\"name\":\"Lazer Extraljusbox Rally f\u00f6r Citroen C3 - Xenonkungen\",\"isPartOf\":{\"@id\":\"https:\/\/xenonkungen.com\/#website\"},\"primaryImageOfPage\":{\"@id\":\"https:\/\/xenonkungen.com\/de\/produkt\/lazer-extra-light-box-rally-fur-citroen-c3\/#primaryimage\"},\"image\":{\"@id\":\"https:\/\/xenonkungen.com\/de\/produkt\/lazer-extra-light-box-rally-fur-citroen-c3\/#primaryimage\"},\"thumbnailUrl\":\"https:\/\/xenonkungen.com\/wp-content\/uploads\/2025\/04\/159336_itemimage_mainfront.jpg\",\"datePublished\":\"2025-04-15T09:11:30+00:00\",\"dateModified\":\"2025-12-10T13:45:10+00:00\",\"breadcrumb\":{\"@id\":\"https:\/\/xenonkungen.com\/de\/produkt\/lazer-extra-light-box-rally-fur-citroen-c3\/#breadcrumb\"},\"inLanguage\":\"de\",\"potentialAction\":[{\"@type\":\"ReadAction\",\"target\":[\"https:\/\/xenonkungen.com\/de\/produkt\/lazer-extra-light-box-rally-fur-citroen-c3\/\"]}]},{\"@type\":\"ImageObject\",\"inLanguage\":\"de\",\"@id\":\"https:\/\/xenonkungen.com\/de\/produkt\/lazer-extra-light-box-rally-fur-citroen-c3\/#primaryimage\",\"url\":\"https:\/\/xenonkungen.com\/wp-content\/uploads\/2025\/04\/159336_itemimage_mainfront.jpg\",\"contentUrl\":\"https:\/\/xenonkungen.com\/wp-content\/uploads\/2025\/04\/159336_itemimage_mainfront.jpg\",\"width\":2048,\"height\":1536},{\"@type\":\"BreadcrumbList\",\"@id\":\"https:\/\/xenonkungen.com\/de\/produkt\/lazer-extra-light-box-rally-fur-citroen-c3\/#breadcrumb\",\"itemListElement\":[{\"@type\":\"ListItem\",\"position\":1,\"name\":\"Hem\",\"item\":\"https:\/\/xenonkungen.com\/\"},{\"@type\":\"ListItem\",\"position\":2,\"name\":\"Shop\",\"item\":\"https:\/\/xenonkungen.com\/shop\/\"},{\"@type\":\"ListItem\",\"position\":3,\"name\":\"Lazer Extraljusbox Rally f\u00f6r Citroen C3\"}]},{\"@type\":\"WebSite\",\"@id\":\"https:\/\/xenonkungen.com\/#website\",\"url\":\"https:\/\/xenonkungen.com\/\",\"name\":\"Xenonkungen\",\"description\":\"\",\"potentialAction\":[{\"@type\":\"SearchAction\",\"target\":{\"@type\":\"EntryPoint\",\"urlTemplate\":\"https:\/\/xenonkungen.com\/?s={search_term_string}\"},\"query-input\":{\"@type\":\"PropertyValueSpecification\",\"valueRequired\":true,\"valueName\":\"search_term_string\"}}],\"inLanguage\":\"de\"}]}<\/script>\n<!-- \/ Yoast SEO plugin. -->","yoast_head_json":{"title":"Lazer Extra Lichtbox Rally f\u00fcr Citroen C3 - Xenonkungen","robots":{"index":"index","follow":"follow","max-snippet":"max-snippet:-1","max-image-preview":"max-image-preview:large","max-video-preview":"max-video-preview:-1"},"canonical":"https:\/\/xenonkungen.com\/de\/produkt\/lazer-extra-light-box-rally-fur-citroen-c3\/","og_locale":"de_DE","og_type":"article","og_title":"Lazer Extraljusbox Rally f\u00f6r Citroen C3 - Xenonkungen","og_description":"4-v\u00e4gs rallylampkapseln fr\u00e5n Lazer Lamps Lazer tar belysningsl\u00f6sningar f\u00f6r rallyk\u00f6rning till en helt ny niv\u00e5. Dessa extraljus kommer f\u00f6rmonterade p\u00e5 ultral\u00e4tta extraljusboxar i kolfiber annpassade till Ford Fiesta R5 MKI, Skoda R5 och Citroen C3. Till Skoda R5 och Ford Fiesta R5 MKI finns en box h\u00f6ger eller v\u00e4nster med en Carbon-6 och till Citroen [&hellip;]","og_url":"https:\/\/xenonkungen.com\/de\/produkt\/lazer-extra-light-box-rally-fur-citroen-c3\/","og_site_name":"Xenonkungen","article_modified_time":"2025-12-10T13:45:10+00:00","og_image":[{"width":2048,"height":1536,"url":"https:\/\/xenonkungen.com\/wp-content\/uploads\/2025\/04\/159336_itemimage_mainfront.jpg","type":"image\/jpeg"}],"twitter_card":"summary_large_image","twitter_misc":{"Gesch\u00e4tzte Lesezeit":"1\u00a0Minute"},"schema":{"@context":"https:\/\/schema.org","@graph":[{"@type":"WebPage","@id":"https:\/\/xenonkungen.com\/de\/produkt\/lazer-extra-light-box-rally-fur-citroen-c3\/","url":"https:\/\/xenonkungen.com\/de\/produkt\/lazer-extra-light-box-rally-fur-citroen-c3\/","name":"Lazer Extra Lichtbox Rally f\u00fcr Citroen C3 - Xenonkungen","isPartOf":{"@id":"https:\/\/xenonkungen.com\/#website"},"primaryImageOfPage":{"@id":"https:\/\/xenonkungen.com\/de\/produkt\/lazer-extra-light-box-rally-fur-citroen-c3\/#primaryimage"},"image":{"@id":"https:\/\/xenonkungen.com\/de\/produkt\/lazer-extra-light-box-rally-fur-citroen-c3\/#primaryimage"},"thumbnailUrl":"https:\/\/xenonkungen.com\/wp-content\/uploads\/2025\/04\/159336_itemimage_mainfront.jpg","datePublished":"2025-04-15T09:11:30+00:00","dateModified":"2025-12-10T13:45:10+00:00","breadcrumb":{"@id":"https:\/\/xenonkungen.com\/de\/produkt\/lazer-extra-light-box-rally-fur-citroen-c3\/#breadcrumb"},"inLanguage":"de","potentialAction":[{"@type":"ReadAction","target":["https:\/\/xenonkungen.com\/de\/produkt\/lazer-extra-light-box-rally-fur-citroen-c3\/"]}]},{"@type":"ImageObject","inLanguage":"de","@id":"https:\/\/xenonkungen.com\/de\/produkt\/lazer-extra-light-box-rally-fur-citroen-c3\/#primaryimage","url":"https:\/\/xenonkungen.com\/wp-content\/uploads\/2025\/04\/159336_itemimage_mainfront.jpg","contentUrl":"https:\/\/xenonkungen.com\/wp-content\/uploads\/2025\/04\/159336_itemimage_mainfront.jpg","width":2048,"height":1536},{"@type":"BreadcrumbList","@id":"https:\/\/xenonkungen.com\/de\/produkt\/lazer-extra-light-box-rally-fur-citroen-c3\/#breadcrumb","itemListElement":[{"@type":"ListItem","position":1,"name":"Hem","item":"https:\/\/xenonkungen.com\/"},{"@type":"ListItem","position":2,"name":"Shop","item":"https:\/\/xenonkungen.com\/shop\/"},{"@type":"ListItem","position":3,"name":"Lazer Extraljusbox Rally f\u00f6r Citroen C3"}]},{"@type":"WebSite","@id":"https:\/\/xenonkungen.com\/#website","url":"https:\/\/xenonkungen.com\/","name":"Xenonkungen","description":"","potentialAction":[{"@type":"SearchAction","target":{"@type":"EntryPoint","urlTemplate":"https:\/\/xenonkungen.com\/?s={search_term_string}"},"query-input":{"@type":"PropertyValueSpecification","valueRequired":true,"valueName":"search_term_string"}}],"inLanguage":"de"}]}},"taxonomy_info":{"anvandningsomrade":[{"value":1376,"label":"Rally"}],"product_brand":[{"value":1124,"label":"Lazer"}],"product_cat":[{"value":16,"label":"Uncategorized"}],"product_tag":[{"value":2735,"label":"Lazer"}],"pa_fargtemperatur":[{"value":154,"label":"5000K"}],"pa_godkannande":[{"value":1123,"label":"ECE, R112"}],"pa_led-chips-effekt-w":[{"value":1379,"label":"345"}],"pa_stromforbrukning":[{"value":1380,"label":"24A@14,4V"}],"pa_volt-v":[{"value":1084,"label":"Multivolt, 10, 12, 16, 18, 24, 28, 30, 32"}]},"featured_image_src_large":["https:\/\/xenonkungen.com\/wp-content\/uploads\/2025\/04\/159336_itemimage_mainfront-1024x768.jpg",1024,768,true],"author_info":[],"comment_info":0,"_links":{"self":[{"href":"https:\/\/xenonkungen.com\/de\/wp-json\/wp\/v2\/product\/4359","targetHints":{"allow":["GET"]}}],"collection":[{"href":"https:\/\/xenonkungen.com\/de\/wp-json\/wp\/v2\/product"}],"about":[{"href":"https:\/\/xenonkungen.com\/de\/wp-json\/wp\/v2\/types\/product"}],"replies":[{"embeddable":true,"href":"https:\/\/xenonkungen.com\/de\/wp-json\/wp\/v2\/comments?post=4359"}],"wp:featuredmedia":[{"embeddable":true,"href":"https:\/\/xenonkungen.com\/de\/wp-json\/wp\/v2\/media\/4360"}],"wp:attachment":[{"href":"https:\/\/xenonkungen.com\/de\/wp-json\/wp\/v2\/media?parent=4359"}],"wp:term":[{"taxonomy":"anvandningsomrade","embeddable":true,"href":"https:\/\/xenonkungen.com\/de\/wp-json\/wp\/v2\/anvandningsomrade?post=4359"},{"taxonomy":"bilmarken","embeddable":true,"href":"https:\/\/xenonkungen.com\/de\/wp-json\/wp\/v2\/bilmarken?post=4359"},{"taxonomy":"product_brand","embeddable":true,"href":"https:\/\/xenonkungen.com\/de\/wp-json\/wp\/v2\/product_brand?post=4359"},{"taxonomy":"product_cat","embeddable":true,"href":"https:\/\/xenonkungen.com\/de\/wp-json\/wp\/v2\/product_cat?post=4359"},{"taxonomy":"product_tag","embeddable":true,"href":"https:\/\/xenonkungen.com\/de\/wp-json\/wp\/v2\/product_tag?post=4359"}],"curies":[{"name":"wp","href":"https:\/\/api.w.org\/{rel}","templated":true}]}}