{"id":4403,"date":"2025-04-15T09:12:35","date_gmt":"2025-04-15T09:12:35","guid":{"rendered":"https:\/\/xenonkungen.com\/product\/lazer-nummerskyltsfaste-2-st\/"},"modified":"2026-04-11T01:04:35","modified_gmt":"2026-04-11T00:04:35","slug":"laser-kennzeichenhalter-2-stuck","status":"publish","type":"product","link":"https:\/\/xenonkungen.com\/de\/produkt\/laser-kennzeichenhalter-2-stuck\/","title":{"rendered":"Lazer Nummernschildhalterung 2 St\u00fcck"},"content":{"rendered":"<h1 class=\"page-title\"><span class=\"base\" data-ui-id=\"page-title-wrapper\">HALTERUNG F\u00dcR DEN F\u00dcHRERSCHEIN<\/span><\/h1>\n<p>Hergestellt aus Aluminium mit schwarzer Pulverbeschichtung<\/p>\n<p>Ultraleichtes, elegantes Design<\/p>\n<p>Enth\u00e4lt eine Vielzahl von A2-Edelstahlhalterungen f\u00fcr eine schnelle und sichere Installation<\/p>\n<p>Universelle Kompatibilit\u00e4t<\/p>\n<p>Maximale Belastung - 5 kg<\/p>\n<p>Schnelle Montage - fertig in weniger als 10 Minuten<br \/><span><br \/>Hergestellt in Gro\u00dfbritannien<br \/><\/span><\/p>\n<h2>Packungsinhalt:<\/h2>\n<ul>\n<li>x2 Montagewinkel<\/li>\n<li>Einrichtungsgegenst\u00e4nde<\/li>\n<\/ul>","protected":false},"excerpt":{"rendered":"<p>Kennzeichenhalterung. Hergestellt aus schwarz pulverbeschichtetem Aluminium. Ultraleichtes, schlankes Design. Inklusive verschiedener Halterungen aus A2-Edelstahl f\u00fcr eine schnelle und sichere Montage. Universell kompatibel. Maximale Traglast: 5 kg. Schnelle Montage \u2013 in weniger als 10 Minuten einsatzbereit. Hergestellt in Gro\u00dfbritannien. Lieferumfang: 2 x Halterungen.<\/p>","protected":false},"featured_media":4404,"comment_status":"closed","ping_status":"open","template":"","meta":{"_acf_changed":false,"_smort_price_nok":"401","_smort_price_dkk":"254","_smort_price_eur":"34.09","_smort_sale_price_nok":"","_smort_sale_price_dkk":"","_smort_sale_price_eur":"","smort_restorder":"","shipmondo_restorder":"","_kad_blocks_custom_css":"","_kad_blocks_head_custom_js":"","_kad_blocks_body_custom_js":"","_kad_blocks_footer_custom_js":"","smort_custom_pricelist_1":"240","smort_custom_pricelist_2":"240","smort_custom_pricelist_3":"240","smort_custom_pricelist_4":"300","smort_custom_pricelist_5":"240"},"anvandningsomrade":[],"bilmarken":[],"product_brand":[1124],"product_cat":[2534,2461,2535,2536,390],"product_tag":[2735],"class_list":{"0":"post-4403","1":"product","2":"type-product","3":"status-publish","4":"has-post-thumbnail","6":"product_brand-lazer","7":"product_cat-extraljusfaste-extraljus","8":"product_cat-fasten-installation","9":"product_cat-tillbehor-ledramper","10":"product_cat-tillbehor-tillbehor-ledramper","11":"product_cat-installation","12":"product_tag-lazer","14":"first","15":"onbackorder","16":"taxable","17":"shipping-taxable","18":"purchasable","19":"product-type-simple"},"bundled_by":[],"bundle_stock_status":"onbackorder","bundle_stock_quantity":0,"bundle_virtual":false,"bundle_layout":"","bundle_add_to_cart_form_location":"","bundle_editable_in_cart":false,"bundle_sold_individually_context":"","bundle_item_grouping":"","bundle_min_size":"","bundle_max_size":"","bundle_price":[],"bundled_items":[],"bundle_sell_ids":[],"acf":[],"yoast_head":"<!-- This site is optimized with the Yoast SEO plugin v27.0 - https:\/\/yoast.com\/product\/yoast-seo-wordpress\/ -->\n<title>Lazer Nummerskyltsf\u00e4ste 2 st - Xenonkungen<\/title>\n<meta name=\"robots\" content=\"index, follow, max-snippet:-1, max-image-preview:large, max-video-preview:-1\" \/>\n<link rel=\"canonical\" href=\"https:\/\/xenonkungen.com\/de\/produkt\/laser-kennzeichenhalter-2-stuck\/\" \/>\n<meta property=\"og:locale\" content=\"de_DE\" \/>\n<meta property=\"og:type\" content=\"article\" \/>\n<meta property=\"og:title\" content=\"Lazer Nummerskyltsf\u00e4ste 2 st - Xenonkungen\" \/>\n<meta property=\"og:description\" content=\"MONTERINGSF\u00c4STE F\u00d6R LICENS Tillverkad i aluminium med svart pulverlackering Ultral\u00e4tt, elegant design Inkluderar flera olika f\u00e4sten i A2-rostfritt st\u00e5l f\u00f6r snabb och s\u00e4ker montering Universell kompatibilitet Maxlast \u2013 5\u00a0kg Snabb montering \u2013 klart p\u00e5 mindre \u00e4n 10 minuterTillverkad i Storbritannien Paketinneh\u00e5ll: x2 Mounting Brackets Fixtures\" \/>\n<meta property=\"og:url\" content=\"https:\/\/xenonkungen.com\/de\/produkt\/laser-kennzeichenhalter-2-stuck\/\" \/>\n<meta property=\"og:site_name\" content=\"Xenonkungen\" \/>\n<meta property=\"article:modified_time\" content=\"2026-04-11T00:04:35+00:00\" \/>\n<meta property=\"og:image\" content=\"https:\/\/xenonkungen.com\/wp-content\/uploads\/2025\/04\/159370_itemimage_2.jpg\" \/>\n\t<meta property=\"og:image:width\" content=\"2048\" \/>\n\t<meta property=\"og:image:height\" content=\"1537\" \/>\n\t<meta property=\"og:image:type\" content=\"image\/jpeg\" \/>\n<meta name=\"twitter:card\" content=\"summary_large_image\" \/>\n<script type=\"application\/ld+json\" class=\"yoast-schema-graph\">{\"@context\":\"https:\/\/schema.org\",\"@graph\":[{\"@type\":\"WebPage\",\"@id\":\"https:\/\/xenonkungen.com\/produkt\/lazer-nummerskyltsfaste-2-st\/\",\"url\":\"https:\/\/xenonkungen.com\/produkt\/lazer-nummerskyltsfaste-2-st\/\",\"name\":\"Lazer Nummerskyltsf\u00e4ste 2 st - Xenonkungen\",\"isPartOf\":{\"@id\":\"https:\/\/xenonkungen.com\/#website\"},\"primaryImageOfPage\":{\"@id\":\"https:\/\/xenonkungen.com\/produkt\/lazer-nummerskyltsfaste-2-st\/#primaryimage\"},\"image\":{\"@id\":\"https:\/\/xenonkungen.com\/produkt\/lazer-nummerskyltsfaste-2-st\/#primaryimage\"},\"thumbnailUrl\":\"https:\/\/xenonkungen.com\/wp-content\/uploads\/2025\/04\/159370_itemimage_2.jpg\",\"datePublished\":\"2025-04-15T09:12:35+00:00\",\"dateModified\":\"2026-04-11T00:04:35+00:00\",\"breadcrumb\":{\"@id\":\"https:\/\/xenonkungen.com\/produkt\/lazer-nummerskyltsfaste-2-st\/#breadcrumb\"},\"inLanguage\":\"de\",\"potentialAction\":[{\"@type\":\"ReadAction\",\"target\":[\"https:\/\/xenonkungen.com\/produkt\/lazer-nummerskyltsfaste-2-st\/\"]}]},{\"@type\":\"ImageObject\",\"inLanguage\":\"de\",\"@id\":\"https:\/\/xenonkungen.com\/produkt\/lazer-nummerskyltsfaste-2-st\/#primaryimage\",\"url\":\"https:\/\/xenonkungen.com\/wp-content\/uploads\/2025\/04\/159370_itemimage_2.jpg\",\"contentUrl\":\"https:\/\/xenonkungen.com\/wp-content\/uploads\/2025\/04\/159370_itemimage_2.jpg\",\"width\":2048,\"height\":1537},{\"@type\":\"BreadcrumbList\",\"@id\":\"https:\/\/xenonkungen.com\/produkt\/lazer-nummerskyltsfaste-2-st\/#breadcrumb\",\"itemListElement\":[{\"@type\":\"ListItem\",\"position\":1,\"name\":\"Hem\",\"item\":\"https:\/\/xenonkungen.com\/\"},{\"@type\":\"ListItem\",\"position\":2,\"name\":\"Shop\",\"item\":\"https:\/\/xenonkungen.com\/shop\/\"},{\"@type\":\"ListItem\",\"position\":3,\"name\":\"Lazer Nummerskyltsf\u00e4ste 2 st\"}]},{\"@type\":\"WebSite\",\"@id\":\"https:\/\/xenonkungen.com\/#website\",\"url\":\"https:\/\/xenonkungen.com\/\",\"name\":\"Xenonkungen\",\"description\":\"\",\"potentialAction\":[{\"@type\":\"SearchAction\",\"target\":{\"@type\":\"EntryPoint\",\"urlTemplate\":\"https:\/\/xenonkungen.com\/?s={search_term_string}\"},\"query-input\":{\"@type\":\"PropertyValueSpecification\",\"valueRequired\":true,\"valueName\":\"search_term_string\"}}],\"inLanguage\":\"de\"}]}<\/script>\n<!-- \/ Yoast SEO plugin. -->","yoast_head_json":{"title":"Lazer Kennzeichenhalterung 2 St\u00fcck - Xenonkungen","robots":{"index":"index","follow":"follow","max-snippet":"max-snippet:-1","max-image-preview":"max-image-preview:large","max-video-preview":"max-video-preview:-1"},"canonical":"https:\/\/xenonkungen.com\/de\/produkt\/laser-kennzeichenhalter-2-stuck\/","og_locale":"de_DE","og_type":"article","og_title":"Lazer Nummerskyltsf\u00e4ste 2 st - Xenonkungen","og_description":"MONTERINGSF\u00c4STE F\u00d6R LICENS Tillverkad i aluminium med svart pulverlackering Ultral\u00e4tt, elegant design Inkluderar flera olika f\u00e4sten i A2-rostfritt st\u00e5l f\u00f6r snabb och s\u00e4ker montering Universell kompatibilitet Maxlast \u2013 5\u00a0kg Snabb montering \u2013 klart p\u00e5 mindre \u00e4n 10 minuterTillverkad i Storbritannien Paketinneh\u00e5ll: x2 Mounting Brackets Fixtures","og_url":"https:\/\/xenonkungen.com\/de\/produkt\/laser-kennzeichenhalter-2-stuck\/","og_site_name":"Xenonkungen","article_modified_time":"2026-04-11T00:04:35+00:00","og_image":[{"width":2048,"height":1537,"url":"https:\/\/xenonkungen.com\/wp-content\/uploads\/2025\/04\/159370_itemimage_2.jpg","type":"image\/jpeg"}],"twitter_card":"summary_large_image","schema":{"@context":"https:\/\/schema.org","@graph":[{"@type":"WebPage","@id":"https:\/\/xenonkungen.com\/produkt\/lazer-nummerskyltsfaste-2-st\/","url":"https:\/\/xenonkungen.com\/produkt\/lazer-nummerskyltsfaste-2-st\/","name":"Lazer Kennzeichenhalterung 2 St\u00fcck - Xenonkungen","isPartOf":{"@id":"https:\/\/xenonkungen.com\/#website"},"primaryImageOfPage":{"@id":"https:\/\/xenonkungen.com\/produkt\/lazer-nummerskyltsfaste-2-st\/#primaryimage"},"image":{"@id":"https:\/\/xenonkungen.com\/produkt\/lazer-nummerskyltsfaste-2-st\/#primaryimage"},"thumbnailUrl":"https:\/\/xenonkungen.com\/wp-content\/uploads\/2025\/04\/159370_itemimage_2.jpg","datePublished":"2025-04-15T09:12:35+00:00","dateModified":"2026-04-11T00:04:35+00:00","breadcrumb":{"@id":"https:\/\/xenonkungen.com\/produkt\/lazer-nummerskyltsfaste-2-st\/#breadcrumb"},"inLanguage":"de","potentialAction":[{"@type":"ReadAction","target":["https:\/\/xenonkungen.com\/produkt\/lazer-nummerskyltsfaste-2-st\/"]}]},{"@type":"ImageObject","inLanguage":"de","@id":"https:\/\/xenonkungen.com\/produkt\/lazer-nummerskyltsfaste-2-st\/#primaryimage","url":"https:\/\/xenonkungen.com\/wp-content\/uploads\/2025\/04\/159370_itemimage_2.jpg","contentUrl":"https:\/\/xenonkungen.com\/wp-content\/uploads\/2025\/04\/159370_itemimage_2.jpg","width":2048,"height":1537},{"@type":"BreadcrumbList","@id":"https:\/\/xenonkungen.com\/produkt\/lazer-nummerskyltsfaste-2-st\/#breadcrumb","itemListElement":[{"@type":"ListItem","position":1,"name":"Hem","item":"https:\/\/xenonkungen.com\/"},{"@type":"ListItem","position":2,"name":"Shop","item":"https:\/\/xenonkungen.com\/shop\/"},{"@type":"ListItem","position":3,"name":"Lazer Nummerskyltsf\u00e4ste 2 st"}]},{"@type":"WebSite","@id":"https:\/\/xenonkungen.com\/#website","url":"https:\/\/xenonkungen.com\/","name":"Xenonkungen","description":"","potentialAction":[{"@type":"SearchAction","target":{"@type":"EntryPoint","urlTemplate":"https:\/\/xenonkungen.com\/?s={search_term_string}"},"query-input":{"@type":"PropertyValueSpecification","valueRequired":true,"valueName":"search_term_string"}}],"inLanguage":"de"}]}},"taxonomy_info":{"product_brand":[{"value":1124,"label":"Lazer"}],"product_cat":[{"value":2534,"label":"Extraljusf\u00e4ste"},{"value":2461,"label":"F\u00e4sten"},{"value":2535,"label":"LEDRAMPER"},{"value":2536,"label":"Tillbeh\u00f6r"},{"value":390,"label":"Installation"}],"product_tag":[{"value":2735,"label":"Lazer"}]},"featured_image_src_large":["https:\/\/xenonkungen.com\/wp-content\/uploads\/2025\/04\/159370_itemimage_2-1024x769.jpg",1024,769,true],"author_info":[],"comment_info":1,"_links":{"self":[{"href":"https:\/\/xenonkungen.com\/de\/wp-json\/wp\/v2\/product\/4403","targetHints":{"allow":["GET"]}}],"collection":[{"href":"https:\/\/xenonkungen.com\/de\/wp-json\/wp\/v2\/product"}],"about":[{"href":"https:\/\/xenonkungen.com\/de\/wp-json\/wp\/v2\/types\/product"}],"replies":[{"embeddable":true,"href":"https:\/\/xenonkungen.com\/de\/wp-json\/wp\/v2\/comments?post=4403"}],"wp:featuredmedia":[{"embeddable":true,"href":"https:\/\/xenonkungen.com\/de\/wp-json\/wp\/v2\/media\/4404"}],"wp:attachment":[{"href":"https:\/\/xenonkungen.com\/de\/wp-json\/wp\/v2\/media?parent=4403"}],"wp:term":[{"taxonomy":"anvandningsomrade","embeddable":true,"href":"https:\/\/xenonkungen.com\/de\/wp-json\/wp\/v2\/anvandningsomrade?post=4403"},{"taxonomy":"bilmarken","embeddable":true,"href":"https:\/\/xenonkungen.com\/de\/wp-json\/wp\/v2\/bilmarken?post=4403"},{"taxonomy":"product_brand","embeddable":true,"href":"https:\/\/xenonkungen.com\/de\/wp-json\/wp\/v2\/product_brand?post=4403"},{"taxonomy":"product_cat","embeddable":true,"href":"https:\/\/xenonkungen.com\/de\/wp-json\/wp\/v2\/product_cat?post=4403"},{"taxonomy":"product_tag","embeddable":true,"href":"https:\/\/xenonkungen.com\/de\/wp-json\/wp\/v2\/product_tag?post=4403"}],"curies":[{"name":"wp","href":"https:\/\/api.w.org\/{rel}","templated":true}]}}