{"id":4405,"date":"2025-04-15T09:12:35","date_gmt":"2025-04-15T09:12:35","guid":{"rendered":"https:\/\/xenonkungen.com\/product\/lazer-horisontell-rorklamma-42-mm\/"},"modified":"2026-04-24T17:25:18","modified_gmt":"2026-04-24T16:25:18","slug":"lazer-horizontale-ruderklemme-42-mm","status":"publish","type":"product","link":"https:\/\/xenonkungen.com\/de\/produkt\/lazer-horizontale-ruderklemme-42-mm\/","title":{"rendered":"Lazer Horizontale Rohrschelle 42 mm"},"content":{"rendered":"<h1 class=\"\"><span>Edelstahl-Rohrschellen sind in drei verschiedenen Gr\u00f6\u00dfen erh\u00e4ltlich.<\/span><\/h1>\n<p>Aus Edelstahl gefertigt<\/p>\n<p>Moderne, elektropolierte, matte Oberfl\u00e4che (nur 42 mm und 60 mm)<\/p>\n<p>Laserlogo in das Design eingraviert (nur 42 mm und 60 mm)<\/p>\n<p>Handpoliertes, mattes Schwarz (nur 76 mm)<\/p>\n<p>Erh\u00e4ltlich in drei verschiedenen Gr\u00f6\u00dfen<\/p>\n<h2>Packungsinhalt:<\/h2>\n<ul>\n<li>2x Rohrschellen-Abstandshalter (50 mm)<\/li>\n<li>2x M8 x 80mm Sechskantschrauben<\/li>\n<\/ul>\n<p><span>Lieferung paarweise<\/span><\/p>","protected":false},"excerpt":{"rendered":"<p>Edelstahl-Rohrschellen sind in drei verschiedenen Gr\u00f6\u00dfen erh\u00e4ltlich. Gefertigt aus Edelstahl. Moderne, elektropolierte, matte Oberfl\u00e4che (nur 42 mm und 60 mm). Lasergraviertes Logo (nur 42 mm und 60 mm). Handpoliert, matt schwarz (nur 76 mm). Erh\u00e4ltlich in drei verschiedenen Gr\u00f6\u00dfen. Lieferumfang: 2x Rohrschellen-Distanzst\u00fccke (50 mm), 2x Sechskantschrauben M8 x 80 mm. Lieferung paarweise.<\/p>","protected":false},"featured_media":4406,"comment_status":"closed","ping_status":"open","template":"","meta":{"_acf_changed":false,"_smort_price_nok":"1068","_smort_price_dkk":"679","_smort_price_eur":"90.9","_smort_sale_price_nok":"","_smort_sale_price_dkk":"","_smort_sale_price_eur":"","smort_restorder":"","shipmondo_restorder":"","_kad_blocks_custom_css":"","_kad_blocks_head_custom_js":"","_kad_blocks_body_custom_js":"","_kad_blocks_footer_custom_js":"","smort_custom_pricelist_1":"656","smort_custom_pricelist_2":"656","smort_custom_pricelist_3":"656","smort_custom_pricelist_4":"820","smort_custom_pricelist_5":"656"},"anvandningsomrade":[],"bilmarken":[],"product_brand":[1124],"product_cat":[2460,390],"product_tag":[2735],"class_list":{"0":"post-4405","1":"product","2":"type-product","3":"status-publish","4":"has-post-thumbnail","6":"product_brand-lazer","7":"product_cat-klamfasten","8":"product_cat-installation","9":"product_tag-lazer","11":"first","12":"onbackorder","13":"taxable","14":"shipping-taxable","15":"purchasable","16":"product-type-simple"},"bundled_by":[],"bundle_stock_status":"onbackorder","bundle_stock_quantity":0,"bundle_virtual":false,"bundle_layout":"","bundle_add_to_cart_form_location":"","bundle_editable_in_cart":false,"bundle_sold_individually_context":"","bundle_item_grouping":"","bundle_min_size":"","bundle_max_size":"","bundle_price":[],"bundled_items":[],"bundle_sell_ids":[],"acf":[],"yoast_head":"<!-- This site is optimized with the Yoast SEO plugin v27.0 - https:\/\/yoast.com\/product\/yoast-seo-wordpress\/ -->\n<title>Lazer Horisontell r\u00f6rkl\u00e4mma 42 mm - Xenonkungen<\/title>\n<meta name=\"robots\" content=\"index, follow, max-snippet:-1, max-image-preview:large, max-video-preview:-1\" \/>\n<link rel=\"canonical\" href=\"https:\/\/xenonkungen.com\/de\/produkt\/lazer-horizontale-ruderklemme-42-mm\/\" \/>\n<meta property=\"og:locale\" content=\"de_DE\" \/>\n<meta property=\"og:type\" content=\"article\" \/>\n<meta property=\"og:title\" content=\"Lazer Horisontell r\u00f6rkl\u00e4mma 42 mm - Xenonkungen\" \/>\n<meta property=\"og:description\" content=\"R\u00f6rkl\u00e4mmor i rostfritt st\u00e5l \u00e4r tillg\u00e4ngliga i tre olika storlekar. Tillverkad i rostfritt st\u00e5l Modern elektropolerad matt finish (endast 42\u00a0mm och 60\u00a0mm) Lazer-logga etsad i designen (endast 42\u00a0mm och 60\u00a0mm) Handpolerad matt svart (endast 76\u00a0mm) Tillg\u00e4nglig i tre olika storlekar Paketinneh\u00e5ll: 2x Tube Clamp Spacers (50mm) 2x M8 x 80mm hex bolts Levereras i par\" \/>\n<meta property=\"og:url\" content=\"https:\/\/xenonkungen.com\/de\/produkt\/lazer-horizontale-ruderklemme-42-mm\/\" \/>\n<meta property=\"og:site_name\" content=\"Xenonkungen\" \/>\n<meta property=\"article:modified_time\" content=\"2026-04-24T16:25:18+00:00\" \/>\n<meta property=\"og:image\" content=\"https:\/\/xenonkungen.com\/wp-content\/uploads\/2025\/04\/159371_itemimage_mainfront.jpg\" \/>\n\t<meta property=\"og:image:width\" content=\"2048\" \/>\n\t<meta property=\"og:image:height\" content=\"1536\" \/>\n\t<meta property=\"og:image:type\" content=\"image\/jpeg\" \/>\n<meta name=\"twitter:card\" content=\"summary_large_image\" \/>\n<script type=\"application\/ld+json\" class=\"yoast-schema-graph\">{\"@context\":\"https:\/\/schema.org\",\"@graph\":[{\"@type\":\"WebPage\",\"@id\":\"https:\/\/xenonkungen.com\/produkt\/lazer-horisontell-rorklamma-42-mm\/\",\"url\":\"https:\/\/xenonkungen.com\/produkt\/lazer-horisontell-rorklamma-42-mm\/\",\"name\":\"Lazer Horisontell r\u00f6rkl\u00e4mma 42 mm - Xenonkungen\",\"isPartOf\":{\"@id\":\"https:\/\/xenonkungen.com\/#website\"},\"primaryImageOfPage\":{\"@id\":\"https:\/\/xenonkungen.com\/produkt\/lazer-horisontell-rorklamma-42-mm\/#primaryimage\"},\"image\":{\"@id\":\"https:\/\/xenonkungen.com\/produkt\/lazer-horisontell-rorklamma-42-mm\/#primaryimage\"},\"thumbnailUrl\":\"https:\/\/xenonkungen.com\/wp-content\/uploads\/2025\/04\/159371_itemimage_mainfront.jpg\",\"datePublished\":\"2025-04-15T09:12:35+00:00\",\"dateModified\":\"2026-04-24T16:25:18+00:00\",\"breadcrumb\":{\"@id\":\"https:\/\/xenonkungen.com\/produkt\/lazer-horisontell-rorklamma-42-mm\/#breadcrumb\"},\"inLanguage\":\"de\",\"potentialAction\":[{\"@type\":\"ReadAction\",\"target\":[\"https:\/\/xenonkungen.com\/produkt\/lazer-horisontell-rorklamma-42-mm\/\"]}]},{\"@type\":\"ImageObject\",\"inLanguage\":\"de\",\"@id\":\"https:\/\/xenonkungen.com\/produkt\/lazer-horisontell-rorklamma-42-mm\/#primaryimage\",\"url\":\"https:\/\/xenonkungen.com\/wp-content\/uploads\/2025\/04\/159371_itemimage_mainfront.jpg\",\"contentUrl\":\"https:\/\/xenonkungen.com\/wp-content\/uploads\/2025\/04\/159371_itemimage_mainfront.jpg\",\"width\":2048,\"height\":1536},{\"@type\":\"BreadcrumbList\",\"@id\":\"https:\/\/xenonkungen.com\/produkt\/lazer-horisontell-rorklamma-42-mm\/#breadcrumb\",\"itemListElement\":[{\"@type\":\"ListItem\",\"position\":1,\"name\":\"Hem\",\"item\":\"https:\/\/xenonkungen.com\/\"},{\"@type\":\"ListItem\",\"position\":2,\"name\":\"Shop\",\"item\":\"https:\/\/xenonkungen.com\/shop\/\"},{\"@type\":\"ListItem\",\"position\":3,\"name\":\"Lazer Horisontell r\u00f6rkl\u00e4mma 42 mm\"}]},{\"@type\":\"WebSite\",\"@id\":\"https:\/\/xenonkungen.com\/#website\",\"url\":\"https:\/\/xenonkungen.com\/\",\"name\":\"Xenonkungen\",\"description\":\"\",\"potentialAction\":[{\"@type\":\"SearchAction\",\"target\":{\"@type\":\"EntryPoint\",\"urlTemplate\":\"https:\/\/xenonkungen.com\/?s={search_term_string}\"},\"query-input\":{\"@type\":\"PropertyValueSpecification\",\"valueRequired\":true,\"valueName\":\"search_term_string\"}}],\"inLanguage\":\"de\"}]}<\/script>\n<!-- \/ Yoast SEO plugin. -->","yoast_head_json":{"title":"Lazer Horizontalrohrschelle 42 mm - Xenonkungen","robots":{"index":"index","follow":"follow","max-snippet":"max-snippet:-1","max-image-preview":"max-image-preview:large","max-video-preview":"max-video-preview:-1"},"canonical":"https:\/\/xenonkungen.com\/de\/produkt\/lazer-horizontale-ruderklemme-42-mm\/","og_locale":"de_DE","og_type":"article","og_title":"Lazer Horisontell r\u00f6rkl\u00e4mma 42 mm - Xenonkungen","og_description":"R\u00f6rkl\u00e4mmor i rostfritt st\u00e5l \u00e4r tillg\u00e4ngliga i tre olika storlekar. Tillverkad i rostfritt st\u00e5l Modern elektropolerad matt finish (endast 42\u00a0mm och 60\u00a0mm) Lazer-logga etsad i designen (endast 42\u00a0mm och 60\u00a0mm) Handpolerad matt svart (endast 76\u00a0mm) Tillg\u00e4nglig i tre olika storlekar Paketinneh\u00e5ll: 2x Tube Clamp Spacers (50mm) 2x M8 x 80mm hex bolts Levereras i par","og_url":"https:\/\/xenonkungen.com\/de\/produkt\/lazer-horizontale-ruderklemme-42-mm\/","og_site_name":"Xenonkungen","article_modified_time":"2026-04-24T16:25:18+00:00","og_image":[{"width":2048,"height":1536,"url":"https:\/\/xenonkungen.com\/wp-content\/uploads\/2025\/04\/159371_itemimage_mainfront.jpg","type":"image\/jpeg"}],"twitter_card":"summary_large_image","schema":{"@context":"https:\/\/schema.org","@graph":[{"@type":"WebPage","@id":"https:\/\/xenonkungen.com\/produkt\/lazer-horisontell-rorklamma-42-mm\/","url":"https:\/\/xenonkungen.com\/produkt\/lazer-horisontell-rorklamma-42-mm\/","name":"Lazer Horizontalrohrschelle 42 mm - Xenonkungen","isPartOf":{"@id":"https:\/\/xenonkungen.com\/#website"},"primaryImageOfPage":{"@id":"https:\/\/xenonkungen.com\/produkt\/lazer-horisontell-rorklamma-42-mm\/#primaryimage"},"image":{"@id":"https:\/\/xenonkungen.com\/produkt\/lazer-horisontell-rorklamma-42-mm\/#primaryimage"},"thumbnailUrl":"https:\/\/xenonkungen.com\/wp-content\/uploads\/2025\/04\/159371_itemimage_mainfront.jpg","datePublished":"2025-04-15T09:12:35+00:00","dateModified":"2026-04-24T16:25:18+00:00","breadcrumb":{"@id":"https:\/\/xenonkungen.com\/produkt\/lazer-horisontell-rorklamma-42-mm\/#breadcrumb"},"inLanguage":"de","potentialAction":[{"@type":"ReadAction","target":["https:\/\/xenonkungen.com\/produkt\/lazer-horisontell-rorklamma-42-mm\/"]}]},{"@type":"ImageObject","inLanguage":"de","@id":"https:\/\/xenonkungen.com\/produkt\/lazer-horisontell-rorklamma-42-mm\/#primaryimage","url":"https:\/\/xenonkungen.com\/wp-content\/uploads\/2025\/04\/159371_itemimage_mainfront.jpg","contentUrl":"https:\/\/xenonkungen.com\/wp-content\/uploads\/2025\/04\/159371_itemimage_mainfront.jpg","width":2048,"height":1536},{"@type":"BreadcrumbList","@id":"https:\/\/xenonkungen.com\/produkt\/lazer-horisontell-rorklamma-42-mm\/#breadcrumb","itemListElement":[{"@type":"ListItem","position":1,"name":"Hem","item":"https:\/\/xenonkungen.com\/"},{"@type":"ListItem","position":2,"name":"Shop","item":"https:\/\/xenonkungen.com\/shop\/"},{"@type":"ListItem","position":3,"name":"Lazer Horisontell r\u00f6rkl\u00e4mma 42 mm"}]},{"@type":"WebSite","@id":"https:\/\/xenonkungen.com\/#website","url":"https:\/\/xenonkungen.com\/","name":"Xenonkungen","description":"","potentialAction":[{"@type":"SearchAction","target":{"@type":"EntryPoint","urlTemplate":"https:\/\/xenonkungen.com\/?s={search_term_string}"},"query-input":{"@type":"PropertyValueSpecification","valueRequired":true,"valueName":"search_term_string"}}],"inLanguage":"de"}]}},"taxonomy_info":{"product_brand":[{"value":1124,"label":"Lazer"}],"product_cat":[{"value":2460,"label":"Kl\u00e4mf\u00e4sten"},{"value":390,"label":"Installation"}],"product_tag":[{"value":2735,"label":"Lazer"}]},"featured_image_src_large":["https:\/\/xenonkungen.com\/wp-content\/uploads\/2025\/04\/159371_itemimage_mainfront-1024x768.jpg",1024,768,true],"author_info":[],"comment_info":0,"_links":{"self":[{"href":"https:\/\/xenonkungen.com\/de\/wp-json\/wp\/v2\/product\/4405","targetHints":{"allow":["GET"]}}],"collection":[{"href":"https:\/\/xenonkungen.com\/de\/wp-json\/wp\/v2\/product"}],"about":[{"href":"https:\/\/xenonkungen.com\/de\/wp-json\/wp\/v2\/types\/product"}],"replies":[{"embeddable":true,"href":"https:\/\/xenonkungen.com\/de\/wp-json\/wp\/v2\/comments?post=4405"}],"wp:featuredmedia":[{"embeddable":true,"href":"https:\/\/xenonkungen.com\/de\/wp-json\/wp\/v2\/media\/4406"}],"wp:attachment":[{"href":"https:\/\/xenonkungen.com\/de\/wp-json\/wp\/v2\/media?parent=4405"}],"wp:term":[{"taxonomy":"anvandningsomrade","embeddable":true,"href":"https:\/\/xenonkungen.com\/de\/wp-json\/wp\/v2\/anvandningsomrade?post=4405"},{"taxonomy":"bilmarken","embeddable":true,"href":"https:\/\/xenonkungen.com\/de\/wp-json\/wp\/v2\/bilmarken?post=4405"},{"taxonomy":"product_brand","embeddable":true,"href":"https:\/\/xenonkungen.com\/de\/wp-json\/wp\/v2\/product_brand?post=4405"},{"taxonomy":"product_cat","embeddable":true,"href":"https:\/\/xenonkungen.com\/de\/wp-json\/wp\/v2\/product_cat?post=4405"},{"taxonomy":"product_tag","embeddable":true,"href":"https:\/\/xenonkungen.com\/de\/wp-json\/wp\/v2\/product_tag?post=4405"}],"curies":[{"name":"wp","href":"https:\/\/api.w.org\/{rel}","templated":true}]}}