{"id":4445,"date":"2025-04-15T09:13:06","date_gmt":"2025-04-15T09:13:06","guid":{"rendered":"https:\/\/xenonkungen.com\/product\/meguiars-da-microfiber-cutting-pad-6-2-pack\/"},"modified":"2026-03-26T11:02:12","modified_gmt":"2026-03-26T10:02:12","slug":"meguiars-da-mikrofaser-schneidepad-6-2er-pack","status":"publish","type":"product","link":"https:\/\/xenonkungen.com\/de\/produkt\/meguiars-da-mikrofaser-schneidepad-6-2er-pack\/","title":{"rendered":"Meguiar's DA Mikrofaser-Schneidpad 6\u2033 2er-Pack"},"content":{"rendered":"<h1>DA Mikrofaser-Schneidematte 6\u2033 2er-Pack<\/h1>\n<p>Die fortschrittliche Mikrofasertechnologie entfernt raue Oberfl\u00e4chen in k\u00fcrzester Zeit. Optimal geeignet f\u00fcr die Verwendung mit einer oszillierenden Poliermaschine. <\/p>\n<p>Dank der Schaumstoffeinlagen bieten die Rollen maximale Flexibilit\u00e4t, Ergonomie und optimale Wirkung. Sie eignen sich ideal f\u00fcr die Verwendung mit allen Polierpasten von Meguiar&#039;s.<\/p>\n<p>Maschinenwaschbar <span>(aber ohne Weichmacher!)<\/span><\/p>\n<p><span><strong>Inhalt:<\/strong> 2er-Pack<\/span><\/p>","protected":false},"excerpt":{"rendered":"<p>Die fortschrittliche Mikrofasertechnologie entfernt selbst hartn\u00e4ckige Defekte r\u00fcckstandsfrei. Ein speziell angefertigter Schaumstoffeinsatz sorgt f\u00fcr optimale Materialaufnahme und mehr Komfort beim Polieren. Optimiert f\u00fcr die Verwendung mit Meguiar&#039;s Polituren.<\/p>","protected":false},"featured_media":4446,"comment_status":"closed","ping_status":"closed","template":"","meta":{"_acf_changed":false,"_smort_price_nok":"481","_smort_price_dkk":"406","_smort_price_eur":"54.45","_smort_sale_price_nok":"481","_smort_sale_price_dkk":"","_smort_sale_price_eur":"43.63","smort_restorder":"","shipmondo_restorder":"","_kad_blocks_custom_css":"","_kad_blocks_head_custom_js":"","_kad_blocks_body_custom_js":"","_kad_blocks_footer_custom_js":"","smort_custom_pricelist_1":"383.36","smort_custom_pricelist_2":"383.36","smort_custom_pricelist_3":"364.19","smort_custom_pricelist_4":"479.2","smort_custom_pricelist_5":"383.36"},"anvandningsomrade":[],"bilmarken":[],"product_brand":[1383],"product_cat":[2617,2615,378,1402],"product_tag":[],"class_list":{"0":"post-4445","1":"product","2":"type-product","3":"status-publish","4":"has-post-thumbnail","6":"product_brand-meguiars","7":"product_cat-polering","8":"product_cat-polertrissor","9":"product_cat-bilvard","10":"product_cat-outlet","12":"first","13":"instock","14":"sale","15":"taxable","16":"shipping-taxable","17":"purchasable","18":"product-type-simple"},"bundled_by":[],"bundle_stock_status":"instock","bundle_stock_quantity":3,"bundle_virtual":false,"bundle_layout":"","bundle_add_to_cart_form_location":"","bundle_editable_in_cart":false,"bundle_sold_individually_context":"","bundle_item_grouping":"","bundle_min_size":"","bundle_max_size":"","bundle_price":[],"bundled_items":[],"bundle_sell_ids":[],"acf":[],"yoast_head":"<!-- This site is optimized with the Yoast SEO plugin v27.0 - https:\/\/yoast.com\/product\/yoast-seo-wordpress\/ -->\n<title>Meguiar&#039;s DA Microfiber Cutting Pad 6&quot; 2-pack - Xenonkungen<\/title>\n<meta name=\"robots\" content=\"index, follow, max-snippet:-1, max-image-preview:large, max-video-preview:-1\" \/>\n<link rel=\"canonical\" href=\"https:\/\/xenonkungen.com\/de\/produkt\/meguiars-da-mikrofaser-schneidepad-6-2er-pack\/\" \/>\n<meta property=\"og:locale\" content=\"de_DE\" \/>\n<meta property=\"og:type\" content=\"article\" \/>\n<meta property=\"og:title\" content=\"Meguiar&#039;s DA Microfiber Cutting Pad 6&quot; 2-pack - Xenonkungen\" \/>\n<meta property=\"og:description\" content=\"Avancerad mikrofiber teknologi polerar bort sv\u00e5ra defekter utan att l\u00e4mna n\u00e5gra hologram. Anpassat skuminl\u00e4gg ger trissan optimal avverkan och mer komfort vid polering. Optimerad f\u00f6r anv\u00e4ndning av Meguiar\u2019s polermedel.\" \/>\n<meta property=\"og:url\" content=\"https:\/\/xenonkungen.com\/de\/produkt\/meguiars-da-mikrofaser-schneidepad-6-2er-pack\/\" \/>\n<meta property=\"og:site_name\" content=\"Xenonkungen\" \/>\n<meta property=\"article:modified_time\" content=\"2026-03-26T10:02:12+00:00\" \/>\n<meta property=\"og:image\" content=\"https:\/\/xenonkungen.com\/wp-content\/uploads\/2025\/04\/190087911-origpic-be3d85.png\" \/>\n\t<meta property=\"og:image:width\" content=\"2048\" \/>\n\t<meta property=\"og:image:height\" content=\"2185\" \/>\n\t<meta property=\"og:image:type\" content=\"image\/png\" \/>\n<meta name=\"twitter:card\" content=\"summary_large_image\" \/>\n<script type=\"application\/ld+json\" class=\"yoast-schema-graph\">{\"@context\":\"https:\/\/schema.org\",\"@graph\":[{\"@type\":\"WebPage\",\"@id\":\"https:\/\/xenonkungen.com\/produkt\/meguiars-da-microfiber-cutting-pad-6-2-pack\/\",\"url\":\"https:\/\/xenonkungen.com\/produkt\/meguiars-da-microfiber-cutting-pad-6-2-pack\/\",\"name\":\"Meguiar's DA Microfiber Cutting Pad 6\\\" 2-pack - Xenonkungen\",\"isPartOf\":{\"@id\":\"https:\/\/xenonkungen.com\/#website\"},\"primaryImageOfPage\":{\"@id\":\"https:\/\/xenonkungen.com\/produkt\/meguiars-da-microfiber-cutting-pad-6-2-pack\/#primaryimage\"},\"image\":{\"@id\":\"https:\/\/xenonkungen.com\/produkt\/meguiars-da-microfiber-cutting-pad-6-2-pack\/#primaryimage\"},\"thumbnailUrl\":\"https:\/\/xenonkungen.com\/wp-content\/uploads\/2025\/04\/190087911-origpic-be3d85.png\",\"datePublished\":\"2025-04-15T09:13:06+00:00\",\"dateModified\":\"2026-03-26T10:02:12+00:00\",\"breadcrumb\":{\"@id\":\"https:\/\/xenonkungen.com\/produkt\/meguiars-da-microfiber-cutting-pad-6-2-pack\/#breadcrumb\"},\"inLanguage\":\"de\",\"potentialAction\":[{\"@type\":\"ReadAction\",\"target\":[\"https:\/\/xenonkungen.com\/produkt\/meguiars-da-microfiber-cutting-pad-6-2-pack\/\"]}]},{\"@type\":\"ImageObject\",\"inLanguage\":\"de\",\"@id\":\"https:\/\/xenonkungen.com\/produkt\/meguiars-da-microfiber-cutting-pad-6-2-pack\/#primaryimage\",\"url\":\"https:\/\/xenonkungen.com\/wp-content\/uploads\/2025\/04\/190087911-origpic-be3d85.png\",\"contentUrl\":\"https:\/\/xenonkungen.com\/wp-content\/uploads\/2025\/04\/190087911-origpic-be3d85.png\",\"width\":2048,\"height\":2185},{\"@type\":\"BreadcrumbList\",\"@id\":\"https:\/\/xenonkungen.com\/produkt\/meguiars-da-microfiber-cutting-pad-6-2-pack\/#breadcrumb\",\"itemListElement\":[{\"@type\":\"ListItem\",\"position\":1,\"name\":\"Hem\",\"item\":\"https:\/\/xenonkungen.com\/\"},{\"@type\":\"ListItem\",\"position\":2,\"name\":\"Shop\",\"item\":\"https:\/\/xenonkungen.com\/shop\/\"},{\"@type\":\"ListItem\",\"position\":3,\"name\":\"Meguiar&#8217;s DA Microfiber Cutting Pad 6&#8243; 2-pack\"}]},{\"@type\":\"WebSite\",\"@id\":\"https:\/\/xenonkungen.com\/#website\",\"url\":\"https:\/\/xenonkungen.com\/\",\"name\":\"Xenonkungen\",\"description\":\"\",\"potentialAction\":[{\"@type\":\"SearchAction\",\"target\":{\"@type\":\"EntryPoint\",\"urlTemplate\":\"https:\/\/xenonkungen.com\/?s={search_term_string}\"},\"query-input\":{\"@type\":\"PropertyValueSpecification\",\"valueRequired\":true,\"valueName\":\"search_term_string\"}}],\"inLanguage\":\"de\"}]}<\/script>\n<!-- \/ Yoast SEO plugin. -->","yoast_head_json":{"title":"Meguiar&#039;s DA Mikrofaser-Schneidepad 6&quot; 2er-Pack - Der Xenon-K\u00f6nig","robots":{"index":"index","follow":"follow","max-snippet":"max-snippet:-1","max-image-preview":"max-image-preview:large","max-video-preview":"max-video-preview:-1"},"canonical":"https:\/\/xenonkungen.com\/de\/produkt\/meguiars-da-mikrofaser-schneidepad-6-2er-pack\/","og_locale":"de_DE","og_type":"article","og_title":"Meguiar's DA Microfiber Cutting Pad 6\" 2-pack - Xenonkungen","og_description":"Avancerad mikrofiber teknologi polerar bort sv\u00e5ra defekter utan att l\u00e4mna n\u00e5gra hologram. Anpassat skuminl\u00e4gg ger trissan optimal avverkan och mer komfort vid polering. Optimerad f\u00f6r anv\u00e4ndning av Meguiar\u2019s polermedel.","og_url":"https:\/\/xenonkungen.com\/de\/produkt\/meguiars-da-mikrofaser-schneidepad-6-2er-pack\/","og_site_name":"Xenonkungen","article_modified_time":"2026-03-26T10:02:12+00:00","og_image":[{"width":2048,"height":2185,"url":"https:\/\/xenonkungen.com\/wp-content\/uploads\/2025\/04\/190087911-origpic-be3d85.png","type":"image\/png"}],"twitter_card":"summary_large_image","schema":{"@context":"https:\/\/schema.org","@graph":[{"@type":"WebPage","@id":"https:\/\/xenonkungen.com\/produkt\/meguiars-da-microfiber-cutting-pad-6-2-pack\/","url":"https:\/\/xenonkungen.com\/produkt\/meguiars-da-microfiber-cutting-pad-6-2-pack\/","name":"Meguiar&#039;s DA Mikrofaser-Schneidepad 6&quot; 2er-Pack - Der Xenon-K\u00f6nig","isPartOf":{"@id":"https:\/\/xenonkungen.com\/#website"},"primaryImageOfPage":{"@id":"https:\/\/xenonkungen.com\/produkt\/meguiars-da-microfiber-cutting-pad-6-2-pack\/#primaryimage"},"image":{"@id":"https:\/\/xenonkungen.com\/produkt\/meguiars-da-microfiber-cutting-pad-6-2-pack\/#primaryimage"},"thumbnailUrl":"https:\/\/xenonkungen.com\/wp-content\/uploads\/2025\/04\/190087911-origpic-be3d85.png","datePublished":"2025-04-15T09:13:06+00:00","dateModified":"2026-03-26T10:02:12+00:00","breadcrumb":{"@id":"https:\/\/xenonkungen.com\/produkt\/meguiars-da-microfiber-cutting-pad-6-2-pack\/#breadcrumb"},"inLanguage":"de","potentialAction":[{"@type":"ReadAction","target":["https:\/\/xenonkungen.com\/produkt\/meguiars-da-microfiber-cutting-pad-6-2-pack\/"]}]},{"@type":"ImageObject","inLanguage":"de","@id":"https:\/\/xenonkungen.com\/produkt\/meguiars-da-microfiber-cutting-pad-6-2-pack\/#primaryimage","url":"https:\/\/xenonkungen.com\/wp-content\/uploads\/2025\/04\/190087911-origpic-be3d85.png","contentUrl":"https:\/\/xenonkungen.com\/wp-content\/uploads\/2025\/04\/190087911-origpic-be3d85.png","width":2048,"height":2185},{"@type":"BreadcrumbList","@id":"https:\/\/xenonkungen.com\/produkt\/meguiars-da-microfiber-cutting-pad-6-2-pack\/#breadcrumb","itemListElement":[{"@type":"ListItem","position":1,"name":"Hem","item":"https:\/\/xenonkungen.com\/"},{"@type":"ListItem","position":2,"name":"Shop","item":"https:\/\/xenonkungen.com\/shop\/"},{"@type":"ListItem","position":3,"name":"Meguiar&#8217;s DA Microfiber Cutting Pad 6&#8243; 2-pack"}]},{"@type":"WebSite","@id":"https:\/\/xenonkungen.com\/#website","url":"https:\/\/xenonkungen.com\/","name":"Xenonkungen","description":"","potentialAction":[{"@type":"SearchAction","target":{"@type":"EntryPoint","urlTemplate":"https:\/\/xenonkungen.com\/?s={search_term_string}"},"query-input":{"@type":"PropertyValueSpecification","valueRequired":true,"valueName":"search_term_string"}}],"inLanguage":"de"}]}},"taxonomy_info":{"product_brand":[{"value":1383,"label":"Meguiar's"}],"product_cat":[{"value":2617,"label":"3 | Polering"},{"value":2615,"label":"Polertrissor"},{"value":378,"label":"Bilv\u00e5rd"},{"value":1402,"label":"Outlet"}]},"featured_image_src_large":["https:\/\/xenonkungen.com\/wp-content\/uploads\/2025\/04\/190087911-origpic-be3d85-960x1024.png",960,1024,true],"author_info":[],"comment_info":0,"_links":{"self":[{"href":"https:\/\/xenonkungen.com\/de\/wp-json\/wp\/v2\/product\/4445","targetHints":{"allow":["GET"]}}],"collection":[{"href":"https:\/\/xenonkungen.com\/de\/wp-json\/wp\/v2\/product"}],"about":[{"href":"https:\/\/xenonkungen.com\/de\/wp-json\/wp\/v2\/types\/product"}],"replies":[{"embeddable":true,"href":"https:\/\/xenonkungen.com\/de\/wp-json\/wp\/v2\/comments?post=4445"}],"wp:featuredmedia":[{"embeddable":true,"href":"https:\/\/xenonkungen.com\/de\/wp-json\/wp\/v2\/media\/4446"}],"wp:attachment":[{"href":"https:\/\/xenonkungen.com\/de\/wp-json\/wp\/v2\/media?parent=4445"}],"wp:term":[{"taxonomy":"anvandningsomrade","embeddable":true,"href":"https:\/\/xenonkungen.com\/de\/wp-json\/wp\/v2\/anvandningsomrade?post=4445"},{"taxonomy":"bilmarken","embeddable":true,"href":"https:\/\/xenonkungen.com\/de\/wp-json\/wp\/v2\/bilmarken?post=4445"},{"taxonomy":"product_brand","embeddable":true,"href":"https:\/\/xenonkungen.com\/de\/wp-json\/wp\/v2\/product_brand?post=4445"},{"taxonomy":"product_cat","embeddable":true,"href":"https:\/\/xenonkungen.com\/de\/wp-json\/wp\/v2\/product_cat?post=4445"},{"taxonomy":"product_tag","embeddable":true,"href":"https:\/\/xenonkungen.com\/de\/wp-json\/wp\/v2\/product_tag?post=4445"}],"curies":[{"name":"wp","href":"https:\/\/api.w.org\/{rel}","templated":true}]}}