{"id":4489,"date":"2025-04-15T09:13:42","date_gmt":"2025-04-15T09:13:42","guid":{"rendered":"https:\/\/xenonkungen.com\/product\/multi-purpose-brush-large\/"},"modified":"2026-04-24T17:33:50","modified_gmt":"2026-04-24T16:33:50","slug":"mehrzweckburste-gros","status":"publish","type":"product","link":"https:\/\/xenonkungen.com\/de\/produkt\/mehrzweckburste-gros\/","title":{"rendered":"Mehrzweckb\u00fcrste gro\u00df"},"content":{"rendered":"<h1>Mehrzweckb\u00fcrste gro\u00df<\/h1>\n<p>Die Mehrzweckb\u00fcrste ist vielseitig einsetzbar und eignet sich f\u00fcr die meisten Oberfl\u00e4chen. Ihre weichen Borsten erm\u00f6glichen ein schonendes Reinigen ohne Besch\u00e4digungen. Gleichzeitig sind sie fest genug, um auch hartn\u00e4ckige Flecken zu entfernen. Der Gummirand am B\u00fcrstenkopf verhindert Besch\u00e4digungen, falls Sie versehentlich mit dem Griff an die Oberfl\u00e4che gelangen.<\/p>\n<p><strong>Gr\u00f6\u00dfe:<\/strong> Gro\u00df<\/p>","protected":false},"excerpt":{"rendered":"<p>Multi-Purpose Brush Large Multi-Purpose Brush \u00e4r en m\u00e5ngsidig borste som l\u00e4mpar sig att anv\u00e4nda p\u00e5 dom flesta ytor. Mjuka och skonsamma str\u00e5n g\u00f6r att du kan bearbeta ytor utan att l\u00e4mna n\u00e5gra defekter. H\u00e5rda nog f\u00f6r att kunna bearbeta tuffa fl\u00e4ckar. Borsten har en gummikant i botten f\u00f6r att inte skada n\u00e5gra ytor om du [&hellip;]<\/p>","protected":false},"featured_media":4490,"comment_status":"closed","ping_status":"open","template":"","meta":{"_acf_changed":false,"_smort_price_nok":"213","_smort_price_dkk":"135","_smort_price_eur":"18.09","_smort_sale_price_nok":"","_smort_sale_price_dkk":"","_smort_sale_price_eur":"","smort_restorder":"","shipmondo_restorder":"","_kad_blocks_custom_css":"","_kad_blocks_head_custom_js":"","_kad_blocks_body_custom_js":"","_kad_blocks_footer_custom_js":"","smort_custom_pricelist_1":"127.36","smort_custom_pricelist_2":"127.36","smort_custom_pricelist_3":"111.44","smort_custom_pricelist_4":"159.2","smort_custom_pricelist_5":"127.36"},"anvandningsomrade":[],"bilmarken":[],"product_brand":[2793],"product_cat":[2450,2990,2618,378],"product_tag":[],"class_list":{"0":"post-4489","1":"product","2":"type-product","3":"status-publish","4":"has-post-thumbnail","6":"product_brand-ovrigt","7":"product_cat-tillbehor-bilvard","8":"product_cat-dack-och-falg","9":"product_cat-interior","10":"product_cat-bilvard","12":"first","13":"onbackorder","14":"taxable","15":"shipping-taxable","16":"purchasable","17":"product-type-simple"},"bundled_by":[],"bundle_stock_status":"onbackorder","bundle_stock_quantity":0,"bundle_virtual":false,"bundle_layout":"","bundle_add_to_cart_form_location":"","bundle_editable_in_cart":false,"bundle_sold_individually_context":"","bundle_item_grouping":"","bundle_min_size":"","bundle_max_size":"","bundle_price":[],"bundled_items":[],"bundle_sell_ids":[],"acf":[],"yoast_head":"<!-- This site is optimized with the Yoast SEO plugin v27.0 - https:\/\/yoast.com\/product\/yoast-seo-wordpress\/ -->\n<title>Multi-Purpose Brush Large - Xenonkungen<\/title>\n<meta name=\"robots\" content=\"index, follow, max-snippet:-1, max-image-preview:large, max-video-preview:-1\" \/>\n<link rel=\"canonical\" href=\"https:\/\/xenonkungen.com\/de\/produkt\/mehrzweckburste-gros\/\" \/>\n<meta property=\"og:locale\" content=\"de_DE\" \/>\n<meta property=\"og:type\" content=\"article\" \/>\n<meta property=\"og:title\" content=\"Multi-Purpose Brush Large - Xenonkungen\" \/>\n<meta property=\"og:description\" content=\"Multi-Purpose Brush Large Multi-Purpose Brush \u00e4r en m\u00e5ngsidig borste som l\u00e4mpar sig att anv\u00e4nda p\u00e5 dom flesta ytor. Mjuka och skonsamma str\u00e5n g\u00f6r att du kan bearbeta ytor utan att l\u00e4mna n\u00e5gra defekter. H\u00e5rda nog f\u00f6r att kunna bearbeta tuffa fl\u00e4ckar. Borsten har en gummikant i botten f\u00f6r att inte skada n\u00e5gra ytor om du [&hellip;]\" \/>\n<meta property=\"og:url\" content=\"https:\/\/xenonkungen.com\/de\/produkt\/mehrzweckburste-gros\/\" \/>\n<meta property=\"og:site_name\" content=\"Xenonkungen\" \/>\n<meta property=\"article:modified_time\" content=\"2026-04-24T16:33:50+00:00\" \/>\n<meta property=\"og:image\" content=\"https:\/\/xenonkungen.com\/wp-content\/uploads\/2025\/04\/192898948-origpic-3a7d66-scaled.png\" \/>\n\t<meta property=\"og:image:width\" content=\"1442\" \/>\n\t<meta property=\"og:image:height\" content=\"2560\" \/>\n\t<meta property=\"og:image:type\" content=\"image\/png\" \/>\n<meta name=\"twitter:card\" content=\"summary_large_image\" \/>\n<script type=\"application\/ld+json\" class=\"yoast-schema-graph\">{\"@context\":\"https:\/\/schema.org\",\"@graph\":[{\"@type\":\"WebPage\",\"@id\":\"https:\/\/xenonkungen.com\/produkt\/multi-purpose-brush-large\/\",\"url\":\"https:\/\/xenonkungen.com\/produkt\/multi-purpose-brush-large\/\",\"name\":\"Multi-Purpose Brush Large - Xenonkungen\",\"isPartOf\":{\"@id\":\"https:\/\/xenonkungen.com\/#website\"},\"primaryImageOfPage\":{\"@id\":\"https:\/\/xenonkungen.com\/produkt\/multi-purpose-brush-large\/#primaryimage\"},\"image\":{\"@id\":\"https:\/\/xenonkungen.com\/produkt\/multi-purpose-brush-large\/#primaryimage\"},\"thumbnailUrl\":\"https:\/\/xenonkungen.com\/wp-content\/uploads\/2025\/04\/192898948-origpic-3a7d66-scaled.png\",\"datePublished\":\"2025-04-15T09:13:42+00:00\",\"dateModified\":\"2026-04-24T16:33:50+00:00\",\"breadcrumb\":{\"@id\":\"https:\/\/xenonkungen.com\/produkt\/multi-purpose-brush-large\/#breadcrumb\"},\"inLanguage\":\"de\",\"potentialAction\":[{\"@type\":\"ReadAction\",\"target\":[\"https:\/\/xenonkungen.com\/produkt\/multi-purpose-brush-large\/\"]}]},{\"@type\":\"ImageObject\",\"inLanguage\":\"de\",\"@id\":\"https:\/\/xenonkungen.com\/produkt\/multi-purpose-brush-large\/#primaryimage\",\"url\":\"https:\/\/xenonkungen.com\/wp-content\/uploads\/2025\/04\/192898948-origpic-3a7d66-scaled.png\",\"contentUrl\":\"https:\/\/xenonkungen.com\/wp-content\/uploads\/2025\/04\/192898948-origpic-3a7d66-scaled.png\",\"width\":1442,\"height\":2560},{\"@type\":\"BreadcrumbList\",\"@id\":\"https:\/\/xenonkungen.com\/produkt\/multi-purpose-brush-large\/#breadcrumb\",\"itemListElement\":[{\"@type\":\"ListItem\",\"position\":1,\"name\":\"Hem\",\"item\":\"https:\/\/xenonkungen.com\/\"},{\"@type\":\"ListItem\",\"position\":2,\"name\":\"Shop\",\"item\":\"https:\/\/xenonkungen.com\/shop\/\"},{\"@type\":\"ListItem\",\"position\":3,\"name\":\"Multi-Purpose Brush Large\"}]},{\"@type\":\"WebSite\",\"@id\":\"https:\/\/xenonkungen.com\/#website\",\"url\":\"https:\/\/xenonkungen.com\/\",\"name\":\"Xenonkungen\",\"description\":\"\",\"potentialAction\":[{\"@type\":\"SearchAction\",\"target\":{\"@type\":\"EntryPoint\",\"urlTemplate\":\"https:\/\/xenonkungen.com\/?s={search_term_string}\"},\"query-input\":{\"@type\":\"PropertyValueSpecification\",\"valueRequired\":true,\"valueName\":\"search_term_string\"}}],\"inLanguage\":\"de\"}]}<\/script>\n<!-- \/ Yoast SEO plugin. -->","yoast_head_json":{"title":"Gro\u00dffl\u00e4chige Mehrzweckb\u00fcrste \u2013 Der Xenon-K\u00f6nig","robots":{"index":"index","follow":"follow","max-snippet":"max-snippet:-1","max-image-preview":"max-image-preview:large","max-video-preview":"max-video-preview:-1"},"canonical":"https:\/\/xenonkungen.com\/de\/produkt\/mehrzweckburste-gros\/","og_locale":"de_DE","og_type":"article","og_title":"Multi-Purpose Brush Large - Xenonkungen","og_description":"Multi-Purpose Brush Large Multi-Purpose Brush \u00e4r en m\u00e5ngsidig borste som l\u00e4mpar sig att anv\u00e4nda p\u00e5 dom flesta ytor. Mjuka och skonsamma str\u00e5n g\u00f6r att du kan bearbeta ytor utan att l\u00e4mna n\u00e5gra defekter. H\u00e5rda nog f\u00f6r att kunna bearbeta tuffa fl\u00e4ckar. Borsten har en gummikant i botten f\u00f6r att inte skada n\u00e5gra ytor om du [&hellip;]","og_url":"https:\/\/xenonkungen.com\/de\/produkt\/mehrzweckburste-gros\/","og_site_name":"Xenonkungen","article_modified_time":"2026-04-24T16:33:50+00:00","og_image":[{"width":1442,"height":2560,"url":"https:\/\/xenonkungen.com\/wp-content\/uploads\/2025\/04\/192898948-origpic-3a7d66-scaled.png","type":"image\/png"}],"twitter_card":"summary_large_image","schema":{"@context":"https:\/\/schema.org","@graph":[{"@type":"WebPage","@id":"https:\/\/xenonkungen.com\/produkt\/multi-purpose-brush-large\/","url":"https:\/\/xenonkungen.com\/produkt\/multi-purpose-brush-large\/","name":"Gro\u00dffl\u00e4chige Mehrzweckb\u00fcrste \u2013 Der Xenon-K\u00f6nig","isPartOf":{"@id":"https:\/\/xenonkungen.com\/#website"},"primaryImageOfPage":{"@id":"https:\/\/xenonkungen.com\/produkt\/multi-purpose-brush-large\/#primaryimage"},"image":{"@id":"https:\/\/xenonkungen.com\/produkt\/multi-purpose-brush-large\/#primaryimage"},"thumbnailUrl":"https:\/\/xenonkungen.com\/wp-content\/uploads\/2025\/04\/192898948-origpic-3a7d66-scaled.png","datePublished":"2025-04-15T09:13:42+00:00","dateModified":"2026-04-24T16:33:50+00:00","breadcrumb":{"@id":"https:\/\/xenonkungen.com\/produkt\/multi-purpose-brush-large\/#breadcrumb"},"inLanguage":"de","potentialAction":[{"@type":"ReadAction","target":["https:\/\/xenonkungen.com\/produkt\/multi-purpose-brush-large\/"]}]},{"@type":"ImageObject","inLanguage":"de","@id":"https:\/\/xenonkungen.com\/produkt\/multi-purpose-brush-large\/#primaryimage","url":"https:\/\/xenonkungen.com\/wp-content\/uploads\/2025\/04\/192898948-origpic-3a7d66-scaled.png","contentUrl":"https:\/\/xenonkungen.com\/wp-content\/uploads\/2025\/04\/192898948-origpic-3a7d66-scaled.png","width":1442,"height":2560},{"@type":"BreadcrumbList","@id":"https:\/\/xenonkungen.com\/produkt\/multi-purpose-brush-large\/#breadcrumb","itemListElement":[{"@type":"ListItem","position":1,"name":"Hem","item":"https:\/\/xenonkungen.com\/"},{"@type":"ListItem","position":2,"name":"Shop","item":"https:\/\/xenonkungen.com\/shop\/"},{"@type":"ListItem","position":3,"name":"Multi-Purpose Brush Large"}]},{"@type":"WebSite","@id":"https:\/\/xenonkungen.com\/#website","url":"https:\/\/xenonkungen.com\/","name":"Xenonkungen","description":"","potentialAction":[{"@type":"SearchAction","target":{"@type":"EntryPoint","urlTemplate":"https:\/\/xenonkungen.com\/?s={search_term_string}"},"query-input":{"@type":"PropertyValueSpecification","valueRequired":true,"valueName":"search_term_string"}}],"inLanguage":"de"}]}},"taxonomy_info":{"product_brand":[{"value":2793,"label":"\u00d6VRIGT"}],"product_cat":[{"value":2450,"label":"6 | Tillbeh\u00f6r"},{"value":2990,"label":"D\u00e4ck &amp; F\u00e4lg"},{"value":2618,"label":"Interi\u00f6r"},{"value":378,"label":"Bilv\u00e5rd"}]},"featured_image_src_large":["https:\/\/xenonkungen.com\/wp-content\/uploads\/2025\/04\/192898948-origpic-3a7d66-577x1024.png",577,1024,true],"author_info":[],"comment_info":0,"_links":{"self":[{"href":"https:\/\/xenonkungen.com\/de\/wp-json\/wp\/v2\/product\/4489","targetHints":{"allow":["GET"]}}],"collection":[{"href":"https:\/\/xenonkungen.com\/de\/wp-json\/wp\/v2\/product"}],"about":[{"href":"https:\/\/xenonkungen.com\/de\/wp-json\/wp\/v2\/types\/product"}],"replies":[{"embeddable":true,"href":"https:\/\/xenonkungen.com\/de\/wp-json\/wp\/v2\/comments?post=4489"}],"wp:featuredmedia":[{"embeddable":true,"href":"https:\/\/xenonkungen.com\/de\/wp-json\/wp\/v2\/media\/4490"}],"wp:attachment":[{"href":"https:\/\/xenonkungen.com\/de\/wp-json\/wp\/v2\/media?parent=4489"}],"wp:term":[{"taxonomy":"anvandningsomrade","embeddable":true,"href":"https:\/\/xenonkungen.com\/de\/wp-json\/wp\/v2\/anvandningsomrade?post=4489"},{"taxonomy":"bilmarken","embeddable":true,"href":"https:\/\/xenonkungen.com\/de\/wp-json\/wp\/v2\/bilmarken?post=4489"},{"taxonomy":"product_brand","embeddable":true,"href":"https:\/\/xenonkungen.com\/de\/wp-json\/wp\/v2\/product_brand?post=4489"},{"taxonomy":"product_cat","embeddable":true,"href":"https:\/\/xenonkungen.com\/de\/wp-json\/wp\/v2\/product_cat?post=4489"},{"taxonomy":"product_tag","embeddable":true,"href":"https:\/\/xenonkungen.com\/de\/wp-json\/wp\/v2\/product_tag?post=4489"}],"curies":[{"name":"wp","href":"https:\/\/api.w.org\/{rel}","templated":true}]}}