{"id":4521,"date":"2025-04-15T09:14:14","date_gmt":"2025-04-15T09:14:14","guid":{"rendered":"https:\/\/xenonkungen.com\/product\/meguiars-3-in-1-wax\/"},"modified":"2026-04-04T06:49:24","modified_gmt":"2026-04-04T05:49:24","slug":"meguiars-3-in-1-wachs","status":"publish","type":"product","link":"https:\/\/xenonkungen.com\/de\/produkt\/meguiars-3-in-1-wachs\/","title":{"rendered":"Meguiar's 3 in 1 Wachs"},"content":{"rendered":"<h1>3 in 1 Wachs<\/h1>\n<p>3-in-1-Wachs ist ein sogenanntes Ein-Schritt-Produkt, ein reinigendes Autowachs, das sich ideal f\u00fcr abgenutzten Lack eignet, wenn Sie schnell und einfach ein hochwertiges Ergebnis erzielen m\u00f6chten. Es ist sehr einfach anzuwenden und poliert kleinere Kratzer weg, reinigt und hinterl\u00e4sst eine sch\u00fctzende Wachsschicht \u2013 alles in einem Arbeitsgang.<\/p>\n<p>Das Produkt entfernt effektiv Waschkratzer, Trocknerflecken und andere kleinere Lackdefekte. Eine Mischung aus synthetischem Wachs und Carnaubawachs sorgt f\u00fcr eine hochgl\u00e4nzende Oberfl\u00e4che mit hervorragendem Wasserablauf. Kann sowohl von Hand als auch mit einer Poliermaschine aufgetragen werden.<\/p>\n<p>Inklusive Schaumstoffapplikator zum Polieren von Hand.<\/p>\n<p><strong>Inhalt (ml):<\/strong> 473<\/p>\n<p><iframe loading=\"lazy\" height=\"314\" src=\"https:\/\/www.youtube.com\/embed\/4oxs3hUq5Zw\" width=\"560\" allowfullscreen=\"allowfullscreen\"><\/iframe><\/p>","protected":false},"excerpt":{"rendered":"<p>Frischt abgenutzten Lack auf und hinterl\u00e4sst eine sch\u00fctzende Wachsschicht \u2013 alles in einem Arbeitsgang!<\/p>","protected":false},"featured_media":4522,"comment_status":"closed","ping_status":"open","template":"","meta":{"_acf_changed":false,"_smort_price_nok":"426","_smort_price_dkk":"271","_smort_price_eur":"36.27","_smort_sale_price_nok":"","_smort_sale_price_dkk":"","_smort_sale_price_eur":"","smort_restorder":"","shipmondo_restorder":"","_kad_blocks_custom_css":"","_kad_blocks_head_custom_js":"","_kad_blocks_body_custom_js":"","_kad_blocks_footer_custom_js":"","smort_custom_pricelist_1":"255.36","smort_custom_pricelist_2":"255.36","smort_custom_pricelist_3":"242.59","smort_custom_pricelist_4":"319.2","smort_custom_pricelist_5":"255.36"},"anvandningsomrade":[],"bilmarken":[],"product_brand":[1383],"product_cat":[2617,2614,378],"product_tag":[],"class_list":{"0":"post-4521","1":"product","2":"type-product","3":"status-publish","4":"has-post-thumbnail","6":"product_brand-meguiars","7":"product_cat-polering","8":"product_cat-lackskydd","9":"product_cat-bilvard","11":"first","12":"onbackorder","13":"taxable","14":"shipping-taxable","15":"purchasable","16":"product-type-simple"},"bundled_by":[],"bundle_stock_status":"onbackorder","bundle_stock_quantity":-1,"bundle_virtual":false,"bundle_layout":"","bundle_add_to_cart_form_location":"","bundle_editable_in_cart":false,"bundle_sold_individually_context":"","bundle_item_grouping":"","bundle_min_size":"","bundle_max_size":"","bundle_price":[],"bundled_items":[],"bundle_sell_ids":[],"acf":[],"yoast_head":"<!-- This site is optimized with the Yoast SEO plugin v27.0 - https:\/\/yoast.com\/product\/yoast-seo-wordpress\/ -->\n<title>Meguiar&#039;s 3 in 1 Wax - Xenonkungen<\/title>\n<meta name=\"robots\" content=\"index, follow, max-snippet:-1, max-image-preview:large, max-video-preview:-1\" \/>\n<link rel=\"canonical\" href=\"https:\/\/xenonkungen.com\/de\/produkt\/meguiars-3-in-1-wachs\/\" \/>\n<meta property=\"og:locale\" content=\"de_DE\" \/>\n<meta property=\"og:type\" content=\"article\" \/>\n<meta property=\"og:title\" content=\"Meguiar&#039;s 3 in 1 Wax - Xenonkungen\" \/>\n<meta property=\"og:description\" content=\"\u00c5terst\u00e4ller sliten lack och l\u00e4mnar efter sig ett skyddande lager vax, allt i ett steg!\" \/>\n<meta property=\"og:url\" content=\"https:\/\/xenonkungen.com\/de\/produkt\/meguiars-3-in-1-wachs\/\" \/>\n<meta property=\"og:site_name\" content=\"Xenonkungen\" \/>\n<meta property=\"article:modified_time\" content=\"2026-04-04T05:49:24+00:00\" \/>\n<meta property=\"og:image\" content=\"https:\/\/xenonkungen.com\/wp-content\/uploads\/2025\/04\/190087937-origpic-a064fa.png\" \/>\n\t<meta property=\"og:image:width\" content=\"281\" \/>\n\t<meta property=\"og:image:height\" content=\"600\" \/>\n\t<meta property=\"og:image:type\" content=\"image\/png\" \/>\n<meta name=\"twitter:card\" content=\"summary_large_image\" \/>\n<meta name=\"twitter:label1\" content=\"Gesch\u00e4tzte Lesezeit\" \/>\n\t<meta name=\"twitter:data1\" content=\"1\u00a0Minute\" \/>\n<script type=\"application\/ld+json\" class=\"yoast-schema-graph\">{\"@context\":\"https:\/\/schema.org\",\"@graph\":[{\"@type\":\"WebPage\",\"@id\":\"https:\/\/xenonkungen.com\/produkt\/meguiars-3-in-1-wax\/\",\"url\":\"https:\/\/xenonkungen.com\/produkt\/meguiars-3-in-1-wax\/\",\"name\":\"Meguiar's 3 in 1 Wax - Xenonkungen\",\"isPartOf\":{\"@id\":\"https:\/\/xenonkungen.com\/#website\"},\"primaryImageOfPage\":{\"@id\":\"https:\/\/xenonkungen.com\/produkt\/meguiars-3-in-1-wax\/#primaryimage\"},\"image\":{\"@id\":\"https:\/\/xenonkungen.com\/produkt\/meguiars-3-in-1-wax\/#primaryimage\"},\"thumbnailUrl\":\"https:\/\/xenonkungen.com\/wp-content\/uploads\/2025\/04\/190087937-origpic-a064fa.png\",\"datePublished\":\"2025-04-15T09:14:14+00:00\",\"dateModified\":\"2026-04-04T05:49:24+00:00\",\"breadcrumb\":{\"@id\":\"https:\/\/xenonkungen.com\/produkt\/meguiars-3-in-1-wax\/#breadcrumb\"},\"inLanguage\":\"de\",\"potentialAction\":[{\"@type\":\"ReadAction\",\"target\":[\"https:\/\/xenonkungen.com\/produkt\/meguiars-3-in-1-wax\/\"]}]},{\"@type\":\"ImageObject\",\"inLanguage\":\"de\",\"@id\":\"https:\/\/xenonkungen.com\/produkt\/meguiars-3-in-1-wax\/#primaryimage\",\"url\":\"https:\/\/xenonkungen.com\/wp-content\/uploads\/2025\/04\/190087937-origpic-a064fa.png\",\"contentUrl\":\"https:\/\/xenonkungen.com\/wp-content\/uploads\/2025\/04\/190087937-origpic-a064fa.png\",\"width\":281,\"height\":600},{\"@type\":\"BreadcrumbList\",\"@id\":\"https:\/\/xenonkungen.com\/produkt\/meguiars-3-in-1-wax\/#breadcrumb\",\"itemListElement\":[{\"@type\":\"ListItem\",\"position\":1,\"name\":\"Hem\",\"item\":\"https:\/\/xenonkungen.com\/\"},{\"@type\":\"ListItem\",\"position\":2,\"name\":\"Shop\",\"item\":\"https:\/\/xenonkungen.com\/shop\/\"},{\"@type\":\"ListItem\",\"position\":3,\"name\":\"Meguiar&#8217;s 3 in 1 Wax\"}]},{\"@type\":\"WebSite\",\"@id\":\"https:\/\/xenonkungen.com\/#website\",\"url\":\"https:\/\/xenonkungen.com\/\",\"name\":\"Xenonkungen\",\"description\":\"\",\"potentialAction\":[{\"@type\":\"SearchAction\",\"target\":{\"@type\":\"EntryPoint\",\"urlTemplate\":\"https:\/\/xenonkungen.com\/?s={search_term_string}\"},\"query-input\":{\"@type\":\"PropertyValueSpecification\",\"valueRequired\":true,\"valueName\":\"search_term_string\"}}],\"inLanguage\":\"de\"}]}<\/script>\n<!-- \/ Yoast SEO plugin. -->","yoast_head_json":{"title":"Meguiar&#039;s 3-in-1-Wachs \u2013 Der Xenon-K\u00f6nig","robots":{"index":"index","follow":"follow","max-snippet":"max-snippet:-1","max-image-preview":"max-image-preview:large","max-video-preview":"max-video-preview:-1"},"canonical":"https:\/\/xenonkungen.com\/de\/produkt\/meguiars-3-in-1-wachs\/","og_locale":"de_DE","og_type":"article","og_title":"Meguiar's 3 in 1 Wax - Xenonkungen","og_description":"\u00c5terst\u00e4ller sliten lack och l\u00e4mnar efter sig ett skyddande lager vax, allt i ett steg!","og_url":"https:\/\/xenonkungen.com\/de\/produkt\/meguiars-3-in-1-wachs\/","og_site_name":"Xenonkungen","article_modified_time":"2026-04-04T05:49:24+00:00","og_image":[{"width":281,"height":600,"url":"https:\/\/xenonkungen.com\/wp-content\/uploads\/2025\/04\/190087937-origpic-a064fa.png","type":"image\/png"}],"twitter_card":"summary_large_image","twitter_misc":{"Gesch\u00e4tzte Lesezeit":"1\u00a0Minute"},"schema":{"@context":"https:\/\/schema.org","@graph":[{"@type":"WebPage","@id":"https:\/\/xenonkungen.com\/produkt\/meguiars-3-in-1-wax\/","url":"https:\/\/xenonkungen.com\/produkt\/meguiars-3-in-1-wax\/","name":"Meguiar&#039;s 3-in-1-Wachs \u2013 Der Xenon-K\u00f6nig","isPartOf":{"@id":"https:\/\/xenonkungen.com\/#website"},"primaryImageOfPage":{"@id":"https:\/\/xenonkungen.com\/produkt\/meguiars-3-in-1-wax\/#primaryimage"},"image":{"@id":"https:\/\/xenonkungen.com\/produkt\/meguiars-3-in-1-wax\/#primaryimage"},"thumbnailUrl":"https:\/\/xenonkungen.com\/wp-content\/uploads\/2025\/04\/190087937-origpic-a064fa.png","datePublished":"2025-04-15T09:14:14+00:00","dateModified":"2026-04-04T05:49:24+00:00","breadcrumb":{"@id":"https:\/\/xenonkungen.com\/produkt\/meguiars-3-in-1-wax\/#breadcrumb"},"inLanguage":"de","potentialAction":[{"@type":"ReadAction","target":["https:\/\/xenonkungen.com\/produkt\/meguiars-3-in-1-wax\/"]}]},{"@type":"ImageObject","inLanguage":"de","@id":"https:\/\/xenonkungen.com\/produkt\/meguiars-3-in-1-wax\/#primaryimage","url":"https:\/\/xenonkungen.com\/wp-content\/uploads\/2025\/04\/190087937-origpic-a064fa.png","contentUrl":"https:\/\/xenonkungen.com\/wp-content\/uploads\/2025\/04\/190087937-origpic-a064fa.png","width":281,"height":600},{"@type":"BreadcrumbList","@id":"https:\/\/xenonkungen.com\/produkt\/meguiars-3-in-1-wax\/#breadcrumb","itemListElement":[{"@type":"ListItem","position":1,"name":"Hem","item":"https:\/\/xenonkungen.com\/"},{"@type":"ListItem","position":2,"name":"Shop","item":"https:\/\/xenonkungen.com\/shop\/"},{"@type":"ListItem","position":3,"name":"Meguiar&#8217;s 3 in 1 Wax"}]},{"@type":"WebSite","@id":"https:\/\/xenonkungen.com\/#website","url":"https:\/\/xenonkungen.com\/","name":"Xenonkungen","description":"","potentialAction":[{"@type":"SearchAction","target":{"@type":"EntryPoint","urlTemplate":"https:\/\/xenonkungen.com\/?s={search_term_string}"},"query-input":{"@type":"PropertyValueSpecification","valueRequired":true,"valueName":"search_term_string"}}],"inLanguage":"de"}]}},"taxonomy_info":{"product_brand":[{"value":1383,"label":"Meguiar's"}],"product_cat":[{"value":2617,"label":"3 | Polering"},{"value":2614,"label":"4 | Bilvax &amp; Lackskydd"},{"value":378,"label":"Bilv\u00e5rd"}]},"featured_image_src_large":["https:\/\/xenonkungen.com\/wp-content\/uploads\/2025\/04\/190087937-origpic-a064fa.png",281,600,false],"author_info":[],"comment_info":0,"_links":{"self":[{"href":"https:\/\/xenonkungen.com\/de\/wp-json\/wp\/v2\/product\/4521","targetHints":{"allow":["GET"]}}],"collection":[{"href":"https:\/\/xenonkungen.com\/de\/wp-json\/wp\/v2\/product"}],"about":[{"href":"https:\/\/xenonkungen.com\/de\/wp-json\/wp\/v2\/types\/product"}],"replies":[{"embeddable":true,"href":"https:\/\/xenonkungen.com\/de\/wp-json\/wp\/v2\/comments?post=4521"}],"wp:featuredmedia":[{"embeddable":true,"href":"https:\/\/xenonkungen.com\/de\/wp-json\/wp\/v2\/media\/4522"}],"wp:attachment":[{"href":"https:\/\/xenonkungen.com\/de\/wp-json\/wp\/v2\/media?parent=4521"}],"wp:term":[{"taxonomy":"anvandningsomrade","embeddable":true,"href":"https:\/\/xenonkungen.com\/de\/wp-json\/wp\/v2\/anvandningsomrade?post=4521"},{"taxonomy":"bilmarken","embeddable":true,"href":"https:\/\/xenonkungen.com\/de\/wp-json\/wp\/v2\/bilmarken?post=4521"},{"taxonomy":"product_brand","embeddable":true,"href":"https:\/\/xenonkungen.com\/de\/wp-json\/wp\/v2\/product_brand?post=4521"},{"taxonomy":"product_cat","embeddable":true,"href":"https:\/\/xenonkungen.com\/de\/wp-json\/wp\/v2\/product_cat?post=4521"},{"taxonomy":"product_tag","embeddable":true,"href":"https:\/\/xenonkungen.com\/de\/wp-json\/wp\/v2\/product_tag?post=4521"}],"curies":[{"name":"wp","href":"https:\/\/api.w.org\/{rel}","templated":true}]}}