{"id":4581,"date":"2025-04-15T09:14:54","date_gmt":"2025-04-15T09:14:54","guid":{"rendered":"https:\/\/xenonkungen.com\/product\/meguiars-perfect-clarity-glass-cleaner\/"},"modified":"2026-04-01T07:56:03","modified_gmt":"2026-04-01T06:56:03","slug":"meguiars-perfect-clarity-glasreiniger","status":"publish","type":"product","link":"https:\/\/xenonkungen.com\/de\/produkt\/meguiars-perfect-clarity-glasreiniger\/","title":{"rendered":"Meguiar's Perfect Clarity Glasreiniger"},"content":{"rendered":"<h1>Perfect Clarity Glasreiniger<\/h1>\n<p>Noch nie war es so einfach, Glas so perfekt aussehen zu lassen. Perfect Clarity Glass Cleaner ist ammoniakfrei und entfernt hartn\u00e4ckige Verschmutzungen m\u00fchelos und ohne Schlieren zu hinterlassen. <\/p>\n<p>Meguiar's Perfect Clarity Glass Cleaner ist das Ergebnis jahrelanger Zusammenarbeit mit professionellen Autopflegebetrieben, um den schnellsten und effektivsten Weg zur Reinigung von Glas und Spiegeln zu finden und das sonst \u00fcbliche Risiko der Abplatzung zu eliminieren. <\/p>\n<p>Diese neue, verbesserte Formel hat eine \u00fcberragende Reinigungskraft, um selbst die schmutzigsten Fenster zu beseitigen. Entfernt m\u00fchelos und schnell Stra\u00dfenschmutz, Rauchablagerungen, Vogelkot, Insekten und andere Verunreinigungen.<\/p>\n<p>Jetzt auch mit Anti-Beschlag-Funktion! Funktioniert zu Hause genauso gut wie im Auto.<\/p>\n<p><strong>Inhalt (ml):<\/strong> 710<\/p>\n<h2><strong>Warnung!<\/strong><\/h2>\n<p><strong>Farbcodierung:<\/strong><\/p>\n<ul>\n<li>Verursacht schwere Augenreizungen<\/li>\n<\/ul>\n<p><strong>Sch\u00fctzende Bezeichnungen:<\/strong><\/p>\n<ul>\n<li>Halten Sie die Packung oder das Etikett bereit, falls Sie einen Arzt aufsuchen m\u00fcssen.<\/li>\n<li>Au\u00dferhalb der Reichweite von Kindern aufbewahren<\/li>\n<li>Augenschutz verwenden<\/li>\n<li>BEI KONTAKT MIT DEN AUGEN: Einige Minuten lang behutsam mit Wasser sp\u00fclen. Eventuell vorhandene Kontaktlinsen entfernen, wenn dies leicht m\u00f6glich ist. Weiter aussp\u00fclen<\/li>\n<li>Bei anhaltender Augenreizung: Einen Arzt aufsuchen<\/li>\n<\/ul>","protected":false},"excerpt":{"rendered":"<p>Meguiar's Perfect Clarity Glass Cleaner ist das Ergebnis jahrelanger Zusammenarbeit mit professionellen Autopflegebetrieben, um den schnellsten und effektivsten Weg zur Reinigung von Glas und Spiegeln zu finden und das Risiko von Schlierenbildung zu vermeiden. Funktioniert im Haus genauso gut wie im Auto!<\/p>","protected":false},"featured_media":4582,"comment_status":"closed","ping_status":"open","template":"","meta":{"_acf_changed":false,"_smort_price_nok":"170","_smort_price_dkk":"108","_smort_price_eur":"14.45","_smort_sale_price_nok":"","_smort_sale_price_dkk":"","_smort_sale_price_eur":"","smort_restorder":"","shipmondo_restorder":"","_kad_blocks_custom_css":"","_kad_blocks_head_custom_js":"","_kad_blocks_body_custom_js":"","_kad_blocks_footer_custom_js":"","smort_custom_pricelist_1":"101.76","smort_custom_pricelist_2":"101.76","smort_custom_pricelist_3":"96.67","smort_custom_pricelist_4":"127.2","smort_custom_pricelist_5":"101.76"},"anvandningsomrade":[],"bilmarken":[],"product_brand":[1383],"product_cat":[2992,2618,378],"product_tag":[],"class_list":{"0":"post-4581","1":"product","2":"type-product","3":"status-publish","4":"has-post-thumbnail","6":"product_brand-meguiars","7":"product_cat-home-bilvard","8":"product_cat-interior","9":"product_cat-bilvard","11":"first","12":"instock","13":"taxable","14":"shipping-taxable","15":"purchasable","16":"product-type-simple"},"bundled_by":["9653","9676"],"bundle_stock_status":"instock","bundle_stock_quantity":5,"bundle_virtual":false,"bundle_layout":"","bundle_add_to_cart_form_location":"","bundle_editable_in_cart":false,"bundle_sold_individually_context":"","bundle_item_grouping":"","bundle_min_size":"","bundle_max_size":"","bundle_price":[],"bundled_items":[],"bundle_sell_ids":[],"acf":[],"yoast_head":"<!-- This site is optimized with the Yoast SEO plugin v27.0 - https:\/\/yoast.com\/product\/yoast-seo-wordpress\/ -->\n<title>Meguiar&#039;s Perfect Clarity Glass Cleaner - Xenonkungen<\/title>\n<meta name=\"robots\" content=\"index, follow, max-snippet:-1, max-image-preview:large, max-video-preview:-1\" \/>\n<link rel=\"canonical\" href=\"https:\/\/xenonkungen.com\/de\/produkt\/meguiars-perfect-clarity-glasreiniger\/\" \/>\n<meta property=\"og:locale\" content=\"de_DE\" \/>\n<meta property=\"og:type\" content=\"article\" \/>\n<meta property=\"og:title\" content=\"Meguiar&#039;s Perfect Clarity Glass Cleaner - Xenonkungen\" \/>\n<meta property=\"og:description\" content=\"Meguiar\u2019s Perfect Clarity Glass Cleaner \u00e4r ett resultat av flera \u00e5rs samarbete med professionella bilv\u00e5rdsf\u00f6retag f\u00f6r att hitta det snabbaste och effektivaste s\u00e4ttet att reng\u00f6ra glas och speglar samt att eliminera risken f\u00f6r flammighet. Fungerar lika bra i hemmet som i bilen!\" \/>\n<meta property=\"og:url\" content=\"https:\/\/xenonkungen.com\/de\/produkt\/meguiars-perfect-clarity-glasreiniger\/\" \/>\n<meta property=\"og:site_name\" content=\"Xenonkungen\" \/>\n<meta property=\"article:modified_time\" content=\"2026-04-01T06:56:03+00:00\" \/>\n<meta property=\"og:image\" content=\"https:\/\/xenonkungen.com\/wp-content\/uploads\/2025\/04\/190088127-origpic-73cca8.png\" \/>\n\t<meta property=\"og:image:width\" content=\"271\" \/>\n\t<meta property=\"og:image:height\" content=\"600\" \/>\n\t<meta property=\"og:image:type\" content=\"image\/png\" \/>\n<meta name=\"twitter:card\" content=\"summary_large_image\" \/>\n<meta name=\"twitter:label1\" content=\"Gesch\u00e4tzte Lesezeit\" \/>\n\t<meta name=\"twitter:data1\" content=\"1\u00a0Minute\" \/>\n<script type=\"application\/ld+json\" class=\"yoast-schema-graph\">{\"@context\":\"https:\/\/schema.org\",\"@graph\":[{\"@type\":\"WebPage\",\"@id\":\"https:\/\/xenonkungen.com\/produkt\/meguiars-perfect-clarity-glass-cleaner\/\",\"url\":\"https:\/\/xenonkungen.com\/produkt\/meguiars-perfect-clarity-glass-cleaner\/\",\"name\":\"Meguiar's Perfect Clarity Glass Cleaner - Xenonkungen\",\"isPartOf\":{\"@id\":\"https:\/\/xenonkungen.com\/#website\"},\"primaryImageOfPage\":{\"@id\":\"https:\/\/xenonkungen.com\/produkt\/meguiars-perfect-clarity-glass-cleaner\/#primaryimage\"},\"image\":{\"@id\":\"https:\/\/xenonkungen.com\/produkt\/meguiars-perfect-clarity-glass-cleaner\/#primaryimage\"},\"thumbnailUrl\":\"https:\/\/xenonkungen.com\/wp-content\/uploads\/2025\/04\/190088127-origpic-73cca8.png\",\"datePublished\":\"2025-04-15T09:14:54+00:00\",\"dateModified\":\"2026-04-01T06:56:03+00:00\",\"breadcrumb\":{\"@id\":\"https:\/\/xenonkungen.com\/produkt\/meguiars-perfect-clarity-glass-cleaner\/#breadcrumb\"},\"inLanguage\":\"de\",\"potentialAction\":[{\"@type\":\"ReadAction\",\"target\":[\"https:\/\/xenonkungen.com\/produkt\/meguiars-perfect-clarity-glass-cleaner\/\"]}]},{\"@type\":\"ImageObject\",\"inLanguage\":\"de\",\"@id\":\"https:\/\/xenonkungen.com\/produkt\/meguiars-perfect-clarity-glass-cleaner\/#primaryimage\",\"url\":\"https:\/\/xenonkungen.com\/wp-content\/uploads\/2025\/04\/190088127-origpic-73cca8.png\",\"contentUrl\":\"https:\/\/xenonkungen.com\/wp-content\/uploads\/2025\/04\/190088127-origpic-73cca8.png\",\"width\":271,\"height\":600},{\"@type\":\"BreadcrumbList\",\"@id\":\"https:\/\/xenonkungen.com\/produkt\/meguiars-perfect-clarity-glass-cleaner\/#breadcrumb\",\"itemListElement\":[{\"@type\":\"ListItem\",\"position\":1,\"name\":\"Hem\",\"item\":\"https:\/\/xenonkungen.com\/\"},{\"@type\":\"ListItem\",\"position\":2,\"name\":\"Shop\",\"item\":\"https:\/\/xenonkungen.com\/shop\/\"},{\"@type\":\"ListItem\",\"position\":3,\"name\":\"Meguiar&#8217;s Perfect Clarity Glass Cleaner\"}]},{\"@type\":\"WebSite\",\"@id\":\"https:\/\/xenonkungen.com\/#website\",\"url\":\"https:\/\/xenonkungen.com\/\",\"name\":\"Xenonkungen\",\"description\":\"\",\"potentialAction\":[{\"@type\":\"SearchAction\",\"target\":{\"@type\":\"EntryPoint\",\"urlTemplate\":\"https:\/\/xenonkungen.com\/?s={search_term_string}\"},\"query-input\":{\"@type\":\"PropertyValueSpecification\",\"valueRequired\":true,\"valueName\":\"search_term_string\"}}],\"inLanguage\":\"de\"}]}<\/script>\n<!-- \/ Yoast SEO plugin. -->","yoast_head_json":{"title":"Meguiar&#039;s Perfect Clarity Glasreiniger \u2013 Der Xenon-K\u00f6nig","robots":{"index":"index","follow":"follow","max-snippet":"max-snippet:-1","max-image-preview":"max-image-preview:large","max-video-preview":"max-video-preview:-1"},"canonical":"https:\/\/xenonkungen.com\/de\/produkt\/meguiars-perfect-clarity-glasreiniger\/","og_locale":"de_DE","og_type":"article","og_title":"Meguiar's Perfect Clarity Glass Cleaner - Xenonkungen","og_description":"Meguiar\u2019s Perfect Clarity Glass Cleaner \u00e4r ett resultat av flera \u00e5rs samarbete med professionella bilv\u00e5rdsf\u00f6retag f\u00f6r att hitta det snabbaste och effektivaste s\u00e4ttet att reng\u00f6ra glas och speglar samt att eliminera risken f\u00f6r flammighet. Fungerar lika bra i hemmet som i bilen!","og_url":"https:\/\/xenonkungen.com\/de\/produkt\/meguiars-perfect-clarity-glasreiniger\/","og_site_name":"Xenonkungen","article_modified_time":"2026-04-01T06:56:03+00:00","og_image":[{"width":271,"height":600,"url":"https:\/\/xenonkungen.com\/wp-content\/uploads\/2025\/04\/190088127-origpic-73cca8.png","type":"image\/png"}],"twitter_card":"summary_large_image","twitter_misc":{"Gesch\u00e4tzte Lesezeit":"1\u00a0Minute"},"schema":{"@context":"https:\/\/schema.org","@graph":[{"@type":"WebPage","@id":"https:\/\/xenonkungen.com\/produkt\/meguiars-perfect-clarity-glass-cleaner\/","url":"https:\/\/xenonkungen.com\/produkt\/meguiars-perfect-clarity-glass-cleaner\/","name":"Meguiar&#039;s Perfect Clarity Glasreiniger \u2013 Der Xenon-K\u00f6nig","isPartOf":{"@id":"https:\/\/xenonkungen.com\/#website"},"primaryImageOfPage":{"@id":"https:\/\/xenonkungen.com\/produkt\/meguiars-perfect-clarity-glass-cleaner\/#primaryimage"},"image":{"@id":"https:\/\/xenonkungen.com\/produkt\/meguiars-perfect-clarity-glass-cleaner\/#primaryimage"},"thumbnailUrl":"https:\/\/xenonkungen.com\/wp-content\/uploads\/2025\/04\/190088127-origpic-73cca8.png","datePublished":"2025-04-15T09:14:54+00:00","dateModified":"2026-04-01T06:56:03+00:00","breadcrumb":{"@id":"https:\/\/xenonkungen.com\/produkt\/meguiars-perfect-clarity-glass-cleaner\/#breadcrumb"},"inLanguage":"de","potentialAction":[{"@type":"ReadAction","target":["https:\/\/xenonkungen.com\/produkt\/meguiars-perfect-clarity-glass-cleaner\/"]}]},{"@type":"ImageObject","inLanguage":"de","@id":"https:\/\/xenonkungen.com\/produkt\/meguiars-perfect-clarity-glass-cleaner\/#primaryimage","url":"https:\/\/xenonkungen.com\/wp-content\/uploads\/2025\/04\/190088127-origpic-73cca8.png","contentUrl":"https:\/\/xenonkungen.com\/wp-content\/uploads\/2025\/04\/190088127-origpic-73cca8.png","width":271,"height":600},{"@type":"BreadcrumbList","@id":"https:\/\/xenonkungen.com\/produkt\/meguiars-perfect-clarity-glass-cleaner\/#breadcrumb","itemListElement":[{"@type":"ListItem","position":1,"name":"Hem","item":"https:\/\/xenonkungen.com\/"},{"@type":"ListItem","position":2,"name":"Shop","item":"https:\/\/xenonkungen.com\/shop\/"},{"@type":"ListItem","position":3,"name":"Meguiar&#8217;s Perfect Clarity Glass Cleaner"}]},{"@type":"WebSite","@id":"https:\/\/xenonkungen.com\/#website","url":"https:\/\/xenonkungen.com\/","name":"Xenonkungen","description":"","potentialAction":[{"@type":"SearchAction","target":{"@type":"EntryPoint","urlTemplate":"https:\/\/xenonkungen.com\/?s={search_term_string}"},"query-input":{"@type":"PropertyValueSpecification","valueRequired":true,"valueName":"search_term_string"}}],"inLanguage":"de"}]}},"taxonomy_info":{"product_brand":[{"value":1383,"label":"Meguiar's"}],"product_cat":[{"value":2992,"label":"Home"},{"value":2618,"label":"Interi\u00f6r"},{"value":378,"label":"Bilv\u00e5rd"}]},"featured_image_src_large":["https:\/\/xenonkungen.com\/wp-content\/uploads\/2025\/04\/190088127-origpic-73cca8.png",271,600,false],"author_info":[],"comment_info":1,"_links":{"self":[{"href":"https:\/\/xenonkungen.com\/de\/wp-json\/wp\/v2\/product\/4581","targetHints":{"allow":["GET"]}}],"collection":[{"href":"https:\/\/xenonkungen.com\/de\/wp-json\/wp\/v2\/product"}],"about":[{"href":"https:\/\/xenonkungen.com\/de\/wp-json\/wp\/v2\/types\/product"}],"replies":[{"embeddable":true,"href":"https:\/\/xenonkungen.com\/de\/wp-json\/wp\/v2\/comments?post=4581"}],"wp:featuredmedia":[{"embeddable":true,"href":"https:\/\/xenonkungen.com\/de\/wp-json\/wp\/v2\/media\/4582"}],"wp:attachment":[{"href":"https:\/\/xenonkungen.com\/de\/wp-json\/wp\/v2\/media?parent=4581"}],"wp:term":[{"taxonomy":"anvandningsomrade","embeddable":true,"href":"https:\/\/xenonkungen.com\/de\/wp-json\/wp\/v2\/anvandningsomrade?post=4581"},{"taxonomy":"bilmarken","embeddable":true,"href":"https:\/\/xenonkungen.com\/de\/wp-json\/wp\/v2\/bilmarken?post=4581"},{"taxonomy":"product_brand","embeddable":true,"href":"https:\/\/xenonkungen.com\/de\/wp-json\/wp\/v2\/product_brand?post=4581"},{"taxonomy":"product_cat","embeddable":true,"href":"https:\/\/xenonkungen.com\/de\/wp-json\/wp\/v2\/product_cat?post=4581"},{"taxonomy":"product_tag","embeddable":true,"href":"https:\/\/xenonkungen.com\/de\/wp-json\/wp\/v2\/product_tag?post=4581"}],"curies":[{"name":"wp","href":"https:\/\/api.w.org\/{rel}","templated":true}]}}