{"id":4602,"date":"2025-04-15T09:15:17","date_gmt":"2025-04-15T09:15:17","guid":{"rendered":"https:\/\/xenonkungen.com\/product\/meguiars-marine-pure-wax\/"},"modified":"2026-04-19T19:05:59","modified_gmt":"2026-04-19T18:05:59","slug":"meguiars-marine-pure-wax","status":"publish","type":"product","link":"https:\/\/xenonkungen.com\/de\/produkt\/meguiars-marine-pure-wax\/","title":{"rendered":"Meguiar&#039;s Marine Pure Wax"},"content":{"rendered":"<h1>Reines Marinewachs<\/h1>\n<p>Meguiar&#039;s Marine Pure Wax bietet einen dauerhaften Schutz und verleiht der Oberfl\u00e4che einen Hochglanz. Pure Wax eignet sich f\u00fcr alle Arten von Gelcoat- und Fiberglas-Oberfl\u00e4chen. <br \/>Das Produkt enth\u00e4lt eine Mischung aus reinem brasilianischem Carnaubawachs mit Silikonen und Polymeren, die einen au\u00dfergew\u00f6hnlichen und hochgl\u00e4nzenden Schutz bieten. <br \/>Das Produkt bietet effektiven und langanhaltenden UV-Schutz. Es l\u00e4sst sich extrem einfach auftragen und superleicht abwischen.<\/p>\n<p>Meguiar&#039;s Marine Pure Wax kann sowohl von Hand als auch maschinell verwendet werden.<\/p>\n<p>Nur verwenden, nachdem die Oberfl\u00e4che gereinigt und in einen neuwertigen Zustand versetzt wurde. <\/p>\n<p><strong>Inhalt (ml):<\/strong> 473<\/p>\n<h2><strong>Warnung!<\/strong><\/h2>\n<p><strong>Farbcodierung:<\/strong><\/p>\n<ul>\n<li>reizt die Haut<\/li>\n<li>Kann Sie schl\u00e4frig oder schwindelig machen<\/li>\n<\/ul>\n<p><strong>Sch\u00fctzende Bezeichnungen:<\/strong><\/p>\n<ul>\n<li>Halten Sie die Packung oder das Etikett bereit, falls Sie einen Arzt aufsuchen m\u00fcssen.<\/li>\n<li>Au\u00dferhalb der Reichweite von Kindern aufbewahren<\/li>\n<li>Nur im Freien oder in gut bel\u00fcfteten R\u00e4umen verwenden<\/li>\n<li>Wenn Sie sich unwohl f\u00fchlen, wenden Sie sich an das GIFTINFORMATIONSZENTRUM.<\/li>\n<li>Hinter Schloss und Riegel aufbewahrt<\/li>\n<li>Der Inhalt und der Container werden bei einer zugelassenen Abfallentsorgungseinrichtung abgegeben<\/li>\n<\/ul>","protected":false},"excerpt":{"rendered":"<p>Langlebiger Hochglanzschutz f\u00fcr alle Bootsglasfaser- und Gelcoat-Oberfl\u00e4chen. Enth\u00e4lt eine Mischung aus reinem brasilianischem Carnaubawachs mit Silikonen und Polymeren, die einen au\u00dfergew\u00f6hnlichen und sehr hohen Glanzschutz gew\u00e4hrleisten. Bietet effektiven und langanhaltenden UV-Schutz.<\/p>","protected":false},"featured_media":4603,"comment_status":"closed","ping_status":"open","template":"","meta":{"_acf_changed":false,"_smort_price_nok":"240","_smort_price_dkk":"203","_smort_price_eur":"27.18","_smort_sale_price_nok":"240","_smort_sale_price_dkk":"","_smort_sale_price_eur":"","smort_restorder":"","shipmondo_restorder":"","_kad_blocks_custom_css":"","_kad_blocks_head_custom_js":"","_kad_blocks_body_custom_js":"","_kad_blocks_footer_custom_js":"","smort_custom_pricelist_1":"191.36","smort_custom_pricelist_2":"191.36","smort_custom_pricelist_3":"181.79","smort_custom_pricelist_4":"239.2","smort_custom_pricelist_5":"191.36"},"anvandningsomrade":[1388],"bilmarken":[],"product_brand":[1383],"product_cat":[378,1402],"product_tag":[],"class_list":{"0":"post-4602","1":"product","2":"type-product","3":"status-publish","4":"has-post-thumbnail","6":"anvandningsomrade-bat","7":"product_brand-meguiars","8":"product_cat-bilvard","9":"product_cat-outlet","11":"first","12":"onbackorder","13":"sale","14":"taxable","15":"shipping-taxable","16":"purchasable","17":"product-type-simple"},"bundled_by":[],"bundle_stock_status":"onbackorder","bundle_stock_quantity":0,"bundle_virtual":false,"bundle_layout":"","bundle_add_to_cart_form_location":"","bundle_editable_in_cart":false,"bundle_sold_individually_context":"","bundle_item_grouping":"","bundle_min_size":"","bundle_max_size":"","bundle_price":[],"bundled_items":[],"bundle_sell_ids":[],"acf":[],"yoast_head":"<!-- This site is optimized with the Yoast SEO plugin v27.0 - https:\/\/yoast.com\/product\/yoast-seo-wordpress\/ -->\n<title>Meguiar&#039;s Marine Pure Wax - Xenonkungen<\/title>\n<meta name=\"robots\" content=\"index, follow, max-snippet:-1, max-image-preview:large, max-video-preview:-1\" \/>\n<link rel=\"canonical\" href=\"https:\/\/xenonkungen.com\/de\/produkt\/meguiars-marine-pure-wax\/\" \/>\n<meta property=\"og:locale\" content=\"de_DE\" \/>\n<meta property=\"og:type\" content=\"article\" \/>\n<meta property=\"og:title\" content=\"Meguiar&#039;s Marine Pure Wax - Xenonkungen\" \/>\n<meta property=\"og:description\" content=\"T\u00e5ligt h\u00f6gblankt skydd f\u00f6r alla marina glasfiber- och gelcoat-ytor. Inneh\u00e5ller en blandning av rent brasilianskt carnaubavax med silikoner och polymerer som bevarar ett extraordin\u00e4rt och mycket h\u00f6gglansigt skydd. L\u00e4mnar ett effektivt och l\u00e5ngvarigt UV-skydd.\" \/>\n<meta property=\"og:url\" content=\"https:\/\/xenonkungen.com\/de\/produkt\/meguiars-marine-pure-wax\/\" \/>\n<meta property=\"og:site_name\" content=\"Xenonkungen\" \/>\n<meta property=\"article:modified_time\" content=\"2026-04-19T18:05:59+00:00\" \/>\n<meta property=\"og:image\" content=\"https:\/\/xenonkungen.com\/wp-content\/uploads\/2025\/04\/190088011-origpic-a4dc4e.png\" \/>\n\t<meta property=\"og:image:width\" content=\"880\" \/>\n\t<meta property=\"og:image:height\" content=\"880\" \/>\n\t<meta property=\"og:image:type\" content=\"image\/png\" \/>\n<meta name=\"twitter:card\" content=\"summary_large_image\" \/>\n<meta name=\"twitter:label1\" content=\"Gesch\u00e4tzte Lesezeit\" \/>\n\t<meta name=\"twitter:data1\" content=\"1\u00a0Minute\" \/>\n<script type=\"application\/ld+json\" class=\"yoast-schema-graph\">{\"@context\":\"https:\/\/schema.org\",\"@graph\":[{\"@type\":\"WebPage\",\"@id\":\"https:\/\/xenonkungen.com\/produkt\/meguiars-marine-pure-wax\/\",\"url\":\"https:\/\/xenonkungen.com\/produkt\/meguiars-marine-pure-wax\/\",\"name\":\"Meguiar's Marine Pure Wax - Xenonkungen\",\"isPartOf\":{\"@id\":\"https:\/\/xenonkungen.com\/#website\"},\"primaryImageOfPage\":{\"@id\":\"https:\/\/xenonkungen.com\/produkt\/meguiars-marine-pure-wax\/#primaryimage\"},\"image\":{\"@id\":\"https:\/\/xenonkungen.com\/produkt\/meguiars-marine-pure-wax\/#primaryimage\"},\"thumbnailUrl\":\"https:\/\/xenonkungen.com\/wp-content\/uploads\/2025\/04\/190088011-origpic-a4dc4e.png\",\"datePublished\":\"2025-04-15T09:15:17+00:00\",\"dateModified\":\"2026-04-19T18:05:59+00:00\",\"breadcrumb\":{\"@id\":\"https:\/\/xenonkungen.com\/produkt\/meguiars-marine-pure-wax\/#breadcrumb\"},\"inLanguage\":\"de\",\"potentialAction\":[{\"@type\":\"ReadAction\",\"target\":[\"https:\/\/xenonkungen.com\/produkt\/meguiars-marine-pure-wax\/\"]}]},{\"@type\":\"ImageObject\",\"inLanguage\":\"de\",\"@id\":\"https:\/\/xenonkungen.com\/produkt\/meguiars-marine-pure-wax\/#primaryimage\",\"url\":\"https:\/\/xenonkungen.com\/wp-content\/uploads\/2025\/04\/190088011-origpic-a4dc4e.png\",\"contentUrl\":\"https:\/\/xenonkungen.com\/wp-content\/uploads\/2025\/04\/190088011-origpic-a4dc4e.png\",\"width\":880,\"height\":880},{\"@type\":\"BreadcrumbList\",\"@id\":\"https:\/\/xenonkungen.com\/produkt\/meguiars-marine-pure-wax\/#breadcrumb\",\"itemListElement\":[{\"@type\":\"ListItem\",\"position\":1,\"name\":\"Hem\",\"item\":\"https:\/\/xenonkungen.com\/\"},{\"@type\":\"ListItem\",\"position\":2,\"name\":\"Shop\",\"item\":\"https:\/\/xenonkungen.com\/shop\/\"},{\"@type\":\"ListItem\",\"position\":3,\"name\":\"Meguiar&#8217;s Marine Pure Wax\"}]},{\"@type\":\"WebSite\",\"@id\":\"https:\/\/xenonkungen.com\/#website\",\"url\":\"https:\/\/xenonkungen.com\/\",\"name\":\"Xenonkungen\",\"description\":\"\",\"potentialAction\":[{\"@type\":\"SearchAction\",\"target\":{\"@type\":\"EntryPoint\",\"urlTemplate\":\"https:\/\/xenonkungen.com\/?s={search_term_string}\"},\"query-input\":{\"@type\":\"PropertyValueSpecification\",\"valueRequired\":true,\"valueName\":\"search_term_string\"}}],\"inLanguage\":\"de\"}]}<\/script>\n<!-- \/ Yoast SEO plugin. -->","yoast_head_json":{"title":"Meguiar&#039;s Marine Pure Wax - Der Xenon-K\u00f6nig","robots":{"index":"index","follow":"follow","max-snippet":"max-snippet:-1","max-image-preview":"max-image-preview:large","max-video-preview":"max-video-preview:-1"},"canonical":"https:\/\/xenonkungen.com\/de\/produkt\/meguiars-marine-pure-wax\/","og_locale":"de_DE","og_type":"article","og_title":"Meguiar's Marine Pure Wax - Xenonkungen","og_description":"T\u00e5ligt h\u00f6gblankt skydd f\u00f6r alla marina glasfiber- och gelcoat-ytor. Inneh\u00e5ller en blandning av rent brasilianskt carnaubavax med silikoner och polymerer som bevarar ett extraordin\u00e4rt och mycket h\u00f6gglansigt skydd. L\u00e4mnar ett effektivt och l\u00e5ngvarigt UV-skydd.","og_url":"https:\/\/xenonkungen.com\/de\/produkt\/meguiars-marine-pure-wax\/","og_site_name":"Xenonkungen","article_modified_time":"2026-04-19T18:05:59+00:00","og_image":[{"width":880,"height":880,"url":"https:\/\/xenonkungen.com\/wp-content\/uploads\/2025\/04\/190088011-origpic-a4dc4e.png","type":"image\/png"}],"twitter_card":"summary_large_image","twitter_misc":{"Gesch\u00e4tzte Lesezeit":"1\u00a0Minute"},"schema":{"@context":"https:\/\/schema.org","@graph":[{"@type":"WebPage","@id":"https:\/\/xenonkungen.com\/produkt\/meguiars-marine-pure-wax\/","url":"https:\/\/xenonkungen.com\/produkt\/meguiars-marine-pure-wax\/","name":"Meguiar&#039;s Marine Pure Wax - Der Xenon-K\u00f6nig","isPartOf":{"@id":"https:\/\/xenonkungen.com\/#website"},"primaryImageOfPage":{"@id":"https:\/\/xenonkungen.com\/produkt\/meguiars-marine-pure-wax\/#primaryimage"},"image":{"@id":"https:\/\/xenonkungen.com\/produkt\/meguiars-marine-pure-wax\/#primaryimage"},"thumbnailUrl":"https:\/\/xenonkungen.com\/wp-content\/uploads\/2025\/04\/190088011-origpic-a4dc4e.png","datePublished":"2025-04-15T09:15:17+00:00","dateModified":"2026-04-19T18:05:59+00:00","breadcrumb":{"@id":"https:\/\/xenonkungen.com\/produkt\/meguiars-marine-pure-wax\/#breadcrumb"},"inLanguage":"de","potentialAction":[{"@type":"ReadAction","target":["https:\/\/xenonkungen.com\/produkt\/meguiars-marine-pure-wax\/"]}]},{"@type":"ImageObject","inLanguage":"de","@id":"https:\/\/xenonkungen.com\/produkt\/meguiars-marine-pure-wax\/#primaryimage","url":"https:\/\/xenonkungen.com\/wp-content\/uploads\/2025\/04\/190088011-origpic-a4dc4e.png","contentUrl":"https:\/\/xenonkungen.com\/wp-content\/uploads\/2025\/04\/190088011-origpic-a4dc4e.png","width":880,"height":880},{"@type":"BreadcrumbList","@id":"https:\/\/xenonkungen.com\/produkt\/meguiars-marine-pure-wax\/#breadcrumb","itemListElement":[{"@type":"ListItem","position":1,"name":"Hem","item":"https:\/\/xenonkungen.com\/"},{"@type":"ListItem","position":2,"name":"Shop","item":"https:\/\/xenonkungen.com\/shop\/"},{"@type":"ListItem","position":3,"name":"Meguiar&#8217;s Marine Pure Wax"}]},{"@type":"WebSite","@id":"https:\/\/xenonkungen.com\/#website","url":"https:\/\/xenonkungen.com\/","name":"Xenonkungen","description":"","potentialAction":[{"@type":"SearchAction","target":{"@type":"EntryPoint","urlTemplate":"https:\/\/xenonkungen.com\/?s={search_term_string}"},"query-input":{"@type":"PropertyValueSpecification","valueRequired":true,"valueName":"search_term_string"}}],"inLanguage":"de"}]}},"taxonomy_info":{"anvandningsomrade":[{"value":1388,"label":"B\u00e5t"}],"product_brand":[{"value":1383,"label":"Meguiar's"}],"product_cat":[{"value":378,"label":"Bilv\u00e5rd"},{"value":1402,"label":"Outlet"}]},"featured_image_src_large":["https:\/\/xenonkungen.com\/wp-content\/uploads\/2025\/04\/190088011-origpic-a4dc4e.png",880,880,false],"author_info":[],"comment_info":1,"_links":{"self":[{"href":"https:\/\/xenonkungen.com\/de\/wp-json\/wp\/v2\/product\/4602","targetHints":{"allow":["GET"]}}],"collection":[{"href":"https:\/\/xenonkungen.com\/de\/wp-json\/wp\/v2\/product"}],"about":[{"href":"https:\/\/xenonkungen.com\/de\/wp-json\/wp\/v2\/types\/product"}],"replies":[{"embeddable":true,"href":"https:\/\/xenonkungen.com\/de\/wp-json\/wp\/v2\/comments?post=4602"}],"wp:featuredmedia":[{"embeddable":true,"href":"https:\/\/xenonkungen.com\/de\/wp-json\/wp\/v2\/media\/4603"}],"wp:attachment":[{"href":"https:\/\/xenonkungen.com\/de\/wp-json\/wp\/v2\/media?parent=4602"}],"wp:term":[{"taxonomy":"anvandningsomrade","embeddable":true,"href":"https:\/\/xenonkungen.com\/de\/wp-json\/wp\/v2\/anvandningsomrade?post=4602"},{"taxonomy":"bilmarken","embeddable":true,"href":"https:\/\/xenonkungen.com\/de\/wp-json\/wp\/v2\/bilmarken?post=4602"},{"taxonomy":"product_brand","embeddable":true,"href":"https:\/\/xenonkungen.com\/de\/wp-json\/wp\/v2\/product_brand?post=4602"},{"taxonomy":"product_cat","embeddable":true,"href":"https:\/\/xenonkungen.com\/de\/wp-json\/wp\/v2\/product_cat?post=4602"},{"taxonomy":"product_tag","embeddable":true,"href":"https:\/\/xenonkungen.com\/de\/wp-json\/wp\/v2\/product_tag?post=4602"}],"curies":[{"name":"wp","href":"https:\/\/api.w.org\/{rel}","templated":true}]}}