{"id":4610,"date":"2025-04-15T09:15:27","date_gmt":"2025-04-15T09:15:27","guid":{"rendered":"https:\/\/xenonkungen.com\/product\/meguiars-power-cut-compound-1l\/"},"modified":"2026-04-21T15:14:51","modified_gmt":"2026-04-21T14:14:51","slug":"meguiars-power-cut-compound-1l","status":"publish","type":"product","link":"https:\/\/xenonkungen.com\/de\/produkt\/meguiars-power-cut-compound-1l\/","title":{"rendered":"Meguiar&#039;s Power Cut Compound 1L"},"content":{"rendered":"<h1>Stromausfall-Verbindung<\/h1>\n<p>Maximale Wirkung! Power Cut Compound wurde f\u00fcr maximale Effizienz und Abtragsleistung auf Gelcoat und Fiberglas entwickelt. Dank seiner extrem hohen Abtragsleistung entfernt das Produkt selbst starke Oxidationen und grobe Defekte \u00e4u\u00dferst effektiv. Power Cut Compound hinterl\u00e4sst eine gl\u00e4nzende und feine Oberfl\u00e4che. F\u00fcr maximalen Glanz empfehlen wir die anschlie\u00dfende Anwendung einer Politur und eines Wachses, zum Beispiel<span>\u00a0<\/span><a href=\"https:\/\/www.xenonkungen.com\/se\/produkter\/bilvard\/marinvard\/polera\/boat-polish.html\">Hochglanzpolitur<\/a><span>\u00a0<\/span>und<span>\u00a0<\/span><a href=\"https:\/\/www.xenonkungen.com\/se\/produkter\/bilvard\/marinvard\/flagship-marine-wax.html\">Flagship Marine Wax<\/a>.<\/p>\n<p>Das perfekte Produkt f\u00fcr stark besch\u00e4digte Boote!<\/p>\n<p>Das Produkt sollte idealerweise mit einer Poliermaschine verwendet werden, l\u00e4sst sich aber auch von Hand verarbeiten.<\/p>\n<p><strong>Inhalt (ml):<\/strong> 946<\/p>\n<h2><strong>Warnung!<\/strong><\/h2>\n<p><strong>Farbcodierung:<\/strong><\/p>\n<ul>\n<li>Kann die Organe sch\u00e4digen (zentrales Nervensystem) bei l\u00e4ngerer oder wiederholter Exposition<\/li>\n<li>Langfristig sch\u00e4dliche Auswirkungen auf Wasserorganismen<\/li>\n<\/ul>\n<p><strong>Sch\u00fctzende Bezeichnungen:<\/strong><\/p>\n<ul>\n<li>Halten Sie die Packung oder das Etikett bereit, falls Sie einen Arzt aufsuchen m\u00fcssen.<\/li>\n<li>Au\u00dferhalb der Reichweite von Kindern aufbewahren<\/li>\n<li>D\u00e4mpfe nicht einatmen<\/li>\n<li>Vermeidung von Emissionen in die Umwelt<\/li>\n<li>Suchen Sie \u00e4rztliche Hilfe auf, wenn Sie sich unwohl f\u00fchlen<\/li>\n<li>Der Inhalt und der Beh\u00e4lter sollten zu einer Sammelstelle f\u00fcr gef\u00e4hrliche Abf\u00e4lle gebracht werden.<\/li>\n<\/ul>","protected":false},"excerpt":{"rendered":"<p>Extrem heruntergekommenes Boot? F\u00fcr Power Cut Compound ist kein Auftrag zu schwierig!<br \/>\nPower Cut Compound ist mit Abstand unsere effektivste Option zur Entfernung von Defekten und Oxidation. Die extrem hohe Effizienz verk\u00fcrzt die Polierzeit erheblich!<\/p>","protected":false},"featured_media":4611,"comment_status":"closed","ping_status":"closed","template":"","meta":{"_acf_changed":false,"_smort_price_nok":"640","_smort_price_dkk":"508","_smort_price_eur":"68.09","_smort_sale_price_nok":"640","_smort_sale_price_dkk":"","_smort_sale_price_eur":"54.45","smort_restorder":"","shipmondo_restorder":"","_kad_blocks_custom_css":"","_kad_blocks_head_custom_js":"","_kad_blocks_body_custom_js":"","_kad_blocks_footer_custom_js":"","smort_custom_pricelist_1":"479.36","smort_custom_pricelist_2":"479.36","smort_custom_pricelist_3":"455.39","smort_custom_pricelist_4":"599.2","smort_custom_pricelist_5":"479.36"},"anvandningsomrade":[1388],"bilmarken":[],"product_brand":[1383],"product_cat":[378],"product_tag":[],"class_list":{"0":"post-4610","1":"product","2":"type-product","3":"status-publish","4":"has-post-thumbnail","6":"anvandningsomrade-bat","7":"product_brand-meguiars","8":"product_cat-bilvard","10":"first","11":"instock","12":"sale","13":"taxable","14":"shipping-taxable","15":"purchasable","16":"product-type-simple"},"bundled_by":[],"bundle_stock_status":"instock","bundle_stock_quantity":1,"bundle_virtual":false,"bundle_layout":"","bundle_add_to_cart_form_location":"","bundle_editable_in_cart":false,"bundle_sold_individually_context":"","bundle_item_grouping":"","bundle_min_size":"","bundle_max_size":"","bundle_price":[],"bundled_items":[],"bundle_sell_ids":[],"acf":[],"yoast_head":"<!-- This site is optimized with the Yoast SEO plugin v27.0 - https:\/\/yoast.com\/product\/yoast-seo-wordpress\/ -->\n<title>Meguiar&#039;s Power Cut Compound 1L - Xenonkungen<\/title>\n<meta name=\"robots\" content=\"index, follow, max-snippet:-1, max-image-preview:large, max-video-preview:-1\" \/>\n<link rel=\"canonical\" href=\"https:\/\/xenonkungen.com\/de\/produkt\/meguiars-power-cut-compound-1l\/\" \/>\n<meta property=\"og:locale\" content=\"de_DE\" \/>\n<meta property=\"og:type\" content=\"article\" \/>\n<meta property=\"og:title\" content=\"Meguiar&#039;s Power Cut Compound 1L - Xenonkungen\" \/>\n<meta property=\"og:description\" content=\"Extremt nedg\u00e5ngen b\u00e5t? Inget jobb \u00e4r f\u00f6r sv\u00e5rt f\u00f6r Power Cut Compound! Power Cut Compound \u00e4r v\u00e5rt \u00f6verl\u00e4gset effektivaste alternativ n\u00e4r det kommer till att avl\u00e4gsna defekter och oxidation. Extremt h\u00f6g effektivitet f\u00f6rkortar poleringen markant!\" \/>\n<meta property=\"og:url\" content=\"https:\/\/xenonkungen.com\/de\/produkt\/meguiars-power-cut-compound-1l\/\" \/>\n<meta property=\"og:site_name\" content=\"Xenonkungen\" \/>\n<meta property=\"article:modified_time\" content=\"2026-04-21T14:14:51+00:00\" \/>\n<meta property=\"og:image\" content=\"https:\/\/xenonkungen.com\/wp-content\/uploads\/2025\/04\/190087897-origpic-fcbb91.png\" \/>\n\t<meta property=\"og:image:width\" content=\"303\" \/>\n\t<meta property=\"og:image:height\" content=\"600\" \/>\n\t<meta property=\"og:image:type\" content=\"image\/png\" \/>\n<meta name=\"twitter:card\" content=\"summary_large_image\" \/>\n<meta name=\"twitter:label1\" content=\"Gesch\u00e4tzte Lesezeit\" \/>\n\t<meta name=\"twitter:data1\" content=\"1\u00a0Minute\" \/>\n<script type=\"application\/ld+json\" class=\"yoast-schema-graph\">{\"@context\":\"https:\/\/schema.org\",\"@graph\":[{\"@type\":\"WebPage\",\"@id\":\"https:\/\/xenonkungen.com\/produkt\/meguiars-power-cut-compound-1l\/\",\"url\":\"https:\/\/xenonkungen.com\/produkt\/meguiars-power-cut-compound-1l\/\",\"name\":\"Meguiar's Power Cut Compound 1L - Xenonkungen\",\"isPartOf\":{\"@id\":\"https:\/\/xenonkungen.com\/#website\"},\"primaryImageOfPage\":{\"@id\":\"https:\/\/xenonkungen.com\/produkt\/meguiars-power-cut-compound-1l\/#primaryimage\"},\"image\":{\"@id\":\"https:\/\/xenonkungen.com\/produkt\/meguiars-power-cut-compound-1l\/#primaryimage\"},\"thumbnailUrl\":\"https:\/\/xenonkungen.com\/wp-content\/uploads\/2025\/04\/190087897-origpic-fcbb91.png\",\"datePublished\":\"2025-04-15T09:15:27+00:00\",\"dateModified\":\"2026-04-21T14:14:51+00:00\",\"breadcrumb\":{\"@id\":\"https:\/\/xenonkungen.com\/produkt\/meguiars-power-cut-compound-1l\/#breadcrumb\"},\"inLanguage\":\"de\",\"potentialAction\":[{\"@type\":\"ReadAction\",\"target\":[\"https:\/\/xenonkungen.com\/produkt\/meguiars-power-cut-compound-1l\/\"]}]},{\"@type\":\"ImageObject\",\"inLanguage\":\"de\",\"@id\":\"https:\/\/xenonkungen.com\/produkt\/meguiars-power-cut-compound-1l\/#primaryimage\",\"url\":\"https:\/\/xenonkungen.com\/wp-content\/uploads\/2025\/04\/190087897-origpic-fcbb91.png\",\"contentUrl\":\"https:\/\/xenonkungen.com\/wp-content\/uploads\/2025\/04\/190087897-origpic-fcbb91.png\",\"width\":303,\"height\":600},{\"@type\":\"BreadcrumbList\",\"@id\":\"https:\/\/xenonkungen.com\/produkt\/meguiars-power-cut-compound-1l\/#breadcrumb\",\"itemListElement\":[{\"@type\":\"ListItem\",\"position\":1,\"name\":\"Hem\",\"item\":\"https:\/\/xenonkungen.com\/\"},{\"@type\":\"ListItem\",\"position\":2,\"name\":\"Shop\",\"item\":\"https:\/\/xenonkungen.com\/shop\/\"},{\"@type\":\"ListItem\",\"position\":3,\"name\":\"Meguiar&#8217;s Power Cut Compound 1L\"}]},{\"@type\":\"WebSite\",\"@id\":\"https:\/\/xenonkungen.com\/#website\",\"url\":\"https:\/\/xenonkungen.com\/\",\"name\":\"Xenonkungen\",\"description\":\"\",\"potentialAction\":[{\"@type\":\"SearchAction\",\"target\":{\"@type\":\"EntryPoint\",\"urlTemplate\":\"https:\/\/xenonkungen.com\/?s={search_term_string}\"},\"query-input\":{\"@type\":\"PropertyValueSpecification\",\"valueRequired\":true,\"valueName\":\"search_term_string\"}}],\"inLanguage\":\"de\"}]}<\/script>\n<!-- \/ Yoast SEO plugin. -->","yoast_head_json":{"title":"Meguiar&#039;s Power Cut Compound 1L - Der Xenon-K\u00f6nig","robots":{"index":"index","follow":"follow","max-snippet":"max-snippet:-1","max-image-preview":"max-image-preview:large","max-video-preview":"max-video-preview:-1"},"canonical":"https:\/\/xenonkungen.com\/de\/produkt\/meguiars-power-cut-compound-1l\/","og_locale":"de_DE","og_type":"article","og_title":"Meguiar's Power Cut Compound 1L - Xenonkungen","og_description":"Extremt nedg\u00e5ngen b\u00e5t? Inget jobb \u00e4r f\u00f6r sv\u00e5rt f\u00f6r Power Cut Compound! Power Cut Compound \u00e4r v\u00e5rt \u00f6verl\u00e4gset effektivaste alternativ n\u00e4r det kommer till att avl\u00e4gsna defekter och oxidation. Extremt h\u00f6g effektivitet f\u00f6rkortar poleringen markant!","og_url":"https:\/\/xenonkungen.com\/de\/produkt\/meguiars-power-cut-compound-1l\/","og_site_name":"Xenonkungen","article_modified_time":"2026-04-21T14:14:51+00:00","og_image":[{"width":303,"height":600,"url":"https:\/\/xenonkungen.com\/wp-content\/uploads\/2025\/04\/190087897-origpic-fcbb91.png","type":"image\/png"}],"twitter_card":"summary_large_image","twitter_misc":{"Gesch\u00e4tzte Lesezeit":"1\u00a0Minute"},"schema":{"@context":"https:\/\/schema.org","@graph":[{"@type":"WebPage","@id":"https:\/\/xenonkungen.com\/produkt\/meguiars-power-cut-compound-1l\/","url":"https:\/\/xenonkungen.com\/produkt\/meguiars-power-cut-compound-1l\/","name":"Meguiar&#039;s Power Cut Compound 1L - Der Xenon-K\u00f6nig","isPartOf":{"@id":"https:\/\/xenonkungen.com\/#website"},"primaryImageOfPage":{"@id":"https:\/\/xenonkungen.com\/produkt\/meguiars-power-cut-compound-1l\/#primaryimage"},"image":{"@id":"https:\/\/xenonkungen.com\/produkt\/meguiars-power-cut-compound-1l\/#primaryimage"},"thumbnailUrl":"https:\/\/xenonkungen.com\/wp-content\/uploads\/2025\/04\/190087897-origpic-fcbb91.png","datePublished":"2025-04-15T09:15:27+00:00","dateModified":"2026-04-21T14:14:51+00:00","breadcrumb":{"@id":"https:\/\/xenonkungen.com\/produkt\/meguiars-power-cut-compound-1l\/#breadcrumb"},"inLanguage":"de","potentialAction":[{"@type":"ReadAction","target":["https:\/\/xenonkungen.com\/produkt\/meguiars-power-cut-compound-1l\/"]}]},{"@type":"ImageObject","inLanguage":"de","@id":"https:\/\/xenonkungen.com\/produkt\/meguiars-power-cut-compound-1l\/#primaryimage","url":"https:\/\/xenonkungen.com\/wp-content\/uploads\/2025\/04\/190087897-origpic-fcbb91.png","contentUrl":"https:\/\/xenonkungen.com\/wp-content\/uploads\/2025\/04\/190087897-origpic-fcbb91.png","width":303,"height":600},{"@type":"BreadcrumbList","@id":"https:\/\/xenonkungen.com\/produkt\/meguiars-power-cut-compound-1l\/#breadcrumb","itemListElement":[{"@type":"ListItem","position":1,"name":"Hem","item":"https:\/\/xenonkungen.com\/"},{"@type":"ListItem","position":2,"name":"Shop","item":"https:\/\/xenonkungen.com\/shop\/"},{"@type":"ListItem","position":3,"name":"Meguiar&#8217;s Power Cut Compound 1L"}]},{"@type":"WebSite","@id":"https:\/\/xenonkungen.com\/#website","url":"https:\/\/xenonkungen.com\/","name":"Xenonkungen","description":"","potentialAction":[{"@type":"SearchAction","target":{"@type":"EntryPoint","urlTemplate":"https:\/\/xenonkungen.com\/?s={search_term_string}"},"query-input":{"@type":"PropertyValueSpecification","valueRequired":true,"valueName":"search_term_string"}}],"inLanguage":"de"}]}},"taxonomy_info":{"anvandningsomrade":[{"value":1388,"label":"B\u00e5t"}],"product_brand":[{"value":1383,"label":"Meguiar's"}],"product_cat":[{"value":378,"label":"Bilv\u00e5rd"}]},"featured_image_src_large":["https:\/\/xenonkungen.com\/wp-content\/uploads\/2025\/04\/190087897-origpic-fcbb91.png",303,600,false],"author_info":[],"comment_info":0,"_links":{"self":[{"href":"https:\/\/xenonkungen.com\/de\/wp-json\/wp\/v2\/product\/4610","targetHints":{"allow":["GET"]}}],"collection":[{"href":"https:\/\/xenonkungen.com\/de\/wp-json\/wp\/v2\/product"}],"about":[{"href":"https:\/\/xenonkungen.com\/de\/wp-json\/wp\/v2\/types\/product"}],"replies":[{"embeddable":true,"href":"https:\/\/xenonkungen.com\/de\/wp-json\/wp\/v2\/comments?post=4610"}],"wp:featuredmedia":[{"embeddable":true,"href":"https:\/\/xenonkungen.com\/de\/wp-json\/wp\/v2\/media\/4611"}],"wp:attachment":[{"href":"https:\/\/xenonkungen.com\/de\/wp-json\/wp\/v2\/media?parent=4610"}],"wp:term":[{"taxonomy":"anvandningsomrade","embeddable":true,"href":"https:\/\/xenonkungen.com\/de\/wp-json\/wp\/v2\/anvandningsomrade?post=4610"},{"taxonomy":"bilmarken","embeddable":true,"href":"https:\/\/xenonkungen.com\/de\/wp-json\/wp\/v2\/bilmarken?post=4610"},{"taxonomy":"product_brand","embeddable":true,"href":"https:\/\/xenonkungen.com\/de\/wp-json\/wp\/v2\/product_brand?post=4610"},{"taxonomy":"product_cat","embeddable":true,"href":"https:\/\/xenonkungen.com\/de\/wp-json\/wp\/v2\/product_cat?post=4610"},{"taxonomy":"product_tag","embeddable":true,"href":"https:\/\/xenonkungen.com\/de\/wp-json\/wp\/v2\/product_tag?post=4610"}],"curies":[{"name":"wp","href":"https:\/\/api.w.org\/{rel}","templated":true}]}}