{"id":4651,"date":"2025-04-15T09:16:08","date_gmt":"2025-04-15T09:16:08","guid":{"rendered":"https:\/\/xenonkungen.com\/product\/meguiars-supreme-wheel-brush-large\/"},"modified":"2026-04-11T01:20:37","modified_gmt":"2026-04-11T00:20:37","slug":"meguiars-supreme-felgenburste-gros","status":"publish","type":"product","link":"https:\/\/xenonkungen.com\/de\/produkt\/meguiars-supreme-felgenburste-gros\/","title":{"rendered":"Meguiar's Supreme Felgenb\u00fcrste gro\u00df"},"content":{"rendered":"<h1>Supreme Felgenb\u00fcrste, gro\u00df<\/h1>\n<p>Die Meguiars Supreme Felgenb\u00fcrste ist eine Felgenreinigungsb\u00fcrste, die dank ihrer l\u00e4nglichen Form den gesamten Radkasten sicher und gr\u00fcndlich reinigt. Die B\u00fcrste verf\u00fcgt \u00fcber eine dicke Mikrofaserschicht, die Schmutz aufnimmt und das Auto vor Kratzern sch\u00fctzt. Da sie zudem metallfrei ist, wird das Risiko von Kratzern zus\u00e4tzlich minimiert.<\/p>\n<p>Die Felgenb\u00fcrste ist in zwei verschiedenen Gr\u00f6\u00dfen bestellbar, je nach Ausf\u00fchrung Ihrer Felgen und Radk\u00e4sten.<\/p>","protected":false},"excerpt":{"rendered":"<p>Mikrofaser-Felgenb\u00fcrste zur sicheren Reinigung aller Felgentypen. Erh\u00e4ltlich in zwei Gr\u00f6\u00dfen.<\/p>","protected":false},"featured_media":4652,"comment_status":"closed","ping_status":"open","template":"","meta":{"_acf_changed":false,"_smort_price_nok":"240","_smort_price_dkk":"203","_smort_price_eur":"27.18","_smort_sale_price_nok":"240","_smort_sale_price_dkk":"","_smort_sale_price_eur":"","smort_restorder":"","shipmondo_restorder":"","_kad_blocks_custom_css":"","_kad_blocks_head_custom_js":"","_kad_blocks_body_custom_js":"","_kad_blocks_footer_custom_js":"","smort_custom_pricelist_1":"191.36","smort_custom_pricelist_2":"191.36","smort_custom_pricelist_3":"181.79","smort_custom_pricelist_4":"239.2","smort_custom_pricelist_5":"191.36"},"anvandningsomrade":[],"bilmarken":[],"product_brand":[1383],"product_cat":[2990,2450,378,1402],"product_tag":[],"class_list":{"0":"post-4651","1":"product","2":"type-product","3":"status-publish","4":"has-post-thumbnail","6":"product_brand-meguiars","7":"product_cat-dack-och-falg","8":"product_cat-tillbehor-bilvard","9":"product_cat-bilvard","10":"product_cat-outlet","12":"first","13":"instock","14":"sale","15":"taxable","16":"shipping-taxable","17":"purchasable","18":"product-type-simple"},"bundled_by":[],"bundle_stock_status":"instock","bundle_stock_quantity":2,"bundle_virtual":false,"bundle_layout":"","bundle_add_to_cart_form_location":"","bundle_editable_in_cart":false,"bundle_sold_individually_context":"","bundle_item_grouping":"","bundle_min_size":"","bundle_max_size":"","bundle_price":[],"bundled_items":[],"bundle_sell_ids":[],"acf":[],"yoast_head":"<!-- This site is optimized with the Yoast SEO plugin v27.0 - https:\/\/yoast.com\/product\/yoast-seo-wordpress\/ -->\n<title>Meguiar&#039;s Supreme Wheel Brush Large - Xenonkungen<\/title>\n<meta name=\"robots\" content=\"index, follow, max-snippet:-1, max-image-preview:large, max-video-preview:-1\" \/>\n<link rel=\"canonical\" href=\"https:\/\/xenonkungen.com\/de\/produkt\/meguiars-supreme-felgenburste-gros\/\" \/>\n<meta property=\"og:locale\" content=\"de_DE\" \/>\n<meta property=\"og:type\" content=\"article\" \/>\n<meta property=\"og:title\" content=\"Meguiar&#039;s Supreme Wheel Brush Large - Xenonkungen\" \/>\n<meta property=\"og:description\" content=\"F\u00e4lgborste i mikrofiber som g\u00f6r att du med trygghet kan reng\u00f6ra alla typer av f\u00e4lgar. Finns i tv\u00e5 olika storlekar.\" \/>\n<meta property=\"og:url\" content=\"https:\/\/xenonkungen.com\/de\/produkt\/meguiars-supreme-felgenburste-gros\/\" \/>\n<meta property=\"og:site_name\" content=\"Xenonkungen\" \/>\n<meta property=\"article:modified_time\" content=\"2026-04-11T00:20:37+00:00\" \/>\n<meta property=\"og:image\" content=\"https:\/\/xenonkungen.com\/wp-content\/uploads\/2025\/04\/190087965-origpic-e036ac.png\" \/>\n\t<meta property=\"og:image:width\" content=\"571\" \/>\n\t<meta property=\"og:image:height\" content=\"600\" \/>\n\t<meta property=\"og:image:type\" content=\"image\/png\" \/>\n<meta name=\"twitter:card\" content=\"summary_large_image\" \/>\n<script type=\"application\/ld+json\" class=\"yoast-schema-graph\">{\"@context\":\"https:\/\/schema.org\",\"@graph\":[{\"@type\":\"WebPage\",\"@id\":\"https:\/\/xenonkungen.com\/produkt\/meguiars-supreme-wheel-brush-large\/\",\"url\":\"https:\/\/xenonkungen.com\/produkt\/meguiars-supreme-wheel-brush-large\/\",\"name\":\"Meguiar's Supreme Wheel Brush Large - Xenonkungen\",\"isPartOf\":{\"@id\":\"https:\/\/xenonkungen.com\/#website\"},\"primaryImageOfPage\":{\"@id\":\"https:\/\/xenonkungen.com\/produkt\/meguiars-supreme-wheel-brush-large\/#primaryimage\"},\"image\":{\"@id\":\"https:\/\/xenonkungen.com\/produkt\/meguiars-supreme-wheel-brush-large\/#primaryimage\"},\"thumbnailUrl\":\"https:\/\/xenonkungen.com\/wp-content\/uploads\/2025\/04\/190087965-origpic-e036ac.png\",\"datePublished\":\"2025-04-15T09:16:08+00:00\",\"dateModified\":\"2026-04-11T00:20:37+00:00\",\"breadcrumb\":{\"@id\":\"https:\/\/xenonkungen.com\/produkt\/meguiars-supreme-wheel-brush-large\/#breadcrumb\"},\"inLanguage\":\"de\",\"potentialAction\":[{\"@type\":\"ReadAction\",\"target\":[\"https:\/\/xenonkungen.com\/produkt\/meguiars-supreme-wheel-brush-large\/\"]}]},{\"@type\":\"ImageObject\",\"inLanguage\":\"de\",\"@id\":\"https:\/\/xenonkungen.com\/produkt\/meguiars-supreme-wheel-brush-large\/#primaryimage\",\"url\":\"https:\/\/xenonkungen.com\/wp-content\/uploads\/2025\/04\/190087965-origpic-e036ac.png\",\"contentUrl\":\"https:\/\/xenonkungen.com\/wp-content\/uploads\/2025\/04\/190087965-origpic-e036ac.png\",\"width\":571,\"height\":600},{\"@type\":\"BreadcrumbList\",\"@id\":\"https:\/\/xenonkungen.com\/produkt\/meguiars-supreme-wheel-brush-large\/#breadcrumb\",\"itemListElement\":[{\"@type\":\"ListItem\",\"position\":1,\"name\":\"Hem\",\"item\":\"https:\/\/xenonkungen.com\/\"},{\"@type\":\"ListItem\",\"position\":2,\"name\":\"Shop\",\"item\":\"https:\/\/xenonkungen.com\/shop\/\"},{\"@type\":\"ListItem\",\"position\":3,\"name\":\"Meguiar&#8217;s Supreme Wheel Brush Large\"}]},{\"@type\":\"WebSite\",\"@id\":\"https:\/\/xenonkungen.com\/#website\",\"url\":\"https:\/\/xenonkungen.com\/\",\"name\":\"Xenonkungen\",\"description\":\"\",\"potentialAction\":[{\"@type\":\"SearchAction\",\"target\":{\"@type\":\"EntryPoint\",\"urlTemplate\":\"https:\/\/xenonkungen.com\/?s={search_term_string}\"},\"query-input\":{\"@type\":\"PropertyValueSpecification\",\"valueRequired\":true,\"valueName\":\"search_term_string\"}}],\"inLanguage\":\"de\"}]}<\/script>\n<!-- \/ Yoast SEO plugin. -->","yoast_head_json":{"title":"Meguiar&#039;s Supreme Felgenb\u00fcrste Gro\u00df \u2013 Der Xenon-K\u00f6nig","robots":{"index":"index","follow":"follow","max-snippet":"max-snippet:-1","max-image-preview":"max-image-preview:large","max-video-preview":"max-video-preview:-1"},"canonical":"https:\/\/xenonkungen.com\/de\/produkt\/meguiars-supreme-felgenburste-gros\/","og_locale":"de_DE","og_type":"article","og_title":"Meguiar's Supreme Wheel Brush Large - Xenonkungen","og_description":"F\u00e4lgborste i mikrofiber som g\u00f6r att du med trygghet kan reng\u00f6ra alla typer av f\u00e4lgar. Finns i tv\u00e5 olika storlekar.","og_url":"https:\/\/xenonkungen.com\/de\/produkt\/meguiars-supreme-felgenburste-gros\/","og_site_name":"Xenonkungen","article_modified_time":"2026-04-11T00:20:37+00:00","og_image":[{"width":571,"height":600,"url":"https:\/\/xenonkungen.com\/wp-content\/uploads\/2025\/04\/190087965-origpic-e036ac.png","type":"image\/png"}],"twitter_card":"summary_large_image","schema":{"@context":"https:\/\/schema.org","@graph":[{"@type":"WebPage","@id":"https:\/\/xenonkungen.com\/produkt\/meguiars-supreme-wheel-brush-large\/","url":"https:\/\/xenonkungen.com\/produkt\/meguiars-supreme-wheel-brush-large\/","name":"Meguiar&#039;s Supreme Felgenb\u00fcrste Gro\u00df \u2013 Der Xenon-K\u00f6nig","isPartOf":{"@id":"https:\/\/xenonkungen.com\/#website"},"primaryImageOfPage":{"@id":"https:\/\/xenonkungen.com\/produkt\/meguiars-supreme-wheel-brush-large\/#primaryimage"},"image":{"@id":"https:\/\/xenonkungen.com\/produkt\/meguiars-supreme-wheel-brush-large\/#primaryimage"},"thumbnailUrl":"https:\/\/xenonkungen.com\/wp-content\/uploads\/2025\/04\/190087965-origpic-e036ac.png","datePublished":"2025-04-15T09:16:08+00:00","dateModified":"2026-04-11T00:20:37+00:00","breadcrumb":{"@id":"https:\/\/xenonkungen.com\/produkt\/meguiars-supreme-wheel-brush-large\/#breadcrumb"},"inLanguage":"de","potentialAction":[{"@type":"ReadAction","target":["https:\/\/xenonkungen.com\/produkt\/meguiars-supreme-wheel-brush-large\/"]}]},{"@type":"ImageObject","inLanguage":"de","@id":"https:\/\/xenonkungen.com\/produkt\/meguiars-supreme-wheel-brush-large\/#primaryimage","url":"https:\/\/xenonkungen.com\/wp-content\/uploads\/2025\/04\/190087965-origpic-e036ac.png","contentUrl":"https:\/\/xenonkungen.com\/wp-content\/uploads\/2025\/04\/190087965-origpic-e036ac.png","width":571,"height":600},{"@type":"BreadcrumbList","@id":"https:\/\/xenonkungen.com\/produkt\/meguiars-supreme-wheel-brush-large\/#breadcrumb","itemListElement":[{"@type":"ListItem","position":1,"name":"Hem","item":"https:\/\/xenonkungen.com\/"},{"@type":"ListItem","position":2,"name":"Shop","item":"https:\/\/xenonkungen.com\/shop\/"},{"@type":"ListItem","position":3,"name":"Meguiar&#8217;s Supreme Wheel Brush Large"}]},{"@type":"WebSite","@id":"https:\/\/xenonkungen.com\/#website","url":"https:\/\/xenonkungen.com\/","name":"Xenonkungen","description":"","potentialAction":[{"@type":"SearchAction","target":{"@type":"EntryPoint","urlTemplate":"https:\/\/xenonkungen.com\/?s={search_term_string}"},"query-input":{"@type":"PropertyValueSpecification","valueRequired":true,"valueName":"search_term_string"}}],"inLanguage":"de"}]}},"taxonomy_info":{"product_brand":[{"value":1383,"label":"Meguiar's"}],"product_cat":[{"value":2990,"label":"D\u00e4ck &amp; F\u00e4lg"},{"value":2450,"label":"Tillbeh\u00f6r"},{"value":378,"label":"Bilv\u00e5rd"},{"value":1402,"label":"Outlet"}]},"featured_image_src_large":["https:\/\/xenonkungen.com\/wp-content\/uploads\/2025\/04\/190087965-origpic-e036ac.png",571,600,false],"author_info":[],"comment_info":0,"_links":{"self":[{"href":"https:\/\/xenonkungen.com\/de\/wp-json\/wp\/v2\/product\/4651","targetHints":{"allow":["GET"]}}],"collection":[{"href":"https:\/\/xenonkungen.com\/de\/wp-json\/wp\/v2\/product"}],"about":[{"href":"https:\/\/xenonkungen.com\/de\/wp-json\/wp\/v2\/types\/product"}],"replies":[{"embeddable":true,"href":"https:\/\/xenonkungen.com\/de\/wp-json\/wp\/v2\/comments?post=4651"}],"wp:featuredmedia":[{"embeddable":true,"href":"https:\/\/xenonkungen.com\/de\/wp-json\/wp\/v2\/media\/4652"}],"wp:attachment":[{"href":"https:\/\/xenonkungen.com\/de\/wp-json\/wp\/v2\/media?parent=4651"}],"wp:term":[{"taxonomy":"anvandningsomrade","embeddable":true,"href":"https:\/\/xenonkungen.com\/de\/wp-json\/wp\/v2\/anvandningsomrade?post=4651"},{"taxonomy":"bilmarken","embeddable":true,"href":"https:\/\/xenonkungen.com\/de\/wp-json\/wp\/v2\/bilmarken?post=4651"},{"taxonomy":"product_brand","embeddable":true,"href":"https:\/\/xenonkungen.com\/de\/wp-json\/wp\/v2\/product_brand?post=4651"},{"taxonomy":"product_cat","embeddable":true,"href":"https:\/\/xenonkungen.com\/de\/wp-json\/wp\/v2\/product_cat?post=4651"},{"taxonomy":"product_tag","embeddable":true,"href":"https:\/\/xenonkungen.com\/de\/wp-json\/wp\/v2\/product_tag?post=4651"}],"curies":[{"name":"wp","href":"https:\/\/api.w.org\/{rel}","templated":true}]}}