{"id":4669,"date":"2025-04-15T09:16:29","date_gmt":"2025-04-15T09:16:29","guid":{"rendered":"https:\/\/xenonkungen.com\/product\/meguiars-dash-trim-brush\/"},"modified":"2026-04-24T17:33:45","modified_gmt":"2026-04-24T16:33:45","slug":"meguiars-armaturenbrett-zierburste","status":"publish","type":"product","link":"https:\/\/xenonkungen.com\/de\/produkt\/meguiars-armaturenbrett-zierburste\/","title":{"rendered":"Meguiar's Dash &amp; Trim Brush"},"content":{"rendered":"<h1>Armaturenbrett- und Verkleidungs-Innenraumreinigungsb\u00fcrste<\/h1>\n<p>Die Dash &amp; Trim Brush ist eine Innenraumb\u00fcrste mit verstellbaren Borstenl\u00e4ngen. So k\u00f6nnen Sie sie je nach gew\u00e4hlter L\u00e4nge sowohl f\u00fcr das Armaturenbrett und die L\u00fcftungsschlitze als auch f\u00fcr die T\u00fcrverkleidungen verwenden. Dank dieser Funktion ben\u00f6tigen Sie nicht mehrere verschiedene B\u00fcrsten f\u00fcr alle Bereiche des Innenraums!<\/p>\n<p>F\u00fcr Details im Innenraum werden lange Strohhalme empfohlen, f\u00fcr die Seiten der Autot\u00fcren kurze.<\/p>","protected":false},"excerpt":{"rendered":"<p>Multifunktionale Innenb\u00fcrste mit Schiebeverschluss am Griff zur Einstellung der Borstenl\u00e4nge.<\/p>","protected":false},"featured_media":4670,"comment_status":"closed","ping_status":"open","template":"","meta":{"_acf_changed":false,"_smort_price_nok":"213","_smort_price_dkk":"135","_smort_price_eur":"18.09","_smort_sale_price_nok":"","_smort_sale_price_dkk":"","_smort_sale_price_eur":"","smort_restorder":"","shipmondo_restorder":"","_kad_blocks_custom_css":"","_kad_blocks_head_custom_js":"","_kad_blocks_body_custom_js":"","_kad_blocks_footer_custom_js":"","smort_custom_pricelist_1":"127.36","smort_custom_pricelist_2":"127.36","smort_custom_pricelist_3":"120.99","smort_custom_pricelist_4":"159.2","smort_custom_pricelist_5":"127.36"},"anvandningsomrade":[],"bilmarken":[],"product_brand":[1383],"product_cat":[2450,2618,378],"product_tag":[],"class_list":{"0":"post-4669","1":"product","2":"type-product","3":"status-publish","4":"has-post-thumbnail","6":"product_brand-meguiars","7":"product_cat-tillbehor-bilvard","8":"product_cat-interior","9":"product_cat-bilvard","11":"first","12":"instock","13":"taxable","14":"shipping-taxable","15":"purchasable","16":"product-type-simple"},"bundled_by":[],"bundle_stock_status":"instock","bundle_stock_quantity":5,"bundle_virtual":false,"bundle_layout":"","bundle_add_to_cart_form_location":"","bundle_editable_in_cart":false,"bundle_sold_individually_context":"","bundle_item_grouping":"","bundle_min_size":"","bundle_max_size":"","bundle_price":[],"bundled_items":[],"bundle_sell_ids":[],"acf":[],"yoast_head":"<!-- This site is optimized with the Yoast SEO plugin v27.0 - https:\/\/yoast.com\/product\/yoast-seo-wordpress\/ -->\n<title>Meguiar&#039;s Dash &amp; Trim Brush - Xenonkungen<\/title>\n<meta name=\"robots\" content=\"index, follow, max-snippet:-1, max-image-preview:large, max-video-preview:-1\" \/>\n<link rel=\"canonical\" href=\"https:\/\/xenonkungen.com\/de\/produkt\/meguiars-armaturenbrett-zierburste\/\" \/>\n<meta property=\"og:locale\" content=\"de_DE\" \/>\n<meta property=\"og:type\" content=\"article\" \/>\n<meta property=\"og:title\" content=\"Meguiar&#039;s Dash &amp; Trim Brush - Xenonkungen\" \/>\n<meta property=\"og:description\" content=\"Multifunktionell interi\u00f6rborste med ett glidl\u00e5s monterad p\u00e5 skaftet f\u00f6r att justera l\u00e4ngden p\u00e5 str\u00e5na.\" \/>\n<meta property=\"og:url\" content=\"https:\/\/xenonkungen.com\/de\/produkt\/meguiars-armaturenbrett-zierburste\/\" \/>\n<meta property=\"og:site_name\" content=\"Xenonkungen\" \/>\n<meta property=\"article:modified_time\" content=\"2026-04-24T16:33:45+00:00\" \/>\n<meta property=\"og:image\" content=\"https:\/\/xenonkungen.com\/wp-content\/uploads\/2025\/04\/190088047-origpic-cd7928.png\" \/>\n\t<meta property=\"og:image:width\" content=\"134\" \/>\n\t<meta property=\"og:image:height\" content=\"600\" \/>\n\t<meta property=\"og:image:type\" content=\"image\/png\" \/>\n<meta name=\"twitter:card\" content=\"summary_large_image\" \/>\n<script type=\"application\/ld+json\" class=\"yoast-schema-graph\">{\"@context\":\"https:\/\/schema.org\",\"@graph\":[{\"@type\":\"WebPage\",\"@id\":\"https:\/\/xenonkungen.com\/produkt\/meguiars-dash-trim-brush\/\",\"url\":\"https:\/\/xenonkungen.com\/produkt\/meguiars-dash-trim-brush\/\",\"name\":\"Meguiar's Dash & Trim Brush - Xenonkungen\",\"isPartOf\":{\"@id\":\"https:\/\/xenonkungen.com\/#website\"},\"primaryImageOfPage\":{\"@id\":\"https:\/\/xenonkungen.com\/produkt\/meguiars-dash-trim-brush\/#primaryimage\"},\"image\":{\"@id\":\"https:\/\/xenonkungen.com\/produkt\/meguiars-dash-trim-brush\/#primaryimage\"},\"thumbnailUrl\":\"https:\/\/xenonkungen.com\/wp-content\/uploads\/2025\/04\/190088047-origpic-cd7928.png\",\"datePublished\":\"2025-04-15T09:16:29+00:00\",\"dateModified\":\"2026-04-24T16:33:45+00:00\",\"breadcrumb\":{\"@id\":\"https:\/\/xenonkungen.com\/produkt\/meguiars-dash-trim-brush\/#breadcrumb\"},\"inLanguage\":\"de\",\"potentialAction\":[{\"@type\":\"ReadAction\",\"target\":[\"https:\/\/xenonkungen.com\/produkt\/meguiars-dash-trim-brush\/\"]}]},{\"@type\":\"ImageObject\",\"inLanguage\":\"de\",\"@id\":\"https:\/\/xenonkungen.com\/produkt\/meguiars-dash-trim-brush\/#primaryimage\",\"url\":\"https:\/\/xenonkungen.com\/wp-content\/uploads\/2025\/04\/190088047-origpic-cd7928.png\",\"contentUrl\":\"https:\/\/xenonkungen.com\/wp-content\/uploads\/2025\/04\/190088047-origpic-cd7928.png\",\"width\":134,\"height\":600},{\"@type\":\"BreadcrumbList\",\"@id\":\"https:\/\/xenonkungen.com\/produkt\/meguiars-dash-trim-brush\/#breadcrumb\",\"itemListElement\":[{\"@type\":\"ListItem\",\"position\":1,\"name\":\"Hem\",\"item\":\"https:\/\/xenonkungen.com\/\"},{\"@type\":\"ListItem\",\"position\":2,\"name\":\"Shop\",\"item\":\"https:\/\/xenonkungen.com\/shop\/\"},{\"@type\":\"ListItem\",\"position\":3,\"name\":\"Meguiar&#8217;s Dash &#038; Trim Brush\"}]},{\"@type\":\"WebSite\",\"@id\":\"https:\/\/xenonkungen.com\/#website\",\"url\":\"https:\/\/xenonkungen.com\/\",\"name\":\"Xenonkungen\",\"description\":\"\",\"potentialAction\":[{\"@type\":\"SearchAction\",\"target\":{\"@type\":\"EntryPoint\",\"urlTemplate\":\"https:\/\/xenonkungen.com\/?s={search_term_string}\"},\"query-input\":{\"@type\":\"PropertyValueSpecification\",\"valueRequired\":true,\"valueName\":\"search_term_string\"}}],\"inLanguage\":\"de\"}]}<\/script>\n<!-- \/ Yoast SEO plugin. -->","yoast_head_json":{"title":"Meguiar&#039;s Dash &amp; Trim Brush \u2013 Der Xenon-K\u00f6nig","robots":{"index":"index","follow":"follow","max-snippet":"max-snippet:-1","max-image-preview":"max-image-preview:large","max-video-preview":"max-video-preview:-1"},"canonical":"https:\/\/xenonkungen.com\/de\/produkt\/meguiars-armaturenbrett-zierburste\/","og_locale":"de_DE","og_type":"article","og_title":"Meguiar's Dash & Trim Brush - Xenonkungen","og_description":"Multifunktionell interi\u00f6rborste med ett glidl\u00e5s monterad p\u00e5 skaftet f\u00f6r att justera l\u00e4ngden p\u00e5 str\u00e5na.","og_url":"https:\/\/xenonkungen.com\/de\/produkt\/meguiars-armaturenbrett-zierburste\/","og_site_name":"Xenonkungen","article_modified_time":"2026-04-24T16:33:45+00:00","og_image":[{"width":134,"height":600,"url":"https:\/\/xenonkungen.com\/wp-content\/uploads\/2025\/04\/190088047-origpic-cd7928.png","type":"image\/png"}],"twitter_card":"summary_large_image","schema":{"@context":"https:\/\/schema.org","@graph":[{"@type":"WebPage","@id":"https:\/\/xenonkungen.com\/produkt\/meguiars-dash-trim-brush\/","url":"https:\/\/xenonkungen.com\/produkt\/meguiars-dash-trim-brush\/","name":"Meguiar&#039;s Dash &amp; Trim Brush \u2013 Der Xenon-K\u00f6nig","isPartOf":{"@id":"https:\/\/xenonkungen.com\/#website"},"primaryImageOfPage":{"@id":"https:\/\/xenonkungen.com\/produkt\/meguiars-dash-trim-brush\/#primaryimage"},"image":{"@id":"https:\/\/xenonkungen.com\/produkt\/meguiars-dash-trim-brush\/#primaryimage"},"thumbnailUrl":"https:\/\/xenonkungen.com\/wp-content\/uploads\/2025\/04\/190088047-origpic-cd7928.png","datePublished":"2025-04-15T09:16:29+00:00","dateModified":"2026-04-24T16:33:45+00:00","breadcrumb":{"@id":"https:\/\/xenonkungen.com\/produkt\/meguiars-dash-trim-brush\/#breadcrumb"},"inLanguage":"de","potentialAction":[{"@type":"ReadAction","target":["https:\/\/xenonkungen.com\/produkt\/meguiars-dash-trim-brush\/"]}]},{"@type":"ImageObject","inLanguage":"de","@id":"https:\/\/xenonkungen.com\/produkt\/meguiars-dash-trim-brush\/#primaryimage","url":"https:\/\/xenonkungen.com\/wp-content\/uploads\/2025\/04\/190088047-origpic-cd7928.png","contentUrl":"https:\/\/xenonkungen.com\/wp-content\/uploads\/2025\/04\/190088047-origpic-cd7928.png","width":134,"height":600},{"@type":"BreadcrumbList","@id":"https:\/\/xenonkungen.com\/produkt\/meguiars-dash-trim-brush\/#breadcrumb","itemListElement":[{"@type":"ListItem","position":1,"name":"Hem","item":"https:\/\/xenonkungen.com\/"},{"@type":"ListItem","position":2,"name":"Shop","item":"https:\/\/xenonkungen.com\/shop\/"},{"@type":"ListItem","position":3,"name":"Meguiar&#8217;s Dash &#038; Trim Brush"}]},{"@type":"WebSite","@id":"https:\/\/xenonkungen.com\/#website","url":"https:\/\/xenonkungen.com\/","name":"Xenonkungen","description":"","potentialAction":[{"@type":"SearchAction","target":{"@type":"EntryPoint","urlTemplate":"https:\/\/xenonkungen.com\/?s={search_term_string}"},"query-input":{"@type":"PropertyValueSpecification","valueRequired":true,"valueName":"search_term_string"}}],"inLanguage":"de"}]}},"taxonomy_info":{"product_brand":[{"value":1383,"label":"Meguiar's"}],"product_cat":[{"value":2450,"label":"6 | Tillbeh\u00f6r"},{"value":2618,"label":"Interi\u00f6r"},{"value":378,"label":"Bilv\u00e5rd"}]},"featured_image_src_large":["https:\/\/xenonkungen.com\/wp-content\/uploads\/2025\/04\/190088047-origpic-cd7928.png",134,600,false],"author_info":[],"comment_info":0,"_links":{"self":[{"href":"https:\/\/xenonkungen.com\/de\/wp-json\/wp\/v2\/product\/4669","targetHints":{"allow":["GET"]}}],"collection":[{"href":"https:\/\/xenonkungen.com\/de\/wp-json\/wp\/v2\/product"}],"about":[{"href":"https:\/\/xenonkungen.com\/de\/wp-json\/wp\/v2\/types\/product"}],"replies":[{"embeddable":true,"href":"https:\/\/xenonkungen.com\/de\/wp-json\/wp\/v2\/comments?post=4669"}],"wp:featuredmedia":[{"embeddable":true,"href":"https:\/\/xenonkungen.com\/de\/wp-json\/wp\/v2\/media\/4670"}],"wp:attachment":[{"href":"https:\/\/xenonkungen.com\/de\/wp-json\/wp\/v2\/media?parent=4669"}],"wp:term":[{"taxonomy":"anvandningsomrade","embeddable":true,"href":"https:\/\/xenonkungen.com\/de\/wp-json\/wp\/v2\/anvandningsomrade?post=4669"},{"taxonomy":"bilmarken","embeddable":true,"href":"https:\/\/xenonkungen.com\/de\/wp-json\/wp\/v2\/bilmarken?post=4669"},{"taxonomy":"product_brand","embeddable":true,"href":"https:\/\/xenonkungen.com\/de\/wp-json\/wp\/v2\/product_brand?post=4669"},{"taxonomy":"product_cat","embeddable":true,"href":"https:\/\/xenonkungen.com\/de\/wp-json\/wp\/v2\/product_cat?post=4669"},{"taxonomy":"product_tag","embeddable":true,"href":"https:\/\/xenonkungen.com\/de\/wp-json\/wp\/v2\/product_tag?post=4669"}],"curies":[{"name":"wp","href":"https:\/\/api.w.org\/{rel}","templated":true}]}}