{"id":4715,"date":"2025-04-15T09:17:09","date_gmt":"2025-04-15T09:17:09","guid":{"rendered":"https:\/\/xenonkungen.com\/product\/blixtljusramp-optibeam-dark-phantom-800mm\/"},"modified":"2026-04-11T01:37:46","modified_gmt":"2026-04-11T00:37:46","slug":"taschenlampenleiste-optibeam-dark-phantom-800mm","status":"publish","type":"product","link":"https:\/\/xenonkungen.com\/de\/produkt\/taschenlampenleiste-optibeam-dark-phantom-800mm\/","title":{"rendered":"Optibeam Dark Phantom 800mm Taschenlampe Rampe"},"content":{"rendered":"<h2>Kompakte Blitzlichtleiste mit effizientem Design und orangefarbenem Licht<\/h2>\n<p>Diese kompakte Blinklichtleiste ist die ideale L\u00f6sung f\u00fcr Fahrzeuge, die im Stand hohe Sichtbarkeit erfordern. Sie ist mit einer effektiven Magnetbefestigung ausgestattet und f\u00fcr eine einfache Montage und Demontage konzipiert. Mit einer Spannung von 10\u201330 V DC und einem energieeffizienten Stromverbrauch von nur 2,1 A bei 12 V (1,25 A bei 24 V) vereint diese Leiste Leistung und Effizienz. Die maximale Leistung betr\u00e4gt 25,2 W bei 12 V und 30 W bei 24 V und gew\u00e4hrleistet so eine starke und klare Ausleuchtung. Dank ihrer kompakten Abmessungen von 800 mm L\u00e4nge, 300 mm Breite und 59 mm H\u00f6he (ohne Montagef\u00fc\u00dfe) eignet sie sich f\u00fcr eine Vielzahl von Fahrzeugen. Ihr Gewicht von 7,4 kg tr\u00e4gt zu einer einfachen Handhabung und Installation bei. Die Leiste emittiert ein helles oranges Licht, das ideal ist, um Aufmerksamkeit zu erregen und die Sicherheit zu erh\u00f6hen. Sie verf\u00fcgt \u00fcber 11 verschiedene Blinkmuster und ist nach Klasse 2 (TA2), ECE REG65 und R10 zertifiziert. Zu den weiteren Funktionen geh\u00f6ren Dauerlicht und Lichthupe, die dem Benutzer zus\u00e4tzliche Anpassungsm\u00f6glichkeiten bieten. Mit einem 3,5 Meter langen Kabel und einer Fernbedienung ist diese Rampe \u00e4u\u00dferst flexibel einsetzbar. Dank des robusten Polycarbonat-Geh\u00e4uses und der Schutzart IP67 ist diese Rampe f\u00fcr den Einsatz unter rauen Bedingungen konzipiert und bietet zuverl\u00e4ssige Leistung bei jedem Wetter.<\/p>","protected":false},"excerpt":{"rendered":"<p>Kompakt Blixtljusramp med Effektiv Design och Orange Ljus Denna kompakta blixtljusramp \u00e4r en exceptionell l\u00f6sning f\u00f6r fordon som kr\u00e4ver h\u00f6g synlighet under stillast\u00e5ende anv\u00e4ndning. Den \u00e4r utrustad med ett effektivt magnetf\u00e4ste och designad f\u00f6r enkel montering och demontering. Med en sp\u00e4nning p\u00e5 10-30Vdc och en energieffektiv str\u00f6mf\u00f6rbrukning p\u00e5 endast 2,1A vid 12V (1,25A vid 24V), [&hellip;]<\/p>","protected":false},"featured_media":4716,"comment_status":"closed","ping_status":"open","template":"","meta":{"_acf_changed":false,"_smort_price_nok":"5976","_smort_price_dkk":"3797","_smort_price_eur":"508.61","_smort_sale_price_nok":"","_smort_sale_price_dkk":"","_smort_sale_price_eur":"","smort_restorder":"","shipmondo_restorder":"","_kad_blocks_custom_css":"","_kad_blocks_head_custom_js":"","_kad_blocks_body_custom_js":"","_kad_blocks_footer_custom_js":"","smort_custom_pricelist_1":"3596","smort_custom_pricelist_2":"3116","smort_custom_pricelist_3":"2800","smort_custom_pricelist_4":"4476","smort_custom_pricelist_5":"3116"},"anvandningsomrade":[166,238,2816],"bilmarken":[],"product_brand":[],"product_cat":[2656,2657,1061],"product_tag":[],"class_list":{"0":"post-4715","1":"product","2":"type-product","3":"status-publish","4":"has-post-thumbnail","6":"anvandningsomrade-lastbil","7":"anvandningsomrade-slap","8":"anvandningsomrade-trailer","9":"product_cat-blixtljusramp","10":"product_cat-blixtljusramp-slap","11":"product_cat-varningsljus","12":"pa_fuktskydd-varde-ipxx-ip67","13":"pa_godkannande-class-2-godkand-ta2-ece-reg65-r10","14":"pa_storlek-mm-800x300x59-105","15":"pa_stromforbrukning-125a24v","16":"pa_stromforbrukning-21a12v","18":"first","19":"onbackorder","20":"taxable","21":"shipping-taxable","22":"purchasable","23":"product-type-simple"},"bundled_by":[],"bundle_stock_status":"onbackorder","bundle_stock_quantity":0,"bundle_virtual":false,"bundle_layout":"","bundle_add_to_cart_form_location":"","bundle_editable_in_cart":false,"bundle_sold_individually_context":"","bundle_item_grouping":"","bundle_min_size":"","bundle_max_size":"","bundle_price":[],"bundled_items":[],"bundle_sell_ids":[],"acf":[],"yoast_head":"<!-- This site is optimized with the Yoast SEO plugin v27.0 - https:\/\/yoast.com\/product\/yoast-seo-wordpress\/ -->\n<title>Blixtljusramp Optibeam Dark Phantom 800mm - Xenonkungen<\/title>\n<meta name=\"robots\" content=\"index, follow, max-snippet:-1, max-image-preview:large, max-video-preview:-1\" \/>\n<link rel=\"canonical\" href=\"https:\/\/xenonkungen.com\/de\/produkt\/taschenlampenleiste-optibeam-dark-phantom-800mm\/\" \/>\n<meta property=\"og:locale\" content=\"de_DE\" \/>\n<meta property=\"og:type\" content=\"article\" \/>\n<meta property=\"og:title\" content=\"Blixtljusramp Optibeam Dark Phantom 800mm - Xenonkungen\" \/>\n<meta property=\"og:description\" content=\"Kompakt Blixtljusramp med Effektiv Design och Orange Ljus Denna kompakta blixtljusramp \u00e4r en exceptionell l\u00f6sning f\u00f6r fordon som kr\u00e4ver h\u00f6g synlighet under stillast\u00e5ende anv\u00e4ndning. Den \u00e4r utrustad med ett effektivt magnetf\u00e4ste och designad f\u00f6r enkel montering och demontering. Med en sp\u00e4nning p\u00e5 10-30Vdc och en energieffektiv str\u00f6mf\u00f6rbrukning p\u00e5 endast 2,1A vid 12V (1,25A vid 24V), [&hellip;]\" \/>\n<meta property=\"og:url\" content=\"https:\/\/xenonkungen.com\/de\/produkt\/taschenlampenleiste-optibeam-dark-phantom-800mm\/\" \/>\n<meta property=\"og:site_name\" content=\"Xenonkungen\" \/>\n<meta property=\"article:modified_time\" content=\"2026-04-11T00:37:46+00:00\" \/>\n<meta property=\"og:image\" content=\"https:\/\/xenonkungen.com\/wp-content\/uploads\/2025\/04\/208279641-origpic-987d62.png\" \/>\n\t<meta property=\"og:image:width\" content=\"2000\" \/>\n\t<meta property=\"og:image:height\" content=\"221\" \/>\n\t<meta property=\"og:image:type\" content=\"image\/png\" \/>\n<meta name=\"twitter:card\" content=\"summary_large_image\" \/>\n<meta name=\"twitter:label1\" content=\"Gesch\u00e4tzte Lesezeit\" \/>\n\t<meta name=\"twitter:data1\" content=\"1\u00a0Minute\" \/>\n<script type=\"application\/ld+json\" class=\"yoast-schema-graph\">{\"@context\":\"https:\/\/schema.org\",\"@graph\":[{\"@type\":\"WebPage\",\"@id\":\"https:\/\/xenonkungen.com\/de\/produkt\/taschenlampenleiste-optibeam-dark-phantom-800mm\/\",\"url\":\"https:\/\/xenonkungen.com\/de\/produkt\/taschenlampenleiste-optibeam-dark-phantom-800mm\/\",\"name\":\"Blixtljusramp Optibeam Dark Phantom 800mm - Xenonkungen\",\"isPartOf\":{\"@id\":\"https:\/\/xenonkungen.com\/#website\"},\"primaryImageOfPage\":{\"@id\":\"https:\/\/xenonkungen.com\/de\/produkt\/taschenlampenleiste-optibeam-dark-phantom-800mm\/#primaryimage\"},\"image\":{\"@id\":\"https:\/\/xenonkungen.com\/de\/produkt\/taschenlampenleiste-optibeam-dark-phantom-800mm\/#primaryimage\"},\"thumbnailUrl\":\"https:\/\/xenonkungen.com\/wp-content\/uploads\/2025\/04\/208279641-origpic-987d62.png\",\"datePublished\":\"2025-04-15T09:17:09+00:00\",\"dateModified\":\"2026-04-11T00:37:46+00:00\",\"breadcrumb\":{\"@id\":\"https:\/\/xenonkungen.com\/de\/produkt\/taschenlampenleiste-optibeam-dark-phantom-800mm\/#breadcrumb\"},\"inLanguage\":\"de\",\"potentialAction\":[{\"@type\":\"ReadAction\",\"target\":[\"https:\/\/xenonkungen.com\/de\/produkt\/taschenlampenleiste-optibeam-dark-phantom-800mm\/\"]}]},{\"@type\":\"ImageObject\",\"inLanguage\":\"de\",\"@id\":\"https:\/\/xenonkungen.com\/de\/produkt\/taschenlampenleiste-optibeam-dark-phantom-800mm\/#primaryimage\",\"url\":\"https:\/\/xenonkungen.com\/wp-content\/uploads\/2025\/04\/208279641-origpic-987d62.png\",\"contentUrl\":\"https:\/\/xenonkungen.com\/wp-content\/uploads\/2025\/04\/208279641-origpic-987d62.png\",\"width\":2000,\"height\":221},{\"@type\":\"BreadcrumbList\",\"@id\":\"https:\/\/xenonkungen.com\/de\/produkt\/taschenlampenleiste-optibeam-dark-phantom-800mm\/#breadcrumb\",\"itemListElement\":[{\"@type\":\"ListItem\",\"position\":1,\"name\":\"Hem\",\"item\":\"https:\/\/xenonkungen.com\/\"},{\"@type\":\"ListItem\",\"position\":2,\"name\":\"Shop\",\"item\":\"https:\/\/xenonkungen.com\/shop\/\"},{\"@type\":\"ListItem\",\"position\":3,\"name\":\"Blixtljusramp Optibeam Dark Phantom 800mm\"}]},{\"@type\":\"WebSite\",\"@id\":\"https:\/\/xenonkungen.com\/#website\",\"url\":\"https:\/\/xenonkungen.com\/\",\"name\":\"Xenonkungen\",\"description\":\"\",\"potentialAction\":[{\"@type\":\"SearchAction\",\"target\":{\"@type\":\"EntryPoint\",\"urlTemplate\":\"https:\/\/xenonkungen.com\/?s={search_term_string}\"},\"query-input\":{\"@type\":\"PropertyValueSpecification\",\"valueRequired\":true,\"valueName\":\"search_term_string\"}}],\"inLanguage\":\"de\"}]}<\/script>\n<!-- \/ Yoast SEO plugin. -->","yoast_head_json":{"title":"Optibeam Dark Phantom 800mm Xenon-Lichtleiste","robots":{"index":"index","follow":"follow","max-snippet":"max-snippet:-1","max-image-preview":"max-image-preview:large","max-video-preview":"max-video-preview:-1"},"canonical":"https:\/\/xenonkungen.com\/de\/produkt\/taschenlampenleiste-optibeam-dark-phantom-800mm\/","og_locale":"de_DE","og_type":"article","og_title":"Blixtljusramp Optibeam Dark Phantom 800mm - Xenonkungen","og_description":"Kompakt Blixtljusramp med Effektiv Design och Orange Ljus Denna kompakta blixtljusramp \u00e4r en exceptionell l\u00f6sning f\u00f6r fordon som kr\u00e4ver h\u00f6g synlighet under stillast\u00e5ende anv\u00e4ndning. Den \u00e4r utrustad med ett effektivt magnetf\u00e4ste och designad f\u00f6r enkel montering och demontering. Med en sp\u00e4nning p\u00e5 10-30Vdc och en energieffektiv str\u00f6mf\u00f6rbrukning p\u00e5 endast 2,1A vid 12V (1,25A vid 24V), [&hellip;]","og_url":"https:\/\/xenonkungen.com\/de\/produkt\/taschenlampenleiste-optibeam-dark-phantom-800mm\/","og_site_name":"Xenonkungen","article_modified_time":"2026-04-11T00:37:46+00:00","og_image":[{"width":2000,"height":221,"url":"https:\/\/xenonkungen.com\/wp-content\/uploads\/2025\/04\/208279641-origpic-987d62.png","type":"image\/png"}],"twitter_card":"summary_large_image","twitter_misc":{"Gesch\u00e4tzte Lesezeit":"1\u00a0Minute"},"schema":{"@context":"https:\/\/schema.org","@graph":[{"@type":"WebPage","@id":"https:\/\/xenonkungen.com\/de\/produkt\/taschenlampenleiste-optibeam-dark-phantom-800mm\/","url":"https:\/\/xenonkungen.com\/de\/produkt\/taschenlampenleiste-optibeam-dark-phantom-800mm\/","name":"Optibeam Dark Phantom 800mm Xenon-Lichtleiste","isPartOf":{"@id":"https:\/\/xenonkungen.com\/#website"},"primaryImageOfPage":{"@id":"https:\/\/xenonkungen.com\/de\/produkt\/taschenlampenleiste-optibeam-dark-phantom-800mm\/#primaryimage"},"image":{"@id":"https:\/\/xenonkungen.com\/de\/produkt\/taschenlampenleiste-optibeam-dark-phantom-800mm\/#primaryimage"},"thumbnailUrl":"https:\/\/xenonkungen.com\/wp-content\/uploads\/2025\/04\/208279641-origpic-987d62.png","datePublished":"2025-04-15T09:17:09+00:00","dateModified":"2026-04-11T00:37:46+00:00","breadcrumb":{"@id":"https:\/\/xenonkungen.com\/de\/produkt\/taschenlampenleiste-optibeam-dark-phantom-800mm\/#breadcrumb"},"inLanguage":"de","potentialAction":[{"@type":"ReadAction","target":["https:\/\/xenonkungen.com\/de\/produkt\/taschenlampenleiste-optibeam-dark-phantom-800mm\/"]}]},{"@type":"ImageObject","inLanguage":"de","@id":"https:\/\/xenonkungen.com\/de\/produkt\/taschenlampenleiste-optibeam-dark-phantom-800mm\/#primaryimage","url":"https:\/\/xenonkungen.com\/wp-content\/uploads\/2025\/04\/208279641-origpic-987d62.png","contentUrl":"https:\/\/xenonkungen.com\/wp-content\/uploads\/2025\/04\/208279641-origpic-987d62.png","width":2000,"height":221},{"@type":"BreadcrumbList","@id":"https:\/\/xenonkungen.com\/de\/produkt\/taschenlampenleiste-optibeam-dark-phantom-800mm\/#breadcrumb","itemListElement":[{"@type":"ListItem","position":1,"name":"Hem","item":"https:\/\/xenonkungen.com\/"},{"@type":"ListItem","position":2,"name":"Shop","item":"https:\/\/xenonkungen.com\/shop\/"},{"@type":"ListItem","position":3,"name":"Blixtljusramp Optibeam Dark Phantom 800mm"}]},{"@type":"WebSite","@id":"https:\/\/xenonkungen.com\/#website","url":"https:\/\/xenonkungen.com\/","name":"Xenonkungen","description":"","potentialAction":[{"@type":"SearchAction","target":{"@type":"EntryPoint","urlTemplate":"https:\/\/xenonkungen.com\/?s={search_term_string}"},"query-input":{"@type":"PropertyValueSpecification","valueRequired":true,"valueName":"search_term_string"}}],"inLanguage":"de"}]}},"taxonomy_info":{"anvandningsomrade":[{"value":166,"label":"Lastbil"},{"value":238,"label":"SL\u00c4P"},{"value":2816,"label":"TRAILER"}],"product_cat":[{"value":2656,"label":"Blixtljusramp"},{"value":2657,"label":"Blixtljusramp"},{"value":1061,"label":"Varningsljus"}],"pa_fuktskydd-varde-ipxx":[{"value":333,"label":"IP67"}],"pa_godkannande":[{"value":1408,"label":"Class 2-godk\u00e4nd (TA2), ECE REG65, R10"}],"pa_storlek-mm":[{"value":1406,"label":"800x300x59\/105"}],"pa_stromforbrukning":[{"value":1407,"label":"1,25A@24V"},{"value":1049,"label":"21A@12V"}]},"featured_image_src_large":["https:\/\/xenonkungen.com\/wp-content\/uploads\/2025\/04\/208279641-origpic-987d62-1024x113.png",1024,113,true],"author_info":[],"comment_info":0,"_links":{"self":[{"href":"https:\/\/xenonkungen.com\/de\/wp-json\/wp\/v2\/product\/4715","targetHints":{"allow":["GET"]}}],"collection":[{"href":"https:\/\/xenonkungen.com\/de\/wp-json\/wp\/v2\/product"}],"about":[{"href":"https:\/\/xenonkungen.com\/de\/wp-json\/wp\/v2\/types\/product"}],"replies":[{"embeddable":true,"href":"https:\/\/xenonkungen.com\/de\/wp-json\/wp\/v2\/comments?post=4715"}],"wp:featuredmedia":[{"embeddable":true,"href":"https:\/\/xenonkungen.com\/de\/wp-json\/wp\/v2\/media\/4716"}],"wp:attachment":[{"href":"https:\/\/xenonkungen.com\/de\/wp-json\/wp\/v2\/media?parent=4715"}],"wp:term":[{"taxonomy":"anvandningsomrade","embeddable":true,"href":"https:\/\/xenonkungen.com\/de\/wp-json\/wp\/v2\/anvandningsomrade?post=4715"},{"taxonomy":"bilmarken","embeddable":true,"href":"https:\/\/xenonkungen.com\/de\/wp-json\/wp\/v2\/bilmarken?post=4715"},{"taxonomy":"product_brand","embeddable":true,"href":"https:\/\/xenonkungen.com\/de\/wp-json\/wp\/v2\/product_brand?post=4715"},{"taxonomy":"product_cat","embeddable":true,"href":"https:\/\/xenonkungen.com\/de\/wp-json\/wp\/v2\/product_cat?post=4715"},{"taxonomy":"product_tag","embeddable":true,"href":"https:\/\/xenonkungen.com\/de\/wp-json\/wp\/v2\/product_tag?post=4715"}],"curies":[{"name":"wp","href":"https:\/\/api.w.org\/{rel}","templated":true}]}}