{"id":4756,"date":"2025-04-15T09:18:01","date_gmt":"2025-04-15T09:18:01","guid":{"rendered":"https:\/\/xenonkungen.com\/product\/bullpro-arbetsljusramp-400w-svangd\/"},"modified":"2026-04-24T17:44:22","modified_gmt":"2026-04-24T16:44:22","slug":"bullpro-arbeitsscheinwerfer-400w-gebogen","status":"publish","type":"product","link":"https:\/\/xenonkungen.com\/de\/produkt\/bullpro-arbeitsscheinwerfer-400w-gebogen\/","title":{"rendered":"Bullpro Arbeitsleuchte Rampe 400W schwenkbar"},"content":{"rendered":"<h1>Bullpro Arbeitsscheinwerfer 400W gebogen \u2013 Leistungsstarke und stilvolle Beleuchtung f\u00fcr alle Bed\u00fcrfnisse<\/h1>\n<p>Mach dich auf den Weg oder erledige deine Arbeit im Dunkeln mit <strong>Bullpro Arbeitsleuchte Rampe 400W schwenkbar<\/strong> \u2013 Die optimale L\u00f6sung f\u00fcr leistungsstarke und zuverl\u00e4ssige Arbeitsbeleuchtung. Mit ihrem modernen, geschwungenen Design vereint sie Stil und Leistung und passt zu jedem Fahrzeug und jeder Arbeitsumgebung.<\/p>\n<h2>Merkmale, die beeindrucken:<\/h2>\n<ul>\n<li><strong>H\u00f6chste Effizienz:<\/strong> Med <strong>400 W<\/strong> verleiht ihm eine rohe Helligkeit von unglaublicher <strong>48.000 Lumen<\/strong>und gemessene Helligkeit von <strong>20.642 Lumen<\/strong> F\u00fcr echtes Licht, das einen Unterschied macht.<\/li>\n<li><strong>Flexible Spannung:<\/strong> Kann ich tun <strong>10\u201330 V<\/strong>Dadurch ist es sowohl mit kleineren Fahrzeugen als auch mit schwereren Maschinen kompatibel.<\/li>\n<li><strong>Gebogenes Design:<\/strong> Optimiert f\u00fcr eine breitere Lichtverteilung und \u00e4sthetische Perfektion am Fahrzeug.<\/li>\n<li><strong>Gebaut f\u00fcr harte Zeiten:<\/strong> Hergestellt aus robustem Material, das widrigen Wetterbedingungen und dem t\u00e4glichen Gebrauch standh\u00e4lt.<\/li>\n<\/ul>\n<h2>Perfekt geeignet f\u00fcr:<\/h2>\n<ul>\n<li>Nutzfahrzeuge, Offroad-Begeisterte und Profis, die auf zuverl\u00e4ssige Beleuchtung angewiesen sind.<\/li>\n<li>Mehr Sichtbarkeit und Sicherheit, egal wo Sie sich befinden.<\/li>\n<\/ul>\n<p>R\u00fcsten Sie Ihre Beleuchtung auf und sichern Sie sich ein zuverl\u00e4ssiges Werkzeug, das Ihren Arbeitstag erhellt. <strong>Bullpro Arbeitsleuchte Rampe 400W schwenkbar<\/strong> \u2013 die Energie, die Sie brauchen, wann immer Sie sie brauchen!<\/p>","protected":false},"excerpt":{"rendered":"<p>Bullpro Arbetsljusramp 400W Sv\u00e4ngd \u2013 Kraftfull och Stilren Belysning f\u00f6r Alla Behov Ge dig ut p\u00e5 v\u00e4garna eller ta itu med arbetet i m\u00f6rker med Bullpro Arbetsljusramp 400W Sv\u00e4ngd \u2013 den ultimata l\u00f6sningen f\u00f6r kraftfull och p\u00e5litlig arbetsbelysning. Med sin moderna, sv\u00e4ngda design kombinerar den stil och prestanda f\u00f6r att passa alla fordon och arbetsmilj\u00f6er. [&hellip;]<\/p>","protected":false},"featured_media":4757,"comment_status":"closed","ping_status":"open","template":"","meta":{"_acf_changed":false,"_smort_price_nok":"5741","_smort_price_dkk":"3647","_smort_price_eur":"488.61","_smort_sale_price_nok":"","_smort_sale_price_dkk":"","_smort_sale_price_eur":"","smort_restorder":"","shipmondo_restorder":"","_kad_blocks_custom_css":"","_kad_blocks_head_custom_js":"","_kad_blocks_body_custom_js":"","_kad_blocks_footer_custom_js":"","smort_custom_pricelist_1":"3440","smort_custom_pricelist_2":"3010","smort_custom_pricelist_3":"2795","smort_custom_pricelist_4":"4300","smort_custom_pricelist_5":"3010"},"anvandningsomrade":[],"bilmarken":[],"product_brand":[93],"product_cat":[2551,508],"product_tag":[],"class_list":{"0":"post-4756","1":"product","2":"type-product","3":"status-publish","4":"has-post-thumbnail","6":"product_brand-bullpro","7":"product_cat-arbetsljusramp-arbetsbelysning","8":"product_cat-arbetsbelysning","9":"pa_fargtemperatur-1428","10":"pa_fuktskydd-varde-ipxx-ip67-ip69k","11":"pa_godkannande-r10","12":"pa_led-chips-effekt-w-400","13":"pa_ljusbild-flood-beam","14":"pa_storlek-mm-1073-x-78-x-55","15":"pa_volt-v-10-30","17":"first","18":"onbackorder","19":"taxable","20":"shipping-taxable","21":"purchasable","22":"product-type-simple"},"bundled_by":[],"bundle_stock_status":"onbackorder","bundle_stock_quantity":0,"bundle_virtual":false,"bundle_layout":"","bundle_add_to_cart_form_location":"","bundle_editable_in_cart":false,"bundle_sold_individually_context":"","bundle_item_grouping":"","bundle_min_size":"","bundle_max_size":"","bundle_price":[],"bundled_items":[],"bundle_sell_ids":[],"acf":[],"yoast_head":"<!-- This site is optimized with the Yoast SEO plugin v27.0 - https:\/\/yoast.com\/product\/yoast-seo-wordpress\/ -->\n<title>Bullpro Arbetsljusramp 400W Sv\u00e4ngd - Xenonkungen<\/title>\n<meta name=\"robots\" content=\"index, follow, max-snippet:-1, max-image-preview:large, max-video-preview:-1\" \/>\n<link rel=\"canonical\" href=\"https:\/\/xenonkungen.com\/de\/produkt\/bullpro-arbeitsscheinwerfer-400w-gebogen\/\" \/>\n<meta property=\"og:locale\" content=\"de_DE\" \/>\n<meta property=\"og:type\" content=\"article\" \/>\n<meta property=\"og:title\" content=\"Bullpro Arbetsljusramp 400W Sv\u00e4ngd - Xenonkungen\" \/>\n<meta property=\"og:description\" content=\"Bullpro Arbetsljusramp 400W Sv\u00e4ngd \u2013 Kraftfull och Stilren Belysning f\u00f6r Alla Behov Ge dig ut p\u00e5 v\u00e4garna eller ta itu med arbetet i m\u00f6rker med Bullpro Arbetsljusramp 400W Sv\u00e4ngd \u2013 den ultimata l\u00f6sningen f\u00f6r kraftfull och p\u00e5litlig arbetsbelysning. Med sin moderna, sv\u00e4ngda design kombinerar den stil och prestanda f\u00f6r att passa alla fordon och arbetsmilj\u00f6er. [&hellip;]\" \/>\n<meta property=\"og:url\" content=\"https:\/\/xenonkungen.com\/de\/produkt\/bullpro-arbeitsscheinwerfer-400w-gebogen\/\" \/>\n<meta property=\"og:site_name\" content=\"Xenonkungen\" \/>\n<meta property=\"article:modified_time\" content=\"2026-04-24T16:44:22+00:00\" \/>\n<meta property=\"og:image\" content=\"https:\/\/xenonkungen.com\/wp-content\/uploads\/2025\/04\/216613491-origpic-e6ee7b.jpg\" \/>\n\t<meta property=\"og:image:width\" content=\"476\" \/>\n\t<meta property=\"og:image:height\" content=\"476\" \/>\n\t<meta property=\"og:image:type\" content=\"image\/jpeg\" \/>\n<meta name=\"twitter:card\" content=\"summary_large_image\" \/>\n<meta name=\"twitter:label1\" content=\"Gesch\u00e4tzte Lesezeit\" \/>\n\t<meta name=\"twitter:data1\" content=\"1\u00a0Minute\" \/>\n<script type=\"application\/ld+json\" class=\"yoast-schema-graph\">{\"@context\":\"https:\/\/schema.org\",\"@graph\":[{\"@type\":\"WebPage\",\"@id\":\"https:\/\/xenonkungen.com\/de\/produkt\/bullpro-arbeitsscheinwerfer-400w-gebogen\/\",\"url\":\"https:\/\/xenonkungen.com\/de\/produkt\/bullpro-arbeitsscheinwerfer-400w-gebogen\/\",\"name\":\"Bullpro Arbetsljusramp 400W Sv\u00e4ngd - Xenonkungen\",\"isPartOf\":{\"@id\":\"https:\/\/xenonkungen.com\/#website\"},\"primaryImageOfPage\":{\"@id\":\"https:\/\/xenonkungen.com\/de\/produkt\/bullpro-arbeitsscheinwerfer-400w-gebogen\/#primaryimage\"},\"image\":{\"@id\":\"https:\/\/xenonkungen.com\/de\/produkt\/bullpro-arbeitsscheinwerfer-400w-gebogen\/#primaryimage\"},\"thumbnailUrl\":\"https:\/\/xenonkungen.com\/wp-content\/uploads\/2025\/04\/216613491-origpic-e6ee7b.jpg\",\"datePublished\":\"2025-04-15T09:18:01+00:00\",\"dateModified\":\"2026-04-24T16:44:22+00:00\",\"breadcrumb\":{\"@id\":\"https:\/\/xenonkungen.com\/de\/produkt\/bullpro-arbeitsscheinwerfer-400w-gebogen\/#breadcrumb\"},\"inLanguage\":\"de\",\"potentialAction\":[{\"@type\":\"ReadAction\",\"target\":[\"https:\/\/xenonkungen.com\/de\/produkt\/bullpro-arbeitsscheinwerfer-400w-gebogen\/\"]}]},{\"@type\":\"ImageObject\",\"inLanguage\":\"de\",\"@id\":\"https:\/\/xenonkungen.com\/de\/produkt\/bullpro-arbeitsscheinwerfer-400w-gebogen\/#primaryimage\",\"url\":\"https:\/\/xenonkungen.com\/wp-content\/uploads\/2025\/04\/216613491-origpic-e6ee7b.jpg\",\"contentUrl\":\"https:\/\/xenonkungen.com\/wp-content\/uploads\/2025\/04\/216613491-origpic-e6ee7b.jpg\",\"width\":476,\"height\":476},{\"@type\":\"BreadcrumbList\",\"@id\":\"https:\/\/xenonkungen.com\/de\/produkt\/bullpro-arbeitsscheinwerfer-400w-gebogen\/#breadcrumb\",\"itemListElement\":[{\"@type\":\"ListItem\",\"position\":1,\"name\":\"Hem\",\"item\":\"https:\/\/xenonkungen.com\/\"},{\"@type\":\"ListItem\",\"position\":2,\"name\":\"Shop\",\"item\":\"https:\/\/xenonkungen.com\/shop\/\"},{\"@type\":\"ListItem\",\"position\":3,\"name\":\"Bullpro Arbetsljusramp 400W Sv\u00e4ngd\"}]},{\"@type\":\"WebSite\",\"@id\":\"https:\/\/xenonkungen.com\/#website\",\"url\":\"https:\/\/xenonkungen.com\/\",\"name\":\"Xenonkungen\",\"description\":\"\",\"potentialAction\":[{\"@type\":\"SearchAction\",\"target\":{\"@type\":\"EntryPoint\",\"urlTemplate\":\"https:\/\/xenonkungen.com\/?s={search_term_string}\"},\"query-input\":{\"@type\":\"PropertyValueSpecification\",\"valueRequired\":true,\"valueName\":\"search_term_string\"}}],\"inLanguage\":\"de\"}]}<\/script>\n<!-- \/ Yoast SEO plugin. -->","yoast_head_json":{"title":"Bullpro Arbeitsscheinwerfer 400W gebogen - Xenonkungen","robots":{"index":"index","follow":"follow","max-snippet":"max-snippet:-1","max-image-preview":"max-image-preview:large","max-video-preview":"max-video-preview:-1"},"canonical":"https:\/\/xenonkungen.com\/de\/produkt\/bullpro-arbeitsscheinwerfer-400w-gebogen\/","og_locale":"de_DE","og_type":"article","og_title":"Bullpro Arbetsljusramp 400W Sv\u00e4ngd - Xenonkungen","og_description":"Bullpro Arbetsljusramp 400W Sv\u00e4ngd \u2013 Kraftfull och Stilren Belysning f\u00f6r Alla Behov Ge dig ut p\u00e5 v\u00e4garna eller ta itu med arbetet i m\u00f6rker med Bullpro Arbetsljusramp 400W Sv\u00e4ngd \u2013 den ultimata l\u00f6sningen f\u00f6r kraftfull och p\u00e5litlig arbetsbelysning. Med sin moderna, sv\u00e4ngda design kombinerar den stil och prestanda f\u00f6r att passa alla fordon och arbetsmilj\u00f6er. [&hellip;]","og_url":"https:\/\/xenonkungen.com\/de\/produkt\/bullpro-arbeitsscheinwerfer-400w-gebogen\/","og_site_name":"Xenonkungen","article_modified_time":"2026-04-24T16:44:22+00:00","og_image":[{"width":476,"height":476,"url":"https:\/\/xenonkungen.com\/wp-content\/uploads\/2025\/04\/216613491-origpic-e6ee7b.jpg","type":"image\/jpeg"}],"twitter_card":"summary_large_image","twitter_misc":{"Gesch\u00e4tzte Lesezeit":"1\u00a0Minute"},"schema":{"@context":"https:\/\/schema.org","@graph":[{"@type":"WebPage","@id":"https:\/\/xenonkungen.com\/de\/produkt\/bullpro-arbeitsscheinwerfer-400w-gebogen\/","url":"https:\/\/xenonkungen.com\/de\/produkt\/bullpro-arbeitsscheinwerfer-400w-gebogen\/","name":"Bullpro Arbeitsscheinwerfer 400W gebogen - Xenonkungen","isPartOf":{"@id":"https:\/\/xenonkungen.com\/#website"},"primaryImageOfPage":{"@id":"https:\/\/xenonkungen.com\/de\/produkt\/bullpro-arbeitsscheinwerfer-400w-gebogen\/#primaryimage"},"image":{"@id":"https:\/\/xenonkungen.com\/de\/produkt\/bullpro-arbeitsscheinwerfer-400w-gebogen\/#primaryimage"},"thumbnailUrl":"https:\/\/xenonkungen.com\/wp-content\/uploads\/2025\/04\/216613491-origpic-e6ee7b.jpg","datePublished":"2025-04-15T09:18:01+00:00","dateModified":"2026-04-24T16:44:22+00:00","breadcrumb":{"@id":"https:\/\/xenonkungen.com\/de\/produkt\/bullpro-arbeitsscheinwerfer-400w-gebogen\/#breadcrumb"},"inLanguage":"de","potentialAction":[{"@type":"ReadAction","target":["https:\/\/xenonkungen.com\/de\/produkt\/bullpro-arbeitsscheinwerfer-400w-gebogen\/"]}]},{"@type":"ImageObject","inLanguage":"de","@id":"https:\/\/xenonkungen.com\/de\/produkt\/bullpro-arbeitsscheinwerfer-400w-gebogen\/#primaryimage","url":"https:\/\/xenonkungen.com\/wp-content\/uploads\/2025\/04\/216613491-origpic-e6ee7b.jpg","contentUrl":"https:\/\/xenonkungen.com\/wp-content\/uploads\/2025\/04\/216613491-origpic-e6ee7b.jpg","width":476,"height":476},{"@type":"BreadcrumbList","@id":"https:\/\/xenonkungen.com\/de\/produkt\/bullpro-arbeitsscheinwerfer-400w-gebogen\/#breadcrumb","itemListElement":[{"@type":"ListItem","position":1,"name":"Hem","item":"https:\/\/xenonkungen.com\/"},{"@type":"ListItem","position":2,"name":"Shop","item":"https:\/\/xenonkungen.com\/shop\/"},{"@type":"ListItem","position":3,"name":"Bullpro Arbetsljusramp 400W Sv\u00e4ngd"}]},{"@type":"WebSite","@id":"https:\/\/xenonkungen.com\/#website","url":"https:\/\/xenonkungen.com\/","name":"Xenonkungen","description":"","potentialAction":[{"@type":"SearchAction","target":{"@type":"EntryPoint","urlTemplate":"https:\/\/xenonkungen.com\/?s={search_term_string}"},"query-input":{"@type":"PropertyValueSpecification","valueRequired":true,"valueName":"search_term_string"}}],"inLanguage":"de"}]}},"taxonomy_info":{"product_brand":[{"value":93,"label":"Bullpro"}],"product_cat":[{"value":2551,"label":"Arbetsljusramp"},{"value":508,"label":"Arbetsbelysning"}],"pa_fargtemperatur":[{"value":1428,"label":"6000"}],"pa_fuktskydd-varde-ipxx":[{"value":1070,"label":"IP67, IP69K"}],"pa_godkannande":[{"value":184,"label":"R10"}],"pa_led-chips-effekt-w":[{"value":400,"label":"108"}],"pa_ljusbild":[{"value":1431,"label":"flood beam"}],"pa_storlek-mm":[{"value":1430,"label":"1073 x 78 x 55"}],"pa_volt-v":[{"value":1419,"label":"10-30"}]},"featured_image_src_large":["https:\/\/xenonkungen.com\/wp-content\/uploads\/2025\/04\/216613491-origpic-e6ee7b.jpg",476,476,false],"author_info":[],"comment_info":0,"_links":{"self":[{"href":"https:\/\/xenonkungen.com\/de\/wp-json\/wp\/v2\/product\/4756","targetHints":{"allow":["GET"]}}],"collection":[{"href":"https:\/\/xenonkungen.com\/de\/wp-json\/wp\/v2\/product"}],"about":[{"href":"https:\/\/xenonkungen.com\/de\/wp-json\/wp\/v2\/types\/product"}],"replies":[{"embeddable":true,"href":"https:\/\/xenonkungen.com\/de\/wp-json\/wp\/v2\/comments?post=4756"}],"wp:featuredmedia":[{"embeddable":true,"href":"https:\/\/xenonkungen.com\/de\/wp-json\/wp\/v2\/media\/4757"}],"wp:attachment":[{"href":"https:\/\/xenonkungen.com\/de\/wp-json\/wp\/v2\/media?parent=4756"}],"wp:term":[{"taxonomy":"anvandningsomrade","embeddable":true,"href":"https:\/\/xenonkungen.com\/de\/wp-json\/wp\/v2\/anvandningsomrade?post=4756"},{"taxonomy":"bilmarken","embeddable":true,"href":"https:\/\/xenonkungen.com\/de\/wp-json\/wp\/v2\/bilmarken?post=4756"},{"taxonomy":"product_brand","embeddable":true,"href":"https:\/\/xenonkungen.com\/de\/wp-json\/wp\/v2\/product_brand?post=4756"},{"taxonomy":"product_cat","embeddable":true,"href":"https:\/\/xenonkungen.com\/de\/wp-json\/wp\/v2\/product_cat?post=4756"},{"taxonomy":"product_tag","embeddable":true,"href":"https:\/\/xenonkungen.com\/de\/wp-json\/wp\/v2\/product_tag?post=4756"}],"curies":[{"name":"wp","href":"https:\/\/api.w.org\/{rel}","templated":true}]}}