{"id":4842,"date":"2025-04-15T09:18:59","date_gmt":"2025-04-15T09:18:59","guid":{"rendered":"https:\/\/xenonkungen.com\/product\/kontaktdonsats-deutsch-hona-2m\/"},"modified":"2026-05-08T13:33:21","modified_gmt":"2026-05-08T12:33:21","slug":"steckverbinder-set-deutsch-weiblich-2-m","status":"publish","type":"product","link":"https:\/\/xenonkungen.com\/de\/produkt\/steckverbinder-set-deutsch-weiblich-2-m\/","title":{"rendered":"Steckschl\u00fcsselsatz deutsch weiblich 2m"},"content":{"rendered":"<h1>2-poliger DT-Serienstecker mit 2 Meter Kabel<\/h1>\n<h2>Einfacher Anschluss und zuverl\u00e4ssiger Betrieb<\/h2>\n<p>Sie m\u00f6chten zuverl\u00e4ssige elektrische Verbindungen f\u00fcr Ihr Fahrzeug herstellen? Dann ist unser 2-poliger DT-Stecker mit 2 Meter langem Kabel und Buchsen genau das Richtige f\u00fcr Sie. Er gew\u00e4hrleistet eine starke und stabile Verbindung und somit eine effiziente Energie\u00fcbertragung an Ihr Fahrzeug. Dieser Stecker eignet sich perfekt f\u00fcr alle Fahrzeugtypen, einschlie\u00dflich Pkw, Lkw und Baumaschinen. Das lange, 2 Meter lange Kabel bietet Ihnen Flexibilit\u00e4t bei der Installation und erm\u00f6glicht das problemlose Erreichen auch schwer zug\u00e4nglicher Stellen.<\/p>","protected":false},"excerpt":{"rendered":"<p>2-stifts DT-serie kontakt med 2 meter kabel Enkel Anslutning och P\u00e5litlig Funktion Vill du skapa p\u00e5litliga elektriska anslutningar f\u00f6r ditt fordon? D\u00e5 \u00e4r v\u00e5r 2-stifts DT-serie kontakt med 2 meter kabel och honkontakter precis vad du beh\u00f6ver. Den \u00e4r designad f\u00f6r att s\u00e4kerst\u00e4lla en stark och stabil koppling, vilket garanterar effektiv energi\u00f6verf\u00f6ring till ditt fordon. [&hellip;]<\/p>","protected":false},"featured_media":4843,"comment_status":"closed","ping_status":"open","template":"","meta":{"_acf_changed":false,"_smort_price_nok":"176","_smort_price_dkk":"112","_smort_price_eur":"15","_smort_sale_price_nok":"","_smort_sale_price_dkk":"","_smort_sale_price_eur":"","smort_restorder":"","shipmondo_restorder":"","_kad_blocks_custom_css":"","_kad_blocks_head_custom_js":"","_kad_blocks_body_custom_js":"","_kad_blocks_footer_custom_js":"","smort_custom_pricelist_1":"105.6","smort_custom_pricelist_2":"92.4","smort_custom_pricelist_3":"87.78","smort_custom_pricelist_4":"132","smort_custom_pricelist_5":"92.4"},"anvandningsomrade":[],"bilmarken":[],"product_brand":[2793],"product_cat":[2488,2491,2489,2490,390],"product_tag":[],"class_list":{"0":"post-4842","1":"product","2":"type-product","3":"status-publish","4":"has-post-thumbnail","6":"product_brand-ovrigt","7":"product_cat-relasats-arbetsbelysning","8":"product_cat-relasats","9":"product_cat-relasats-extraljus","10":"product_cat-relasats-2","11":"product_cat-installation","12":"pa_lampsockel-kontakt-dt-honkontakt","13":"pa_storlek-mm-1473","15":"first","16":"instock","17":"taxable","18":"shipping-taxable","19":"purchasable","20":"product-type-simple"},"bundled_by":[],"bundle_stock_status":"instock","bundle_stock_quantity":4,"bundle_virtual":false,"bundle_layout":"","bundle_add_to_cart_form_location":"","bundle_editable_in_cart":false,"bundle_sold_individually_context":"","bundle_item_grouping":"","bundle_min_size":"","bundle_max_size":"","bundle_price":[],"bundled_items":[],"bundle_sell_ids":[],"acf":[],"yoast_head":"<!-- This site is optimized with the Yoast SEO plugin v27.0 - https:\/\/yoast.com\/product\/yoast-seo-wordpress\/ -->\n<title>Kontaktdonsats Deutsch hona 2m - Xenonkungen<\/title>\n<meta name=\"robots\" content=\"index, follow, max-snippet:-1, max-image-preview:large, max-video-preview:-1\" \/>\n<link rel=\"canonical\" href=\"https:\/\/xenonkungen.com\/de\/produkt\/steckverbinder-set-deutsch-weiblich-2-m\/\" \/>\n<meta property=\"og:locale\" content=\"de_DE\" \/>\n<meta property=\"og:type\" content=\"article\" \/>\n<meta property=\"og:title\" content=\"Kontaktdonsats Deutsch hona 2m - Xenonkungen\" \/>\n<meta property=\"og:description\" content=\"2-stifts DT-serie kontakt med 2 meter kabel Enkel Anslutning och P\u00e5litlig Funktion Vill du skapa p\u00e5litliga elektriska anslutningar f\u00f6r ditt fordon? D\u00e5 \u00e4r v\u00e5r 2-stifts DT-serie kontakt med 2 meter kabel och honkontakter precis vad du beh\u00f6ver. Den \u00e4r designad f\u00f6r att s\u00e4kerst\u00e4lla en stark och stabil koppling, vilket garanterar effektiv energi\u00f6verf\u00f6ring till ditt fordon. [&hellip;]\" \/>\n<meta property=\"og:url\" content=\"https:\/\/xenonkungen.com\/de\/produkt\/steckverbinder-set-deutsch-weiblich-2-m\/\" \/>\n<meta property=\"og:site_name\" content=\"Xenonkungen\" \/>\n<meta property=\"article:modified_time\" content=\"2026-05-08T12:33:21+00:00\" \/>\n<meta property=\"og:image\" content=\"https:\/\/xenonkungen.com\/wp-content\/uploads\/2025\/04\/204076227-origpic-b72874.jpg\" \/>\n\t<meta property=\"og:image:width\" content=\"400\" \/>\n\t<meta property=\"og:image:height\" content=\"300\" \/>\n\t<meta property=\"og:image:type\" content=\"image\/jpeg\" \/>\n<meta name=\"twitter:card\" content=\"summary_large_image\" \/>\n<meta name=\"twitter:label1\" content=\"Gesch\u00e4tzte Lesezeit\" \/>\n\t<meta name=\"twitter:data1\" content=\"1\u00a0Minute\" \/>\n<script type=\"application\/ld+json\" class=\"yoast-schema-graph\">{\"@context\":\"https:\/\/schema.org\",\"@graph\":[{\"@type\":\"WebPage\",\"@id\":\"https:\/\/xenonkungen.com\/en\/product\/connector-plug-set-deutsch-female-2m\/\",\"url\":\"https:\/\/xenonkungen.com\/en\/product\/connector-plug-set-deutsch-female-2m\/\",\"name\":\"Kontaktdonsats Deutsch hona 2m - Xenonkungen\",\"isPartOf\":{\"@id\":\"https:\/\/xenonkungen.com\/#website\"},\"primaryImageOfPage\":{\"@id\":\"https:\/\/xenonkungen.com\/en\/product\/connector-plug-set-deutsch-female-2m\/#primaryimage\"},\"image\":{\"@id\":\"https:\/\/xenonkungen.com\/en\/product\/connector-plug-set-deutsch-female-2m\/#primaryimage\"},\"thumbnailUrl\":\"https:\/\/xenonkungen.com\/wp-content\/uploads\/2025\/04\/204076227-origpic-b72874.jpg\",\"datePublished\":\"2025-04-15T09:18:59+00:00\",\"dateModified\":\"2026-05-08T12:33:21+00:00\",\"breadcrumb\":{\"@id\":\"https:\/\/xenonkungen.com\/en\/product\/connector-plug-set-deutsch-female-2m\/#breadcrumb\"},\"inLanguage\":\"de\",\"potentialAction\":[{\"@type\":\"ReadAction\",\"target\":[\"https:\/\/xenonkungen.com\/en\/product\/connector-plug-set-deutsch-female-2m\/\"]}]},{\"@type\":\"ImageObject\",\"inLanguage\":\"de\",\"@id\":\"https:\/\/xenonkungen.com\/en\/product\/connector-plug-set-deutsch-female-2m\/#primaryimage\",\"url\":\"https:\/\/xenonkungen.com\/wp-content\/uploads\/2025\/04\/204076227-origpic-b72874.jpg\",\"contentUrl\":\"https:\/\/xenonkungen.com\/wp-content\/uploads\/2025\/04\/204076227-origpic-b72874.jpg\",\"width\":400,\"height\":300},{\"@type\":\"BreadcrumbList\",\"@id\":\"https:\/\/xenonkungen.com\/en\/product\/connector-plug-set-deutsch-female-2m\/#breadcrumb\",\"itemListElement\":[{\"@type\":\"ListItem\",\"position\":1,\"name\":\"Hem\",\"item\":\"https:\/\/xenonkungen.com\/\"},{\"@type\":\"ListItem\",\"position\":2,\"name\":\"Shop\",\"item\":\"https:\/\/xenonkungen.com\/shop\/\"},{\"@type\":\"ListItem\",\"position\":3,\"name\":\"Kontaktdonsats Deutsch hona 2m\"}]},{\"@type\":\"WebSite\",\"@id\":\"https:\/\/xenonkungen.com\/#website\",\"url\":\"https:\/\/xenonkungen.com\/\",\"name\":\"Xenonkungen\",\"description\":\"\",\"potentialAction\":[{\"@type\":\"SearchAction\",\"target\":{\"@type\":\"EntryPoint\",\"urlTemplate\":\"https:\/\/xenonkungen.com\/?s={search_term_string}\"},\"query-input\":{\"@type\":\"PropertyValueSpecification\",\"valueRequired\":true,\"valueName\":\"search_term_string\"}}],\"inLanguage\":\"de\"}]}<\/script>\n<!-- \/ Yoast SEO plugin. -->","yoast_head_json":{"title":"Kontaktsteckerset Deutsch weiblich 2m - Xenonkungen","robots":{"index":"index","follow":"follow","max-snippet":"max-snippet:-1","max-image-preview":"max-image-preview:large","max-video-preview":"max-video-preview:-1"},"canonical":"https:\/\/xenonkungen.com\/de\/produkt\/steckverbinder-set-deutsch-weiblich-2-m\/","og_locale":"de_DE","og_type":"article","og_title":"Kontaktdonsats Deutsch hona 2m - Xenonkungen","og_description":"2-stifts DT-serie kontakt med 2 meter kabel Enkel Anslutning och P\u00e5litlig Funktion Vill du skapa p\u00e5litliga elektriska anslutningar f\u00f6r ditt fordon? D\u00e5 \u00e4r v\u00e5r 2-stifts DT-serie kontakt med 2 meter kabel och honkontakter precis vad du beh\u00f6ver. Den \u00e4r designad f\u00f6r att s\u00e4kerst\u00e4lla en stark och stabil koppling, vilket garanterar effektiv energi\u00f6verf\u00f6ring till ditt fordon. [&hellip;]","og_url":"https:\/\/xenonkungen.com\/de\/produkt\/steckverbinder-set-deutsch-weiblich-2-m\/","og_site_name":"Xenonkungen","article_modified_time":"2026-05-08T12:33:21+00:00","og_image":[{"width":400,"height":300,"url":"https:\/\/xenonkungen.com\/wp-content\/uploads\/2025\/04\/204076227-origpic-b72874.jpg","type":"image\/jpeg"}],"twitter_card":"summary_large_image","twitter_misc":{"Gesch\u00e4tzte Lesezeit":"1\u00a0Minute"},"schema":{"@context":"https:\/\/schema.org","@graph":[{"@type":"WebPage","@id":"https:\/\/xenonkungen.com\/en\/product\/connector-plug-set-deutsch-female-2m\/","url":"https:\/\/xenonkungen.com\/en\/product\/connector-plug-set-deutsch-female-2m\/","name":"Kontaktsteckerset Deutsch weiblich 2m - Xenonkungen","isPartOf":{"@id":"https:\/\/xenonkungen.com\/#website"},"primaryImageOfPage":{"@id":"https:\/\/xenonkungen.com\/en\/product\/connector-plug-set-deutsch-female-2m\/#primaryimage"},"image":{"@id":"https:\/\/xenonkungen.com\/en\/product\/connector-plug-set-deutsch-female-2m\/#primaryimage"},"thumbnailUrl":"https:\/\/xenonkungen.com\/wp-content\/uploads\/2025\/04\/204076227-origpic-b72874.jpg","datePublished":"2025-04-15T09:18:59+00:00","dateModified":"2026-05-08T12:33:21+00:00","breadcrumb":{"@id":"https:\/\/xenonkungen.com\/en\/product\/connector-plug-set-deutsch-female-2m\/#breadcrumb"},"inLanguage":"de","potentialAction":[{"@type":"ReadAction","target":["https:\/\/xenonkungen.com\/en\/product\/connector-plug-set-deutsch-female-2m\/"]}]},{"@type":"ImageObject","inLanguage":"de","@id":"https:\/\/xenonkungen.com\/en\/product\/connector-plug-set-deutsch-female-2m\/#primaryimage","url":"https:\/\/xenonkungen.com\/wp-content\/uploads\/2025\/04\/204076227-origpic-b72874.jpg","contentUrl":"https:\/\/xenonkungen.com\/wp-content\/uploads\/2025\/04\/204076227-origpic-b72874.jpg","width":400,"height":300},{"@type":"BreadcrumbList","@id":"https:\/\/xenonkungen.com\/en\/product\/connector-plug-set-deutsch-female-2m\/#breadcrumb","itemListElement":[{"@type":"ListItem","position":1,"name":"Hem","item":"https:\/\/xenonkungen.com\/"},{"@type":"ListItem","position":2,"name":"Shop","item":"https:\/\/xenonkungen.com\/shop\/"},{"@type":"ListItem","position":3,"name":"Kontaktdonsats Deutsch hona 2m"}]},{"@type":"WebSite","@id":"https:\/\/xenonkungen.com\/#website","url":"https:\/\/xenonkungen.com\/","name":"Xenonkungen","description":"","potentialAction":[{"@type":"SearchAction","target":{"@type":"EntryPoint","urlTemplate":"https:\/\/xenonkungen.com\/?s={search_term_string}"},"query-input":{"@type":"PropertyValueSpecification","valueRequired":true,"valueName":"search_term_string"}}],"inLanguage":"de"}]}},"taxonomy_info":{"product_brand":[{"value":2793,"label":"\u00d6VRIGT"}],"product_cat":[{"value":2488,"label":"Rel\u00e4sats"},{"value":2491,"label":"Rel\u00e4sats"},{"value":2489,"label":"Rel\u00e4satser"},{"value":2490,"label":"Rel\u00e4satser"},{"value":390,"label":"Installation"}],"pa_lampsockel-kontakt":[{"value":1474,"label":"DT, honkontakt"}],"pa_storlek-mm":[{"value":1473,"label":"2000"}]},"featured_image_src_large":["https:\/\/xenonkungen.com\/wp-content\/uploads\/2025\/04\/204076227-origpic-b72874.jpg",400,300,false],"author_info":[],"comment_info":0,"_links":{"self":[{"href":"https:\/\/xenonkungen.com\/de\/wp-json\/wp\/v2\/product\/4842","targetHints":{"allow":["GET"]}}],"collection":[{"href":"https:\/\/xenonkungen.com\/de\/wp-json\/wp\/v2\/product"}],"about":[{"href":"https:\/\/xenonkungen.com\/de\/wp-json\/wp\/v2\/types\/product"}],"replies":[{"embeddable":true,"href":"https:\/\/xenonkungen.com\/de\/wp-json\/wp\/v2\/comments?post=4842"}],"wp:featuredmedia":[{"embeddable":true,"href":"https:\/\/xenonkungen.com\/de\/wp-json\/wp\/v2\/media\/4843"}],"wp:attachment":[{"href":"https:\/\/xenonkungen.com\/de\/wp-json\/wp\/v2\/media?parent=4842"}],"wp:term":[{"taxonomy":"anvandningsomrade","embeddable":true,"href":"https:\/\/xenonkungen.com\/de\/wp-json\/wp\/v2\/anvandningsomrade?post=4842"},{"taxonomy":"bilmarken","embeddable":true,"href":"https:\/\/xenonkungen.com\/de\/wp-json\/wp\/v2\/bilmarken?post=4842"},{"taxonomy":"product_brand","embeddable":true,"href":"https:\/\/xenonkungen.com\/de\/wp-json\/wp\/v2\/product_brand?post=4842"},{"taxonomy":"product_cat","embeddable":true,"href":"https:\/\/xenonkungen.com\/de\/wp-json\/wp\/v2\/product_cat?post=4842"},{"taxonomy":"product_tag","embeddable":true,"href":"https:\/\/xenonkungen.com\/de\/wp-json\/wp\/v2\/product_tag?post=4842"}],"curies":[{"name":"wp","href":"https:\/\/api.w.org\/{rel}","templated":true}]}}