{"id":4848,"date":"2025-04-15T09:19:05","date_gmt":"2025-04-15T09:19:05","guid":{"rendered":"https:\/\/xenonkungen.com\/product\/stenskottsskydd-transparant-for-ns7-ns6leda\/"},"modified":"2026-04-11T01:39:16","modified_gmt":"2026-04-11T00:39:16","slug":"transparenter-steinschlagschutz-fur-ns7-ns6leda","status":"publish","type":"product","link":"https:\/\/xenonkungen.com\/de\/produkt\/transparenter-steinschlagschutz-fur-ns7-ns6leda\/","title":{"rendered":"Steinschottabdeckung transparent f\u00fcr NS7\/NS6LEDA"},"content":{"rendered":"<h1>Zuverl\u00e4ssiger Schutz f\u00fcr Ihre LED-Leuchten: Schutz vor Steinschlag und Kratzern<\/h1>\n<h2>Abschirmung Ihrer LED-Leuchten<\/h2>\n<p>Sch\u00fctzen Sie Ihre LED-Leuchten mit dieser speziell entwickelten Abdeckung. Sie sch\u00fctzt vor Steinschl\u00e4gen und Kratzern und bietet eine zuverl\u00e4ssige Barriere, die die Lebensdauer Ihrer Beleuchtungsanlage verl\u00e4ngert.<\/p>\n<h2>Ununterbrochenes Lichtbild<\/h2>\n<p>Trotz ihres robusten Schutzes beeintr\u00e4chtigt diese Schutzh\u00fclle nicht die Lichtleistung Ihrer LED-Leuchten. So genie\u00dfen Sie weiterhin die gewohnte hervorragende Beleuchtung und Sichtbarkeit und sind gleichzeitig optimal gesch\u00fctzt.<\/p>\n<h2>Kompatibilit\u00e4t<\/h2>\n<p>Diese Schutzh\u00fclle ist f\u00fcr die Modelle 1605-NS6LEDA, 1605-NS7LED und 1605-NS7LEDA vorgesehen. Ihr Design und ihre Abmessungen sind optimal auf diese Modelle abgestimmt und bieten ihnen einen ma\u00dfgeschneiderten Schutz vor typischen Gefahren im Stra\u00dfenverkehr.<\/p>","protected":false},"excerpt":{"rendered":"<p>P\u00e5litligt skydd f\u00f6r dina LED-lampor: stenskott- och rep-skydd Sk\u00e4rma av dina LED-lampor Ge dina LED-lampor det skydd de f\u00f6rtj\u00e4nar med detta s\u00e4rskilt utformade skydd. Det \u00e4r konstruerat f\u00f6r att f\u00f6rsvara mot stenskott och repor och ger en p\u00e5litlig barri\u00e4r som skyddar belysningssystemets livsl\u00e4ngd. Oavbruten ljusbild Trots att det erbjuder ett robust skydd kompromissar detta skyddande [&hellip;]<\/p>","protected":false},"featured_media":4849,"comment_status":"closed","ping_status":"open","template":"","meta":{"_acf_changed":false,"_smort_price_nok":"240","_smort_price_dkk":"153","_smort_price_eur":"20.45","_smort_sale_price_nok":"","_smort_sale_price_dkk":"","_smort_sale_price_eur":"","smort_restorder":"","shipmondo_restorder":"","_kad_blocks_custom_css":"","_kad_blocks_head_custom_js":"","_kad_blocks_body_custom_js":"","_kad_blocks_footer_custom_js":"","smort_custom_pricelist_1":"144","smort_custom_pricelist_2":"126","smort_custom_pricelist_3":"119.7","smort_custom_pricelist_4":"180","smort_custom_pricelist_5":"126"},"anvandningsomrade":[],"bilmarken":[],"product_brand":[2793],"product_cat":[2545,2546,142],"product_tag":[],"class_list":{"0":"post-4848","1":"product","2":"type-product","3":"status-publish","4":"has-post-thumbnail","6":"product_brand-ovrigt","7":"product_cat-tillbehor-installation","8":"product_cat-ovriga-tillbehor-tillbehor-installation","9":"product_cat-extraljus","11":"first","12":"onbackorder","13":"taxable","14":"shipping-taxable","15":"purchasable","16":"product-type-simple"},"bundled_by":[],"bundle_stock_status":"onbackorder","bundle_stock_quantity":0,"bundle_virtual":false,"bundle_layout":"","bundle_add_to_cart_form_location":"","bundle_editable_in_cart":false,"bundle_sold_individually_context":"","bundle_item_grouping":"","bundle_min_size":"","bundle_max_size":"","bundle_price":[],"bundled_items":[],"bundle_sell_ids":[],"acf":[],"yoast_head":"<!-- This site is optimized with the Yoast SEO plugin v27.0 - https:\/\/yoast.com\/product\/yoast-seo-wordpress\/ -->\n<title>Stenskottsskydd transparant f\u00f6r NS7\/NS6LEDA - Xenonkungen<\/title>\n<meta name=\"robots\" content=\"index, follow, max-snippet:-1, max-image-preview:large, max-video-preview:-1\" \/>\n<link rel=\"canonical\" href=\"http:\/\/xenonkungen.com\/de\/produkt\/transparenter-steinschlagschutz-fur-ns7-ns6leda\/\" \/>\n<meta property=\"og:locale\" content=\"de_DE\" \/>\n<meta property=\"og:type\" content=\"article\" \/>\n<meta property=\"og:title\" content=\"Stenskottsskydd transparant f\u00f6r NS7\/NS6LEDA - Xenonkungen\" \/>\n<meta property=\"og:description\" content=\"P\u00e5litligt skydd f\u00f6r dina LED-lampor: stenskott- och rep-skydd Sk\u00e4rma av dina LED-lampor Ge dina LED-lampor det skydd de f\u00f6rtj\u00e4nar med detta s\u00e4rskilt utformade skydd. Det \u00e4r konstruerat f\u00f6r att f\u00f6rsvara mot stenskott och repor och ger en p\u00e5litlig barri\u00e4r som skyddar belysningssystemets livsl\u00e4ngd. Oavbruten ljusbild Trots att det erbjuder ett robust skydd kompromissar detta skyddande [&hellip;]\" \/>\n<meta property=\"og:url\" content=\"http:\/\/xenonkungen.com\/de\/produkt\/transparenter-steinschlagschutz-fur-ns7-ns6leda\/\" \/>\n<meta property=\"og:site_name\" content=\"Xenonkungen\" \/>\n<meta property=\"article:modified_time\" content=\"2026-04-11T00:39:16+00:00\" \/>\n<meta property=\"og:image\" content=\"https:\/\/xenonkungen.com\/wp-content\/uploads\/2025\/04\/204076233-origpic-586de3.jpg\" \/>\n\t<meta property=\"og:image:width\" content=\"125\" \/>\n\t<meta property=\"og:image:height\" content=\"125\" \/>\n\t<meta property=\"og:image:type\" content=\"image\/jpeg\" \/>\n<meta name=\"twitter:card\" content=\"summary_large_image\" \/>\n<meta name=\"twitter:label1\" content=\"Gesch\u00e4tzte Lesezeit\" \/>\n\t<meta name=\"twitter:data1\" content=\"1\u00a0Minute\" \/>\n<script type=\"application\/ld+json\" class=\"yoast-schema-graph\">{\"@context\":\"https:\/\/schema.org\",\"@graph\":[{\"@type\":\"WebPage\",\"@id\":\"http:\/\/xenonkungen.com\/no\/produkt\/stenskottsskydd-transparant-for-ns7-ns6leda\/\",\"url\":\"http:\/\/xenonkungen.com\/no\/produkt\/stenskottsskydd-transparant-for-ns7-ns6leda\/\",\"name\":\"Stenskottsskydd transparant f\u00f6r NS7\/NS6LEDA - Xenonkungen\",\"isPartOf\":{\"@id\":\"https:\/\/xenonkungen.com\/#website\"},\"primaryImageOfPage\":{\"@id\":\"http:\/\/xenonkungen.com\/no\/produkt\/stenskottsskydd-transparant-for-ns7-ns6leda\/#primaryimage\"},\"image\":{\"@id\":\"http:\/\/xenonkungen.com\/no\/produkt\/stenskottsskydd-transparant-for-ns7-ns6leda\/#primaryimage\"},\"thumbnailUrl\":\"https:\/\/xenonkungen.com\/wp-content\/uploads\/2025\/04\/204076233-origpic-586de3.jpg\",\"datePublished\":\"2025-04-15T09:19:05+00:00\",\"dateModified\":\"2026-04-11T00:39:16+00:00\",\"breadcrumb\":{\"@id\":\"http:\/\/xenonkungen.com\/no\/produkt\/stenskottsskydd-transparant-for-ns7-ns6leda\/#breadcrumb\"},\"inLanguage\":\"de\",\"potentialAction\":[{\"@type\":\"ReadAction\",\"target\":[\"http:\/\/xenonkungen.com\/no\/produkt\/stenskottsskydd-transparant-for-ns7-ns6leda\/\"]}]},{\"@type\":\"ImageObject\",\"inLanguage\":\"de\",\"@id\":\"http:\/\/xenonkungen.com\/no\/produkt\/stenskottsskydd-transparant-for-ns7-ns6leda\/#primaryimage\",\"url\":\"https:\/\/xenonkungen.com\/wp-content\/uploads\/2025\/04\/204076233-origpic-586de3.jpg\",\"contentUrl\":\"https:\/\/xenonkungen.com\/wp-content\/uploads\/2025\/04\/204076233-origpic-586de3.jpg\",\"width\":125,\"height\":125},{\"@type\":\"BreadcrumbList\",\"@id\":\"http:\/\/xenonkungen.com\/no\/produkt\/stenskottsskydd-transparant-for-ns7-ns6leda\/#breadcrumb\",\"itemListElement\":[{\"@type\":\"ListItem\",\"position\":1,\"name\":\"Hem\",\"item\":\"https:\/\/xenonkungen.com\/\"},{\"@type\":\"ListItem\",\"position\":2,\"name\":\"Shop\",\"item\":\"https:\/\/xenonkungen.com\/shop\/\"},{\"@type\":\"ListItem\",\"position\":3,\"name\":\"Stenskottsskydd transparant f\u00f6r NS7\/NS6LEDA\"}]},{\"@type\":\"WebSite\",\"@id\":\"https:\/\/xenonkungen.com\/#website\",\"url\":\"https:\/\/xenonkungen.com\/\",\"name\":\"Xenonkungen\",\"description\":\"\",\"potentialAction\":[{\"@type\":\"SearchAction\",\"target\":{\"@type\":\"EntryPoint\",\"urlTemplate\":\"https:\/\/xenonkungen.com\/?s={search_term_string}\"},\"query-input\":{\"@type\":\"PropertyValueSpecification\",\"valueRequired\":true,\"valueName\":\"search_term_string\"}}],\"inLanguage\":\"de\"}]}<\/script>\n<!-- \/ Yoast SEO plugin. -->","yoast_head_json":{"title":"Transparenter Steinschlagschutz f\u00fcr NS7\/NS6LEDA - Xenonkungen","robots":{"index":"index","follow":"follow","max-snippet":"max-snippet:-1","max-image-preview":"max-image-preview:large","max-video-preview":"max-video-preview:-1"},"canonical":"http:\/\/xenonkungen.com\/de\/produkt\/transparenter-steinschlagschutz-fur-ns7-ns6leda\/","og_locale":"de_DE","og_type":"article","og_title":"Stenskottsskydd transparant f\u00f6r NS7\/NS6LEDA - Xenonkungen","og_description":"P\u00e5litligt skydd f\u00f6r dina LED-lampor: stenskott- och rep-skydd Sk\u00e4rma av dina LED-lampor Ge dina LED-lampor det skydd de f\u00f6rtj\u00e4nar med detta s\u00e4rskilt utformade skydd. Det \u00e4r konstruerat f\u00f6r att f\u00f6rsvara mot stenskott och repor och ger en p\u00e5litlig barri\u00e4r som skyddar belysningssystemets livsl\u00e4ngd. Oavbruten ljusbild Trots att det erbjuder ett robust skydd kompromissar detta skyddande [&hellip;]","og_url":"http:\/\/xenonkungen.com\/de\/produkt\/transparenter-steinschlagschutz-fur-ns7-ns6leda\/","og_site_name":"Xenonkungen","article_modified_time":"2026-04-11T00:39:16+00:00","og_image":[{"width":125,"height":125,"url":"https:\/\/xenonkungen.com\/wp-content\/uploads\/2025\/04\/204076233-origpic-586de3.jpg","type":"image\/jpeg"}],"twitter_card":"summary_large_image","twitter_misc":{"Gesch\u00e4tzte Lesezeit":"1\u00a0Minute"},"schema":{"@context":"https:\/\/schema.org","@graph":[{"@type":"WebPage","@id":"http:\/\/xenonkungen.com\/no\/produkt\/stenskottsskydd-transparant-for-ns7-ns6leda\/","url":"http:\/\/xenonkungen.com\/no\/produkt\/stenskottsskydd-transparant-for-ns7-ns6leda\/","name":"Transparenter Steinschlagschutz f\u00fcr NS7\/NS6LEDA - Xenonkungen","isPartOf":{"@id":"https:\/\/xenonkungen.com\/#website"},"primaryImageOfPage":{"@id":"http:\/\/xenonkungen.com\/no\/produkt\/stenskottsskydd-transparant-for-ns7-ns6leda\/#primaryimage"},"image":{"@id":"http:\/\/xenonkungen.com\/no\/produkt\/stenskottsskydd-transparant-for-ns7-ns6leda\/#primaryimage"},"thumbnailUrl":"https:\/\/xenonkungen.com\/wp-content\/uploads\/2025\/04\/204076233-origpic-586de3.jpg","datePublished":"2025-04-15T09:19:05+00:00","dateModified":"2026-04-11T00:39:16+00:00","breadcrumb":{"@id":"http:\/\/xenonkungen.com\/no\/produkt\/stenskottsskydd-transparant-for-ns7-ns6leda\/#breadcrumb"},"inLanguage":"de","potentialAction":[{"@type":"ReadAction","target":["http:\/\/xenonkungen.com\/no\/produkt\/stenskottsskydd-transparant-for-ns7-ns6leda\/"]}]},{"@type":"ImageObject","inLanguage":"de","@id":"http:\/\/xenonkungen.com\/no\/produkt\/stenskottsskydd-transparant-for-ns7-ns6leda\/#primaryimage","url":"https:\/\/xenonkungen.com\/wp-content\/uploads\/2025\/04\/204076233-origpic-586de3.jpg","contentUrl":"https:\/\/xenonkungen.com\/wp-content\/uploads\/2025\/04\/204076233-origpic-586de3.jpg","width":125,"height":125},{"@type":"BreadcrumbList","@id":"http:\/\/xenonkungen.com\/no\/produkt\/stenskottsskydd-transparant-for-ns7-ns6leda\/#breadcrumb","itemListElement":[{"@type":"ListItem","position":1,"name":"Hem","item":"https:\/\/xenonkungen.com\/"},{"@type":"ListItem","position":2,"name":"Shop","item":"https:\/\/xenonkungen.com\/shop\/"},{"@type":"ListItem","position":3,"name":"Stenskottsskydd transparant f\u00f6r NS7\/NS6LEDA"}]},{"@type":"WebSite","@id":"https:\/\/xenonkungen.com\/#website","url":"https:\/\/xenonkungen.com\/","name":"Xenonkungen","description":"","potentialAction":[{"@type":"SearchAction","target":{"@type":"EntryPoint","urlTemplate":"https:\/\/xenonkungen.com\/?s={search_term_string}"},"query-input":{"@type":"PropertyValueSpecification","valueRequired":true,"valueName":"search_term_string"}}],"inLanguage":"de"}]}},"taxonomy_info":{"product_brand":[{"value":2793,"label":"\u00d6VRIGT"}],"product_cat":[{"value":2545,"label":"INSTALLATION"},{"value":2546,"label":"\u00d6vriga Tillbeh\u00f6r"},{"value":142,"label":"Extraljus"}]},"featured_image_src_large":["https:\/\/xenonkungen.com\/wp-content\/uploads\/2025\/04\/204076233-origpic-586de3.jpg",125,125,false],"author_info":[],"comment_info":0,"_links":{"self":[{"href":"https:\/\/xenonkungen.com\/de\/wp-json\/wp\/v2\/product\/4848","targetHints":{"allow":["GET"]}}],"collection":[{"href":"https:\/\/xenonkungen.com\/de\/wp-json\/wp\/v2\/product"}],"about":[{"href":"https:\/\/xenonkungen.com\/de\/wp-json\/wp\/v2\/types\/product"}],"replies":[{"embeddable":true,"href":"https:\/\/xenonkungen.com\/de\/wp-json\/wp\/v2\/comments?post=4848"}],"wp:featuredmedia":[{"embeddable":true,"href":"https:\/\/xenonkungen.com\/de\/wp-json\/wp\/v2\/media\/4849"}],"wp:attachment":[{"href":"https:\/\/xenonkungen.com\/de\/wp-json\/wp\/v2\/media?parent=4848"}],"wp:term":[{"taxonomy":"anvandningsomrade","embeddable":true,"href":"https:\/\/xenonkungen.com\/de\/wp-json\/wp\/v2\/anvandningsomrade?post=4848"},{"taxonomy":"bilmarken","embeddable":true,"href":"https:\/\/xenonkungen.com\/de\/wp-json\/wp\/v2\/bilmarken?post=4848"},{"taxonomy":"product_brand","embeddable":true,"href":"https:\/\/xenonkungen.com\/de\/wp-json\/wp\/v2\/product_brand?post=4848"},{"taxonomy":"product_cat","embeddable":true,"href":"https:\/\/xenonkungen.com\/de\/wp-json\/wp\/v2\/product_cat?post=4848"},{"taxonomy":"product_tag","embeddable":true,"href":"https:\/\/xenonkungen.com\/de\/wp-json\/wp\/v2\/product_tag?post=4848"}],"curies":[{"name":"wp","href":"https:\/\/api.w.org\/{rel}","templated":true}]}}