{"id":4892,"date":"2025-04-15T09:19:26","date_gmt":"2025-04-15T09:19:26","guid":{"rendered":"https:\/\/xenonkungen.com\/product\/optibeam-extraljus-savage-9\/"},"modified":"2026-04-11T01:39:27","modified_gmt":"2026-04-11T00:39:27","slug":"optibeam-zusatzscheinwerfer-savage-9","status":"publish","type":"product","link":"https:\/\/xenonkungen.com\/de\/produkt\/optibeam-zusatzscheinwerfer-savage-9\/","title":{"rendered":"OPTIBEAM Zusatzscheinwerfer Savage 9\u2033"},"content":{"rendered":"<div class=\"container\">\n<h1>Optibeam Savage 9\u2033: Einzigartiges Design und Leistung<\/h1>\n<p class=\"feature\">F\u00fcr alle, die wirklich auffallen wollen, pr\u00e4sentieren wir die Optibeam Savage 9\u2033 \u2013 eine Zusatzleuchte mit modernsten 5000K Osram LEDs f\u00fcr maximale Helligkeit und Bildqualit\u00e4t. W\u00e4hlen Sie zwischen wei\u00dfen oder gelben Positionsleuchten, um Ihrem Fahrzeug einen einzigartigen Look zu verleihen.<\/p>\n<h2>Streetshine Umgebungs-Positionslichttechnologie<\/h2>\n<p class=\"feature\">Optibeam Savage stellt eine revolution\u00e4re Innovation in Form von <strong>Streetshine-Ambiente<\/strong> Positionslichttechnologie. Diese innovative L\u00f6sung bewirkt, dass das Positionslicht nicht nur die gesamte Reflektorfl\u00e4che hervorhebt, sondern ausleuchtet und so einen beeindruckenden visuellen Effekt erzeugt.<\/p>\n<h2>Gestaltungsm\u00f6glichkeiten<\/h2>\n<p class=\"feature\">Mit den im Lieferumfang enthaltenen Rahmen in Schwarz und Chrom bietet die Optibeam Savage Flexibilit\u00e4t und individuelle Anpassungsm\u00f6glichkeiten, um perfekt zu Ihrem Fahrzeug zu passen. Ideal f\u00fcr Lkw-Fahrer oder alle, die ihrem Fahrzeug einen pers\u00f6nlichen und unverwechselbaren Look verleihen m\u00f6chten.<\/p>\n<\/div>\n<p>","protected":false},"excerpt":{"rendered":"<p>Optibeam Savage 9&#8243;: Unik Stil och Prestanda F\u00f6r den som verkligen vill sticka ut, presenterar vi Optibeam Savage 9&#8243; &#8211; ett extraljus utrustat med toppmoderna 5000K Osram LED f\u00f6r maximal ljusstyrka och kvalitet. V\u00e4lj mellan vitt eller b\u00e4rnstensf\u00e4rgat positionsljus f\u00f6r att anpassa ditt fordon med en unik look. Streetshine Ambient Positionsljusteknik Optibeam Savage introducerar en [&hellip;]<\/p>","protected":false},"featured_media":4893,"comment_status":"closed","ping_status":"closed","template":"","meta":{"_acf_changed":false,"_smort_price_nok":"2350","_smort_price_dkk":"1493","_smort_price_eur":"199.99","_smort_sale_price_nok":"","_smort_sale_price_dkk":"","_smort_sale_price_eur":"","smort_restorder":"","shipmondo_restorder":"","_kad_blocks_custom_css":"","_kad_blocks_head_custom_js":"","_kad_blocks_body_custom_js":"","_kad_blocks_footer_custom_js":"","smort_custom_pricelist_1":"1408","smort_custom_pricelist_2":"1232","smort_custom_pricelist_3":"1170.4","smort_custom_pricelist_4":"1760","smort_custom_pricelist_5":"1232"},"anvandningsomrade":[],"bilmarken":[],"product_brand":[107],"product_cat":[2839,142],"product_tag":[],"class_list":{"0":"post-4892","1":"product","2":"type-product","3":"status-publish","4":"has-post-thumbnail","6":"product_brand-optibeam","7":"product_cat-extraljus-9","8":"product_cat-extraljus","9":"pa_faktisk-effekts-forbrukning-347","10":"pa_fargtemperatur-1486","11":"pa_fuktskydd-varde-ipxx-ip68","12":"pa_godkannande-e-godkand-r112-r10-r7-ref-45","13":"pa_lampsockel-kontakt-4-polig-dt-kontakt","14":"pa_led-chips-effekt-w-1017","15":"pa_ljusbild-driving","16":"pa_storlek-mm-229x89","17":"pa_stromforbrukning-455a-137v","18":"pa_volt-v-9-36","20":"first","21":"instock","22":"taxable","23":"shipping-taxable","24":"purchasable","25":"product-type-simple"},"bundled_by":[],"bundle_stock_status":"instock","bundle_stock_quantity":6,"bundle_virtual":false,"bundle_layout":"","bundle_add_to_cart_form_location":"","bundle_editable_in_cart":false,"bundle_sold_individually_context":"","bundle_item_grouping":"","bundle_min_size":"","bundle_max_size":"","bundle_price":[],"bundled_items":[],"bundle_sell_ids":[],"acf":[],"yoast_head":"<!-- This site is optimized with the Yoast SEO plugin v27.0 - https:\/\/yoast.com\/product\/yoast-seo-wordpress\/ -->\n<title>OPTIBEAM Extraljus Savage 9&quot; - Xenonkungen<\/title>\n<meta name=\"robots\" content=\"index, follow, max-snippet:-1, max-image-preview:large, max-video-preview:-1\" \/>\n<link rel=\"canonical\" href=\"https:\/\/xenonkungen.com\/de\/produkt\/optibeam-zusatzscheinwerfer-savage-9\/\" \/>\n<meta property=\"og:locale\" content=\"de_DE\" \/>\n<meta property=\"og:type\" content=\"article\" \/>\n<meta property=\"og:title\" content=\"OPTIBEAM Extraljus Savage 9&quot; - Xenonkungen\" \/>\n<meta property=\"og:description\" content=\"Optibeam Savage 9&#8243;: Unik Stil och Prestanda F\u00f6r den som verkligen vill sticka ut, presenterar vi Optibeam Savage 9&#8243; &#8211; ett extraljus utrustat med toppmoderna 5000K Osram LED f\u00f6r maximal ljusstyrka och kvalitet. V\u00e4lj mellan vitt eller b\u00e4rnstensf\u00e4rgat positionsljus f\u00f6r att anpassa ditt fordon med en unik look. Streetshine Ambient Positionsljusteknik Optibeam Savage introducerar en [&hellip;]\" \/>\n<meta property=\"og:url\" content=\"https:\/\/xenonkungen.com\/de\/produkt\/optibeam-zusatzscheinwerfer-savage-9\/\" \/>\n<meta property=\"og:site_name\" content=\"Xenonkungen\" \/>\n<meta property=\"article:modified_time\" content=\"2026-04-11T00:39:27+00:00\" \/>\n<meta property=\"og:image\" content=\"https:\/\/xenonkungen.com\/wp-content\/uploads\/2025\/04\/204076241-origpic-56a895.jpg\" \/>\n\t<meta property=\"og:image:width\" content=\"1000\" \/>\n\t<meta property=\"og:image:height\" content=\"1000\" \/>\n\t<meta property=\"og:image:type\" content=\"image\/jpeg\" \/>\n<meta name=\"twitter:card\" content=\"summary_large_image\" \/>\n<meta name=\"twitter:label1\" content=\"Gesch\u00e4tzte Lesezeit\" \/>\n\t<meta name=\"twitter:data1\" content=\"1\u00a0Minute\" \/>\n<script type=\"application\/ld+json\" class=\"yoast-schema-graph\">{\"@context\":\"https:\/\/schema.org\",\"@graph\":[{\"@type\":\"WebPage\",\"@id\":\"https:\/\/xenonkungen.com\/produkt\/optibeam-extraljus-savage-9\/\",\"url\":\"https:\/\/xenonkungen.com\/produkt\/optibeam-extraljus-savage-9\/\",\"name\":\"OPTIBEAM Extraljus Savage 9\\\" - Xenonkungen\",\"isPartOf\":{\"@id\":\"https:\/\/xenonkungen.com\/#website\"},\"primaryImageOfPage\":{\"@id\":\"https:\/\/xenonkungen.com\/produkt\/optibeam-extraljus-savage-9\/#primaryimage\"},\"image\":{\"@id\":\"https:\/\/xenonkungen.com\/produkt\/optibeam-extraljus-savage-9\/#primaryimage\"},\"thumbnailUrl\":\"https:\/\/xenonkungen.com\/wp-content\/uploads\/2025\/04\/204076241-origpic-56a895.jpg\",\"datePublished\":\"2025-04-15T09:19:26+00:00\",\"dateModified\":\"2026-04-11T00:39:27+00:00\",\"breadcrumb\":{\"@id\":\"https:\/\/xenonkungen.com\/produkt\/optibeam-extraljus-savage-9\/#breadcrumb\"},\"inLanguage\":\"de\",\"potentialAction\":[{\"@type\":\"ReadAction\",\"target\":[\"https:\/\/xenonkungen.com\/produkt\/optibeam-extraljus-savage-9\/\"]}]},{\"@type\":\"ImageObject\",\"inLanguage\":\"de\",\"@id\":\"https:\/\/xenonkungen.com\/produkt\/optibeam-extraljus-savage-9\/#primaryimage\",\"url\":\"https:\/\/xenonkungen.com\/wp-content\/uploads\/2025\/04\/204076241-origpic-56a895.jpg\",\"contentUrl\":\"https:\/\/xenonkungen.com\/wp-content\/uploads\/2025\/04\/204076241-origpic-56a895.jpg\",\"width\":1000,\"height\":1000},{\"@type\":\"BreadcrumbList\",\"@id\":\"https:\/\/xenonkungen.com\/produkt\/optibeam-extraljus-savage-9\/#breadcrumb\",\"itemListElement\":[{\"@type\":\"ListItem\",\"position\":1,\"name\":\"Hem\",\"item\":\"https:\/\/xenonkungen.com\/\"},{\"@type\":\"ListItem\",\"position\":2,\"name\":\"Shop\",\"item\":\"https:\/\/xenonkungen.com\/shop\/\"},{\"@type\":\"ListItem\",\"position\":3,\"name\":\"OPTIBEAM Extraljus Savage 9&#8243;\"}]},{\"@type\":\"WebSite\",\"@id\":\"https:\/\/xenonkungen.com\/#website\",\"url\":\"https:\/\/xenonkungen.com\/\",\"name\":\"Xenonkungen\",\"description\":\"\",\"potentialAction\":[{\"@type\":\"SearchAction\",\"target\":{\"@type\":\"EntryPoint\",\"urlTemplate\":\"https:\/\/xenonkungen.com\/?s={search_term_string}\"},\"query-input\":{\"@type\":\"PropertyValueSpecification\",\"valueRequired\":true,\"valueName\":\"search_term_string\"}}],\"inLanguage\":\"de\"}]}<\/script>\n<!-- \/ Yoast SEO plugin. -->","yoast_head_json":{"title":"OPTIBEAM Zusatzscheinwerfer Savage 9&quot; - Xenonkungen","robots":{"index":"index","follow":"follow","max-snippet":"max-snippet:-1","max-image-preview":"max-image-preview:large","max-video-preview":"max-video-preview:-1"},"canonical":"https:\/\/xenonkungen.com\/de\/produkt\/optibeam-zusatzscheinwerfer-savage-9\/","og_locale":"de_DE","og_type":"article","og_title":"OPTIBEAM Extraljus Savage 9\" - Xenonkungen","og_description":"Optibeam Savage 9&#8243;: Unik Stil och Prestanda F\u00f6r den som verkligen vill sticka ut, presenterar vi Optibeam Savage 9&#8243; &#8211; ett extraljus utrustat med toppmoderna 5000K Osram LED f\u00f6r maximal ljusstyrka och kvalitet. V\u00e4lj mellan vitt eller b\u00e4rnstensf\u00e4rgat positionsljus f\u00f6r att anpassa ditt fordon med en unik look. Streetshine Ambient Positionsljusteknik Optibeam Savage introducerar en [&hellip;]","og_url":"https:\/\/xenonkungen.com\/de\/produkt\/optibeam-zusatzscheinwerfer-savage-9\/","og_site_name":"Xenonkungen","article_modified_time":"2026-04-11T00:39:27+00:00","og_image":[{"width":1000,"height":1000,"url":"https:\/\/xenonkungen.com\/wp-content\/uploads\/2025\/04\/204076241-origpic-56a895.jpg","type":"image\/jpeg"}],"twitter_card":"summary_large_image","twitter_misc":{"Gesch\u00e4tzte Lesezeit":"1\u00a0Minute"},"schema":{"@context":"https:\/\/schema.org","@graph":[{"@type":"WebPage","@id":"https:\/\/xenonkungen.com\/produkt\/optibeam-extraljus-savage-9\/","url":"https:\/\/xenonkungen.com\/produkt\/optibeam-extraljus-savage-9\/","name":"OPTIBEAM Zusatzscheinwerfer Savage 9&quot; - Xenonkungen","isPartOf":{"@id":"https:\/\/xenonkungen.com\/#website"},"primaryImageOfPage":{"@id":"https:\/\/xenonkungen.com\/produkt\/optibeam-extraljus-savage-9\/#primaryimage"},"image":{"@id":"https:\/\/xenonkungen.com\/produkt\/optibeam-extraljus-savage-9\/#primaryimage"},"thumbnailUrl":"https:\/\/xenonkungen.com\/wp-content\/uploads\/2025\/04\/204076241-origpic-56a895.jpg","datePublished":"2025-04-15T09:19:26+00:00","dateModified":"2026-04-11T00:39:27+00:00","breadcrumb":{"@id":"https:\/\/xenonkungen.com\/produkt\/optibeam-extraljus-savage-9\/#breadcrumb"},"inLanguage":"de","potentialAction":[{"@type":"ReadAction","target":["https:\/\/xenonkungen.com\/produkt\/optibeam-extraljus-savage-9\/"]}]},{"@type":"ImageObject","inLanguage":"de","@id":"https:\/\/xenonkungen.com\/produkt\/optibeam-extraljus-savage-9\/#primaryimage","url":"https:\/\/xenonkungen.com\/wp-content\/uploads\/2025\/04\/204076241-origpic-56a895.jpg","contentUrl":"https:\/\/xenonkungen.com\/wp-content\/uploads\/2025\/04\/204076241-origpic-56a895.jpg","width":1000,"height":1000},{"@type":"BreadcrumbList","@id":"https:\/\/xenonkungen.com\/produkt\/optibeam-extraljus-savage-9\/#breadcrumb","itemListElement":[{"@type":"ListItem","position":1,"name":"Hem","item":"https:\/\/xenonkungen.com\/"},{"@type":"ListItem","position":2,"name":"Shop","item":"https:\/\/xenonkungen.com\/shop\/"},{"@type":"ListItem","position":3,"name":"OPTIBEAM Extraljus Savage 9&#8243;"}]},{"@type":"WebSite","@id":"https:\/\/xenonkungen.com\/#website","url":"https:\/\/xenonkungen.com\/","name":"Xenonkungen","description":"","potentialAction":[{"@type":"SearchAction","target":{"@type":"EntryPoint","urlTemplate":"https:\/\/xenonkungen.com\/?s={search_term_string}"},"query-input":{"@type":"PropertyValueSpecification","valueRequired":true,"valueName":"search_term_string"}}],"inLanguage":"de"}]}},"taxonomy_info":{"product_brand":[{"value":107,"label":"Optibeam"}],"product_cat":[{"value":2839,"label":"Extraljus 9\""},{"value":142,"label":"Extraljus"}],"pa_faktisk-effekts-forbrukning":[{"value":347,"label":"62"}],"pa_fargtemperatur":[{"value":1486,"label":"5000"}],"pa_fuktskydd-varde-ipxx":[{"value":177,"label":"IP68"}],"pa_godkannande":[{"value":1497,"label":"E-godk\u00e4nd (R112, R10, R7) ref.45"}],"pa_lampsockel-kontakt":[{"value":1493,"label":"4-polig DT-kontakt"}],"pa_led-chips-effekt-w":[{"value":1017,"label":"80"}],"pa_ljusbild":[{"value":178,"label":"Driving"}],"pa_storlek-mm":[{"value":1495,"label":"229x89"}],"pa_stromforbrukning":[{"value":1496,"label":"4,55A @ 13,7V"}],"pa_volt-v":[{"value":1444,"label":"9-36"}]},"featured_image_src_large":["https:\/\/xenonkungen.com\/wp-content\/uploads\/2025\/04\/204076241-origpic-56a895.jpg",1000,1000,false],"author_info":[],"comment_info":0,"_links":{"self":[{"href":"https:\/\/xenonkungen.com\/de\/wp-json\/wp\/v2\/product\/4892","targetHints":{"allow":["GET"]}}],"collection":[{"href":"https:\/\/xenonkungen.com\/de\/wp-json\/wp\/v2\/product"}],"about":[{"href":"https:\/\/xenonkungen.com\/de\/wp-json\/wp\/v2\/types\/product"}],"replies":[{"embeddable":true,"href":"https:\/\/xenonkungen.com\/de\/wp-json\/wp\/v2\/comments?post=4892"}],"wp:featuredmedia":[{"embeddable":true,"href":"https:\/\/xenonkungen.com\/de\/wp-json\/wp\/v2\/media\/4893"}],"wp:attachment":[{"href":"https:\/\/xenonkungen.com\/de\/wp-json\/wp\/v2\/media?parent=4892"}],"wp:term":[{"taxonomy":"anvandningsomrade","embeddable":true,"href":"https:\/\/xenonkungen.com\/de\/wp-json\/wp\/v2\/anvandningsomrade?post=4892"},{"taxonomy":"bilmarken","embeddable":true,"href":"https:\/\/xenonkungen.com\/de\/wp-json\/wp\/v2\/bilmarken?post=4892"},{"taxonomy":"product_brand","embeddable":true,"href":"https:\/\/xenonkungen.com\/de\/wp-json\/wp\/v2\/product_brand?post=4892"},{"taxonomy":"product_cat","embeddable":true,"href":"https:\/\/xenonkungen.com\/de\/wp-json\/wp\/v2\/product_cat?post=4892"},{"taxonomy":"product_tag","embeddable":true,"href":"https:\/\/xenonkungen.com\/de\/wp-json\/wp\/v2\/product_tag?post=4892"}],"curies":[{"name":"wp","href":"https:\/\/api.w.org\/{rel}","templated":true}]}}