{"id":4943,"date":"2025-04-15T09:20:19","date_gmt":"2025-04-15T09:20:19","guid":{"rendered":"https:\/\/xenonkungen.com\/product\/optibeam-super-captain-one-600\/"},"modified":"2026-04-24T17:45:13","modified_gmt":"2026-04-24T16:45:13","slug":"optibeam-super-captain-one-600","status":"publish","type":"product","link":"https:\/\/xenonkungen.com\/de\/produkt\/optibeam-super-captain-one-600\/","title":{"rendered":"OPTIBEAM Super Captain ONE 600"},"content":{"rendered":"<h1>OPTIBEAM Super Captain ONE 600 - Teil der breiten Palette des Xenon King<\/h1>\n<p>Entdecken Sie <strong>OPTIBEAM Super Captain ONE 600<\/strong>eines der vielen hochwertigen Produkte aus dem breiten Sortiment von Xenon King. Diese fortschrittliche LED-Rampe stellt eine neue \u00c4ra in der Fahrzeugbeleuchtung dar, insbesondere im Super Captain-Bereich.<\/p>\n<p>Die Super Captain ONE 600 zeichnet sich durch ein schlankes und elegantes Design aus, das nicht nur \u00e4sthetisch ist, sondern auch die Aerodynamik des Fahrzeugs verbessert. Mit herausragenden Eigenschaften wie einer gro\u00dfen Reichweite (1 Lux bei 635 Metern) und einer optimalen Farbtemperatur von 5000K bietet diese LED-Rampe eine au\u00dfergew\u00f6hnliche und nat\u00fcrliche Beleuchtung f\u00fcr alle Arten von Fahrten.<\/p>\n<p>Ihr einzigartiges Design umfasst zwei Positionslichter in Orange und Wei\u00df, die die Sichtbarkeit verbessern und zu mehr Sicherheit beitragen. Das rahmenlose Design ist nicht nur modern, sondern auch praktisch, da es die Ansammlung von Schmutz und anderen Elementen auf der Linse verhindert. Mit einer Helligkeit von \u00fcber 13.300 gemessenen Lumen ist die Super Captain ONE 600 eine leistungsstarke Lichtquelle f\u00fcr Ihr Fahrzeug.<\/p>\n<p>Mit seiner Kompaktheit und seinen fortschrittlichen Funktionen ist der Super Captain ONE 600 eine ausgezeichnete Wahl f\u00fcr alle, die eine Kombination aus Leistung, Stil und Haltbarkeit suchen. Die einfache Montage, dank der vorbereiteten L\u00f6cher f\u00fcr die Stabilisierungsstreben, macht die Installation stabil und reibungslos. Das Ger\u00e4t hat eine Referenzzahl von nur 30, was es an die Spitze seiner Klasse stellt.<\/p>\n<p><strong>Hier sind einige der beeindruckenden <strong>B\u00fcrgschaft:<\/strong><\/strong><\/p>\n<p>Die Super Captain ONE 600 wird mit einer gro\u00dfz\u00fcgigen 36-monatigen Garantie angeboten, die ihre Qualit\u00e4t und Zuverl\u00e4ssigkeit best\u00e4tigt. Entdecken Sie diese und andere Beleuchtungsl\u00f6sungen, die Teil des umfangreichen Xenonkung-Sortiments sind.<\/p>\n<p>&#8221;`<\/p>","protected":false},"excerpt":{"rendered":"<p>Die beliebte Super-Captain-Serie wurde jetzt um den Shootingstar Optibeam Super Captain One 600 erweitert.<\/p>","protected":false},"featured_media":4944,"comment_status":"closed","ping_status":"closed","template":"","meta":{"_acf_changed":false,"_smort_price_nok":"3733","_smort_price_dkk":"2372","_smort_price_eur":"317.71","_smort_sale_price_nok":"","_smort_sale_price_dkk":"","_smort_sale_price_eur":"","smort_restorder":"","shipmondo_restorder":"","_kad_blocks_custom_css":"","_kad_blocks_head_custom_js":"","_kad_blocks_body_custom_js":"","_kad_blocks_footer_custom_js":"","smort_custom_pricelist_1":"2236.8","smort_custom_pricelist_2":"1957.2","smort_custom_pricelist_3":"1817.4","smort_custom_pricelist_4":"2796","smort_custom_pricelist_5":"1957.2"},"anvandningsomrade":[],"bilmarken":[],"product_brand":[107],"product_cat":[2966,2539,2660,2164],"product_tag":[],"class_list":{"0":"post-4943","1":"product","2":"type-product","3":"status-publish","4":"has-post-thumbnail","6":"product_brand-optibeam","7":"product_cat-ledramp-rak","8":"product_cat-ledramper","9":"product_cat-optibeam-ledramper","10":"product_cat-optibeam-super-captain","11":"pa_fargtemperatur-1486","12":"pa_fuktskydd-varde-ipxx-ip68","13":"pa_godkannande-r149-r148-r10","14":"pa_godkannande-ref-30","15":"pa_lampsockel-kontakt-dtp-kontakt","16":"pa_storlek-mm-534-x-47-x-65","17":"pa_stromforbrukning-11-00-13-7v","18":"pa_volt-v-9-36","20":"first","21":"instock","22":"taxable","23":"shipping-taxable","24":"purchasable","25":"product-type-simple"},"bundled_by":["9614"],"bundle_stock_status":"instock","bundle_stock_quantity":3,"bundle_virtual":false,"bundle_layout":"","bundle_add_to_cart_form_location":"","bundle_editable_in_cart":false,"bundle_sold_individually_context":"","bundle_item_grouping":"","bundle_min_size":"","bundle_max_size":"","bundle_price":[],"bundled_items":[],"bundle_sell_ids":[],"acf":[],"yoast_head":"<!-- This site is optimized with the Yoast SEO plugin v27.0 - https:\/\/yoast.com\/product\/yoast-seo-wordpress\/ -->\n<title>OPTIBEAM Super Captain ONE 600 - Xenonkungen<\/title>\n<meta name=\"robots\" content=\"index, follow, max-snippet:-1, max-image-preview:large, max-video-preview:-1\" \/>\n<link rel=\"canonical\" href=\"https:\/\/xenonkungen.com\/de\/produkt\/optibeam-super-captain-one-600\/\" \/>\n<meta property=\"og:locale\" content=\"de_DE\" \/>\n<meta property=\"og:type\" content=\"article\" \/>\n<meta property=\"og:title\" content=\"OPTIBEAM Super Captain ONE 600 - Xenonkungen\" \/>\n<meta property=\"og:description\" content=\"Popul\u00e4ra Super Captain serien, har nu ut\u00f6kats med detta stj\u00e4rnskottet Optibeam Super Captain One 600\" \/>\n<meta property=\"og:url\" content=\"https:\/\/xenonkungen.com\/de\/produkt\/optibeam-super-captain-one-600\/\" \/>\n<meta property=\"og:site_name\" content=\"Xenonkungen\" \/>\n<meta property=\"article:modified_time\" content=\"2026-04-24T16:45:13+00:00\" \/>\n<meta property=\"og:image\" content=\"https:\/\/xenonkungen.com\/wp-content\/uploads\/2025\/04\/207502115-origpic-cce5ed.png\" \/>\n\t<meta property=\"og:image:width\" content=\"1000\" \/>\n\t<meta property=\"og:image:height\" content=\"305\" \/>\n\t<meta property=\"og:image:type\" content=\"image\/png\" \/>\n<meta name=\"twitter:card\" content=\"summary_large_image\" \/>\n<meta name=\"twitter:label1\" content=\"Gesch\u00e4tzte Lesezeit\" \/>\n\t<meta name=\"twitter:data1\" content=\"2\u00a0Minuten\" \/>\n<script type=\"application\/ld+json\" class=\"yoast-schema-graph\">{\"@context\":\"https:\/\/schema.org\",\"@graph\":[{\"@type\":\"WebPage\",\"@id\":\"https:\/\/xenonkungen.com\/produkt\/optibeam-super-captain-one-600\/\",\"url\":\"https:\/\/xenonkungen.com\/produkt\/optibeam-super-captain-one-600\/\",\"name\":\"OPTIBEAM Super Captain ONE 600 - Xenonkungen\",\"isPartOf\":{\"@id\":\"https:\/\/xenonkungen.com\/#website\"},\"primaryImageOfPage\":{\"@id\":\"https:\/\/xenonkungen.com\/produkt\/optibeam-super-captain-one-600\/#primaryimage\"},\"image\":{\"@id\":\"https:\/\/xenonkungen.com\/produkt\/optibeam-super-captain-one-600\/#primaryimage\"},\"thumbnailUrl\":\"https:\/\/xenonkungen.com\/wp-content\/uploads\/2025\/04\/207502115-origpic-cce5ed.png\",\"datePublished\":\"2025-04-15T09:20:19+00:00\",\"dateModified\":\"2026-04-24T16:45:13+00:00\",\"breadcrumb\":{\"@id\":\"https:\/\/xenonkungen.com\/produkt\/optibeam-super-captain-one-600\/#breadcrumb\"},\"inLanguage\":\"de\",\"potentialAction\":[{\"@type\":\"ReadAction\",\"target\":[\"https:\/\/xenonkungen.com\/produkt\/optibeam-super-captain-one-600\/\"]}]},{\"@type\":\"ImageObject\",\"inLanguage\":\"de\",\"@id\":\"https:\/\/xenonkungen.com\/produkt\/optibeam-super-captain-one-600\/#primaryimage\",\"url\":\"https:\/\/xenonkungen.com\/wp-content\/uploads\/2025\/04\/207502115-origpic-cce5ed.png\",\"contentUrl\":\"https:\/\/xenonkungen.com\/wp-content\/uploads\/2025\/04\/207502115-origpic-cce5ed.png\",\"width\":1000,\"height\":305},{\"@type\":\"BreadcrumbList\",\"@id\":\"https:\/\/xenonkungen.com\/produkt\/optibeam-super-captain-one-600\/#breadcrumb\",\"itemListElement\":[{\"@type\":\"ListItem\",\"position\":1,\"name\":\"Hem\",\"item\":\"https:\/\/xenonkungen.com\/\"},{\"@type\":\"ListItem\",\"position\":2,\"name\":\"Shop\",\"item\":\"https:\/\/xenonkungen.com\/shop\/\"},{\"@type\":\"ListItem\",\"position\":3,\"name\":\"OPTIBEAM Super Captain ONE 600\"}]},{\"@type\":\"WebSite\",\"@id\":\"https:\/\/xenonkungen.com\/#website\",\"url\":\"https:\/\/xenonkungen.com\/\",\"name\":\"Xenonkungen\",\"description\":\"\",\"potentialAction\":[{\"@type\":\"SearchAction\",\"target\":{\"@type\":\"EntryPoint\",\"urlTemplate\":\"https:\/\/xenonkungen.com\/?s={search_term_string}\"},\"query-input\":{\"@type\":\"PropertyValueSpecification\",\"valueRequired\":true,\"valueName\":\"search_term_string\"}}],\"inLanguage\":\"de\"}]}<\/script>\n<!-- \/ Yoast SEO plugin. -->","yoast_head_json":{"title":"OPTIBEAM Super Captain ONE 600 \u2013 Der Xenon-K\u00f6nig","robots":{"index":"index","follow":"follow","max-snippet":"max-snippet:-1","max-image-preview":"max-image-preview:large","max-video-preview":"max-video-preview:-1"},"canonical":"https:\/\/xenonkungen.com\/de\/produkt\/optibeam-super-captain-one-600\/","og_locale":"de_DE","og_type":"article","og_title":"OPTIBEAM Super Captain ONE 600 - Xenonkungen","og_description":"Popul\u00e4ra Super Captain serien, har nu ut\u00f6kats med detta stj\u00e4rnskottet Optibeam Super Captain One 600","og_url":"https:\/\/xenonkungen.com\/de\/produkt\/optibeam-super-captain-one-600\/","og_site_name":"Xenonkungen","article_modified_time":"2026-04-24T16:45:13+00:00","og_image":[{"width":1000,"height":305,"url":"https:\/\/xenonkungen.com\/wp-content\/uploads\/2025\/04\/207502115-origpic-cce5ed.png","type":"image\/png"}],"twitter_card":"summary_large_image","twitter_misc":{"Gesch\u00e4tzte Lesezeit":"2\u00a0Minuten"},"schema":{"@context":"https:\/\/schema.org","@graph":[{"@type":"WebPage","@id":"https:\/\/xenonkungen.com\/produkt\/optibeam-super-captain-one-600\/","url":"https:\/\/xenonkungen.com\/produkt\/optibeam-super-captain-one-600\/","name":"OPTIBEAM Super Captain ONE 600 \u2013 Der Xenon-K\u00f6nig","isPartOf":{"@id":"https:\/\/xenonkungen.com\/#website"},"primaryImageOfPage":{"@id":"https:\/\/xenonkungen.com\/produkt\/optibeam-super-captain-one-600\/#primaryimage"},"image":{"@id":"https:\/\/xenonkungen.com\/produkt\/optibeam-super-captain-one-600\/#primaryimage"},"thumbnailUrl":"https:\/\/xenonkungen.com\/wp-content\/uploads\/2025\/04\/207502115-origpic-cce5ed.png","datePublished":"2025-04-15T09:20:19+00:00","dateModified":"2026-04-24T16:45:13+00:00","breadcrumb":{"@id":"https:\/\/xenonkungen.com\/produkt\/optibeam-super-captain-one-600\/#breadcrumb"},"inLanguage":"de","potentialAction":[{"@type":"ReadAction","target":["https:\/\/xenonkungen.com\/produkt\/optibeam-super-captain-one-600\/"]}]},{"@type":"ImageObject","inLanguage":"de","@id":"https:\/\/xenonkungen.com\/produkt\/optibeam-super-captain-one-600\/#primaryimage","url":"https:\/\/xenonkungen.com\/wp-content\/uploads\/2025\/04\/207502115-origpic-cce5ed.png","contentUrl":"https:\/\/xenonkungen.com\/wp-content\/uploads\/2025\/04\/207502115-origpic-cce5ed.png","width":1000,"height":305},{"@type":"BreadcrumbList","@id":"https:\/\/xenonkungen.com\/produkt\/optibeam-super-captain-one-600\/#breadcrumb","itemListElement":[{"@type":"ListItem","position":1,"name":"Hem","item":"https:\/\/xenonkungen.com\/"},{"@type":"ListItem","position":2,"name":"Shop","item":"https:\/\/xenonkungen.com\/shop\/"},{"@type":"ListItem","position":3,"name":"OPTIBEAM Super Captain ONE 600"}]},{"@type":"WebSite","@id":"https:\/\/xenonkungen.com\/#website","url":"https:\/\/xenonkungen.com\/","name":"Xenonkungen","description":"","potentialAction":[{"@type":"SearchAction","target":{"@type":"EntryPoint","urlTemplate":"https:\/\/xenonkungen.com\/?s={search_term_string}"},"query-input":{"@type":"PropertyValueSpecification","valueRequired":true,"valueName":"search_term_string"}}],"inLanguage":"de"}]}},"taxonomy_info":{"product_brand":[{"value":107,"label":"Optibeam"}],"product_cat":[{"value":2966,"label":"Ledramp Rak"},{"value":2539,"label":"LEDRAMPER"},{"value":2660,"label":"Optibeam"},{"value":2164,"label":"OPTIBEAM Super Captain"}],"pa_fargtemperatur":[{"value":1486,"label":"5000"}],"pa_fuktskydd-varde-ipxx":[{"value":177,"label":"IP68"}],"pa_godkannande":[{"value":1523,"label":"R149, R148, R10"},{"value":1490,"label":"Ref. 30"}],"pa_lampsockel-kontakt":[{"value":1522,"label":"DTP-kontakt"}],"pa_storlek-mm":[{"value":1520,"label":"534 x 47 x 65"}],"pa_stromforbrukning":[{"value":1521,"label":"11.00 @ 13.7V"}],"pa_volt-v":[{"value":1444,"label":"9-36"}]},"featured_image_src_large":["https:\/\/xenonkungen.com\/wp-content\/uploads\/2025\/04\/207502115-origpic-cce5ed.png",1000,305,false],"author_info":[],"comment_info":0,"_links":{"self":[{"href":"https:\/\/xenonkungen.com\/de\/wp-json\/wp\/v2\/product\/4943","targetHints":{"allow":["GET"]}}],"collection":[{"href":"https:\/\/xenonkungen.com\/de\/wp-json\/wp\/v2\/product"}],"about":[{"href":"https:\/\/xenonkungen.com\/de\/wp-json\/wp\/v2\/types\/product"}],"replies":[{"embeddable":true,"href":"https:\/\/xenonkungen.com\/de\/wp-json\/wp\/v2\/comments?post=4943"}],"wp:featuredmedia":[{"embeddable":true,"href":"https:\/\/xenonkungen.com\/de\/wp-json\/wp\/v2\/media\/4944"}],"wp:attachment":[{"href":"https:\/\/xenonkungen.com\/de\/wp-json\/wp\/v2\/media?parent=4943"}],"wp:term":[{"taxonomy":"anvandningsomrade","embeddable":true,"href":"https:\/\/xenonkungen.com\/de\/wp-json\/wp\/v2\/anvandningsomrade?post=4943"},{"taxonomy":"bilmarken","embeddable":true,"href":"https:\/\/xenonkungen.com\/de\/wp-json\/wp\/v2\/bilmarken?post=4943"},{"taxonomy":"product_brand","embeddable":true,"href":"https:\/\/xenonkungen.com\/de\/wp-json\/wp\/v2\/product_brand?post=4943"},{"taxonomy":"product_cat","embeddable":true,"href":"https:\/\/xenonkungen.com\/de\/wp-json\/wp\/v2\/product_cat?post=4943"},{"taxonomy":"product_tag","embeddable":true,"href":"https:\/\/xenonkungen.com\/de\/wp-json\/wp\/v2\/product_tag?post=4943"}],"curies":[{"name":"wp","href":"https:\/\/api.w.org\/{rel}","templated":true}]}}