{"id":4977,"date":"2025-04-15T09:21:10","date_gmt":"2025-04-15T09:21:10","guid":{"rendered":"https:\/\/xenonkungen.com\/product\/optibeam-super-captain-dual-1000-curved\/"},"modified":"2026-04-24T17:45:19","modified_gmt":"2026-04-24T16:45:19","slug":"optibeam-super-captain-dual-1000-curved","status":"publish","type":"product","link":"https:\/\/xenonkungen.com\/de\/produkt\/optibeam-super-captain-dual-1000-curved\/","title":{"rendered":"OPTIBEAM Super Captain Dual 1000 gebogen"},"content":{"rendered":"<section class=\"product-description\">\n<h1>Optibeam Super Captain Dual 1000 \u2013 die LED-Lichtleiste, die Beleuchtung auf ein neues Niveau hebt!<\/h1>\n<p>Stelle dich der Dunkelheit mit <strong>Optibeam Super Captain Dual 1000<\/strong> \u2013 Eine beeindruckende LED-Lichtleiste, die kraftvolle und zuverl\u00e4ssige Ausleuchtung bietet, egal ob Sie auf Landstra\u00dfen, durch den Wald oder in unwegsamem Gel\u00e4nde unterwegs sind. Entwickelt, um h\u00f6chsten Anspr\u00fcchen an Leistung und Design gerecht zu werden, ist dies die ultimative Beleuchtungsl\u00f6sung f\u00fcr alle, die keine Kompromisse eingehen wollen.<\/p>\n<h2>Warum sollten Sie sich f\u00fcr Optibeam Super Captain Dual 1000 entscheiden?<\/h2>\n<ul>\n<li><strong>\u00dcberragende Helligkeit:<\/strong> Mit einer Lichtst\u00e4rke von sage und schreibe 42.000 Lumen und einer Reichweite von 1 Lux auf 858 Meter erhalten Sie ein Lichtbild, das die Dunkelheit durchdringt und Ihnen die volle Kontrolle \u00fcber Ihre Umgebung gibt.<\/li>\n<li><strong>Flexible Positionsleuchten:<\/strong> Passen Sie die Beleuchtung Ihrem Stil und Ihren Bed\u00fcrfnissen mit effektvollen Positionsleuchten in Wei\u00df oder Orange an \u2013 perfekt f\u00fcr Funktion und \u00c4sthetik.<\/li>\n<li><strong>Robust und vielseitig:<\/strong> Es ist f\u00fcr den Einsatz in allen Fahrzeugen mit einem Spannungsbereich von 9-36V geeignet und somit ideal f\u00fcr Pkw, Lkw und Nutzfahrzeuge.<\/li>\n<li><strong>Qualit\u00e4t, die Bestand hat:<\/strong> Ausgestattet mit 48 Hochleistungs-LED-Leuchten, die so konstruiert sind, dass sie rauen Wetterbedingungen standhalten und Ihnen \u00fcber lange Zeit maximale Zuverl\u00e4ssigkeit bieten.<\/li>\n<\/ul>\n<h2>Kraft trifft auf Stil<\/h2>\n<p>Das geschwungene Design sorgt nicht nur f\u00fcr eine optimale Lichtverteilung, sondern verleiht Ihrem Fahrzeug auch einen modernen und stilvollen Look. Die Optibeam Super Captain Dual 1000 ist mehr als nur eine Lichtleiste \u2013 sie ist ein Statement.<\/p>\n<p><strong>Technisch<\/strong><\/p>\n<\/section>","protected":false},"excerpt":{"rendered":"<p>Optibeam Super Captain Dual 1000 \u2013 LED-ljusrampen som tar belysning till en ny niv\u00e5! Ta dig an m\u00f6rkret med Optibeam Super Captain Dual 1000 \u2013 en imponerande LED-ljusramp som levererar kraftfull och p\u00e5litlig belysning oavsett om du k\u00f6r p\u00e5 landsv\u00e4gar, genom skogen eller i tuff terr\u00e4ng. Designad f\u00f6r att m\u00f6ta de h\u00f6gsta kraven p\u00e5 prestanda [&hellip;]<\/p>","protected":false},"featured_media":4978,"comment_status":"closed","ping_status":"closed","template":"","meta":{"_acf_changed":false,"_smort_price_nok":"6804","_smort_price_dkk":"4322","_smort_price_eur":"579.06","_smort_sale_price_nok":"","_smort_sale_price_dkk":"","_smort_sale_price_eur":"","smort_restorder":"","shipmondo_restorder":"","_kad_blocks_custom_css":"","_kad_blocks_head_custom_js":"","_kad_blocks_body_custom_js":"","_kad_blocks_footer_custom_js":"","smort_custom_pricelist_1":"4076.8","smort_custom_pricelist_2":"4076.8","smort_custom_pricelist_3":"4076.8","smort_custom_pricelist_4":"5096","smort_custom_pricelist_5":"4076.8"},"anvandningsomrade":[],"bilmarken":[],"product_brand":[107],"product_cat":[2967,2539,2660,2164],"product_tag":[],"class_list":{"0":"post-4977","1":"product","2":"type-product","3":"status-publish","4":"has-post-thumbnail","6":"product_brand-optibeam","7":"product_cat-ledramp-curved","8":"product_cat-ledramper","9":"product_cat-optibeam-ledramper","10":"product_cat-optibeam-super-captain","11":"pa_fargtemperatur-1486","12":"pa_fuktskydd-varde-ipxx-ip68","13":"pa_godkannande-e-godkand-r148-r149-r10-ref-40","14":"pa_lampsockel-kontakt-open-wire","15":"pa_storlek-mm-1010-x-685-x-80","16":"pa_stromforbrukning-3942a-137v","17":"pa_volt-v-9-36","19":"first","20":"onbackorder","21":"taxable","22":"shipping-taxable","23":"purchasable","24":"product-type-simple"},"bundled_by":[],"bundle_stock_status":"onbackorder","bundle_stock_quantity":0,"bundle_virtual":false,"bundle_layout":"","bundle_add_to_cart_form_location":"","bundle_editable_in_cart":false,"bundle_sold_individually_context":"","bundle_item_grouping":"","bundle_min_size":"","bundle_max_size":"","bundle_price":[],"bundled_items":[],"bundle_sell_ids":[],"acf":[],"yoast_head":"<!-- This site is optimized with the Yoast SEO plugin v27.0 - https:\/\/yoast.com\/product\/yoast-seo-wordpress\/ -->\n<title>OPTIBEAM Super Captain Dual 1000 Curved - Xenonkungen<\/title>\n<meta name=\"robots\" content=\"index, follow, max-snippet:-1, max-image-preview:large, max-video-preview:-1\" \/>\n<link rel=\"canonical\" href=\"https:\/\/xenonkungen.com\/de\/produkt\/optibeam-super-captain-dual-1000-curved\/\" \/>\n<meta property=\"og:locale\" content=\"de_DE\" \/>\n<meta property=\"og:type\" content=\"article\" \/>\n<meta property=\"og:title\" content=\"OPTIBEAM Super Captain Dual 1000 Curved - Xenonkungen\" \/>\n<meta property=\"og:description\" content=\"Optibeam Super Captain Dual 1000 \u2013 LED-ljusrampen som tar belysning till en ny niv\u00e5! Ta dig an m\u00f6rkret med Optibeam Super Captain Dual 1000 \u2013 en imponerande LED-ljusramp som levererar kraftfull och p\u00e5litlig belysning oavsett om du k\u00f6r p\u00e5 landsv\u00e4gar, genom skogen eller i tuff terr\u00e4ng. Designad f\u00f6r att m\u00f6ta de h\u00f6gsta kraven p\u00e5 prestanda [&hellip;]\" \/>\n<meta property=\"og:url\" content=\"https:\/\/xenonkungen.com\/de\/produkt\/optibeam-super-captain-dual-1000-curved\/\" \/>\n<meta property=\"og:site_name\" content=\"Xenonkungen\" \/>\n<meta property=\"article:modified_time\" content=\"2026-04-24T16:45:19+00:00\" \/>\n<meta property=\"og:image\" content=\"https:\/\/xenonkungen.com\/wp-content\/uploads\/2025\/04\/216526105-origpic-5f705b.webp\" \/>\n\t<meta property=\"og:image:width\" content=\"1500\" \/>\n\t<meta property=\"og:image:height\" content=\"1500\" \/>\n\t<meta property=\"og:image:type\" content=\"image\/webp\" \/>\n<meta name=\"twitter:card\" content=\"summary_large_image\" \/>\n<meta name=\"twitter:label1\" content=\"Gesch\u00e4tzte Lesezeit\" \/>\n\t<meta name=\"twitter:data1\" content=\"2\u00a0Minuten\" \/>\n<script type=\"application\/ld+json\" class=\"yoast-schema-graph\">{\"@context\":\"https:\/\/schema.org\",\"@graph\":[{\"@type\":\"WebPage\",\"@id\":\"https:\/\/xenonkungen.com\/produkt\/optibeam-super-captain-dual-1000-curved\/\",\"url\":\"https:\/\/xenonkungen.com\/produkt\/optibeam-super-captain-dual-1000-curved\/\",\"name\":\"OPTIBEAM Super Captain Dual 1000 Curved - Xenonkungen\",\"isPartOf\":{\"@id\":\"https:\/\/xenonkungen.com\/#website\"},\"primaryImageOfPage\":{\"@id\":\"https:\/\/xenonkungen.com\/produkt\/optibeam-super-captain-dual-1000-curved\/#primaryimage\"},\"image\":{\"@id\":\"https:\/\/xenonkungen.com\/produkt\/optibeam-super-captain-dual-1000-curved\/#primaryimage\"},\"thumbnailUrl\":\"https:\/\/xenonkungen.com\/wp-content\/uploads\/2025\/04\/216526105-origpic-5f705b.webp\",\"datePublished\":\"2025-04-15T09:21:10+00:00\",\"dateModified\":\"2026-04-24T16:45:19+00:00\",\"breadcrumb\":{\"@id\":\"https:\/\/xenonkungen.com\/produkt\/optibeam-super-captain-dual-1000-curved\/#breadcrumb\"},\"inLanguage\":\"de\",\"potentialAction\":[{\"@type\":\"ReadAction\",\"target\":[\"https:\/\/xenonkungen.com\/produkt\/optibeam-super-captain-dual-1000-curved\/\"]}]},{\"@type\":\"ImageObject\",\"inLanguage\":\"de\",\"@id\":\"https:\/\/xenonkungen.com\/produkt\/optibeam-super-captain-dual-1000-curved\/#primaryimage\",\"url\":\"https:\/\/xenonkungen.com\/wp-content\/uploads\/2025\/04\/216526105-origpic-5f705b.webp\",\"contentUrl\":\"https:\/\/xenonkungen.com\/wp-content\/uploads\/2025\/04\/216526105-origpic-5f705b.webp\",\"width\":1500,\"height\":1500},{\"@type\":\"BreadcrumbList\",\"@id\":\"https:\/\/xenonkungen.com\/produkt\/optibeam-super-captain-dual-1000-curved\/#breadcrumb\",\"itemListElement\":[{\"@type\":\"ListItem\",\"position\":1,\"name\":\"Hem\",\"item\":\"https:\/\/xenonkungen.com\/\"},{\"@type\":\"ListItem\",\"position\":2,\"name\":\"Shop\",\"item\":\"https:\/\/xenonkungen.com\/shop\/\"},{\"@type\":\"ListItem\",\"position\":3,\"name\":\"OPTIBEAM Super Captain Dual 1000 Curved\"}]},{\"@type\":\"WebSite\",\"@id\":\"https:\/\/xenonkungen.com\/#website\",\"url\":\"https:\/\/xenonkungen.com\/\",\"name\":\"Xenonkungen\",\"description\":\"\",\"potentialAction\":[{\"@type\":\"SearchAction\",\"target\":{\"@type\":\"EntryPoint\",\"urlTemplate\":\"https:\/\/xenonkungen.com\/?s={search_term_string}\"},\"query-input\":{\"@type\":\"PropertyValueSpecification\",\"valueRequired\":true,\"valueName\":\"search_term_string\"}}],\"inLanguage\":\"de\"}]}<\/script>\n<!-- \/ Yoast SEO plugin. -->","yoast_head_json":{"title":"OPTIBEAM Super Captain Dual 1000 Curved \u2013 Der Xenon-K\u00f6nig","robots":{"index":"index","follow":"follow","max-snippet":"max-snippet:-1","max-image-preview":"max-image-preview:large","max-video-preview":"max-video-preview:-1"},"canonical":"https:\/\/xenonkungen.com\/de\/produkt\/optibeam-super-captain-dual-1000-curved\/","og_locale":"de_DE","og_type":"article","og_title":"OPTIBEAM Super Captain Dual 1000 Curved - Xenonkungen","og_description":"Optibeam Super Captain Dual 1000 \u2013 LED-ljusrampen som tar belysning till en ny niv\u00e5! Ta dig an m\u00f6rkret med Optibeam Super Captain Dual 1000 \u2013 en imponerande LED-ljusramp som levererar kraftfull och p\u00e5litlig belysning oavsett om du k\u00f6r p\u00e5 landsv\u00e4gar, genom skogen eller i tuff terr\u00e4ng. Designad f\u00f6r att m\u00f6ta de h\u00f6gsta kraven p\u00e5 prestanda [&hellip;]","og_url":"https:\/\/xenonkungen.com\/de\/produkt\/optibeam-super-captain-dual-1000-curved\/","og_site_name":"Xenonkungen","article_modified_time":"2026-04-24T16:45:19+00:00","og_image":[{"width":1500,"height":1500,"url":"https:\/\/xenonkungen.com\/wp-content\/uploads\/2025\/04\/216526105-origpic-5f705b.webp","type":"image\/webp"}],"twitter_card":"summary_large_image","twitter_misc":{"Gesch\u00e4tzte Lesezeit":"2\u00a0Minuten"},"schema":{"@context":"https:\/\/schema.org","@graph":[{"@type":"WebPage","@id":"https:\/\/xenonkungen.com\/produkt\/optibeam-super-captain-dual-1000-curved\/","url":"https:\/\/xenonkungen.com\/produkt\/optibeam-super-captain-dual-1000-curved\/","name":"OPTIBEAM Super Captain Dual 1000 Curved \u2013 Der Xenon-K\u00f6nig","isPartOf":{"@id":"https:\/\/xenonkungen.com\/#website"},"primaryImageOfPage":{"@id":"https:\/\/xenonkungen.com\/produkt\/optibeam-super-captain-dual-1000-curved\/#primaryimage"},"image":{"@id":"https:\/\/xenonkungen.com\/produkt\/optibeam-super-captain-dual-1000-curved\/#primaryimage"},"thumbnailUrl":"https:\/\/xenonkungen.com\/wp-content\/uploads\/2025\/04\/216526105-origpic-5f705b.webp","datePublished":"2025-04-15T09:21:10+00:00","dateModified":"2026-04-24T16:45:19+00:00","breadcrumb":{"@id":"https:\/\/xenonkungen.com\/produkt\/optibeam-super-captain-dual-1000-curved\/#breadcrumb"},"inLanguage":"de","potentialAction":[{"@type":"ReadAction","target":["https:\/\/xenonkungen.com\/produkt\/optibeam-super-captain-dual-1000-curved\/"]}]},{"@type":"ImageObject","inLanguage":"de","@id":"https:\/\/xenonkungen.com\/produkt\/optibeam-super-captain-dual-1000-curved\/#primaryimage","url":"https:\/\/xenonkungen.com\/wp-content\/uploads\/2025\/04\/216526105-origpic-5f705b.webp","contentUrl":"https:\/\/xenonkungen.com\/wp-content\/uploads\/2025\/04\/216526105-origpic-5f705b.webp","width":1500,"height":1500},{"@type":"BreadcrumbList","@id":"https:\/\/xenonkungen.com\/produkt\/optibeam-super-captain-dual-1000-curved\/#breadcrumb","itemListElement":[{"@type":"ListItem","position":1,"name":"Hem","item":"https:\/\/xenonkungen.com\/"},{"@type":"ListItem","position":2,"name":"Shop","item":"https:\/\/xenonkungen.com\/shop\/"},{"@type":"ListItem","position":3,"name":"OPTIBEAM Super Captain Dual 1000 Curved"}]},{"@type":"WebSite","@id":"https:\/\/xenonkungen.com\/#website","url":"https:\/\/xenonkungen.com\/","name":"Xenonkungen","description":"","potentialAction":[{"@type":"SearchAction","target":{"@type":"EntryPoint","urlTemplate":"https:\/\/xenonkungen.com\/?s={search_term_string}"},"query-input":{"@type":"PropertyValueSpecification","valueRequired":true,"valueName":"search_term_string"}}],"inLanguage":"de"}]}},"taxonomy_info":{"product_brand":[{"value":107,"label":"Optibeam"}],"product_cat":[{"value":2967,"label":"Ledramp Curved"},{"value":2539,"label":"LEDRAMPER"},{"value":2660,"label":"Optibeam"},{"value":2164,"label":"OPTIBEAM Super Captain"}],"pa_fargtemperatur":[{"value":1486,"label":"5000"}],"pa_fuktskydd-varde-ipxx":[{"value":177,"label":"IP68"}],"pa_godkannande":[{"value":1532,"label":"E-godk\u00e4nd (R148, R149, R10) ref.40"}],"pa_lampsockel-kontakt":[{"value":324,"label":"Open Wire"}],"pa_storlek-mm":[{"value":1530,"label":"1010 x 68,5 x 80"}],"pa_stromforbrukning":[{"value":1531,"label":"39,42A @13,7V"}],"pa_volt-v":[{"value":1444,"label":"9-36"}]},"featured_image_src_large":["https:\/\/xenonkungen.com\/wp-content\/uploads\/2025\/04\/216526105-origpic-5f705b-1024x1024.webp",1024,1024,true],"author_info":[],"comment_info":0,"_links":{"self":[{"href":"https:\/\/xenonkungen.com\/de\/wp-json\/wp\/v2\/product\/4977","targetHints":{"allow":["GET"]}}],"collection":[{"href":"https:\/\/xenonkungen.com\/de\/wp-json\/wp\/v2\/product"}],"about":[{"href":"https:\/\/xenonkungen.com\/de\/wp-json\/wp\/v2\/types\/product"}],"replies":[{"embeddable":true,"href":"https:\/\/xenonkungen.com\/de\/wp-json\/wp\/v2\/comments?post=4977"}],"wp:featuredmedia":[{"embeddable":true,"href":"https:\/\/xenonkungen.com\/de\/wp-json\/wp\/v2\/media\/4978"}],"wp:attachment":[{"href":"https:\/\/xenonkungen.com\/de\/wp-json\/wp\/v2\/media?parent=4977"}],"wp:term":[{"taxonomy":"anvandningsomrade","embeddable":true,"href":"https:\/\/xenonkungen.com\/de\/wp-json\/wp\/v2\/anvandningsomrade?post=4977"},{"taxonomy":"bilmarken","embeddable":true,"href":"https:\/\/xenonkungen.com\/de\/wp-json\/wp\/v2\/bilmarken?post=4977"},{"taxonomy":"product_brand","embeddable":true,"href":"https:\/\/xenonkungen.com\/de\/wp-json\/wp\/v2\/product_brand?post=4977"},{"taxonomy":"product_cat","embeddable":true,"href":"https:\/\/xenonkungen.com\/de\/wp-json\/wp\/v2\/product_cat?post=4977"},{"taxonomy":"product_tag","embeddable":true,"href":"https:\/\/xenonkungen.com\/de\/wp-json\/wp\/v2\/product_tag?post=4977"}],"curies":[{"name":"wp","href":"https:\/\/api.w.org\/{rel}","templated":true}]}}