{"id":5003,"date":"2025-04-15T09:21:28","date_gmt":"2025-04-15T09:21:28","guid":{"rendered":"https:\/\/xenonkungen.com\/product\/x-vision-ledramp-genesis-ii-120w-combo-vit\/"},"modified":"2026-04-24T17:45:30","modified_gmt":"2026-04-24T16:45:30","slug":"x-vision-led-ramp-genesis-ii-120w-combo-weis","status":"publish","type":"product","link":"https:\/\/xenonkungen.com\/de\/produkt\/x-vision-led-ramp-genesis-ii-120w-combo-weis\/","title":{"rendered":"X-Vision LEDramp Genesis II 120W Combo WEISS"},"content":{"rendered":"<h1>X-Vision LED-Zusatzscheinwerfer \u2013 St\u00e4rke und Stil in perfekter Kombination<\/h1>\n<p>Die LED-Zusatzscheinwerfer von X-Vision vereinen herausragende Leistung und ansprechendes Design. Dank gerader und gebogener Ausf\u00fchrungen bieten sie Ihnen maximale Flexibilit\u00e4t bei Design und Installation. Ob Sie einen k\u00fcrzeren 300-mm- oder einen l\u00e4ngeren 1300-mm-Scheinwerfer ben\u00f6tigen \u2013 X-Vision hat die passende L\u00f6sung f\u00fcr Ihre Bed\u00fcrfnisse.<\/p>\n<p>Eine der beeindruckenden Funktionen einiger X-Vision LED-Zusatzscheinwerfer ist die Double-Up-Funktion. Damit l\u00e4sst sich die Leistung und Helligkeit des Zusatzscheinwerfers erh\u00f6hen, um die Sichtverh\u00e4ltnisse weiter zu verbessern. Dies ist ideal f\u00fcr extreme Bedingungen oder wenn zus\u00e4tzliche Beleuchtung ben\u00f6tigt wird.<\/p>\n<p>Die LED-Zusatzscheinwerfer von X-Vision sind mit allen Fahrzeugtypen kompatibel. Egal ob Pkw, Lkw, SUV, ATV oder anderes Fahrzeug \u2013 mit X-Vision haben Sie die n\u00f6tige Beleuchtung, um jedes Gel\u00e4nde sicher zu bew\u00e4ltigen.<\/p>\n<p>Mit einer 2- bis 5-j\u00e4hrigen Garantie (modellabh\u00e4ngig) k\u00f6nnen Sie sich darauf verlassen, dass X-Vision hinter seinen Produkten und deren Leistung steht. Dar\u00fcber hinaus bietet X-Vision ein umfangreiches Sortiment an Montagezubeh\u00f6r, darunter Halterungen f\u00fcr zus\u00e4tzliche Leuchten, um die Installation zu vereinfachen und zu optimieren.<\/p>","protected":false},"excerpt":{"rendered":"<p>X-Vision Led Extraljusramper &#8211; Styrka och Stil i Perfekt Kombination X-Vision Led Extraljusramper erbjuder enast\u00e5ende prestanda och stil i en och samma produkt. Med raka och b\u00f6jda modeller ger dessa extraljusramper dig flexibilitet n\u00e4r det g\u00e4ller design och montering. Oavsett om du beh\u00f6ver en kortare ramp p\u00e5 300 mm eller en l\u00e4ngre ramp p\u00e5 1300 [&hellip;]<\/p>","protected":false},"featured_media":5004,"comment_status":"closed","ping_status":"open","template":"","meta":{"_acf_changed":false,"_smort_price_nok":"4166","_smort_price_dkk":"2646","_smort_price_eur":"354.53","_smort_sale_price_nok":"","_smort_sale_price_dkk":"","_smort_sale_price_eur":"","smort_restorder":"","shipmondo_restorder":"","_kad_blocks_custom_css":"","_kad_blocks_head_custom_js":"","_kad_blocks_body_custom_js":"","_kad_blocks_footer_custom_js":"","smort_custom_pricelist_1":"2496","smort_custom_pricelist_2":"2184","smort_custom_pricelist_3":"2074.8","smort_custom_pricelist_4":"3120","smort_custom_pricelist_5":"2184"},"anvandningsomrade":[],"bilmarken":[],"product_brand":[116],"product_cat":[2966,2539,2660],"product_tag":[],"class_list":{"0":"post-5003","1":"product","2":"type-product","3":"status-publish","4":"has-post-thumbnail","6":"product_brand-x-vision","7":"product_cat-ledramp-rak","8":"product_cat-ledramper","9":"product_cat-optibeam-ledramper","10":"pa_fargtemperatur-1544","11":"pa_fuktskydd-varde-ipxx-ip68","12":"pa_godkannande-e-godkand-r112-r10-ref-50","13":"pa_lampsockel-kontakt-4-pin-dtp-kontakt","14":"pa_ljusbild-combo","15":"pa_storlek-mm-548x92x72","16":"pa_volt-v-9-36","18":"first","19":"onbackorder","20":"taxable","21":"shipping-taxable","22":"purchasable","23":"product-type-simple"},"bundled_by":[],"bundle_stock_status":"onbackorder","bundle_stock_quantity":0,"bundle_virtual":false,"bundle_layout":"","bundle_add_to_cart_form_location":"","bundle_editable_in_cart":false,"bundle_sold_individually_context":"","bundle_item_grouping":"","bundle_min_size":"","bundle_max_size":"","bundle_price":[],"bundled_items":[],"bundle_sell_ids":[],"acf":[],"yoast_head":"<!-- This site is optimized with the Yoast SEO plugin v27.0 - https:\/\/yoast.com\/product\/yoast-seo-wordpress\/ -->\n<title>X-Vision LEDramp Genesis II 120W Combo VIT - Xenonkungen<\/title>\n<meta name=\"robots\" content=\"index, follow, max-snippet:-1, max-image-preview:large, max-video-preview:-1\" \/>\n<link rel=\"canonical\" href=\"https:\/\/xenonkungen.com\/de\/produkt\/x-vision-led-ramp-genesis-ii-120w-combo-weis\/\" \/>\n<meta property=\"og:locale\" content=\"de_DE\" \/>\n<meta property=\"og:type\" content=\"article\" \/>\n<meta property=\"og:title\" content=\"X-Vision LEDramp Genesis II 120W Combo VIT - Xenonkungen\" \/>\n<meta property=\"og:description\" content=\"X-Vision Led Extraljusramper &#8211; Styrka och Stil i Perfekt Kombination X-Vision Led Extraljusramper erbjuder enast\u00e5ende prestanda och stil i en och samma produkt. Med raka och b\u00f6jda modeller ger dessa extraljusramper dig flexibilitet n\u00e4r det g\u00e4ller design och montering. Oavsett om du beh\u00f6ver en kortare ramp p\u00e5 300 mm eller en l\u00e4ngre ramp p\u00e5 1300 [&hellip;]\" \/>\n<meta property=\"og:url\" content=\"https:\/\/xenonkungen.com\/de\/produkt\/x-vision-led-ramp-genesis-ii-120w-combo-weis\/\" \/>\n<meta property=\"og:site_name\" content=\"Xenonkungen\" \/>\n<meta property=\"article:modified_time\" content=\"2026-04-24T16:45:30+00:00\" \/>\n<meta property=\"og:image\" content=\"https:\/\/xenonkungen.com\/wp-content\/uploads\/2025\/04\/204076269-origpic-4bae54.png\" \/>\n\t<meta property=\"og:image:width\" content=\"1600\" \/>\n\t<meta property=\"og:image:height\" content=\"1200\" \/>\n\t<meta property=\"og:image:type\" content=\"image\/png\" \/>\n<meta name=\"twitter:card\" content=\"summary_large_image\" \/>\n<meta name=\"twitter:label1\" content=\"Gesch\u00e4tzte Lesezeit\" \/>\n\t<meta name=\"twitter:data1\" content=\"1\u00a0Minute\" \/>\n<script type=\"application\/ld+json\" class=\"yoast-schema-graph\">{\"@context\":\"https:\/\/schema.org\",\"@graph\":[{\"@type\":\"WebPage\",\"@id\":\"https:\/\/xenonkungen.com\/produkt\/x-vision-ledramp-genesis-ii-120w-combo-vit\/\",\"url\":\"https:\/\/xenonkungen.com\/produkt\/x-vision-ledramp-genesis-ii-120w-combo-vit\/\",\"name\":\"X-Vision LEDramp Genesis II 120W Combo VIT - Xenonkungen\",\"isPartOf\":{\"@id\":\"https:\/\/xenonkungen.com\/#website\"},\"primaryImageOfPage\":{\"@id\":\"https:\/\/xenonkungen.com\/produkt\/x-vision-ledramp-genesis-ii-120w-combo-vit\/#primaryimage\"},\"image\":{\"@id\":\"https:\/\/xenonkungen.com\/produkt\/x-vision-ledramp-genesis-ii-120w-combo-vit\/#primaryimage\"},\"thumbnailUrl\":\"https:\/\/xenonkungen.com\/wp-content\/uploads\/2025\/04\/204076269-origpic-4bae54.png\",\"datePublished\":\"2025-04-15T09:21:28+00:00\",\"dateModified\":\"2026-04-24T16:45:30+00:00\",\"breadcrumb\":{\"@id\":\"https:\/\/xenonkungen.com\/produkt\/x-vision-ledramp-genesis-ii-120w-combo-vit\/#breadcrumb\"},\"inLanguage\":\"de\",\"potentialAction\":[{\"@type\":\"ReadAction\",\"target\":[\"https:\/\/xenonkungen.com\/produkt\/x-vision-ledramp-genesis-ii-120w-combo-vit\/\"]}]},{\"@type\":\"ImageObject\",\"inLanguage\":\"de\",\"@id\":\"https:\/\/xenonkungen.com\/produkt\/x-vision-ledramp-genesis-ii-120w-combo-vit\/#primaryimage\",\"url\":\"https:\/\/xenonkungen.com\/wp-content\/uploads\/2025\/04\/204076269-origpic-4bae54.png\",\"contentUrl\":\"https:\/\/xenonkungen.com\/wp-content\/uploads\/2025\/04\/204076269-origpic-4bae54.png\",\"width\":1600,\"height\":1200},{\"@type\":\"BreadcrumbList\",\"@id\":\"https:\/\/xenonkungen.com\/produkt\/x-vision-ledramp-genesis-ii-120w-combo-vit\/#breadcrumb\",\"itemListElement\":[{\"@type\":\"ListItem\",\"position\":1,\"name\":\"Hem\",\"item\":\"https:\/\/xenonkungen.com\/\"},{\"@type\":\"ListItem\",\"position\":2,\"name\":\"Shop\",\"item\":\"https:\/\/xenonkungen.com\/shop\/\"},{\"@type\":\"ListItem\",\"position\":3,\"name\":\"X-Vision LEDramp Genesis II 120W Combo VIT\"}]},{\"@type\":\"WebSite\",\"@id\":\"https:\/\/xenonkungen.com\/#website\",\"url\":\"https:\/\/xenonkungen.com\/\",\"name\":\"Xenonkungen\",\"description\":\"\",\"potentialAction\":[{\"@type\":\"SearchAction\",\"target\":{\"@type\":\"EntryPoint\",\"urlTemplate\":\"https:\/\/xenonkungen.com\/?s={search_term_string}\"},\"query-input\":{\"@type\":\"PropertyValueSpecification\",\"valueRequired\":true,\"valueName\":\"search_term_string\"}}],\"inLanguage\":\"de\"}]}<\/script>\n<!-- \/ Yoast SEO plugin. -->","yoast_head_json":{"title":"X-Vision LED-Rampe Genesis II 120W Combo WEISS - Der Xenon-K\u00f6nig","robots":{"index":"index","follow":"follow","max-snippet":"max-snippet:-1","max-image-preview":"max-image-preview:large","max-video-preview":"max-video-preview:-1"},"canonical":"https:\/\/xenonkungen.com\/de\/produkt\/x-vision-led-ramp-genesis-ii-120w-combo-weis\/","og_locale":"de_DE","og_type":"article","og_title":"X-Vision LEDramp Genesis II 120W Combo VIT - Xenonkungen","og_description":"X-Vision Led Extraljusramper &#8211; Styrka och Stil i Perfekt Kombination X-Vision Led Extraljusramper erbjuder enast\u00e5ende prestanda och stil i en och samma produkt. Med raka och b\u00f6jda modeller ger dessa extraljusramper dig flexibilitet n\u00e4r det g\u00e4ller design och montering. Oavsett om du beh\u00f6ver en kortare ramp p\u00e5 300 mm eller en l\u00e4ngre ramp p\u00e5 1300 [&hellip;]","og_url":"https:\/\/xenonkungen.com\/de\/produkt\/x-vision-led-ramp-genesis-ii-120w-combo-weis\/","og_site_name":"Xenonkungen","article_modified_time":"2026-04-24T16:45:30+00:00","og_image":[{"width":1600,"height":1200,"url":"https:\/\/xenonkungen.com\/wp-content\/uploads\/2025\/04\/204076269-origpic-4bae54.png","type":"image\/png"}],"twitter_card":"summary_large_image","twitter_misc":{"Gesch\u00e4tzte Lesezeit":"1\u00a0Minute"},"schema":{"@context":"https:\/\/schema.org","@graph":[{"@type":"WebPage","@id":"https:\/\/xenonkungen.com\/produkt\/x-vision-ledramp-genesis-ii-120w-combo-vit\/","url":"https:\/\/xenonkungen.com\/produkt\/x-vision-ledramp-genesis-ii-120w-combo-vit\/","name":"X-Vision LED-Rampe Genesis II 120W Combo WEISS - Der Xenon-K\u00f6nig","isPartOf":{"@id":"https:\/\/xenonkungen.com\/#website"},"primaryImageOfPage":{"@id":"https:\/\/xenonkungen.com\/produkt\/x-vision-ledramp-genesis-ii-120w-combo-vit\/#primaryimage"},"image":{"@id":"https:\/\/xenonkungen.com\/produkt\/x-vision-ledramp-genesis-ii-120w-combo-vit\/#primaryimage"},"thumbnailUrl":"https:\/\/xenonkungen.com\/wp-content\/uploads\/2025\/04\/204076269-origpic-4bae54.png","datePublished":"2025-04-15T09:21:28+00:00","dateModified":"2026-04-24T16:45:30+00:00","breadcrumb":{"@id":"https:\/\/xenonkungen.com\/produkt\/x-vision-ledramp-genesis-ii-120w-combo-vit\/#breadcrumb"},"inLanguage":"de","potentialAction":[{"@type":"ReadAction","target":["https:\/\/xenonkungen.com\/produkt\/x-vision-ledramp-genesis-ii-120w-combo-vit\/"]}]},{"@type":"ImageObject","inLanguage":"de","@id":"https:\/\/xenonkungen.com\/produkt\/x-vision-ledramp-genesis-ii-120w-combo-vit\/#primaryimage","url":"https:\/\/xenonkungen.com\/wp-content\/uploads\/2025\/04\/204076269-origpic-4bae54.png","contentUrl":"https:\/\/xenonkungen.com\/wp-content\/uploads\/2025\/04\/204076269-origpic-4bae54.png","width":1600,"height":1200},{"@type":"BreadcrumbList","@id":"https:\/\/xenonkungen.com\/produkt\/x-vision-ledramp-genesis-ii-120w-combo-vit\/#breadcrumb","itemListElement":[{"@type":"ListItem","position":1,"name":"Hem","item":"https:\/\/xenonkungen.com\/"},{"@type":"ListItem","position":2,"name":"Shop","item":"https:\/\/xenonkungen.com\/shop\/"},{"@type":"ListItem","position":3,"name":"X-Vision LEDramp Genesis II 120W Combo VIT"}]},{"@type":"WebSite","@id":"https:\/\/xenonkungen.com\/#website","url":"https:\/\/xenonkungen.com\/","name":"Xenonkungen","description":"","potentialAction":[{"@type":"SearchAction","target":{"@type":"EntryPoint","urlTemplate":"https:\/\/xenonkungen.com\/?s={search_term_string}"},"query-input":{"@type":"PropertyValueSpecification","valueRequired":true,"valueName":"search_term_string"}}],"inLanguage":"de"}]}},"taxonomy_info":{"product_brand":[{"value":116,"label":"X-Vision"}],"product_cat":[{"value":2966,"label":"Ledramp Rak"},{"value":2539,"label":"LEDRAMPER"},{"value":2660,"label":"Optibeam"}],"pa_fargtemperatur":[{"value":1544,"label":"4500"}],"pa_fuktskydd-varde-ipxx":[{"value":177,"label":"IP68"}],"pa_godkannande":[{"value":1503,"label":"E-godk\u00e4nd (R112, R10,) ref.50"}],"pa_lampsockel-kontakt":[{"value":1545,"label":"4-pin DTP-kontakt"}],"pa_ljusbild":[{"value":804,"label":"Combo"}],"pa_storlek-mm":[{"value":1543,"label":"548x92x72"}],"pa_volt-v":[{"value":1444,"label":"9-36"}]},"featured_image_src_large":["https:\/\/xenonkungen.com\/wp-content\/uploads\/2025\/04\/204076269-origpic-4bae54-1024x768.png",1024,768,true],"author_info":[],"comment_info":0,"_links":{"self":[{"href":"https:\/\/xenonkungen.com\/de\/wp-json\/wp\/v2\/product\/5003","targetHints":{"allow":["GET"]}}],"collection":[{"href":"https:\/\/xenonkungen.com\/de\/wp-json\/wp\/v2\/product"}],"about":[{"href":"https:\/\/xenonkungen.com\/de\/wp-json\/wp\/v2\/types\/product"}],"replies":[{"embeddable":true,"href":"https:\/\/xenonkungen.com\/de\/wp-json\/wp\/v2\/comments?post=5003"}],"wp:featuredmedia":[{"embeddable":true,"href":"https:\/\/xenonkungen.com\/de\/wp-json\/wp\/v2\/media\/5004"}],"wp:attachment":[{"href":"https:\/\/xenonkungen.com\/de\/wp-json\/wp\/v2\/media?parent=5003"}],"wp:term":[{"taxonomy":"anvandningsomrade","embeddable":true,"href":"https:\/\/xenonkungen.com\/de\/wp-json\/wp\/v2\/anvandningsomrade?post=5003"},{"taxonomy":"bilmarken","embeddable":true,"href":"https:\/\/xenonkungen.com\/de\/wp-json\/wp\/v2\/bilmarken?post=5003"},{"taxonomy":"product_brand","embeddable":true,"href":"https:\/\/xenonkungen.com\/de\/wp-json\/wp\/v2\/product_brand?post=5003"},{"taxonomy":"product_cat","embeddable":true,"href":"https:\/\/xenonkungen.com\/de\/wp-json\/wp\/v2\/product_cat?post=5003"},{"taxonomy":"product_tag","embeddable":true,"href":"https:\/\/xenonkungen.com\/de\/wp-json\/wp\/v2\/product_tag?post=5003"}],"curies":[{"name":"wp","href":"https:\/\/api.w.org\/{rel}","templated":true}]}}