{"id":5005,"date":"2025-04-15T09:21:35","date_gmt":"2025-04-15T09:21:35","guid":{"rendered":"https:\/\/xenonkungen.com\/product\/x-vision-ledramp-genesis-ii-120w-spot\/"},"modified":"2026-04-24T17:45:31","modified_gmt":"2026-04-24T16:45:31","slug":"x-vision-led-ramp-genesis-ii-120w-spot","status":"publish","type":"product","link":"https:\/\/xenonkungen.com\/de\/produkt\/x-vision-led-ramp-genesis-ii-120w-spot\/","title":{"rendered":"X-Vision LEDramp Genesis II 120W Scheinwerfer"},"content":{"rendered":"<h1>X-Vision LED-Lichtleiste \u2013 Au\u00dfergew\u00f6hnlich leistungsstark und effizient<\/h1>\n<h2>Fokussiertes Lichtbild mit 4700 lm Lichtstrom<\/h2>\n<p>X-Vision setzt mit seiner 120-W-LED-Lichtleiste neue Ma\u00dfst\u00e4be in der Fahrzeugbeleuchtung. Dank ihres fokussierten Lichtkegels (\u201eSpot\u201c) liefert diese Lichtleiste einen Lichtstrom von 4700 lm. Der kraftvolle Lichtstrahl durchdringt die Dunkelheit und verbessert die Sichtverh\u00e4ltnisse bei Nacht oder schlechten Lichtverh\u00e4ltnissen deutlich. Die Lichtleiste ist kompakt und formsch\u00f6n (548 mm L\u00e4nge, 72 mm H\u00f6he, 92 mm Tiefe) und l\u00e4sst sich daher problemlos an den meisten Fahrzeugen montieren. Sie arbeitet mit einer Spannung von 9 bis 36 V und ist somit sowohl mit 12-V- als auch mit 24-V-Systemen kompatibel.<\/p>","protected":false},"excerpt":{"rendered":"<p>X-Vision LED-Ljusramp &#8211; Exceptionellt Stark och Effektiv Fokuserad Ljusbild med 4700lm Ljusfl\u00f6de X-Vision tar fordonsbelysningen till n\u00e4sta niv\u00e5 med sin 120W LED-ljusramp. Med en koncentrerad str\u00e5lbild (&#8221;spot&#8221;), levererar denna ljusramp ett ljusfl\u00f6de p\u00e5 hela 4700 lm. Den kraftfulla ljusstr\u00e5len sk\u00e4r igenom m\u00f6rkret och f\u00f6rb\u00e4ttrar synligheten markant under nattk\u00f6rning eller i d\u00e5liga ljusf\u00f6rh\u00e5llanden. Ljusrampen \u00e4r kompakt [&hellip;]<\/p>","protected":false},"featured_media":5006,"comment_status":"closed","ping_status":"open","template":"","meta":{"_acf_changed":false,"_smort_price_nok":"3204","_smort_price_dkk":"2036","_smort_price_eur":"272.71","_smort_sale_price_nok":"","_smort_sale_price_dkk":"","_smort_sale_price_eur":"","smort_restorder":"","shipmondo_restorder":"","_kad_blocks_custom_css":"","_kad_blocks_head_custom_js":"","_kad_blocks_body_custom_js":"","_kad_blocks_footer_custom_js":"","smort_custom_pricelist_1":"1920","smort_custom_pricelist_2":"1680","smort_custom_pricelist_3":"1596","smort_custom_pricelist_4":"2400","smort_custom_pricelist_5":"1680"},"anvandningsomrade":[],"bilmarken":[],"product_brand":[116],"product_cat":[2966,2539,2660],"product_tag":[],"class_list":{"0":"post-5005","1":"product","2":"type-product","3":"status-publish","4":"has-post-thumbnail","6":"product_brand-x-vision","7":"product_cat-ledramp-rak","8":"product_cat-ledramper","9":"product_cat-optibeam-ledramper","10":"pa_led-chips-effekt-w-310","11":"pa_storlek-mm-548x72x92","12":"pa_volt-v-9-36","14":"first","15":"onbackorder","16":"taxable","17":"shipping-taxable","18":"purchasable","19":"product-type-simple"},"bundled_by":[],"bundle_stock_status":"onbackorder","bundle_stock_quantity":0,"bundle_virtual":false,"bundle_layout":"","bundle_add_to_cart_form_location":"","bundle_editable_in_cart":false,"bundle_sold_individually_context":"","bundle_item_grouping":"","bundle_min_size":"","bundle_max_size":"","bundle_price":[],"bundled_items":[],"bundle_sell_ids":[],"acf":[],"yoast_head":"<!-- This site is optimized with the Yoast SEO plugin v27.0 - https:\/\/yoast.com\/product\/yoast-seo-wordpress\/ -->\n<title>X-Vision LEDramp Genesis II 120W Spot - Xenonkungen<\/title>\n<meta name=\"robots\" content=\"index, follow, max-snippet:-1, max-image-preview:large, max-video-preview:-1\" \/>\n<link rel=\"canonical\" href=\"https:\/\/xenonkungen.com\/de\/produkt\/x-vision-led-ramp-genesis-ii-120w-spot\/\" \/>\n<meta property=\"og:locale\" content=\"de_DE\" \/>\n<meta property=\"og:type\" content=\"article\" \/>\n<meta property=\"og:title\" content=\"X-Vision LEDramp Genesis II 120W Spot - Xenonkungen\" \/>\n<meta property=\"og:description\" content=\"X-Vision LED-Ljusramp &#8211; Exceptionellt Stark och Effektiv Fokuserad Ljusbild med 4700lm Ljusfl\u00f6de X-Vision tar fordonsbelysningen till n\u00e4sta niv\u00e5 med sin 120W LED-ljusramp. Med en koncentrerad str\u00e5lbild (&#8221;spot&#8221;), levererar denna ljusramp ett ljusfl\u00f6de p\u00e5 hela 4700 lm. Den kraftfulla ljusstr\u00e5len sk\u00e4r igenom m\u00f6rkret och f\u00f6rb\u00e4ttrar synligheten markant under nattk\u00f6rning eller i d\u00e5liga ljusf\u00f6rh\u00e5llanden. Ljusrampen \u00e4r kompakt [&hellip;]\" \/>\n<meta property=\"og:url\" content=\"https:\/\/xenonkungen.com\/de\/produkt\/x-vision-led-ramp-genesis-ii-120w-spot\/\" \/>\n<meta property=\"og:site_name\" content=\"Xenonkungen\" \/>\n<meta property=\"article:modified_time\" content=\"2026-04-24T16:45:31+00:00\" \/>\n<meta property=\"og:image\" content=\"https:\/\/xenonkungen.com\/wp-content\/uploads\/2025\/04\/204076271-origpic-416de8.jpg\" \/>\n\t<meta property=\"og:image:width\" content=\"400\" \/>\n\t<meta property=\"og:image:height\" content=\"300\" \/>\n\t<meta property=\"og:image:type\" content=\"image\/jpeg\" \/>\n<meta name=\"twitter:card\" content=\"summary_large_image\" \/>\n<meta name=\"twitter:label1\" content=\"Gesch\u00e4tzte Lesezeit\" \/>\n\t<meta name=\"twitter:data1\" content=\"1\u00a0Minute\" \/>\n<script type=\"application\/ld+json\" class=\"yoast-schema-graph\">{\"@context\":\"https:\/\/schema.org\",\"@graph\":[{\"@type\":\"WebPage\",\"@id\":\"https:\/\/xenonkungen.com\/dk\/vare\/x-vision-led-rampe-genesis-ii-120w-spot\/\",\"url\":\"https:\/\/xenonkungen.com\/dk\/vare\/x-vision-led-rampe-genesis-ii-120w-spot\/\",\"name\":\"X-Vision LEDramp Genesis II 120W Spot - Xenonkungen\",\"isPartOf\":{\"@id\":\"https:\/\/xenonkungen.com\/#website\"},\"primaryImageOfPage\":{\"@id\":\"https:\/\/xenonkungen.com\/dk\/vare\/x-vision-led-rampe-genesis-ii-120w-spot\/#primaryimage\"},\"image\":{\"@id\":\"https:\/\/xenonkungen.com\/dk\/vare\/x-vision-led-rampe-genesis-ii-120w-spot\/#primaryimage\"},\"thumbnailUrl\":\"https:\/\/xenonkungen.com\/wp-content\/uploads\/2025\/04\/204076271-origpic-416de8.jpg\",\"datePublished\":\"2025-04-15T09:21:35+00:00\",\"dateModified\":\"2026-04-24T16:45:31+00:00\",\"breadcrumb\":{\"@id\":\"https:\/\/xenonkungen.com\/dk\/vare\/x-vision-led-rampe-genesis-ii-120w-spot\/#breadcrumb\"},\"inLanguage\":\"de\",\"potentialAction\":[{\"@type\":\"ReadAction\",\"target\":[\"https:\/\/xenonkungen.com\/dk\/vare\/x-vision-led-rampe-genesis-ii-120w-spot\/\"]}]},{\"@type\":\"ImageObject\",\"inLanguage\":\"de\",\"@id\":\"https:\/\/xenonkungen.com\/dk\/vare\/x-vision-led-rampe-genesis-ii-120w-spot\/#primaryimage\",\"url\":\"https:\/\/xenonkungen.com\/wp-content\/uploads\/2025\/04\/204076271-origpic-416de8.jpg\",\"contentUrl\":\"https:\/\/xenonkungen.com\/wp-content\/uploads\/2025\/04\/204076271-origpic-416de8.jpg\",\"width\":400,\"height\":300},{\"@type\":\"BreadcrumbList\",\"@id\":\"https:\/\/xenonkungen.com\/dk\/vare\/x-vision-led-rampe-genesis-ii-120w-spot\/#breadcrumb\",\"itemListElement\":[{\"@type\":\"ListItem\",\"position\":1,\"name\":\"Hem\",\"item\":\"https:\/\/xenonkungen.com\/\"},{\"@type\":\"ListItem\",\"position\":2,\"name\":\"Shop\",\"item\":\"https:\/\/xenonkungen.com\/shop\/\"},{\"@type\":\"ListItem\",\"position\":3,\"name\":\"X-Vision LEDramp Genesis II 120W Spot\"}]},{\"@type\":\"WebSite\",\"@id\":\"https:\/\/xenonkungen.com\/#website\",\"url\":\"https:\/\/xenonkungen.com\/\",\"name\":\"Xenonkungen\",\"description\":\"\",\"potentialAction\":[{\"@type\":\"SearchAction\",\"target\":{\"@type\":\"EntryPoint\",\"urlTemplate\":\"https:\/\/xenonkungen.com\/?s={search_term_string}\"},\"query-input\":{\"@type\":\"PropertyValueSpecification\",\"valueRequired\":true,\"valueName\":\"search_term_string\"}}],\"inLanguage\":\"de\"}]}<\/script>\n<!-- \/ Yoast SEO plugin. -->","yoast_head_json":{"title":"X-Vision LEDramp Genesis II 120W Spot \u2013 Der Xenon-K\u00f6nig","robots":{"index":"index","follow":"follow","max-snippet":"max-snippet:-1","max-image-preview":"max-image-preview:large","max-video-preview":"max-video-preview:-1"},"canonical":"https:\/\/xenonkungen.com\/de\/produkt\/x-vision-led-ramp-genesis-ii-120w-spot\/","og_locale":"de_DE","og_type":"article","og_title":"X-Vision LEDramp Genesis II 120W Spot - Xenonkungen","og_description":"X-Vision LED-Ljusramp &#8211; Exceptionellt Stark och Effektiv Fokuserad Ljusbild med 4700lm Ljusfl\u00f6de X-Vision tar fordonsbelysningen till n\u00e4sta niv\u00e5 med sin 120W LED-ljusramp. Med en koncentrerad str\u00e5lbild (&#8221;spot&#8221;), levererar denna ljusramp ett ljusfl\u00f6de p\u00e5 hela 4700 lm. Den kraftfulla ljusstr\u00e5len sk\u00e4r igenom m\u00f6rkret och f\u00f6rb\u00e4ttrar synligheten markant under nattk\u00f6rning eller i d\u00e5liga ljusf\u00f6rh\u00e5llanden. Ljusrampen \u00e4r kompakt [&hellip;]","og_url":"https:\/\/xenonkungen.com\/de\/produkt\/x-vision-led-ramp-genesis-ii-120w-spot\/","og_site_name":"Xenonkungen","article_modified_time":"2026-04-24T16:45:31+00:00","og_image":[{"width":400,"height":300,"url":"https:\/\/xenonkungen.com\/wp-content\/uploads\/2025\/04\/204076271-origpic-416de8.jpg","type":"image\/jpeg"}],"twitter_card":"summary_large_image","twitter_misc":{"Gesch\u00e4tzte Lesezeit":"1\u00a0Minute"},"schema":{"@context":"https:\/\/schema.org","@graph":[{"@type":"WebPage","@id":"https:\/\/xenonkungen.com\/dk\/vare\/x-vision-led-rampe-genesis-ii-120w-spot\/","url":"https:\/\/xenonkungen.com\/dk\/vare\/x-vision-led-rampe-genesis-ii-120w-spot\/","name":"X-Vision LEDramp Genesis II 120W Spot \u2013 Der Xenon-K\u00f6nig","isPartOf":{"@id":"https:\/\/xenonkungen.com\/#website"},"primaryImageOfPage":{"@id":"https:\/\/xenonkungen.com\/dk\/vare\/x-vision-led-rampe-genesis-ii-120w-spot\/#primaryimage"},"image":{"@id":"https:\/\/xenonkungen.com\/dk\/vare\/x-vision-led-rampe-genesis-ii-120w-spot\/#primaryimage"},"thumbnailUrl":"https:\/\/xenonkungen.com\/wp-content\/uploads\/2025\/04\/204076271-origpic-416de8.jpg","datePublished":"2025-04-15T09:21:35+00:00","dateModified":"2026-04-24T16:45:31+00:00","breadcrumb":{"@id":"https:\/\/xenonkungen.com\/dk\/vare\/x-vision-led-rampe-genesis-ii-120w-spot\/#breadcrumb"},"inLanguage":"de","potentialAction":[{"@type":"ReadAction","target":["https:\/\/xenonkungen.com\/dk\/vare\/x-vision-led-rampe-genesis-ii-120w-spot\/"]}]},{"@type":"ImageObject","inLanguage":"de","@id":"https:\/\/xenonkungen.com\/dk\/vare\/x-vision-led-rampe-genesis-ii-120w-spot\/#primaryimage","url":"https:\/\/xenonkungen.com\/wp-content\/uploads\/2025\/04\/204076271-origpic-416de8.jpg","contentUrl":"https:\/\/xenonkungen.com\/wp-content\/uploads\/2025\/04\/204076271-origpic-416de8.jpg","width":400,"height":300},{"@type":"BreadcrumbList","@id":"https:\/\/xenonkungen.com\/dk\/vare\/x-vision-led-rampe-genesis-ii-120w-spot\/#breadcrumb","itemListElement":[{"@type":"ListItem","position":1,"name":"Hem","item":"https:\/\/xenonkungen.com\/"},{"@type":"ListItem","position":2,"name":"Shop","item":"https:\/\/xenonkungen.com\/shop\/"},{"@type":"ListItem","position":3,"name":"X-Vision LEDramp Genesis II 120W Spot"}]},{"@type":"WebSite","@id":"https:\/\/xenonkungen.com\/#website","url":"https:\/\/xenonkungen.com\/","name":"Xenonkungen","description":"","potentialAction":[{"@type":"SearchAction","target":{"@type":"EntryPoint","urlTemplate":"https:\/\/xenonkungen.com\/?s={search_term_string}"},"query-input":{"@type":"PropertyValueSpecification","valueRequired":true,"valueName":"search_term_string"}}],"inLanguage":"de"}]}},"taxonomy_info":{"product_brand":[{"value":116,"label":"X-Vision"}],"product_cat":[{"value":2966,"label":"Ledramp Rak"},{"value":2539,"label":"LEDRAMPER"},{"value":2660,"label":"Optibeam"}],"pa_led-chips-effekt-w":[{"value":310,"label":"120"}],"pa_storlek-mm":[{"value":1542,"label":"548x72x92"}],"pa_volt-v":[{"value":1444,"label":"9-36"}]},"featured_image_src_large":["https:\/\/xenonkungen.com\/wp-content\/uploads\/2025\/04\/204076271-origpic-416de8.jpg",400,300,false],"author_info":[],"comment_info":0,"_links":{"self":[{"href":"https:\/\/xenonkungen.com\/de\/wp-json\/wp\/v2\/product\/5005","targetHints":{"allow":["GET"]}}],"collection":[{"href":"https:\/\/xenonkungen.com\/de\/wp-json\/wp\/v2\/product"}],"about":[{"href":"https:\/\/xenonkungen.com\/de\/wp-json\/wp\/v2\/types\/product"}],"replies":[{"embeddable":true,"href":"https:\/\/xenonkungen.com\/de\/wp-json\/wp\/v2\/comments?post=5005"}],"wp:featuredmedia":[{"embeddable":true,"href":"https:\/\/xenonkungen.com\/de\/wp-json\/wp\/v2\/media\/5006"}],"wp:attachment":[{"href":"https:\/\/xenonkungen.com\/de\/wp-json\/wp\/v2\/media?parent=5005"}],"wp:term":[{"taxonomy":"anvandningsomrade","embeddable":true,"href":"https:\/\/xenonkungen.com\/de\/wp-json\/wp\/v2\/anvandningsomrade?post=5005"},{"taxonomy":"bilmarken","embeddable":true,"href":"https:\/\/xenonkungen.com\/de\/wp-json\/wp\/v2\/bilmarken?post=5005"},{"taxonomy":"product_brand","embeddable":true,"href":"https:\/\/xenonkungen.com\/de\/wp-json\/wp\/v2\/product_brand?post=5005"},{"taxonomy":"product_cat","embeddable":true,"href":"https:\/\/xenonkungen.com\/de\/wp-json\/wp\/v2\/product_cat?post=5005"},{"taxonomy":"product_tag","embeddable":true,"href":"https:\/\/xenonkungen.com\/de\/wp-json\/wp\/v2\/product_tag?post=5005"}],"curies":[{"name":"wp","href":"https:\/\/api.w.org\/{rel}","templated":true}]}}