{"id":5055,"date":"2025-04-15T09:21:47","date_gmt":"2025-04-15T09:21:47","guid":{"rendered":"https:\/\/xenonkungen.com\/product\/kabelsats-for-1st-ljus-dt-300w-12v\/"},"modified":"2026-03-04T16:45:27","modified_gmt":"2026-03-04T15:45:27","slug":"kabelsatz-fur-1-lampe-dt-300w-12v","status":"publish","type":"product","link":"https:\/\/xenonkungen.com\/de\/produkt\/kabelsatz-fur-1-lampe-dt-300w-12v\/","title":{"rendered":"Kabelsatz f\u00fcr 1. Leuchte DT 300W, 12V"},"content":{"rendered":"<h1>Verkabelungssatz mit DT-Stecker f\u00fcr 1 Leuchte<\/h1>\n<p>Dieses hochwertige Kabelset erm\u00f6glicht den einfachen Anschluss und die Stromversorgung von Zusatzscheinwerfern oder LED-Lichtleisten und ist somit ideal f\u00fcr Fahrzeuge, die eine verbesserte Beleuchtung ben\u00f6tigen. Ausgestattet mit einem HD-DT-Stecker gew\u00e4hrleistet dieses Set eine stabile und zuverl\u00e4ssige Verbindung zu Ihrem Beleuchtungssystem.<\/p>\n<p>Dank seiner robusten Bauweise und benutzerfreundlichen Gestaltung ist dieses Kabelset die perfekte Wahl f\u00fcr alle, die ihr Fahrzeug mit leistungsstarken Zusatzscheinwerfern oder einer LED-Lichtleiste ausstatten m\u00f6chten. Die 15-A-Sicherung und das 40-A-Relais gew\u00e4hrleisten einen sicheren und effizienten Betrieb Ihrer Beleuchtungsanlage, w\u00e4hrend die gro\u00dfz\u00fcgige Kabell\u00e4nge und der praktische Ein-\/Ausschalter die Installation und Bedienung einfach und komfortabel gestalten.<\/p>","protected":false},"excerpt":{"rendered":"<p>\u201eHolen Sie die maximale Leistung aus Ihrer Leuchte heraus mit unserem hochwertigen Kabelset f\u00fcr 1 Leuchte DT 300W, 12V!\u201c<br \/>\nUnser Verkabelungsset wurde speziell f\u00fcr eine problemlose und zuverl\u00e4ssige Verbindung Ihrer Leuchte entwickelt. Mit einer Leistung von 300 W und einer Spannung von 12 V erhalten Sie garantiert hervorragende Helligkeit und Performance.<br \/>\nDank der einfachen Installation k\u00f6nnen Sie Ihre Lampe schnell und unkompliziert an die Stromversorgung anschlie\u00dfen und schon k\u00f6nnen Sie die Welt erleuchten.<\/p>","protected":false},"featured_media":5056,"comment_status":"closed","ping_status":"closed","template":"","meta":{"_acf_changed":false,"_smort_price_nok":"373","_smort_price_dkk":"237","_smort_price_eur":"31.73","_smort_sale_price_nok":"","_smort_sale_price_dkk":"","_smort_sale_price_eur":"23.79","smort_restorder":"","shipmondo_restorder":"","_kad_blocks_custom_css":"","_kad_blocks_head_custom_js":"","_kad_blocks_body_custom_js":"","_kad_blocks_footer_custom_js":"","smort_custom_pricelist_1":"223.36","smort_custom_pricelist_2":"195.44","smort_custom_pricelist_3":"181.48","smort_custom_pricelist_4":"279.2","smort_custom_pricelist_5":"223.36"},"anvandningsomrade":[],"bilmarken":[],"product_brand":[],"product_cat":[2841,2828,2488,2491,2489,2490,390],"product_tag":[],"class_list":{"0":"post-5055","1":"product","2":"type-product","3":"status-publish","4":"has-post-thumbnail","6":"product_cat-installation-extraljus","7":"product_cat-installation-led-ramper","8":"product_cat-relasats-arbetsbelysning","9":"product_cat-relasats","10":"product_cat-relasats-extraljus","11":"product_cat-relasats-2","12":"product_cat-installation","13":"pa_lampsockel-kontakt-hd-dt","14":"pa_storlek-mm-1571","16":"first","17":"instock","18":"taxable","19":"shipping-taxable","20":"purchasable","21":"product-type-simple"},"bundled_by":[],"bundle_stock_status":"instock","bundle_stock_quantity":90,"bundle_virtual":false,"bundle_layout":"","bundle_add_to_cart_form_location":"","bundle_editable_in_cart":false,"bundle_sold_individually_context":"","bundle_item_grouping":"","bundle_min_size":"","bundle_max_size":"","bundle_price":[],"bundled_items":[],"bundle_sell_ids":[],"acf":[],"yoast_head":"<!-- This site is optimized with the Yoast SEO plugin v27.0 - https:\/\/yoast.com\/product\/yoast-seo-wordpress\/ -->\n<title>Kabelsats f\u00f6r 1st ljus DT 300W, 12V - Xenonkungen<\/title>\n<meta name=\"robots\" content=\"index, follow, max-snippet:-1, max-image-preview:large, max-video-preview:-1\" \/>\n<link rel=\"canonical\" href=\"http:\/\/xenonkungen.com\/de\/produkt\/kabelsatz-fur-1-lampe-dt-300w-12v\/\" \/>\n<meta property=\"og:locale\" content=\"de_DE\" \/>\n<meta property=\"og:type\" content=\"article\" \/>\n<meta property=\"og:title\" content=\"Kabelsats f\u00f6r 1st ljus DT 300W, 12V - Xenonkungen\" \/>\n<meta property=\"og:description\" content=\"&quot;F\u00e5 maximal prestanda f\u00f6r ditt ljus med v\u00e5r h\u00f6gkvalitativa Kabelsats f\u00f6r 1st ljus DT 300W, 12V! V\u00e5r kabelsats \u00e4r speciellt utformad f\u00f6r att ge dig en problemfri och tillf\u00f6rlitlig anslutning f\u00f6r ditt ljus. Med en kraftfull 300W effekt och 12V sp\u00e4nning, kan du vara s\u00e4ker p\u00e5 att f\u00e5 enast\u00e5ende ljusstyrka och prestanda. Med enkel installation kan du snabbt och smidigt ansluta ditt ljus till str\u00f6mf\u00f6rs\u00f6rjningen och vara redo att lysa upp v\u00e4rlden.\" \/>\n<meta property=\"og:url\" content=\"http:\/\/xenonkungen.com\/de\/produkt\/kabelsatz-fur-1-lampe-dt-300w-12v\/\" \/>\n<meta property=\"og:site_name\" content=\"Xenonkungen\" \/>\n<meta property=\"article:modified_time\" content=\"2026-03-04T15:45:27+00:00\" \/>\n<meta property=\"og:image\" content=\"https:\/\/xenonkungen.com\/wp-content\/uploads\/2025\/04\/208135941-origpic-0c3474.png\" \/>\n\t<meta property=\"og:image:width\" content=\"1000\" \/>\n\t<meta property=\"og:image:height\" content=\"754\" \/>\n\t<meta property=\"og:image:type\" content=\"image\/png\" \/>\n<meta name=\"twitter:card\" content=\"summary_large_image\" \/>\n<meta name=\"twitter:label1\" content=\"Gesch\u00e4tzte Lesezeit\" \/>\n\t<meta name=\"twitter:data1\" content=\"1\u00a0Minute\" \/>\n<script type=\"application\/ld+json\" class=\"yoast-schema-graph\">{\"@context\":\"https:\/\/schema.org\",\"@graph\":[{\"@type\":\"WebPage\",\"@id\":\"http:\/\/xenonkungen.com\/no\/produkt\/kabelsats-for-1st-ljus-dt-300w-12v\/\",\"url\":\"http:\/\/xenonkungen.com\/no\/produkt\/kabelsats-for-1st-ljus-dt-300w-12v\/\",\"name\":\"Kabelsats f\u00f6r 1st ljus DT 300W, 12V - Xenonkungen\",\"isPartOf\":{\"@id\":\"https:\/\/xenonkungen.com\/#website\"},\"primaryImageOfPage\":{\"@id\":\"http:\/\/xenonkungen.com\/no\/produkt\/kabelsats-for-1st-ljus-dt-300w-12v\/#primaryimage\"},\"image\":{\"@id\":\"http:\/\/xenonkungen.com\/no\/produkt\/kabelsats-for-1st-ljus-dt-300w-12v\/#primaryimage\"},\"thumbnailUrl\":\"https:\/\/xenonkungen.com\/wp-content\/uploads\/2025\/04\/208135941-origpic-0c3474.png\",\"datePublished\":\"2025-04-15T09:21:47+00:00\",\"dateModified\":\"2026-03-04T15:45:27+00:00\",\"breadcrumb\":{\"@id\":\"http:\/\/xenonkungen.com\/no\/produkt\/kabelsats-for-1st-ljus-dt-300w-12v\/#breadcrumb\"},\"inLanguage\":\"de\",\"potentialAction\":[{\"@type\":\"ReadAction\",\"target\":[\"http:\/\/xenonkungen.com\/no\/produkt\/kabelsats-for-1st-ljus-dt-300w-12v\/\"]}]},{\"@type\":\"ImageObject\",\"inLanguage\":\"de\",\"@id\":\"http:\/\/xenonkungen.com\/no\/produkt\/kabelsats-for-1st-ljus-dt-300w-12v\/#primaryimage\",\"url\":\"https:\/\/xenonkungen.com\/wp-content\/uploads\/2025\/04\/208135941-origpic-0c3474.png\",\"contentUrl\":\"https:\/\/xenonkungen.com\/wp-content\/uploads\/2025\/04\/208135941-origpic-0c3474.png\",\"width\":1000,\"height\":754},{\"@type\":\"BreadcrumbList\",\"@id\":\"http:\/\/xenonkungen.com\/no\/produkt\/kabelsats-for-1st-ljus-dt-300w-12v\/#breadcrumb\",\"itemListElement\":[{\"@type\":\"ListItem\",\"position\":1,\"name\":\"Hem\",\"item\":\"https:\/\/xenonkungen.com\/\"},{\"@type\":\"ListItem\",\"position\":2,\"name\":\"Shop\",\"item\":\"https:\/\/xenonkungen.com\/shop\/\"},{\"@type\":\"ListItem\",\"position\":3,\"name\":\"Kabelsats f\u00f6r 1st ljus DT 300W, 12V\"}]},{\"@type\":\"WebSite\",\"@id\":\"https:\/\/xenonkungen.com\/#website\",\"url\":\"https:\/\/xenonkungen.com\/\",\"name\":\"Xenonkungen\",\"description\":\"\",\"potentialAction\":[{\"@type\":\"SearchAction\",\"target\":{\"@type\":\"EntryPoint\",\"urlTemplate\":\"https:\/\/xenonkungen.com\/?s={search_term_string}\"},\"query-input\":{\"@type\":\"PropertyValueSpecification\",\"valueRequired\":true,\"valueName\":\"search_term_string\"}}],\"inLanguage\":\"de\"}]}<\/script>\n<!-- \/ Yoast SEO plugin. -->","yoast_head_json":{"title":"Kabelsatz f\u00fcr 1 Leuchte DT 300W, 12V - Xenonkungen","robots":{"index":"index","follow":"follow","max-snippet":"max-snippet:-1","max-image-preview":"max-image-preview:large","max-video-preview":"max-video-preview:-1"},"canonical":"http:\/\/xenonkungen.com\/de\/produkt\/kabelsatz-fur-1-lampe-dt-300w-12v\/","og_locale":"de_DE","og_type":"article","og_title":"Kabelsats f\u00f6r 1st ljus DT 300W, 12V - Xenonkungen","og_description":"\"F\u00e5 maximal prestanda f\u00f6r ditt ljus med v\u00e5r h\u00f6gkvalitativa Kabelsats f\u00f6r 1st ljus DT 300W, 12V! V\u00e5r kabelsats \u00e4r speciellt utformad f\u00f6r att ge dig en problemfri och tillf\u00f6rlitlig anslutning f\u00f6r ditt ljus. Med en kraftfull 300W effekt och 12V sp\u00e4nning, kan du vara s\u00e4ker p\u00e5 att f\u00e5 enast\u00e5ende ljusstyrka och prestanda. Med enkel installation kan du snabbt och smidigt ansluta ditt ljus till str\u00f6mf\u00f6rs\u00f6rjningen och vara redo att lysa upp v\u00e4rlden.","og_url":"http:\/\/xenonkungen.com\/de\/produkt\/kabelsatz-fur-1-lampe-dt-300w-12v\/","og_site_name":"Xenonkungen","article_modified_time":"2026-03-04T15:45:27+00:00","og_image":[{"width":1000,"height":754,"url":"https:\/\/xenonkungen.com\/wp-content\/uploads\/2025\/04\/208135941-origpic-0c3474.png","type":"image\/png"}],"twitter_card":"summary_large_image","twitter_misc":{"Gesch\u00e4tzte Lesezeit":"1\u00a0Minute"},"schema":{"@context":"https:\/\/schema.org","@graph":[{"@type":"WebPage","@id":"http:\/\/xenonkungen.com\/no\/produkt\/kabelsats-for-1st-ljus-dt-300w-12v\/","url":"http:\/\/xenonkungen.com\/no\/produkt\/kabelsats-for-1st-ljus-dt-300w-12v\/","name":"Kabelsatz f\u00fcr 1 Leuchte DT 300W, 12V - Xenonkungen","isPartOf":{"@id":"https:\/\/xenonkungen.com\/#website"},"primaryImageOfPage":{"@id":"http:\/\/xenonkungen.com\/no\/produkt\/kabelsats-for-1st-ljus-dt-300w-12v\/#primaryimage"},"image":{"@id":"http:\/\/xenonkungen.com\/no\/produkt\/kabelsats-for-1st-ljus-dt-300w-12v\/#primaryimage"},"thumbnailUrl":"https:\/\/xenonkungen.com\/wp-content\/uploads\/2025\/04\/208135941-origpic-0c3474.png","datePublished":"2025-04-15T09:21:47+00:00","dateModified":"2026-03-04T15:45:27+00:00","breadcrumb":{"@id":"http:\/\/xenonkungen.com\/no\/produkt\/kabelsats-for-1st-ljus-dt-300w-12v\/#breadcrumb"},"inLanguage":"de","potentialAction":[{"@type":"ReadAction","target":["http:\/\/xenonkungen.com\/no\/produkt\/kabelsats-for-1st-ljus-dt-300w-12v\/"]}]},{"@type":"ImageObject","inLanguage":"de","@id":"http:\/\/xenonkungen.com\/no\/produkt\/kabelsats-for-1st-ljus-dt-300w-12v\/#primaryimage","url":"https:\/\/xenonkungen.com\/wp-content\/uploads\/2025\/04\/208135941-origpic-0c3474.png","contentUrl":"https:\/\/xenonkungen.com\/wp-content\/uploads\/2025\/04\/208135941-origpic-0c3474.png","width":1000,"height":754},{"@type":"BreadcrumbList","@id":"http:\/\/xenonkungen.com\/no\/produkt\/kabelsats-for-1st-ljus-dt-300w-12v\/#breadcrumb","itemListElement":[{"@type":"ListItem","position":1,"name":"Hem","item":"https:\/\/xenonkungen.com\/"},{"@type":"ListItem","position":2,"name":"Shop","item":"https:\/\/xenonkungen.com\/shop\/"},{"@type":"ListItem","position":3,"name":"Kabelsats f\u00f6r 1st ljus DT 300W, 12V"}]},{"@type":"WebSite","@id":"https:\/\/xenonkungen.com\/#website","url":"https:\/\/xenonkungen.com\/","name":"Xenonkungen","description":"","potentialAction":[{"@type":"SearchAction","target":{"@type":"EntryPoint","urlTemplate":"https:\/\/xenonkungen.com\/?s={search_term_string}"},"query-input":{"@type":"PropertyValueSpecification","valueRequired":true,"valueName":"search_term_string"}}],"inLanguage":"de"}]}},"taxonomy_info":{"product_cat":[{"value":2841,"label":"Installation extraljus"},{"value":2828,"label":"Installation LED-ramper"},{"value":2488,"label":"Rel\u00e4sats"},{"value":2491,"label":"Rel\u00e4sats"},{"value":2489,"label":"Rel\u00e4satser"},{"value":2490,"label":"Rel\u00e4satser"},{"value":390,"label":"Installation"}],"pa_lampsockel-kontakt":[{"value":1572,"label":"HD-DT"}],"pa_storlek-mm":[{"value":1571,"label":"2900"}]},"featured_image_src_large":["https:\/\/xenonkungen.com\/wp-content\/uploads\/2025\/04\/208135941-origpic-0c3474.png",1000,754,false],"author_info":[],"comment_info":0,"_links":{"self":[{"href":"https:\/\/xenonkungen.com\/de\/wp-json\/wp\/v2\/product\/5055","targetHints":{"allow":["GET"]}}],"collection":[{"href":"https:\/\/xenonkungen.com\/de\/wp-json\/wp\/v2\/product"}],"about":[{"href":"https:\/\/xenonkungen.com\/de\/wp-json\/wp\/v2\/types\/product"}],"replies":[{"embeddable":true,"href":"https:\/\/xenonkungen.com\/de\/wp-json\/wp\/v2\/comments?post=5055"}],"wp:featuredmedia":[{"embeddable":true,"href":"https:\/\/xenonkungen.com\/de\/wp-json\/wp\/v2\/media\/5056"}],"wp:attachment":[{"href":"https:\/\/xenonkungen.com\/de\/wp-json\/wp\/v2\/media?parent=5055"}],"wp:term":[{"taxonomy":"anvandningsomrade","embeddable":true,"href":"https:\/\/xenonkungen.com\/de\/wp-json\/wp\/v2\/anvandningsomrade?post=5055"},{"taxonomy":"bilmarken","embeddable":true,"href":"https:\/\/xenonkungen.com\/de\/wp-json\/wp\/v2\/bilmarken?post=5055"},{"taxonomy":"product_brand","embeddable":true,"href":"https:\/\/xenonkungen.com\/de\/wp-json\/wp\/v2\/product_brand?post=5055"},{"taxonomy":"product_cat","embeddable":true,"href":"https:\/\/xenonkungen.com\/de\/wp-json\/wp\/v2\/product_cat?post=5055"},{"taxonomy":"product_tag","embeddable":true,"href":"https:\/\/xenonkungen.com\/de\/wp-json\/wp\/v2\/product_tag?post=5055"}],"curies":[{"name":"wp","href":"https:\/\/api.w.org\/{rel}","templated":true}]}}