{"id":5078,"date":"2025-04-15T09:22:45","date_gmt":"2025-04-15T09:22:45","guid":{"rendered":"https:\/\/xenonkungen.com\/product\/positionsljus-optibeam-dark-phantom-181rme-rod\/"},"modified":"2026-04-01T12:36:44","modified_gmt":"2026-04-01T11:36:44","slug":"positionslicht-optibeam-dark-phantom-181rme-stab","status":"publish","type":"product","link":"https:\/\/xenonkungen.com\/de\/produkt\/positionslicht-optibeam-dark-phantom-181rme-stab\/","title":{"rendered":"Positionslicht, Optibeam Dark Phantom, 181RME ,Rot"},"content":{"rendered":"<h2>Kompakte Gr\u00f6\u00dfe \u2013 Stilvolles Design \u2013 Extrem langlebig \u2013 Optimale Sichtbarkeit<\/h2>\n<p>Optibeam Dark Phantom Positionsleuchten sind die perfekte L\u00f6sung f\u00fcr alle Fahrzeuge, von schweren Baumaschinen bis hin zu Anh\u00e4ngern usw. Mit ihrem schlanken und modernen Design f\u00fcgen sie sich nahtlos in alle Oberfl\u00e4chen ein und bieten gleichzeitig eine leistungsstarke Beleuchtung, die unter allen Bedingungen gut sichtbar ist.<\/p>\n<p>Ganz egal, wo Sie sie anbringen, sie verleihen Ihrem Fahrzeug ein professionelles und elegantes Aussehen.<br \/><strong>R\u00fcsten Sie Ihre Ausr\u00fcstung mit Leuchten auf, die sowohl Leistung bringen als auch beeindrucken!<\/strong><\/p>\n<p>Beschreibung: <\/p>\n<ul>\n<li>R\u00fcckmarkierungsleuchten<\/li>\n<li>Einbau<\/li>\n<li>Dezentes Design<\/li>\n<li>Konvexe Rauchlinse<\/li>\n<li>EPDM-Dichtung \u00f8 19\/27,5 mm<\/li>\n<li>Blisterverpackung<\/li>\n<\/ul>\n<p>Garantie: 3 Jahre<\/p>","protected":false},"excerpt":{"rendered":"<p>\u2013 R\u00fcckleuchten<br \/>\n\u2013 Unterputzmontage<br \/>\n\u2013 Diskretes Design<br \/>\n\u2013 Konvexe Rauchlinse<br \/>\n\u2013 EPDM-Dichtung \u00f8 19\/27,5 mm<br \/>\n\u2013 Blisterverpackung<\/p>","protected":false},"featured_media":5079,"comment_status":"closed","ping_status":"open","template":"","meta":{"_acf_changed":false,"_smort_price_nok":"192","_smort_price_dkk":"122","_smort_price_eur":"16.36","_smort_sale_price_nok":"","_smort_sale_price_dkk":"","_smort_sale_price_eur":"","smort_restorder":"","shipmondo_restorder":"","_kad_blocks_custom_css":"","_kad_blocks_head_custom_js":"","_kad_blocks_body_custom_js":"","_kad_blocks_footer_custom_js":"","smort_custom_pricelist_1":"115.2","smort_custom_pricelist_2":"100.8","smort_custom_pricelist_3":"93.6","smort_custom_pricelist_4":"144","smort_custom_pricelist_5":"100.8"},"anvandningsomrade":[166,238,2816],"bilmarken":[],"product_brand":[107],"product_cat":[2478],"product_tag":[],"class_list":{"0":"post-5078","1":"product","2":"type-product","3":"status-publish","4":"has-post-thumbnail","6":"anvandningsomrade-lastbil","7":"anvandningsomrade-slap","8":"anvandningsomrade-trailer","9":"product_brand-optibeam","10":"product_cat-positionsljus-slap","11":"pa_fargtemperatur-rod","12":"pa_fuktskydd-varde-ipxx-ip67","13":"pa_godkannande-ece-r148-ece-r10","14":"pa_lampsockel-kontakt-2-polig-oppen-ledning","15":"pa_storlek-mm-1890-x-1620","16":"pa_stromforbrukning-003a-138v-003a-28v","17":"pa_volt-v-8-32","19":"first","20":"instock","21":"taxable","22":"shipping-taxable","23":"purchasable","24":"product-type-simple"},"bundled_by":[],"bundle_stock_status":"instock","bundle_stock_quantity":9,"bundle_virtual":false,"bundle_layout":"","bundle_add_to_cart_form_location":"","bundle_editable_in_cart":false,"bundle_sold_individually_context":"","bundle_item_grouping":"","bundle_min_size":"","bundle_max_size":"","bundle_price":[],"bundled_items":[],"bundle_sell_ids":[],"acf":[],"yoast_head":"<!-- This site is optimized with the Yoast SEO plugin v27.0 - https:\/\/yoast.com\/product\/yoast-seo-wordpress\/ -->\n<title>Positionsljus, Optibeam Dark Phantom, 181RME ,R\u00f6d - Xenonkungen<\/title>\n<meta name=\"robots\" content=\"index, follow, max-snippet:-1, max-image-preview:large, max-video-preview:-1\" \/>\n<link rel=\"canonical\" href=\"https:\/\/xenonkungen.com\/de\/produkt\/positionslicht-optibeam-dark-phantom-181rme-stab\/\" \/>\n<meta property=\"og:locale\" content=\"de_DE\" \/>\n<meta property=\"og:type\" content=\"article\" \/>\n<meta property=\"og:title\" content=\"Positionsljus, Optibeam Dark Phantom, 181RME ,R\u00f6d - Xenonkungen\" \/>\n<meta property=\"og:description\" content=\"- Bakmarkeringsljus - Inf\u00e4lld montering - Diskret design - Konvex r\u00f6kf\u00e4rgad lins - EPDM-packning \u00f8 19\/27,5 mm - Blisterf\u00f6rpackad\" \/>\n<meta property=\"og:url\" content=\"https:\/\/xenonkungen.com\/de\/produkt\/positionslicht-optibeam-dark-phantom-181rme-stab\/\" \/>\n<meta property=\"og:site_name\" content=\"Xenonkungen\" \/>\n<meta property=\"article:modified_time\" content=\"2026-04-01T11:36:44+00:00\" \/>\n<meta property=\"og:image\" content=\"https:\/\/xenonkungen.com\/wp-content\/uploads\/2025\/04\/215889471-origpic-f0612d.png\" \/>\n\t<meta property=\"og:image:width\" content=\"800\" \/>\n\t<meta property=\"og:image:height\" content=\"600\" \/>\n\t<meta property=\"og:image:type\" content=\"image\/png\" \/>\n<meta name=\"twitter:card\" content=\"summary_large_image\" \/>\n<meta name=\"twitter:label1\" content=\"Gesch\u00e4tzte Lesezeit\" \/>\n\t<meta name=\"twitter:data1\" content=\"1\u00a0Minute\" \/>\n<script type=\"application\/ld+json\" class=\"yoast-schema-graph\">{\"@context\":\"https:\/\/schema.org\",\"@graph\":[{\"@type\":\"WebPage\",\"@id\":\"https:\/\/xenonkungen.com\/produkt\/positionsljus-optibeam-dark-phantom-181rme-rod\/\",\"url\":\"https:\/\/xenonkungen.com\/produkt\/positionsljus-optibeam-dark-phantom-181rme-rod\/\",\"name\":\"Positionsljus, Optibeam Dark Phantom, 181RME ,R\u00f6d - Xenonkungen\",\"isPartOf\":{\"@id\":\"https:\/\/xenonkungen.com\/#website\"},\"primaryImageOfPage\":{\"@id\":\"https:\/\/xenonkungen.com\/produkt\/positionsljus-optibeam-dark-phantom-181rme-rod\/#primaryimage\"},\"image\":{\"@id\":\"https:\/\/xenonkungen.com\/produkt\/positionsljus-optibeam-dark-phantom-181rme-rod\/#primaryimage\"},\"thumbnailUrl\":\"https:\/\/xenonkungen.com\/wp-content\/uploads\/2025\/04\/215889471-origpic-f0612d.png\",\"datePublished\":\"2025-04-15T09:22:45+00:00\",\"dateModified\":\"2026-04-01T11:36:44+00:00\",\"breadcrumb\":{\"@id\":\"https:\/\/xenonkungen.com\/produkt\/positionsljus-optibeam-dark-phantom-181rme-rod\/#breadcrumb\"},\"inLanguage\":\"de\",\"potentialAction\":[{\"@type\":\"ReadAction\",\"target\":[\"https:\/\/xenonkungen.com\/produkt\/positionsljus-optibeam-dark-phantom-181rme-rod\/\"]}]},{\"@type\":\"ImageObject\",\"inLanguage\":\"de\",\"@id\":\"https:\/\/xenonkungen.com\/produkt\/positionsljus-optibeam-dark-phantom-181rme-rod\/#primaryimage\",\"url\":\"https:\/\/xenonkungen.com\/wp-content\/uploads\/2025\/04\/215889471-origpic-f0612d.png\",\"contentUrl\":\"https:\/\/xenonkungen.com\/wp-content\/uploads\/2025\/04\/215889471-origpic-f0612d.png\",\"width\":800,\"height\":600},{\"@type\":\"BreadcrumbList\",\"@id\":\"https:\/\/xenonkungen.com\/produkt\/positionsljus-optibeam-dark-phantom-181rme-rod\/#breadcrumb\",\"itemListElement\":[{\"@type\":\"ListItem\",\"position\":1,\"name\":\"Hem\",\"item\":\"https:\/\/xenonkungen.com\/\"},{\"@type\":\"ListItem\",\"position\":2,\"name\":\"Shop\",\"item\":\"https:\/\/xenonkungen.com\/shop\/\"},{\"@type\":\"ListItem\",\"position\":3,\"name\":\"Positionsljus, Optibeam Dark Phantom, 181RME ,R\u00f6d\"}]},{\"@type\":\"WebSite\",\"@id\":\"https:\/\/xenonkungen.com\/#website\",\"url\":\"https:\/\/xenonkungen.com\/\",\"name\":\"Xenonkungen\",\"description\":\"\",\"potentialAction\":[{\"@type\":\"SearchAction\",\"target\":{\"@type\":\"EntryPoint\",\"urlTemplate\":\"https:\/\/xenonkungen.com\/?s={search_term_string}\"},\"query-input\":{\"@type\":\"PropertyValueSpecification\",\"valueRequired\":true,\"valueName\":\"search_term_string\"}}],\"inLanguage\":\"de\"}]}<\/script>\n<!-- \/ Yoast SEO plugin. -->","yoast_head_json":{"title":"Positionslicht, Optibeam Dark Phantom, 181RME, Rot - Xenonkungen","robots":{"index":"index","follow":"follow","max-snippet":"max-snippet:-1","max-image-preview":"max-image-preview:large","max-video-preview":"max-video-preview:-1"},"canonical":"https:\/\/xenonkungen.com\/de\/produkt\/positionslicht-optibeam-dark-phantom-181rme-stab\/","og_locale":"de_DE","og_type":"article","og_title":"Positionsljus, Optibeam Dark Phantom, 181RME ,R\u00f6d - Xenonkungen","og_description":"- Bakmarkeringsljus - Inf\u00e4lld montering - Diskret design - Konvex r\u00f6kf\u00e4rgad lins - EPDM-packning \u00f8 19\/27,5 mm - Blisterf\u00f6rpackad","og_url":"https:\/\/xenonkungen.com\/de\/produkt\/positionslicht-optibeam-dark-phantom-181rme-stab\/","og_site_name":"Xenonkungen","article_modified_time":"2026-04-01T11:36:44+00:00","og_image":[{"width":800,"height":600,"url":"https:\/\/xenonkungen.com\/wp-content\/uploads\/2025\/04\/215889471-origpic-f0612d.png","type":"image\/png"}],"twitter_card":"summary_large_image","twitter_misc":{"Gesch\u00e4tzte Lesezeit":"1\u00a0Minute"},"schema":{"@context":"https:\/\/schema.org","@graph":[{"@type":"WebPage","@id":"https:\/\/xenonkungen.com\/produkt\/positionsljus-optibeam-dark-phantom-181rme-rod\/","url":"https:\/\/xenonkungen.com\/produkt\/positionsljus-optibeam-dark-phantom-181rme-rod\/","name":"Positionslicht, Optibeam Dark Phantom, 181RME, Rot - Xenonkungen","isPartOf":{"@id":"https:\/\/xenonkungen.com\/#website"},"primaryImageOfPage":{"@id":"https:\/\/xenonkungen.com\/produkt\/positionsljus-optibeam-dark-phantom-181rme-rod\/#primaryimage"},"image":{"@id":"https:\/\/xenonkungen.com\/produkt\/positionsljus-optibeam-dark-phantom-181rme-rod\/#primaryimage"},"thumbnailUrl":"https:\/\/xenonkungen.com\/wp-content\/uploads\/2025\/04\/215889471-origpic-f0612d.png","datePublished":"2025-04-15T09:22:45+00:00","dateModified":"2026-04-01T11:36:44+00:00","breadcrumb":{"@id":"https:\/\/xenonkungen.com\/produkt\/positionsljus-optibeam-dark-phantom-181rme-rod\/#breadcrumb"},"inLanguage":"de","potentialAction":[{"@type":"ReadAction","target":["https:\/\/xenonkungen.com\/produkt\/positionsljus-optibeam-dark-phantom-181rme-rod\/"]}]},{"@type":"ImageObject","inLanguage":"de","@id":"https:\/\/xenonkungen.com\/produkt\/positionsljus-optibeam-dark-phantom-181rme-rod\/#primaryimage","url":"https:\/\/xenonkungen.com\/wp-content\/uploads\/2025\/04\/215889471-origpic-f0612d.png","contentUrl":"https:\/\/xenonkungen.com\/wp-content\/uploads\/2025\/04\/215889471-origpic-f0612d.png","width":800,"height":600},{"@type":"BreadcrumbList","@id":"https:\/\/xenonkungen.com\/produkt\/positionsljus-optibeam-dark-phantom-181rme-rod\/#breadcrumb","itemListElement":[{"@type":"ListItem","position":1,"name":"Hem","item":"https:\/\/xenonkungen.com\/"},{"@type":"ListItem","position":2,"name":"Shop","item":"https:\/\/xenonkungen.com\/shop\/"},{"@type":"ListItem","position":3,"name":"Positionsljus, Optibeam Dark Phantom, 181RME ,R\u00f6d"}]},{"@type":"WebSite","@id":"https:\/\/xenonkungen.com\/#website","url":"https:\/\/xenonkungen.com\/","name":"Xenonkungen","description":"","potentialAction":[{"@type":"SearchAction","target":{"@type":"EntryPoint","urlTemplate":"https:\/\/xenonkungen.com\/?s={search_term_string}"},"query-input":{"@type":"PropertyValueSpecification","valueRequired":true,"valueName":"search_term_string"}}],"inLanguage":"de"}]}},"taxonomy_info":{"anvandningsomrade":[{"value":166,"label":"Lastbil"},{"value":238,"label":"SL\u00c4P"},{"value":2816,"label":"TRAILER"}],"product_brand":[{"value":107,"label":"Optibeam"}],"product_cat":[{"value":2478,"label":"Positionsljus"}],"pa_fargtemperatur":[{"value":1201,"label":"R\u00f6d"}],"pa_fuktskydd-varde-ipxx":[{"value":333,"label":"IP67"}],"pa_godkannande":[{"value":1583,"label":"ECE R148, ECE R10"}],"pa_lampsockel-kontakt":[{"value":1582,"label":"2-polig \u00f6ppen ledning"}],"pa_storlek-mm":[{"value":1578,"label":"18,90 x 16,20"}],"pa_stromforbrukning":[{"value":1581,"label":"0,03A @ 13,8V \/ 0,03A @ 28V"}],"pa_volt-v":[{"value":1580,"label":"8-32"}]},"featured_image_src_large":["https:\/\/xenonkungen.com\/wp-content\/uploads\/2025\/04\/215889471-origpic-f0612d.png",800,600,false],"author_info":[],"comment_info":0,"_links":{"self":[{"href":"https:\/\/xenonkungen.com\/de\/wp-json\/wp\/v2\/product\/5078","targetHints":{"allow":["GET"]}}],"collection":[{"href":"https:\/\/xenonkungen.com\/de\/wp-json\/wp\/v2\/product"}],"about":[{"href":"https:\/\/xenonkungen.com\/de\/wp-json\/wp\/v2\/types\/product"}],"replies":[{"embeddable":true,"href":"https:\/\/xenonkungen.com\/de\/wp-json\/wp\/v2\/comments?post=5078"}],"wp:featuredmedia":[{"embeddable":true,"href":"https:\/\/xenonkungen.com\/de\/wp-json\/wp\/v2\/media\/5079"}],"wp:attachment":[{"href":"https:\/\/xenonkungen.com\/de\/wp-json\/wp\/v2\/media?parent=5078"}],"wp:term":[{"taxonomy":"anvandningsomrade","embeddable":true,"href":"https:\/\/xenonkungen.com\/de\/wp-json\/wp\/v2\/anvandningsomrade?post=5078"},{"taxonomy":"bilmarken","embeddable":true,"href":"https:\/\/xenonkungen.com\/de\/wp-json\/wp\/v2\/bilmarken?post=5078"},{"taxonomy":"product_brand","embeddable":true,"href":"https:\/\/xenonkungen.com\/de\/wp-json\/wp\/v2\/product_brand?post=5078"},{"taxonomy":"product_cat","embeddable":true,"href":"https:\/\/xenonkungen.com\/de\/wp-json\/wp\/v2\/product_cat?post=5078"},{"taxonomy":"product_tag","embeddable":true,"href":"https:\/\/xenonkungen.com\/de\/wp-json\/wp\/v2\/product_tag?post=5078"}],"curies":[{"name":"wp","href":"https:\/\/api.w.org\/{rel}","templated":true}]}}