{"id":5213,"date":"2025-04-15T09:24:31","date_gmt":"2025-04-15T09:24:31","guid":{"rendered":"https:\/\/xenonkungen.com\/product\/lazer-ledrampskit-fiat-ducato-2014-2x-triple-r-750-std\/"},"modified":"2026-04-24T17:25:55","modified_gmt":"2026-04-24T16:25:55","slug":"laser-led-rampen-kit-fiat-ducato-2014-2x-triple-r-750-standard","status":"publish","type":"product","link":"https:\/\/xenonkungen.com\/de\/produkt\/laser-led-rampen-kit-fiat-ducato-2014-2x-triple-r-750-standard\/","title":{"rendered":"Lazer Ledrampskit - Fiat Ducato 2014+ 2x Triple-R 750 Std"},"content":{"rendered":"<h1>LAZERS LED-Rampen-Kit f\u00fcr Fiat Ducato ab 2014 \u2013 Optimale Beleuchtung f\u00fcr Ihr Auto<\/h1>\n<p>Lazers pr\u00e4sentiert sein LED-Lichtleisten-Set, speziell entwickelt f\u00fcr den Fiat Ducato ab Baujahr 2014. Das Set beinhaltet zwei Triple-R 750 LED-Lichtleisten mit herausragender Lichtleistung und wird komplett mit dem ben\u00f6tigten Kabelsatz geliefert. Sie haben die Wahl zwischen den Modellen Standard und Elite.<\/p>\n<p>Das Set enth\u00e4lt au\u00dferdem vier pr\u00e4zisionsgefertigte Halterungen, die sich nahtlos in den Originalgrill Ihres Fahrzeugs einf\u00fcgen. Hergestellt aus hochwertigem ASA-Material, \u00fcberzeugen diese Halterungen nicht nur durch ihre Stabilit\u00e4t, sondern auch durch ihre UV-Best\u00e4ndigkeit. Sie sind so konzipiert, dass sie allen Witterungseinfl\u00fcssen und Chemikalien standhalten und somit jahrelang in einwandfreiem Zustand bleiben.<\/p>\n<p>Verbessern Sie die Beleuchtung Ihres Fiat Ducato mit unserem LED-Lichtleisten-Set von Lazers. Es ist eine Investition in \u00fcberlegene Beleuchtung und Langlebigkeit f\u00fcr Ihr Fahrzeug.<\/p>","protected":false},"excerpt":{"rendered":"<p>LAZERS LED-RAMPSKIT F\u00d6R FIAT DUCATO 2014+ &#8211; Optimal belysning f\u00f6r din bil Lazers presenterar sin LED-rampskit s\u00e4rskilt framtagen f\u00f6r Fiat Ducato modell\u00e5r 2014 och fram\u00e5t. Kitet inkluderar tv\u00e5 Triple-R 750 LED-ramper som levererar enast\u00e5ende ljusprestanda, och kommer komplett med den n\u00f6dv\u00e4ndiga kabelsatsen. Du har ocks\u00e5 flexibiliteten att v\u00e4lja mellan Standard och Elite-modellerna av dessa ramper. [&hellip;]<\/p>","protected":false},"featured_media":5214,"comment_status":"closed","ping_status":"open","template":"","meta":{"_acf_changed":false,"_smort_price_nok":"10147","_smort_price_dkk":"6446","_smort_price_eur":"863.6","_smort_sale_price_nok":"","_smort_sale_price_dkk":"","_smort_sale_price_eur":"","smort_restorder":"","shipmondo_restorder":"","_kad_blocks_custom_css":"","_kad_blocks_head_custom_js":"","_kad_blocks_body_custom_js":"","_kad_blocks_footer_custom_js":"","smort_custom_pricelist_1":"6080","smort_custom_pricelist_2":"6080","smort_custom_pricelist_3":"6080","smort_custom_pricelist_4":"7600","smort_custom_pricelist_5":"6080"},"anvandningsomrade":[],"bilmarken":[],"product_brand":[1124],"product_cat":[2539,2596,1916],"product_tag":[2735],"class_list":{"0":"post-5213","1":"product","2":"type-product","3":"status-publish","4":"has-post-thumbnail","6":"product_brand-lazer","7":"product_cat-ledramper","8":"product_cat-paket","9":"product_cat-ledrampspaket","10":"product_tag-lazer","11":"pa_fargtemperatur-5000k","12":"pa_godkannande-e-godkand-r112","13":"pa_led-chips-effekt-w-1100","14":"pa_stromforbrukning-62a144v","15":"pa_volt-v-multivolt-10-12-16-18-24-28-30-32","17":"first","18":"onbackorder","19":"taxable","20":"shipping-taxable","21":"purchasable","22":"product-type-simple"},"bundled_by":[],"bundle_stock_status":"onbackorder","bundle_stock_quantity":0,"bundle_virtual":false,"bundle_layout":"","bundle_add_to_cart_form_location":"","bundle_editable_in_cart":false,"bundle_sold_individually_context":"","bundle_item_grouping":"","bundle_min_size":"","bundle_max_size":"","bundle_price":[],"bundled_items":[],"bundle_sell_ids":[],"acf":[],"yoast_head":"<!-- This site is optimized with the Yoast SEO plugin v27.0 - https:\/\/yoast.com\/product\/yoast-seo-wordpress\/ -->\n<title>Lazer Ledrampskit - Fiat Ducato 2014+ 2x Triple-R 750 Std - Xenonkungen<\/title>\n<meta name=\"robots\" content=\"index, follow, max-snippet:-1, max-image-preview:large, max-video-preview:-1\" \/>\n<link rel=\"canonical\" href=\"https:\/\/xenonkungen.com\/de\/produkt\/laser-led-rampen-kit-fiat-ducato-2014-2x-triple-r-750-standard\/\" \/>\n<meta property=\"og:locale\" content=\"de_DE\" \/>\n<meta property=\"og:type\" content=\"article\" \/>\n<meta property=\"og:title\" content=\"Lazer Ledrampskit - Fiat Ducato 2014+ 2x Triple-R 750 Std - Xenonkungen\" \/>\n<meta property=\"og:description\" content=\"LAZERS LED-RAMPSKIT F\u00d6R FIAT DUCATO 2014+ &#8211; Optimal belysning f\u00f6r din bil Lazers presenterar sin LED-rampskit s\u00e4rskilt framtagen f\u00f6r Fiat Ducato modell\u00e5r 2014 och fram\u00e5t. Kitet inkluderar tv\u00e5 Triple-R 750 LED-ramper som levererar enast\u00e5ende ljusprestanda, och kommer komplett med den n\u00f6dv\u00e4ndiga kabelsatsen. Du har ocks\u00e5 flexibiliteten att v\u00e4lja mellan Standard och Elite-modellerna av dessa ramper. [&hellip;]\" \/>\n<meta property=\"og:url\" content=\"https:\/\/xenonkungen.com\/de\/produkt\/laser-led-rampen-kit-fiat-ducato-2014-2x-triple-r-750-standard\/\" \/>\n<meta property=\"og:site_name\" content=\"Xenonkungen\" \/>\n<meta property=\"article:modified_time\" content=\"2026-04-24T16:25:55+00:00\" \/>\n<meta property=\"og:image\" content=\"https:\/\/xenonkungen.com\/wp-content\/uploads\/2025\/04\/159470_itemimage_mainfront.jpg\" \/>\n\t<meta property=\"og:image:width\" content=\"2048\" \/>\n\t<meta property=\"og:image:height\" content=\"1536\" \/>\n\t<meta property=\"og:image:type\" content=\"image\/jpeg\" \/>\n<meta name=\"twitter:card\" content=\"summary_large_image\" \/>\n<meta name=\"twitter:label1\" content=\"Gesch\u00e4tzte Lesezeit\" \/>\n\t<meta name=\"twitter:data1\" content=\"1\u00a0Minute\" \/>\n<script type=\"application\/ld+json\" class=\"yoast-schema-graph\">{\"@context\":\"https:\/\/schema.org\",\"@graph\":[{\"@type\":\"WebPage\",\"@id\":\"https:\/\/xenonkungen.com\/es\/producto\/kit-de-rampa-led-laser-para-fiat-ducato-2014-2-unidades-triple-r-750-std\/\",\"url\":\"https:\/\/xenonkungen.com\/es\/producto\/kit-de-rampa-led-laser-para-fiat-ducato-2014-2-unidades-triple-r-750-std\/\",\"name\":\"Lazer Ledrampskit - Fiat Ducato 2014+ 2x Triple-R 750 Std - Xenonkungen\",\"isPartOf\":{\"@id\":\"https:\/\/xenonkungen.com\/#website\"},\"primaryImageOfPage\":{\"@id\":\"https:\/\/xenonkungen.com\/es\/producto\/kit-de-rampa-led-laser-para-fiat-ducato-2014-2-unidades-triple-r-750-std\/#primaryimage\"},\"image\":{\"@id\":\"https:\/\/xenonkungen.com\/es\/producto\/kit-de-rampa-led-laser-para-fiat-ducato-2014-2-unidades-triple-r-750-std\/#primaryimage\"},\"thumbnailUrl\":\"https:\/\/xenonkungen.com\/wp-content\/uploads\/2025\/04\/159470_itemimage_mainfront.jpg\",\"datePublished\":\"2025-04-15T09:24:31+00:00\",\"dateModified\":\"2026-04-24T16:25:55+00:00\",\"breadcrumb\":{\"@id\":\"https:\/\/xenonkungen.com\/es\/producto\/kit-de-rampa-led-laser-para-fiat-ducato-2014-2-unidades-triple-r-750-std\/#breadcrumb\"},\"inLanguage\":\"de\",\"potentialAction\":[{\"@type\":\"ReadAction\",\"target\":[\"https:\/\/xenonkungen.com\/es\/producto\/kit-de-rampa-led-laser-para-fiat-ducato-2014-2-unidades-triple-r-750-std\/\"]}]},{\"@type\":\"ImageObject\",\"inLanguage\":\"de\",\"@id\":\"https:\/\/xenonkungen.com\/es\/producto\/kit-de-rampa-led-laser-para-fiat-ducato-2014-2-unidades-triple-r-750-std\/#primaryimage\",\"url\":\"https:\/\/xenonkungen.com\/wp-content\/uploads\/2025\/04\/159470_itemimage_mainfront.jpg\",\"contentUrl\":\"https:\/\/xenonkungen.com\/wp-content\/uploads\/2025\/04\/159470_itemimage_mainfront.jpg\",\"width\":2048,\"height\":1536},{\"@type\":\"BreadcrumbList\",\"@id\":\"https:\/\/xenonkungen.com\/es\/producto\/kit-de-rampa-led-laser-para-fiat-ducato-2014-2-unidades-triple-r-750-std\/#breadcrumb\",\"itemListElement\":[{\"@type\":\"ListItem\",\"position\":1,\"name\":\"Hem\",\"item\":\"https:\/\/xenonkungen.com\/\"},{\"@type\":\"ListItem\",\"position\":2,\"name\":\"Shop\",\"item\":\"https:\/\/xenonkungen.com\/shop\/\"},{\"@type\":\"ListItem\",\"position\":3,\"name\":\"Lazer Ledrampskit &#8211; Fiat Ducato 2014+ 2x Triple-R 750 Std\"}]},{\"@type\":\"WebSite\",\"@id\":\"https:\/\/xenonkungen.com\/#website\",\"url\":\"https:\/\/xenonkungen.com\/\",\"name\":\"Xenonkungen\",\"description\":\"\",\"potentialAction\":[{\"@type\":\"SearchAction\",\"target\":{\"@type\":\"EntryPoint\",\"urlTemplate\":\"https:\/\/xenonkungen.com\/?s={search_term_string}\"},\"query-input\":{\"@type\":\"PropertyValueSpecification\",\"valueRequired\":true,\"valueName\":\"search_term_string\"}}],\"inLanguage\":\"de\"}]}<\/script>\n<!-- \/ Yoast SEO plugin. -->","yoast_head_json":{"title":"Lazer LED Ramp Kit \u2013 Fiat Ducato ab 2014, 2x Triple-R 750 Std \u2013 Der Xenon-K\u00f6nig","robots":{"index":"index","follow":"follow","max-snippet":"max-snippet:-1","max-image-preview":"max-image-preview:large","max-video-preview":"max-video-preview:-1"},"canonical":"https:\/\/xenonkungen.com\/de\/produkt\/laser-led-rampen-kit-fiat-ducato-2014-2x-triple-r-750-standard\/","og_locale":"de_DE","og_type":"article","og_title":"Lazer Ledrampskit - Fiat Ducato 2014+ 2x Triple-R 750 Std - Xenonkungen","og_description":"LAZERS LED-RAMPSKIT F\u00d6R FIAT DUCATO 2014+ &#8211; Optimal belysning f\u00f6r din bil Lazers presenterar sin LED-rampskit s\u00e4rskilt framtagen f\u00f6r Fiat Ducato modell\u00e5r 2014 och fram\u00e5t. Kitet inkluderar tv\u00e5 Triple-R 750 LED-ramper som levererar enast\u00e5ende ljusprestanda, och kommer komplett med den n\u00f6dv\u00e4ndiga kabelsatsen. Du har ocks\u00e5 flexibiliteten att v\u00e4lja mellan Standard och Elite-modellerna av dessa ramper. [&hellip;]","og_url":"https:\/\/xenonkungen.com\/de\/produkt\/laser-led-rampen-kit-fiat-ducato-2014-2x-triple-r-750-standard\/","og_site_name":"Xenonkungen","article_modified_time":"2026-04-24T16:25:55+00:00","og_image":[{"width":2048,"height":1536,"url":"https:\/\/xenonkungen.com\/wp-content\/uploads\/2025\/04\/159470_itemimage_mainfront.jpg","type":"image\/jpeg"}],"twitter_card":"summary_large_image","twitter_misc":{"Gesch\u00e4tzte Lesezeit":"1\u00a0Minute"},"schema":{"@context":"https:\/\/schema.org","@graph":[{"@type":"WebPage","@id":"https:\/\/xenonkungen.com\/es\/producto\/kit-de-rampa-led-laser-para-fiat-ducato-2014-2-unidades-triple-r-750-std\/","url":"https:\/\/xenonkungen.com\/es\/producto\/kit-de-rampa-led-laser-para-fiat-ducato-2014-2-unidades-triple-r-750-std\/","name":"Lazer LED Ramp Kit \u2013 Fiat Ducato ab 2014, 2x Triple-R 750 Std \u2013 Der Xenon-K\u00f6nig","isPartOf":{"@id":"https:\/\/xenonkungen.com\/#website"},"primaryImageOfPage":{"@id":"https:\/\/xenonkungen.com\/es\/producto\/kit-de-rampa-led-laser-para-fiat-ducato-2014-2-unidades-triple-r-750-std\/#primaryimage"},"image":{"@id":"https:\/\/xenonkungen.com\/es\/producto\/kit-de-rampa-led-laser-para-fiat-ducato-2014-2-unidades-triple-r-750-std\/#primaryimage"},"thumbnailUrl":"https:\/\/xenonkungen.com\/wp-content\/uploads\/2025\/04\/159470_itemimage_mainfront.jpg","datePublished":"2025-04-15T09:24:31+00:00","dateModified":"2026-04-24T16:25:55+00:00","breadcrumb":{"@id":"https:\/\/xenonkungen.com\/es\/producto\/kit-de-rampa-led-laser-para-fiat-ducato-2014-2-unidades-triple-r-750-std\/#breadcrumb"},"inLanguage":"de","potentialAction":[{"@type":"ReadAction","target":["https:\/\/xenonkungen.com\/es\/producto\/kit-de-rampa-led-laser-para-fiat-ducato-2014-2-unidades-triple-r-750-std\/"]}]},{"@type":"ImageObject","inLanguage":"de","@id":"https:\/\/xenonkungen.com\/es\/producto\/kit-de-rampa-led-laser-para-fiat-ducato-2014-2-unidades-triple-r-750-std\/#primaryimage","url":"https:\/\/xenonkungen.com\/wp-content\/uploads\/2025\/04\/159470_itemimage_mainfront.jpg","contentUrl":"https:\/\/xenonkungen.com\/wp-content\/uploads\/2025\/04\/159470_itemimage_mainfront.jpg","width":2048,"height":1536},{"@type":"BreadcrumbList","@id":"https:\/\/xenonkungen.com\/es\/producto\/kit-de-rampa-led-laser-para-fiat-ducato-2014-2-unidades-triple-r-750-std\/#breadcrumb","itemListElement":[{"@type":"ListItem","position":1,"name":"Hem","item":"https:\/\/xenonkungen.com\/"},{"@type":"ListItem","position":2,"name":"Shop","item":"https:\/\/xenonkungen.com\/shop\/"},{"@type":"ListItem","position":3,"name":"Lazer Ledrampskit &#8211; Fiat Ducato 2014+ 2x Triple-R 750 Std"}]},{"@type":"WebSite","@id":"https:\/\/xenonkungen.com\/#website","url":"https:\/\/xenonkungen.com\/","name":"Xenonkungen","description":"","potentialAction":[{"@type":"SearchAction","target":{"@type":"EntryPoint","urlTemplate":"https:\/\/xenonkungen.com\/?s={search_term_string}"},"query-input":{"@type":"PropertyValueSpecification","valueRequired":true,"valueName":"search_term_string"}}],"inLanguage":"de"}]}},"taxonomy_info":{"product_brand":[{"value":1124,"label":"Lazer"}],"product_cat":[{"value":2539,"label":"LEDRAMPER"},{"value":2596,"label":"Paket"},{"value":1916,"label":"Ledrampspaket"}],"product_tag":[{"value":2735,"label":"Lazer"}],"pa_fargtemperatur":[{"value":154,"label":"5000K"}],"pa_godkannande":[{"value":1614,"label":"E-Godk\u00e4nd, R112"}],"pa_led-chips-effekt-w":[{"value":1100,"label":"88"}],"pa_stromforbrukning":[{"value":1613,"label":"6,2A@14,4V"}],"pa_volt-v":[{"value":1084,"label":"Multivolt, 10, 12, 16, 18, 24, 28, 30, 32"}]},"featured_image_src_large":["https:\/\/xenonkungen.com\/wp-content\/uploads\/2025\/04\/159470_itemimage_mainfront-1024x768.jpg",1024,768,true],"author_info":[],"comment_info":0,"_links":{"self":[{"href":"https:\/\/xenonkungen.com\/de\/wp-json\/wp\/v2\/product\/5213","targetHints":{"allow":["GET"]}}],"collection":[{"href":"https:\/\/xenonkungen.com\/de\/wp-json\/wp\/v2\/product"}],"about":[{"href":"https:\/\/xenonkungen.com\/de\/wp-json\/wp\/v2\/types\/product"}],"replies":[{"embeddable":true,"href":"https:\/\/xenonkungen.com\/de\/wp-json\/wp\/v2\/comments?post=5213"}],"wp:featuredmedia":[{"embeddable":true,"href":"https:\/\/xenonkungen.com\/de\/wp-json\/wp\/v2\/media\/5214"}],"wp:attachment":[{"href":"https:\/\/xenonkungen.com\/de\/wp-json\/wp\/v2\/media?parent=5213"}],"wp:term":[{"taxonomy":"anvandningsomrade","embeddable":true,"href":"https:\/\/xenonkungen.com\/de\/wp-json\/wp\/v2\/anvandningsomrade?post=5213"},{"taxonomy":"bilmarken","embeddable":true,"href":"https:\/\/xenonkungen.com\/de\/wp-json\/wp\/v2\/bilmarken?post=5213"},{"taxonomy":"product_brand","embeddable":true,"href":"https:\/\/xenonkungen.com\/de\/wp-json\/wp\/v2\/product_brand?post=5213"},{"taxonomy":"product_cat","embeddable":true,"href":"https:\/\/xenonkungen.com\/de\/wp-json\/wp\/v2\/product_cat?post=5213"},{"taxonomy":"product_tag","embeddable":true,"href":"https:\/\/xenonkungen.com\/de\/wp-json\/wp\/v2\/product_tag?post=5213"}],"curies":[{"name":"wp","href":"https:\/\/api.w.org\/{rel}","templated":true}]}}