{"id":5300,"date":"2025-04-15T09:26:33","date_gmt":"2025-04-15T09:26:33","guid":{"rendered":"https:\/\/xenonkungen.com\/product\/lazer-ledrampskit-land-rover-def-2020-2x-triple-r-750-elite\/"},"modified":"2026-04-24T17:26:25","modified_gmt":"2026-04-24T16:26:25","slug":"laser-led-rampensatz-fur-land-rover-def-2020-2x-triple-r-750-elite","status":"publish","type":"product","link":"https:\/\/xenonkungen.com\/de\/produkt\/laser-led-rampensatz-fur-land-rover-def-2020-2x-triple-r-750-elite\/","title":{"rendered":"Lazer Ledrampskit Land Rover Def 2020+ 2x Triple-R 750 Elite"},"content":{"rendered":"<h1>Lazers LED-Lichtset f\u00fcr Land Rover Def 2020+ \u2013 Perfekte Beleuchtung f\u00fcr Ihr Fahrzeugmodell<\/h1>\n<p><strong>Lazer Triple-R 750 Elite K\u00fchlergrill-Integrationskit f\u00fcr Land Rover Defender (ab 2020)<\/strong><\/p>\n<p>R\u00fcsten Sie Ihren Land Rover Defender (ab Modelljahr 2020) mit dem Lazer Triple-R 750 Elite K\u00fchlergrill-Integrationskit auf, das speziell f\u00fcr die werksgerechte Installation zus\u00e4tzlicher LED-Tagfahrlichter entwickelt wurde. Das Kit enth\u00e4lt speziell entwickelte Montagehalterungen f\u00fcr die schnelle und einfache Installation der Lazer Triple-R 750 Elite Hochleistungs-LED-Scheinwerfer direkt im K\u00fchlergrill. Es f\u00fcgt sich nahtlos in das Originaldesign des Fahrzeugs ein und gew\u00e4hrleistet eine robuste und sichere Beleuchtungsl\u00f6sung mit zus\u00e4tzlichem Diebstahlschutz.<\/p>\n<p>Das Set beinhaltet ein Paar Triple-R 750 Elite Hochleistungs-LED-Tagfahrlichter inklusive Kabelbaum. Die vier pr\u00e4zisionsgefertigten Halterungen passen perfekt in den serienm\u00e4\u00dfigen unteren K\u00fchlergrill des Fahrzeugs und sind mit selbstschneidenden, diebstahlsicheren Schrauben verst\u00e4rkt. Hergestellt aus einem Verbundwerkstoff, der f\u00fcr seine Festigkeit und UV-Best\u00e4ndigkeit bekannt ist, bieten diese Halterungen vollst\u00e4ndige Witterungs- und Chemikalienbest\u00e4ndigkeit und sorgen so daf\u00fcr, dass Ihre Installation Jahr f\u00fcr Jahr in Top-Zustand bleibt.<\/p>\n<p>Ein Satz Schneidf\u00fchrungen ist ebenfalls enthalten, um die Montage zu erleichtern und jedes Mal eine perfekte Passform zu gew\u00e4hrleisten.<\/p>","protected":false},"excerpt":{"rendered":"<p>Lazers LED-rampskit f\u00f6r Land Rover Def 2020+ &#8211; Perfekt belysning f\u00f6r din bilmodell Lazer Triple-R 750 Elite Grille Integrationssats f\u00f6r Land Rover Defender (fr\u00e5n 2020) Uppgradera din Land Rover Defender (modell\u00e5r 2020 och fram\u00e5t) med Lazer Triple-R 750 Elite Grille Integrationssats, skr\u00e4ddarsydd f\u00f6r OE-kvalitetsinstallation av extra LED-k\u00f6rstr\u00e5lkastare. Denna sats inkluderar specialdesignade monteringsf\u00e4sten f\u00f6r en snabb [&hellip;]<\/p>","protected":false},"featured_media":5301,"comment_status":"closed","ping_status":"open","template":"","meta":{"_acf_changed":false,"_smort_price_nok":"12283","_smort_price_dkk":"7803","_smort_price_eur":"1045.41","_smort_sale_price_nok":"","_smort_sale_price_dkk":"","_smort_sale_price_eur":"","smort_restorder":"","shipmondo_restorder":"","_kad_blocks_custom_css":"","_kad_blocks_head_custom_js":"","_kad_blocks_body_custom_js":"","_kad_blocks_footer_custom_js":"","smort_custom_pricelist_1":"7360","smort_custom_pricelist_2":"7360","smort_custom_pricelist_3":"7360","smort_custom_pricelist_4":"9200","smort_custom_pricelist_5":"7360"},"anvandningsomrade":[],"bilmarken":[],"product_brand":[1124],"product_cat":[2539,2596,1916],"product_tag":[2735],"class_list":{"0":"post-5300","1":"product","2":"type-product","3":"status-publish","4":"has-post-thumbnail","6":"product_brand-lazer","7":"product_cat-ledramper","8":"product_cat-paket","9":"product_cat-ledrampspaket","10":"product_tag-lazer","11":"pa_fargtemperatur-5000k","12":"pa_godkannande-e-godkand-r112","13":"pa_led-chips-effekt-w-1616","14":"pa_stromforbrukning-72a144v","15":"pa_volt-v-multivolt-10-12-16-18-24-28-30-32","17":"first","18":"instock","19":"taxable","20":"shipping-taxable","21":"purchasable","22":"product-type-simple"},"bundled_by":[],"bundle_stock_status":"instock","bundle_stock_quantity":1,"bundle_virtual":false,"bundle_layout":"","bundle_add_to_cart_form_location":"","bundle_editable_in_cart":false,"bundle_sold_individually_context":"","bundle_item_grouping":"","bundle_min_size":"","bundle_max_size":"","bundle_price":[],"bundled_items":[],"bundle_sell_ids":[],"acf":[],"yoast_head":"<!-- This site is optimized with the Yoast SEO plugin v27.0 - https:\/\/yoast.com\/product\/yoast-seo-wordpress\/ -->\n<title>Lazer Ledrampskit Land Rover Def 2020+ 2x Triple-R 750 Elite - Xenonkungen<\/title>\n<meta name=\"robots\" content=\"index, follow, max-snippet:-1, max-image-preview:large, max-video-preview:-1\" \/>\n<link rel=\"canonical\" href=\"https:\/\/xenonkungen.com\/de\/produkt\/laser-led-rampensatz-fur-land-rover-def-2020-2x-triple-r-750-elite\/\" \/>\n<meta property=\"og:locale\" content=\"de_DE\" \/>\n<meta property=\"og:type\" content=\"article\" \/>\n<meta property=\"og:title\" content=\"Lazer Ledrampskit Land Rover Def 2020+ 2x Triple-R 750 Elite - Xenonkungen\" \/>\n<meta property=\"og:description\" content=\"Lazers LED-rampskit f\u00f6r Land Rover Def 2020+ &#8211; Perfekt belysning f\u00f6r din bilmodell Lazer Triple-R 750 Elite Grille Integrationssats f\u00f6r Land Rover Defender (fr\u00e5n 2020) Uppgradera din Land Rover Defender (modell\u00e5r 2020 och fram\u00e5t) med Lazer Triple-R 750 Elite Grille Integrationssats, skr\u00e4ddarsydd f\u00f6r OE-kvalitetsinstallation av extra LED-k\u00f6rstr\u00e5lkastare. Denna sats inkluderar specialdesignade monteringsf\u00e4sten f\u00f6r en snabb [&hellip;]\" \/>\n<meta property=\"og:url\" content=\"https:\/\/xenonkungen.com\/de\/produkt\/laser-led-rampensatz-fur-land-rover-def-2020-2x-triple-r-750-elite\/\" \/>\n<meta property=\"og:site_name\" content=\"Xenonkungen\" \/>\n<meta property=\"article:modified_time\" content=\"2026-04-24T16:26:25+00:00\" \/>\n<meta property=\"og:image\" content=\"https:\/\/xenonkungen.com\/wp-content\/uploads\/2025\/04\/159500_itemimage_mainfront.jpg\" \/>\n\t<meta property=\"og:image:width\" content=\"2048\" \/>\n\t<meta property=\"og:image:height\" content=\"1537\" \/>\n\t<meta property=\"og:image:type\" content=\"image\/jpeg\" \/>\n<meta name=\"twitter:card\" content=\"summary_large_image\" \/>\n<meta name=\"twitter:label1\" content=\"Gesch\u00e4tzte Lesezeit\" \/>\n\t<meta name=\"twitter:data1\" content=\"1\u00a0Minute\" \/>\n<script type=\"application\/ld+json\" class=\"yoast-schema-graph\">{\"@context\":\"https:\/\/schema.org\",\"@graph\":[{\"@type\":\"WebPage\",\"@id\":\"https:\/\/xenonkungen.com\/no\/produkt\/laser-led-rampesett-land-rover-def-2020-2x-triple-r-750-elite\/\",\"url\":\"https:\/\/xenonkungen.com\/no\/produkt\/laser-led-rampesett-land-rover-def-2020-2x-triple-r-750-elite\/\",\"name\":\"Lazer Ledrampskit Land Rover Def 2020+ 2x Triple-R 750 Elite - Xenonkungen\",\"isPartOf\":{\"@id\":\"https:\/\/xenonkungen.com\/#website\"},\"primaryImageOfPage\":{\"@id\":\"https:\/\/xenonkungen.com\/no\/produkt\/laser-led-rampesett-land-rover-def-2020-2x-triple-r-750-elite\/#primaryimage\"},\"image\":{\"@id\":\"https:\/\/xenonkungen.com\/no\/produkt\/laser-led-rampesett-land-rover-def-2020-2x-triple-r-750-elite\/#primaryimage\"},\"thumbnailUrl\":\"https:\/\/xenonkungen.com\/wp-content\/uploads\/2025\/04\/159500_itemimage_mainfront.jpg\",\"datePublished\":\"2025-04-15T09:26:33+00:00\",\"dateModified\":\"2026-04-24T16:26:25+00:00\",\"breadcrumb\":{\"@id\":\"https:\/\/xenonkungen.com\/no\/produkt\/laser-led-rampesett-land-rover-def-2020-2x-triple-r-750-elite\/#breadcrumb\"},\"inLanguage\":\"de\",\"potentialAction\":[{\"@type\":\"ReadAction\",\"target\":[\"https:\/\/xenonkungen.com\/no\/produkt\/laser-led-rampesett-land-rover-def-2020-2x-triple-r-750-elite\/\"]}]},{\"@type\":\"ImageObject\",\"inLanguage\":\"de\",\"@id\":\"https:\/\/xenonkungen.com\/no\/produkt\/laser-led-rampesett-land-rover-def-2020-2x-triple-r-750-elite\/#primaryimage\",\"url\":\"https:\/\/xenonkungen.com\/wp-content\/uploads\/2025\/04\/159500_itemimage_mainfront.jpg\",\"contentUrl\":\"https:\/\/xenonkungen.com\/wp-content\/uploads\/2025\/04\/159500_itemimage_mainfront.jpg\",\"width\":2048,\"height\":1537},{\"@type\":\"BreadcrumbList\",\"@id\":\"https:\/\/xenonkungen.com\/no\/produkt\/laser-led-rampesett-land-rover-def-2020-2x-triple-r-750-elite\/#breadcrumb\",\"itemListElement\":[{\"@type\":\"ListItem\",\"position\":1,\"name\":\"Hem\",\"item\":\"https:\/\/xenonkungen.com\/\"},{\"@type\":\"ListItem\",\"position\":2,\"name\":\"Shop\",\"item\":\"https:\/\/xenonkungen.com\/shop\/\"},{\"@type\":\"ListItem\",\"position\":3,\"name\":\"Lazer Ledrampskit Land Rover Def 2020+ 2x Triple-R 750 Elite\"}]},{\"@type\":\"WebSite\",\"@id\":\"https:\/\/xenonkungen.com\/#website\",\"url\":\"https:\/\/xenonkungen.com\/\",\"name\":\"Xenonkungen\",\"description\":\"\",\"potentialAction\":[{\"@type\":\"SearchAction\",\"target\":{\"@type\":\"EntryPoint\",\"urlTemplate\":\"https:\/\/xenonkungen.com\/?s={search_term_string}\"},\"query-input\":{\"@type\":\"PropertyValueSpecification\",\"valueRequired\":true,\"valueName\":\"search_term_string\"}}],\"inLanguage\":\"de\"}]}<\/script>\n<!-- \/ Yoast SEO plugin. -->","yoast_head_json":{"title":"Lazer LED Ramp Kit Land Rover Def 2020+ 2x Triple-R 750 Elite - Der Xenon-K\u00f6nig","robots":{"index":"index","follow":"follow","max-snippet":"max-snippet:-1","max-image-preview":"max-image-preview:large","max-video-preview":"max-video-preview:-1"},"canonical":"https:\/\/xenonkungen.com\/de\/produkt\/laser-led-rampensatz-fur-land-rover-def-2020-2x-triple-r-750-elite\/","og_locale":"de_DE","og_type":"article","og_title":"Lazer Ledrampskit Land Rover Def 2020+ 2x Triple-R 750 Elite - Xenonkungen","og_description":"Lazers LED-rampskit f\u00f6r Land Rover Def 2020+ &#8211; Perfekt belysning f\u00f6r din bilmodell Lazer Triple-R 750 Elite Grille Integrationssats f\u00f6r Land Rover Defender (fr\u00e5n 2020) Uppgradera din Land Rover Defender (modell\u00e5r 2020 och fram\u00e5t) med Lazer Triple-R 750 Elite Grille Integrationssats, skr\u00e4ddarsydd f\u00f6r OE-kvalitetsinstallation av extra LED-k\u00f6rstr\u00e5lkastare. Denna sats inkluderar specialdesignade monteringsf\u00e4sten f\u00f6r en snabb [&hellip;]","og_url":"https:\/\/xenonkungen.com\/de\/produkt\/laser-led-rampensatz-fur-land-rover-def-2020-2x-triple-r-750-elite\/","og_site_name":"Xenonkungen","article_modified_time":"2026-04-24T16:26:25+00:00","og_image":[{"width":2048,"height":1537,"url":"https:\/\/xenonkungen.com\/wp-content\/uploads\/2025\/04\/159500_itemimage_mainfront.jpg","type":"image\/jpeg"}],"twitter_card":"summary_large_image","twitter_misc":{"Gesch\u00e4tzte Lesezeit":"1\u00a0Minute"},"schema":{"@context":"https:\/\/schema.org","@graph":[{"@type":"WebPage","@id":"https:\/\/xenonkungen.com\/no\/produkt\/laser-led-rampesett-land-rover-def-2020-2x-triple-r-750-elite\/","url":"https:\/\/xenonkungen.com\/no\/produkt\/laser-led-rampesett-land-rover-def-2020-2x-triple-r-750-elite\/","name":"Lazer LED Ramp Kit Land Rover Def 2020+ 2x Triple-R 750 Elite - Der Xenon-K\u00f6nig","isPartOf":{"@id":"https:\/\/xenonkungen.com\/#website"},"primaryImageOfPage":{"@id":"https:\/\/xenonkungen.com\/no\/produkt\/laser-led-rampesett-land-rover-def-2020-2x-triple-r-750-elite\/#primaryimage"},"image":{"@id":"https:\/\/xenonkungen.com\/no\/produkt\/laser-led-rampesett-land-rover-def-2020-2x-triple-r-750-elite\/#primaryimage"},"thumbnailUrl":"https:\/\/xenonkungen.com\/wp-content\/uploads\/2025\/04\/159500_itemimage_mainfront.jpg","datePublished":"2025-04-15T09:26:33+00:00","dateModified":"2026-04-24T16:26:25+00:00","breadcrumb":{"@id":"https:\/\/xenonkungen.com\/no\/produkt\/laser-led-rampesett-land-rover-def-2020-2x-triple-r-750-elite\/#breadcrumb"},"inLanguage":"de","potentialAction":[{"@type":"ReadAction","target":["https:\/\/xenonkungen.com\/no\/produkt\/laser-led-rampesett-land-rover-def-2020-2x-triple-r-750-elite\/"]}]},{"@type":"ImageObject","inLanguage":"de","@id":"https:\/\/xenonkungen.com\/no\/produkt\/laser-led-rampesett-land-rover-def-2020-2x-triple-r-750-elite\/#primaryimage","url":"https:\/\/xenonkungen.com\/wp-content\/uploads\/2025\/04\/159500_itemimage_mainfront.jpg","contentUrl":"https:\/\/xenonkungen.com\/wp-content\/uploads\/2025\/04\/159500_itemimage_mainfront.jpg","width":2048,"height":1537},{"@type":"BreadcrumbList","@id":"https:\/\/xenonkungen.com\/no\/produkt\/laser-led-rampesett-land-rover-def-2020-2x-triple-r-750-elite\/#breadcrumb","itemListElement":[{"@type":"ListItem","position":1,"name":"Hem","item":"https:\/\/xenonkungen.com\/"},{"@type":"ListItem","position":2,"name":"Shop","item":"https:\/\/xenonkungen.com\/shop\/"},{"@type":"ListItem","position":3,"name":"Lazer Ledrampskit Land Rover Def 2020+ 2x Triple-R 750 Elite"}]},{"@type":"WebSite","@id":"https:\/\/xenonkungen.com\/#website","url":"https:\/\/xenonkungen.com\/","name":"Xenonkungen","description":"","potentialAction":[{"@type":"SearchAction","target":{"@type":"EntryPoint","urlTemplate":"https:\/\/xenonkungen.com\/?s={search_term_string}"},"query-input":{"@type":"PropertyValueSpecification","valueRequired":true,"valueName":"search_term_string"}}],"inLanguage":"de"}]}},"taxonomy_info":{"product_brand":[{"value":1124,"label":"Lazer"}],"product_cat":[{"value":2539,"label":"LEDRAMPER"},{"value":2596,"label":"Paket"},{"value":1916,"label":"Ledrampspaket"}],"product_tag":[{"value":2735,"label":"Lazer"}],"pa_fargtemperatur":[{"value":154,"label":"5000K"}],"pa_godkannande":[{"value":1614,"label":"E-Godk\u00e4nd, R112"}],"pa_led-chips-effekt-w":[{"value":1616,"label":"104"}],"pa_stromforbrukning":[{"value":1617,"label":"7,2A@14,4V"}],"pa_volt-v":[{"value":1084,"label":"Multivolt, 10, 12, 16, 18, 24, 28, 30, 32"}]},"featured_image_src_large":["https:\/\/xenonkungen.com\/wp-content\/uploads\/2025\/04\/159500_itemimage_mainfront-1024x769.jpg",1024,769,true],"author_info":[],"comment_info":0,"_links":{"self":[{"href":"https:\/\/xenonkungen.com\/de\/wp-json\/wp\/v2\/product\/5300","targetHints":{"allow":["GET"]}}],"collection":[{"href":"https:\/\/xenonkungen.com\/de\/wp-json\/wp\/v2\/product"}],"about":[{"href":"https:\/\/xenonkungen.com\/de\/wp-json\/wp\/v2\/types\/product"}],"replies":[{"embeddable":true,"href":"https:\/\/xenonkungen.com\/de\/wp-json\/wp\/v2\/comments?post=5300"}],"wp:featuredmedia":[{"embeddable":true,"href":"https:\/\/xenonkungen.com\/de\/wp-json\/wp\/v2\/media\/5301"}],"wp:attachment":[{"href":"https:\/\/xenonkungen.com\/de\/wp-json\/wp\/v2\/media?parent=5300"}],"wp:term":[{"taxonomy":"anvandningsomrade","embeddable":true,"href":"https:\/\/xenonkungen.com\/de\/wp-json\/wp\/v2\/anvandningsomrade?post=5300"},{"taxonomy":"bilmarken","embeddable":true,"href":"https:\/\/xenonkungen.com\/de\/wp-json\/wp\/v2\/bilmarken?post=5300"},{"taxonomy":"product_brand","embeddable":true,"href":"https:\/\/xenonkungen.com\/de\/wp-json\/wp\/v2\/product_brand?post=5300"},{"taxonomy":"product_cat","embeddable":true,"href":"https:\/\/xenonkungen.com\/de\/wp-json\/wp\/v2\/product_cat?post=5300"},{"taxonomy":"product_tag","embeddable":true,"href":"https:\/\/xenonkungen.com\/de\/wp-json\/wp\/v2\/product_tag?post=5300"}],"curies":[{"name":"wp","href":"https:\/\/api.w.org\/{rel}","templated":true}]}}