{"id":5516,"date":"2025-04-15T09:31:18","date_gmt":"2025-04-15T09:31:18","guid":{"rendered":"https:\/\/xenonkungen.com\/product\/gylle-gummiarm-lang-195mm\/"},"modified":"2025-12-10T14:46:47","modified_gmt":"2025-12-10T13:46:47","slug":"gummiarm-mit-schlammfullung-lang-195-mm","status":"publish","type":"product","link":"https:\/\/xenonkungen.com\/de\/produkt\/gummiarm-mit-schlammfullung-lang-195-mm\/","title":{"rendered":"Gummiarm mit Schlammf\u00fcllung, lang 195 mm"},"content":{"rendered":"<header>\n<h1>Gummiarm mit 190 mm Auszugsl\u00e4nge \u2013 robust und flexibel zur Montage von Leuchten<\/h1>\n<\/header>\n<p><main><\/p>\n<p>Verleihen Sie Ihren Fahrzeugen die Stabilit\u00e4t und Flexibilit\u00e4t, die sie ben\u00f6tigen \u2013 mit unserem <strong>Gummiarm mit einer Ausladung von 190 mm<\/strong>Diese Halterung ist f\u00fcr verschiedene Beleuchtungsarten geeignet und h\u00e4lt auch rauen Umgebungsbedingungen stand. Sie ist die perfekte L\u00f6sung f\u00fcr alle, die eine zuverl\u00e4ssige Halterung ben\u00f6tigen.<\/p>\n<h2>Warum sollten Sie sich f\u00fcr unseren Gummiarm entscheiden?<\/h2>\n<ul>\n<li><strong>Optimale L\u00e4nge:<\/strong> Dank der herausragenden L\u00e4nge von 190 mm eignet es sich ideal f\u00fcr die Montage von Beleuchtung an Fahrzeugen, bei denen eine gr\u00f6\u00dfere Reichweite erforderlich ist.<\/li>\n<li><strong>Robustes Material:<\/strong> Hergestellt aus strapazierf\u00e4higem und witterungsbest\u00e4ndigem Gummi, um auch unter rauen Umgebungsbedingungen und bei langfristiger Nutzung standzuhalten.<\/li>\n<li><strong>Flexibel und sto\u00dffest:<\/strong> Die flexible Konstruktion sch\u00fctzt die montierte Beleuchtung vor St\u00f6\u00dfen und Vibrationen und verl\u00e4ngert so ihre Lebensdauer.<\/li>\n<li><strong>Breite Kompatibilit\u00e4t:<\/strong> Geeignet f\u00fcr die meisten Fahrzeugtypen, einschlie\u00dflich Lastwagen, Anh\u00e4nger und Baumaschinen.<\/li>\n<\/ul>\n<h2>Perfekt f\u00fcr<\/h2>\n<ul>\n<li>Lkw und Anh\u00e4nger, die eine sichere und dauerhafte Beleuchtungsinstallation erfordern.<\/li>\n<li>Baumaschinen und Landwirtschaftsmaschinen, die harten Arbeitsbedingungen standhalten m\u00fcssen.<\/li>\n<li>Alle Fahrzeugtypen, bei denen Flexibilit\u00e4t und Langlebigkeit erforderlich sind.<\/li>\n<\/ul>\n<p><main><\/p>\n<h2>Kompatible OEM-Nummern<\/h2>\n<ul>\n<li><span>2BM780<\/span><\/li>\n<li><span>3023<\/span><\/li>\n<li><span>30911<\/span><\/li>\n<li><span>8181116<\/span><\/li>\n<\/ul>\n<p><\/main><\/p>\n<footer>\n<h3><strong>Technische Daten<\/strong><\/h3>\n<\/footer>\n<p><\/main><\/p>","protected":false},"excerpt":{"rendered":"<p>Gummiarm med Utskjutande L\u00e4ngd p\u00e5 190 mm \u2013 Robust och Flexibel F\u00f6r Montering av Belysning Ge dina fordon den stabilitet och flexibilitet som beh\u00f6vs med v\u00e5r gummiarm med en utskjutande l\u00e4ngd p\u00e5 190 mm. Designad f\u00f6r att passa olika typer av belysning och h\u00e5lla i tuffa milj\u00f6er, \u00e4r detta den perfekta l\u00f6sningen f\u00f6r dig som [&hellip;]<\/p>","protected":false},"featured_media":5517,"comment_status":"closed","ping_status":"open","template":"","meta":{"_acf_changed":false,"_smort_price_nok":"116","_smort_price_dkk":"74","_smort_price_eur":"9.91","_smort_sale_price_nok":"","_smort_sale_price_dkk":"","_smort_sale_price_eur":"","smort_restorder":"","shipmondo_restorder":"","_kad_blocks_custom_css":"","_kad_blocks_head_custom_js":"","_kad_blocks_body_custom_js":"","_kad_blocks_footer_custom_js":"","smort_custom_pricelist_1":"69.76","smort_custom_pricelist_2":"61.04","smort_custom_pricelist_3":"61.04","smort_custom_pricelist_4":"87.2","smort_custom_pricelist_5":"61.04"},"anvandningsomrade":[166,238,2816],"bilmarken":[],"product_brand":[1640],"product_cat":[2446],"product_tag":[],"class_list":{"0":"post-5516","1":"product","2":"type-product","3":"status-publish","4":"has-post-thumbnail","6":"anvandningsomrade-lastbil","7":"anvandningsomrade-slap","8":"anvandningsomrade-trailer","9":"product_brand-gylle","10":"product_cat-tillbehor-slap","11":"pa_storlek-mm-1647","13":"first","14":"instock","15":"taxable","16":"shipping-taxable","17":"purchasable","18":"product-type-simple"},"bundled_by":[],"bundle_stock_status":"instock","bundle_stock_quantity":2,"bundle_virtual":false,"bundle_layout":"","bundle_add_to_cart_form_location":"","bundle_editable_in_cart":false,"bundle_sold_individually_context":"","bundle_item_grouping":"","bundle_min_size":"","bundle_max_size":"","bundle_price":[],"bundled_items":[],"bundle_sell_ids":[],"acf":[],"yoast_head":"<!-- This site is optimized with the Yoast SEO plugin v27.0 - https:\/\/yoast.com\/product\/yoast-seo-wordpress\/ -->\n<title>Gylle Gummiarm L\u00e5ng 195mm - Xenonkungen<\/title>\n<meta name=\"robots\" content=\"index, follow, max-snippet:-1, max-image-preview:large, max-video-preview:-1\" \/>\n<link rel=\"canonical\" href=\"https:\/\/xenonkungen.com\/de\/produkt\/gummiarm-mit-schlammfullung-lang-195-mm\/\" \/>\n<meta property=\"og:locale\" content=\"de_DE\" \/>\n<meta property=\"og:type\" content=\"article\" \/>\n<meta property=\"og:title\" content=\"Gylle Gummiarm L\u00e5ng 195mm - Xenonkungen\" \/>\n<meta property=\"og:description\" content=\"Gummiarm med Utskjutande L\u00e4ngd p\u00e5 190 mm \u2013 Robust och Flexibel F\u00f6r Montering av Belysning Ge dina fordon den stabilitet och flexibilitet som beh\u00f6vs med v\u00e5r gummiarm med en utskjutande l\u00e4ngd p\u00e5 190 mm. Designad f\u00f6r att passa olika typer av belysning och h\u00e5lla i tuffa milj\u00f6er, \u00e4r detta den perfekta l\u00f6sningen f\u00f6r dig som [&hellip;]\" \/>\n<meta property=\"og:url\" content=\"https:\/\/xenonkungen.com\/de\/produkt\/gummiarm-mit-schlammfullung-lang-195-mm\/\" \/>\n<meta property=\"og:site_name\" content=\"Xenonkungen\" \/>\n<meta property=\"article:modified_time\" content=\"2025-12-10T13:46:47+00:00\" \/>\n<meta property=\"og:image\" content=\"https:\/\/xenonkungen.com\/wp-content\/uploads\/2025\/04\/217465279-origpic-536024.jpg\" \/>\n\t<meta property=\"og:image:width\" content=\"389\" \/>\n\t<meta property=\"og:image:height\" content=\"298\" \/>\n\t<meta property=\"og:image:type\" content=\"image\/jpeg\" \/>\n<meta name=\"twitter:card\" content=\"summary_large_image\" \/>\n<meta name=\"twitter:label1\" content=\"Gesch\u00e4tzte Lesezeit\" \/>\n\t<meta name=\"twitter:data1\" content=\"1\u00a0Minute\" \/>\n<script type=\"application\/ld+json\" class=\"yoast-schema-graph\">{\"@context\":\"https:\/\/schema.org\",\"@graph\":[{\"@type\":\"WebPage\",\"@id\":\"https:\/\/xenonkungen.com\/es\/producto\/brazo-de-goma-para-lodos-de-195-mm-de-largo\/\",\"url\":\"https:\/\/xenonkungen.com\/es\/producto\/brazo-de-goma-para-lodos-de-195-mm-de-largo\/\",\"name\":\"Gylle Gummiarm L\u00e5ng 195mm - Xenonkungen\",\"isPartOf\":{\"@id\":\"https:\/\/xenonkungen.com\/#website\"},\"primaryImageOfPage\":{\"@id\":\"https:\/\/xenonkungen.com\/es\/producto\/brazo-de-goma-para-lodos-de-195-mm-de-largo\/#primaryimage\"},\"image\":{\"@id\":\"https:\/\/xenonkungen.com\/es\/producto\/brazo-de-goma-para-lodos-de-195-mm-de-largo\/#primaryimage\"},\"thumbnailUrl\":\"https:\/\/xenonkungen.com\/wp-content\/uploads\/2025\/04\/217465279-origpic-536024.jpg\",\"datePublished\":\"2025-04-15T09:31:18+00:00\",\"dateModified\":\"2025-12-10T13:46:47+00:00\",\"breadcrumb\":{\"@id\":\"https:\/\/xenonkungen.com\/es\/producto\/brazo-de-goma-para-lodos-de-195-mm-de-largo\/#breadcrumb\"},\"inLanguage\":\"de\",\"potentialAction\":[{\"@type\":\"ReadAction\",\"target\":[\"https:\/\/xenonkungen.com\/es\/producto\/brazo-de-goma-para-lodos-de-195-mm-de-largo\/\"]}]},{\"@type\":\"ImageObject\",\"inLanguage\":\"de\",\"@id\":\"https:\/\/xenonkungen.com\/es\/producto\/brazo-de-goma-para-lodos-de-195-mm-de-largo\/#primaryimage\",\"url\":\"https:\/\/xenonkungen.com\/wp-content\/uploads\/2025\/04\/217465279-origpic-536024.jpg\",\"contentUrl\":\"https:\/\/xenonkungen.com\/wp-content\/uploads\/2025\/04\/217465279-origpic-536024.jpg\",\"width\":389,\"height\":298},{\"@type\":\"BreadcrumbList\",\"@id\":\"https:\/\/xenonkungen.com\/es\/producto\/brazo-de-goma-para-lodos-de-195-mm-de-largo\/#breadcrumb\",\"itemListElement\":[{\"@type\":\"ListItem\",\"position\":1,\"name\":\"Hem\",\"item\":\"https:\/\/xenonkungen.com\/\"},{\"@type\":\"ListItem\",\"position\":2,\"name\":\"Shop\",\"item\":\"https:\/\/xenonkungen.com\/shop\/\"},{\"@type\":\"ListItem\",\"position\":3,\"name\":\"Gylle Gummiarm L\u00e5ng 195mm\"}]},{\"@type\":\"WebSite\",\"@id\":\"https:\/\/xenonkungen.com\/#website\",\"url\":\"https:\/\/xenonkungen.com\/\",\"name\":\"Xenonkungen\",\"description\":\"\",\"potentialAction\":[{\"@type\":\"SearchAction\",\"target\":{\"@type\":\"EntryPoint\",\"urlTemplate\":\"https:\/\/xenonkungen.com\/?s={search_term_string}\"},\"query-input\":{\"@type\":\"PropertyValueSpecification\",\"valueRequired\":true,\"valueName\":\"search_term_string\"}}],\"inLanguage\":\"de\"}]}<\/script>\n<!-- \/ Yoast SEO plugin. -->","yoast_head_json":{"title":"Goldener Gummiarm lang 195 mm - Der Xenon-K\u00f6nig","robots":{"index":"index","follow":"follow","max-snippet":"max-snippet:-1","max-image-preview":"max-image-preview:large","max-video-preview":"max-video-preview:-1"},"canonical":"https:\/\/xenonkungen.com\/de\/produkt\/gummiarm-mit-schlammfullung-lang-195-mm\/","og_locale":"de_DE","og_type":"article","og_title":"Gylle Gummiarm L\u00e5ng 195mm - Xenonkungen","og_description":"Gummiarm med Utskjutande L\u00e4ngd p\u00e5 190 mm \u2013 Robust och Flexibel F\u00f6r Montering av Belysning Ge dina fordon den stabilitet och flexibilitet som beh\u00f6vs med v\u00e5r gummiarm med en utskjutande l\u00e4ngd p\u00e5 190 mm. Designad f\u00f6r att passa olika typer av belysning och h\u00e5lla i tuffa milj\u00f6er, \u00e4r detta den perfekta l\u00f6sningen f\u00f6r dig som [&hellip;]","og_url":"https:\/\/xenonkungen.com\/de\/produkt\/gummiarm-mit-schlammfullung-lang-195-mm\/","og_site_name":"Xenonkungen","article_modified_time":"2025-12-10T13:46:47+00:00","og_image":[{"width":389,"height":298,"url":"https:\/\/xenonkungen.com\/wp-content\/uploads\/2025\/04\/217465279-origpic-536024.jpg","type":"image\/jpeg"}],"twitter_card":"summary_large_image","twitter_misc":{"Gesch\u00e4tzte Lesezeit":"1\u00a0Minute"},"schema":{"@context":"https:\/\/schema.org","@graph":[{"@type":"WebPage","@id":"https:\/\/xenonkungen.com\/es\/producto\/brazo-de-goma-para-lodos-de-195-mm-de-largo\/","url":"https:\/\/xenonkungen.com\/es\/producto\/brazo-de-goma-para-lodos-de-195-mm-de-largo\/","name":"Goldener Gummiarm lang 195 mm - Der Xenon-K\u00f6nig","isPartOf":{"@id":"https:\/\/xenonkungen.com\/#website"},"primaryImageOfPage":{"@id":"https:\/\/xenonkungen.com\/es\/producto\/brazo-de-goma-para-lodos-de-195-mm-de-largo\/#primaryimage"},"image":{"@id":"https:\/\/xenonkungen.com\/es\/producto\/brazo-de-goma-para-lodos-de-195-mm-de-largo\/#primaryimage"},"thumbnailUrl":"https:\/\/xenonkungen.com\/wp-content\/uploads\/2025\/04\/217465279-origpic-536024.jpg","datePublished":"2025-04-15T09:31:18+00:00","dateModified":"2025-12-10T13:46:47+00:00","breadcrumb":{"@id":"https:\/\/xenonkungen.com\/es\/producto\/brazo-de-goma-para-lodos-de-195-mm-de-largo\/#breadcrumb"},"inLanguage":"de","potentialAction":[{"@type":"ReadAction","target":["https:\/\/xenonkungen.com\/es\/producto\/brazo-de-goma-para-lodos-de-195-mm-de-largo\/"]}]},{"@type":"ImageObject","inLanguage":"de","@id":"https:\/\/xenonkungen.com\/es\/producto\/brazo-de-goma-para-lodos-de-195-mm-de-largo\/#primaryimage","url":"https:\/\/xenonkungen.com\/wp-content\/uploads\/2025\/04\/217465279-origpic-536024.jpg","contentUrl":"https:\/\/xenonkungen.com\/wp-content\/uploads\/2025\/04\/217465279-origpic-536024.jpg","width":389,"height":298},{"@type":"BreadcrumbList","@id":"https:\/\/xenonkungen.com\/es\/producto\/brazo-de-goma-para-lodos-de-195-mm-de-largo\/#breadcrumb","itemListElement":[{"@type":"ListItem","position":1,"name":"Hem","item":"https:\/\/xenonkungen.com\/"},{"@type":"ListItem","position":2,"name":"Shop","item":"https:\/\/xenonkungen.com\/shop\/"},{"@type":"ListItem","position":3,"name":"Gylle Gummiarm L\u00e5ng 195mm"}]},{"@type":"WebSite","@id":"https:\/\/xenonkungen.com\/#website","url":"https:\/\/xenonkungen.com\/","name":"Xenonkungen","description":"","potentialAction":[{"@type":"SearchAction","target":{"@type":"EntryPoint","urlTemplate":"https:\/\/xenonkungen.com\/?s={search_term_string}"},"query-input":{"@type":"PropertyValueSpecification","valueRequired":true,"valueName":"search_term_string"}}],"inLanguage":"de"}]}},"taxonomy_info":{"anvandningsomrade":[{"value":166,"label":"Lastbil"},{"value":238,"label":"SL\u00c4P"},{"value":2816,"label":"TRAILER"}],"product_brand":[{"value":1640,"label":"Gylle"}],"product_cat":[{"value":2446,"label":"Tillbeh\u00f6r"}],"pa_storlek-mm":[{"value":1647,"label":"190"}]},"featured_image_src_large":["https:\/\/xenonkungen.com\/wp-content\/uploads\/2025\/04\/217465279-origpic-536024.jpg",389,298,false],"author_info":[],"comment_info":0,"_links":{"self":[{"href":"https:\/\/xenonkungen.com\/de\/wp-json\/wp\/v2\/product\/5516","targetHints":{"allow":["GET"]}}],"collection":[{"href":"https:\/\/xenonkungen.com\/de\/wp-json\/wp\/v2\/product"}],"about":[{"href":"https:\/\/xenonkungen.com\/de\/wp-json\/wp\/v2\/types\/product"}],"replies":[{"embeddable":true,"href":"https:\/\/xenonkungen.com\/de\/wp-json\/wp\/v2\/comments?post=5516"}],"wp:featuredmedia":[{"embeddable":true,"href":"https:\/\/xenonkungen.com\/de\/wp-json\/wp\/v2\/media\/5517"}],"wp:attachment":[{"href":"https:\/\/xenonkungen.com\/de\/wp-json\/wp\/v2\/media?parent=5516"}],"wp:term":[{"taxonomy":"anvandningsomrade","embeddable":true,"href":"https:\/\/xenonkungen.com\/de\/wp-json\/wp\/v2\/anvandningsomrade?post=5516"},{"taxonomy":"bilmarken","embeddable":true,"href":"https:\/\/xenonkungen.com\/de\/wp-json\/wp\/v2\/bilmarken?post=5516"},{"taxonomy":"product_brand","embeddable":true,"href":"https:\/\/xenonkungen.com\/de\/wp-json\/wp\/v2\/product_brand?post=5516"},{"taxonomy":"product_cat","embeddable":true,"href":"https:\/\/xenonkungen.com\/de\/wp-json\/wp\/v2\/product_cat?post=5516"},{"taxonomy":"product_tag","embeddable":true,"href":"https:\/\/xenonkungen.com\/de\/wp-json\/wp\/v2\/product_tag?post=5516"}],"curies":[{"name":"wp","href":"https:\/\/api.w.org\/{rel}","templated":true}]}}