{"id":5519,"date":"2025-04-15T09:31:18","date_gmt":"2025-04-15T09:31:18","guid":{"rendered":"https:\/\/xenonkungen.com\/product\/gylle-gummiarm-kort-110mm\/"},"modified":"2025-12-10T14:46:48","modified_gmt":"2025-12-10T13:46:48","slug":"gummiarm-fur-schlammmischung-kurz-110-mm","status":"publish","type":"product","link":"https:\/\/xenonkungen.com\/de\/produkt\/gummiarm-fur-schlammmischung-kurz-110-mm\/","title":{"rendered":"Gummiarm f\u00fcr Schlammmischungen, kurz, 110 mm"},"content":{"rendered":"<h1>Kurzer Gummiarm, 110 mm \u2013 flexibel und langlebig<\/h1>\n<p>Suchen Sie einen <strong>robuster und flexibler Gummiarm<\/strong> F\u00fcr Ihre Beleuchtung? Das <strong>110 mm kurzer Gummiarm<\/strong> ist die perfekte L\u00f6sung und passt gleicherma\u00dfen gut zu <strong>lose Diodeneins\u00e4tze<\/strong> wie bei einem <strong>Lampenfassung aus Edelstahl<\/strong>.<\/p>\n<h2>Warum sollte man sich f\u00fcr diesen Gummiarm entscheiden?<\/h2>\n<ul>\n<li><strong>Flexible Montage:<\/strong> Kompatibel mit Diodeneins\u00e4tzen und Lampenfassungen aus Edelstahl.<\/li>\n<li><strong>Robuste Gummikonstruktion:<\/strong> H\u00e4lt h\u00e4rtesten Bedingungen stand und ist sehr langlebig.<\/li>\n<li><strong>Perfekte Gr\u00f6\u00dfe:<\/strong> Kurzes Design (110 mm) f\u00fcr einfache Installation.<\/li>\n<li><strong>Vielseitig einsetzbar:<\/strong> Geeignet f\u00fcr diverse Beleuchtungsanforderungen im Transportwesen und in der Industrie.<\/li>\n<\/ul>\n<h2>Kompatible OEM-Nummern:<\/h2>\n<ul>\n<li>230819810<\/li>\n<li>2BM800<\/li>\n<li>3022<\/li>\n<li>30910<\/li>\n<li>8181117<\/li>\n<\/ul>\n<p>Egal, ob Sie Ihre Beleuchtung modernisieren oder ein verschlissenes Teil austauschen m\u00f6chten, dies ist <strong>Gummiarm \u2013 eine zuverl\u00e4ssige und langlebige L\u00f6sung<\/strong>.<\/p>","protected":false},"excerpt":{"rendered":"<p>Gummiarm Kort 110 mm \u2013 Flexibel och H\u00e5llbar Letar du efter en robust och flexibel gummiarm f\u00f6r din belysning? Denna 110 mm korta gummiarm \u00e4r den perfekta l\u00f6sningen och passar lika bra med l\u00f6sa diodinsatser som med en rostfri lamph\u00e5llare. Varf\u00f6r v\u00e4lja denna gummiarm? Flexibel montering: Kompatibel med b\u00e5de diodinsatser och rostfria lamph\u00e5llare. Slitstark gummikonstruktion: [&hellip;]<\/p>","protected":false},"featured_media":5520,"comment_status":"closed","ping_status":"open","template":"","meta":{"_acf_changed":false,"_smort_price_nok":"116","_smort_price_dkk":"74","_smort_price_eur":"9.91","_smort_sale_price_nok":"","_smort_sale_price_dkk":"","_smort_sale_price_eur":"","smort_restorder":"","shipmondo_restorder":"","_kad_blocks_custom_css":"","_kad_blocks_head_custom_js":"","_kad_blocks_body_custom_js":"","_kad_blocks_footer_custom_js":"","smort_custom_pricelist_1":"69.76","smort_custom_pricelist_2":"61.04","smort_custom_pricelist_3":"61.04","smort_custom_pricelist_4":"87.2","smort_custom_pricelist_5":"61.04"},"anvandningsomrade":[166,238,2816],"bilmarken":[],"product_brand":[1640],"product_cat":[2446],"product_tag":[],"class_list":{"0":"post-5519","1":"product","2":"type-product","3":"status-publish","4":"has-post-thumbnail","6":"anvandningsomrade-lastbil","7":"anvandningsomrade-slap","8":"anvandningsomrade-trailer","9":"product_brand-gylle","10":"product_cat-tillbehor-slap","11":"pa_storlek-mm-1648","13":"first","14":"instock","15":"taxable","16":"shipping-taxable","17":"purchasable","18":"product-type-simple"},"bundled_by":[],"bundle_stock_status":"instock","bundle_stock_quantity":2,"bundle_virtual":false,"bundle_layout":"","bundle_add_to_cart_form_location":"","bundle_editable_in_cart":false,"bundle_sold_individually_context":"","bundle_item_grouping":"","bundle_min_size":"","bundle_max_size":"","bundle_price":[],"bundled_items":[],"bundle_sell_ids":[],"acf":[],"yoast_head":"<!-- This site is optimized with the Yoast SEO plugin v27.0 - https:\/\/yoast.com\/product\/yoast-seo-wordpress\/ -->\n<title>Gylle Gummiarm Kort 110mm - Xenonkungen<\/title>\n<meta name=\"robots\" content=\"index, follow, max-snippet:-1, max-image-preview:large, max-video-preview:-1\" \/>\n<link rel=\"canonical\" href=\"https:\/\/xenonkungen.com\/de\/produkt\/gummiarm-fur-schlammmischung-kurz-110-mm\/\" \/>\n<meta property=\"og:locale\" content=\"de_DE\" \/>\n<meta property=\"og:type\" content=\"article\" \/>\n<meta property=\"og:title\" content=\"Gylle Gummiarm Kort 110mm - Xenonkungen\" \/>\n<meta property=\"og:description\" content=\"Gummiarm Kort 110 mm \u2013 Flexibel och H\u00e5llbar Letar du efter en robust och flexibel gummiarm f\u00f6r din belysning? Denna 110 mm korta gummiarm \u00e4r den perfekta l\u00f6sningen och passar lika bra med l\u00f6sa diodinsatser som med en rostfri lamph\u00e5llare. Varf\u00f6r v\u00e4lja denna gummiarm? Flexibel montering: Kompatibel med b\u00e5de diodinsatser och rostfria lamph\u00e5llare. Slitstark gummikonstruktion: [&hellip;]\" \/>\n<meta property=\"og:url\" content=\"https:\/\/xenonkungen.com\/de\/produkt\/gummiarm-fur-schlammmischung-kurz-110-mm\/\" \/>\n<meta property=\"og:site_name\" content=\"Xenonkungen\" \/>\n<meta property=\"article:modified_time\" content=\"2025-12-10T13:46:48+00:00\" \/>\n<meta property=\"og:image\" content=\"https:\/\/xenonkungen.com\/wp-content\/uploads\/2025\/04\/217684111-origpic-3d61ba.jpg\" \/>\n\t<meta property=\"og:image:width\" content=\"476\" \/>\n\t<meta property=\"og:image:height\" content=\"593\" \/>\n\t<meta property=\"og:image:type\" content=\"image\/jpeg\" \/>\n<meta name=\"twitter:card\" content=\"summary_large_image\" \/>\n<meta name=\"twitter:label1\" content=\"Gesch\u00e4tzte Lesezeit\" \/>\n\t<meta name=\"twitter:data1\" content=\"1\u00a0Minute\" \/>\n<script type=\"application\/ld+json\" class=\"yoast-schema-graph\">{\"@context\":\"https:\/\/schema.org\",\"@graph\":[{\"@type\":\"WebPage\",\"@id\":\"https:\/\/xenonkungen.com\/dk\/vare\/gummiarm-til-slam-kort-110-mm\/\",\"url\":\"https:\/\/xenonkungen.com\/dk\/vare\/gummiarm-til-slam-kort-110-mm\/\",\"name\":\"Gylle Gummiarm Kort 110mm - Xenonkungen\",\"isPartOf\":{\"@id\":\"https:\/\/xenonkungen.com\/#website\"},\"primaryImageOfPage\":{\"@id\":\"https:\/\/xenonkungen.com\/dk\/vare\/gummiarm-til-slam-kort-110-mm\/#primaryimage\"},\"image\":{\"@id\":\"https:\/\/xenonkungen.com\/dk\/vare\/gummiarm-til-slam-kort-110-mm\/#primaryimage\"},\"thumbnailUrl\":\"https:\/\/xenonkungen.com\/wp-content\/uploads\/2025\/04\/217684111-origpic-3d61ba.jpg\",\"datePublished\":\"2025-04-15T09:31:18+00:00\",\"dateModified\":\"2025-12-10T13:46:48+00:00\",\"breadcrumb\":{\"@id\":\"https:\/\/xenonkungen.com\/dk\/vare\/gummiarm-til-slam-kort-110-mm\/#breadcrumb\"},\"inLanguage\":\"de\",\"potentialAction\":[{\"@type\":\"ReadAction\",\"target\":[\"https:\/\/xenonkungen.com\/dk\/vare\/gummiarm-til-slam-kort-110-mm\/\"]}]},{\"@type\":\"ImageObject\",\"inLanguage\":\"de\",\"@id\":\"https:\/\/xenonkungen.com\/dk\/vare\/gummiarm-til-slam-kort-110-mm\/#primaryimage\",\"url\":\"https:\/\/xenonkungen.com\/wp-content\/uploads\/2025\/04\/217684111-origpic-3d61ba.jpg\",\"contentUrl\":\"https:\/\/xenonkungen.com\/wp-content\/uploads\/2025\/04\/217684111-origpic-3d61ba.jpg\",\"width\":476,\"height\":593},{\"@type\":\"BreadcrumbList\",\"@id\":\"https:\/\/xenonkungen.com\/dk\/vare\/gummiarm-til-slam-kort-110-mm\/#breadcrumb\",\"itemListElement\":[{\"@type\":\"ListItem\",\"position\":1,\"name\":\"Hem\",\"item\":\"https:\/\/xenonkungen.com\/\"},{\"@type\":\"ListItem\",\"position\":2,\"name\":\"Shop\",\"item\":\"https:\/\/xenonkungen.com\/shop\/\"},{\"@type\":\"ListItem\",\"position\":3,\"name\":\"Gylle Gummiarm Kort 110mm\"}]},{\"@type\":\"WebSite\",\"@id\":\"https:\/\/xenonkungen.com\/#website\",\"url\":\"https:\/\/xenonkungen.com\/\",\"name\":\"Xenonkungen\",\"description\":\"\",\"potentialAction\":[{\"@type\":\"SearchAction\",\"target\":{\"@type\":\"EntryPoint\",\"urlTemplate\":\"https:\/\/xenonkungen.com\/?s={search_term_string}\"},\"query-input\":{\"@type\":\"PropertyValueSpecification\",\"valueRequired\":true,\"valueName\":\"search_term_string\"}}],\"inLanguage\":\"de\"}]}<\/script>\n<!-- \/ Yoast SEO plugin. -->","yoast_head_json":{"title":"Golden Rubber Arm Short 110mm - The Xenon King","robots":{"index":"index","follow":"follow","max-snippet":"max-snippet:-1","max-image-preview":"max-image-preview:large","max-video-preview":"max-video-preview:-1"},"canonical":"https:\/\/xenonkungen.com\/de\/produkt\/gummiarm-fur-schlammmischung-kurz-110-mm\/","og_locale":"de_DE","og_type":"article","og_title":"Gylle Gummiarm Kort 110mm - Xenonkungen","og_description":"Gummiarm Kort 110 mm \u2013 Flexibel och H\u00e5llbar Letar du efter en robust och flexibel gummiarm f\u00f6r din belysning? Denna 110 mm korta gummiarm \u00e4r den perfekta l\u00f6sningen och passar lika bra med l\u00f6sa diodinsatser som med en rostfri lamph\u00e5llare. Varf\u00f6r v\u00e4lja denna gummiarm? Flexibel montering: Kompatibel med b\u00e5de diodinsatser och rostfria lamph\u00e5llare. Slitstark gummikonstruktion: [&hellip;]","og_url":"https:\/\/xenonkungen.com\/de\/produkt\/gummiarm-fur-schlammmischung-kurz-110-mm\/","og_site_name":"Xenonkungen","article_modified_time":"2025-12-10T13:46:48+00:00","og_image":[{"width":476,"height":593,"url":"https:\/\/xenonkungen.com\/wp-content\/uploads\/2025\/04\/217684111-origpic-3d61ba.jpg","type":"image\/jpeg"}],"twitter_card":"summary_large_image","twitter_misc":{"Gesch\u00e4tzte Lesezeit":"1\u00a0Minute"},"schema":{"@context":"https:\/\/schema.org","@graph":[{"@type":"WebPage","@id":"https:\/\/xenonkungen.com\/dk\/vare\/gummiarm-til-slam-kort-110-mm\/","url":"https:\/\/xenonkungen.com\/dk\/vare\/gummiarm-til-slam-kort-110-mm\/","name":"Golden Rubber Arm Short 110mm - The Xenon King","isPartOf":{"@id":"https:\/\/xenonkungen.com\/#website"},"primaryImageOfPage":{"@id":"https:\/\/xenonkungen.com\/dk\/vare\/gummiarm-til-slam-kort-110-mm\/#primaryimage"},"image":{"@id":"https:\/\/xenonkungen.com\/dk\/vare\/gummiarm-til-slam-kort-110-mm\/#primaryimage"},"thumbnailUrl":"https:\/\/xenonkungen.com\/wp-content\/uploads\/2025\/04\/217684111-origpic-3d61ba.jpg","datePublished":"2025-04-15T09:31:18+00:00","dateModified":"2025-12-10T13:46:48+00:00","breadcrumb":{"@id":"https:\/\/xenonkungen.com\/dk\/vare\/gummiarm-til-slam-kort-110-mm\/#breadcrumb"},"inLanguage":"de","potentialAction":[{"@type":"ReadAction","target":["https:\/\/xenonkungen.com\/dk\/vare\/gummiarm-til-slam-kort-110-mm\/"]}]},{"@type":"ImageObject","inLanguage":"de","@id":"https:\/\/xenonkungen.com\/dk\/vare\/gummiarm-til-slam-kort-110-mm\/#primaryimage","url":"https:\/\/xenonkungen.com\/wp-content\/uploads\/2025\/04\/217684111-origpic-3d61ba.jpg","contentUrl":"https:\/\/xenonkungen.com\/wp-content\/uploads\/2025\/04\/217684111-origpic-3d61ba.jpg","width":476,"height":593},{"@type":"BreadcrumbList","@id":"https:\/\/xenonkungen.com\/dk\/vare\/gummiarm-til-slam-kort-110-mm\/#breadcrumb","itemListElement":[{"@type":"ListItem","position":1,"name":"Hem","item":"https:\/\/xenonkungen.com\/"},{"@type":"ListItem","position":2,"name":"Shop","item":"https:\/\/xenonkungen.com\/shop\/"},{"@type":"ListItem","position":3,"name":"Gylle Gummiarm Kort 110mm"}]},{"@type":"WebSite","@id":"https:\/\/xenonkungen.com\/#website","url":"https:\/\/xenonkungen.com\/","name":"Xenonkungen","description":"","potentialAction":[{"@type":"SearchAction","target":{"@type":"EntryPoint","urlTemplate":"https:\/\/xenonkungen.com\/?s={search_term_string}"},"query-input":{"@type":"PropertyValueSpecification","valueRequired":true,"valueName":"search_term_string"}}],"inLanguage":"de"}]}},"taxonomy_info":{"anvandningsomrade":[{"value":166,"label":"Lastbil"},{"value":238,"label":"SL\u00c4P"},{"value":2816,"label":"TRAILER"}],"product_brand":[{"value":1640,"label":"Gylle"}],"product_cat":[{"value":2446,"label":"Tillbeh\u00f6r"}],"pa_storlek-mm":[{"value":1648,"label":"110"}]},"featured_image_src_large":["https:\/\/xenonkungen.com\/wp-content\/uploads\/2025\/04\/217684111-origpic-3d61ba.jpg",476,593,false],"author_info":[],"comment_info":0,"_links":{"self":[{"href":"https:\/\/xenonkungen.com\/de\/wp-json\/wp\/v2\/product\/5519","targetHints":{"allow":["GET"]}}],"collection":[{"href":"https:\/\/xenonkungen.com\/de\/wp-json\/wp\/v2\/product"}],"about":[{"href":"https:\/\/xenonkungen.com\/de\/wp-json\/wp\/v2\/types\/product"}],"replies":[{"embeddable":true,"href":"https:\/\/xenonkungen.com\/de\/wp-json\/wp\/v2\/comments?post=5519"}],"wp:featuredmedia":[{"embeddable":true,"href":"https:\/\/xenonkungen.com\/de\/wp-json\/wp\/v2\/media\/5520"}],"wp:attachment":[{"href":"https:\/\/xenonkungen.com\/de\/wp-json\/wp\/v2\/media?parent=5519"}],"wp:term":[{"taxonomy":"anvandningsomrade","embeddable":true,"href":"https:\/\/xenonkungen.com\/de\/wp-json\/wp\/v2\/anvandningsomrade?post=5519"},{"taxonomy":"bilmarken","embeddable":true,"href":"https:\/\/xenonkungen.com\/de\/wp-json\/wp\/v2\/bilmarken?post=5519"},{"taxonomy":"product_brand","embeddable":true,"href":"https:\/\/xenonkungen.com\/de\/wp-json\/wp\/v2\/product_brand?post=5519"},{"taxonomy":"product_cat","embeddable":true,"href":"https:\/\/xenonkungen.com\/de\/wp-json\/wp\/v2\/product_cat?post=5519"},{"taxonomy":"product_tag","embeddable":true,"href":"https:\/\/xenonkungen.com\/de\/wp-json\/wp\/v2\/product_tag?post=5519"}],"curies":[{"name":"wp","href":"https:\/\/api.w.org\/{rel}","templated":true}]}}