{"id":5523,"date":"2025-04-15T09:31:26","date_gmt":"2025-04-15T09:31:26","guid":{"rendered":"https:\/\/xenonkungen.com\/product\/aspock-tail-lamp-europoint-iii-left\/"},"modified":"2026-04-24T17:46:37","modified_gmt":"2026-04-24T16:46:37","slug":"aspock-ruckleuchte-europoint-iii-links","status":"publish","type":"product","link":"https:\/\/xenonkungen.com\/de\/produkt\/aspock-ruckleuchte-europoint-iii-links\/","title":{"rendered":"Asp\u00f6ck R\u00fcckleuchte Europoint III Links"},"content":{"rendered":"<h1>Asp\u00f6ck Europoint III \u2013 Innovative R\u00fcckleuchte f\u00fcr schwere Anh\u00e4nger<\/h1>\n<p>Werten Sie Ihren Anh\u00e4nger auf mit <strong>Asp\u00f6ck Europoint III<\/strong>, ein modernes und leistungsstarkes R\u00fccklicht, das bahnbrechende Lichtleitertechnologie und intelligentes Design f\u00fcr optimale Sicherheit und Sichtbarkeit im Stra\u00dfenverkehr kombiniert.<\/p>\n<h2>Zuerst mit Glasfaseroptik<\/h2>\n<p>Europoint III ist die erste R\u00fcckleuchte mit Lichtleitern (Lichtwellenleitern), inspiriert von modernster Technologie der Automobilindustrie. Sie erzeugt ein gleichm\u00e4\u00dfiges und klares Lichtbild, das die Sichtbarkeit erh\u00f6ht und Ihrem Anh\u00e4nger ein modernes Aussehen verleiht.<\/p>\n<h2>Merkmale und Vorteile<\/h2>\n<ul>\n<li><strong>Flexible LED-Markierungsleuchte<\/strong> \u2013 M\u00f6glichkeit zur direkten Montage eines zus\u00e4tzlichen flexiblen LED-Au\u00dfenrahmens.<\/li>\n<li><strong>Intelligente Verbindung<\/strong> \u2013 Vorverdrahteter 7-poliger Zentralanschluss (Asp\u00f6ck ASS2.1), mit der Option, bei Bedarf einen 7. Pin hinzuzuf\u00fcgen.<\/li>\n<li><strong>Robust und langlebig<\/strong> \u2013 Konzipiert, um h\u00e4rtesten Stra\u00dfenbedingungen standzuhalten.<\/li>\n<li><strong>Passt perfekt<\/strong> \u2013 Kompaktes Design mit Abmessungen von 400 x 153 x 88 mm f\u00fcr eine einfache Installation.<\/li>\n<\/ul>\n<h2>Kompatible OEM-Nummern:<\/h2>\n<ul>\n<li>257000507<\/li>\n<\/ul>","protected":false},"excerpt":{"rendered":"<p>Asp\u00f6ck Europoint III \u2013 Innovativ Baklykta f\u00f6r Tunga Sl\u00e4p Uppgradera ditt sl\u00e4p med Asp\u00f6ck Europoint III, en modern och h\u00f6gpresterande baklykta som kombinerar banbrytande ljusledarteknik och smart design f\u00f6r optimal s\u00e4kerhet och synlighet p\u00e5 v\u00e4gen. F\u00f6rst med fiberoptik Europoint III \u00e4r den f\u00f6rsta baklyktan med ljusledare (fiberoptik), inspirerad av den senaste tekniken inom fordonsindustrin. Den [&hellip;]<\/p>","protected":false},"featured_media":5524,"comment_status":"closed","ping_status":"open","template":"","meta":{"_acf_changed":false,"_smort_price_nok":"1810","_smort_price_dkk":"1150","_smort_price_eur":"154.08","_smort_sale_price_nok":"","_smort_sale_price_dkk":"","_smort_sale_price_eur":"","smort_restorder":"","shipmondo_restorder":"","_kad_blocks_custom_css":"","_kad_blocks_head_custom_js":"","_kad_blocks_body_custom_js":"","_kad_blocks_footer_custom_js":"","smort_custom_pricelist_1":"1084.8","smort_custom_pricelist_2":"949.2","smort_custom_pricelist_3":"949.2","smort_custom_pricelist_4":"1356","smort_custom_pricelist_5":"949.2"},"anvandningsomrade":[166,238,2816],"bilmarken":[],"product_brand":[1649],"product_cat":[3052,3048,2552],"product_tag":[],"class_list":{"0":"post-5523","1":"product","2":"type-product","3":"status-publish","4":"has-post-thumbnail","6":"anvandningsomrade-lastbil","7":"anvandningsomrade-slap","8":"anvandningsomrade-trailer","9":"product_brand-aspock","10":"product_cat-bakljus-aspock","11":"product_cat-bakljus-kombination-rektangular","12":"product_cat-bakljus-slap","13":"pa_storlek-mm-400x153x88","15":"first","16":"instock","17":"taxable","18":"shipping-taxable","19":"purchasable","20":"product-type-simple"},"bundled_by":[],"bundle_stock_status":"instock","bundle_stock_quantity":1,"bundle_virtual":false,"bundle_layout":"","bundle_add_to_cart_form_location":"","bundle_editable_in_cart":false,"bundle_sold_individually_context":"","bundle_item_grouping":"","bundle_min_size":"","bundle_max_size":"","bundle_price":[],"bundled_items":[],"bundle_sell_ids":[],"acf":[],"yoast_head":"<!-- This site is optimized with the Yoast SEO plugin v27.0 - https:\/\/yoast.com\/product\/yoast-seo-wordpress\/ -->\n<title>Asp\u00f6ck Tail Lamp Europoint III Left - Xenonkungen<\/title>\n<meta name=\"robots\" content=\"index, follow, max-snippet:-1, max-image-preview:large, max-video-preview:-1\" \/>\n<link rel=\"canonical\" href=\"https:\/\/xenonkungen.com\/de\/produkt\/aspock-ruckleuchte-europoint-iii-links\/\" \/>\n<meta property=\"og:locale\" content=\"de_DE\" \/>\n<meta property=\"og:type\" content=\"article\" \/>\n<meta property=\"og:title\" content=\"Asp\u00f6ck Tail Lamp Europoint III Left - Xenonkungen\" \/>\n<meta property=\"og:description\" content=\"Asp\u00f6ck Europoint III \u2013 Innovativ Baklykta f\u00f6r Tunga Sl\u00e4p Uppgradera ditt sl\u00e4p med Asp\u00f6ck Europoint III, en modern och h\u00f6gpresterande baklykta som kombinerar banbrytande ljusledarteknik och smart design f\u00f6r optimal s\u00e4kerhet och synlighet p\u00e5 v\u00e4gen. F\u00f6rst med fiberoptik Europoint III \u00e4r den f\u00f6rsta baklyktan med ljusledare (fiberoptik), inspirerad av den senaste tekniken inom fordonsindustrin. Den [&hellip;]\" \/>\n<meta property=\"og:url\" content=\"https:\/\/xenonkungen.com\/de\/produkt\/aspock-ruckleuchte-europoint-iii-links\/\" \/>\n<meta property=\"og:site_name\" content=\"Xenonkungen\" \/>\n<meta property=\"article:modified_time\" content=\"2026-04-24T16:46:37+00:00\" \/>\n<meta property=\"og:image\" content=\"https:\/\/xenonkungen.com\/wp-content\/uploads\/2025\/04\/217689425-origpic-2f3377.jpg\" \/>\n\t<meta property=\"og:image:width\" content=\"1500\" \/>\n\t<meta property=\"og:image:height\" content=\"1000\" \/>\n\t<meta property=\"og:image:type\" content=\"image\/jpeg\" \/>\n<meta name=\"twitter:card\" content=\"summary_large_image\" \/>\n<meta name=\"twitter:label1\" content=\"Gesch\u00e4tzte Lesezeit\" \/>\n\t<meta name=\"twitter:data1\" content=\"1\u00a0Minute\" \/>\n<script type=\"application\/ld+json\" class=\"yoast-schema-graph\">{\"@context\":\"https:\/\/schema.org\",\"@graph\":[{\"@type\":\"WebPage\",\"@id\":\"https:\/\/xenonkungen.com\/produkt\/aspock-tail-lamp-europoint-iii-left\/\",\"url\":\"https:\/\/xenonkungen.com\/produkt\/aspock-tail-lamp-europoint-iii-left\/\",\"name\":\"Asp\u00f6ck Tail Lamp Europoint III Left - Xenonkungen\",\"isPartOf\":{\"@id\":\"https:\/\/xenonkungen.com\/#website\"},\"primaryImageOfPage\":{\"@id\":\"https:\/\/xenonkungen.com\/produkt\/aspock-tail-lamp-europoint-iii-left\/#primaryimage\"},\"image\":{\"@id\":\"https:\/\/xenonkungen.com\/produkt\/aspock-tail-lamp-europoint-iii-left\/#primaryimage\"},\"thumbnailUrl\":\"https:\/\/xenonkungen.com\/wp-content\/uploads\/2025\/04\/217689425-origpic-2f3377.jpg\",\"datePublished\":\"2025-04-15T09:31:26+00:00\",\"dateModified\":\"2026-04-24T16:46:37+00:00\",\"breadcrumb\":{\"@id\":\"https:\/\/xenonkungen.com\/produkt\/aspock-tail-lamp-europoint-iii-left\/#breadcrumb\"},\"inLanguage\":\"de\",\"potentialAction\":[{\"@type\":\"ReadAction\",\"target\":[\"https:\/\/xenonkungen.com\/produkt\/aspock-tail-lamp-europoint-iii-left\/\"]}]},{\"@type\":\"ImageObject\",\"inLanguage\":\"de\",\"@id\":\"https:\/\/xenonkungen.com\/produkt\/aspock-tail-lamp-europoint-iii-left\/#primaryimage\",\"url\":\"https:\/\/xenonkungen.com\/wp-content\/uploads\/2025\/04\/217689425-origpic-2f3377.jpg\",\"contentUrl\":\"https:\/\/xenonkungen.com\/wp-content\/uploads\/2025\/04\/217689425-origpic-2f3377.jpg\",\"width\":1500,\"height\":1000},{\"@type\":\"BreadcrumbList\",\"@id\":\"https:\/\/xenonkungen.com\/produkt\/aspock-tail-lamp-europoint-iii-left\/#breadcrumb\",\"itemListElement\":[{\"@type\":\"ListItem\",\"position\":1,\"name\":\"Hem\",\"item\":\"https:\/\/xenonkungen.com\/\"},{\"@type\":\"ListItem\",\"position\":2,\"name\":\"Shop\",\"item\":\"https:\/\/xenonkungen.com\/shop\/\"},{\"@type\":\"ListItem\",\"position\":3,\"name\":\"Asp\u00f6ck Tail Lamp Europoint III Left\"}]},{\"@type\":\"WebSite\",\"@id\":\"https:\/\/xenonkungen.com\/#website\",\"url\":\"https:\/\/xenonkungen.com\/\",\"name\":\"Xenonkungen\",\"description\":\"\",\"potentialAction\":[{\"@type\":\"SearchAction\",\"target\":{\"@type\":\"EntryPoint\",\"urlTemplate\":\"https:\/\/xenonkungen.com\/?s={search_term_string}\"},\"query-input\":{\"@type\":\"PropertyValueSpecification\",\"valueRequired\":true,\"valueName\":\"search_term_string\"}}],\"inLanguage\":\"de\"}]}<\/script>\n<!-- \/ Yoast SEO plugin. -->","yoast_head_json":{"title":"Asp\u00f6ck R\u00fcckleuchte Europoint III links - Der Xenon-K\u00f6nig","robots":{"index":"index","follow":"follow","max-snippet":"max-snippet:-1","max-image-preview":"max-image-preview:large","max-video-preview":"max-video-preview:-1"},"canonical":"https:\/\/xenonkungen.com\/de\/produkt\/aspock-ruckleuchte-europoint-iii-links\/","og_locale":"de_DE","og_type":"article","og_title":"Asp\u00f6ck Tail Lamp Europoint III Left - Xenonkungen","og_description":"Asp\u00f6ck Europoint III \u2013 Innovativ Baklykta f\u00f6r Tunga Sl\u00e4p Uppgradera ditt sl\u00e4p med Asp\u00f6ck Europoint III, en modern och h\u00f6gpresterande baklykta som kombinerar banbrytande ljusledarteknik och smart design f\u00f6r optimal s\u00e4kerhet och synlighet p\u00e5 v\u00e4gen. F\u00f6rst med fiberoptik Europoint III \u00e4r den f\u00f6rsta baklyktan med ljusledare (fiberoptik), inspirerad av den senaste tekniken inom fordonsindustrin. Den [&hellip;]","og_url":"https:\/\/xenonkungen.com\/de\/produkt\/aspock-ruckleuchte-europoint-iii-links\/","og_site_name":"Xenonkungen","article_modified_time":"2026-04-24T16:46:37+00:00","og_image":[{"width":1500,"height":1000,"url":"https:\/\/xenonkungen.com\/wp-content\/uploads\/2025\/04\/217689425-origpic-2f3377.jpg","type":"image\/jpeg"}],"twitter_card":"summary_large_image","twitter_misc":{"Gesch\u00e4tzte Lesezeit":"1\u00a0Minute"},"schema":{"@context":"https:\/\/schema.org","@graph":[{"@type":"WebPage","@id":"https:\/\/xenonkungen.com\/produkt\/aspock-tail-lamp-europoint-iii-left\/","url":"https:\/\/xenonkungen.com\/produkt\/aspock-tail-lamp-europoint-iii-left\/","name":"Asp\u00f6ck R\u00fcckleuchte Europoint III links - Der Xenon-K\u00f6nig","isPartOf":{"@id":"https:\/\/xenonkungen.com\/#website"},"primaryImageOfPage":{"@id":"https:\/\/xenonkungen.com\/produkt\/aspock-tail-lamp-europoint-iii-left\/#primaryimage"},"image":{"@id":"https:\/\/xenonkungen.com\/produkt\/aspock-tail-lamp-europoint-iii-left\/#primaryimage"},"thumbnailUrl":"https:\/\/xenonkungen.com\/wp-content\/uploads\/2025\/04\/217689425-origpic-2f3377.jpg","datePublished":"2025-04-15T09:31:26+00:00","dateModified":"2026-04-24T16:46:37+00:00","breadcrumb":{"@id":"https:\/\/xenonkungen.com\/produkt\/aspock-tail-lamp-europoint-iii-left\/#breadcrumb"},"inLanguage":"de","potentialAction":[{"@type":"ReadAction","target":["https:\/\/xenonkungen.com\/produkt\/aspock-tail-lamp-europoint-iii-left\/"]}]},{"@type":"ImageObject","inLanguage":"de","@id":"https:\/\/xenonkungen.com\/produkt\/aspock-tail-lamp-europoint-iii-left\/#primaryimage","url":"https:\/\/xenonkungen.com\/wp-content\/uploads\/2025\/04\/217689425-origpic-2f3377.jpg","contentUrl":"https:\/\/xenonkungen.com\/wp-content\/uploads\/2025\/04\/217689425-origpic-2f3377.jpg","width":1500,"height":1000},{"@type":"BreadcrumbList","@id":"https:\/\/xenonkungen.com\/produkt\/aspock-tail-lamp-europoint-iii-left\/#breadcrumb","itemListElement":[{"@type":"ListItem","position":1,"name":"Hem","item":"https:\/\/xenonkungen.com\/"},{"@type":"ListItem","position":2,"name":"Shop","item":"https:\/\/xenonkungen.com\/shop\/"},{"@type":"ListItem","position":3,"name":"Asp\u00f6ck Tail Lamp Europoint III Left"}]},{"@type":"WebSite","@id":"https:\/\/xenonkungen.com\/#website","url":"https:\/\/xenonkungen.com\/","name":"Xenonkungen","description":"","potentialAction":[{"@type":"SearchAction","target":{"@type":"EntryPoint","urlTemplate":"https:\/\/xenonkungen.com\/?s={search_term_string}"},"query-input":{"@type":"PropertyValueSpecification","valueRequired":true,"valueName":"search_term_string"}}],"inLanguage":"de"}]}},"taxonomy_info":{"anvandningsomrade":[{"value":166,"label":"Lastbil"},{"value":238,"label":"SL\u00c4P"},{"value":2816,"label":"TRAILER"}],"product_brand":[{"value":1649,"label":"Asp\u00f6ck"}],"product_cat":[{"value":3052,"label":"Bakljus Asp\u00f6ck"},{"value":3048,"label":"Bakljus Kombination Rektangul\u00e4r"},{"value":2552,"label":"Bakljus"}],"pa_storlek-mm":[{"value":1585,"label":"400x153x88"}]},"featured_image_src_large":["https:\/\/xenonkungen.com\/wp-content\/uploads\/2025\/04\/217689425-origpic-2f3377-1024x683.jpg",1024,683,true],"author_info":[],"comment_info":0,"_links":{"self":[{"href":"https:\/\/xenonkungen.com\/de\/wp-json\/wp\/v2\/product\/5523","targetHints":{"allow":["GET"]}}],"collection":[{"href":"https:\/\/xenonkungen.com\/de\/wp-json\/wp\/v2\/product"}],"about":[{"href":"https:\/\/xenonkungen.com\/de\/wp-json\/wp\/v2\/types\/product"}],"replies":[{"embeddable":true,"href":"https:\/\/xenonkungen.com\/de\/wp-json\/wp\/v2\/comments?post=5523"}],"wp:featuredmedia":[{"embeddable":true,"href":"https:\/\/xenonkungen.com\/de\/wp-json\/wp\/v2\/media\/5524"}],"wp:attachment":[{"href":"https:\/\/xenonkungen.com\/de\/wp-json\/wp\/v2\/media?parent=5523"}],"wp:term":[{"taxonomy":"anvandningsomrade","embeddable":true,"href":"https:\/\/xenonkungen.com\/de\/wp-json\/wp\/v2\/anvandningsomrade?post=5523"},{"taxonomy":"bilmarken","embeddable":true,"href":"https:\/\/xenonkungen.com\/de\/wp-json\/wp\/v2\/bilmarken?post=5523"},{"taxonomy":"product_brand","embeddable":true,"href":"https:\/\/xenonkungen.com\/de\/wp-json\/wp\/v2\/product_brand?post=5523"},{"taxonomy":"product_cat","embeddable":true,"href":"https:\/\/xenonkungen.com\/de\/wp-json\/wp\/v2\/product_cat?post=5523"},{"taxonomy":"product_tag","embeddable":true,"href":"https:\/\/xenonkungen.com\/de\/wp-json\/wp\/v2\/product_tag?post=5523"}],"curies":[{"name":"wp","href":"https:\/\/api.w.org\/{rel}","templated":true}]}}