{"id":5531,"date":"2025-04-15T09:31:26","date_gmt":"2025-04-15T09:31:26","guid":{"rendered":"https:\/\/xenonkungen.com\/product\/pdc-kuddar-gen-3\/"},"modified":"2026-04-12T17:09:52","modified_gmt":"2026-04-12T16:09:52","slug":"pdc-pads-der-3-generation","status":"publish","type":"product","link":"https:\/\/xenonkungen.com\/de\/produkt\/pdc-pads-der-3-generation\/","title":{"rendered":"PDC-Kissen Gen. 3"},"content":{"rendered":"<h1>Zubeh\u00f6r (sogenannte Sensorl\u00f6scher) zum L\u00f6schen von Parksensoren.<\/h1>\n<p>Wenn Sie zus\u00e4tzliche Leuchten, einen Frontbogen, einen Voolbar oder \u00c4hnliches montieren, werden oft zwei der Parksensoren verdeckt.<\/p>\n<p>Dies ist die dritte Generation, die mit den meisten Automodellen kompatibel ist. <\/p>\n<p>Es ist kein Eingriff am Fahrzeug erforderlich; die Abdeckung wird vor dem Parksensor angebracht und deaktiviert diesen durch Signalreflexion. Normalerweise m\u00fcssen nur zwei der vier Sensoren abgedeckt werden. Sollten die Sensoren weiterhin Alarm ausl\u00f6sen, liegt dies meist an einer fehlerhaften Installation der PDC-Abdeckpads. Es handelt sich hierbei um PDC-Abdeckpads der dritten Generation, die f\u00fcr die neueste Generation leistungsstarker Sensoren ausgelegt sind. Da jedoch st\u00e4ndig neue Fahrzeugmodelle auf den Markt kommen, kann nicht garantiert werden, dass die Sensoren bei allen Fahrzeugen deaktiviert werden. <\/p>\n<p>Weitere\/wichtige Hinweise: Die Oberfl\u00e4che muss vor der Installation gr\u00fcndlich gereinigt werden. Zwischen Sensor und PDC-Pad darf sich keine Luft befinden. Die Oberfl\u00e4che muss vollst\u00e4ndig trocken sein, wenn das PDC-Pad aufgeklebt wird.<\/p>\n<p>Preis pro St\u00fcck.<\/p>","protected":false},"excerpt":{"rendered":"<p>Transparentes Zubeh\u00f6r zum Deaktivieren von Parksensoren. Wird direkt an den Sensoren montiert.<\/p>","protected":false},"featured_media":5532,"comment_status":"closed","ping_status":"open","template":"","meta":{"_acf_changed":false,"_smort_price_nok":"37","_smort_price_dkk":"24","_smort_price_eur":"3.18","_smort_sale_price_nok":"","_smort_sale_price_dkk":"","_smort_sale_price_eur":"","smort_restorder":"","shipmondo_restorder":"","_kad_blocks_custom_css":"","_kad_blocks_head_custom_js":"","_kad_blocks_body_custom_js":"","_kad_blocks_footer_custom_js":"","smort_custom_pricelist_1":"22.4","smort_custom_pricelist_2":"16.8","smort_custom_pricelist_3":"15.96","smort_custom_pricelist_4":"28","smort_custom_pricelist_5":"16.8"},"anvandningsomrade":[],"bilmarken":[],"product_brand":[2793],"product_cat":[2841,390],"product_tag":[],"class_list":{"0":"post-5531","1":"product","2":"type-product","3":"status-publish","4":"has-post-thumbnail","6":"product_brand-ovrigt","7":"product_cat-installation-extraljus","8":"product_cat-installation","9":"pa_storlek-mm-19x2","11":"first","12":"instock","13":"taxable","14":"shipping-taxable","15":"purchasable","16":"product-type-simple"},"bundled_by":[],"bundle_stock_status":"instock","bundle_stock_quantity":134,"bundle_virtual":false,"bundle_layout":"","bundle_add_to_cart_form_location":"","bundle_editable_in_cart":false,"bundle_sold_individually_context":"","bundle_item_grouping":"","bundle_min_size":"","bundle_max_size":"","bundle_price":[],"bundled_items":[],"bundle_sell_ids":[],"acf":[],"yoast_head":"<!-- This site is optimized with the Yoast SEO plugin v27.0 - https:\/\/yoast.com\/product\/yoast-seo-wordpress\/ -->\n<title>PDC-kuddar Gen. 3 - Xenonkungen<\/title>\n<meta name=\"robots\" content=\"index, follow, max-snippet:-1, max-image-preview:large, max-video-preview:-1\" \/>\n<link rel=\"canonical\" href=\"https:\/\/xenonkungen.com\/de\/produkt\/pdc-pads-der-3-generation\/\" \/>\n<meta property=\"og:locale\" content=\"de_DE\" \/>\n<meta property=\"og:type\" content=\"article\" \/>\n<meta property=\"og:title\" content=\"PDC-kuddar Gen. 3 - Xenonkungen\" \/>\n<meta property=\"og:description\" content=\"Genomskinligt tillbeh\u00f6r f\u00f6r att sl\u00e4cka parkeringssensorer. Monteras direkt p\u00e5 dina sensorer.\" \/>\n<meta property=\"og:url\" content=\"https:\/\/xenonkungen.com\/de\/produkt\/pdc-pads-der-3-generation\/\" \/>\n<meta property=\"og:site_name\" content=\"Xenonkungen\" \/>\n<meta property=\"article:modified_time\" content=\"2026-04-12T16:09:52+00:00\" \/>\n<meta property=\"og:image\" content=\"https:\/\/xenonkungen.com\/wp-content\/uploads\/2025\/04\/178297641-origpic-fdec65.jpg\" \/>\n\t<meta property=\"og:image:width\" content=\"1000\" \/>\n\t<meta property=\"og:image:height\" content=\"1000\" \/>\n\t<meta property=\"og:image:type\" content=\"image\/jpeg\" \/>\n<meta name=\"twitter:card\" content=\"summary_large_image\" \/>\n<meta name=\"twitter:label1\" content=\"Gesch\u00e4tzte Lesezeit\" \/>\n\t<meta name=\"twitter:data1\" content=\"1\u00a0Minute\" \/>\n<script type=\"application\/ld+json\" class=\"yoast-schema-graph\">{\"@context\":\"https:\/\/schema.org\",\"@graph\":[{\"@type\":\"WebPage\",\"@id\":\"https:\/\/xenonkungen.com\/produkt\/pdc-kuddar-gen-3\/\",\"url\":\"https:\/\/xenonkungen.com\/produkt\/pdc-kuddar-gen-3\/\",\"name\":\"PDC-kuddar Gen. 3 - Xenonkungen\",\"isPartOf\":{\"@id\":\"https:\/\/xenonkungen.com\/#website\"},\"primaryImageOfPage\":{\"@id\":\"https:\/\/xenonkungen.com\/produkt\/pdc-kuddar-gen-3\/#primaryimage\"},\"image\":{\"@id\":\"https:\/\/xenonkungen.com\/produkt\/pdc-kuddar-gen-3\/#primaryimage\"},\"thumbnailUrl\":\"https:\/\/xenonkungen.com\/wp-content\/uploads\/2025\/04\/178297641-origpic-fdec65.jpg\",\"datePublished\":\"2025-04-15T09:31:26+00:00\",\"dateModified\":\"2026-04-12T16:09:52+00:00\",\"breadcrumb\":{\"@id\":\"https:\/\/xenonkungen.com\/produkt\/pdc-kuddar-gen-3\/#breadcrumb\"},\"inLanguage\":\"de\",\"potentialAction\":[{\"@type\":\"ReadAction\",\"target\":[\"https:\/\/xenonkungen.com\/produkt\/pdc-kuddar-gen-3\/\"]}]},{\"@type\":\"ImageObject\",\"inLanguage\":\"de\",\"@id\":\"https:\/\/xenonkungen.com\/produkt\/pdc-kuddar-gen-3\/#primaryimage\",\"url\":\"https:\/\/xenonkungen.com\/wp-content\/uploads\/2025\/04\/178297641-origpic-fdec65.jpg\",\"contentUrl\":\"https:\/\/xenonkungen.com\/wp-content\/uploads\/2025\/04\/178297641-origpic-fdec65.jpg\",\"width\":1000,\"height\":1000},{\"@type\":\"BreadcrumbList\",\"@id\":\"https:\/\/xenonkungen.com\/produkt\/pdc-kuddar-gen-3\/#breadcrumb\",\"itemListElement\":[{\"@type\":\"ListItem\",\"position\":1,\"name\":\"Hem\",\"item\":\"https:\/\/xenonkungen.com\/\"},{\"@type\":\"ListItem\",\"position\":2,\"name\":\"Shop\",\"item\":\"https:\/\/xenonkungen.com\/shop\/\"},{\"@type\":\"ListItem\",\"position\":3,\"name\":\"PDC-kuddar Gen. 3\"}]},{\"@type\":\"WebSite\",\"@id\":\"https:\/\/xenonkungen.com\/#website\",\"url\":\"https:\/\/xenonkungen.com\/\",\"name\":\"Xenonkungen\",\"description\":\"\",\"potentialAction\":[{\"@type\":\"SearchAction\",\"target\":{\"@type\":\"EntryPoint\",\"urlTemplate\":\"https:\/\/xenonkungen.com\/?s={search_term_string}\"},\"query-input\":{\"@type\":\"PropertyValueSpecification\",\"valueRequired\":true,\"valueName\":\"search_term_string\"}}],\"inLanguage\":\"de\"}]}<\/script>\n<!-- \/ Yoast SEO plugin. -->","yoast_head_json":{"title":"PDC-Bel\u00e4ge Gen. 3 - Xenonkungen","robots":{"index":"index","follow":"follow","max-snippet":"max-snippet:-1","max-image-preview":"max-image-preview:large","max-video-preview":"max-video-preview:-1"},"canonical":"https:\/\/xenonkungen.com\/de\/produkt\/pdc-pads-der-3-generation\/","og_locale":"de_DE","og_type":"article","og_title":"PDC-kuddar Gen. 3 - Xenonkungen","og_description":"Genomskinligt tillbeh\u00f6r f\u00f6r att sl\u00e4cka parkeringssensorer. Monteras direkt p\u00e5 dina sensorer.","og_url":"https:\/\/xenonkungen.com\/de\/produkt\/pdc-pads-der-3-generation\/","og_site_name":"Xenonkungen","article_modified_time":"2026-04-12T16:09:52+00:00","og_image":[{"width":1000,"height":1000,"url":"https:\/\/xenonkungen.com\/wp-content\/uploads\/2025\/04\/178297641-origpic-fdec65.jpg","type":"image\/jpeg"}],"twitter_card":"summary_large_image","twitter_misc":{"Gesch\u00e4tzte Lesezeit":"1\u00a0Minute"},"schema":{"@context":"https:\/\/schema.org","@graph":[{"@type":"WebPage","@id":"https:\/\/xenonkungen.com\/produkt\/pdc-kuddar-gen-3\/","url":"https:\/\/xenonkungen.com\/produkt\/pdc-kuddar-gen-3\/","name":"PDC-Bel\u00e4ge Gen. 3 - Xenonkungen","isPartOf":{"@id":"https:\/\/xenonkungen.com\/#website"},"primaryImageOfPage":{"@id":"https:\/\/xenonkungen.com\/produkt\/pdc-kuddar-gen-3\/#primaryimage"},"image":{"@id":"https:\/\/xenonkungen.com\/produkt\/pdc-kuddar-gen-3\/#primaryimage"},"thumbnailUrl":"https:\/\/xenonkungen.com\/wp-content\/uploads\/2025\/04\/178297641-origpic-fdec65.jpg","datePublished":"2025-04-15T09:31:26+00:00","dateModified":"2026-04-12T16:09:52+00:00","breadcrumb":{"@id":"https:\/\/xenonkungen.com\/produkt\/pdc-kuddar-gen-3\/#breadcrumb"},"inLanguage":"de","potentialAction":[{"@type":"ReadAction","target":["https:\/\/xenonkungen.com\/produkt\/pdc-kuddar-gen-3\/"]}]},{"@type":"ImageObject","inLanguage":"de","@id":"https:\/\/xenonkungen.com\/produkt\/pdc-kuddar-gen-3\/#primaryimage","url":"https:\/\/xenonkungen.com\/wp-content\/uploads\/2025\/04\/178297641-origpic-fdec65.jpg","contentUrl":"https:\/\/xenonkungen.com\/wp-content\/uploads\/2025\/04\/178297641-origpic-fdec65.jpg","width":1000,"height":1000},{"@type":"BreadcrumbList","@id":"https:\/\/xenonkungen.com\/produkt\/pdc-kuddar-gen-3\/#breadcrumb","itemListElement":[{"@type":"ListItem","position":1,"name":"Hem","item":"https:\/\/xenonkungen.com\/"},{"@type":"ListItem","position":2,"name":"Shop","item":"https:\/\/xenonkungen.com\/shop\/"},{"@type":"ListItem","position":3,"name":"PDC-kuddar Gen. 3"}]},{"@type":"WebSite","@id":"https:\/\/xenonkungen.com\/#website","url":"https:\/\/xenonkungen.com\/","name":"Xenonkungen","description":"","potentialAction":[{"@type":"SearchAction","target":{"@type":"EntryPoint","urlTemplate":"https:\/\/xenonkungen.com\/?s={search_term_string}"},"query-input":{"@type":"PropertyValueSpecification","valueRequired":true,"valueName":"search_term_string"}}],"inLanguage":"de"}]}},"taxonomy_info":{"product_brand":[{"value":2793,"label":"\u00d6VRIGT"}],"product_cat":[{"value":2841,"label":"Installation extraljus"},{"value":390,"label":"Installation"}],"pa_storlek-mm":[{"value":1651,"label":"19x2"}]},"featured_image_src_large":["https:\/\/xenonkungen.com\/wp-content\/uploads\/2025\/04\/178297641-origpic-fdec65.jpg",1000,1000,false],"author_info":[],"comment_info":2,"_links":{"self":[{"href":"https:\/\/xenonkungen.com\/de\/wp-json\/wp\/v2\/product\/5531","targetHints":{"allow":["GET"]}}],"collection":[{"href":"https:\/\/xenonkungen.com\/de\/wp-json\/wp\/v2\/product"}],"about":[{"href":"https:\/\/xenonkungen.com\/de\/wp-json\/wp\/v2\/types\/product"}],"replies":[{"embeddable":true,"href":"https:\/\/xenonkungen.com\/de\/wp-json\/wp\/v2\/comments?post=5531"}],"wp:featuredmedia":[{"embeddable":true,"href":"https:\/\/xenonkungen.com\/de\/wp-json\/wp\/v2\/media\/5532"}],"wp:attachment":[{"href":"https:\/\/xenonkungen.com\/de\/wp-json\/wp\/v2\/media?parent=5531"}],"wp:term":[{"taxonomy":"anvandningsomrade","embeddable":true,"href":"https:\/\/xenonkungen.com\/de\/wp-json\/wp\/v2\/anvandningsomrade?post=5531"},{"taxonomy":"bilmarken","embeddable":true,"href":"https:\/\/xenonkungen.com\/de\/wp-json\/wp\/v2\/bilmarken?post=5531"},{"taxonomy":"product_brand","embeddable":true,"href":"https:\/\/xenonkungen.com\/de\/wp-json\/wp\/v2\/product_brand?post=5531"},{"taxonomy":"product_cat","embeddable":true,"href":"https:\/\/xenonkungen.com\/de\/wp-json\/wp\/v2\/product_cat?post=5531"},{"taxonomy":"product_tag","embeddable":true,"href":"https:\/\/xenonkungen.com\/de\/wp-json\/wp\/v2\/product_tag?post=5531"}],"curies":[{"name":"wp","href":"https:\/\/api.w.org\/{rel}","templated":true}]}}