{"id":5571,"date":"2025-04-15T09:31:41","date_gmt":"2025-04-15T09:31:41","guid":{"rendered":"https:\/\/xenonkungen.com\/product\/voolbar-fiat-ducato-2007-2014-4xbult\/"},"modified":"2026-04-12T19:15:45","modified_gmt":"2026-04-12T18:15:45","slug":"voolbar-fiat-ducato-2007-2014-4xbolt","status":"publish","type":"product","link":"https:\/\/xenonkungen.com\/de\/produkt\/voolbar-fiat-ducato-2007-2014-4xbolt\/","title":{"rendered":"Voolbar Fiat Ducato 2007-2014 4xBult"},"content":{"rendered":"<p>Voolbar Lichtbogen (zus\u00e4tzliche Leuchtenhalterung\/Lichtleiste) f\u00fcr Fiat Ducato 2007\u20132014 mit Halterungen f\u00fcr 4 Zusatzscheinwerfer oder eine gr\u00f6\u00dfere LED-Lichtleiste. Die maximale Breite pro Zusatzscheinwerfer betr\u00e4gt jeweils 225 mm.<\/p>\n<p><strong>LUXTAR LED-Leiste<\/strong><br \/>Geeignet f\u00fcr die Modelle X30, X34, X40, D32 oder D42 (siehe Beispielbild).<\/p>\n<p>Die Voolbar wird mit dem mitgelieferten Montagesatz um den Sturzb\u00fcgel des Fahrzeugs herum montiert, so dass bei der Montage einer kundenspezifischen Voolbar keine Bohrungen im Sturzb\u00fcgel erforderlich sind. Die Voolbar hat Halterungen f\u00fcr das Nummernschild, die bei der Montage nach vorne verschoben werden.<\/p>\n<p>Ein Qualit\u00e4tsprodukt aus echtem, s\u00e4urebest\u00e4ndigem Edelstahl. Der Durchmesser des Rohrs betr\u00e4gt 60 mm, die Zusatzleuchte ist separat erh\u00e4ltlich.<\/p>\n<p>Der Bausatz enth\u00e4lt:<br \/>1. Voolbar Bogenlampe aus Edelstahl<br \/>1 Kundenspezifischer Montagesatz<\/p>","protected":false},"excerpt":{"rendered":"<p>Modellanpassad Voolbar Ljusb\u00e5ge (extraljush\u00e5llare \/ ljusramp) till Fiat Ducato 2007-2014 med f\u00e4sten f\u00f6r 4st extraljus eller en st\u00f6rre ledramp. Maxbredden per extraljus \u00e4r begr\u00e4nsad till 225mm vardera. LUXTAR LED BARL\u00e4mplig f\u00f6r modell X30, X34, X40, D32 eller D42 (se bildexempel). Voolbar monteras runt bilens krockbalk med hj\u00e4lp av medf\u00f6ljande monteringssats, ingen borrning i krockbalken beh\u00f6vs [&hellip;]<\/p>","protected":false},"featured_media":5572,"comment_status":"closed","ping_status":"open","template":"","meta":{"_acf_changed":false,"_smort_price_nok":"4481","_smort_price_dkk":"2847","_smort_price_eur":"381.35","_smort_sale_price_nok":"","_smort_sale_price_dkk":"","_smort_sale_price_eur":"","smort_restorder":"","shipmondo_restorder":"","_kad_blocks_custom_css":"","_kad_blocks_head_custom_js":"","_kad_blocks_body_custom_js":"","_kad_blocks_footer_custom_js":"","smort_custom_pricelist_1":"3156","smort_custom_pricelist_2":"3156","smort_custom_pricelist_3":"3156","smort_custom_pricelist_4":"3356","smort_custom_pricelist_5":"3156"},"anvandningsomrade":[],"bilmarken":[],"product_brand":[],"product_cat":[2461,2841,2610,390],"product_tag":[],"class_list":{"0":"post-5571","1":"product","2":"type-product","3":"status-publish","4":"has-post-thumbnail","6":"product_cat-fasten-installation","7":"product_cat-installation-extraljus","8":"product_cat-modellanpassade","9":"product_cat-installation","10":"pa_storlek-mm-1000x130x155","12":"first","13":"onbackorder","14":"taxable","15":"shipping-taxable","16":"purchasable","17":"product-type-simple"},"bundled_by":[],"bundle_stock_status":"onbackorder","bundle_stock_quantity":-42,"bundle_virtual":false,"bundle_layout":"","bundle_add_to_cart_form_location":"","bundle_editable_in_cart":false,"bundle_sold_individually_context":"","bundle_item_grouping":"","bundle_min_size":"","bundle_max_size":"","bundle_price":[],"bundled_items":[],"bundle_sell_ids":[],"acf":[],"yoast_head":"<!-- This site is optimized with the Yoast SEO plugin v27.0 - https:\/\/yoast.com\/product\/yoast-seo-wordpress\/ -->\n<title>Voolbar Fiat Ducato 2007-2014 4xBult - Xenonkungen<\/title>\n<meta name=\"robots\" content=\"index, follow, max-snippet:-1, max-image-preview:large, max-video-preview:-1\" \/>\n<link rel=\"canonical\" href=\"https:\/\/xenonkungen.com\/de\/produkt\/voolbar-fiat-ducato-2007-2014-4xbolt\/\" \/>\n<meta property=\"og:locale\" content=\"de_DE\" \/>\n<meta property=\"og:type\" content=\"article\" \/>\n<meta property=\"og:title\" content=\"Voolbar Fiat Ducato 2007-2014 4xBult - Xenonkungen\" \/>\n<meta property=\"og:description\" content=\"Modellanpassad Voolbar Ljusb\u00e5ge (extraljush\u00e5llare \/ ljusramp) till Fiat Ducato 2007-2014 med f\u00e4sten f\u00f6r 4st extraljus eller en st\u00f6rre ledramp. Maxbredden per extraljus \u00e4r begr\u00e4nsad till 225mm vardera. LUXTAR LED BARL\u00e4mplig f\u00f6r modell X30, X34, X40, D32 eller D42 (se bildexempel). Voolbar monteras runt bilens krockbalk med hj\u00e4lp av medf\u00f6ljande monteringssats, ingen borrning i krockbalken beh\u00f6vs [&hellip;]\" \/>\n<meta property=\"og:url\" content=\"https:\/\/xenonkungen.com\/de\/produkt\/voolbar-fiat-ducato-2007-2014-4xbolt\/\" \/>\n<meta property=\"og:site_name\" content=\"Xenonkungen\" \/>\n<meta property=\"article:modified_time\" content=\"2026-04-12T18:15:45+00:00\" \/>\n<meta property=\"og:image\" content=\"https:\/\/xenonkungen.com\/wp-content\/uploads\/2025\/04\/32609764-origpic-f78d64.jpg\" \/>\n\t<meta property=\"og:image:width\" content=\"700\" \/>\n\t<meta property=\"og:image:height\" content=\"700\" \/>\n\t<meta property=\"og:image:type\" content=\"image\/jpeg\" \/>\n<meta name=\"twitter:card\" content=\"summary_large_image\" \/>\n<meta name=\"twitter:label1\" content=\"Gesch\u00e4tzte Lesezeit\" \/>\n\t<meta name=\"twitter:data1\" content=\"1\u00a0Minute\" \/>\n<script type=\"application\/ld+json\" class=\"yoast-schema-graph\">{\"@context\":\"https:\/\/schema.org\",\"@graph\":[{\"@type\":\"WebPage\",\"@id\":\"https:\/\/xenonkungen.com\/nl\/product\/voolbar-fiat-ducato-2007-2014-4xbolt\/\",\"url\":\"https:\/\/xenonkungen.com\/nl\/product\/voolbar-fiat-ducato-2007-2014-4xbolt\/\",\"name\":\"Voolbar Fiat Ducato 2007-2014 4xBult - Xenonkungen\",\"isPartOf\":{\"@id\":\"https:\/\/xenonkungen.com\/#website\"},\"primaryImageOfPage\":{\"@id\":\"https:\/\/xenonkungen.com\/nl\/product\/voolbar-fiat-ducato-2007-2014-4xbolt\/#primaryimage\"},\"image\":{\"@id\":\"https:\/\/xenonkungen.com\/nl\/product\/voolbar-fiat-ducato-2007-2014-4xbolt\/#primaryimage\"},\"thumbnailUrl\":\"https:\/\/xenonkungen.com\/wp-content\/uploads\/2025\/04\/32609764-origpic-f78d64.jpg\",\"datePublished\":\"2025-04-15T09:31:41+00:00\",\"dateModified\":\"2026-04-12T18:15:45+00:00\",\"breadcrumb\":{\"@id\":\"https:\/\/xenonkungen.com\/nl\/product\/voolbar-fiat-ducato-2007-2014-4xbolt\/#breadcrumb\"},\"inLanguage\":\"de\",\"potentialAction\":[{\"@type\":\"ReadAction\",\"target\":[\"https:\/\/xenonkungen.com\/nl\/product\/voolbar-fiat-ducato-2007-2014-4xbolt\/\"]}]},{\"@type\":\"ImageObject\",\"inLanguage\":\"de\",\"@id\":\"https:\/\/xenonkungen.com\/nl\/product\/voolbar-fiat-ducato-2007-2014-4xbolt\/#primaryimage\",\"url\":\"https:\/\/xenonkungen.com\/wp-content\/uploads\/2025\/04\/32609764-origpic-f78d64.jpg\",\"contentUrl\":\"https:\/\/xenonkungen.com\/wp-content\/uploads\/2025\/04\/32609764-origpic-f78d64.jpg\",\"width\":700,\"height\":700},{\"@type\":\"BreadcrumbList\",\"@id\":\"https:\/\/xenonkungen.com\/nl\/product\/voolbar-fiat-ducato-2007-2014-4xbolt\/#breadcrumb\",\"itemListElement\":[{\"@type\":\"ListItem\",\"position\":1,\"name\":\"Hem\",\"item\":\"https:\/\/xenonkungen.com\/\"},{\"@type\":\"ListItem\",\"position\":2,\"name\":\"Shop\",\"item\":\"https:\/\/xenonkungen.com\/shop\/\"},{\"@type\":\"ListItem\",\"position\":3,\"name\":\"Voolbar Fiat Ducato 2007-2014 4xBult\"}]},{\"@type\":\"WebSite\",\"@id\":\"https:\/\/xenonkungen.com\/#website\",\"url\":\"https:\/\/xenonkungen.com\/\",\"name\":\"Xenonkungen\",\"description\":\"\",\"potentialAction\":[{\"@type\":\"SearchAction\",\"target\":{\"@type\":\"EntryPoint\",\"urlTemplate\":\"https:\/\/xenonkungen.com\/?s={search_term_string}\"},\"query-input\":{\"@type\":\"PropertyValueSpecification\",\"valueRequired\":true,\"valueName\":\"search_term_string\"}}],\"inLanguage\":\"de\"}]}<\/script>\n<!-- \/ Yoast SEO plugin. -->","yoast_head_json":{"title":"Voolbar Fiat Ducato 2007-2014 4xBult - Der Xenon-K\u00f6nig","robots":{"index":"index","follow":"follow","max-snippet":"max-snippet:-1","max-image-preview":"max-image-preview:large","max-video-preview":"max-video-preview:-1"},"canonical":"https:\/\/xenonkungen.com\/de\/produkt\/voolbar-fiat-ducato-2007-2014-4xbolt\/","og_locale":"de_DE","og_type":"article","og_title":"Voolbar Fiat Ducato 2007-2014 4xBult - Xenonkungen","og_description":"Modellanpassad Voolbar Ljusb\u00e5ge (extraljush\u00e5llare \/ ljusramp) till Fiat Ducato 2007-2014 med f\u00e4sten f\u00f6r 4st extraljus eller en st\u00f6rre ledramp. Maxbredden per extraljus \u00e4r begr\u00e4nsad till 225mm vardera. LUXTAR LED BARL\u00e4mplig f\u00f6r modell X30, X34, X40, D32 eller D42 (se bildexempel). Voolbar monteras runt bilens krockbalk med hj\u00e4lp av medf\u00f6ljande monteringssats, ingen borrning i krockbalken beh\u00f6vs [&hellip;]","og_url":"https:\/\/xenonkungen.com\/de\/produkt\/voolbar-fiat-ducato-2007-2014-4xbolt\/","og_site_name":"Xenonkungen","article_modified_time":"2026-04-12T18:15:45+00:00","og_image":[{"width":700,"height":700,"url":"https:\/\/xenonkungen.com\/wp-content\/uploads\/2025\/04\/32609764-origpic-f78d64.jpg","type":"image\/jpeg"}],"twitter_card":"summary_large_image","twitter_misc":{"Gesch\u00e4tzte Lesezeit":"1\u00a0Minute"},"schema":{"@context":"https:\/\/schema.org","@graph":[{"@type":"WebPage","@id":"https:\/\/xenonkungen.com\/nl\/product\/voolbar-fiat-ducato-2007-2014-4xbolt\/","url":"https:\/\/xenonkungen.com\/nl\/product\/voolbar-fiat-ducato-2007-2014-4xbolt\/","name":"Voolbar Fiat Ducato 2007-2014 4xBult - Der Xenon-K\u00f6nig","isPartOf":{"@id":"https:\/\/xenonkungen.com\/#website"},"primaryImageOfPage":{"@id":"https:\/\/xenonkungen.com\/nl\/product\/voolbar-fiat-ducato-2007-2014-4xbolt\/#primaryimage"},"image":{"@id":"https:\/\/xenonkungen.com\/nl\/product\/voolbar-fiat-ducato-2007-2014-4xbolt\/#primaryimage"},"thumbnailUrl":"https:\/\/xenonkungen.com\/wp-content\/uploads\/2025\/04\/32609764-origpic-f78d64.jpg","datePublished":"2025-04-15T09:31:41+00:00","dateModified":"2026-04-12T18:15:45+00:00","breadcrumb":{"@id":"https:\/\/xenonkungen.com\/nl\/product\/voolbar-fiat-ducato-2007-2014-4xbolt\/#breadcrumb"},"inLanguage":"de","potentialAction":[{"@type":"ReadAction","target":["https:\/\/xenonkungen.com\/nl\/product\/voolbar-fiat-ducato-2007-2014-4xbolt\/"]}]},{"@type":"ImageObject","inLanguage":"de","@id":"https:\/\/xenonkungen.com\/nl\/product\/voolbar-fiat-ducato-2007-2014-4xbolt\/#primaryimage","url":"https:\/\/xenonkungen.com\/wp-content\/uploads\/2025\/04\/32609764-origpic-f78d64.jpg","contentUrl":"https:\/\/xenonkungen.com\/wp-content\/uploads\/2025\/04\/32609764-origpic-f78d64.jpg","width":700,"height":700},{"@type":"BreadcrumbList","@id":"https:\/\/xenonkungen.com\/nl\/product\/voolbar-fiat-ducato-2007-2014-4xbolt\/#breadcrumb","itemListElement":[{"@type":"ListItem","position":1,"name":"Hem","item":"https:\/\/xenonkungen.com\/"},{"@type":"ListItem","position":2,"name":"Shop","item":"https:\/\/xenonkungen.com\/shop\/"},{"@type":"ListItem","position":3,"name":"Voolbar Fiat Ducato 2007-2014 4xBult"}]},{"@type":"WebSite","@id":"https:\/\/xenonkungen.com\/#website","url":"https:\/\/xenonkungen.com\/","name":"Xenonkungen","description":"","potentialAction":[{"@type":"SearchAction","target":{"@type":"EntryPoint","urlTemplate":"https:\/\/xenonkungen.com\/?s={search_term_string}"},"query-input":{"@type":"PropertyValueSpecification","valueRequired":true,"valueName":"search_term_string"}}],"inLanguage":"de"}]}},"taxonomy_info":{"product_cat":[{"value":2461,"label":"F\u00e4sten"},{"value":2841,"label":"Installation extraljus"},{"value":2610,"label":"Modellanpassade"},{"value":390,"label":"Installation"}],"pa_storlek-mm":[{"value":1654,"label":"1000x130x155"}]},"featured_image_src_large":["https:\/\/xenonkungen.com\/wp-content\/uploads\/2025\/04\/32609764-origpic-f78d64.jpg",700,700,false],"author_info":[],"comment_info":0,"_links":{"self":[{"href":"https:\/\/xenonkungen.com\/de\/wp-json\/wp\/v2\/product\/5571","targetHints":{"allow":["GET"]}}],"collection":[{"href":"https:\/\/xenonkungen.com\/de\/wp-json\/wp\/v2\/product"}],"about":[{"href":"https:\/\/xenonkungen.com\/de\/wp-json\/wp\/v2\/types\/product"}],"replies":[{"embeddable":true,"href":"https:\/\/xenonkungen.com\/de\/wp-json\/wp\/v2\/comments?post=5571"}],"wp:featuredmedia":[{"embeddable":true,"href":"https:\/\/xenonkungen.com\/de\/wp-json\/wp\/v2\/media\/5572"}],"wp:attachment":[{"href":"https:\/\/xenonkungen.com\/de\/wp-json\/wp\/v2\/media?parent=5571"}],"wp:term":[{"taxonomy":"anvandningsomrade","embeddable":true,"href":"https:\/\/xenonkungen.com\/de\/wp-json\/wp\/v2\/anvandningsomrade?post=5571"},{"taxonomy":"bilmarken","embeddable":true,"href":"https:\/\/xenonkungen.com\/de\/wp-json\/wp\/v2\/bilmarken?post=5571"},{"taxonomy":"product_brand","embeddable":true,"href":"https:\/\/xenonkungen.com\/de\/wp-json\/wp\/v2\/product_brand?post=5571"},{"taxonomy":"product_cat","embeddable":true,"href":"https:\/\/xenonkungen.com\/de\/wp-json\/wp\/v2\/product_cat?post=5571"},{"taxonomy":"product_tag","embeddable":true,"href":"https:\/\/xenonkungen.com\/de\/wp-json\/wp\/v2\/product_tag?post=5571"}],"curies":[{"name":"wp","href":"https:\/\/api.w.org\/{rel}","templated":true}]}}