{"id":5628,"date":"2025-04-15T09:32:05","date_gmt":"2025-04-15T09:32:05","guid":{"rendered":"https:\/\/xenonkungen.com\/product\/voolbar-toyota-hilux-2012-2015\/"},"modified":"2026-04-05T16:43:46","modified_gmt":"2026-04-05T15:43:46","slug":"voolbar-toyota-hilux-2012-2015","status":"publish","type":"product","link":"https:\/\/xenonkungen.com\/de\/produkt\/voolbar-toyota-hilux-2012-2015\/","title":{"rendered":"Verf\u00fcgbare Toyota Hilux 2012-2015"},"content":{"rendered":"<h1>Voolbar Lichtleiste \u2013 Toyota Hilux 2012-2015<\/h1>\n<p>Modellspezifischer Voolbar-Lichtbalken (Zusatzscheinwerferhalterung\/Lichtbalken) f\u00fcr Toyota Hilux 2012\u20132015 mit Halterungen f\u00fcr 3 Zusatzscheinwerfer oder einen LED-Lichtbalken. Die maximale Breite pro Zusatzscheinwerfer ist auf jeweils 225 mm begrenzt.<\/p>\n<p><strong>LUXTAR LED-Leiste<\/strong><br \/>Geeignet f\u00fcr die Modelle X18, X20, X24<br \/>Die Voolbar wird mit dem mitgelieferten Montagesatz um den Sturzb\u00fcgel des Fahrzeugs herum montiert, so dass bei der Montage einer kundenspezifischen Voolbar keine Bohrungen im Sturzb\u00fcgel erforderlich sind. Die Voolbar hat Halterungen f\u00fcr das Nummernschild, die bei der Montage nach vorne verschoben werden.<\/p>\n<p>Ein Qualit\u00e4tsprodukt aus echtem, s\u00e4urebest\u00e4ndigem Edelstahl. Der Durchmesser des Rohrs betr\u00e4gt 60 mm, die Zusatzleuchte ist separat erh\u00e4ltlich.<\/p>\n<p><strong>Der Bausatz enth\u00e4lt:<\/strong><br \/>1. Voolbar Bogenlampe aus Edelstahl<br \/>1 Kundenspezifischer Montagesatz<\/p>","protected":false},"excerpt":{"rendered":"<p>Kundenspezifischer Bogen f\u00fcr 3 Zusatzscheinwerfer oder 1 LED-Rampe<\/p>","protected":false},"featured_media":5629,"comment_status":"closed","ping_status":"open","template":"","meta":{"_acf_changed":false,"_smort_price_nok":"3733","_smort_price_dkk":"2372","_smort_price_eur":"317.71","_smort_sale_price_nok":"","_smort_sale_price_dkk":"","_smort_sale_price_eur":"","smort_restorder":"","shipmondo_restorder":"","_kad_blocks_custom_css":"","_kad_blocks_head_custom_js":"","_kad_blocks_body_custom_js":"","_kad_blocks_footer_custom_js":"","smort_custom_pricelist_1":"2596","smort_custom_pricelist_2":"2596","smort_custom_pricelist_3":"2596","smort_custom_pricelist_4":"2796","smort_custom_pricelist_5":"2596"},"anvandningsomrade":[],"bilmarken":[],"product_brand":[],"product_cat":[2461,2841,2610,390],"product_tag":[],"class_list":{"0":"post-5628","1":"product","2":"type-product","3":"status-publish","4":"has-post-thumbnail","6":"product_cat-fasten-installation","7":"product_cat-installation-extraljus","8":"product_cat-modellanpassade","9":"product_cat-installation","10":"pa_storlek-mm-720x130x125","12":"first","13":"onbackorder","14":"taxable","15":"shipping-taxable","16":"purchasable","17":"product-type-simple"},"bundled_by":[],"bundle_stock_status":"onbackorder","bundle_stock_quantity":0,"bundle_virtual":false,"bundle_layout":"","bundle_add_to_cart_form_location":"","bundle_editable_in_cart":false,"bundle_sold_individually_context":"","bundle_item_grouping":"","bundle_min_size":"","bundle_max_size":"","bundle_price":[],"bundled_items":[],"bundle_sell_ids":[],"acf":[],"yoast_head":"<!-- This site is optimized with the Yoast SEO plugin v27.0 - https:\/\/yoast.com\/product\/yoast-seo-wordpress\/ -->\n<title>Voolbar Toyota Hilux 2012-2015 - Xenonkungen<\/title>\n<meta name=\"robots\" content=\"index, follow, max-snippet:-1, max-image-preview:large, max-video-preview:-1\" \/>\n<link rel=\"canonical\" href=\"https:\/\/xenonkungen.com\/de\/produkt\/voolbar-toyota-hilux-2012-2015\/\" \/>\n<meta property=\"og:locale\" content=\"de_DE\" \/>\n<meta property=\"og:type\" content=\"article\" \/>\n<meta property=\"og:title\" content=\"Voolbar Toyota Hilux 2012-2015 - Xenonkungen\" \/>\n<meta property=\"og:description\" content=\"Modellanpassad ljusb\u00e5ge f\u00f6r 3 st extraljus eller 1 st ledramp\" \/>\n<meta property=\"og:url\" content=\"https:\/\/xenonkungen.com\/de\/produkt\/voolbar-toyota-hilux-2012-2015\/\" \/>\n<meta property=\"og:site_name\" content=\"Xenonkungen\" \/>\n<meta property=\"article:modified_time\" content=\"2026-04-05T15:43:46+00:00\" \/>\n<meta property=\"og:image\" content=\"https:\/\/xenonkungen.com\/wp-content\/uploads\/2025\/04\/32682366-origpic-9b8bcb.jpg\" \/>\n\t<meta property=\"og:image:width\" content=\"700\" \/>\n\t<meta property=\"og:image:height\" content=\"700\" \/>\n\t<meta property=\"og:image:type\" content=\"image\/jpeg\" \/>\n<meta name=\"twitter:card\" content=\"summary_large_image\" \/>\n<meta name=\"twitter:label1\" content=\"Gesch\u00e4tzte Lesezeit\" \/>\n\t<meta name=\"twitter:data1\" content=\"1\u00a0Minute\" \/>\n<script type=\"application\/ld+json\" class=\"yoast-schema-graph\">{\"@context\":\"https:\/\/schema.org\",\"@graph\":[{\"@type\":\"WebPage\",\"@id\":\"https:\/\/xenonkungen.com\/produkt\/voolbar-toyota-hilux-2012-2015\/\",\"url\":\"https:\/\/xenonkungen.com\/produkt\/voolbar-toyota-hilux-2012-2015\/\",\"name\":\"Voolbar Toyota Hilux 2012-2015 - Xenonkungen\",\"isPartOf\":{\"@id\":\"https:\/\/xenonkungen.com\/#website\"},\"primaryImageOfPage\":{\"@id\":\"https:\/\/xenonkungen.com\/produkt\/voolbar-toyota-hilux-2012-2015\/#primaryimage\"},\"image\":{\"@id\":\"https:\/\/xenonkungen.com\/produkt\/voolbar-toyota-hilux-2012-2015\/#primaryimage\"},\"thumbnailUrl\":\"https:\/\/xenonkungen.com\/wp-content\/uploads\/2025\/04\/32682366-origpic-9b8bcb.jpg\",\"datePublished\":\"2025-04-15T09:32:05+00:00\",\"dateModified\":\"2026-04-05T15:43:46+00:00\",\"breadcrumb\":{\"@id\":\"https:\/\/xenonkungen.com\/produkt\/voolbar-toyota-hilux-2012-2015\/#breadcrumb\"},\"inLanguage\":\"de\",\"potentialAction\":[{\"@type\":\"ReadAction\",\"target\":[\"https:\/\/xenonkungen.com\/produkt\/voolbar-toyota-hilux-2012-2015\/\"]}]},{\"@type\":\"ImageObject\",\"inLanguage\":\"de\",\"@id\":\"https:\/\/xenonkungen.com\/produkt\/voolbar-toyota-hilux-2012-2015\/#primaryimage\",\"url\":\"https:\/\/xenonkungen.com\/wp-content\/uploads\/2025\/04\/32682366-origpic-9b8bcb.jpg\",\"contentUrl\":\"https:\/\/xenonkungen.com\/wp-content\/uploads\/2025\/04\/32682366-origpic-9b8bcb.jpg\",\"width\":700,\"height\":700},{\"@type\":\"BreadcrumbList\",\"@id\":\"https:\/\/xenonkungen.com\/produkt\/voolbar-toyota-hilux-2012-2015\/#breadcrumb\",\"itemListElement\":[{\"@type\":\"ListItem\",\"position\":1,\"name\":\"Hem\",\"item\":\"https:\/\/xenonkungen.com\/\"},{\"@type\":\"ListItem\",\"position\":2,\"name\":\"Shop\",\"item\":\"https:\/\/xenonkungen.com\/shop\/\"},{\"@type\":\"ListItem\",\"position\":3,\"name\":\"Voolbar Toyota Hilux 2012-2015\"}]},{\"@type\":\"WebSite\",\"@id\":\"https:\/\/xenonkungen.com\/#website\",\"url\":\"https:\/\/xenonkungen.com\/\",\"name\":\"Xenonkungen\",\"description\":\"\",\"potentialAction\":[{\"@type\":\"SearchAction\",\"target\":{\"@type\":\"EntryPoint\",\"urlTemplate\":\"https:\/\/xenonkungen.com\/?s={search_term_string}\"},\"query-input\":{\"@type\":\"PropertyValueSpecification\",\"valueRequired\":true,\"valueName\":\"search_term_string\"}}],\"inLanguage\":\"de\"}]}<\/script>\n<!-- \/ Yoast SEO plugin. -->","yoast_head_json":{"title":"Voolbar Toyota Hilux 2012-2015 - Der Xenon-K\u00f6nig","robots":{"index":"index","follow":"follow","max-snippet":"max-snippet:-1","max-image-preview":"max-image-preview:large","max-video-preview":"max-video-preview:-1"},"canonical":"https:\/\/xenonkungen.com\/de\/produkt\/voolbar-toyota-hilux-2012-2015\/","og_locale":"de_DE","og_type":"article","og_title":"Voolbar Toyota Hilux 2012-2015 - Xenonkungen","og_description":"Modellanpassad ljusb\u00e5ge f\u00f6r 3 st extraljus eller 1 st ledramp","og_url":"https:\/\/xenonkungen.com\/de\/produkt\/voolbar-toyota-hilux-2012-2015\/","og_site_name":"Xenonkungen","article_modified_time":"2026-04-05T15:43:46+00:00","og_image":[{"width":700,"height":700,"url":"https:\/\/xenonkungen.com\/wp-content\/uploads\/2025\/04\/32682366-origpic-9b8bcb.jpg","type":"image\/jpeg"}],"twitter_card":"summary_large_image","twitter_misc":{"Gesch\u00e4tzte Lesezeit":"1\u00a0Minute"},"schema":{"@context":"https:\/\/schema.org","@graph":[{"@type":"WebPage","@id":"https:\/\/xenonkungen.com\/produkt\/voolbar-toyota-hilux-2012-2015\/","url":"https:\/\/xenonkungen.com\/produkt\/voolbar-toyota-hilux-2012-2015\/","name":"Voolbar Toyota Hilux 2012-2015 - Der Xenon-K\u00f6nig","isPartOf":{"@id":"https:\/\/xenonkungen.com\/#website"},"primaryImageOfPage":{"@id":"https:\/\/xenonkungen.com\/produkt\/voolbar-toyota-hilux-2012-2015\/#primaryimage"},"image":{"@id":"https:\/\/xenonkungen.com\/produkt\/voolbar-toyota-hilux-2012-2015\/#primaryimage"},"thumbnailUrl":"https:\/\/xenonkungen.com\/wp-content\/uploads\/2025\/04\/32682366-origpic-9b8bcb.jpg","datePublished":"2025-04-15T09:32:05+00:00","dateModified":"2026-04-05T15:43:46+00:00","breadcrumb":{"@id":"https:\/\/xenonkungen.com\/produkt\/voolbar-toyota-hilux-2012-2015\/#breadcrumb"},"inLanguage":"de","potentialAction":[{"@type":"ReadAction","target":["https:\/\/xenonkungen.com\/produkt\/voolbar-toyota-hilux-2012-2015\/"]}]},{"@type":"ImageObject","inLanguage":"de","@id":"https:\/\/xenonkungen.com\/produkt\/voolbar-toyota-hilux-2012-2015\/#primaryimage","url":"https:\/\/xenonkungen.com\/wp-content\/uploads\/2025\/04\/32682366-origpic-9b8bcb.jpg","contentUrl":"https:\/\/xenonkungen.com\/wp-content\/uploads\/2025\/04\/32682366-origpic-9b8bcb.jpg","width":700,"height":700},{"@type":"BreadcrumbList","@id":"https:\/\/xenonkungen.com\/produkt\/voolbar-toyota-hilux-2012-2015\/#breadcrumb","itemListElement":[{"@type":"ListItem","position":1,"name":"Hem","item":"https:\/\/xenonkungen.com\/"},{"@type":"ListItem","position":2,"name":"Shop","item":"https:\/\/xenonkungen.com\/shop\/"},{"@type":"ListItem","position":3,"name":"Voolbar Toyota Hilux 2012-2015"}]},{"@type":"WebSite","@id":"https:\/\/xenonkungen.com\/#website","url":"https:\/\/xenonkungen.com\/","name":"Xenonkungen","description":"","potentialAction":[{"@type":"SearchAction","target":{"@type":"EntryPoint","urlTemplate":"https:\/\/xenonkungen.com\/?s={search_term_string}"},"query-input":{"@type":"PropertyValueSpecification","valueRequired":true,"valueName":"search_term_string"}}],"inLanguage":"de"}]}},"taxonomy_info":{"product_cat":[{"value":2461,"label":"F\u00e4sten"},{"value":2841,"label":"Installation extraljus"},{"value":2610,"label":"Modellanpassade"},{"value":390,"label":"Installation"}],"pa_storlek-mm":[{"value":1652,"label":"720x130x125"}]},"featured_image_src_large":["https:\/\/xenonkungen.com\/wp-content\/uploads\/2025\/04\/32682366-origpic-9b8bcb.jpg",700,700,false],"author_info":[],"comment_info":0,"_links":{"self":[{"href":"https:\/\/xenonkungen.com\/de\/wp-json\/wp\/v2\/product\/5628","targetHints":{"allow":["GET"]}}],"collection":[{"href":"https:\/\/xenonkungen.com\/de\/wp-json\/wp\/v2\/product"}],"about":[{"href":"https:\/\/xenonkungen.com\/de\/wp-json\/wp\/v2\/types\/product"}],"replies":[{"embeddable":true,"href":"https:\/\/xenonkungen.com\/de\/wp-json\/wp\/v2\/comments?post=5628"}],"wp:featuredmedia":[{"embeddable":true,"href":"https:\/\/xenonkungen.com\/de\/wp-json\/wp\/v2\/media\/5629"}],"wp:attachment":[{"href":"https:\/\/xenonkungen.com\/de\/wp-json\/wp\/v2\/media?parent=5628"}],"wp:term":[{"taxonomy":"anvandningsomrade","embeddable":true,"href":"https:\/\/xenonkungen.com\/de\/wp-json\/wp\/v2\/anvandningsomrade?post=5628"},{"taxonomy":"bilmarken","embeddable":true,"href":"https:\/\/xenonkungen.com\/de\/wp-json\/wp\/v2\/bilmarken?post=5628"},{"taxonomy":"product_brand","embeddable":true,"href":"https:\/\/xenonkungen.com\/de\/wp-json\/wp\/v2\/product_brand?post=5628"},{"taxonomy":"product_cat","embeddable":true,"href":"https:\/\/xenonkungen.com\/de\/wp-json\/wp\/v2\/product_cat?post=5628"},{"taxonomy":"product_tag","embeddable":true,"href":"https:\/\/xenonkungen.com\/de\/wp-json\/wp\/v2\/product_tag?post=5628"}],"curies":[{"name":"wp","href":"https:\/\/api.w.org\/{rel}","templated":true}]}}