{"id":5692,"date":"2025-04-15T09:32:33","date_gmt":"2025-04-15T09:32:33","guid":{"rendered":"https:\/\/xenonkungen.com\/product\/avtagbart-faste-for-extraljus-3mm-60mm\/"},"modified":"2026-03-04T17:03:43","modified_gmt":"2026-03-04T16:03:43","slug":"abnehmbarer-aufsatz-fur-zusatzlicht-3-mm-60-mm","status":"publish","type":"product","link":"https:\/\/xenonkungen.com\/de\/produkt\/abnehmbarer-aufsatz-fur-zusatzlicht-3-mm-60-mm\/","title":{"rendered":"Abnehmbare Halterung f\u00fcr zus\u00e4tzliches Licht (3mm) - 60mm"},"content":{"rendered":"<h2 class=\"product-subname\">Halterung zur Montage zus\u00e4tzlicher Leuchten (\u00d860mm)<\/h2>\n<p><span>Abnehmbare Halterung aus 3 mm starkem Stahl zur Montage zus\u00e4tzlicher Leuchten. Gefertigt aus hochglanzpoliertem Edelstahl. Zur Montage an Rohren mit einem Durchmesser von 60 bis 63 mm. Die Halterung ist 50 mm breit. Preis pro St\u00fcck.<\/p>\n<p>Hinweis! Unsere Frontb\u00f6gen der Ausf\u00fchrung \u201eSTOR TRIO\u201c (\u00d8 60 mm Rohr) verf\u00fcgen bereits \u00fcber 3 angeschwei\u00dfte Halterungen f\u00fcr Zusatzscheinwerfer. Sie ben\u00f6tigen diese Halterungen daher nicht, es sei denn, Sie m\u00f6chten mehr als 3 Zusatzscheinwerfer montieren. Wenn Sie beispielsweise eine zus\u00e4tzliche LED-Lichtleiste anbringen m\u00f6chten, ben\u00f6tigen Sie diese Halterungen separat.<\/p>\n<p>Diese \u00d860mm-Halterung passt an folgende Frontlenker:<br \/>Entwerfen Sie eine &quot;KLEINERE&quot; obere Strebe (nicht untere)<br \/>EU Vorderradaufh\u00e4ngung, obere Strebe \u00d860mm (nicht \u00d870mm)<\/p>\n<p>Es passt weder auf die anderen Modelle noch auf EU-Frontb\u00fcgel mit \u00d870mm oberen B\u00fcgeln (nur auf solche mit \u00d860mm).<\/span><\/p>\n<p class=\"spec\"><strong>Spezifikationen<\/strong><br \/>Gewicht: 320 g<br \/>Material: Rostfreier Stahl (T304)<br \/>Sonstige\/wichtige Informationen: Erh\u00e4ltlich in verschiedenen anderen Ausf\u00fchrungen, je nachdem, welchen Frontbogen Sie gekauft haben und wie Sie Ihre zus\u00e4tzlichen Leuchten montieren m\u00f6chten.<\/p>","protected":false},"excerpt":{"rendered":"<p>F\u00e4ste f\u00f6r montering av extraljus (\u00d860mm) Avtagbart f\u00e4ste i 3mm gods f\u00f6r montering av extraljus. Tillverkat i h\u00f6gpolerat rostfritt st\u00e5l. F\u00f6r montering p\u00e5 \u00d860 till \u00d863mm r\u00f6r. Bredden p\u00e5 f\u00e4stet \u00e4r 50 mm. Pris per styck. Obs! V\u00e5ra frontb\u00e5gar med design &#8221;STOR TRIO&#8221; (\u00d860mm r\u00f6r) har redan 3 st svetsade f\u00e4sten f\u00f6r extraljus. Du beh\u00f6ver [&hellip;]<\/p>","protected":false},"featured_media":5693,"comment_status":"closed","ping_status":"open","template":"","meta":{"_acf_changed":false,"_smort_price_nok":"545","_smort_price_dkk":"346","_smort_price_eur":"46.36","_smort_sale_price_nok":"","_smort_sale_price_dkk":"","_smort_sale_price_eur":"","smort_restorder":"","shipmondo_restorder":"","_kad_blocks_custom_css":"","_kad_blocks_head_custom_js":"","_kad_blocks_body_custom_js":"","_kad_blocks_footer_custom_js":"","smort_custom_pricelist_1":"408","smort_custom_pricelist_2":"408","smort_custom_pricelist_3":"408","smort_custom_pricelist_4":"408","smort_custom_pricelist_5":"408"},"anvandningsomrade":[],"bilmarken":[],"product_brand":[],"product_cat":[2537,2841,2669,390],"product_tag":[],"class_list":{"0":"post-5692","1":"product","2":"type-product","3":"status-publish","4":"has-post-thumbnail","6":"product_cat-fasten-ledramper","7":"product_cat-installation-extraljus","8":"product_cat-monteringstillbehor-monteringstillbehor-extraljus","9":"product_cat-installation","10":"pa_storlek-mm-1235","12":"first","13":"instock","14":"taxable","15":"shipping-taxable","16":"purchasable","17":"product-type-simple"},"bundled_by":[],"bundle_stock_status":"instock","bundle_stock_quantity":4,"bundle_virtual":false,"bundle_layout":"","bundle_add_to_cart_form_location":"","bundle_editable_in_cart":false,"bundle_sold_individually_context":"","bundle_item_grouping":"","bundle_min_size":"","bundle_max_size":"","bundle_price":[],"bundled_items":[],"bundle_sell_ids":[],"acf":[],"yoast_head":"<!-- This site is optimized with the Yoast SEO plugin v27.0 - https:\/\/yoast.com\/product\/yoast-seo-wordpress\/ -->\n<title>Avtagbart f\u00e4ste f\u00f6r extraljus (3mm) - 60mm - Xenonkungen<\/title>\n<meta name=\"robots\" content=\"index, follow, max-snippet:-1, max-image-preview:large, max-video-preview:-1\" \/>\n<link rel=\"canonical\" href=\"https:\/\/xenonkungen.com\/de\/produkt\/abnehmbarer-aufsatz-fur-zusatzlicht-3-mm-60-mm\/\" \/>\n<meta property=\"og:locale\" content=\"de_DE\" \/>\n<meta property=\"og:type\" content=\"article\" \/>\n<meta property=\"og:title\" content=\"Avtagbart f\u00e4ste f\u00f6r extraljus (3mm) - 60mm - Xenonkungen\" \/>\n<meta property=\"og:description\" content=\"F\u00e4ste f\u00f6r montering av extraljus (\u00d860mm) Avtagbart f\u00e4ste i 3mm gods f\u00f6r montering av extraljus. Tillverkat i h\u00f6gpolerat rostfritt st\u00e5l. F\u00f6r montering p\u00e5 \u00d860 till \u00d863mm r\u00f6r. Bredden p\u00e5 f\u00e4stet \u00e4r 50 mm. Pris per styck. Obs! V\u00e5ra frontb\u00e5gar med design &#8221;STOR TRIO&#8221; (\u00d860mm r\u00f6r) har redan 3 st svetsade f\u00e4sten f\u00f6r extraljus. Du beh\u00f6ver [&hellip;]\" \/>\n<meta property=\"og:url\" content=\"https:\/\/xenonkungen.com\/de\/produkt\/abnehmbarer-aufsatz-fur-zusatzlicht-3-mm-60-mm\/\" \/>\n<meta property=\"og:site_name\" content=\"Xenonkungen\" \/>\n<meta property=\"article:modified_time\" content=\"2026-03-04T16:03:43+00:00\" \/>\n<meta property=\"og:image\" content=\"https:\/\/xenonkungen.com\/wp-content\/uploads\/2025\/04\/204525693-origpic-adf6ed.jpg\" \/>\n\t<meta property=\"og:image:width\" content=\"1000\" \/>\n\t<meta property=\"og:image:height\" content=\"800\" \/>\n\t<meta property=\"og:image:type\" content=\"image\/jpeg\" \/>\n<meta name=\"twitter:card\" content=\"summary_large_image\" \/>\n<meta name=\"twitter:label1\" content=\"Gesch\u00e4tzte Lesezeit\" \/>\n\t<meta name=\"twitter:data1\" content=\"1\u00a0Minute\" \/>\n<script type=\"application\/ld+json\" class=\"yoast-schema-graph\">{\"@context\":\"https:\/\/schema.org\",\"@graph\":[{\"@type\":\"WebPage\",\"@id\":\"https:\/\/xenonkungen.com\/es\/producto\/accesorio-extraible-para-luz-adicional-de-3-mm-y-60-mm\/\",\"url\":\"https:\/\/xenonkungen.com\/es\/producto\/accesorio-extraible-para-luz-adicional-de-3-mm-y-60-mm\/\",\"name\":\"Avtagbart f\u00e4ste f\u00f6r extraljus (3mm) - 60mm - Xenonkungen\",\"isPartOf\":{\"@id\":\"https:\/\/xenonkungen.com\/#website\"},\"primaryImageOfPage\":{\"@id\":\"https:\/\/xenonkungen.com\/es\/producto\/accesorio-extraible-para-luz-adicional-de-3-mm-y-60-mm\/#primaryimage\"},\"image\":{\"@id\":\"https:\/\/xenonkungen.com\/es\/producto\/accesorio-extraible-para-luz-adicional-de-3-mm-y-60-mm\/#primaryimage\"},\"thumbnailUrl\":\"https:\/\/xenonkungen.com\/wp-content\/uploads\/2025\/04\/204525693-origpic-adf6ed.jpg\",\"datePublished\":\"2025-04-15T09:32:33+00:00\",\"dateModified\":\"2026-03-04T16:03:43+00:00\",\"breadcrumb\":{\"@id\":\"https:\/\/xenonkungen.com\/es\/producto\/accesorio-extraible-para-luz-adicional-de-3-mm-y-60-mm\/#breadcrumb\"},\"inLanguage\":\"de\",\"potentialAction\":[{\"@type\":\"ReadAction\",\"target\":[\"https:\/\/xenonkungen.com\/es\/producto\/accesorio-extraible-para-luz-adicional-de-3-mm-y-60-mm\/\"]}]},{\"@type\":\"ImageObject\",\"inLanguage\":\"de\",\"@id\":\"https:\/\/xenonkungen.com\/es\/producto\/accesorio-extraible-para-luz-adicional-de-3-mm-y-60-mm\/#primaryimage\",\"url\":\"https:\/\/xenonkungen.com\/wp-content\/uploads\/2025\/04\/204525693-origpic-adf6ed.jpg\",\"contentUrl\":\"https:\/\/xenonkungen.com\/wp-content\/uploads\/2025\/04\/204525693-origpic-adf6ed.jpg\",\"width\":1000,\"height\":800},{\"@type\":\"BreadcrumbList\",\"@id\":\"https:\/\/xenonkungen.com\/es\/producto\/accesorio-extraible-para-luz-adicional-de-3-mm-y-60-mm\/#breadcrumb\",\"itemListElement\":[{\"@type\":\"ListItem\",\"position\":1,\"name\":\"Hem\",\"item\":\"https:\/\/xenonkungen.com\/\"},{\"@type\":\"ListItem\",\"position\":2,\"name\":\"Shop\",\"item\":\"https:\/\/xenonkungen.com\/shop\/\"},{\"@type\":\"ListItem\",\"position\":3,\"name\":\"Avtagbart f\u00e4ste f\u00f6r extraljus (3mm) &#8211; 60mm\"}]},{\"@type\":\"WebSite\",\"@id\":\"https:\/\/xenonkungen.com\/#website\",\"url\":\"https:\/\/xenonkungen.com\/\",\"name\":\"Xenonkungen\",\"description\":\"\",\"potentialAction\":[{\"@type\":\"SearchAction\",\"target\":{\"@type\":\"EntryPoint\",\"urlTemplate\":\"https:\/\/xenonkungen.com\/?s={search_term_string}\"},\"query-input\":{\"@type\":\"PropertyValueSpecification\",\"valueRequired\":true,\"valueName\":\"search_term_string\"}}],\"inLanguage\":\"de\"}]}<\/script>\n<!-- \/ Yoast SEO plugin. -->","yoast_head_json":{"title":"Abnehmbare Halterung f\u00fcr Zusatzscheinwerfer (3 mm) \u2013 60 mm \u2013 Xenonkungen","robots":{"index":"index","follow":"follow","max-snippet":"max-snippet:-1","max-image-preview":"max-image-preview:large","max-video-preview":"max-video-preview:-1"},"canonical":"https:\/\/xenonkungen.com\/de\/produkt\/abnehmbarer-aufsatz-fur-zusatzlicht-3-mm-60-mm\/","og_locale":"de_DE","og_type":"article","og_title":"Avtagbart f\u00e4ste f\u00f6r extraljus (3mm) - 60mm - Xenonkungen","og_description":"F\u00e4ste f\u00f6r montering av extraljus (\u00d860mm) Avtagbart f\u00e4ste i 3mm gods f\u00f6r montering av extraljus. Tillverkat i h\u00f6gpolerat rostfritt st\u00e5l. F\u00f6r montering p\u00e5 \u00d860 till \u00d863mm r\u00f6r. Bredden p\u00e5 f\u00e4stet \u00e4r 50 mm. Pris per styck. Obs! V\u00e5ra frontb\u00e5gar med design &#8221;STOR TRIO&#8221; (\u00d860mm r\u00f6r) har redan 3 st svetsade f\u00e4sten f\u00f6r extraljus. Du beh\u00f6ver [&hellip;]","og_url":"https:\/\/xenonkungen.com\/de\/produkt\/abnehmbarer-aufsatz-fur-zusatzlicht-3-mm-60-mm\/","og_site_name":"Xenonkungen","article_modified_time":"2026-03-04T16:03:43+00:00","og_image":[{"width":1000,"height":800,"url":"https:\/\/xenonkungen.com\/wp-content\/uploads\/2025\/04\/204525693-origpic-adf6ed.jpg","type":"image\/jpeg"}],"twitter_card":"summary_large_image","twitter_misc":{"Gesch\u00e4tzte Lesezeit":"1\u00a0Minute"},"schema":{"@context":"https:\/\/schema.org","@graph":[{"@type":"WebPage","@id":"https:\/\/xenonkungen.com\/es\/producto\/accesorio-extraible-para-luz-adicional-de-3-mm-y-60-mm\/","url":"https:\/\/xenonkungen.com\/es\/producto\/accesorio-extraible-para-luz-adicional-de-3-mm-y-60-mm\/","name":"Abnehmbare Halterung f\u00fcr Zusatzscheinwerfer (3 mm) \u2013 60 mm \u2013 Xenonkungen","isPartOf":{"@id":"https:\/\/xenonkungen.com\/#website"},"primaryImageOfPage":{"@id":"https:\/\/xenonkungen.com\/es\/producto\/accesorio-extraible-para-luz-adicional-de-3-mm-y-60-mm\/#primaryimage"},"image":{"@id":"https:\/\/xenonkungen.com\/es\/producto\/accesorio-extraible-para-luz-adicional-de-3-mm-y-60-mm\/#primaryimage"},"thumbnailUrl":"https:\/\/xenonkungen.com\/wp-content\/uploads\/2025\/04\/204525693-origpic-adf6ed.jpg","datePublished":"2025-04-15T09:32:33+00:00","dateModified":"2026-03-04T16:03:43+00:00","breadcrumb":{"@id":"https:\/\/xenonkungen.com\/es\/producto\/accesorio-extraible-para-luz-adicional-de-3-mm-y-60-mm\/#breadcrumb"},"inLanguage":"de","potentialAction":[{"@type":"ReadAction","target":["https:\/\/xenonkungen.com\/es\/producto\/accesorio-extraible-para-luz-adicional-de-3-mm-y-60-mm\/"]}]},{"@type":"ImageObject","inLanguage":"de","@id":"https:\/\/xenonkungen.com\/es\/producto\/accesorio-extraible-para-luz-adicional-de-3-mm-y-60-mm\/#primaryimage","url":"https:\/\/xenonkungen.com\/wp-content\/uploads\/2025\/04\/204525693-origpic-adf6ed.jpg","contentUrl":"https:\/\/xenonkungen.com\/wp-content\/uploads\/2025\/04\/204525693-origpic-adf6ed.jpg","width":1000,"height":800},{"@type":"BreadcrumbList","@id":"https:\/\/xenonkungen.com\/es\/producto\/accesorio-extraible-para-luz-adicional-de-3-mm-y-60-mm\/#breadcrumb","itemListElement":[{"@type":"ListItem","position":1,"name":"Hem","item":"https:\/\/xenonkungen.com\/"},{"@type":"ListItem","position":2,"name":"Shop","item":"https:\/\/xenonkungen.com\/shop\/"},{"@type":"ListItem","position":3,"name":"Avtagbart f\u00e4ste f\u00f6r extraljus (3mm) &#8211; 60mm"}]},{"@type":"WebSite","@id":"https:\/\/xenonkungen.com\/#website","url":"https:\/\/xenonkungen.com\/","name":"Xenonkungen","description":"","potentialAction":[{"@type":"SearchAction","target":{"@type":"EntryPoint","urlTemplate":"https:\/\/xenonkungen.com\/?s={search_term_string}"},"query-input":{"@type":"PropertyValueSpecification","valueRequired":true,"valueName":"search_term_string"}}],"inLanguage":"de"}]}},"taxonomy_info":{"product_cat":[{"value":2537,"label":"F\u00e4sten"},{"value":2841,"label":"Installation extraljus"},{"value":2669,"label":"Monteringstillbeh\u00f6r"},{"value":390,"label":"Installation"}],"pa_storlek-mm":[{"value":1235,"label":"60"}]},"featured_image_src_large":["https:\/\/xenonkungen.com\/wp-content\/uploads\/2025\/04\/204525693-origpic-adf6ed.jpg",1000,800,false],"author_info":[],"comment_info":0,"_links":{"self":[{"href":"https:\/\/xenonkungen.com\/de\/wp-json\/wp\/v2\/product\/5692","targetHints":{"allow":["GET"]}}],"collection":[{"href":"https:\/\/xenonkungen.com\/de\/wp-json\/wp\/v2\/product"}],"about":[{"href":"https:\/\/xenonkungen.com\/de\/wp-json\/wp\/v2\/types\/product"}],"replies":[{"embeddable":true,"href":"https:\/\/xenonkungen.com\/de\/wp-json\/wp\/v2\/comments?post=5692"}],"wp:featuredmedia":[{"embeddable":true,"href":"https:\/\/xenonkungen.com\/de\/wp-json\/wp\/v2\/media\/5693"}],"wp:attachment":[{"href":"https:\/\/xenonkungen.com\/de\/wp-json\/wp\/v2\/media?parent=5692"}],"wp:term":[{"taxonomy":"anvandningsomrade","embeddable":true,"href":"https:\/\/xenonkungen.com\/de\/wp-json\/wp\/v2\/anvandningsomrade?post=5692"},{"taxonomy":"bilmarken","embeddable":true,"href":"https:\/\/xenonkungen.com\/de\/wp-json\/wp\/v2\/bilmarken?post=5692"},{"taxonomy":"product_brand","embeddable":true,"href":"https:\/\/xenonkungen.com\/de\/wp-json\/wp\/v2\/product_brand?post=5692"},{"taxonomy":"product_cat","embeddable":true,"href":"https:\/\/xenonkungen.com\/de\/wp-json\/wp\/v2\/product_cat?post=5692"},{"taxonomy":"product_tag","embeddable":true,"href":"https:\/\/xenonkungen.com\/de\/wp-json\/wp\/v2\/product_tag?post=5692"}],"curies":[{"name":"wp","href":"https:\/\/api.w.org\/{rel}","templated":true}]}}