{"id":5699,"date":"2025-04-15T09:32:41","date_gmt":"2025-04-15T09:32:41","guid":{"rendered":"https:\/\/xenonkungen.com\/product\/voolbar-ljusbage-60mm-rf-2xbult\/"},"modified":"2025-12-10T14:46:59","modified_gmt":"2025-12-10T13:46:59","slug":"voolbar-lichttasche-60mm-hf-2xbolzen","status":"publish","type":"product","link":"https:\/\/xenonkungen.com\/de\/produkt\/voolbar-lichttasche-60mm-hf-2xbolzen\/","title":{"rendered":"Voolbar Bogen 60MM RF 2xBolzen"},"content":{"rendered":"<h1>Extra-Leuchtenhalterung f\u00fcr 2 Zusatzleuchten aus rostfreiem Stahl<\/h1>\n<p>Universeller Lichtbalken (Zusatzscheinwerferhalter) mit Halterungen f\u00fcr 2 Zusatzscheinwerfer mit einer maximalen Breite von 245mm.<\/p>\n<p>Die Voolbar wird mit dem mitgelieferten Montagesatz in den Sturzb\u00fcgel des Fahrzeugs montiert. Die Methode bietet eine sehr stabile Befestigung jeder Beleuchtung.<\/p>\n<p>Ein Qualit\u00e4tsprodukt aus s\u00e4urefestem Edelstahl. Der Rohrdurchmesser betr\u00e4gt 60 mm.<\/p>\n<p>Zusatzlicht separat erh\u00e4ltlich.<\/p>\n<h2>Inhalt der Lieferung:<\/h2>\n<p>1. Voolbar Bogenlampe aus Edelstahl<br \/>2St\u00fcck Bolzen, Vollgewinde <br \/>2 Abstandshalter (selbst auf die gew\u00fcnschte L\u00e4nge schneiden)<\/p>\n<p>Dieser Artikel ist allgemeing\u00fcltig f\u00fcr die meisten auf dem Markt befindlichen Fahrzeuge und Modelle. Spezifische Unterst\u00fctzung kann nur f\u00fcr die wenigen Artikel gegeben werden, mit denen wir Erfahrungen aus erster Hand haben.<\/p>\n<p>Wir f\u00fchren hier die Autos auf, bei denen der Artikel ungeeignet ist oder andere Komplikationen auftreten:<br \/>&#8211;<\/p>","protected":false},"excerpt":{"rendered":"<p>Extraljush\u00e5llare f\u00f6r 2 st extraljus tillverkad i rostfritt st\u00e5l Universal ljusramp (extraljush\u00e5llare) med f\u00e4sten f\u00f6r 2st extraljus med maxbredd 245mm. Voolbar monteras i bilens krockbalk med hj\u00e4lp av medf\u00f6ljande monteringssats. Metoden ger en mycket stabil montering av valfri belysning. En kvalitetsprodukt tillverkad i syrafast rostfritt st\u00e5l. R\u00f6rets diameter \u00e4r 60mm. Extraljus s\u00e4ljes separat. Leveransinneh\u00e5ll: 1st [&hellip;]<\/p>","protected":false},"featured_media":5700,"comment_status":"closed","ping_status":"open","template":"","meta":{"_acf_changed":false,"_smort_price_nok":"3199","_smort_price_dkk":"2032","_smort_price_eur":"272.26","_smort_sale_price_nok":"","_smort_sale_price_dkk":"","_smort_sale_price_eur":"","smort_restorder":"","shipmondo_restorder":"","_kad_blocks_custom_css":"","_kad_blocks_head_custom_js":"","_kad_blocks_body_custom_js":"","_kad_blocks_footer_custom_js":"","smort_custom_pricelist_1":"2250","smort_custom_pricelist_2":"2250","smort_custom_pricelist_3":"2250","smort_custom_pricelist_4":"2396","smort_custom_pricelist_5":"2250"},"anvandningsomrade":[],"bilmarken":[],"product_brand":[1653],"product_cat":[2671,2672,390],"product_tag":[],"class_list":{"0":"post-5699","1":"product","2":"type-product","3":"status-publish","4":"has-post-thumbnail","6":"product_brand-voolbar","7":"product_cat-monteringstillbehor-extraljus","8":"product_cat-monteringstillbehor-monteringstillbehor-extraljus-extraljusfaste-ledramper","9":"product_cat-installation","10":"pa_storlek-mm-720x130x125","12":"first","13":"instock","14":"taxable","15":"shipping-taxable","16":"purchasable","17":"product-type-simple"},"bundled_by":[],"bundle_stock_status":"instock","bundle_stock_quantity":1,"bundle_virtual":false,"bundle_layout":"","bundle_add_to_cart_form_location":"","bundle_editable_in_cart":false,"bundle_sold_individually_context":"","bundle_item_grouping":"","bundle_min_size":"","bundle_max_size":"","bundle_price":[],"bundled_items":[],"bundle_sell_ids":[],"acf":[],"yoast_head":"<!-- This site is optimized with the Yoast SEO plugin v27.0 - https:\/\/yoast.com\/product\/yoast-seo-wordpress\/ -->\n<title>Voolbar Ljusb\u00e5ge 60MM RF 2xBult - Xenonkungen<\/title>\n<meta name=\"robots\" content=\"index, follow, max-snippet:-1, max-image-preview:large, max-video-preview:-1\" \/>\n<link rel=\"canonical\" href=\"https:\/\/xenonkungen.com\/de\/produkt\/voolbar-lichttasche-60mm-hf-2xbolzen\/\" \/>\n<meta property=\"og:locale\" content=\"de_DE\" \/>\n<meta property=\"og:type\" content=\"article\" \/>\n<meta property=\"og:title\" content=\"Voolbar Ljusb\u00e5ge 60MM RF 2xBult - Xenonkungen\" \/>\n<meta property=\"og:description\" content=\"Extraljush\u00e5llare f\u00f6r 2 st extraljus tillverkad i rostfritt st\u00e5l Universal ljusramp (extraljush\u00e5llare) med f\u00e4sten f\u00f6r 2st extraljus med maxbredd 245mm. Voolbar monteras i bilens krockbalk med hj\u00e4lp av medf\u00f6ljande monteringssats. Metoden ger en mycket stabil montering av valfri belysning. En kvalitetsprodukt tillverkad i syrafast rostfritt st\u00e5l. R\u00f6rets diameter \u00e4r 60mm. Extraljus s\u00e4ljes separat. Leveransinneh\u00e5ll: 1st [&hellip;]\" \/>\n<meta property=\"og:url\" content=\"https:\/\/xenonkungen.com\/de\/produkt\/voolbar-lichttasche-60mm-hf-2xbolzen\/\" \/>\n<meta property=\"og:site_name\" content=\"Xenonkungen\" \/>\n<meta property=\"article:modified_time\" content=\"2025-12-10T13:46:59+00:00\" \/>\n<meta property=\"og:image\" content=\"https:\/\/xenonkungen.com\/wp-content\/uploads\/2025\/04\/32413579-origpic-7471d8.jpg\" \/>\n\t<meta property=\"og:image:width\" content=\"700\" \/>\n\t<meta property=\"og:image:height\" content=\"700\" \/>\n\t<meta property=\"og:image:type\" content=\"image\/jpeg\" \/>\n<meta name=\"twitter:card\" content=\"summary_large_image\" \/>\n<meta name=\"twitter:label1\" content=\"Gesch\u00e4tzte Lesezeit\" \/>\n\t<meta name=\"twitter:data1\" content=\"1\u00a0Minute\" \/>\n<script type=\"application\/ld+json\" class=\"yoast-schema-graph\">{\"@context\":\"https:\/\/schema.org\",\"@graph\":[{\"@type\":\"WebPage\",\"@id\":\"https:\/\/xenonkungen.com\/de\/produkt\/voolbar-lichttasche-60mm-hf-2xbolzen\/\",\"url\":\"https:\/\/xenonkungen.com\/de\/produkt\/voolbar-lichttasche-60mm-hf-2xbolzen\/\",\"name\":\"Voolbar Ljusb\u00e5ge 60MM RF 2xBult - Xenonkungen\",\"isPartOf\":{\"@id\":\"https:\/\/xenonkungen.com\/#website\"},\"primaryImageOfPage\":{\"@id\":\"https:\/\/xenonkungen.com\/de\/produkt\/voolbar-lichttasche-60mm-hf-2xbolzen\/#primaryimage\"},\"image\":{\"@id\":\"https:\/\/xenonkungen.com\/de\/produkt\/voolbar-lichttasche-60mm-hf-2xbolzen\/#primaryimage\"},\"thumbnailUrl\":\"https:\/\/xenonkungen.com\/wp-content\/uploads\/2025\/04\/32413579-origpic-7471d8.jpg\",\"datePublished\":\"2025-04-15T09:32:41+00:00\",\"dateModified\":\"2025-12-10T13:46:59+00:00\",\"breadcrumb\":{\"@id\":\"https:\/\/xenonkungen.com\/de\/produkt\/voolbar-lichttasche-60mm-hf-2xbolzen\/#breadcrumb\"},\"inLanguage\":\"de\",\"potentialAction\":[{\"@type\":\"ReadAction\",\"target\":[\"https:\/\/xenonkungen.com\/de\/produkt\/voolbar-lichttasche-60mm-hf-2xbolzen\/\"]}]},{\"@type\":\"ImageObject\",\"inLanguage\":\"de\",\"@id\":\"https:\/\/xenonkungen.com\/de\/produkt\/voolbar-lichttasche-60mm-hf-2xbolzen\/#primaryimage\",\"url\":\"https:\/\/xenonkungen.com\/wp-content\/uploads\/2025\/04\/32413579-origpic-7471d8.jpg\",\"contentUrl\":\"https:\/\/xenonkungen.com\/wp-content\/uploads\/2025\/04\/32413579-origpic-7471d8.jpg\",\"width\":700,\"height\":700},{\"@type\":\"BreadcrumbList\",\"@id\":\"https:\/\/xenonkungen.com\/de\/produkt\/voolbar-lichttasche-60mm-hf-2xbolzen\/#breadcrumb\",\"itemListElement\":[{\"@type\":\"ListItem\",\"position\":1,\"name\":\"Hem\",\"item\":\"https:\/\/xenonkungen.com\/\"},{\"@type\":\"ListItem\",\"position\":2,\"name\":\"Shop\",\"item\":\"https:\/\/xenonkungen.com\/shop\/\"},{\"@type\":\"ListItem\",\"position\":3,\"name\":\"Voolbar Ljusb\u00e5ge 60MM RF 2xBult\"}]},{\"@type\":\"WebSite\",\"@id\":\"https:\/\/xenonkungen.com\/#website\",\"url\":\"https:\/\/xenonkungen.com\/\",\"name\":\"Xenonkungen\",\"description\":\"\",\"potentialAction\":[{\"@type\":\"SearchAction\",\"target\":{\"@type\":\"EntryPoint\",\"urlTemplate\":\"https:\/\/xenonkungen.com\/?s={search_term_string}\"},\"query-input\":{\"@type\":\"PropertyValueSpecification\",\"valueRequired\":true,\"valueName\":\"search_term_string\"}}],\"inLanguage\":\"de\"}]}<\/script>\n<!-- \/ Yoast SEO plugin. -->","yoast_head_json":{"title":"Voolbar Light Arc 60MM RF 2xBult - Der Xenon-K\u00f6nig","robots":{"index":"index","follow":"follow","max-snippet":"max-snippet:-1","max-image-preview":"max-image-preview:large","max-video-preview":"max-video-preview:-1"},"canonical":"https:\/\/xenonkungen.com\/de\/produkt\/voolbar-lichttasche-60mm-hf-2xbolzen\/","og_locale":"de_DE","og_type":"article","og_title":"Voolbar Ljusb\u00e5ge 60MM RF 2xBult - Xenonkungen","og_description":"Extraljush\u00e5llare f\u00f6r 2 st extraljus tillverkad i rostfritt st\u00e5l Universal ljusramp (extraljush\u00e5llare) med f\u00e4sten f\u00f6r 2st extraljus med maxbredd 245mm. Voolbar monteras i bilens krockbalk med hj\u00e4lp av medf\u00f6ljande monteringssats. Metoden ger en mycket stabil montering av valfri belysning. En kvalitetsprodukt tillverkad i syrafast rostfritt st\u00e5l. R\u00f6rets diameter \u00e4r 60mm. Extraljus s\u00e4ljes separat. Leveransinneh\u00e5ll: 1st [&hellip;]","og_url":"https:\/\/xenonkungen.com\/de\/produkt\/voolbar-lichttasche-60mm-hf-2xbolzen\/","og_site_name":"Xenonkungen","article_modified_time":"2025-12-10T13:46:59+00:00","og_image":[{"width":700,"height":700,"url":"https:\/\/xenonkungen.com\/wp-content\/uploads\/2025\/04\/32413579-origpic-7471d8.jpg","type":"image\/jpeg"}],"twitter_card":"summary_large_image","twitter_misc":{"Gesch\u00e4tzte Lesezeit":"1\u00a0Minute"},"schema":{"@context":"https:\/\/schema.org","@graph":[{"@type":"WebPage","@id":"https:\/\/xenonkungen.com\/de\/produkt\/voolbar-lichttasche-60mm-hf-2xbolzen\/","url":"https:\/\/xenonkungen.com\/de\/produkt\/voolbar-lichttasche-60mm-hf-2xbolzen\/","name":"Voolbar Light Arc 60MM RF 2xBult - Der Xenon-K\u00f6nig","isPartOf":{"@id":"https:\/\/xenonkungen.com\/#website"},"primaryImageOfPage":{"@id":"https:\/\/xenonkungen.com\/de\/produkt\/voolbar-lichttasche-60mm-hf-2xbolzen\/#primaryimage"},"image":{"@id":"https:\/\/xenonkungen.com\/de\/produkt\/voolbar-lichttasche-60mm-hf-2xbolzen\/#primaryimage"},"thumbnailUrl":"https:\/\/xenonkungen.com\/wp-content\/uploads\/2025\/04\/32413579-origpic-7471d8.jpg","datePublished":"2025-04-15T09:32:41+00:00","dateModified":"2025-12-10T13:46:59+00:00","breadcrumb":{"@id":"https:\/\/xenonkungen.com\/de\/produkt\/voolbar-lichttasche-60mm-hf-2xbolzen\/#breadcrumb"},"inLanguage":"de","potentialAction":[{"@type":"ReadAction","target":["https:\/\/xenonkungen.com\/de\/produkt\/voolbar-lichttasche-60mm-hf-2xbolzen\/"]}]},{"@type":"ImageObject","inLanguage":"de","@id":"https:\/\/xenonkungen.com\/de\/produkt\/voolbar-lichttasche-60mm-hf-2xbolzen\/#primaryimage","url":"https:\/\/xenonkungen.com\/wp-content\/uploads\/2025\/04\/32413579-origpic-7471d8.jpg","contentUrl":"https:\/\/xenonkungen.com\/wp-content\/uploads\/2025\/04\/32413579-origpic-7471d8.jpg","width":700,"height":700},{"@type":"BreadcrumbList","@id":"https:\/\/xenonkungen.com\/de\/produkt\/voolbar-lichttasche-60mm-hf-2xbolzen\/#breadcrumb","itemListElement":[{"@type":"ListItem","position":1,"name":"Hem","item":"https:\/\/xenonkungen.com\/"},{"@type":"ListItem","position":2,"name":"Shop","item":"https:\/\/xenonkungen.com\/shop\/"},{"@type":"ListItem","position":3,"name":"Voolbar Ljusb\u00e5ge 60MM RF 2xBult"}]},{"@type":"WebSite","@id":"https:\/\/xenonkungen.com\/#website","url":"https:\/\/xenonkungen.com\/","name":"Xenonkungen","description":"","potentialAction":[{"@type":"SearchAction","target":{"@type":"EntryPoint","urlTemplate":"https:\/\/xenonkungen.com\/?s={search_term_string}"},"query-input":{"@type":"PropertyValueSpecification","valueRequired":true,"valueName":"search_term_string"}}],"inLanguage":"de"}]}},"taxonomy_info":{"product_brand":[{"value":1653,"label":"Voolbar"}],"product_cat":[{"value":2671,"label":"Monteringstillbeh\u00f6r"},{"value":2672,"label":"Monteringstillbeh\u00f6r"},{"value":390,"label":"Installation"}],"pa_storlek-mm":[{"value":1652,"label":"720x130x125"}]},"featured_image_src_large":["https:\/\/xenonkungen.com\/wp-content\/uploads\/2025\/04\/32413579-origpic-7471d8.jpg",700,700,false],"author_info":[],"comment_info":0,"_links":{"self":[{"href":"https:\/\/xenonkungen.com\/de\/wp-json\/wp\/v2\/product\/5699","targetHints":{"allow":["GET"]}}],"collection":[{"href":"https:\/\/xenonkungen.com\/de\/wp-json\/wp\/v2\/product"}],"about":[{"href":"https:\/\/xenonkungen.com\/de\/wp-json\/wp\/v2\/types\/product"}],"replies":[{"embeddable":true,"href":"https:\/\/xenonkungen.com\/de\/wp-json\/wp\/v2\/comments?post=5699"}],"wp:featuredmedia":[{"embeddable":true,"href":"https:\/\/xenonkungen.com\/de\/wp-json\/wp\/v2\/media\/5700"}],"wp:attachment":[{"href":"https:\/\/xenonkungen.com\/de\/wp-json\/wp\/v2\/media?parent=5699"}],"wp:term":[{"taxonomy":"anvandningsomrade","embeddable":true,"href":"https:\/\/xenonkungen.com\/de\/wp-json\/wp\/v2\/anvandningsomrade?post=5699"},{"taxonomy":"bilmarken","embeddable":true,"href":"https:\/\/xenonkungen.com\/de\/wp-json\/wp\/v2\/bilmarken?post=5699"},{"taxonomy":"product_brand","embeddable":true,"href":"https:\/\/xenonkungen.com\/de\/wp-json\/wp\/v2\/product_brand?post=5699"},{"taxonomy":"product_cat","embeddable":true,"href":"https:\/\/xenonkungen.com\/de\/wp-json\/wp\/v2\/product_cat?post=5699"},{"taxonomy":"product_tag","embeddable":true,"href":"https:\/\/xenonkungen.com\/de\/wp-json\/wp\/v2\/product_tag?post=5699"}],"curies":[{"name":"wp","href":"https:\/\/api.w.org\/{rel}","templated":true}]}}