{"id":5719,"date":"2025-04-15T09:32:41","date_gmt":"2025-04-15T09:32:41","guid":{"rendered":"https:\/\/xenonkungen.com\/product\/v-sight-tron-9-dual-position-white\/"},"modified":"2026-04-24T17:49:42","modified_gmt":"2026-04-24T16:49:42","slug":"v-sight-tron-9-dual-position-weis","status":"publish","type":"product","link":"https:\/\/xenonkungen.com\/de\/produkt\/v-sight-tron-9-dual-position-weis\/","title":{"rendered":"V-SIGHT Tron 9\u2033 Doppelte Position | Wei\u00df"},"content":{"rendered":"<h1 style=\"color: #333;\">V-SIGHT Tron 9\u2033 LED-Zusatzleuchte mit zwei Positionen | Wei\u00df<\/h1>\n<p>Begib dich auf die Stra\u00dfe mit <strong>V-SIGHT Tron 9\u2033 LED-Zusatzscheinwerfer mit zwei Positionen<\/strong> \u2013 Ein Zusatzscheinwerfer, der f\u00fcr optimale Sicht und Sicherheit sorgt, ohne Kompromisse beim Design einzugehen. Ideal f\u00fcr alle, die in jeder Fahrsituation Leistung und Zuverl\u00e4ssigkeit erwarten.<\/p>\n<h2 style=\"color: #555;\">Merkmale, die heller gl\u00e4nzen<\/h2>\n<ul>\n<li><strong>9600 Lumen Helligkeit:<\/strong> Kristallklare Sicht auch unter anspruchsvollsten Fahrbedingungen.<\/li>\n<li><strong>Reichweite von 667 Metern (1 Lux):<\/strong> Ideal f\u00fcr die Navigation auf dunklen Stra\u00dfen oder in weitl\u00e4ufigem Gel\u00e4nde.<\/li>\n<li><strong>Doppelte Positionsleuchten:<\/strong> Passen Sie Ihre Beleuchtung individuell an \u2013 f\u00fcr Funktionalit\u00e4t und Eleganz \u2013 mit eleganten Lichteffekten um und zwischen den LEDs.<\/li>\n<li><strong>5000K Farbtemperatur:<\/strong> Sorgt f\u00fcr nat\u00fcrliches Licht, das die Augenerm\u00fcdung reduziert und den Fahrkomfort maximiert.<\/li>\n<li><strong>Spannungsbereich 9-36 V:<\/strong> Kompatibel mit einer Vielzahl von Fahrzeugtypen.<\/li>\n<li><strong>E-gepr\u00fcft und rechtsg\u00fcltig:<\/strong> Genehmigt gem\u00e4\u00df <strong>ECE R148\/R149\/R10<\/strong> f\u00fcr den sicheren Einsatz im Stra\u00dfenverkehr.<\/li>\n<\/ul>\n<h2 style=\"color: #555;\">Entwickelt, um unter allen Bedingungen Leistung zu erbringen.<\/h2>\n<p><strong>V-SIGHT Tron 9\u2033<\/strong> Die Kombination aus elegantem, robustem Design und optimiertem Lichtmuster sorgt f\u00fcr ein ausgewogenes Verh\u00e4ltnis von Breite und L\u00e4nge. So genie\u00dfen Sie in jeder Umgebung \u2013 von schmalen Waldwegen bis hin zu offenen Landschaften \u2013 bestm\u00f6gliche Sicht.<\/p>\n<h2 style=\"color: #555;\">Zwei Modi f\u00fcr alle Bed\u00fcrfnisse<\/h2>\n<ul>\n<li><strong>E-genehmigter Modus:<\/strong> F\u00fcr sicheres und gesetzeskonformes Fahren im Alltag.<\/li>\n<li><strong>E-Boost-Modus:<\/strong> Aktivieren Sie die maximale St\u00e4rke, wenn Sie eine gr\u00f6\u00dfere Reichweite und Leistung ben\u00f6tigen, bis zu 667 Meter (1 Lux).<\/li>\n<\/ul>\n<h2 style=\"color: #555;\">F\u00fcr alle, die mehr fordern<\/h2>\n<p>Ob Sie nun ein professioneller Fahrer, ein Offroad-Enthusiast sind oder einfach nur bessere Lichtverh\u00e4ltnisse beim Fahren in der D\u00e4mmerung suchen, <strong>V-SIGHT Tron 9\u2033<\/strong> Die ultimative Wahl. Dies ist nicht nur eine zus\u00e4tzliche Lampe \u2013 sie ist Ihr zuverl\u00e4ssiger Begleiter auf all Ihren Reisen.<\/p>\n<h5><img loading=\"lazy\" decoding=\"async\" src=\"https:\/\/cdn.abicart.com\/shop\/11788\/files\/trailer-logo_medium.png\" alt=\"\" width=\"97\" height=\"25\" \/><br \/><strong>Trailer Extraljustest 2024 schreibt Folgendes \u00fcber V-Sight Tron Black:\u00a0<\/strong><\/h5>\n<p><em>\u201eEin weiterer achteckiger Design-Scheinwerfer, erh\u00e4ltlich in Schwarz und Wei\u00df. Wirklich gutes Lichtbild im Stil des Lazer Sentinel. Sogar noch etwas heller. Gleiches warmes Licht und etwas gr\u00f6\u00dfere Projektionsh\u00f6he. Guter, stabiler Standfu\u00df.\u201c<\/em><\/p>\n<h2><strong>Wichtige Information:<\/strong><\/h2>\n<h3><strong>Schlie\u00dfen Sie Ihre zus\u00e4tzlichen Leuchten mit dem Adapter DT6 auf DTP an.<\/strong><\/h3>\n<p>Um Ihre zus\u00e4tzlichen Leuchten reibungslos und einfach anzuschlie\u00dfen, ben\u00f6tigen Sie ein <strong>DT6 auf DTP-Adapter<\/strong>Dieser Adapter gew\u00e4hrleistet einen schnellen und sicheren \u00dcbergang zwischen dem DT6-Stecker der Zusatzleuchte und einem Standard-DTP-Kabelbaum. Ideal f\u00fcr die professionelle und problemlose Installation von Zusatzleuchten an Ihrem Fahrzeug!<\/p>\n<p><strong>Vereinfachen Sie die Installation \u2013 w\u00e4hlen Sie den Adapter DT6 auf DTP.<br \/>Artikelnummer ausw\u00e4hlen: 140041<\/strong><\/p>","protected":false},"excerpt":{"rendered":"<p>V-SIGHT Tron 9&#8243; Dual Position LED-Extraljus | White Ge dig ut p\u00e5 v\u00e4garna med V-SIGHT Tron 9&#8243; Dual Position LED-Extraljus \u2013 ett extraljus designat f\u00f6r att leverera \u00f6verl\u00e4gsen sikt och s\u00e4kerhet, utan att kompromissa p\u00e5 stil. Perfekt f\u00f6r dig som kr\u00e4ver b\u00e5de prestanda och p\u00e5litlighet, oavsett k\u00f6rf\u00f6rh\u00e5llanden. Egenskaper som lyser starkare 9600 lumen av ljusstyrka: [&hellip;]<\/p>","protected":false},"featured_media":5720,"comment_status":"closed","ping_status":"open","template":"","meta":{"_acf_changed":false,"_smort_price_nok":"3066","_smort_price_dkk":"1947","_smort_price_eur":"260.9","_smort_sale_price_nok":"","_smort_sale_price_dkk":"","_smort_sale_price_eur":"","smort_restorder":"","shipmondo_restorder":"","_kad_blocks_custom_css":"","_kad_blocks_head_custom_js":"","_kad_blocks_body_custom_js":"","_kad_blocks_footer_custom_js":"","smort_custom_pricelist_1":"1836.8","smort_custom_pricelist_2":"1607.2","smort_custom_pricelist_3":"1492.4","smort_custom_pricelist_4":"2296","smort_custom_pricelist_5":"1607.2"},"anvandningsomrade":[],"bilmarken":[],"product_brand":[2793],"product_cat":[2839,142],"product_tag":[2735],"class_list":{"0":"post-5719","1":"product","2":"type-product","3":"status-publish","4":"has-post-thumbnail","6":"product_brand-ovrigt","7":"product_cat-extraljus-9","8":"product_cat-extraljus","9":"product_tag-lazer","10":"pa_faktisk-effekts-forbrukning-1658","11":"pa_fargtemperatur-1486","12":"pa_fuktskydd-varde-ipxx-ip68-ip69k","13":"pa_godkannande-e-markt-ece-r148-r149-r10","14":"pa_lampsockel-kontakt-dt6-6-polig","15":"pa_led-chips-effekt-w-703","16":"pa_ljusbild-combo-beam","17":"pa_storlek-mm-216-med-fot-2286-mm-x-75","18":"pa_stromforbrukning-133a12v","19":"pa_stromforbrukning-66a24v","20":"pa_volt-v-9-36","22":"first","23":"onbackorder","24":"taxable","25":"shipping-taxable","26":"purchasable","27":"product-type-simple"},"bundled_by":[],"bundle_stock_status":"onbackorder","bundle_stock_quantity":0,"bundle_virtual":false,"bundle_layout":"","bundle_add_to_cart_form_location":"","bundle_editable_in_cart":false,"bundle_sold_individually_context":"","bundle_item_grouping":"","bundle_min_size":"","bundle_max_size":"","bundle_price":[],"bundled_items":[],"bundle_sell_ids":[],"acf":[],"yoast_head":"<!-- This site is optimized with the Yoast SEO plugin v27.0 - https:\/\/yoast.com\/product\/yoast-seo-wordpress\/ -->\n<title>V-SIGHT Tron 9&quot; Dual position | White - Xenonkungen<\/title>\n<meta name=\"robots\" content=\"index, follow, max-snippet:-1, max-image-preview:large, max-video-preview:-1\" \/>\n<link rel=\"canonical\" href=\"https:\/\/xenonkungen.com\/de\/produkt\/v-sight-tron-9-dual-position-weis\/\" \/>\n<meta property=\"og:locale\" content=\"de_DE\" \/>\n<meta property=\"og:type\" content=\"article\" \/>\n<meta property=\"og:title\" content=\"V-SIGHT Tron 9&quot; Dual position | White - Xenonkungen\" \/>\n<meta property=\"og:description\" content=\"V-SIGHT Tron 9&#8243; Dual Position LED-Extraljus | White Ge dig ut p\u00e5 v\u00e4garna med V-SIGHT Tron 9&#8243; Dual Position LED-Extraljus \u2013 ett extraljus designat f\u00f6r att leverera \u00f6verl\u00e4gsen sikt och s\u00e4kerhet, utan att kompromissa p\u00e5 stil. Perfekt f\u00f6r dig som kr\u00e4ver b\u00e5de prestanda och p\u00e5litlighet, oavsett k\u00f6rf\u00f6rh\u00e5llanden. Egenskaper som lyser starkare 9600 lumen av ljusstyrka: [&hellip;]\" \/>\n<meta property=\"og:url\" content=\"https:\/\/xenonkungen.com\/de\/produkt\/v-sight-tron-9-dual-position-weis\/\" \/>\n<meta property=\"og:site_name\" content=\"Xenonkungen\" \/>\n<meta property=\"article:modified_time\" content=\"2026-04-24T16:49:42+00:00\" \/>\n<meta property=\"og:image\" content=\"https:\/\/xenonkungen.com\/wp-content\/uploads\/2025\/04\/216613329-origpic-9b3a29.jpg\" \/>\n\t<meta property=\"og:image:width\" content=\"1000\" \/>\n\t<meta property=\"og:image:height\" content=\"800\" \/>\n\t<meta property=\"og:image:type\" content=\"image\/jpeg\" \/>\n<meta name=\"twitter:card\" content=\"summary_large_image\" \/>\n<meta name=\"twitter:label1\" content=\"Gesch\u00e4tzte Lesezeit\" \/>\n\t<meta name=\"twitter:data1\" content=\"2\u00a0Minuten\" \/>\n<script type=\"application\/ld+json\" class=\"yoast-schema-graph\">{\"@context\":\"https:\/\/schema.org\",\"@graph\":[{\"@type\":\"WebPage\",\"@id\":\"https:\/\/xenonkungen.com\/no\/produkt\/v-sikte-tron-9-dobbel-posisjon-hvit\/\",\"url\":\"https:\/\/xenonkungen.com\/no\/produkt\/v-sikte-tron-9-dobbel-posisjon-hvit\/\",\"name\":\"V-SIGHT Tron 9\\\" Dual position | White - Xenonkungen\",\"isPartOf\":{\"@id\":\"https:\/\/xenonkungen.com\/#website\"},\"primaryImageOfPage\":{\"@id\":\"https:\/\/xenonkungen.com\/no\/produkt\/v-sikte-tron-9-dobbel-posisjon-hvit\/#primaryimage\"},\"image\":{\"@id\":\"https:\/\/xenonkungen.com\/no\/produkt\/v-sikte-tron-9-dobbel-posisjon-hvit\/#primaryimage\"},\"thumbnailUrl\":\"https:\/\/xenonkungen.com\/wp-content\/uploads\/2025\/04\/216613329-origpic-9b3a29.jpg\",\"datePublished\":\"2025-04-15T09:32:41+00:00\",\"dateModified\":\"2026-04-24T16:49:42+00:00\",\"breadcrumb\":{\"@id\":\"https:\/\/xenonkungen.com\/no\/produkt\/v-sikte-tron-9-dobbel-posisjon-hvit\/#breadcrumb\"},\"inLanguage\":\"de\",\"potentialAction\":[{\"@type\":\"ReadAction\",\"target\":[\"https:\/\/xenonkungen.com\/no\/produkt\/v-sikte-tron-9-dobbel-posisjon-hvit\/\"]}]},{\"@type\":\"ImageObject\",\"inLanguage\":\"de\",\"@id\":\"https:\/\/xenonkungen.com\/no\/produkt\/v-sikte-tron-9-dobbel-posisjon-hvit\/#primaryimage\",\"url\":\"https:\/\/xenonkungen.com\/wp-content\/uploads\/2025\/04\/216613329-origpic-9b3a29.jpg\",\"contentUrl\":\"https:\/\/xenonkungen.com\/wp-content\/uploads\/2025\/04\/216613329-origpic-9b3a29.jpg\",\"width\":1000,\"height\":800},{\"@type\":\"BreadcrumbList\",\"@id\":\"https:\/\/xenonkungen.com\/no\/produkt\/v-sikte-tron-9-dobbel-posisjon-hvit\/#breadcrumb\",\"itemListElement\":[{\"@type\":\"ListItem\",\"position\":1,\"name\":\"Hem\",\"item\":\"https:\/\/xenonkungen.com\/\"},{\"@type\":\"ListItem\",\"position\":2,\"name\":\"Shop\",\"item\":\"https:\/\/xenonkungen.com\/shop\/\"},{\"@type\":\"ListItem\",\"position\":3,\"name\":\"V-SIGHT Tron 9&#8243; Dual position | White\"}]},{\"@type\":\"WebSite\",\"@id\":\"https:\/\/xenonkungen.com\/#website\",\"url\":\"https:\/\/xenonkungen.com\/\",\"name\":\"Xenonkungen\",\"description\":\"\",\"potentialAction\":[{\"@type\":\"SearchAction\",\"target\":{\"@type\":\"EntryPoint\",\"urlTemplate\":\"https:\/\/xenonkungen.com\/?s={search_term_string}\"},\"query-input\":{\"@type\":\"PropertyValueSpecification\",\"valueRequired\":true,\"valueName\":\"search_term_string\"}}],\"inLanguage\":\"de\"}]}<\/script>\n<!-- \/ Yoast SEO plugin. -->","yoast_head_json":{"title":"V-SIGHT Tron 9&quot; Dualposition | Wei\u00df \u2013 Der Xenon-K\u00f6nig","robots":{"index":"index","follow":"follow","max-snippet":"max-snippet:-1","max-image-preview":"max-image-preview:large","max-video-preview":"max-video-preview:-1"},"canonical":"https:\/\/xenonkungen.com\/de\/produkt\/v-sight-tron-9-dual-position-weis\/","og_locale":"de_DE","og_type":"article","og_title":"V-SIGHT Tron 9\" Dual position | White - Xenonkungen","og_description":"V-SIGHT Tron 9&#8243; Dual Position LED-Extraljus | White Ge dig ut p\u00e5 v\u00e4garna med V-SIGHT Tron 9&#8243; Dual Position LED-Extraljus \u2013 ett extraljus designat f\u00f6r att leverera \u00f6verl\u00e4gsen sikt och s\u00e4kerhet, utan att kompromissa p\u00e5 stil. Perfekt f\u00f6r dig som kr\u00e4ver b\u00e5de prestanda och p\u00e5litlighet, oavsett k\u00f6rf\u00f6rh\u00e5llanden. Egenskaper som lyser starkare 9600 lumen av ljusstyrka: [&hellip;]","og_url":"https:\/\/xenonkungen.com\/de\/produkt\/v-sight-tron-9-dual-position-weis\/","og_site_name":"Xenonkungen","article_modified_time":"2026-04-24T16:49:42+00:00","og_image":[{"width":1000,"height":800,"url":"https:\/\/xenonkungen.com\/wp-content\/uploads\/2025\/04\/216613329-origpic-9b3a29.jpg","type":"image\/jpeg"}],"twitter_card":"summary_large_image","twitter_misc":{"Gesch\u00e4tzte Lesezeit":"2\u00a0Minuten"},"schema":{"@context":"https:\/\/schema.org","@graph":[{"@type":"WebPage","@id":"https:\/\/xenonkungen.com\/no\/produkt\/v-sikte-tron-9-dobbel-posisjon-hvit\/","url":"https:\/\/xenonkungen.com\/no\/produkt\/v-sikte-tron-9-dobbel-posisjon-hvit\/","name":"V-SIGHT Tron 9&quot; Dualposition | Wei\u00df \u2013 Der Xenon-K\u00f6nig","isPartOf":{"@id":"https:\/\/xenonkungen.com\/#website"},"primaryImageOfPage":{"@id":"https:\/\/xenonkungen.com\/no\/produkt\/v-sikte-tron-9-dobbel-posisjon-hvit\/#primaryimage"},"image":{"@id":"https:\/\/xenonkungen.com\/no\/produkt\/v-sikte-tron-9-dobbel-posisjon-hvit\/#primaryimage"},"thumbnailUrl":"https:\/\/xenonkungen.com\/wp-content\/uploads\/2025\/04\/216613329-origpic-9b3a29.jpg","datePublished":"2025-04-15T09:32:41+00:00","dateModified":"2026-04-24T16:49:42+00:00","breadcrumb":{"@id":"https:\/\/xenonkungen.com\/no\/produkt\/v-sikte-tron-9-dobbel-posisjon-hvit\/#breadcrumb"},"inLanguage":"de","potentialAction":[{"@type":"ReadAction","target":["https:\/\/xenonkungen.com\/no\/produkt\/v-sikte-tron-9-dobbel-posisjon-hvit\/"]}]},{"@type":"ImageObject","inLanguage":"de","@id":"https:\/\/xenonkungen.com\/no\/produkt\/v-sikte-tron-9-dobbel-posisjon-hvit\/#primaryimage","url":"https:\/\/xenonkungen.com\/wp-content\/uploads\/2025\/04\/216613329-origpic-9b3a29.jpg","contentUrl":"https:\/\/xenonkungen.com\/wp-content\/uploads\/2025\/04\/216613329-origpic-9b3a29.jpg","width":1000,"height":800},{"@type":"BreadcrumbList","@id":"https:\/\/xenonkungen.com\/no\/produkt\/v-sikte-tron-9-dobbel-posisjon-hvit\/#breadcrumb","itemListElement":[{"@type":"ListItem","position":1,"name":"Hem","item":"https:\/\/xenonkungen.com\/"},{"@type":"ListItem","position":2,"name":"Shop","item":"https:\/\/xenonkungen.com\/shop\/"},{"@type":"ListItem","position":3,"name":"V-SIGHT Tron 9&#8243; Dual position | White"}]},{"@type":"WebSite","@id":"https:\/\/xenonkungen.com\/#website","url":"https:\/\/xenonkungen.com\/","name":"Xenonkungen","description":"","potentialAction":[{"@type":"SearchAction","target":{"@type":"EntryPoint","urlTemplate":"https:\/\/xenonkungen.com\/?s={search_term_string}"},"query-input":{"@type":"PropertyValueSpecification","valueRequired":true,"valueName":"search_term_string"}}],"inLanguage":"de"}]}},"taxonomy_info":{"product_brand":[{"value":2793,"label":"\u00d6VRIGT"}],"product_cat":[{"value":2839,"label":"Extraljus 9\""},{"value":142,"label":"Extraljus"}],"product_tag":[{"value":2735,"label":"Lazer"}],"pa_faktisk-effekts-forbrukning":[{"value":1658,"label":"160"}],"pa_fargtemperatur":[{"value":1486,"label":"5000"}],"pa_fuktskydd-varde-ipxx":[{"value":402,"label":"IP68. IP69K"}],"pa_godkannande":[{"value":1662,"label":"E-m\u00e4rkt: ECE R148\/ R149 \/R10"}],"pa_lampsockel-kontakt":[{"value":1661,"label":"DT6 (6-polig)"}],"pa_led-chips-effekt-w":[{"value":703,"label":"160"}],"pa_ljusbild":[{"value":1659,"label":"Combo Beam"}],"pa_storlek-mm":[{"value":1657,"label":"216 (med fot 228,6 mm) x 75"}],"pa_stromforbrukning":[{"value":1114,"label":"1,33A@12V"},{"value":1660,"label":"6,6A@24V"}],"pa_volt-v":[{"value":1444,"label":"9-36"}]},"featured_image_src_large":["https:\/\/xenonkungen.com\/wp-content\/uploads\/2025\/04\/216613329-origpic-9b3a29.jpg",1000,800,false],"author_info":[],"comment_info":0,"_links":{"self":[{"href":"https:\/\/xenonkungen.com\/de\/wp-json\/wp\/v2\/product\/5719","targetHints":{"allow":["GET"]}}],"collection":[{"href":"https:\/\/xenonkungen.com\/de\/wp-json\/wp\/v2\/product"}],"about":[{"href":"https:\/\/xenonkungen.com\/de\/wp-json\/wp\/v2\/types\/product"}],"replies":[{"embeddable":true,"href":"https:\/\/xenonkungen.com\/de\/wp-json\/wp\/v2\/comments?post=5719"}],"wp:featuredmedia":[{"embeddable":true,"href":"https:\/\/xenonkungen.com\/de\/wp-json\/wp\/v2\/media\/5720"}],"wp:attachment":[{"href":"https:\/\/xenonkungen.com\/de\/wp-json\/wp\/v2\/media?parent=5719"}],"wp:term":[{"taxonomy":"anvandningsomrade","embeddable":true,"href":"https:\/\/xenonkungen.com\/de\/wp-json\/wp\/v2\/anvandningsomrade?post=5719"},{"taxonomy":"bilmarken","embeddable":true,"href":"https:\/\/xenonkungen.com\/de\/wp-json\/wp\/v2\/bilmarken?post=5719"},{"taxonomy":"product_brand","embeddable":true,"href":"https:\/\/xenonkungen.com\/de\/wp-json\/wp\/v2\/product_brand?post=5719"},{"taxonomy":"product_cat","embeddable":true,"href":"https:\/\/xenonkungen.com\/de\/wp-json\/wp\/v2\/product_cat?post=5719"},{"taxonomy":"product_tag","embeddable":true,"href":"https:\/\/xenonkungen.com\/de\/wp-json\/wp\/v2\/product_tag?post=5719"}],"curies":[{"name":"wp","href":"https:\/\/api.w.org\/{rel}","templated":true}]}}