{"id":5735,"date":"2025-04-15T09:34:02","date_gmt":"2025-04-15T09:34:02","guid":{"rendered":"https:\/\/xenonkungen.com\/product\/voolbar-ljusbage-60mm-black-3xbult\/"},"modified":"2025-12-10T14:47:00","modified_gmt":"2025-12-10T13:47:00","slug":"voolbar-lichttasche-60mm-schwarz-3xbolt","status":"publish","type":"product","link":"https:\/\/xenonkungen.com\/de\/produkt\/voolbar-lichttasche-60mm-schwarz-3xbolt\/","title":{"rendered":"Voolbar Bogenlampe 60MM Schwarz 3xBolt"},"content":{"rendered":"<h1>Schwarz lackierte zus\u00e4tzliche Lampenhalterung f\u00fcr 3 zus\u00e4tzliche Lampen aus Edelstahl<\/h1>\n<p>Universelle Lichtleiste (zus\u00e4tzliche Lichthalterung) mit L\u00f6chern f\u00fcr 3 zus\u00e4tzliche Leuchten mit einer maximalen Breite von jeweils 225 mm oder 1 LED-Leiste.<\/p>\n<p><strong>LUXTAR LED-Leiste<\/strong><br \/>Geeignet f\u00fcr die Modelle X18, X20, X24<\/p>\n<p>Voolbar Black wird mithilfe des mitgelieferten Montagesatzes am \u00dcberrollb\u00fcgel des Fahrzeugs befestigt. Voolbar Black verf\u00fcgt \u00fcber Kennzeichenhalterungen, die sich bei der Montage nach vorne bewegen.<\/p>\n<p>Eine hervorragende Alternative zu herk\u00f6mmlichen Zusatzlampenfassungen. Ein Qualit\u00e4tsprodukt aus eloxiertem Aluminium. Der Rohrdurchmesser betr\u00e4gt 60 mm. Zusatzlampen sind separat erh\u00e4ltlich.<\/p>\n<p>Hergestellt in Schweden.<\/p>\n<p><strong>Der Bausatz enth\u00e4lt:<\/strong><br \/>1 St\u00fcck Voolbar Edelstahl-Bogen, schwarz lackiert <br \/>2St\u00fcck Bolzen, Vollgewinde <br \/>2 Abstandshalter (selbst auf die gew\u00fcnschte L\u00e4nge zuschneiden)<\/p>\n<p><strong>Spezifikation<\/strong><br \/>Fahrzeugmodell: Universal (nicht kundenspezifisch)<br \/>Abmessungen des Displays (bhd): 720x130x125 mm<br \/>Abmessungen des Rohrs: \u00d8 60 mm<br \/>Gewicht: 3,0 kg (inkl. Montagehalterungen)<br \/>Material: Edelstahl (T304)<br \/>Vorgeschwei\u00dfte Halterungen f\u00fcr Zusatzscheinwerfer: Ja (3 St\u00fcck)<\/p>\n<p><em>Dieser Artikel ist allgemeing\u00fcltig f\u00fcr die meisten auf dem Markt befindlichen Fahrzeuge und Modelle. Spezifische Unterst\u00fctzung kann nur f\u00fcr die wenigen Artikel gegeben werden, mit denen wir Erfahrungen aus erster Hand haben.<\/em><\/p>","protected":false},"excerpt":{"rendered":"<p>Svartlackad extraljush\u00e5llare f\u00f6r 3 st extraljus tillverkad i rostfritt st\u00e5l Universal ljusramp (extraljush\u00e5llare) med h\u00e5l f\u00f6r 3st extraljus med en maxbredd p\u00e5 225mm vardera alternativt 1st ledramp. LUXTAR LED BARL\u00e4mplig f\u00f6r modell X18, X20, X24 Voolbar Black monteras i bilens krockbalk med hj\u00e4lp av medf\u00f6ljande monteringssats. Voolbar Black har f\u00e4sten f\u00f6r registreringsskylten som flyttas fram [&hellip;]<\/p>","protected":false},"featured_media":5736,"comment_status":"closed","ping_status":"open","template":"","meta":{"_acf_changed":false,"_smort_price_nok":"3199","_smort_price_dkk":"2032","_smort_price_eur":"272.26","_smort_sale_price_nok":"","_smort_sale_price_dkk":"","_smort_sale_price_eur":"","smort_restorder":"","shipmondo_restorder":"","_kad_blocks_custom_css":"","_kad_blocks_head_custom_js":"","_kad_blocks_body_custom_js":"","_kad_blocks_footer_custom_js":"","smort_custom_pricelist_1":"2250","smort_custom_pricelist_2":"2250","smort_custom_pricelist_3":"2250","smort_custom_pricelist_4":"2396","smort_custom_pricelist_5":"2250"},"anvandningsomrade":[],"bilmarken":[],"product_brand":[1653],"product_cat":[2671,2672,390],"product_tag":[],"class_list":{"0":"post-5735","1":"product","2":"type-product","3":"status-publish","4":"has-post-thumbnail","6":"product_brand-voolbar","7":"product_cat-monteringstillbehor-extraljus","8":"product_cat-monteringstillbehor-monteringstillbehor-extraljus-extraljusfaste-ledramper","9":"product_cat-installation","10":"pa_storlek-mm-720x130x125","12":"first","13":"onbackorder","14":"taxable","15":"shipping-taxable","16":"purchasable","17":"product-type-simple"},"bundled_by":[],"bundle_stock_status":"onbackorder","bundle_stock_quantity":0,"bundle_virtual":false,"bundle_layout":"","bundle_add_to_cart_form_location":"","bundle_editable_in_cart":false,"bundle_sold_individually_context":"","bundle_item_grouping":"","bundle_min_size":"","bundle_max_size":"","bundle_price":[],"bundled_items":[],"bundle_sell_ids":[],"acf":[],"yoast_head":"<!-- This site is optimized with the Yoast SEO plugin v27.0 - https:\/\/yoast.com\/product\/yoast-seo-wordpress\/ -->\n<title>Voolbar Ljusb\u00e5ge 60MM Black 3xBult - Xenonkungen<\/title>\n<meta name=\"robots\" content=\"index, follow, max-snippet:-1, max-image-preview:large, max-video-preview:-1\" \/>\n<link rel=\"canonical\" href=\"https:\/\/xenonkungen.com\/de\/produkt\/voolbar-lichttasche-60mm-schwarz-3xbolt\/\" \/>\n<meta property=\"og:locale\" content=\"de_DE\" \/>\n<meta property=\"og:type\" content=\"article\" \/>\n<meta property=\"og:title\" content=\"Voolbar Ljusb\u00e5ge 60MM Black 3xBult - Xenonkungen\" \/>\n<meta property=\"og:description\" content=\"Svartlackad extraljush\u00e5llare f\u00f6r 3 st extraljus tillverkad i rostfritt st\u00e5l Universal ljusramp (extraljush\u00e5llare) med h\u00e5l f\u00f6r 3st extraljus med en maxbredd p\u00e5 225mm vardera alternativt 1st ledramp. LUXTAR LED BARL\u00e4mplig f\u00f6r modell X18, X20, X24 Voolbar Black monteras i bilens krockbalk med hj\u00e4lp av medf\u00f6ljande monteringssats. Voolbar Black har f\u00e4sten f\u00f6r registreringsskylten som flyttas fram [&hellip;]\" \/>\n<meta property=\"og:url\" content=\"https:\/\/xenonkungen.com\/de\/produkt\/voolbar-lichttasche-60mm-schwarz-3xbolt\/\" \/>\n<meta property=\"og:site_name\" content=\"Xenonkungen\" \/>\n<meta property=\"article:modified_time\" content=\"2025-12-10T13:47:00+00:00\" \/>\n<meta property=\"og:image\" content=\"https:\/\/xenonkungen.com\/wp-content\/uploads\/2025\/04\/95399084-origpic-57cf76.png\" \/>\n\t<meta property=\"og:image:width\" content=\"1000\" \/>\n\t<meta property=\"og:image:height\" content=\"1000\" \/>\n\t<meta property=\"og:image:type\" content=\"image\/png\" \/>\n<meta name=\"twitter:card\" content=\"summary_large_image\" \/>\n<meta name=\"twitter:label1\" content=\"Gesch\u00e4tzte Lesezeit\" \/>\n\t<meta name=\"twitter:data1\" content=\"1\u00a0Minute\" \/>\n<script type=\"application\/ld+json\" class=\"yoast-schema-graph\">{\"@context\":\"https:\/\/schema.org\",\"@graph\":[{\"@type\":\"WebPage\",\"@id\":\"https:\/\/xenonkungen.com\/produkt\/voolbar-ljusbage-60mm-black-3xbult\/\",\"url\":\"https:\/\/xenonkungen.com\/produkt\/voolbar-ljusbage-60mm-black-3xbult\/\",\"name\":\"Voolbar Ljusb\u00e5ge 60MM Black 3xBult - Xenonkungen\",\"isPartOf\":{\"@id\":\"https:\/\/xenonkungen.com\/#website\"},\"primaryImageOfPage\":{\"@id\":\"https:\/\/xenonkungen.com\/produkt\/voolbar-ljusbage-60mm-black-3xbult\/#primaryimage\"},\"image\":{\"@id\":\"https:\/\/xenonkungen.com\/produkt\/voolbar-ljusbage-60mm-black-3xbult\/#primaryimage\"},\"thumbnailUrl\":\"https:\/\/xenonkungen.com\/wp-content\/uploads\/2025\/04\/95399084-origpic-57cf76.png\",\"datePublished\":\"2025-04-15T09:34:02+00:00\",\"dateModified\":\"2025-12-10T13:47:00+00:00\",\"breadcrumb\":{\"@id\":\"https:\/\/xenonkungen.com\/produkt\/voolbar-ljusbage-60mm-black-3xbult\/#breadcrumb\"},\"inLanguage\":\"de\",\"potentialAction\":[{\"@type\":\"ReadAction\",\"target\":[\"https:\/\/xenonkungen.com\/produkt\/voolbar-ljusbage-60mm-black-3xbult\/\"]}]},{\"@type\":\"ImageObject\",\"inLanguage\":\"de\",\"@id\":\"https:\/\/xenonkungen.com\/produkt\/voolbar-ljusbage-60mm-black-3xbult\/#primaryimage\",\"url\":\"https:\/\/xenonkungen.com\/wp-content\/uploads\/2025\/04\/95399084-origpic-57cf76.png\",\"contentUrl\":\"https:\/\/xenonkungen.com\/wp-content\/uploads\/2025\/04\/95399084-origpic-57cf76.png\",\"width\":1000,\"height\":1000},{\"@type\":\"BreadcrumbList\",\"@id\":\"https:\/\/xenonkungen.com\/produkt\/voolbar-ljusbage-60mm-black-3xbult\/#breadcrumb\",\"itemListElement\":[{\"@type\":\"ListItem\",\"position\":1,\"name\":\"Hem\",\"item\":\"https:\/\/xenonkungen.com\/\"},{\"@type\":\"ListItem\",\"position\":2,\"name\":\"Shop\",\"item\":\"https:\/\/xenonkungen.com\/shop\/\"},{\"@type\":\"ListItem\",\"position\":3,\"name\":\"Voolbar Ljusb\u00e5ge 60MM Black 3xBult\"}]},{\"@type\":\"WebSite\",\"@id\":\"https:\/\/xenonkungen.com\/#website\",\"url\":\"https:\/\/xenonkungen.com\/\",\"name\":\"Xenonkungen\",\"description\":\"\",\"potentialAction\":[{\"@type\":\"SearchAction\",\"target\":{\"@type\":\"EntryPoint\",\"urlTemplate\":\"https:\/\/xenonkungen.com\/?s={search_term_string}\"},\"query-input\":{\"@type\":\"PropertyValueSpecification\",\"valueRequired\":true,\"valueName\":\"search_term_string\"}}],\"inLanguage\":\"de\"}]}<\/script>\n<!-- \/ Yoast SEO plugin. -->","yoast_head_json":{"title":"Voolbar Light Arc 60MM Schwarz 3xBult - Der Xenon-K\u00f6nig","robots":{"index":"index","follow":"follow","max-snippet":"max-snippet:-1","max-image-preview":"max-image-preview:large","max-video-preview":"max-video-preview:-1"},"canonical":"https:\/\/xenonkungen.com\/de\/produkt\/voolbar-lichttasche-60mm-schwarz-3xbolt\/","og_locale":"de_DE","og_type":"article","og_title":"Voolbar Ljusb\u00e5ge 60MM Black 3xBult - Xenonkungen","og_description":"Svartlackad extraljush\u00e5llare f\u00f6r 3 st extraljus tillverkad i rostfritt st\u00e5l Universal ljusramp (extraljush\u00e5llare) med h\u00e5l f\u00f6r 3st extraljus med en maxbredd p\u00e5 225mm vardera alternativt 1st ledramp. LUXTAR LED BARL\u00e4mplig f\u00f6r modell X18, X20, X24 Voolbar Black monteras i bilens krockbalk med hj\u00e4lp av medf\u00f6ljande monteringssats. Voolbar Black har f\u00e4sten f\u00f6r registreringsskylten som flyttas fram [&hellip;]","og_url":"https:\/\/xenonkungen.com\/de\/produkt\/voolbar-lichttasche-60mm-schwarz-3xbolt\/","og_site_name":"Xenonkungen","article_modified_time":"2025-12-10T13:47:00+00:00","og_image":[{"width":1000,"height":1000,"url":"https:\/\/xenonkungen.com\/wp-content\/uploads\/2025\/04\/95399084-origpic-57cf76.png","type":"image\/png"}],"twitter_card":"summary_large_image","twitter_misc":{"Gesch\u00e4tzte Lesezeit":"1\u00a0Minute"},"schema":{"@context":"https:\/\/schema.org","@graph":[{"@type":"WebPage","@id":"https:\/\/xenonkungen.com\/produkt\/voolbar-ljusbage-60mm-black-3xbult\/","url":"https:\/\/xenonkungen.com\/produkt\/voolbar-ljusbage-60mm-black-3xbult\/","name":"Voolbar Light Arc 60MM Schwarz 3xBult - Der Xenon-K\u00f6nig","isPartOf":{"@id":"https:\/\/xenonkungen.com\/#website"},"primaryImageOfPage":{"@id":"https:\/\/xenonkungen.com\/produkt\/voolbar-ljusbage-60mm-black-3xbult\/#primaryimage"},"image":{"@id":"https:\/\/xenonkungen.com\/produkt\/voolbar-ljusbage-60mm-black-3xbult\/#primaryimage"},"thumbnailUrl":"https:\/\/xenonkungen.com\/wp-content\/uploads\/2025\/04\/95399084-origpic-57cf76.png","datePublished":"2025-04-15T09:34:02+00:00","dateModified":"2025-12-10T13:47:00+00:00","breadcrumb":{"@id":"https:\/\/xenonkungen.com\/produkt\/voolbar-ljusbage-60mm-black-3xbult\/#breadcrumb"},"inLanguage":"de","potentialAction":[{"@type":"ReadAction","target":["https:\/\/xenonkungen.com\/produkt\/voolbar-ljusbage-60mm-black-3xbult\/"]}]},{"@type":"ImageObject","inLanguage":"de","@id":"https:\/\/xenonkungen.com\/produkt\/voolbar-ljusbage-60mm-black-3xbult\/#primaryimage","url":"https:\/\/xenonkungen.com\/wp-content\/uploads\/2025\/04\/95399084-origpic-57cf76.png","contentUrl":"https:\/\/xenonkungen.com\/wp-content\/uploads\/2025\/04\/95399084-origpic-57cf76.png","width":1000,"height":1000},{"@type":"BreadcrumbList","@id":"https:\/\/xenonkungen.com\/produkt\/voolbar-ljusbage-60mm-black-3xbult\/#breadcrumb","itemListElement":[{"@type":"ListItem","position":1,"name":"Hem","item":"https:\/\/xenonkungen.com\/"},{"@type":"ListItem","position":2,"name":"Shop","item":"https:\/\/xenonkungen.com\/shop\/"},{"@type":"ListItem","position":3,"name":"Voolbar Ljusb\u00e5ge 60MM Black 3xBult"}]},{"@type":"WebSite","@id":"https:\/\/xenonkungen.com\/#website","url":"https:\/\/xenonkungen.com\/","name":"Xenonkungen","description":"","potentialAction":[{"@type":"SearchAction","target":{"@type":"EntryPoint","urlTemplate":"https:\/\/xenonkungen.com\/?s={search_term_string}"},"query-input":{"@type":"PropertyValueSpecification","valueRequired":true,"valueName":"search_term_string"}}],"inLanguage":"de"}]}},"taxonomy_info":{"product_brand":[{"value":1653,"label":"Voolbar"}],"product_cat":[{"value":2671,"label":"Monteringstillbeh\u00f6r"},{"value":2672,"label":"Monteringstillbeh\u00f6r"},{"value":390,"label":"Installation"}],"pa_storlek-mm":[{"value":1652,"label":"720x130x125"}]},"featured_image_src_large":["https:\/\/xenonkungen.com\/wp-content\/uploads\/2025\/04\/95399084-origpic-57cf76.png",1000,1000,false],"author_info":[],"comment_info":0,"_links":{"self":[{"href":"https:\/\/xenonkungen.com\/de\/wp-json\/wp\/v2\/product\/5735","targetHints":{"allow":["GET"]}}],"collection":[{"href":"https:\/\/xenonkungen.com\/de\/wp-json\/wp\/v2\/product"}],"about":[{"href":"https:\/\/xenonkungen.com\/de\/wp-json\/wp\/v2\/types\/product"}],"replies":[{"embeddable":true,"href":"https:\/\/xenonkungen.com\/de\/wp-json\/wp\/v2\/comments?post=5735"}],"wp:featuredmedia":[{"embeddable":true,"href":"https:\/\/xenonkungen.com\/de\/wp-json\/wp\/v2\/media\/5736"}],"wp:attachment":[{"href":"https:\/\/xenonkungen.com\/de\/wp-json\/wp\/v2\/media?parent=5735"}],"wp:term":[{"taxonomy":"anvandningsomrade","embeddable":true,"href":"https:\/\/xenonkungen.com\/de\/wp-json\/wp\/v2\/anvandningsomrade?post=5735"},{"taxonomy":"bilmarken","embeddable":true,"href":"https:\/\/xenonkungen.com\/de\/wp-json\/wp\/v2\/bilmarken?post=5735"},{"taxonomy":"product_brand","embeddable":true,"href":"https:\/\/xenonkungen.com\/de\/wp-json\/wp\/v2\/product_brand?post=5735"},{"taxonomy":"product_cat","embeddable":true,"href":"https:\/\/xenonkungen.com\/de\/wp-json\/wp\/v2\/product_cat?post=5735"},{"taxonomy":"product_tag","embeddable":true,"href":"https:\/\/xenonkungen.com\/de\/wp-json\/wp\/v2\/product_tag?post=5735"}],"curies":[{"name":"wp","href":"https:\/\/api.w.org\/{rel}","templated":true}]}}