{"id":5795,"date":"2025-04-15T09:36:01","date_gmt":"2025-04-15T09:36:01","guid":{"rendered":"https:\/\/xenonkungen.com\/product\/ledriving-ledlampa-sl-p27-7w\/"},"modified":"2026-04-11T01:22:06","modified_gmt":"2026-04-11T00:22:06","slug":"led-fahrlicht-sl-p27-7w","status":"publish","type":"product","link":"https:\/\/xenonkungen.com\/de\/produkt\/led-fahrlicht-sl-p27-7w\/","title":{"rendered":"LEDriving\u00ae LED-Leuchte SL P27\/7W"},"content":{"rendered":"<p>Die LEDriving SL P27\/7W-Ersatzlampen sorgen f\u00fcr eine moderne und leistungsstarke Beleuchtung. Diese Ersatzlampen passen perfekt in alle g\u00e4ngigen P27\/7W-Lampenfassungen.<\/p>\n<p>Einer der Hauptvorteile dieser LED-Ersatzlampen ist ihre Energieeffizienz. Sie verbrauchen bis zu 80 % weniger Energie als herk\u00f6mmliche Gl\u00fchbirnen und sind somit langfristig sowohl umweltfreundlich als auch wirtschaftlich.<\/p>\n<p>Die LEDriving SL P27\/7W Ersatzlampen bieten eine intensive Ausleuchtung, die die Sicht verbessert und Ihrem Fahrzeug einen modernen Look verleiht. Sie k\u00f6nnen sich auf die hohe Qualit\u00e4t dieser Lampen verlassen, und OSRAM gew\u00e4hrt eine gro\u00dfz\u00fcgige 4-Jahres-Garantie auf LEDriving SL Lampen.<\/p>\n<p>Elektrische Daten:<br \/>\u2013 Maximale Leistung: 0,7 W<br \/>- Nominale Nennspannung: 12,0 V<br \/>\u2013 Nennleistung: 0,50 W<br \/>- Toleranz bei der Leistungsaufnahme: \u00b110 %<br \/>- Pr\u00fcfspannung in Volt: 13,5 V<\/p>\n<p>Photometrische Daten:<br \/>\u2013 Lichtstrom: 7 lm<br \/>- Lichtstrom, Toleranz: \u00b125 %<br \/>- LED-Lichtfarbe: Gelb<\/p>\n<p>Abmessungen:<br \/>\u2013 Durchmesser: 10,0 mm<br \/>\u2013 Produktgewicht: 1,94 g<br \/>\u2013 L\u00e4nge: 26,8 mm<\/p>\n<p>Lebenserwartung:<br \/>- Lebensdauer B3: 1500 h<br \/>- Lebensdauer Tc in Stunden: 4000 h<br \/>\u2013 Garantie: 4 Jahre<\/p>\n<p>Erg\u00e4nzende Produktdaten:<br \/>\u2013 Sockel: B2,1\u00d79,5d<\/p>","protected":false},"excerpt":{"rendered":"<p>R\u00fcsten Sie Ihr Auto mit modernster Technologie auf \u2013 mit der LEDriving\u00ae LED-Lampe SL P27\/7W. Dank ihrer herausragenden Helligkeit und langen Lebensdauer ist sie die perfekte Wahl f\u00fcr Ihr Fahrzeug. Besuchen Sie unseren Online-Shop und r\u00fcsten Sie Ihr Auto noch heute auf!<\/p>","protected":false},"featured_media":5796,"comment_status":"closed","ping_status":"open","template":"","meta":{"_acf_changed":false,"_smort_price_nok":"198","_smort_price_dkk":"126","_smort_price_eur":"16.82","_smort_sale_price_nok":"","_smort_sale_price_dkk":"","_smort_sale_price_eur":"","smort_restorder":"","shipmondo_restorder":"","_kad_blocks_custom_css":"","_kad_blocks_head_custom_js":"","_kad_blocks_body_custom_js":"","_kad_blocks_footer_custom_js":"","smort_custom_pricelist_1":"118.4","smort_custom_pricelist_2":"111","smort_custom_pricelist_3":"105.45","smort_custom_pricelist_4":"148","smort_custom_pricelist_5":"110.19"},"anvandningsomrade":[],"bilmarken":[],"product_brand":[108],"product_cat":[338],"product_tag":[],"class_list":{"0":"post-5795","1":"product","2":"type-product","3":"status-publish","4":"has-post-thumbnail","6":"product_brand-osram","7":"product_cat-diodlampor","8":"pa_faktisk-effekts-forbrukning-1675","9":"pa_fargtemperatur-gul","10":"pa_storlek-mm-384","11":"pa_volt-v-159","13":"first","14":"instock","15":"taxable","16":"shipping-taxable","17":"purchasable","18":"product-type-simple"},"bundled_by":[],"bundle_stock_status":"instock","bundle_stock_quantity":3,"bundle_virtual":false,"bundle_layout":"","bundle_add_to_cart_form_location":"","bundle_editable_in_cart":false,"bundle_sold_individually_context":"","bundle_item_grouping":"","bundle_min_size":"","bundle_max_size":"","bundle_price":[],"bundled_items":[],"bundle_sell_ids":[],"acf":[],"yoast_head":"<!-- This site is optimized with the Yoast SEO plugin v27.0 - https:\/\/yoast.com\/product\/yoast-seo-wordpress\/ -->\n<title>LEDriving\u00ae LEDlampa SL P27\/7W - Xenonkungen<\/title>\n<meta name=\"robots\" content=\"index, follow, max-snippet:-1, max-image-preview:large, max-video-preview:-1\" \/>\n<link rel=\"canonical\" href=\"https:\/\/xenonkungen.com\/de\/produkt\/led-fahrlicht-sl-p27-7w\/\" \/>\n<meta property=\"og:locale\" content=\"de_DE\" \/>\n<meta property=\"og:type\" content=\"article\" \/>\n<meta property=\"og:title\" content=\"LEDriving\u00ae LEDlampa SL P27\/7W - Xenonkungen\" \/>\n<meta property=\"og:description\" content=\"&quot;Uppgradera din bil med den senaste tekniken med LEDriving\u00ae LEDlampa SL P27\/7W. Med enast\u00e5ende ljusstyrka och l\u00e5ng livsl\u00e4ngd \u00e4r detta det perfekta valet f\u00f6r ditt fordon. Kolla in v\u00e5r webbutik och uppgradera din bil idag!&quot;\" \/>\n<meta property=\"og:url\" content=\"https:\/\/xenonkungen.com\/de\/produkt\/led-fahrlicht-sl-p27-7w\/\" \/>\n<meta property=\"og:site_name\" content=\"Xenonkungen\" \/>\n<meta property=\"article:modified_time\" content=\"2026-04-11T00:22:06+00:00\" \/>\n<meta property=\"og:image\" content=\"https:\/\/xenonkungen.com\/wp-content\/uploads\/2025\/04\/201830649-origpic-c355e1.jpg\" \/>\n\t<meta property=\"og:image:width\" content=\"691\" \/>\n\t<meta property=\"og:image:height\" content=\"1000\" \/>\n\t<meta property=\"og:image:type\" content=\"image\/jpeg\" \/>\n<meta name=\"twitter:card\" content=\"summary_large_image\" \/>\n<meta name=\"twitter:label1\" content=\"Gesch\u00e4tzte Lesezeit\" \/>\n\t<meta name=\"twitter:data1\" content=\"1\u00a0Minute\" \/>\n<script type=\"application\/ld+json\" class=\"yoast-schema-graph\">{\"@context\":\"https:\/\/schema.org\",\"@graph\":[{\"@type\":\"WebPage\",\"@id\":\"https:\/\/xenonkungen.com\/produkt\/ledriving-ledlampa-sl-p27-7w\/\",\"url\":\"https:\/\/xenonkungen.com\/produkt\/ledriving-ledlampa-sl-p27-7w\/\",\"name\":\"LEDriving\u00ae LEDlampa SL P27\/7W - Xenonkungen\",\"isPartOf\":{\"@id\":\"https:\/\/xenonkungen.com\/#website\"},\"primaryImageOfPage\":{\"@id\":\"https:\/\/xenonkungen.com\/produkt\/ledriving-ledlampa-sl-p27-7w\/#primaryimage\"},\"image\":{\"@id\":\"https:\/\/xenonkungen.com\/produkt\/ledriving-ledlampa-sl-p27-7w\/#primaryimage\"},\"thumbnailUrl\":\"https:\/\/xenonkungen.com\/wp-content\/uploads\/2025\/04\/201830649-origpic-c355e1.jpg\",\"datePublished\":\"2025-04-15T09:36:01+00:00\",\"dateModified\":\"2026-04-11T00:22:06+00:00\",\"breadcrumb\":{\"@id\":\"https:\/\/xenonkungen.com\/produkt\/ledriving-ledlampa-sl-p27-7w\/#breadcrumb\"},\"inLanguage\":\"de\",\"potentialAction\":[{\"@type\":\"ReadAction\",\"target\":[\"https:\/\/xenonkungen.com\/produkt\/ledriving-ledlampa-sl-p27-7w\/\"]}]},{\"@type\":\"ImageObject\",\"inLanguage\":\"de\",\"@id\":\"https:\/\/xenonkungen.com\/produkt\/ledriving-ledlampa-sl-p27-7w\/#primaryimage\",\"url\":\"https:\/\/xenonkungen.com\/wp-content\/uploads\/2025\/04\/201830649-origpic-c355e1.jpg\",\"contentUrl\":\"https:\/\/xenonkungen.com\/wp-content\/uploads\/2025\/04\/201830649-origpic-c355e1.jpg\",\"width\":691,\"height\":1000},{\"@type\":\"BreadcrumbList\",\"@id\":\"https:\/\/xenonkungen.com\/produkt\/ledriving-ledlampa-sl-p27-7w\/#breadcrumb\",\"itemListElement\":[{\"@type\":\"ListItem\",\"position\":1,\"name\":\"Hem\",\"item\":\"https:\/\/xenonkungen.com\/\"},{\"@type\":\"ListItem\",\"position\":2,\"name\":\"Shop\",\"item\":\"https:\/\/xenonkungen.com\/shop\/\"},{\"@type\":\"ListItem\",\"position\":3,\"name\":\"LEDriving\u00ae LEDlampa SL P27\/7W\"}]},{\"@type\":\"WebSite\",\"@id\":\"https:\/\/xenonkungen.com\/#website\",\"url\":\"https:\/\/xenonkungen.com\/\",\"name\":\"Xenonkungen\",\"description\":\"\",\"potentialAction\":[{\"@type\":\"SearchAction\",\"target\":{\"@type\":\"EntryPoint\",\"urlTemplate\":\"https:\/\/xenonkungen.com\/?s={search_term_string}\"},\"query-input\":{\"@type\":\"PropertyValueSpecification\",\"valueRequired\":true,\"valueName\":\"search_term_string\"}}],\"inLanguage\":\"de\"}]}<\/script>\n<!-- \/ Yoast SEO plugin. -->","yoast_head_json":{"title":"LEDriving\u00ae LED-Lampe SL P27\/7W \u2013 Der Xenon-K\u00f6nig","robots":{"index":"index","follow":"follow","max-snippet":"max-snippet:-1","max-image-preview":"max-image-preview:large","max-video-preview":"max-video-preview:-1"},"canonical":"https:\/\/xenonkungen.com\/de\/produkt\/led-fahrlicht-sl-p27-7w\/","og_locale":"de_DE","og_type":"article","og_title":"LEDriving\u00ae LEDlampa SL P27\/7W - Xenonkungen","og_description":"\"Uppgradera din bil med den senaste tekniken med LEDriving\u00ae LEDlampa SL P27\/7W. Med enast\u00e5ende ljusstyrka och l\u00e5ng livsl\u00e4ngd \u00e4r detta det perfekta valet f\u00f6r ditt fordon. Kolla in v\u00e5r webbutik och uppgradera din bil idag!\"","og_url":"https:\/\/xenonkungen.com\/de\/produkt\/led-fahrlicht-sl-p27-7w\/","og_site_name":"Xenonkungen","article_modified_time":"2026-04-11T00:22:06+00:00","og_image":[{"width":691,"height":1000,"url":"https:\/\/xenonkungen.com\/wp-content\/uploads\/2025\/04\/201830649-origpic-c355e1.jpg","type":"image\/jpeg"}],"twitter_card":"summary_large_image","twitter_misc":{"Gesch\u00e4tzte Lesezeit":"1\u00a0Minute"},"schema":{"@context":"https:\/\/schema.org","@graph":[{"@type":"WebPage","@id":"https:\/\/xenonkungen.com\/produkt\/ledriving-ledlampa-sl-p27-7w\/","url":"https:\/\/xenonkungen.com\/produkt\/ledriving-ledlampa-sl-p27-7w\/","name":"LEDriving\u00ae LED-Lampe SL P27\/7W \u2013 Der Xenon-K\u00f6nig","isPartOf":{"@id":"https:\/\/xenonkungen.com\/#website"},"primaryImageOfPage":{"@id":"https:\/\/xenonkungen.com\/produkt\/ledriving-ledlampa-sl-p27-7w\/#primaryimage"},"image":{"@id":"https:\/\/xenonkungen.com\/produkt\/ledriving-ledlampa-sl-p27-7w\/#primaryimage"},"thumbnailUrl":"https:\/\/xenonkungen.com\/wp-content\/uploads\/2025\/04\/201830649-origpic-c355e1.jpg","datePublished":"2025-04-15T09:36:01+00:00","dateModified":"2026-04-11T00:22:06+00:00","breadcrumb":{"@id":"https:\/\/xenonkungen.com\/produkt\/ledriving-ledlampa-sl-p27-7w\/#breadcrumb"},"inLanguage":"de","potentialAction":[{"@type":"ReadAction","target":["https:\/\/xenonkungen.com\/produkt\/ledriving-ledlampa-sl-p27-7w\/"]}]},{"@type":"ImageObject","inLanguage":"de","@id":"https:\/\/xenonkungen.com\/produkt\/ledriving-ledlampa-sl-p27-7w\/#primaryimage","url":"https:\/\/xenonkungen.com\/wp-content\/uploads\/2025\/04\/201830649-origpic-c355e1.jpg","contentUrl":"https:\/\/xenonkungen.com\/wp-content\/uploads\/2025\/04\/201830649-origpic-c355e1.jpg","width":691,"height":1000},{"@type":"BreadcrumbList","@id":"https:\/\/xenonkungen.com\/produkt\/ledriving-ledlampa-sl-p27-7w\/#breadcrumb","itemListElement":[{"@type":"ListItem","position":1,"name":"Hem","item":"https:\/\/xenonkungen.com\/"},{"@type":"ListItem","position":2,"name":"Shop","item":"https:\/\/xenonkungen.com\/shop\/"},{"@type":"ListItem","position":3,"name":"LEDriving\u00ae LEDlampa SL P27\/7W"}]},{"@type":"WebSite","@id":"https:\/\/xenonkungen.com\/#website","url":"https:\/\/xenonkungen.com\/","name":"Xenonkungen","description":"","potentialAction":[{"@type":"SearchAction","target":{"@type":"EntryPoint","urlTemplate":"https:\/\/xenonkungen.com\/?s={search_term_string}"},"query-input":{"@type":"PropertyValueSpecification","valueRequired":true,"valueName":"search_term_string"}}],"inLanguage":"de"}]}},"taxonomy_info":{"product_brand":[{"value":108,"label":"OSRAM"}],"product_cat":[{"value":338,"label":"Diodlampor"}],"pa_faktisk-effekts-forbrukning":[{"value":1675,"label":"0,7"}],"pa_fargtemperatur":[{"value":1579,"label":"Gul"}],"pa_storlek-mm":[{"value":384,"label":"10"}],"pa_volt-v":[{"value":159,"label":"12"}]},"featured_image_src_large":["https:\/\/xenonkungen.com\/wp-content\/uploads\/2025\/04\/201830649-origpic-c355e1.jpg",691,1000,false],"author_info":[],"comment_info":0,"_links":{"self":[{"href":"https:\/\/xenonkungen.com\/de\/wp-json\/wp\/v2\/product\/5795","targetHints":{"allow":["GET"]}}],"collection":[{"href":"https:\/\/xenonkungen.com\/de\/wp-json\/wp\/v2\/product"}],"about":[{"href":"https:\/\/xenonkungen.com\/de\/wp-json\/wp\/v2\/types\/product"}],"replies":[{"embeddable":true,"href":"https:\/\/xenonkungen.com\/de\/wp-json\/wp\/v2\/comments?post=5795"}],"wp:featuredmedia":[{"embeddable":true,"href":"https:\/\/xenonkungen.com\/de\/wp-json\/wp\/v2\/media\/5796"}],"wp:attachment":[{"href":"https:\/\/xenonkungen.com\/de\/wp-json\/wp\/v2\/media?parent=5795"}],"wp:term":[{"taxonomy":"anvandningsomrade","embeddable":true,"href":"https:\/\/xenonkungen.com\/de\/wp-json\/wp\/v2\/anvandningsomrade?post=5795"},{"taxonomy":"bilmarken","embeddable":true,"href":"https:\/\/xenonkungen.com\/de\/wp-json\/wp\/v2\/bilmarken?post=5795"},{"taxonomy":"product_brand","embeddable":true,"href":"https:\/\/xenonkungen.com\/de\/wp-json\/wp\/v2\/product_brand?post=5795"},{"taxonomy":"product_cat","embeddable":true,"href":"https:\/\/xenonkungen.com\/de\/wp-json\/wp\/v2\/product_cat?post=5795"},{"taxonomy":"product_tag","embeddable":true,"href":"https:\/\/xenonkungen.com\/de\/wp-json\/wp\/v2\/product_tag?post=5795"}],"curies":[{"name":"wp","href":"https:\/\/api.w.org\/{rel}","templated":true}]}}