{"id":5800,"date":"2025-04-15T09:36:01","date_gmt":"2025-04-15T09:36:01","guid":{"rendered":"https:\/\/xenonkungen.com\/product\/ledriving-ledlampa-sl-p27-7w-2\/"},"modified":"2026-03-04T17:03:04","modified_gmt":"2026-03-04T16:03:04","slug":"ledriving-led-lampe-sl-p27-7w-2","status":"publish","type":"product","link":"https:\/\/xenonkungen.com\/de\/produkt\/ledriving-led-lampe-sl-p27-7w-2\/","title":{"rendered":"LEDriving\u00ae LED-Leuchte SL P27\/7W"},"content":{"rendered":"<p>Passende LED-Ersatzbirne f\u00fcr P27\/7W<\/p>\n<p>Die LEDriving SL P27\/7W Ersatzlampen bieten einen modernen und leistungsstarken Lichteffekt. Diese Ersatzlampen sind speziell f\u00fcr alle g\u00e4ngigen P27\/7W Lampenfassungen entwickelt und passen perfekt hinein.<\/p>\n<p>Einer der herausragenden Vorteile dieser LED-Ersatzlampen ist ihre Energieeffizienz. Dank der LED-Technologie verbrauchen sie bis zu 80 % weniger Energie als herk\u00f6mmliche Gl\u00fchbirnen. Dies tr\u00e4gt zu einer nachhaltigeren und energieeffizienteren Fahrzeugbeleuchtung bei.<\/p>\n<p>Die LEDriving SL P27\/7W Ersatzlampen bieten eine beeindruckende Lichtausbeute f\u00fcr bessere Sicht. Sie k\u00f6nnen sich auf die hohe Qualit\u00e4t dieser Lampen verlassen, und OSRAM gew\u00e4hrt eine gro\u00dfz\u00fcgige 4-Jahres-Garantie auf LEDriving SL Lampen.<\/p>\n<p>Elektrische Daten:<br \/>\u2013 Maximale Leistung: 1,7 W<br \/>- Nominale Nennspannung: 12,0 V<br \/>\u2013 Nennleistung: 1,90 W<br \/>- Toleranz bei der Leistungsaufnahme: \u00b125 %<br \/>- Pr\u00fcfspannung in Volt: 13,5 V<\/p>\n<p>Photometrische Daten:<br \/>- Lichtstrom: 55\/10 lm<br \/>- Lichtstrom, Toleranz: \u00b125 %<br \/>\u2013 LED-Lichtfarbe: gelb<\/p>\n<p>Abmessungen:<br \/>\u2013 Durchmesser: 25,7 mm<br \/>\u2013 Produktgewicht: 13,30 g<br \/>\u2013 L\u00e4nge: 49,0 mm<\/p>\n<p>Lebenserwartung:<br \/>- Lebensdauer B3: 1500 h<br \/>- Lebensdauer Tc in Stunden: 4000 h<br \/>\u2013 Garantie: 4 Jahre<\/p>\n<p>Erg\u00e4nzende Produktdaten:<br \/>\u2013 Sockel: W2.5x16q<\/p>","protected":false},"excerpt":{"rendered":"<p>R\u00fcsten Sie die Beleuchtung Ihres Fahrzeugs noch heute mit den LEDriving\u00ae LED-Lampen SL P27\/7W auf. Diese hochwertige LED-Lampe mit herausragender Leistung ist einfach zu installieren und bietet Ihnen eine hellere und effizientere Ausleuchtung. Erleben Sie helleres und sichereres Fahren bei Nacht und schlechtem Wetter. Bestellen Sie noch heute in unserem Online-Shop und profitieren Sie von kostenlosem Versand!<\/p>","protected":false},"featured_media":5801,"comment_status":"closed","ping_status":"open","template":"","meta":{"_acf_changed":false,"_smort_price_nok":"198","_smort_price_dkk":"126","_smort_price_eur":"16.82","_smort_sale_price_nok":"","_smort_sale_price_dkk":"","_smort_sale_price_eur":"","smort_restorder":"","shipmondo_restorder":"","_kad_blocks_custom_css":"","_kad_blocks_head_custom_js":"","_kad_blocks_body_custom_js":"","_kad_blocks_footer_custom_js":"","smort_custom_pricelist_1":"118.4","smort_custom_pricelist_2":"111","smort_custom_pricelist_3":"105.45","smort_custom_pricelist_4":"148","smort_custom_pricelist_5":"110.19"},"anvandningsomrade":[166,167],"bilmarken":[208,240,194,241,242,195,243,209,244,245,246,247,248,210,249,196,250,251,252,253,197,211,254,212,255,256,257,258,259,213,260,261,198,262,263,264,265,266,267,199,268,269,270,271,200,272,273,274,215,275,276,277,278,201,279,202,280,281,216,282,203,283,284,285,286,204,217,218,287,288,289,290,219,205,169,291],"product_brand":[108],"product_cat":[338],"product_tag":[],"class_list":{"0":"post-5800","1":"product","2":"type-product","3":"status-publish","4":"has-post-thumbnail","6":"anvandningsomrade-lastbil","7":"anvandningsomrade-personbil","8":"bilmarken-abarth","9":"bilmarken-acura","10":"bilmarken-alfa-romeo","11":"bilmarken-alpina","12":"bilmarken-aston-martin","13":"bilmarken-audi","14":"bilmarken-bentley","15":"bilmarken-bmw","16":"bilmarken-bugatti","17":"bilmarken-buick","18":"bilmarken-cadillac","19":"bilmarken-chevrolet","20":"bilmarken-chrysler","21":"bilmarken-citroen","22":"bilmarken-cupra","23":"bilmarken-dacia","24":"bilmarken-daewoo","25":"bilmarken-daihatsu","26":"bilmarken-dodge","27":"bilmarken-ds","28":"bilmarken-ferrari","29":"bilmarken-fiat","30":"bilmarken-fisker","31":"bilmarken-ford","32":"bilmarken-geely","33":"bilmarken-genesis","34":"bilmarken-gmc","35":"bilmarken-honda","36":"bilmarken-hummer","37":"bilmarken-hyundai","38":"bilmarken-infiniti","39":"bilmarken-isuzu","40":"bilmarken-iveco","41":"bilmarken-jaguar","42":"bilmarken-jeep","43":"bilmarken-kia","44":"bilmarken-koenigsegg","45":"bilmarken-lada","46":"bilmarken-lamborghini","47":"bilmarken-lancia","48":"bilmarken-land-rover","49":"bilmarken-lexus","50":"bilmarken-lincoln","51":"bilmarken-lotus","52":"bilmarken-maserati","53":"bilmarken-maxus","54":"bilmarken-mazda","55":"bilmarken-mclaren","56":"bilmarken-mercedes-benz","57":"bilmarken-mg","58":"bilmarken-mini","59":"bilmarken-mitsubishi","60":"bilmarken-nissan","61":"bilmarken-opel","62":"bilmarken-pagani","63":"bilmarken-peugeot","64":"bilmarken-polestar","65":"bilmarken-pontiac","66":"bilmarken-porsche","67":"bilmarken-ram","68":"bilmarken-renault","69":"bilmarken-rivian","70":"bilmarken-rolls-royce","71":"bilmarken-rover","72":"bilmarken-saab","73":"bilmarken-seat","74":"bilmarken-skoda","75":"bilmarken-smart","76":"bilmarken-ssangyong","77":"bilmarken-subaru","78":"bilmarken-suzuki","79":"bilmarken-tesla","80":"bilmarken-toyota","81":"bilmarken-volkswagen","82":"bilmarken-volvo","83":"bilmarken-wiesmann","84":"product_brand-osram","85":"product_cat-diodlampor","86":"pa_faktisk-effekts-forbrukning-332","87":"pa_fargtemperatur-gul","88":"pa_lampsockel-kontakt-t25-p27-7w","89":"pa_storlek-mm-1677","90":"pa_volt-v-159","92":"first","93":"onbackorder","94":"taxable","95":"shipping-taxable","96":"purchasable","97":"product-type-simple"},"bundled_by":[],"bundle_stock_status":"onbackorder","bundle_stock_quantity":0,"bundle_virtual":false,"bundle_layout":"","bundle_add_to_cart_form_location":"","bundle_editable_in_cart":false,"bundle_sold_individually_context":"","bundle_item_grouping":"","bundle_min_size":"","bundle_max_size":"","bundle_price":[],"bundled_items":[],"bundle_sell_ids":[],"acf":[],"yoast_head":"<!-- This site is optimized with the Yoast SEO plugin v27.0 - https:\/\/yoast.com\/product\/yoast-seo-wordpress\/ -->\n<title>LEDriving\u00ae LEDlampa SL P27\/7W - Xenonkungen<\/title>\n<meta name=\"robots\" content=\"index, follow, max-snippet:-1, max-image-preview:large, max-video-preview:-1\" \/>\n<link rel=\"canonical\" href=\"https:\/\/xenonkungen.com\/de\/produkt\/ledriving-led-lampe-sl-p27-7w-2\/\" \/>\n<meta property=\"og:locale\" content=\"de_DE\" \/>\n<meta property=\"og:type\" content=\"article\" \/>\n<meta property=\"og:title\" content=\"LEDriving\u00ae LEDlampa SL P27\/7W - Xenonkungen\" \/>\n<meta property=\"og:description\" content=\"&quot;Uppgradera ditt fordons belysningssystem idag med LEDriving\u00ae LEDlampor SL P27\/7W. Denna h\u00f6gkvalitativa LEDlampa med enast\u00e5ende prestanda \u00e4r enkel att montera och ger dig b\u00e5de en starkare och mer effektiv belysning. Upplev en ljusare och mer s\u00e4ker k\u00f6rning p\u00e5 natten och in inclement v\u00e4derlek. Best\u00e4ll idag fr\u00e5n v\u00e5r egen webbutik och njut av gratis frakt!&quot;\" \/>\n<meta property=\"og:url\" content=\"https:\/\/xenonkungen.com\/de\/produkt\/ledriving-led-lampe-sl-p27-7w-2\/\" \/>\n<meta property=\"og:site_name\" content=\"Xenonkungen\" \/>\n<meta property=\"article:modified_time\" content=\"2026-03-04T16:03:04+00:00\" \/>\n<meta property=\"og:image\" content=\"https:\/\/xenonkungen.com\/wp-content\/uploads\/2025\/04\/201830651-origpic-699297.jpg\" \/>\n\t<meta property=\"og:image:width\" content=\"691\" \/>\n\t<meta property=\"og:image:height\" content=\"1000\" \/>\n\t<meta property=\"og:image:type\" content=\"image\/jpeg\" \/>\n<meta name=\"twitter:card\" content=\"summary_large_image\" \/>\n<meta name=\"twitter:label1\" content=\"Gesch\u00e4tzte Lesezeit\" \/>\n\t<meta name=\"twitter:data1\" content=\"1\u00a0Minute\" \/>\n<script type=\"application\/ld+json\" class=\"yoast-schema-graph\">{\"@context\":\"https:\/\/schema.org\",\"@graph\":[{\"@type\":\"WebPage\",\"@id\":\"https:\/\/xenonkungen.com\/produkt\/ledriving-ledlampa-sl-p27-7w-2\/\",\"url\":\"https:\/\/xenonkungen.com\/produkt\/ledriving-ledlampa-sl-p27-7w-2\/\",\"name\":\"LEDriving\u00ae LEDlampa SL P27\/7W - Xenonkungen\",\"isPartOf\":{\"@id\":\"https:\/\/xenonkungen.com\/#website\"},\"primaryImageOfPage\":{\"@id\":\"https:\/\/xenonkungen.com\/produkt\/ledriving-ledlampa-sl-p27-7w-2\/#primaryimage\"},\"image\":{\"@id\":\"https:\/\/xenonkungen.com\/produkt\/ledriving-ledlampa-sl-p27-7w-2\/#primaryimage\"},\"thumbnailUrl\":\"https:\/\/xenonkungen.com\/wp-content\/uploads\/2025\/04\/201830651-origpic-699297.jpg\",\"datePublished\":\"2025-04-15T09:36:01+00:00\",\"dateModified\":\"2026-03-04T16:03:04+00:00\",\"breadcrumb\":{\"@id\":\"https:\/\/xenonkungen.com\/produkt\/ledriving-ledlampa-sl-p27-7w-2\/#breadcrumb\"},\"inLanguage\":\"de\",\"potentialAction\":[{\"@type\":\"ReadAction\",\"target\":[\"https:\/\/xenonkungen.com\/produkt\/ledriving-ledlampa-sl-p27-7w-2\/\"]}]},{\"@type\":\"ImageObject\",\"inLanguage\":\"de\",\"@id\":\"https:\/\/xenonkungen.com\/produkt\/ledriving-ledlampa-sl-p27-7w-2\/#primaryimage\",\"url\":\"https:\/\/xenonkungen.com\/wp-content\/uploads\/2025\/04\/201830651-origpic-699297.jpg\",\"contentUrl\":\"https:\/\/xenonkungen.com\/wp-content\/uploads\/2025\/04\/201830651-origpic-699297.jpg\",\"width\":691,\"height\":1000},{\"@type\":\"BreadcrumbList\",\"@id\":\"https:\/\/xenonkungen.com\/produkt\/ledriving-ledlampa-sl-p27-7w-2\/#breadcrumb\",\"itemListElement\":[{\"@type\":\"ListItem\",\"position\":1,\"name\":\"Hem\",\"item\":\"https:\/\/xenonkungen.com\/\"},{\"@type\":\"ListItem\",\"position\":2,\"name\":\"Shop\",\"item\":\"https:\/\/xenonkungen.com\/shop\/\"},{\"@type\":\"ListItem\",\"position\":3,\"name\":\"LEDriving\u00ae LEDlampa SL P27\/7W\"}]},{\"@type\":\"WebSite\",\"@id\":\"https:\/\/xenonkungen.com\/#website\",\"url\":\"https:\/\/xenonkungen.com\/\",\"name\":\"Xenonkungen\",\"description\":\"\",\"potentialAction\":[{\"@type\":\"SearchAction\",\"target\":{\"@type\":\"EntryPoint\",\"urlTemplate\":\"https:\/\/xenonkungen.com\/?s={search_term_string}\"},\"query-input\":{\"@type\":\"PropertyValueSpecification\",\"valueRequired\":true,\"valueName\":\"search_term_string\"}}],\"inLanguage\":\"de\"}]}<\/script>\n<!-- \/ Yoast SEO plugin. -->","yoast_head_json":{"title":"LEDriving\u00ae LED-Lampe SL P27\/7W \u2013 Der Xenon-K\u00f6nig","robots":{"index":"index","follow":"follow","max-snippet":"max-snippet:-1","max-image-preview":"max-image-preview:large","max-video-preview":"max-video-preview:-1"},"canonical":"https:\/\/xenonkungen.com\/de\/produkt\/ledriving-led-lampe-sl-p27-7w-2\/","og_locale":"de_DE","og_type":"article","og_title":"LEDriving\u00ae LEDlampa SL P27\/7W - Xenonkungen","og_description":"\"Uppgradera ditt fordons belysningssystem idag med LEDriving\u00ae LEDlampor SL P27\/7W. Denna h\u00f6gkvalitativa LEDlampa med enast\u00e5ende prestanda \u00e4r enkel att montera och ger dig b\u00e5de en starkare och mer effektiv belysning. Upplev en ljusare och mer s\u00e4ker k\u00f6rning p\u00e5 natten och in inclement v\u00e4derlek. Best\u00e4ll idag fr\u00e5n v\u00e5r egen webbutik och njut av gratis frakt!\"","og_url":"https:\/\/xenonkungen.com\/de\/produkt\/ledriving-led-lampe-sl-p27-7w-2\/","og_site_name":"Xenonkungen","article_modified_time":"2026-03-04T16:03:04+00:00","og_image":[{"width":691,"height":1000,"url":"https:\/\/xenonkungen.com\/wp-content\/uploads\/2025\/04\/201830651-origpic-699297.jpg","type":"image\/jpeg"}],"twitter_card":"summary_large_image","twitter_misc":{"Gesch\u00e4tzte Lesezeit":"1\u00a0Minute"},"schema":{"@context":"https:\/\/schema.org","@graph":[{"@type":"WebPage","@id":"https:\/\/xenonkungen.com\/produkt\/ledriving-ledlampa-sl-p27-7w-2\/","url":"https:\/\/xenonkungen.com\/produkt\/ledriving-ledlampa-sl-p27-7w-2\/","name":"LEDriving\u00ae LED-Lampe SL P27\/7W \u2013 Der Xenon-K\u00f6nig","isPartOf":{"@id":"https:\/\/xenonkungen.com\/#website"},"primaryImageOfPage":{"@id":"https:\/\/xenonkungen.com\/produkt\/ledriving-ledlampa-sl-p27-7w-2\/#primaryimage"},"image":{"@id":"https:\/\/xenonkungen.com\/produkt\/ledriving-ledlampa-sl-p27-7w-2\/#primaryimage"},"thumbnailUrl":"https:\/\/xenonkungen.com\/wp-content\/uploads\/2025\/04\/201830651-origpic-699297.jpg","datePublished":"2025-04-15T09:36:01+00:00","dateModified":"2026-03-04T16:03:04+00:00","breadcrumb":{"@id":"https:\/\/xenonkungen.com\/produkt\/ledriving-ledlampa-sl-p27-7w-2\/#breadcrumb"},"inLanguage":"de","potentialAction":[{"@type":"ReadAction","target":["https:\/\/xenonkungen.com\/produkt\/ledriving-ledlampa-sl-p27-7w-2\/"]}]},{"@type":"ImageObject","inLanguage":"de","@id":"https:\/\/xenonkungen.com\/produkt\/ledriving-ledlampa-sl-p27-7w-2\/#primaryimage","url":"https:\/\/xenonkungen.com\/wp-content\/uploads\/2025\/04\/201830651-origpic-699297.jpg","contentUrl":"https:\/\/xenonkungen.com\/wp-content\/uploads\/2025\/04\/201830651-origpic-699297.jpg","width":691,"height":1000},{"@type":"BreadcrumbList","@id":"https:\/\/xenonkungen.com\/produkt\/ledriving-ledlampa-sl-p27-7w-2\/#breadcrumb","itemListElement":[{"@type":"ListItem","position":1,"name":"Hem","item":"https:\/\/xenonkungen.com\/"},{"@type":"ListItem","position":2,"name":"Shop","item":"https:\/\/xenonkungen.com\/shop\/"},{"@type":"ListItem","position":3,"name":"LEDriving\u00ae LEDlampa SL P27\/7W"}]},{"@type":"WebSite","@id":"https:\/\/xenonkungen.com\/#website","url":"https:\/\/xenonkungen.com\/","name":"Xenonkungen","description":"","potentialAction":[{"@type":"SearchAction","target":{"@type":"EntryPoint","urlTemplate":"https:\/\/xenonkungen.com\/?s={search_term_string}"},"query-input":{"@type":"PropertyValueSpecification","valueRequired":true,"valueName":"search_term_string"}}],"inLanguage":"de"}]}},"taxonomy_info":{"anvandningsomrade":[{"value":166,"label":"Lastbil"},{"value":167,"label":"PERSONBIL"}],"bilmarken":[{"value":208,"label":"Abarth"},{"value":240,"label":"Acura"},{"value":194,"label":"Alfa Romeo"},{"value":241,"label":"Alpina"},{"value":242,"label":"Aston Martin"},{"value":195,"label":"Audi"},{"value":243,"label":"Bentley"},{"value":209,"label":"BMW"},{"value":244,"label":"Bugatti"},{"value":245,"label":"Buick"},{"value":246,"label":"Cadillac"},{"value":247,"label":"Chevrolet"},{"value":248,"label":"Chrysler"},{"value":210,"label":"Citroen"},{"value":249,"label":"Cupra"},{"value":196,"label":"Dacia"},{"value":250,"label":"Daewoo"},{"value":251,"label":"Daihatsu"},{"value":252,"label":"Dodge"},{"value":253,"label":"DS"},{"value":197,"label":"Ferrari"},{"value":211,"label":"Fiat"},{"value":254,"label":"Fisker"},{"value":212,"label":"Ford"},{"value":255,"label":"Geely"},{"value":256,"label":"Genesis"},{"value":257,"label":"GMC"},{"value":258,"label":"Honda"},{"value":259,"label":"Hummer"},{"value":213,"label":"Hyundai"},{"value":260,"label":"Infiniti"},{"value":261,"label":"Isuzu"},{"value":198,"label":"Iveco"},{"value":262,"label":"Jaguar"},{"value":263,"label":"Jeep"},{"value":264,"label":"Kia"},{"value":265,"label":"Koenigsegg"},{"value":266,"label":"Lada"},{"value":267,"label":"Lamborghini"},{"value":199,"label":"Lancia"},{"value":268,"label":"Land Rover"},{"value":269,"label":"Lexus"},{"value":270,"label":"Lincoln"},{"value":271,"label":"Lotus"},{"value":200,"label":"Maserati"},{"value":272,"label":"Maxus"},{"value":273,"label":"Mazda"},{"value":274,"label":"McLaren"},{"value":215,"label":"Mercedes-Benz"},{"value":275,"label":"MG"},{"value":276,"label":"Mini"},{"value":277,"label":"Mitsubishi"},{"value":278,"label":"Nissan"},{"value":201,"label":"Opel"},{"value":279,"label":"Pagani"},{"value":202,"label":"Peugeot"},{"value":280,"label":"Polestar"},{"value":281,"label":"Pontiac"},{"value":216,"label":"Porsche"},{"value":282,"label":"RAM"},{"value":203,"label":"Renault"},{"value":283,"label":"Rivian"},{"value":284,"label":"Rolls-Royce"},{"value":285,"label":"Rover"},{"value":286,"label":"Saab"},{"value":204,"label":"Seat"},{"value":217,"label":"Skoda"},{"value":218,"label":"Smart"},{"value":287,"label":"SsangYong"},{"value":288,"label":"Subaru"},{"value":289,"label":"Suzuki"},{"value":290,"label":"Tesla"},{"value":219,"label":"Toyota"},{"value":205,"label":"Volkswagen"},{"value":169,"label":"volvo"},{"value":291,"label":"Wiesmann"}],"product_brand":[{"value":108,"label":"OSRAM"}],"product_cat":[{"value":338,"label":"Diodlampor"}],"pa_faktisk-effekts-forbrukning":[{"value":332,"label":"17"}],"pa_fargtemperatur":[{"value":1579,"label":"Gul"}],"pa_lampsockel-kontakt":[{"value":1676,"label":"T25, P27\/7W"}],"pa_storlek-mm":[{"value":1677,"label":"25,7"}],"pa_volt-v":[{"value":159,"label":"12"}]},"featured_image_src_large":["https:\/\/xenonkungen.com\/wp-content\/uploads\/2025\/04\/201830651-origpic-699297.jpg",691,1000,false],"author_info":[],"comment_info":0,"_links":{"self":[{"href":"https:\/\/xenonkungen.com\/de\/wp-json\/wp\/v2\/product\/5800","targetHints":{"allow":["GET"]}}],"collection":[{"href":"https:\/\/xenonkungen.com\/de\/wp-json\/wp\/v2\/product"}],"about":[{"href":"https:\/\/xenonkungen.com\/de\/wp-json\/wp\/v2\/types\/product"}],"replies":[{"embeddable":true,"href":"https:\/\/xenonkungen.com\/de\/wp-json\/wp\/v2\/comments?post=5800"}],"wp:featuredmedia":[{"embeddable":true,"href":"https:\/\/xenonkungen.com\/de\/wp-json\/wp\/v2\/media\/5801"}],"wp:attachment":[{"href":"https:\/\/xenonkungen.com\/de\/wp-json\/wp\/v2\/media?parent=5800"}],"wp:term":[{"taxonomy":"anvandningsomrade","embeddable":true,"href":"https:\/\/xenonkungen.com\/de\/wp-json\/wp\/v2\/anvandningsomrade?post=5800"},{"taxonomy":"bilmarken","embeddable":true,"href":"https:\/\/xenonkungen.com\/de\/wp-json\/wp\/v2\/bilmarken?post=5800"},{"taxonomy":"product_brand","embeddable":true,"href":"https:\/\/xenonkungen.com\/de\/wp-json\/wp\/v2\/product_brand?post=5800"},{"taxonomy":"product_cat","embeddable":true,"href":"https:\/\/xenonkungen.com\/de\/wp-json\/wp\/v2\/product_cat?post=5800"},{"taxonomy":"product_tag","embeddable":true,"href":"https:\/\/xenonkungen.com\/de\/wp-json\/wp\/v2\/product_tag?post=5800"}],"curies":[{"name":"wp","href":"https:\/\/api.w.org\/{rel}","templated":true}]}}