{"id":5809,"date":"2025-04-15T09:36:01","date_gmt":"2025-04-15T09:36:01","guid":{"rendered":"https:\/\/xenonkungen.com\/product\/ledriving-ledlampa-sl-r5w-ba15s-vit\/"},"modified":"2026-04-11T01:22:17","modified_gmt":"2026-04-11T00:22:17","slug":"ledriving-led-lampe-sl-r5w-ba15s-weis","status":"publish","type":"product","link":"https:\/\/xenonkungen.com\/de\/produkt\/ledriving-led-lampe-sl-r5w-ba15s-weis\/","title":{"rendered":"LEDriving\u00ae LED-Leuchte SL R5W | BA15S | Wei\u00df"},"content":{"rendered":"<p>Passende LED-Ersatzlampe f\u00fcr R5W | BA15S | 1156<\/p>\n<p>Die LEDriving SL R5W-Ersatzlampen bieten ein modernes und intensives Lichterlebnis mit einer beeindruckenden Farbtemperatur von bis zu 6.000 Kelvin. Diese Ersatzlampen sind speziell f\u00fcr alle g\u00e4ngigen R5W-Lampenfassungen konzipiert und passen perfekt hinein.<\/p>\n<p>Einer der herausragenden Vorteile dieser LED-Ersatzlampen ist ihre Energieeffizienz. Dank LED-Technologie verbrauchen sie bis zu 80 % weniger Energie als herk\u00f6mmliche Gl\u00fchbirnen. Dies schont nicht nur die Fahrzeugbatterie, sondern verl\u00e4ngert auch die Lebensdauer der Lampen.<\/p>\n<p>Die LEDriving SL R5W Ersatzlampen bieten mit ihrer modernen Farbtemperatur ebenfalls eine beeindruckende Lichtwirkung. Sie k\u00f6nnen sich auf die hohe Qualit\u00e4t dieser Lampen verlassen, und OSRAM gew\u00e4hrt eine gro\u00dfz\u00fcgige 4-Jahres-Garantie auf LEDriving SL Lampen.<\/p>\n<p>Bitte beachten Sie jedoch, dass diese Produkte nicht f\u00fcr die Verwendung im Au\u00dfenbereich auf \u00f6ffentlichen Stra\u00dfen zugelassen sind. Die Verwendung dieser Lampen im \u00f6ffentlichen Stra\u00dfenverkehr kann nicht nur zum Entzug Ihres F\u00fchrerscheins, sondern auch zum Verlust Ihres Versicherungsschutzes f\u00fchren. Es ist wichtig, die geltenden Gesetze und Vorschriften Ihres Landes zu beachten. Der Verkauf und die Verwendung dieser Produkte k\u00f6nnen in einigen L\u00e4ndern eingeschr\u00e4nkt sein. Wir empfehlen Ihnen, sich f\u00fcr weitere Informationen und Beratung zur Verwendung dieser Lampen an Ihren Fachh\u00e4ndler vor Ort zu wenden.<\/p>\n<p>Elektrische Daten:<br \/>\u2013 Maximale Leistung: 0,5 W<br \/>- Nominale Nennspannung: 12,0 V<br \/>\u2013 Nennleistung: 0,50 W<br \/>\u2013 Toleranz beim Stromverbrauch: \u00b120 %<br \/>- Pr\u00fcfspannung in Volt: 13,5 V<\/p>\n<p>Photometrische Daten:<br \/>- Lichtstrom: 50 lm<br \/>- Lichtstrom, Toleranz: \u00b125 %<br \/>- LED-Lichtfarbe: Kaltwei\u00df<br \/>- Farbtemperatur: 6000 K<\/p>\n<p>Abmessungen:<br \/>\u2013 Durchmesser: 19,0 mm<br \/>\u2013 Produktgewicht: 9,60 g<br \/>\u2013 L\u00e4nge: 37,5 mm<\/p>\n<p>Lebenserwartung:<br \/>- Lebensdauer B3: 1500 h<br \/>- Lebensdauer Tc in Stunden: 4000 h<br \/>\u2013 Garantie: 4 Jahre<\/p>\n<p>Erg\u00e4nzende Produktdaten:<br \/>- Basis: BA15s<\/p>","protected":false},"excerpt":{"rendered":"<p>Endlich ist die LEDriving\u00ae LED-Lampe SL R5W | BA15S in unserem Online-Shop erh\u00e4ltlich! Diese hochwertige LED-Lampe bietet helles und effizientes Licht, das herk\u00f6mmliche Gl\u00fchbirnen \u00fcbertrifft. Die fortschrittliche Technologie garantiert eine lange Lebensdauer und hervorragende Energieeffizienz. Dar\u00fcber hinaus ist sie einfach zu installieren \u2013 Sie k\u00f6nnen sie in Autos, Lkws, Motorr\u00e4dern und vielem mehr verwenden. Bestellen Sie die LEDriving\u00ae LED-Lampe SL R5W noch heute und entdecken Sie selbst, warum sie die erste Wahl ist f\u00fcr \u2026<\/p>","protected":false},"featured_media":5810,"comment_status":"closed","ping_status":"open","template":"","meta":{"_acf_changed":false,"_smort_price_nok":"230","_smort_price_dkk":"146","_smort_price_eur":"19.54","_smort_sale_price_nok":"","_smort_sale_price_dkk":"","_smort_sale_price_eur":"","smort_restorder":"","shipmondo_restorder":"","_kad_blocks_custom_css":"","_kad_blocks_head_custom_js":"","_kad_blocks_body_custom_js":"","_kad_blocks_footer_custom_js":"","smort_custom_pricelist_1":"137.6","smort_custom_pricelist_2":"129","smort_custom_pricelist_3":"122.55","smort_custom_pricelist_4":"172","smort_custom_pricelist_5":"128.06"},"anvandningsomrade":[],"bilmarken":[],"product_brand":[108],"product_cat":[2515,338],"product_tag":[],"class_list":{"0":"post-5809","1":"product","2":"type-product","3":"status-publish","4":"has-post-thumbnail","6":"product_brand-osram","7":"product_cat-ba15s","8":"product_cat-diodlampor","9":"pa_faktisk-effekts-forbrukning-1681","10":"pa_fargtemperatur-6000k","11":"pa_lampsockel-kontakt-r5w-ba15s-1156","12":"pa_storlek-mm-1680","13":"pa_volt-v-159","15":"first","16":"instock","17":"taxable","18":"shipping-taxable","19":"purchasable","20":"product-type-simple"},"bundled_by":[],"bundle_stock_status":"instock","bundle_stock_quantity":1,"bundle_virtual":false,"bundle_layout":"","bundle_add_to_cart_form_location":"","bundle_editable_in_cart":false,"bundle_sold_individually_context":"","bundle_item_grouping":"","bundle_min_size":"","bundle_max_size":"","bundle_price":[],"bundled_items":[],"bundle_sell_ids":[],"acf":[],"yoast_head":"<!-- This site is optimized with the Yoast SEO plugin v27.0 - https:\/\/yoast.com\/product\/yoast-seo-wordpress\/ -->\n<title>LEDriving\u00ae LEDlampa SL R5W | BA15S | Vit - Xenonkungen<\/title>\n<meta name=\"robots\" content=\"index, follow, max-snippet:-1, max-image-preview:large, max-video-preview:-1\" \/>\n<link rel=\"canonical\" href=\"https:\/\/xenonkungen.com\/de\/produkt\/ledriving-led-lampe-sl-r5w-ba15s-weis\/\" \/>\n<meta property=\"og:locale\" content=\"de_DE\" \/>\n<meta property=\"og:type\" content=\"article\" \/>\n<meta property=\"og:title\" content=\"LEDriving\u00ae LEDlampa SL R5W | BA15S | Vit - Xenonkungen\" \/>\n<meta property=\"og:description\" content=\"\u00c4ntligen \u00e4r LEDriving\u00ae LEDlampan SL R5W | BA15S tillg\u00e4nglig i v\u00e5r webbutik! Denna \u00f6verl\u00e4gsna LEDlampa ger ett starkt och effektivt ljus som \u00f6vertr\u00e4ffar traditionella lampor. Den h\u00f6gkvalitativa tekniken garanterar en l\u00e5ng livsl\u00e4ngd och utm\u00e4rkt energieffektivitet. Dessutom \u00e4r den enkel att installera - du kan anv\u00e4nda den i dina bilar, lastbilar, motorcyklar och mycket mer. Best\u00e4ll LEDDriving\u00ae LEDlampan SL R5W idag och uppt\u00e4ck sj\u00e4lv varf\u00f6r den \u00e4r f\u00f6rstavalet f\u00f6r\" \/>\n<meta property=\"og:url\" content=\"https:\/\/xenonkungen.com\/de\/produkt\/ledriving-led-lampe-sl-r5w-ba15s-weis\/\" \/>\n<meta property=\"og:site_name\" content=\"Xenonkungen\" \/>\n<meta property=\"article:modified_time\" content=\"2026-04-11T00:22:17+00:00\" \/>\n<meta property=\"og:image\" content=\"https:\/\/xenonkungen.com\/wp-content\/uploads\/2025\/04\/201830655-origpic-6b07ee.jpg\" \/>\n\t<meta property=\"og:image:width\" content=\"691\" \/>\n\t<meta property=\"og:image:height\" content=\"1000\" \/>\n\t<meta property=\"og:image:type\" content=\"image\/jpeg\" \/>\n<meta name=\"twitter:card\" content=\"summary_large_image\" \/>\n<meta name=\"twitter:label1\" content=\"Gesch\u00e4tzte Lesezeit\" \/>\n\t<meta name=\"twitter:data1\" content=\"2\u00a0Minuten\" \/>\n<script type=\"application\/ld+json\" class=\"yoast-schema-graph\">{\"@context\":\"https:\/\/schema.org\",\"@graph\":[{\"@type\":\"WebPage\",\"@id\":\"https:\/\/xenonkungen.com\/produkt\/ledriving-ledlampa-sl-r5w-ba15s-vit\/\",\"url\":\"https:\/\/xenonkungen.com\/produkt\/ledriving-ledlampa-sl-r5w-ba15s-vit\/\",\"name\":\"LEDriving\u00ae LEDlampa SL R5W | BA15S | Vit - Xenonkungen\",\"isPartOf\":{\"@id\":\"https:\/\/xenonkungen.com\/#website\"},\"primaryImageOfPage\":{\"@id\":\"https:\/\/xenonkungen.com\/produkt\/ledriving-ledlampa-sl-r5w-ba15s-vit\/#primaryimage\"},\"image\":{\"@id\":\"https:\/\/xenonkungen.com\/produkt\/ledriving-ledlampa-sl-r5w-ba15s-vit\/#primaryimage\"},\"thumbnailUrl\":\"https:\/\/xenonkungen.com\/wp-content\/uploads\/2025\/04\/201830655-origpic-6b07ee.jpg\",\"datePublished\":\"2025-04-15T09:36:01+00:00\",\"dateModified\":\"2026-04-11T00:22:17+00:00\",\"breadcrumb\":{\"@id\":\"https:\/\/xenonkungen.com\/produkt\/ledriving-ledlampa-sl-r5w-ba15s-vit\/#breadcrumb\"},\"inLanguage\":\"de\",\"potentialAction\":[{\"@type\":\"ReadAction\",\"target\":[\"https:\/\/xenonkungen.com\/produkt\/ledriving-ledlampa-sl-r5w-ba15s-vit\/\"]}]},{\"@type\":\"ImageObject\",\"inLanguage\":\"de\",\"@id\":\"https:\/\/xenonkungen.com\/produkt\/ledriving-ledlampa-sl-r5w-ba15s-vit\/#primaryimage\",\"url\":\"https:\/\/xenonkungen.com\/wp-content\/uploads\/2025\/04\/201830655-origpic-6b07ee.jpg\",\"contentUrl\":\"https:\/\/xenonkungen.com\/wp-content\/uploads\/2025\/04\/201830655-origpic-6b07ee.jpg\",\"width\":691,\"height\":1000},{\"@type\":\"BreadcrumbList\",\"@id\":\"https:\/\/xenonkungen.com\/produkt\/ledriving-ledlampa-sl-r5w-ba15s-vit\/#breadcrumb\",\"itemListElement\":[{\"@type\":\"ListItem\",\"position\":1,\"name\":\"Hem\",\"item\":\"https:\/\/xenonkungen.com\/\"},{\"@type\":\"ListItem\",\"position\":2,\"name\":\"Shop\",\"item\":\"https:\/\/xenonkungen.com\/shop\/\"},{\"@type\":\"ListItem\",\"position\":3,\"name\":\"LEDriving\u00ae LEDlampa SL R5W | BA15S | Vit\"}]},{\"@type\":\"WebSite\",\"@id\":\"https:\/\/xenonkungen.com\/#website\",\"url\":\"https:\/\/xenonkungen.com\/\",\"name\":\"Xenonkungen\",\"description\":\"\",\"potentialAction\":[{\"@type\":\"SearchAction\",\"target\":{\"@type\":\"EntryPoint\",\"urlTemplate\":\"https:\/\/xenonkungen.com\/?s={search_term_string}\"},\"query-input\":{\"@type\":\"PropertyValueSpecification\",\"valueRequired\":true,\"valueName\":\"search_term_string\"}}],\"inLanguage\":\"de\"}]}<\/script>\n<!-- \/ Yoast SEO plugin. -->","yoast_head_json":{"title":"LEDriving\u00ae LED-Lampe SL R5W | BA15S | Wei\u00df \u2013 Der Xenon-K\u00f6nig","robots":{"index":"index","follow":"follow","max-snippet":"max-snippet:-1","max-image-preview":"max-image-preview:large","max-video-preview":"max-video-preview:-1"},"canonical":"https:\/\/xenonkungen.com\/de\/produkt\/ledriving-led-lampe-sl-r5w-ba15s-weis\/","og_locale":"de_DE","og_type":"article","og_title":"LEDriving\u00ae LEDlampa SL R5W | BA15S | Vit - Xenonkungen","og_description":"\u00c4ntligen \u00e4r LEDriving\u00ae LEDlampan SL R5W | BA15S tillg\u00e4nglig i v\u00e5r webbutik! Denna \u00f6verl\u00e4gsna LEDlampa ger ett starkt och effektivt ljus som \u00f6vertr\u00e4ffar traditionella lampor. Den h\u00f6gkvalitativa tekniken garanterar en l\u00e5ng livsl\u00e4ngd och utm\u00e4rkt energieffektivitet. Dessutom \u00e4r den enkel att installera - du kan anv\u00e4nda den i dina bilar, lastbilar, motorcyklar och mycket mer. Best\u00e4ll LEDDriving\u00ae LEDlampan SL R5W idag och uppt\u00e4ck sj\u00e4lv varf\u00f6r den \u00e4r f\u00f6rstavalet f\u00f6r","og_url":"https:\/\/xenonkungen.com\/de\/produkt\/ledriving-led-lampe-sl-r5w-ba15s-weis\/","og_site_name":"Xenonkungen","article_modified_time":"2026-04-11T00:22:17+00:00","og_image":[{"width":691,"height":1000,"url":"https:\/\/xenonkungen.com\/wp-content\/uploads\/2025\/04\/201830655-origpic-6b07ee.jpg","type":"image\/jpeg"}],"twitter_card":"summary_large_image","twitter_misc":{"Gesch\u00e4tzte Lesezeit":"2\u00a0Minuten"},"schema":{"@context":"https:\/\/schema.org","@graph":[{"@type":"WebPage","@id":"https:\/\/xenonkungen.com\/produkt\/ledriving-ledlampa-sl-r5w-ba15s-vit\/","url":"https:\/\/xenonkungen.com\/produkt\/ledriving-ledlampa-sl-r5w-ba15s-vit\/","name":"LEDriving\u00ae LED-Lampe SL R5W | BA15S | Wei\u00df \u2013 Der Xenon-K\u00f6nig","isPartOf":{"@id":"https:\/\/xenonkungen.com\/#website"},"primaryImageOfPage":{"@id":"https:\/\/xenonkungen.com\/produkt\/ledriving-ledlampa-sl-r5w-ba15s-vit\/#primaryimage"},"image":{"@id":"https:\/\/xenonkungen.com\/produkt\/ledriving-ledlampa-sl-r5w-ba15s-vit\/#primaryimage"},"thumbnailUrl":"https:\/\/xenonkungen.com\/wp-content\/uploads\/2025\/04\/201830655-origpic-6b07ee.jpg","datePublished":"2025-04-15T09:36:01+00:00","dateModified":"2026-04-11T00:22:17+00:00","breadcrumb":{"@id":"https:\/\/xenonkungen.com\/produkt\/ledriving-ledlampa-sl-r5w-ba15s-vit\/#breadcrumb"},"inLanguage":"de","potentialAction":[{"@type":"ReadAction","target":["https:\/\/xenonkungen.com\/produkt\/ledriving-ledlampa-sl-r5w-ba15s-vit\/"]}]},{"@type":"ImageObject","inLanguage":"de","@id":"https:\/\/xenonkungen.com\/produkt\/ledriving-ledlampa-sl-r5w-ba15s-vit\/#primaryimage","url":"https:\/\/xenonkungen.com\/wp-content\/uploads\/2025\/04\/201830655-origpic-6b07ee.jpg","contentUrl":"https:\/\/xenonkungen.com\/wp-content\/uploads\/2025\/04\/201830655-origpic-6b07ee.jpg","width":691,"height":1000},{"@type":"BreadcrumbList","@id":"https:\/\/xenonkungen.com\/produkt\/ledriving-ledlampa-sl-r5w-ba15s-vit\/#breadcrumb","itemListElement":[{"@type":"ListItem","position":1,"name":"Hem","item":"https:\/\/xenonkungen.com\/"},{"@type":"ListItem","position":2,"name":"Shop","item":"https:\/\/xenonkungen.com\/shop\/"},{"@type":"ListItem","position":3,"name":"LEDriving\u00ae LEDlampa SL R5W | BA15S | Vit"}]},{"@type":"WebSite","@id":"https:\/\/xenonkungen.com\/#website","url":"https:\/\/xenonkungen.com\/","name":"Xenonkungen","description":"","potentialAction":[{"@type":"SearchAction","target":{"@type":"EntryPoint","urlTemplate":"https:\/\/xenonkungen.com\/?s={search_term_string}"},"query-input":{"@type":"PropertyValueSpecification","valueRequired":true,"valueName":"search_term_string"}}],"inLanguage":"de"}]}},"taxonomy_info":{"product_brand":[{"value":108,"label":"OSRAM"}],"product_cat":[{"value":2515,"label":"BA15S"},{"value":338,"label":"Diodlampor"}],"pa_faktisk-effekts-forbrukning":[{"value":1681,"label":"0,5"}],"pa_fargtemperatur":[{"value":188,"label":"6000K"}],"pa_lampsockel-kontakt":[{"value":1682,"label":"R5W, BA15S, 1156"}],"pa_storlek-mm":[{"value":1680,"label":"37,5"}],"pa_volt-v":[{"value":159,"label":"12"}]},"featured_image_src_large":["https:\/\/xenonkungen.com\/wp-content\/uploads\/2025\/04\/201830655-origpic-6b07ee.jpg",691,1000,false],"author_info":[],"comment_info":3,"_links":{"self":[{"href":"https:\/\/xenonkungen.com\/de\/wp-json\/wp\/v2\/product\/5809","targetHints":{"allow":["GET"]}}],"collection":[{"href":"https:\/\/xenonkungen.com\/de\/wp-json\/wp\/v2\/product"}],"about":[{"href":"https:\/\/xenonkungen.com\/de\/wp-json\/wp\/v2\/types\/product"}],"replies":[{"embeddable":true,"href":"https:\/\/xenonkungen.com\/de\/wp-json\/wp\/v2\/comments?post=5809"}],"wp:featuredmedia":[{"embeddable":true,"href":"https:\/\/xenonkungen.com\/de\/wp-json\/wp\/v2\/media\/5810"}],"wp:attachment":[{"href":"https:\/\/xenonkungen.com\/de\/wp-json\/wp\/v2\/media?parent=5809"}],"wp:term":[{"taxonomy":"anvandningsomrade","embeddable":true,"href":"https:\/\/xenonkungen.com\/de\/wp-json\/wp\/v2\/anvandningsomrade?post=5809"},{"taxonomy":"bilmarken","embeddable":true,"href":"https:\/\/xenonkungen.com\/de\/wp-json\/wp\/v2\/bilmarken?post=5809"},{"taxonomy":"product_brand","embeddable":true,"href":"https:\/\/xenonkungen.com\/de\/wp-json\/wp\/v2\/product_brand?post=5809"},{"taxonomy":"product_cat","embeddable":true,"href":"https:\/\/xenonkungen.com\/de\/wp-json\/wp\/v2\/product_cat?post=5809"},{"taxonomy":"product_tag","embeddable":true,"href":"https:\/\/xenonkungen.com\/de\/wp-json\/wp\/v2\/product_tag?post=5809"}],"curies":[{"name":"wp","href":"https:\/\/api.w.org\/{rel}","templated":true}]}}