{"id":5821,"date":"2025-04-15T09:36:16","date_gmt":"2025-04-15T09:36:16","guid":{"rendered":"https:\/\/xenonkungen.com\/product\/ledriving-ledlampa-sl-c5w-41-mm\/"},"modified":"2026-04-19T18:44:15","modified_gmt":"2026-04-19T17:44:15","slug":"ledriving-led-lampe-sl-c5w-41-mm","status":"publish","type":"product","link":"https:\/\/xenonkungen.com\/de\/produkt\/ledriving-led-lampe-sl-c5w-41-mm\/","title":{"rendered":"LEDriving\u00ae LED-Leuchte SL C5W (41 mm)"},"content":{"rendered":"<p>Passende LED-Ersatzbirne f\u00fcr C5W<\/p>\n<p>Mit den LEDriving SL C5W-Ersatzlampen genie\u00dfen Sie modernes und helles Licht in Ihrem Fahrzeug. Diese Lampen passen perfekt in alle g\u00e4ngigen C5W-Lampenfassungen.<\/p>\n<p>Einer der Vorteile dieser LED-Ersatzlampen ist ihre Energieeffizienz. Im Vergleich zu herk\u00f6mmlichen Gl\u00fchbirnen verbrauchen sie bis zu 80 % weniger Energie, was nicht nur die Fahrzeugbatterie entlastet, sondern auch die Lebensdauer der Lampen verl\u00e4ngert.<\/p>\n<p>Die LEDriving SL C5W Ersatzlampen bieten zudem eine beeindruckende Farbtemperatur von bis zu 6.000 Kelvin und sorgen so f\u00fcr ein klares und modernes Licht. Sie k\u00f6nnen sich auf die hohe Qualit\u00e4t dieser Lampen verlassen, und OSRAM gew\u00e4hrt eine gro\u00dfz\u00fcgige 4-Jahres-Garantie auf LEDriving SL Lampen.<\/p>\n<p>Bitte beachten Sie jedoch, dass diese LED-Ersatzlampen nicht f\u00fcr die Verwendung im Au\u00dfenbereich auf \u00f6ffentlichen Stra\u00dfen zugelassen sind. Sie sind f\u00fcr andere Zwecke bestimmt und sollten gem\u00e4\u00df den geltenden Regeln und Vorschriften verwendet werden.<\/p>\n<p>Mit den LEDriving SL C5W Ersatzlampen k\u00f6nnen Sie die Beleuchtung Ihres Fahrzeugs auf eine moderne und energieeffiziente L\u00f6sung umr\u00fcsten, die sowohl Stil als auch Funktion bietet.<\/p>\n<p>Elektrische Daten:<br \/>\u2013 Maximale Leistung: 0,8 W<br \/>- Nominale Nennspannung: 12,0 V<br \/>\u2013 Nennleistung: 0,60 W<br \/>- Pr\u00fcfspannung in Volt: 13,5 V<br \/>- Toleranz bei der Leistungsaufnahme: \u00b125 %<\/p>\n<p>Photometrische Daten:<br \/>\u2013 Lichtstrom: 45 lm<br \/>\u2013 Lichtstrom, Toleranz: \u00b130 %<br \/>- Farbtemperatur: 6000 K<br \/>- LED-Lichtfarbe: Kaltwei\u00df<\/p>\n<p>Abmessungen:<br \/>\u2013 Durchmesser: 11,0 mm<br \/>\u2013 Produktgewicht: 2,90 g<br \/>\u2013 L\u00e4nge: 41,0 mm<\/p>\n<p>Lebenserwartung:<br \/>- Lebensdauer B3: 2500 h<br \/>\u2013 Lebensdauer Tc in Stunden: 5000 h<br \/>- Garantie: 4 Jahre<\/p>\n<p>Erg\u00e4nzende Produktdaten:<br \/>\u2013 Sockel: SV8.5-8<\/p>","protected":false},"excerpt":{"rendered":"<p>L\u00e4mplig LED-ers\u00e4ttningslampa f\u00f6r C5W Med LEDriving SL C5W-ers\u00e4ttningslampor kan du njuta av ett modernt och intensivt ljus i ditt fordon. Dessa lampor \u00e4r utformade f\u00f6r att passa perfekt i alla konventionella C5W-lampsocklar. En av f\u00f6rdelarna med dessa LED-ers\u00e4ttningslampor \u00e4r deras energieffektivitet. J\u00e4mf\u00f6rt med vanliga lampor f\u00f6rbrukar de upp till 80 % mindre energi, vilket inte [&hellip;]<\/p>","protected":false},"featured_media":5822,"comment_status":"closed","ping_status":"open","template":"","meta":{"_acf_changed":false,"_smort_price_nok":"59","_smort_price_dkk":"37","_smort_price_eur":"5","_smort_sale_price_nok":"","_smort_sale_price_dkk":"","_smort_sale_price_eur":"","smort_restorder":"","shipmondo_restorder":"","_kad_blocks_custom_css":"","_kad_blocks_head_custom_js":"","_kad_blocks_body_custom_js":"","_kad_blocks_footer_custom_js":"","smort_custom_pricelist_1":"35.2","smort_custom_pricelist_2":"33","smort_custom_pricelist_3":"31.35","smort_custom_pricelist_4":"44","smort_custom_pricelist_5":"32.76"},"anvandningsomrade":[],"bilmarken":[],"product_brand":[108],"product_cat":[2454,2452,2453,338],"product_tag":[],"class_list":{"0":"post-5821","1":"product","2":"type-product","3":"status-publish","4":"has-post-thumbnail","6":"product_brand-osram","7":"product_cat-31-42mm","8":"product_cat-c5w","9":"product_cat-sv85","10":"product_cat-diodlampor","11":"pa_fargtemperatur-6000k","12":"pa_lampsockel-kontakt-c5w","13":"pa_storlek-mm-1687","14":"pa_volt-v-159","16":"first","17":"onbackorder","18":"taxable","19":"shipping-taxable","20":"purchasable","21":"product-type-simple"},"bundled_by":[],"bundle_stock_status":"onbackorder","bundle_stock_quantity":-6,"bundle_virtual":false,"bundle_layout":"","bundle_add_to_cart_form_location":"","bundle_editable_in_cart":false,"bundle_sold_individually_context":"","bundle_item_grouping":"","bundle_min_size":"","bundle_max_size":"","bundle_price":[],"bundled_items":[],"bundle_sell_ids":[],"acf":[],"yoast_head":"<!-- This site is optimized with the Yoast SEO plugin v27.0 - https:\/\/yoast.com\/product\/yoast-seo-wordpress\/ -->\n<title>LEDriving\u00ae LEDlampa SL C5W (41 mm) - Xenonkungen<\/title>\n<meta name=\"robots\" content=\"index, follow, max-snippet:-1, max-image-preview:large, max-video-preview:-1\" \/>\n<link rel=\"canonical\" href=\"https:\/\/xenonkungen.com\/de\/produkt\/ledriving-led-lampe-sl-c5w-41-mm\/\" \/>\n<meta property=\"og:locale\" content=\"de_DE\" \/>\n<meta property=\"og:type\" content=\"article\" \/>\n<meta property=\"og:title\" content=\"LEDriving\u00ae LEDlampa SL C5W (41 mm) - Xenonkungen\" \/>\n<meta property=\"og:description\" content=\"L\u00e4mplig LED-ers\u00e4ttningslampa f\u00f6r C5W Med LEDriving SL C5W-ers\u00e4ttningslampor kan du njuta av ett modernt och intensivt ljus i ditt fordon. Dessa lampor \u00e4r utformade f\u00f6r att passa perfekt i alla konventionella C5W-lampsocklar. En av f\u00f6rdelarna med dessa LED-ers\u00e4ttningslampor \u00e4r deras energieffektivitet. J\u00e4mf\u00f6rt med vanliga lampor f\u00f6rbrukar de upp till 80 % mindre energi, vilket inte [&hellip;]\" \/>\n<meta property=\"og:url\" content=\"https:\/\/xenonkungen.com\/de\/produkt\/ledriving-led-lampe-sl-c5w-41-mm\/\" \/>\n<meta property=\"og:site_name\" content=\"Xenonkungen\" \/>\n<meta property=\"article:modified_time\" content=\"2026-04-19T17:44:15+00:00\" \/>\n<meta property=\"og:image\" content=\"https:\/\/xenonkungen.com\/wp-content\/uploads\/2025\/04\/201830661-origpic-d19124.jpg\" \/>\n\t<meta property=\"og:image:width\" content=\"691\" \/>\n\t<meta property=\"og:image:height\" content=\"1000\" \/>\n\t<meta property=\"og:image:type\" content=\"image\/jpeg\" \/>\n<meta name=\"twitter:card\" content=\"summary_large_image\" \/>\n<meta name=\"twitter:label1\" content=\"Gesch\u00e4tzte Lesezeit\" \/>\n\t<meta name=\"twitter:data1\" content=\"1\u00a0Minute\" \/>\n<script type=\"application\/ld+json\" class=\"yoast-schema-graph\">{\"@context\":\"https:\/\/schema.org\",\"@graph\":[{\"@type\":\"WebPage\",\"@id\":\"https:\/\/xenonkungen.com\/produkt\/ledriving-ledlampa-sl-c5w-41-mm\/\",\"url\":\"https:\/\/xenonkungen.com\/produkt\/ledriving-ledlampa-sl-c5w-41-mm\/\",\"name\":\"LEDriving\u00ae LEDlampa SL C5W (41 mm) - Xenonkungen\",\"isPartOf\":{\"@id\":\"https:\/\/xenonkungen.com\/#website\"},\"primaryImageOfPage\":{\"@id\":\"https:\/\/xenonkungen.com\/produkt\/ledriving-ledlampa-sl-c5w-41-mm\/#primaryimage\"},\"image\":{\"@id\":\"https:\/\/xenonkungen.com\/produkt\/ledriving-ledlampa-sl-c5w-41-mm\/#primaryimage\"},\"thumbnailUrl\":\"https:\/\/xenonkungen.com\/wp-content\/uploads\/2025\/04\/201830661-origpic-d19124.jpg\",\"datePublished\":\"2025-04-15T09:36:16+00:00\",\"dateModified\":\"2026-04-19T17:44:15+00:00\",\"breadcrumb\":{\"@id\":\"https:\/\/xenonkungen.com\/produkt\/ledriving-ledlampa-sl-c5w-41-mm\/#breadcrumb\"},\"inLanguage\":\"de\",\"potentialAction\":[{\"@type\":\"ReadAction\",\"target\":[\"https:\/\/xenonkungen.com\/produkt\/ledriving-ledlampa-sl-c5w-41-mm\/\"]}]},{\"@type\":\"ImageObject\",\"inLanguage\":\"de\",\"@id\":\"https:\/\/xenonkungen.com\/produkt\/ledriving-ledlampa-sl-c5w-41-mm\/#primaryimage\",\"url\":\"https:\/\/xenonkungen.com\/wp-content\/uploads\/2025\/04\/201830661-origpic-d19124.jpg\",\"contentUrl\":\"https:\/\/xenonkungen.com\/wp-content\/uploads\/2025\/04\/201830661-origpic-d19124.jpg\",\"width\":691,\"height\":1000},{\"@type\":\"BreadcrumbList\",\"@id\":\"https:\/\/xenonkungen.com\/produkt\/ledriving-ledlampa-sl-c5w-41-mm\/#breadcrumb\",\"itemListElement\":[{\"@type\":\"ListItem\",\"position\":1,\"name\":\"Hem\",\"item\":\"https:\/\/xenonkungen.com\/\"},{\"@type\":\"ListItem\",\"position\":2,\"name\":\"Shop\",\"item\":\"https:\/\/xenonkungen.com\/shop\/\"},{\"@type\":\"ListItem\",\"position\":3,\"name\":\"LEDriving\u00ae LEDlampa SL C5W (41 mm)\"}]},{\"@type\":\"WebSite\",\"@id\":\"https:\/\/xenonkungen.com\/#website\",\"url\":\"https:\/\/xenonkungen.com\/\",\"name\":\"Xenonkungen\",\"description\":\"\",\"potentialAction\":[{\"@type\":\"SearchAction\",\"target\":{\"@type\":\"EntryPoint\",\"urlTemplate\":\"https:\/\/xenonkungen.com\/?s={search_term_string}\"},\"query-input\":{\"@type\":\"PropertyValueSpecification\",\"valueRequired\":true,\"valueName\":\"search_term_string\"}}],\"inLanguage\":\"de\"}]}<\/script>\n<!-- \/ Yoast SEO plugin. -->","yoast_head_json":{"title":"LEDriving\u00ae LED-Lampe SL C5W (41 mm) \u2013 Der Xenon-K\u00f6nig","robots":{"index":"index","follow":"follow","max-snippet":"max-snippet:-1","max-image-preview":"max-image-preview:large","max-video-preview":"max-video-preview:-1"},"canonical":"https:\/\/xenonkungen.com\/de\/produkt\/ledriving-led-lampe-sl-c5w-41-mm\/","og_locale":"de_DE","og_type":"article","og_title":"LEDriving\u00ae LEDlampa SL C5W (41 mm) - Xenonkungen","og_description":"L\u00e4mplig LED-ers\u00e4ttningslampa f\u00f6r C5W Med LEDriving SL C5W-ers\u00e4ttningslampor kan du njuta av ett modernt och intensivt ljus i ditt fordon. Dessa lampor \u00e4r utformade f\u00f6r att passa perfekt i alla konventionella C5W-lampsocklar. En av f\u00f6rdelarna med dessa LED-ers\u00e4ttningslampor \u00e4r deras energieffektivitet. J\u00e4mf\u00f6rt med vanliga lampor f\u00f6rbrukar de upp till 80 % mindre energi, vilket inte [&hellip;]","og_url":"https:\/\/xenonkungen.com\/de\/produkt\/ledriving-led-lampe-sl-c5w-41-mm\/","og_site_name":"Xenonkungen","article_modified_time":"2026-04-19T17:44:15+00:00","og_image":[{"width":691,"height":1000,"url":"https:\/\/xenonkungen.com\/wp-content\/uploads\/2025\/04\/201830661-origpic-d19124.jpg","type":"image\/jpeg"}],"twitter_card":"summary_large_image","twitter_misc":{"Gesch\u00e4tzte Lesezeit":"1\u00a0Minute"},"schema":{"@context":"https:\/\/schema.org","@graph":[{"@type":"WebPage","@id":"https:\/\/xenonkungen.com\/produkt\/ledriving-ledlampa-sl-c5w-41-mm\/","url":"https:\/\/xenonkungen.com\/produkt\/ledriving-ledlampa-sl-c5w-41-mm\/","name":"LEDriving\u00ae LED-Lampe SL C5W (41 mm) \u2013 Der Xenon-K\u00f6nig","isPartOf":{"@id":"https:\/\/xenonkungen.com\/#website"},"primaryImageOfPage":{"@id":"https:\/\/xenonkungen.com\/produkt\/ledriving-ledlampa-sl-c5w-41-mm\/#primaryimage"},"image":{"@id":"https:\/\/xenonkungen.com\/produkt\/ledriving-ledlampa-sl-c5w-41-mm\/#primaryimage"},"thumbnailUrl":"https:\/\/xenonkungen.com\/wp-content\/uploads\/2025\/04\/201830661-origpic-d19124.jpg","datePublished":"2025-04-15T09:36:16+00:00","dateModified":"2026-04-19T17:44:15+00:00","breadcrumb":{"@id":"https:\/\/xenonkungen.com\/produkt\/ledriving-ledlampa-sl-c5w-41-mm\/#breadcrumb"},"inLanguage":"de","potentialAction":[{"@type":"ReadAction","target":["https:\/\/xenonkungen.com\/produkt\/ledriving-ledlampa-sl-c5w-41-mm\/"]}]},{"@type":"ImageObject","inLanguage":"de","@id":"https:\/\/xenonkungen.com\/produkt\/ledriving-ledlampa-sl-c5w-41-mm\/#primaryimage","url":"https:\/\/xenonkungen.com\/wp-content\/uploads\/2025\/04\/201830661-origpic-d19124.jpg","contentUrl":"https:\/\/xenonkungen.com\/wp-content\/uploads\/2025\/04\/201830661-origpic-d19124.jpg","width":691,"height":1000},{"@type":"BreadcrumbList","@id":"https:\/\/xenonkungen.com\/produkt\/ledriving-ledlampa-sl-c5w-41-mm\/#breadcrumb","itemListElement":[{"@type":"ListItem","position":1,"name":"Hem","item":"https:\/\/xenonkungen.com\/"},{"@type":"ListItem","position":2,"name":"Shop","item":"https:\/\/xenonkungen.com\/shop\/"},{"@type":"ListItem","position":3,"name":"LEDriving\u00ae LEDlampa SL C5W (41 mm)"}]},{"@type":"WebSite","@id":"https:\/\/xenonkungen.com\/#website","url":"https:\/\/xenonkungen.com\/","name":"Xenonkungen","description":"","potentialAction":[{"@type":"SearchAction","target":{"@type":"EntryPoint","urlTemplate":"https:\/\/xenonkungen.com\/?s={search_term_string}"},"query-input":{"@type":"PropertyValueSpecification","valueRequired":true,"valueName":"search_term_string"}}],"inLanguage":"de"}]}},"taxonomy_info":{"product_brand":[{"value":108,"label":"OSRAM"}],"product_cat":[{"value":2454,"label":"31-42mm"},{"value":2452,"label":"C5W"},{"value":2453,"label":"SV8,5"},{"value":338,"label":"Diodlampor"}],"pa_fargtemperatur":[{"value":188,"label":"6000K"}],"pa_lampsockel-kontakt":[{"value":380,"label":"C5W"}],"pa_storlek-mm":[{"value":1687,"label":"41"}],"pa_volt-v":[{"value":159,"label":"12"}]},"featured_image_src_large":["https:\/\/xenonkungen.com\/wp-content\/uploads\/2025\/04\/201830661-origpic-d19124.jpg",691,1000,false],"author_info":[],"comment_info":1,"_links":{"self":[{"href":"https:\/\/xenonkungen.com\/de\/wp-json\/wp\/v2\/product\/5821","targetHints":{"allow":["GET"]}}],"collection":[{"href":"https:\/\/xenonkungen.com\/de\/wp-json\/wp\/v2\/product"}],"about":[{"href":"https:\/\/xenonkungen.com\/de\/wp-json\/wp\/v2\/types\/product"}],"replies":[{"embeddable":true,"href":"https:\/\/xenonkungen.com\/de\/wp-json\/wp\/v2\/comments?post=5821"}],"wp:featuredmedia":[{"embeddable":true,"href":"https:\/\/xenonkungen.com\/de\/wp-json\/wp\/v2\/media\/5822"}],"wp:attachment":[{"href":"https:\/\/xenonkungen.com\/de\/wp-json\/wp\/v2\/media?parent=5821"}],"wp:term":[{"taxonomy":"anvandningsomrade","embeddable":true,"href":"https:\/\/xenonkungen.com\/de\/wp-json\/wp\/v2\/anvandningsomrade?post=5821"},{"taxonomy":"bilmarken","embeddable":true,"href":"https:\/\/xenonkungen.com\/de\/wp-json\/wp\/v2\/bilmarken?post=5821"},{"taxonomy":"product_brand","embeddable":true,"href":"https:\/\/xenonkungen.com\/de\/wp-json\/wp\/v2\/product_brand?post=5821"},{"taxonomy":"product_cat","embeddable":true,"href":"https:\/\/xenonkungen.com\/de\/wp-json\/wp\/v2\/product_cat?post=5821"},{"taxonomy":"product_tag","embeddable":true,"href":"https:\/\/xenonkungen.com\/de\/wp-json\/wp\/v2\/product_tag?post=5821"}],"curies":[{"name":"wp","href":"https:\/\/api.w.org\/{rel}","templated":true}]}}