{"id":5826,"date":"2025-04-15T09:36:16","date_gmt":"2025-04-15T09:36:16","guid":{"rendered":"https:\/\/xenonkungen.com\/product\/ledriving-hl-bright-h1\/"},"modified":"2026-04-11T01:22:52","modified_gmt":"2026-04-11T00:22:52","slug":"led-ansteuerung-hl-hell-h1","status":"publish","type":"product","link":"https:\/\/xenonkungen.com\/de\/produkt\/led-ansteuerung-hl-hell-h1\/","title":{"rendered":"LEDriving\u00ae HL BRIGHT H1"},"content":{"rendered":"<div class=\"product-description\">\n<h1>Entdecken Sie OSRAM LEDriving HL BRIGHT<\/h1>\n<p>Die ultimative LED-Nachr\u00fcstleuchte f\u00fcr \u00fcberragende Helligkeit und Stil. Mit bis zu <strong>+300% mehr Licht<\/strong> Im Vergleich zu Standard-Halogenlampen (gem\u00e4\u00df ECE R112) erhalten Sie nicht nur eine bessere Sichtbarkeit, sondern auch ein modernes Aussehen mit k\u00fchlem wei\u00dfen Licht auf <strong>6 000K<\/strong>. Diese Leuchten erleichtern das rechtzeitige Erkennen von Schildern, Hindernissen und Gefahren und reduzieren gleichzeitig die Blendung durch eine optimierte Lichtverteilung.<\/p>\n<p>Mit einer Lebensdauer von bis zu <strong>5 Mal l\u00e4nger<\/strong> als herk\u00f6mmliche Lampen und die Premium-Qualit\u00e4t von OSRAM, investieren Sie in eine langlebige L\u00f6sung.<\/p>\n<h2>Einfache Installation und hohe Kompatibilit\u00e4t<\/h2>\n<p>Die kompakten LEDriving HL BRIGHT Lampen sind <strong>leicht zu installieren<\/strong> und 12-Volt-kompatibel, was sie zu einer perfekten Wahl f\u00fcr Fahrzeuge mit Halogenlampen macht. Verleihen Sie Ihrem Fahrzeug ein Upgrade mit moderner Beleuchtung und verbesserter Sicherheit - und das alles mit der bekannten OSRAM Qualit\u00e4t und einem <strong>4 Jahre Garantie<\/strong>.<\/p>\n<p>Bitte beachten Sie, dass diese Leuchten f\u00fcr den Einsatz im Gel\u00e4nde bestimmt sind und nicht <strong>ECE-zugelassen<\/strong> f\u00fcr \u00f6ffentliche Stra\u00dfen.<\/p>\n<p><strong>Ein Schritt in die Zukunft der Beleuchtung<\/strong> mit OSRAM LEDriving HL BRIGHT - sicherer fahren, weiter sehen und ein ganz neues Licht erleben!<\/p>\n<h3><strong>Technische Daten<\/strong><\/h3>\n<p><strong>Elektrische Daten<\/strong><\/p>\n<p>\u2013 Leistungsaufnahme: 13 W<br \/>- Nennspannung: 12,0 V<br \/>\u2013 Nennleistung: 13 W<\/p>\n<p><strong>Photometrische Daten<\/strong><\/p>\n<p>\u2013 Nennlichtstrom: 1500 lm<br \/>- Lichtstromtoleranz: \u00b120 %<br \/>- LED-Lichtfarbe: Kaltwei\u00df<br \/>- Farbtemperatur: 6000 K<\/p>\n<p><strong>Physikalische Eigenschaften und Abmessungen<\/strong><\/p>\n<p>- L\u00e4nge: 76,2 mm<br \/>- Durchmesser: 14,0 mm<br \/>\u2013 Produktgewicht: 48,00 g<br \/>- Lampenfassung: P14,5s<\/p>\n<p><strong>Daten \u00fcber die Lebensdauer<\/strong><\/p>\n<p>- Lebensdauer Tc: 5000 Stunden<\/p>\n<p><strong>B\u00fcrgschaft:<\/strong><\/p>\n<p>- 4 Jahre<\/p>\n<\/div>","protected":false},"excerpt":{"rendered":"<p>Die LEDriving\u00ae HL BRIGHT H1 bietet leistungsstarke LED-Beleuchtung mit 1500 Lumen und einer k\u00fchlen, wei\u00dfen Farbtemperatur von 6000 K. Diese 12-V-Lampe sorgt f\u00fcr hervorragende Sicht und ein modernes Design und ist damit die perfekte Wahl f\u00fcr Autobesitzer, die Wert auf Stil und Sicherheit legen.<\/p>","protected":false},"featured_media":5827,"comment_status":"closed","ping_status":"open","template":"","meta":{"_acf_changed":false,"_smort_price_nok":"1383","_smort_price_dkk":"879","_smort_price_eur":"117.72","_smort_sale_price_nok":"","_smort_sale_price_dkk":"","_smort_sale_price_eur":"","smort_restorder":"","shipmondo_restorder":"","_kad_blocks_custom_css":"","_kad_blocks_head_custom_js":"","_kad_blocks_body_custom_js":"","_kad_blocks_footer_custom_js":"","smort_custom_pricelist_1":"828.8","smort_custom_pricelist_2":"725.2","smort_custom_pricelist_3":"673.4","smort_custom_pricelist_4":"1036","smort_custom_pricelist_5":"725.2"},"anvandningsomrade":[],"bilmarken":[],"product_brand":[108],"product_cat":[2633,733],"product_tag":[],"class_list":{"0":"post-5826","1":"product","2":"type-product","3":"status-publish","4":"has-post-thumbnail","6":"product_brand-osram","7":"product_cat-osram-ledriving-halvljus-helljus","8":"product_cat-halvljus-helljus","9":"pa_faktisk-effekts-forbrukning-519","10":"pa_fargtemperatur-6000k","11":"pa_lampsockel-kontakt-h1","12":"pa_storlek-mm-1688","13":"pa_volt-v-159","15":"first","16":"instock","17":"taxable","18":"shipping-taxable","19":"purchasable","20":"product-type-simple"},"bundled_by":[],"bundle_stock_status":"instock","bundle_stock_quantity":7,"bundle_virtual":false,"bundle_layout":"","bundle_add_to_cart_form_location":"","bundle_editable_in_cart":false,"bundle_sold_individually_context":"","bundle_item_grouping":"","bundle_min_size":"","bundle_max_size":"","bundle_price":[],"bundled_items":[],"bundle_sell_ids":[],"acf":[],"yoast_head":"<!-- This site is optimized with the Yoast SEO plugin v27.0 - https:\/\/yoast.com\/product\/yoast-seo-wordpress\/ -->\n<title>LEDriving\u00ae HL BRIGHT H1 - Xenonkungen<\/title>\n<meta name=\"robots\" content=\"index, follow, max-snippet:-1, max-image-preview:large, max-video-preview:-1\" \/>\n<link rel=\"canonical\" href=\"https:\/\/xenonkungen.com\/de\/produkt\/led-ansteuerung-hl-hell-h1\/\" \/>\n<meta property=\"og:locale\" content=\"de_DE\" \/>\n<meta property=\"og:type\" content=\"article\" \/>\n<meta property=\"og:title\" content=\"LEDriving\u00ae HL BRIGHT H1 - Xenonkungen\" \/>\n<meta property=\"og:description\" content=\"LEDriving\u00ae HL BRIGHT H1 erbjuder kraftfull LED-belysning med 1500 lumen och en kallvit f\u00e4rgtemperatur p\u00e5 6000K. Denna 12V-lampa ger \u00f6verl\u00e4gsen sikt och en modern look, vilket g\u00f6r den till ett perfekt val f\u00f6r bil\u00e4gare som vill f\u00f6rb\u00e4ttra b\u00e5de stil och s\u00e4kerhet.\" \/>\n<meta property=\"og:url\" content=\"https:\/\/xenonkungen.com\/de\/produkt\/led-ansteuerung-hl-hell-h1\/\" \/>\n<meta property=\"og:site_name\" content=\"Xenonkungen\" \/>\n<meta property=\"article:modified_time\" content=\"2026-04-11T00:22:52+00:00\" \/>\n<meta property=\"og:image\" content=\"https:\/\/xenonkungen.com\/wp-content\/uploads\/2025\/04\/215796945-origpic-f3d944.jpg\" \/>\n\t<meta property=\"og:image:width\" content=\"1024\" \/>\n\t<meta property=\"og:image:height\" content=\"674\" \/>\n\t<meta property=\"og:image:type\" content=\"image\/jpeg\" \/>\n<meta name=\"twitter:card\" content=\"summary_large_image\" \/>\n<meta name=\"twitter:label1\" content=\"Gesch\u00e4tzte Lesezeit\" \/>\n\t<meta name=\"twitter:data1\" content=\"1\u00a0Minute\" \/>\n<script type=\"application\/ld+json\" class=\"yoast-schema-graph\">{\"@context\":\"https:\/\/schema.org\",\"@graph\":[{\"@type\":\"WebPage\",\"@id\":\"https:\/\/xenonkungen.com\/produkt\/ledriving-hl-bright-h1\/\",\"url\":\"https:\/\/xenonkungen.com\/produkt\/ledriving-hl-bright-h1\/\",\"name\":\"LEDriving\u00ae HL BRIGHT H1 - Xenonkungen\",\"isPartOf\":{\"@id\":\"https:\/\/xenonkungen.com\/#website\"},\"primaryImageOfPage\":{\"@id\":\"https:\/\/xenonkungen.com\/produkt\/ledriving-hl-bright-h1\/#primaryimage\"},\"image\":{\"@id\":\"https:\/\/xenonkungen.com\/produkt\/ledriving-hl-bright-h1\/#primaryimage\"},\"thumbnailUrl\":\"https:\/\/xenonkungen.com\/wp-content\/uploads\/2025\/04\/215796945-origpic-f3d944.jpg\",\"datePublished\":\"2025-04-15T09:36:16+00:00\",\"dateModified\":\"2026-04-11T00:22:52+00:00\",\"breadcrumb\":{\"@id\":\"https:\/\/xenonkungen.com\/produkt\/ledriving-hl-bright-h1\/#breadcrumb\"},\"inLanguage\":\"de\",\"potentialAction\":[{\"@type\":\"ReadAction\",\"target\":[\"https:\/\/xenonkungen.com\/produkt\/ledriving-hl-bright-h1\/\"]}]},{\"@type\":\"ImageObject\",\"inLanguage\":\"de\",\"@id\":\"https:\/\/xenonkungen.com\/produkt\/ledriving-hl-bright-h1\/#primaryimage\",\"url\":\"https:\/\/xenonkungen.com\/wp-content\/uploads\/2025\/04\/215796945-origpic-f3d944.jpg\",\"contentUrl\":\"https:\/\/xenonkungen.com\/wp-content\/uploads\/2025\/04\/215796945-origpic-f3d944.jpg\",\"width\":1024,\"height\":674},{\"@type\":\"BreadcrumbList\",\"@id\":\"https:\/\/xenonkungen.com\/produkt\/ledriving-hl-bright-h1\/#breadcrumb\",\"itemListElement\":[{\"@type\":\"ListItem\",\"position\":1,\"name\":\"Hem\",\"item\":\"https:\/\/xenonkungen.com\/\"},{\"@type\":\"ListItem\",\"position\":2,\"name\":\"Shop\",\"item\":\"https:\/\/xenonkungen.com\/shop\/\"},{\"@type\":\"ListItem\",\"position\":3,\"name\":\"LEDriving\u00ae HL BRIGHT H1\"}]},{\"@type\":\"WebSite\",\"@id\":\"https:\/\/xenonkungen.com\/#website\",\"url\":\"https:\/\/xenonkungen.com\/\",\"name\":\"Xenonkungen\",\"description\":\"\",\"potentialAction\":[{\"@type\":\"SearchAction\",\"target\":{\"@type\":\"EntryPoint\",\"urlTemplate\":\"https:\/\/xenonkungen.com\/?s={search_term_string}\"},\"query-input\":{\"@type\":\"PropertyValueSpecification\",\"valueRequired\":true,\"valueName\":\"search_term_string\"}}],\"inLanguage\":\"de\"}]}<\/script>\n<!-- \/ Yoast SEO plugin. -->","yoast_head_json":{"title":"LEDriving\u00ae HL BRIGHT H1 \u2013 Der Xenon-K\u00f6nig","robots":{"index":"index","follow":"follow","max-snippet":"max-snippet:-1","max-image-preview":"max-image-preview:large","max-video-preview":"max-video-preview:-1"},"canonical":"https:\/\/xenonkungen.com\/de\/produkt\/led-ansteuerung-hl-hell-h1\/","og_locale":"de_DE","og_type":"article","og_title":"LEDriving\u00ae HL BRIGHT H1 - Xenonkungen","og_description":"LEDriving\u00ae HL BRIGHT H1 erbjuder kraftfull LED-belysning med 1500 lumen och en kallvit f\u00e4rgtemperatur p\u00e5 6000K. Denna 12V-lampa ger \u00f6verl\u00e4gsen sikt och en modern look, vilket g\u00f6r den till ett perfekt val f\u00f6r bil\u00e4gare som vill f\u00f6rb\u00e4ttra b\u00e5de stil och s\u00e4kerhet.","og_url":"https:\/\/xenonkungen.com\/de\/produkt\/led-ansteuerung-hl-hell-h1\/","og_site_name":"Xenonkungen","article_modified_time":"2026-04-11T00:22:52+00:00","og_image":[{"width":1024,"height":674,"url":"https:\/\/xenonkungen.com\/wp-content\/uploads\/2025\/04\/215796945-origpic-f3d944.jpg","type":"image\/jpeg"}],"twitter_card":"summary_large_image","twitter_misc":{"Gesch\u00e4tzte Lesezeit":"1\u00a0Minute"},"schema":{"@context":"https:\/\/schema.org","@graph":[{"@type":"WebPage","@id":"https:\/\/xenonkungen.com\/produkt\/ledriving-hl-bright-h1\/","url":"https:\/\/xenonkungen.com\/produkt\/ledriving-hl-bright-h1\/","name":"LEDriving\u00ae HL BRIGHT H1 \u2013 Der Xenon-K\u00f6nig","isPartOf":{"@id":"https:\/\/xenonkungen.com\/#website"},"primaryImageOfPage":{"@id":"https:\/\/xenonkungen.com\/produkt\/ledriving-hl-bright-h1\/#primaryimage"},"image":{"@id":"https:\/\/xenonkungen.com\/produkt\/ledriving-hl-bright-h1\/#primaryimage"},"thumbnailUrl":"https:\/\/xenonkungen.com\/wp-content\/uploads\/2025\/04\/215796945-origpic-f3d944.jpg","datePublished":"2025-04-15T09:36:16+00:00","dateModified":"2026-04-11T00:22:52+00:00","breadcrumb":{"@id":"https:\/\/xenonkungen.com\/produkt\/ledriving-hl-bright-h1\/#breadcrumb"},"inLanguage":"de","potentialAction":[{"@type":"ReadAction","target":["https:\/\/xenonkungen.com\/produkt\/ledriving-hl-bright-h1\/"]}]},{"@type":"ImageObject","inLanguage":"de","@id":"https:\/\/xenonkungen.com\/produkt\/ledriving-hl-bright-h1\/#primaryimage","url":"https:\/\/xenonkungen.com\/wp-content\/uploads\/2025\/04\/215796945-origpic-f3d944.jpg","contentUrl":"https:\/\/xenonkungen.com\/wp-content\/uploads\/2025\/04\/215796945-origpic-f3d944.jpg","width":1024,"height":674},{"@type":"BreadcrumbList","@id":"https:\/\/xenonkungen.com\/produkt\/ledriving-hl-bright-h1\/#breadcrumb","itemListElement":[{"@type":"ListItem","position":1,"name":"Hem","item":"https:\/\/xenonkungen.com\/"},{"@type":"ListItem","position":2,"name":"Shop","item":"https:\/\/xenonkungen.com\/shop\/"},{"@type":"ListItem","position":3,"name":"LEDriving\u00ae HL BRIGHT H1"}]},{"@type":"WebSite","@id":"https:\/\/xenonkungen.com\/#website","url":"https:\/\/xenonkungen.com\/","name":"Xenonkungen","description":"","potentialAction":[{"@type":"SearchAction","target":{"@type":"EntryPoint","urlTemplate":"https:\/\/xenonkungen.com\/?s={search_term_string}"},"query-input":{"@type":"PropertyValueSpecification","valueRequired":true,"valueName":"search_term_string"}}],"inLanguage":"de"}]}},"taxonomy_info":{"product_brand":[{"value":108,"label":"OSRAM"}],"product_cat":[{"value":2633,"label":"OSRAM Ledriving"},{"value":733,"label":"Halvljus \/ Helljus"}],"pa_faktisk-effekts-forbrukning":[{"value":519,"label":"13"}],"pa_fargtemperatur":[{"value":188,"label":"6000K"}],"pa_lampsockel-kontakt":[{"value":336,"label":"H1"}],"pa_storlek-mm":[{"value":1688,"label":"76,2"}],"pa_volt-v":[{"value":159,"label":"12"}]},"featured_image_src_large":["https:\/\/xenonkungen.com\/wp-content\/uploads\/2025\/04\/215796945-origpic-f3d944.jpg",1024,674,false],"author_info":[],"comment_info":0,"_links":{"self":[{"href":"https:\/\/xenonkungen.com\/de\/wp-json\/wp\/v2\/product\/5826","targetHints":{"allow":["GET"]}}],"collection":[{"href":"https:\/\/xenonkungen.com\/de\/wp-json\/wp\/v2\/product"}],"about":[{"href":"https:\/\/xenonkungen.com\/de\/wp-json\/wp\/v2\/types\/product"}],"replies":[{"embeddable":true,"href":"https:\/\/xenonkungen.com\/de\/wp-json\/wp\/v2\/comments?post=5826"}],"wp:featuredmedia":[{"embeddable":true,"href":"https:\/\/xenonkungen.com\/de\/wp-json\/wp\/v2\/media\/5827"}],"wp:attachment":[{"href":"https:\/\/xenonkungen.com\/de\/wp-json\/wp\/v2\/media?parent=5826"}],"wp:term":[{"taxonomy":"anvandningsomrade","embeddable":true,"href":"https:\/\/xenonkungen.com\/de\/wp-json\/wp\/v2\/anvandningsomrade?post=5826"},{"taxonomy":"bilmarken","embeddable":true,"href":"https:\/\/xenonkungen.com\/de\/wp-json\/wp\/v2\/bilmarken?post=5826"},{"taxonomy":"product_brand","embeddable":true,"href":"https:\/\/xenonkungen.com\/de\/wp-json\/wp\/v2\/product_brand?post=5826"},{"taxonomy":"product_cat","embeddable":true,"href":"https:\/\/xenonkungen.com\/de\/wp-json\/wp\/v2\/product_cat?post=5826"},{"taxonomy":"product_tag","embeddable":true,"href":"https:\/\/xenonkungen.com\/de\/wp-json\/wp\/v2\/product_tag?post=5826"}],"curies":[{"name":"wp","href":"https:\/\/api.w.org\/{rel}","templated":true}]}}